{"id":23253,"date":"2025-11-18T08:26:18","date_gmt":"2025-11-18T08:26:18","guid":{"rendered":"https:\/\/www.ghostysky.com\/?post_type=product&#038;p=23253"},"modified":"2025-11-18T12:36:23","modified_gmt":"2025-11-18T12:36:23","slug":"dji-neo-2-intelligent-flight-battery","status":"publish","type":"product","link":"https:\/\/www.ghostysky.com\/fr\/product\/dji-neo-2-intelligent-flight-battery\/","title":{"rendered":"Batterie de vol intelligente DJI Neo 2"},"content":{"rendered":"<h4>Caract\u00e9ristiques principales<\/h4>\n<ul data-path-to-node=\"5\">\n<li>\n<p data-path-to-node=\"5,0,0\"><b><span class=\"citation-117\">Dur\u00e9e de vol prolong\u00e9e :<\/span><\/b><span class=\"citation-117\"> Fournit jusqu&#039;\u00e0 <\/span><b><span class=\"citation-117\">19 minutes<\/span><\/b><span class=\"citation-117 citation-end-117\"> de temps de vol sur une seule charge (dans des conditions optimales), vous offrant des performances fiables pour des prises de vue courtes et cr\u00e9atives ou des prises de vue multiples.<\/span><\/p>\n<\/li>\n<li>\n<p data-path-to-node=\"5,1,0\"><b><span class=\"citation-116\">Pr\u00eat \u00e0 agir rapidement\u00a0:<\/span><\/b><span class=\"citation-116\"> Cette capacit\u00e9 permet au drone de r\u00e9aliser des op\u00e9rations. <\/span><b><span class=\"citation-116\">plus de 20 excursions successives de d\u00e9collage et d&#039;atterrissage sur des palmiers<\/span><\/b><span class=\"citation-116 citation-end-116\">, vous permettant ainsi d&#039;immortaliser les moments spontan\u00e9s de la vie sans interruption.<\/span><\/p>\n<\/li>\n<li>\n<p data-path-to-node=\"5,2,0\"><b><span class=\"citation-115\">Conception l\u00e9g\u00e8re :<\/span><\/b><span class=\"citation-115\"> Pesant environ <\/span><b><span class=\"citation-115\">46 g<\/span><\/b><span class=\"citation-115 citation-end-115\">Cette batterie compacte est facile \u00e0 transporter, ce qui vous permet d&#039;emporter des batteries de rechange pour les sorties plus longues sans ajouter d&#039;encombrement important.<\/span><\/p>\n<\/li>\n<li>\n<p data-path-to-node=\"5,3,0\"><b><span class=\"citation-114\">Gestion intelligente de l&#039;alimentation :<\/span><\/b><span class=\"citation-114 citation-end-114\"> La technologie int\u00e9gr\u00e9e de gestion de la batterie assure une puissance de sortie stable et des performances fiables, tout en prot\u00e9geant la cellule pendant la charge et la d\u00e9charge pour une fiabilit\u00e9 \u00e0 long terme.<\/span><\/p>\n<\/li>\n<\/ul>\n<h4>Caract\u00e9ristiques<\/h4>\n<table data-path-to-node=\"7\">\n<thead>\n<tr>\n<td><strong>Fonctionnalit\u00e9<\/strong><\/td>\n<td><strong>D\u00e9tail<\/strong><\/td>\n<\/tr>\n<\/thead>\n<tbody>\n<tr>\n<td data-path-to-node=\"7,1,0,0\"><b>Compatibilit\u00e9<\/b><\/td>\n<td data-path-to-node=\"7,1,1,0\">DJI Neo 2 uniquement<\/td>\n<\/tr>\n<tr>\n<td data-path-to-node=\"7,2,0,0\"><b>Type de batterie<\/b><\/td>\n<td data-path-to-node=\"7,2,1,0\">Li-ion<\/td>\n<\/tr>\n<tr>\n<td data-path-to-node=\"7,3,0,0\"><b>Capacit\u00e9<\/b><\/td>\n<td data-path-to-node=\"7,3,1,0\"><span class=\"math-inline\" data-math=\"1606 \\text{ mAh}\">1606 mAh<\/span><\/td>\n<\/tr>\n<tr>\n<td data-path-to-node=\"7,4,0,0\"><b>Secteur de l'\u00e9nergie<\/b><\/td>\n<td data-path-to-node=\"7,4,1,0\"><span class=\"math-inline\" data-math=\"11.5 \\text{ Wh}\">11,5 Wh<\/span><\/td>\n<\/tr>\n<tr>\n<td data-path-to-node=\"7,5,0,0\"><b>Tension nominale<\/b><\/td>\n<td data-path-to-node=\"7,5,1,0\"><span class=\"math-inline\" data-math=\"7.16 \\text{ V}\">7,16 V<\/span><\/td>\n<\/tr>\n<tr>\n<td data-path-to-node=\"7,6,0,0\"><b>Tension de charge maximale<\/b><\/td>\n<td data-path-to-node=\"7,6,1,0\"><span class=\"math-inline\" data-math=\"8.6 \\text{ V}\">8,6 V<\/span><\/td>\n<\/tr>\n<tr>\n<td data-path-to-node=\"7,7,0,0\"><b>Poids<\/b><\/td>\n<td data-path-to-node=\"7,7,1,0\">Env. <span class=\"math-inline\" data-math=\"46 \\text{ g}\">46 g<\/span><\/td>\n<\/tr>\n<tr>\n<td data-path-to-node=\"7,8,0,0\"><b>Temp\u00e9rature de charge<\/b><\/td>\n<td data-path-to-node=\"7,8,1,0\"><span class=\"math-inline\" data-math=\"5^\\circ\">5e<\/span> \u00e0 <span class=\"math-inline\" data-math=\"40^\\circ \\text{ C}\">40\u00ba C<\/span> (<span class=\"math-inline\" data-math=\"41^\\circ\">41\u00ba<\/span> \u00e0 <span class=\"math-inline\" data-math=\"104^\\circ \\text{ F}\">104\u00ba F<\/span>)<\/td>\n<\/tr>\n<\/tbody>\n<\/table>\n<p data-path-to-node=\"8\">Que vous soyez un d\u00e9butant immortalisant des moments de joie en famille ou un cr\u00e9ateur \u00e0 la recherche d&#039;une prise de vue a\u00e9rienne rapide, la batterie de vol intelligente DJI Neo 2 vous fournit l&#039;\u00e9nergie essentielle dont vous avez besoin pour optimiser votre temps dans les airs.<\/p>","protected":false},"excerpt":{"rendered":"<p><span class=\"citation-119\">Prolongez les vols de votre drone DJI Neo 2 et capturez chaque instant gr\u00e2ce \u00e0 l&#039;application d\u00e9di\u00e9e. <\/span><b><span class=\"citation-119\">Batterie de vol intelligente DJI Neo 2<\/span><\/b><span class=\"citation-119 citation-end-119\">.<\/span> <span class=\"citation-118 citation-end-118\">Con\u00e7ue sp\u00e9cifiquement pour le Neo 2, cette batterie Li-ion l\u00e9g\u00e8re et fiable est le choix id\u00e9al pour prolonger vos sessions cr\u00e9atives.<\/span><\/p>","protected":false},"featured_media":23256,"comment_status":"open","ping_status":"closed","template":"","meta":[],"product_brand":[1031],"product_cat":[752,37,1290,1291],"product_tag":[1293,1299,1298],"class_list":{"0":"post-23253","1":"product","2":"type-product","3":"status-publish","4":"has-post-thumbnail","6":"product_brand-dji","7":"product_cat-aerial-photography","8":"product_cat-dji","9":"product_cat-neo-2","10":"product_cat-neo-2-accessories","11":"product_tag-dji-neo-2","12":"product_tag-dji-neo-2-accessories","13":"product_tag-dji-neo-2-intelligent-flight-battery","15":"first","16":"outofstock","17":"taxable","18":"shipping-taxable","19":"purchasable","20":"product-type-simple"},"yoast_head":"<!-- This site is optimized with the Yoast SEO plugin v27.1.1 - https:\/\/yoast.com\/product\/yoast-seo-wordpress\/ -->\n<title>DJI Neo 2 Intelligent Flight Battery - Ghostysky<\/title>\n<meta name=\"description\" content=\"Keep your DJI Neo 2 drone in the air longer and capture every moment with the dedicated DJI Neo 2 Intelligent Flight Battery. Designed specifically for the Neo 2, this lightweight and reliable Li-ion battery is the perfect choice for extending your creative sessions.\" \/>\n<meta name=\"robots\" content=\"index, follow, max-snippet:-1, max-image-preview:large, max-video-preview:-1\" \/>\n<link rel=\"canonical\" href=\"https:\/\/www.ghostysky.com\/fr\/product\/dji-neo-2-intelligent-flight-battery\/\" \/>\n<meta property=\"og:locale\" content=\"fr_FR\" \/>\n<meta property=\"og:type\" content=\"article\" \/>\n<meta property=\"og:title\" content=\"DJI Neo 2 Intelligent Flight Battery - Ghostysky\" \/>\n<meta property=\"og:description\" content=\"Keep your DJI Neo 2 drone in the air longer and capture every moment with the dedicated DJI Neo 2 Intelligent Flight Battery. Designed specifically for the Neo 2, this lightweight and reliable Li-ion battery is the perfect choice for extending your creative sessions.\" \/>\n<meta property=\"og:url\" content=\"https:\/\/www.ghostysky.com\/fr\/product\/dji-neo-2-intelligent-flight-battery\/\" \/>\n<meta property=\"og:site_name\" content=\"Ghostysky\" \/>\n<meta property=\"article:publisher\" content=\"https:\/\/www.facebook.com\/people\/Ghostysky\/100057676170234\/\" \/>\n<meta property=\"article:modified_time\" content=\"2025-11-18T12:36:23+00:00\" \/>\n<meta property=\"og:image\" content=\"https:\/\/www.ghostysky.com\/wp-content\/uploads\/2025\/11\/GH_DJI-Neo-2-Intelligent-Flight-Battery_1.jpg\" \/>\n\t<meta property=\"og:image:width\" content=\"800\" \/>\n\t<meta property=\"og:image:height\" content=\"800\" \/>\n\t<meta property=\"og:image:type\" content=\"image\/jpeg\" \/>\n<meta name=\"twitter:card\" content=\"summary_large_image\" \/>\n<meta name=\"twitter:site\" content=\"@Gh0stysky\" \/>\n<meta name=\"twitter:label1\" content=\"Dur\u00e9e de lecture estim\u00e9e\" \/>\n\t<meta name=\"twitter:data1\" content=\"2 minutes\" \/>\n<script type=\"application\/ld+json\" class=\"yoast-schema-graph\">{\"@context\":\"https:\/\/schema.org\",\"@graph\":[{\"@type\":\"WebPage\",\"@id\":\"https:\/\/www.ghostysky.com\/product\/dji-neo-2-intelligent-flight-battery\/\",\"url\":\"https:\/\/www.ghostysky.com\/product\/dji-neo-2-intelligent-flight-battery\/\",\"name\":\"DJI Neo 2 Intelligent Flight Battery - Ghostysky\",\"isPartOf\":{\"@id\":\"https:\/\/www.ghostysky.com\/#website\"},\"primaryImageOfPage\":{\"@id\":\"https:\/\/www.ghostysky.com\/product\/dji-neo-2-intelligent-flight-battery\/#primaryimage\"},\"image\":{\"@id\":\"https:\/\/www.ghostysky.com\/product\/dji-neo-2-intelligent-flight-battery\/#primaryimage\"},\"thumbnailUrl\":\"https:\/\/www.ghostysky.com\/wp-content\/uploads\/2025\/11\/GH_DJI-Neo-2-Intelligent-Flight-Battery_1.jpg\",\"datePublished\":\"2025-11-18T08:26:18+00:00\",\"dateModified\":\"2025-11-18T12:36:23+00:00\",\"description\":\"Keep your DJI Neo 2 drone in the air longer and capture every moment with the dedicated DJI Neo 2 Intelligent Flight Battery. Designed specifically for the Neo 2, this lightweight and reliable Li-ion battery is the perfect choice for extending your creative sessions.\",\"breadcrumb\":{\"@id\":\"https:\/\/www.ghostysky.com\/product\/dji-neo-2-intelligent-flight-battery\/#breadcrumb\"},\"inLanguage\":\"fr-FR\",\"potentialAction\":[{\"@type\":\"ReadAction\",\"target\":[\"https:\/\/www.ghostysky.com\/product\/dji-neo-2-intelligent-flight-battery\/\"]}]},{\"@type\":\"ImageObject\",\"inLanguage\":\"fr-FR\",\"@id\":\"https:\/\/www.ghostysky.com\/product\/dji-neo-2-intelligent-flight-battery\/#primaryimage\",\"url\":\"https:\/\/www.ghostysky.com\/wp-content\/uploads\/2025\/11\/GH_DJI-Neo-2-Intelligent-Flight-Battery_1.jpg\",\"contentUrl\":\"https:\/\/www.ghostysky.com\/wp-content\/uploads\/2025\/11\/GH_DJI-Neo-2-Intelligent-Flight-Battery_1.jpg\",\"width\":800,\"height\":800},{\"@type\":\"BreadcrumbList\",\"@id\":\"https:\/\/www.ghostysky.com\/product\/dji-neo-2-intelligent-flight-battery\/#breadcrumb\",\"itemListElement\":[{\"@type\":\"ListItem\",\"position\":1,\"name\":\"Home\",\"item\":\"https:\/\/www.ghostysky.com\/\"},{\"@type\":\"ListItem\",\"position\":2,\"name\":\"Shop\",\"item\":\"https:\/\/www.ghostysky.com\/shop\/\"},{\"@type\":\"ListItem\",\"position\":3,\"name\":\"DJI Neo 2 Intelligent Flight Battery\"}]},{\"@type\":\"WebSite\",\"@id\":\"https:\/\/www.ghostysky.com\/#website\",\"url\":\"https:\/\/www.ghostysky.com\/\",\"name\":\"Ghostysky\",\"description\":\"Delivering professional drones and services\",\"publisher\":{\"@id\":\"https:\/\/www.ghostysky.com\/#organization\"},\"potentialAction\":[{\"@type\":\"SearchAction\",\"target\":{\"@type\":\"EntryPoint\",\"urlTemplate\":\"https:\/\/www.ghostysky.com\/?s={search_term_string}\"},\"query-input\":{\"@type\":\"PropertyValueSpecification\",\"valueRequired\":true,\"valueName\":\"search_term_string\"}}],\"inLanguage\":\"fr-FR\"},{\"@type\":\"Organization\",\"@id\":\"https:\/\/www.ghostysky.com\/#organization\",\"name\":\"Ghostysky\",\"url\":\"https:\/\/www.ghostysky.com\/\",\"logo\":{\"@type\":\"ImageObject\",\"inLanguage\":\"fr-FR\",\"@id\":\"https:\/\/www.ghostysky.com\/#\/schema\/logo\/image\/\",\"url\":\"https:\/\/www.ghostysky.com\/wp-content\/uploads\/2020\/06\/cropped-ghostyskylogo_text_white2.png\",\"contentUrl\":\"https:\/\/www.ghostysky.com\/wp-content\/uploads\/2020\/06\/cropped-ghostyskylogo_text_white2.png\",\"width\":169,\"height\":56,\"caption\":\"Ghostysky\"},\"image\":{\"@id\":\"https:\/\/www.ghostysky.com\/#\/schema\/logo\/image\/\"},\"sameAs\":[\"https:\/\/www.facebook.com\/people\/Ghostysky\/100057676170234\/\",\"https:\/\/x.com\/Gh0stysky\",\"https:\/\/www.linkedin.com\/company\/34739653\",\"https:\/\/www.instagram.com\/gh0stysky\"]}]}<\/script>\n<!-- \/ Yoast SEO plugin. -->","yoast_head_json":{"title":"Batterie de vol intelligente DJI Neo 2 - Ghostysky","description":"Prolongez les vols avec votre drone DJI Neo 2 et immortalisez chaque instant gr\u00e2ce \u00e0 la batterie de vol intelligente d\u00e9di\u00e9e DJI Neo 2. Con\u00e7ue sp\u00e9cifiquement pour le Neo 2, cette batterie Li-ion l\u00e9g\u00e8re et fiable est id\u00e9ale pour prolonger vos sessions cr\u00e9atives.","robots":{"index":"index","follow":"follow","max-snippet":"max-snippet:-1","max-image-preview":"max-image-preview:large","max-video-preview":"max-video-preview:-1"},"canonical":"https:\/\/www.ghostysky.com\/fr\/product\/dji-neo-2-intelligent-flight-battery\/","og_locale":"fr_FR","og_type":"article","og_title":"DJI Neo 2 Intelligent Flight Battery - Ghostysky","og_description":"Keep your DJI Neo 2 drone in the air longer and capture every moment with the dedicated DJI Neo 2 Intelligent Flight Battery. Designed specifically for the Neo 2, this lightweight and reliable Li-ion battery is the perfect choice for extending your creative sessions.","og_url":"https:\/\/www.ghostysky.com\/fr\/product\/dji-neo-2-intelligent-flight-battery\/","og_site_name":"Ghostysky","article_publisher":"https:\/\/www.facebook.com\/people\/Ghostysky\/100057676170234\/","article_modified_time":"2025-11-18T12:36:23+00:00","og_image":[{"width":800,"height":800,"url":"https:\/\/www.ghostysky.com\/wp-content\/uploads\/2025\/11\/GH_DJI-Neo-2-Intelligent-Flight-Battery_1.jpg","type":"image\/jpeg"}],"twitter_card":"summary_large_image","twitter_site":"@Gh0stysky","twitter_misc":{"Dur\u00e9e de lecture estim\u00e9e":"2 minutes"},"schema":{"@context":"https:\/\/schema.org","@graph":[{"@type":"WebPage","@id":"https:\/\/www.ghostysky.com\/product\/dji-neo-2-intelligent-flight-battery\/","url":"https:\/\/www.ghostysky.com\/product\/dji-neo-2-intelligent-flight-battery\/","name":"Batterie de vol intelligente DJI Neo 2 - Ghostysky","isPartOf":{"@id":"https:\/\/www.ghostysky.com\/#website"},"primaryImageOfPage":{"@id":"https:\/\/www.ghostysky.com\/product\/dji-neo-2-intelligent-flight-battery\/#primaryimage"},"image":{"@id":"https:\/\/www.ghostysky.com\/product\/dji-neo-2-intelligent-flight-battery\/#primaryimage"},"thumbnailUrl":"https:\/\/www.ghostysky.com\/wp-content\/uploads\/2025\/11\/GH_DJI-Neo-2-Intelligent-Flight-Battery_1.jpg","datePublished":"2025-11-18T08:26:18+00:00","dateModified":"2025-11-18T12:36:23+00:00","description":"Prolongez les vols avec votre drone DJI Neo 2 et immortalisez chaque instant gr\u00e2ce \u00e0 la batterie de vol intelligente d\u00e9di\u00e9e DJI Neo 2. Con\u00e7ue sp\u00e9cifiquement pour le Neo 2, cette batterie Li-ion l\u00e9g\u00e8re et fiable est id\u00e9ale pour prolonger vos sessions cr\u00e9atives.","breadcrumb":{"@id":"https:\/\/www.ghostysky.com\/product\/dji-neo-2-intelligent-flight-battery\/#breadcrumb"},"inLanguage":"fr-FR","potentialAction":[{"@type":"ReadAction","target":["https:\/\/www.ghostysky.com\/product\/dji-neo-2-intelligent-flight-battery\/"]}]},{"@type":"ImageObject","inLanguage":"fr-FR","@id":"https:\/\/www.ghostysky.com\/product\/dji-neo-2-intelligent-flight-battery\/#primaryimage","url":"https:\/\/www.ghostysky.com\/wp-content\/uploads\/2025\/11\/GH_DJI-Neo-2-Intelligent-Flight-Battery_1.jpg","contentUrl":"https:\/\/www.ghostysky.com\/wp-content\/uploads\/2025\/11\/GH_DJI-Neo-2-Intelligent-Flight-Battery_1.jpg","width":800,"height":800},{"@type":"BreadcrumbList","@id":"https:\/\/www.ghostysky.com\/product\/dji-neo-2-intelligent-flight-battery\/#breadcrumb","itemListElement":[{"@type":"ListItem","position":1,"name":"Home","item":"https:\/\/www.ghostysky.com\/"},{"@type":"ListItem","position":2,"name":"Shop","item":"https:\/\/www.ghostysky.com\/shop\/"},{"@type":"ListItem","position":3,"name":"DJI Neo 2 Intelligent Flight Battery"}]},{"@type":"WebSite","@id":"https:\/\/www.ghostysky.com\/#website","url":"https:\/\/www.ghostysky.com\/","name":"Ghostysky","description":"Livraison de drones et de services professionnels","publisher":{"@id":"https:\/\/www.ghostysky.com\/#organization"},"potentialAction":[{"@type":"SearchAction","target":{"@type":"EntryPoint","urlTemplate":"https:\/\/www.ghostysky.com\/?s={search_term_string}"},"query-input":{"@type":"PropertyValueSpecification","valueRequired":true,"valueName":"search_term_string"}}],"inLanguage":"fr-FR"},{"@type":"Organization","@id":"https:\/\/www.ghostysky.com\/#organization","name":"Ghostysky","url":"https:\/\/www.ghostysky.com\/","logo":{"@type":"ImageObject","inLanguage":"fr-FR","@id":"https:\/\/www.ghostysky.com\/#\/schema\/logo\/image\/","url":"https:\/\/www.ghostysky.com\/wp-content\/uploads\/2020\/06\/cropped-ghostyskylogo_text_white2.png","contentUrl":"https:\/\/www.ghostysky.com\/wp-content\/uploads\/2020\/06\/cropped-ghostyskylogo_text_white2.png","width":169,"height":56,"caption":"Ghostysky"},"image":{"@id":"https:\/\/www.ghostysky.com\/#\/schema\/logo\/image\/"},"sameAs":["https:\/\/www.facebook.com\/people\/Ghostysky\/100057676170234\/","https:\/\/x.com\/Gh0stysky","https:\/\/www.linkedin.com\/company\/34739653","https:\/\/www.instagram.com\/gh0stysky"]}]}},"_links":{"self":[{"href":"https:\/\/www.ghostysky.com\/fr\/wp-json\/wp\/v2\/product\/23253","targetHints":{"allow":["GET"]}}],"collection":[{"href":"https:\/\/www.ghostysky.com\/fr\/wp-json\/wp\/v2\/product"}],"about":[{"href":"https:\/\/www.ghostysky.com\/fr\/wp-json\/wp\/v2\/types\/product"}],"replies":[{"embeddable":true,"href":"https:\/\/www.ghostysky.com\/fr\/wp-json\/wp\/v2\/comments?post=23253"}],"wp:featuredmedia":[{"embeddable":true,"href":"https:\/\/www.ghostysky.com\/fr\/wp-json\/wp\/v2\/media\/23256"}],"wp:attachment":[{"href":"https:\/\/www.ghostysky.com\/fr\/wp-json\/wp\/v2\/media?parent=23253"}],"wp:term":[{"taxonomy":"product_brand","embeddable":true,"href":"https:\/\/www.ghostysky.com\/fr\/wp-json\/wp\/v2\/product_brand?post=23253"},{"taxonomy":"product_cat","embeddable":true,"href":"https:\/\/www.ghostysky.com\/fr\/wp-json\/wp\/v2\/product_cat?post=23253"},{"taxonomy":"product_tag","embeddable":true,"href":"https:\/\/www.ghostysky.com\/fr\/wp-json\/wp\/v2\/product_tag?post=23253"}],"curies":[{"name":"wp","href":"https:\/\/api.w.org\/{rel}","templated":true}]}}