{"id":23286,"date":"2025-11-19T08:18:26","date_gmt":"2025-11-19T08:18:26","guid":{"rendered":"https:\/\/www.ghostysky.com\/?post_type=product&#038;p=23286"},"modified":"2025-12-08T13:43:47","modified_gmt":"2025-12-08T13:43:47","slug":"dji-osmo-action-6-adventure-combo","status":"publish","type":"product","link":"https:\/\/www.ghostysky.com\/fr\/product\/dji-osmo-action-6-adventure-combo\/","title":{"rendered":"Combo DJI Osmo Action 6 Aventure"},"content":{"rendered":"<h4>Principales caract\u00e9ristiques de la cam\u00e9ra Osmo Action 6<\/h4>\n<ul data-path-to-node=\"3\">\n<li>\n<p data-path-to-node=\"3,0,0\"><b><span class=\"citation-193\">Ouverture variable novatrice\u00a0:<\/span><\/b><span class=\"citation-193 citation-end-193\"> Premi\u00e8re cam\u00e9ra d&#039;action de DJI dot\u00e9e d&#039;une ouverture variable <\/span><b><span class=\"math-inline\" data-math=\"f\/2.0 - f\/4.0\">f\/2.0 \u2013 f\/4.0<\/span><\/b><span class=\"citation-192 citation-end-192\">L&#039;Osmo Action 6 offre un contr\u00f4le de l&#039;exposition sans pr\u00e9c\u00e9dent.<\/span> <span class=\"citation-191 citation-end-191\">Le large <\/span><span class=\"math-inline\" data-math=\"f\/2.0\">f\/2.0<\/span><span class=\"citation-190 citation-end-190\">\u00a0L&#039;ouverture excelle dans des conditions de faible luminosit\u00e9, tandis que la plus \u00e9troite <\/span><span class=\"math-inline\" data-math=\"f\/4.0\">f\/4.0<\/span><span class=\"citation-189 citation-end-189\">\u00a0offre une plus grande profondeur de champ et un meilleur contr\u00f4le en plein soleil.<\/span><\/p>\n<\/li>\n<li>\n<p data-path-to-node=\"3,1,0\"><b>Nouveau capteur carr\u00e9 de 1\/1,1 pouce\u00a0:<\/b><span class=\"citation-188 citation-end-188\"> Ce capteur plus grand, avec \u00a0<\/span><span class=\"math-inline\" data-math=\"2.4\\ \\mu\\text{m}\">2,4 \u00b5m<\/span><span class=\"citation-187 citation-end-187\"> pixels, red\u00e9finit les performances en basse lumi\u00e8re et prend en charge l&#039;enregistrement jusqu&#039;\u00e0\u00a0<\/span><b><span class=\"math-inline\" data-math=\"4\\text{K}\/120\\text{fps}\">4K\/120 fps<\/span><\/b><span class=\"citation-186 citation-end-186\"> dans un <\/span><span class=\"math-inline\" data-math=\"4:3\">4:3<\/span><span class=\"citation-185 citation-end-185\">\u00a0format.<\/span><span class=\"citation-184\">Le capteur carr\u00e9 offre une flexibilit\u00e9 incroyable en post-production gr\u00e2ce \u00e0 son caract\u00e8re innovant <\/span><b><span class=\"citation-184\">Mode personnalis\u00e9 4K<\/span><\/b><span class=\"citation-184 citation-end-184\">\u2014Prise de vue d&#039;abord, puis recadrage ult\u00e9rieur aux formats vertical, horizontal ou carr\u00e9 sans perte de qualit\u00e9.<\/span><\/p>\n<\/li>\n<li>\n<p data-path-to-node=\"3,2,0\"><b>Rangement int\u00e9gr\u00e9\u00a0:<\/b><span class=\"citation-183 citation-end-183\"> Ne manquez jamais un moment avec <\/span><b><span class=\"math-inline\" data-math=\"50\\text{GB}\">50 Go<\/span><\/b><span class=\"citation-182 citation-end-182\"> de m\u00e9moire interne utilisable, compl\u00e9t\u00e9e par un emplacement pour carte microSD permettant une extension jusqu&#039;\u00e0\u00a0<\/span><span class=\"math-inline\" data-math=\"1\\text{TB}\">1 To<\/span><span class=\"citation-181 citation-end-181\">.<\/span><\/p>\n<\/li>\n<li>\n<p data-path-to-node=\"3,3,0\"><b><span class=\"citation-180\">Stabilisation in\u00e9gal\u00e9e :<\/span><\/b><span class=\"citation-180\"> Capturez des images d&#039;une fluidit\u00e9 exceptionnelle gr\u00e2ce \u00e0 la suite de stabilisation avanc\u00e9e, incluant <\/span><b><span class=\"citation-180\">RockSteady 3.0\/3.0+<\/span><\/b><span class=\"citation-180\">, <\/span><b><span class=\"citation-180\">\u00c9quilibrage de l&#039;horizon<\/span><\/b><span class=\"citation-180 citation-end-180\"> (corrige l&#039;inclinaison vers le haut)\u00a0<\/span><span class=\"math-inline\" data-math=\"\\pm 45^\\circ\">+\/- 45\u00ba<\/span><span class=\"citation-179\">), et <\/span><b><span class=\"citation-179\">HorizonSteady<\/span><\/b><span class=\"citation-179 citation-end-179\"> (maintient la vid\u00e9o parfaitement \u00e0 niveau, m\u00eame pendant <\/span><span class=\"math-inline\" data-math=\"360^\\circ\">360\u00ba<\/span><span class=\"citation-178 citation-end-178\"> rotations).<\/span><\/p>\n<\/li>\n<li>\n<p data-path-to-node=\"3,4,0\"><b><span class=\"citation-177\">Con\u00e7u pour les conditions extr\u00eames :<\/span><\/b><span class=\"citation-177\"> La conception robuste est <\/span><b><span class=\"citation-177 citation-end-177\">\u00e9tanche jusqu&#039;\u00e0 <\/span><span class=\"math-inline\" data-math=\"20\\text{m}\">20 m<\/span><\/b><span class=\"citation-176\">\u00a0(sans \u00e9tui) et <\/span><b><span class=\"citation-176\">r\u00e9sistant au froid<\/span><\/b><span class=\"citation-176 citation-end-176\"> avec un fonctionnement stable jusqu&#039;\u00e0 <\/span><span class=\"math-inline\" data-math=\"-20^\\circ\\text{C}\">-20 \u00b0C <\/span><span class=\"citation-175 citation-end-175\">(<\/span><span class=\"math-inline\" data-math=\"-4^\\circ\\text{F}\">-4 \u00b0F<\/span><span class=\"citation-174 citation-end-174\">), parfait pour les sports d&#039;hiver et la plong\u00e9e.<\/span><\/p>\n<\/li>\n<li>\n<p data-path-to-node=\"3,5,0\"><b>Dur\u00e9e de vie prolong\u00e9e de la batterie :<\/b><span class=\"citation-173\"> La cam\u00e9ra <\/span><b><span class=\"citation-173\">Batterie Extreme Plus<\/span><\/b><span class=\"citation-173\"> offres jusqu&#039;\u00e0 <\/span><b><span class=\"citation-173\">240 minutes<\/span><\/b><span class=\"citation-173 citation-end-173\"> de l&#039;enregistrement du temps et prend en charge la charge rapide, atteignant <\/span><span class=\"math-inline\" data-math=\"80\\%\">80%<\/span><span class=\"citation-172 citation-end-172\">\u00a0en seulement 22 minutes.<\/span><\/p>\n<\/li>\n<li>\n<p data-path-to-node=\"3,6,0\"><b><span class=\"citation-171\">Audio et affichage professionnels\u00a0:<\/span><\/b><span class=\"citation-171\"> Caract\u00e9ristiques <\/span><b><span class=\"citation-171\">Connexion directe au microphone OsmoAudio\u2122<\/span><\/b><span class=\"citation-171\"> pour un son sans fil de haute qualit\u00e9 et une r\u00e9activit\u00e9 lumineuse <\/span><b><span class=\"citation-171\">double \u00e9cran tactile OLED<\/span><\/b><span class=\"citation-171 citation-end-171\"> (1,46 pouce \u00e0 l&#039;avant, 2,5 pouces \u00e0 l&#039;arri\u00e8re) pour une surveillance et un contr\u00f4le clairs.<\/span><\/p>\n<\/li>\n<\/ul>\n<h4>Inclusions du combo aventure<\/h4>\n<p data-path-to-node=\"5\"><span class=\"citation-170 citation-end-170\">Le pack Adventure Combo est le nec plus ultra en mati\u00e8re de puissance et de polyvalence, comprenant tout ce que contient le pack standard, ainsi que les accessoires essentiels pour les longues s\u00e9ances de prise de vue et les activit\u00e9s vari\u00e9es\u00a0:<\/span><\/p>\n<ul data-path-to-node=\"6\">\n<li>\n<p data-path-to-node=\"6,0,0\"><b>Cam\u00e9ra DJI Osmo Action 6<\/b><\/p>\n<\/li>\n<li>\n<p data-path-to-node=\"6,1,0\"><b><span class=\"citation-169 citation-end-169\">3\u00a0<\/span><span class=\"math-inline\" data-math=\"\\times\">x<\/span><span class=\"citation-168\"> Batterie Osmo Action Extreme Plus (1950 mAh)<\/span><\/b><span class=\"citation-168\"> \u2013 <\/span><i><span class=\"citation-168 citation-end-168\">Tripler la puissance pour des prises de vue tout au long de la journ\u00e9e.<\/span><\/i><\/p>\n<\/li>\n<li>\n<p data-path-to-node=\"6,2,0\"><b><span class=\"citation-167\">Bo\u00eetier de batterie multifonctionnel Osmo 3<\/span><\/b><span class=\"citation-167\"> \u2013 <\/span><i><span class=\"citation-167 citation-end-167\">Chargez les trois batteries simultan\u00e9ment.<\/span><\/i><\/p>\n<\/li>\n<li>\n<p data-path-to-node=\"6,3,0\"><b><span class=\"citation-166 citation-end-166\">Osmo <\/span><span class=\"math-inline\" data-math=\"1.5\\text{m}\">1,5 m<\/span><span class=\"citation-165\">\u00a0Tige d&#039;extension<\/span><\/b><span class=\"citation-165\"> \u2013 <\/span><i><span class=\"citation-165 citation-end-165\">Sert \u00e0 la fois de perche \u00e0 selfie et de tr\u00e9pied pour des cadrages vari\u00e9s.<\/span><\/i><\/p>\n<\/li>\n<li>\n<p data-path-to-node=\"6,4,0\"><b><span class=\"citation-164 citation-end-164\">2\u00a0<\/span><span class=\"math-inline\" data-math=\"\\times\">x<\/span><span class=\"citation-163\"> Support adaptateur \u00e0 d\u00e9gagement rapide double direction Osmo<\/span><\/b><\/p>\n<\/li>\n<li>\n<p data-path-to-node=\"6,5,0\"><b><span class=\"citation-162 citation-end-162\">2\u00a0<\/span><span class=\"math-inline\" data-math=\"\\times\">x<\/span><span class=\"citation-161\"> Vis de verrouillage Osmo<\/span><\/b><\/p>\n<\/li>\n<li>\n<p data-path-to-node=\"6,6,0\"><b><span class=\"citation-160 citation-end-160\">Base adh\u00e9sive incurv\u00e9e Osmo Action<\/span><\/b><\/p>\n<\/li>\n<li>\n<p data-path-to-node=\"6,7,0\"><b><span class=\"citation-159 citation-end-159\">C\u00e2ble USB-C vers USB-C PD<\/span><\/b><\/p>\n<\/li>\n<li>\n<p data-path-to-node=\"6,8,0\"><b><span class=\"citation-158 citation-end-158\">Coussinet antid\u00e9rapant Osmo Action<\/span><\/b><\/p>\n<\/li>\n<\/ul>\n<p data-path-to-node=\"7\">Le <b>Combo DJI Osmo Action 6 Aventure<\/b> vous fournit les outils, la puissance et la technologie d&#039;image n\u00e9cessaires pour capturer vos moments les plus palpitants avec une qualit\u00e9 cin\u00e9matographique et une fiabilit\u00e9 exceptionnelle.<\/p>","protected":false},"excerpt":{"rendered":"<p>Le <b>Combo DJI Osmo Action 6 Aventure<\/b> Ce pack cam\u00e9ra d&#039;action haut de gamme est con\u00e7u pour les cr\u00e9ateurs exigeant une qualit\u00e9 d&#039;image professionnelle, une autonomie prolong\u00e9e et un ensemble complet d&#039;accessoires inclus. Repoussez vos limites et filmez plus longtemps gr\u00e2ce \u00e0 ce syst\u00e8me polyvalent, robuste et riche en fonctionnalit\u00e9s.<\/p>","protected":false},"featured_media":23289,"comment_status":"open","ping_status":"closed","template":"","meta":[],"product_brand":[1031],"product_cat":[37,1301,1302,29],"product_tag":[42,1303,1304],"class_list":{"0":"post-23286","1":"product","2":"type-product","3":"status-publish","4":"has-post-thumbnail","6":"product_brand-dji","7":"product_cat-dji","8":"product_cat-dji-handled","9":"product_cat-dji-osmo-action-6","10":"product_cat-drones","11":"product_tag-dji","12":"product_tag-osmo-action-6","13":"product_tag-osmo-action-6-camera","15":"first","16":"onbackorder","17":"taxable","18":"shipping-taxable","19":"purchasable","20":"product-type-simple"},"yoast_head":"<!-- This site is optimized with the Yoast SEO plugin v27.1.1 - https:\/\/yoast.com\/product\/yoast-seo-wordpress\/ -->\n<title>DJI Osmo Action 6 Adventure Combo - Ghostysky<\/title>\n<meta name=\"description\" content=\"The DJI Osmo Action 6 Adventure Combo is the flagship action camera package designed for creators who demand professional-grade image quality, extended power, and a comprehensive set of accessories right out of the box. Go further and shoot longer with this versatile, rugged, and feature-rich system.\" \/>\n<meta name=\"robots\" content=\"index, follow, max-snippet:-1, max-image-preview:large, max-video-preview:-1\" \/>\n<link rel=\"canonical\" href=\"https:\/\/www.ghostysky.com\/fr\/product\/dji-osmo-action-6-adventure-combo\/\" \/>\n<meta property=\"og:locale\" content=\"fr_FR\" \/>\n<meta property=\"og:type\" content=\"article\" \/>\n<meta property=\"og:title\" content=\"DJI Osmo Action 6 Adventure Combo - Ghostysky\" \/>\n<meta property=\"og:description\" content=\"The DJI Osmo Action 6 Adventure Combo is the flagship action camera package designed for creators who demand professional-grade image quality, extended power, and a comprehensive set of accessories right out of the box. Go further and shoot longer with this versatile, rugged, and feature-rich system.\" \/>\n<meta property=\"og:url\" content=\"https:\/\/www.ghostysky.com\/fr\/product\/dji-osmo-action-6-adventure-combo\/\" \/>\n<meta property=\"og:site_name\" content=\"Ghostysky\" \/>\n<meta property=\"article:publisher\" content=\"https:\/\/www.facebook.com\/people\/Ghostysky\/100057676170234\/\" \/>\n<meta property=\"article:modified_time\" content=\"2025-12-08T13:43:47+00:00\" \/>\n<meta property=\"og:image\" content=\"https:\/\/www.ghostysky.com\/wp-content\/uploads\/2025\/11\/GH_DJI-Osmo-Action-6-Adventure-Combo_1.jpg\" \/>\n\t<meta property=\"og:image:width\" content=\"800\" \/>\n\t<meta property=\"og:image:height\" content=\"800\" \/>\n\t<meta property=\"og:image:type\" content=\"image\/jpeg\" \/>\n<meta name=\"twitter:card\" content=\"summary_large_image\" \/>\n<meta name=\"twitter:site\" content=\"@Gh0stysky\" \/>\n<meta name=\"twitter:label1\" content=\"Dur\u00e9e de lecture estim\u00e9e\" \/>\n\t<meta name=\"twitter:data1\" content=\"2 minutes\" \/>\n<script type=\"application\/ld+json\" class=\"yoast-schema-graph\">{\"@context\":\"https:\/\/schema.org\",\"@graph\":[{\"@type\":\"WebPage\",\"@id\":\"https:\/\/www.ghostysky.com\/product\/dji-osmo-action-6-adventure-combo\/\",\"url\":\"https:\/\/www.ghostysky.com\/product\/dji-osmo-action-6-adventure-combo\/\",\"name\":\"DJI Osmo Action 6 Adventure Combo - Ghostysky\",\"isPartOf\":{\"@id\":\"https:\/\/www.ghostysky.com\/#website\"},\"primaryImageOfPage\":{\"@id\":\"https:\/\/www.ghostysky.com\/product\/dji-osmo-action-6-adventure-combo\/#primaryimage\"},\"image\":{\"@id\":\"https:\/\/www.ghostysky.com\/product\/dji-osmo-action-6-adventure-combo\/#primaryimage\"},\"thumbnailUrl\":\"https:\/\/www.ghostysky.com\/wp-content\/uploads\/2025\/11\/GH_DJI-Osmo-Action-6-Adventure-Combo_1.jpg\",\"datePublished\":\"2025-11-19T08:18:26+00:00\",\"dateModified\":\"2025-12-08T13:43:47+00:00\",\"description\":\"The DJI Osmo Action 6 Adventure Combo is the flagship action camera package designed for creators who demand professional-grade image quality, extended power, and a comprehensive set of accessories right out of the box. Go further and shoot longer with this versatile, rugged, and feature-rich system.\",\"breadcrumb\":{\"@id\":\"https:\/\/www.ghostysky.com\/product\/dji-osmo-action-6-adventure-combo\/#breadcrumb\"},\"inLanguage\":\"fr-FR\",\"potentialAction\":[{\"@type\":\"ReadAction\",\"target\":[\"https:\/\/www.ghostysky.com\/product\/dji-osmo-action-6-adventure-combo\/\"]}]},{\"@type\":\"ImageObject\",\"inLanguage\":\"fr-FR\",\"@id\":\"https:\/\/www.ghostysky.com\/product\/dji-osmo-action-6-adventure-combo\/#primaryimage\",\"url\":\"https:\/\/www.ghostysky.com\/wp-content\/uploads\/2025\/11\/GH_DJI-Osmo-Action-6-Adventure-Combo_1.jpg\",\"contentUrl\":\"https:\/\/www.ghostysky.com\/wp-content\/uploads\/2025\/11\/GH_DJI-Osmo-Action-6-Adventure-Combo_1.jpg\",\"width\":800,\"height\":800},{\"@type\":\"BreadcrumbList\",\"@id\":\"https:\/\/www.ghostysky.com\/product\/dji-osmo-action-6-adventure-combo\/#breadcrumb\",\"itemListElement\":[{\"@type\":\"ListItem\",\"position\":1,\"name\":\"Home\",\"item\":\"https:\/\/www.ghostysky.com\/\"},{\"@type\":\"ListItem\",\"position\":2,\"name\":\"Shop\",\"item\":\"https:\/\/www.ghostysky.com\/shop\/\"},{\"@type\":\"ListItem\",\"position\":3,\"name\":\"DJI Osmo Action 6 Adventure Combo\"}]},{\"@type\":\"WebSite\",\"@id\":\"https:\/\/www.ghostysky.com\/#website\",\"url\":\"https:\/\/www.ghostysky.com\/\",\"name\":\"Ghostysky\",\"description\":\"Delivering professional drones and services\",\"publisher\":{\"@id\":\"https:\/\/www.ghostysky.com\/#organization\"},\"potentialAction\":[{\"@type\":\"SearchAction\",\"target\":{\"@type\":\"EntryPoint\",\"urlTemplate\":\"https:\/\/www.ghostysky.com\/?s={search_term_string}\"},\"query-input\":{\"@type\":\"PropertyValueSpecification\",\"valueRequired\":true,\"valueName\":\"search_term_string\"}}],\"inLanguage\":\"fr-FR\"},{\"@type\":\"Organization\",\"@id\":\"https:\/\/www.ghostysky.com\/#organization\",\"name\":\"Ghostysky\",\"url\":\"https:\/\/www.ghostysky.com\/\",\"logo\":{\"@type\":\"ImageObject\",\"inLanguage\":\"fr-FR\",\"@id\":\"https:\/\/www.ghostysky.com\/#\/schema\/logo\/image\/\",\"url\":\"https:\/\/www.ghostysky.com\/wp-content\/uploads\/2020\/06\/cropped-ghostyskylogo_text_white2.png\",\"contentUrl\":\"https:\/\/www.ghostysky.com\/wp-content\/uploads\/2020\/06\/cropped-ghostyskylogo_text_white2.png\",\"width\":169,\"height\":56,\"caption\":\"Ghostysky\"},\"image\":{\"@id\":\"https:\/\/www.ghostysky.com\/#\/schema\/logo\/image\/\"},\"sameAs\":[\"https:\/\/www.facebook.com\/people\/Ghostysky\/100057676170234\/\",\"https:\/\/x.com\/Gh0stysky\",\"https:\/\/www.linkedin.com\/company\/34739653\",\"https:\/\/www.instagram.com\/gh0stysky\"]}]}<\/script>\n<!-- \/ Yoast SEO plugin. -->","yoast_head_json":{"title":"DJI Osmo Action 6 Adventure Combo - Ghostysky","description":"Le pack DJI Osmo Action 6 Adventure Combo est le fleuron des cam\u00e9ras d&#039;action, con\u00e7u pour les cr\u00e9ateurs exigeant une qualit\u00e9 d&#039;image professionnelle, une autonomie prolong\u00e9e et un ensemble complet d&#039;accessoires inclus. Repoussez vos limites et filmez plus longtemps gr\u00e2ce \u00e0 ce syst\u00e8me polyvalent, robuste et riche en fonctionnalit\u00e9s.","robots":{"index":"index","follow":"follow","max-snippet":"max-snippet:-1","max-image-preview":"max-image-preview:large","max-video-preview":"max-video-preview:-1"},"canonical":"https:\/\/www.ghostysky.com\/fr\/product\/dji-osmo-action-6-adventure-combo\/","og_locale":"fr_FR","og_type":"article","og_title":"DJI Osmo Action 6 Adventure Combo - Ghostysky","og_description":"The DJI Osmo Action 6 Adventure Combo is the flagship action camera package designed for creators who demand professional-grade image quality, extended power, and a comprehensive set of accessories right out of the box. Go further and shoot longer with this versatile, rugged, and feature-rich system.","og_url":"https:\/\/www.ghostysky.com\/fr\/product\/dji-osmo-action-6-adventure-combo\/","og_site_name":"Ghostysky","article_publisher":"https:\/\/www.facebook.com\/people\/Ghostysky\/100057676170234\/","article_modified_time":"2025-12-08T13:43:47+00:00","og_image":[{"width":800,"height":800,"url":"https:\/\/www.ghostysky.com\/wp-content\/uploads\/2025\/11\/GH_DJI-Osmo-Action-6-Adventure-Combo_1.jpg","type":"image\/jpeg"}],"twitter_card":"summary_large_image","twitter_site":"@Gh0stysky","twitter_misc":{"Dur\u00e9e de lecture estim\u00e9e":"2 minutes"},"schema":{"@context":"https:\/\/schema.org","@graph":[{"@type":"WebPage","@id":"https:\/\/www.ghostysky.com\/product\/dji-osmo-action-6-adventure-combo\/","url":"https:\/\/www.ghostysky.com\/product\/dji-osmo-action-6-adventure-combo\/","name":"DJI Osmo Action 6 Adventure Combo - Ghostysky","isPartOf":{"@id":"https:\/\/www.ghostysky.com\/#website"},"primaryImageOfPage":{"@id":"https:\/\/www.ghostysky.com\/product\/dji-osmo-action-6-adventure-combo\/#primaryimage"},"image":{"@id":"https:\/\/www.ghostysky.com\/product\/dji-osmo-action-6-adventure-combo\/#primaryimage"},"thumbnailUrl":"https:\/\/www.ghostysky.com\/wp-content\/uploads\/2025\/11\/GH_DJI-Osmo-Action-6-Adventure-Combo_1.jpg","datePublished":"2025-11-19T08:18:26+00:00","dateModified":"2025-12-08T13:43:47+00:00","description":"Le pack DJI Osmo Action 6 Adventure Combo est le fleuron des cam\u00e9ras d&#039;action, con\u00e7u pour les cr\u00e9ateurs exigeant une qualit\u00e9 d&#039;image professionnelle, une autonomie prolong\u00e9e et un ensemble complet d&#039;accessoires inclus. Repoussez vos limites et filmez plus longtemps gr\u00e2ce \u00e0 ce syst\u00e8me polyvalent, robuste et riche en fonctionnalit\u00e9s.","breadcrumb":{"@id":"https:\/\/www.ghostysky.com\/product\/dji-osmo-action-6-adventure-combo\/#breadcrumb"},"inLanguage":"fr-FR","potentialAction":[{"@type":"ReadAction","target":["https:\/\/www.ghostysky.com\/product\/dji-osmo-action-6-adventure-combo\/"]}]},{"@type":"ImageObject","inLanguage":"fr-FR","@id":"https:\/\/www.ghostysky.com\/product\/dji-osmo-action-6-adventure-combo\/#primaryimage","url":"https:\/\/www.ghostysky.com\/wp-content\/uploads\/2025\/11\/GH_DJI-Osmo-Action-6-Adventure-Combo_1.jpg","contentUrl":"https:\/\/www.ghostysky.com\/wp-content\/uploads\/2025\/11\/GH_DJI-Osmo-Action-6-Adventure-Combo_1.jpg","width":800,"height":800},{"@type":"BreadcrumbList","@id":"https:\/\/www.ghostysky.com\/product\/dji-osmo-action-6-adventure-combo\/#breadcrumb","itemListElement":[{"@type":"ListItem","position":1,"name":"Home","item":"https:\/\/www.ghostysky.com\/"},{"@type":"ListItem","position":2,"name":"Shop","item":"https:\/\/www.ghostysky.com\/shop\/"},{"@type":"ListItem","position":3,"name":"DJI Osmo Action 6 Adventure Combo"}]},{"@type":"WebSite","@id":"https:\/\/www.ghostysky.com\/#website","url":"https:\/\/www.ghostysky.com\/","name":"Ghostysky","description":"Livraison de drones et de services professionnels","publisher":{"@id":"https:\/\/www.ghostysky.com\/#organization"},"potentialAction":[{"@type":"SearchAction","target":{"@type":"EntryPoint","urlTemplate":"https:\/\/www.ghostysky.com\/?s={search_term_string}"},"query-input":{"@type":"PropertyValueSpecification","valueRequired":true,"valueName":"search_term_string"}}],"inLanguage":"fr-FR"},{"@type":"Organization","@id":"https:\/\/www.ghostysky.com\/#organization","name":"Ghostysky","url":"https:\/\/www.ghostysky.com\/","logo":{"@type":"ImageObject","inLanguage":"fr-FR","@id":"https:\/\/www.ghostysky.com\/#\/schema\/logo\/image\/","url":"https:\/\/www.ghostysky.com\/wp-content\/uploads\/2020\/06\/cropped-ghostyskylogo_text_white2.png","contentUrl":"https:\/\/www.ghostysky.com\/wp-content\/uploads\/2020\/06\/cropped-ghostyskylogo_text_white2.png","width":169,"height":56,"caption":"Ghostysky"},"image":{"@id":"https:\/\/www.ghostysky.com\/#\/schema\/logo\/image\/"},"sameAs":["https:\/\/www.facebook.com\/people\/Ghostysky\/100057676170234\/","https:\/\/x.com\/Gh0stysky","https:\/\/www.linkedin.com\/company\/34739653","https:\/\/www.instagram.com\/gh0stysky"]}]}},"_links":{"self":[{"href":"https:\/\/www.ghostysky.com\/fr\/wp-json\/wp\/v2\/product\/23286","targetHints":{"allow":["GET"]}}],"collection":[{"href":"https:\/\/www.ghostysky.com\/fr\/wp-json\/wp\/v2\/product"}],"about":[{"href":"https:\/\/www.ghostysky.com\/fr\/wp-json\/wp\/v2\/types\/product"}],"replies":[{"embeddable":true,"href":"https:\/\/www.ghostysky.com\/fr\/wp-json\/wp\/v2\/comments?post=23286"}],"wp:featuredmedia":[{"embeddable":true,"href":"https:\/\/www.ghostysky.com\/fr\/wp-json\/wp\/v2\/media\/23289"}],"wp:attachment":[{"href":"https:\/\/www.ghostysky.com\/fr\/wp-json\/wp\/v2\/media?parent=23286"}],"wp:term":[{"taxonomy":"product_brand","embeddable":true,"href":"https:\/\/www.ghostysky.com\/fr\/wp-json\/wp\/v2\/product_brand?post=23286"},{"taxonomy":"product_cat","embeddable":true,"href":"https:\/\/www.ghostysky.com\/fr\/wp-json\/wp\/v2\/product_cat?post=23286"},{"taxonomy":"product_tag","embeddable":true,"href":"https:\/\/www.ghostysky.com\/fr\/wp-json\/wp\/v2\/product_tag?post=23286"}],"curies":[{"name":"wp","href":"https:\/\/api.w.org\/{rel}","templated":true}]}}