{"id":23291,"date":"2025-11-19T08:23:45","date_gmt":"2025-11-19T08:23:45","guid":{"rendered":"https:\/\/www.ghostysky.com\/?post_type=product&#038;p=23291"},"modified":"2025-11-23T09:29:23","modified_gmt":"2025-11-23T09:29:23","slug":"dji-osmo-action-6-standard-combo","status":"publish","type":"product","link":"https:\/\/www.ghostysky.com\/fr\/product\/dji-osmo-action-6-standard-combo\/","title":{"rendered":"DJI Osmo Action 6 Standard Combo"},"content":{"rendered":"<h4><b>Caract\u00e9ristiques principales<\/b><\/h4>\n<ul data-path-to-node=\"3\">\n<li>\n<p data-path-to-node=\"3,0,0\"><b><span class=\"citation-229 citation-end-229\">Ouverture variable (f\/2.0-f\/4.0) :<\/span><\/b><span class=\"citation-228 citation-end-228\"> La premi\u00e8re cam\u00e9ra d&#039;action de DJI dot\u00e9e d&#039;une ouverture variable, vous offrant un contr\u00f4le manuel pour mieux g\u00e9rer les fortes luminosit\u00e9s ou optimiser les performances en basse lumi\u00e8re.<\/span><\/p>\n<\/li>\n<li>\n<p data-path-to-node=\"3,1,0\"><b>Nouveau capteur carr\u00e9 de 1\/1,1 pouce\u00a0:<\/b><span class=\"citation-227\"> Ce grand capteur offre une clart\u00e9 exceptionnelle en faible luminosit\u00e9, une large plage dynamique de 13,5 diaphragmes et prend en charge jusqu&#039;\u00e0 <\/span><b><span class=\"citation-227\">4K\/120 images\/seconde<\/span><\/b><span class=\"citation-227 citation-end-227\"> vid\u00e9o au format 4:3 polyvalent, permettant un recadrage flexible en post-production (mode personnalis\u00e9 4K).<\/span><\/p>\n<\/li>\n<li>\n<p data-path-to-node=\"3,2,0\"><b><span class=\"citation-226\">Stabilisation du navire amiral :<\/span><\/b><span class=\"citation-226\"> Capturez des images d&#039;une fluidit\u00e9 exceptionnelle gr\u00e2ce \u00e0 la stabilisation d&#039;image \u00e9lectronique avanc\u00e9e, notamment <\/span><b><span class=\"citation-226\">RockSteady 3.0<\/span><\/b><span class=\"citation-226\"> et <\/span><b><span class=\"citation-226\">HorizonSteady<\/span><\/b><span class=\"citation-226 citation-end-226\"> (Correction de l&#039;horizon \u00e0 360\u00b0 en 4K\/60 ips).<\/span><\/p>\n<\/li>\n<li>\n<p data-path-to-node=\"3,3,0\"><b>Con\u00e7u pour les conditions extr\u00eames :<\/b><\/p>\n<ul data-path-to-node=\"3,3,1\">\n<li>\n<p data-path-to-node=\"3,3,1,0,0\"><b><span class=\"citation-225\">\u00c9tanche:<\/span><\/b><span class=\"citation-225\"> Descendez \u00e0 <\/span><b><span class=\"citation-225\">20 m\u00e8tres (65,6 pieds)<\/span><\/b><span class=\"citation-225 citation-end-225\"> sans \u00e9tui.<\/span><\/p>\n<\/li>\n<li>\n<p data-path-to-node=\"3,3,1,1,0\"><b><span class=\"citation-224\">R\u00e9sistant au froid :<\/span><\/b><span class=\"citation-224\"> Fonctionnement fiable jusqu&#039;\u00e0 <\/span><b><span class=\"citation-224\">-20\u00b0C (-4\u00b0F)<\/span><\/b><span class=\"citation-224 citation-end-224\">.<\/span><\/p>\n<\/li>\n<li>\n<p data-path-to-node=\"3,3,1,2,0\"><b>Batterie longue dur\u00e9e :<\/b><span class=\"citation-223\"> Profitez jusqu&#039;\u00e0 <\/span><b><span class=\"citation-223\">4 heures<\/span><\/b><span class=\"citation-223 citation-end-223\"> de temps de fonctionnement.<\/span><\/p>\n<\/li>\n<\/ul>\n<\/li>\n<li>\n<p data-path-to-node=\"3,4,0\"><b><span class=\"citation-222\">Audio professionnel :<\/span><\/b><span class=\"citation-222\"> Un syst\u00e8me int\u00e9gr\u00e9 \u00e0 trois microphones capture un son st\u00e9r\u00e9o riche, et le <\/span><b><span class=\"citation-222\">L&#039;\u00e9cosyst\u00e8me OsmoAudio\u2122<\/span><\/b><span class=\"citation-222 citation-end-222\"> permet une connexion directe \u00e0 deux \u00e9metteurs de microphone DJI (en option) sans r\u00e9cepteur s\u00e9par\u00e9.<\/span><\/p>\n<\/li>\n<li>\n<p data-path-to-node=\"3,5,0\"><b>Rangement int\u00e9gr\u00e9\u00a0:<\/b><span class=\"citation-221\"> Livr\u00e9 avec <\/span><b><span class=\"citation-221\">50 Go de stockage interne<\/span><\/b><span class=\"citation-221 citation-end-221\"> pour ces moments o\u00f9 vous oubliez votre carte microSD.<\/span><\/p>\n<div class=\"source-inline-chip-container ng-star-inserted\"><\/div>\n<\/li>\n<\/ul>\n<h4><b>L&#039;ensemble standard comprend<\/b><\/h4>\n<p data-path-to-node=\"5\">Le kit DJI Osmo Action 6 Standard Combo contient tout le n\u00e9cessaire\u00a0:<\/p>\n<ul data-path-to-node=\"6\">\n<li>\n<p data-path-to-node=\"6,0,0\"><span class=\"citation-220 citation-end-220\">Cam\u00e9ra DJI Osmo Action 6<\/span><\/p>\n<\/li>\n<li>\n<p data-path-to-node=\"6,1,0\"><span class=\"citation-219 citation-end-219\">Batterie Osmo Action Extreme Plus (1950 mAh)<\/span><\/p>\n<\/li>\n<li>\n<p data-path-to-node=\"6,2,0\"><span class=\"citation-218 citation-end-218\">Support adaptateur \u00e0 d\u00e9gagement rapide double direction Osmo<\/span><\/p>\n<\/li>\n<li>\n<p data-path-to-node=\"6,3,0\"><span class=\"citation-217 citation-end-217\">Base adh\u00e9sive incurv\u00e9e Osmo Action<\/span><\/p>\n<\/li>\n<li>\n<p data-path-to-node=\"6,4,0\"><span class=\"citation-216 citation-end-216\">Vis de verrouillage Osmo<\/span><\/p>\n<\/li>\n<li>\n<p data-path-to-node=\"6,5,0\"><span class=\"citation-215 citation-end-215\">C\u00e2ble USB-C vers USB-C PD<\/span><\/p>\n<\/li>\n<li>\n<p data-path-to-node=\"6,6,0\"><span class=\"citation-214 citation-end-214\">Coussinet antid\u00e9rapant Osmo Action<\/span><\/p>\n<div class=\"source-inline-chip-container ng-star-inserted\"><\/div>\n<\/li>\n<\/ul>\n<p data-path-to-node=\"8\">Pr\u00eat \u00e0 immortaliser les moments les plus m\u00e9morables avec une nettet\u00e9 et une stabilit\u00e9 professionnelles\u00a0? N&#039;h\u00e9sitez pas \u00e0 me faire savoir si vous souhaitez consulter les sp\u00e9cifications de l&#039;option. <b>Combo aventure<\/b> pour des piles et accessoires suppl\u00e9mentaires !<\/p>","protected":false},"excerpt":{"rendered":"<p><span class=\"citation-231\">La DJI Osmo Action 6 red\u00e9finit l&#039;imagerie des cam\u00e9ras d&#039;action haut de gamme, en associant une technologie r\u00e9volutionnaire <\/span><b><span class=\"citation-231\">objectif \u00e0 ouverture variable<\/span><\/b><span class=\"citation-231\"> avec un <\/span><b><span class=\"citation-231\">tout nouveau capteur plus grand<\/span><\/b><span class=\"citation-231 citation-end-231\"> Pour une flexibilit\u00e9 cr\u00e9ative et une qualit\u00e9 d&#039;image in\u00e9gal\u00e9es, quelle que soit la luminosit\u00e9.<\/span> <span class=\"citation-230 citation-end-230\">Le pack Standard comprend tout ce dont vous avez besoin pour commencer \u00e0 immortaliser vos aventures avec une pr\u00e9cision et une stabilit\u00e9 exceptionnelles.<\/span><\/p>","protected":false},"featured_media":23295,"comment_status":"open","ping_status":"closed","template":"","meta":[],"product_brand":[1031],"product_cat":[37,1301,1302,29],"product_tag":[42,1303,1304],"class_list":{"0":"post-23291","1":"product","2":"type-product","3":"status-publish","4":"has-post-thumbnail","6":"product_brand-dji","7":"product_cat-dji","8":"product_cat-dji-handled","9":"product_cat-dji-osmo-action-6","10":"product_cat-drones","11":"product_tag-dji","12":"product_tag-osmo-action-6","13":"product_tag-osmo-action-6-camera","15":"first","16":"outofstock","17":"taxable","18":"shipping-taxable","19":"purchasable","20":"product-type-simple"},"yoast_head":"<!-- This site is optimized with the Yoast SEO plugin v27.1.1 - https:\/\/yoast.com\/product\/yoast-seo-wordpress\/ -->\n<title>DJI Osmo Action 6 Standard Combo - Ghostysky<\/title>\n<meta name=\"description\" content=\"The DJI Osmo Action 6 redefines flagship action camera imaging, pairing a groundbreaking variable aperture lens with an all-new, larger sensor for unparalleled creative flexibility and image quality in any light. The Standard Combo provides everything you need to start capturing your adventures in stunning detail and stability.\" \/>\n<meta name=\"robots\" content=\"index, follow, max-snippet:-1, max-image-preview:large, max-video-preview:-1\" \/>\n<link rel=\"canonical\" href=\"https:\/\/www.ghostysky.com\/fr\/product\/dji-osmo-action-6-standard-combo\/\" \/>\n<meta property=\"og:locale\" content=\"fr_FR\" \/>\n<meta property=\"og:type\" content=\"article\" \/>\n<meta property=\"og:title\" content=\"DJI Osmo Action 6 Standard Combo - Ghostysky\" \/>\n<meta property=\"og:description\" content=\"The DJI Osmo Action 6 redefines flagship action camera imaging, pairing a groundbreaking variable aperture lens with an all-new, larger sensor for unparalleled creative flexibility and image quality in any light. The Standard Combo provides everything you need to start capturing your adventures in stunning detail and stability.\" \/>\n<meta property=\"og:url\" content=\"https:\/\/www.ghostysky.com\/fr\/product\/dji-osmo-action-6-standard-combo\/\" \/>\n<meta property=\"og:site_name\" content=\"Ghostysky\" \/>\n<meta property=\"article:publisher\" content=\"https:\/\/www.facebook.com\/people\/Ghostysky\/100057676170234\/\" \/>\n<meta property=\"article:modified_time\" content=\"2025-11-23T09:29:23+00:00\" \/>\n<meta property=\"og:image\" content=\"https:\/\/www.ghostysky.com\/wp-content\/uploads\/2025\/11\/GH_DJI-Osmo-Action-6-Standard-Combo_1.jpg\" \/>\n\t<meta property=\"og:image:width\" content=\"800\" \/>\n\t<meta property=\"og:image:height\" content=\"800\" \/>\n\t<meta property=\"og:image:type\" content=\"image\/jpeg\" \/>\n<meta name=\"twitter:card\" content=\"summary_large_image\" \/>\n<meta name=\"twitter:site\" content=\"@Gh0stysky\" \/>\n<meta name=\"twitter:label1\" content=\"Dur\u00e9e de lecture estim\u00e9e\" \/>\n\t<meta name=\"twitter:data1\" content=\"2 minutes\" \/>\n<script type=\"application\/ld+json\" class=\"yoast-schema-graph\">{\"@context\":\"https:\/\/schema.org\",\"@graph\":[{\"@type\":\"WebPage\",\"@id\":\"https:\/\/www.ghostysky.com\/product\/dji-osmo-action-6-standard-combo\/\",\"url\":\"https:\/\/www.ghostysky.com\/product\/dji-osmo-action-6-standard-combo\/\",\"name\":\"DJI Osmo Action 6 Standard Combo - Ghostysky\",\"isPartOf\":{\"@id\":\"https:\/\/www.ghostysky.com\/#website\"},\"primaryImageOfPage\":{\"@id\":\"https:\/\/www.ghostysky.com\/product\/dji-osmo-action-6-standard-combo\/#primaryimage\"},\"image\":{\"@id\":\"https:\/\/www.ghostysky.com\/product\/dji-osmo-action-6-standard-combo\/#primaryimage\"},\"thumbnailUrl\":\"https:\/\/www.ghostysky.com\/wp-content\/uploads\/2025\/11\/GH_DJI-Osmo-Action-6-Standard-Combo_1.jpg\",\"datePublished\":\"2025-11-19T08:23:45+00:00\",\"dateModified\":\"2025-11-23T09:29:23+00:00\",\"description\":\"The DJI Osmo Action 6 redefines flagship action camera imaging, pairing a groundbreaking variable aperture lens with an all-new, larger sensor for unparalleled creative flexibility and image quality in any light. The Standard Combo provides everything you need to start capturing your adventures in stunning detail and stability.\",\"breadcrumb\":{\"@id\":\"https:\/\/www.ghostysky.com\/product\/dji-osmo-action-6-standard-combo\/#breadcrumb\"},\"inLanguage\":\"fr-FR\",\"potentialAction\":[{\"@type\":\"ReadAction\",\"target\":[\"https:\/\/www.ghostysky.com\/product\/dji-osmo-action-6-standard-combo\/\"]}]},{\"@type\":\"ImageObject\",\"inLanguage\":\"fr-FR\",\"@id\":\"https:\/\/www.ghostysky.com\/product\/dji-osmo-action-6-standard-combo\/#primaryimage\",\"url\":\"https:\/\/www.ghostysky.com\/wp-content\/uploads\/2025\/11\/GH_DJI-Osmo-Action-6-Standard-Combo_1.jpg\",\"contentUrl\":\"https:\/\/www.ghostysky.com\/wp-content\/uploads\/2025\/11\/GH_DJI-Osmo-Action-6-Standard-Combo_1.jpg\",\"width\":800,\"height\":800},{\"@type\":\"BreadcrumbList\",\"@id\":\"https:\/\/www.ghostysky.com\/product\/dji-osmo-action-6-standard-combo\/#breadcrumb\",\"itemListElement\":[{\"@type\":\"ListItem\",\"position\":1,\"name\":\"Home\",\"item\":\"https:\/\/www.ghostysky.com\/\"},{\"@type\":\"ListItem\",\"position\":2,\"name\":\"Shop\",\"item\":\"https:\/\/www.ghostysky.com\/shop\/\"},{\"@type\":\"ListItem\",\"position\":3,\"name\":\"DJI Osmo Action 6 Standard Combo\"}]},{\"@type\":\"WebSite\",\"@id\":\"https:\/\/www.ghostysky.com\/#website\",\"url\":\"https:\/\/www.ghostysky.com\/\",\"name\":\"Ghostysky\",\"description\":\"Delivering professional drones and services\",\"publisher\":{\"@id\":\"https:\/\/www.ghostysky.com\/#organization\"},\"potentialAction\":[{\"@type\":\"SearchAction\",\"target\":{\"@type\":\"EntryPoint\",\"urlTemplate\":\"https:\/\/www.ghostysky.com\/?s={search_term_string}\"},\"query-input\":{\"@type\":\"PropertyValueSpecification\",\"valueRequired\":true,\"valueName\":\"search_term_string\"}}],\"inLanguage\":\"fr-FR\"},{\"@type\":\"Organization\",\"@id\":\"https:\/\/www.ghostysky.com\/#organization\",\"name\":\"Ghostysky\",\"url\":\"https:\/\/www.ghostysky.com\/\",\"logo\":{\"@type\":\"ImageObject\",\"inLanguage\":\"fr-FR\",\"@id\":\"https:\/\/www.ghostysky.com\/#\/schema\/logo\/image\/\",\"url\":\"https:\/\/www.ghostysky.com\/wp-content\/uploads\/2020\/06\/cropped-ghostyskylogo_text_white2.png\",\"contentUrl\":\"https:\/\/www.ghostysky.com\/wp-content\/uploads\/2020\/06\/cropped-ghostyskylogo_text_white2.png\",\"width\":169,\"height\":56,\"caption\":\"Ghostysky\"},\"image\":{\"@id\":\"https:\/\/www.ghostysky.com\/#\/schema\/logo\/image\/\"},\"sameAs\":[\"https:\/\/www.facebook.com\/people\/Ghostysky\/100057676170234\/\",\"https:\/\/x.com\/Gh0stysky\",\"https:\/\/www.linkedin.com\/company\/34739653\",\"https:\/\/www.instagram.com\/gh0stysky\"]}]}<\/script>\n<!-- \/ Yoast SEO plugin. -->","yoast_head_json":{"title":"DJI Osmo Action 6 Standard Combo - Ghostysky","description":"La DJI Osmo Action 6 red\u00e9finit l&#039;imagerie des cam\u00e9ras d&#039;action haut de gamme, en associant un objectif \u00e0 ouverture variable r\u00e9volutionnaire \u00e0 un tout nouveau capteur plus grand pour une flexibilit\u00e9 cr\u00e9ative et une qualit\u00e9 d&#039;image in\u00e9gal\u00e9es, quelles que soient les conditions d&#039;\u00e9clairage. Le pack standard contient tout le n\u00e9cessaire pour immortaliser vos aventures avec une nettet\u00e9 et une stabilit\u00e9 exceptionnelles.","robots":{"index":"index","follow":"follow","max-snippet":"max-snippet:-1","max-image-preview":"max-image-preview:large","max-video-preview":"max-video-preview:-1"},"canonical":"https:\/\/www.ghostysky.com\/fr\/product\/dji-osmo-action-6-standard-combo\/","og_locale":"fr_FR","og_type":"article","og_title":"DJI Osmo Action 6 Standard Combo - Ghostysky","og_description":"The DJI Osmo Action 6 redefines flagship action camera imaging, pairing a groundbreaking variable aperture lens with an all-new, larger sensor for unparalleled creative flexibility and image quality in any light. The Standard Combo provides everything you need to start capturing your adventures in stunning detail and stability.","og_url":"https:\/\/www.ghostysky.com\/fr\/product\/dji-osmo-action-6-standard-combo\/","og_site_name":"Ghostysky","article_publisher":"https:\/\/www.facebook.com\/people\/Ghostysky\/100057676170234\/","article_modified_time":"2025-11-23T09:29:23+00:00","og_image":[{"width":800,"height":800,"url":"https:\/\/www.ghostysky.com\/wp-content\/uploads\/2025\/11\/GH_DJI-Osmo-Action-6-Standard-Combo_1.jpg","type":"image\/jpeg"}],"twitter_card":"summary_large_image","twitter_site":"@Gh0stysky","twitter_misc":{"Dur\u00e9e de lecture estim\u00e9e":"2 minutes"},"schema":{"@context":"https:\/\/schema.org","@graph":[{"@type":"WebPage","@id":"https:\/\/www.ghostysky.com\/product\/dji-osmo-action-6-standard-combo\/","url":"https:\/\/www.ghostysky.com\/product\/dji-osmo-action-6-standard-combo\/","name":"DJI Osmo Action 6 Standard Combo - Ghostysky","isPartOf":{"@id":"https:\/\/www.ghostysky.com\/#website"},"primaryImageOfPage":{"@id":"https:\/\/www.ghostysky.com\/product\/dji-osmo-action-6-standard-combo\/#primaryimage"},"image":{"@id":"https:\/\/www.ghostysky.com\/product\/dji-osmo-action-6-standard-combo\/#primaryimage"},"thumbnailUrl":"https:\/\/www.ghostysky.com\/wp-content\/uploads\/2025\/11\/GH_DJI-Osmo-Action-6-Standard-Combo_1.jpg","datePublished":"2025-11-19T08:23:45+00:00","dateModified":"2025-11-23T09:29:23+00:00","description":"La DJI Osmo Action 6 red\u00e9finit l&#039;imagerie des cam\u00e9ras d&#039;action haut de gamme, en associant un objectif \u00e0 ouverture variable r\u00e9volutionnaire \u00e0 un tout nouveau capteur plus grand pour une flexibilit\u00e9 cr\u00e9ative et une qualit\u00e9 d&#039;image in\u00e9gal\u00e9es, quelles que soient les conditions d&#039;\u00e9clairage. Le pack standard contient tout le n\u00e9cessaire pour immortaliser vos aventures avec une nettet\u00e9 et une stabilit\u00e9 exceptionnelles.","breadcrumb":{"@id":"https:\/\/www.ghostysky.com\/product\/dji-osmo-action-6-standard-combo\/#breadcrumb"},"inLanguage":"fr-FR","potentialAction":[{"@type":"ReadAction","target":["https:\/\/www.ghostysky.com\/product\/dji-osmo-action-6-standard-combo\/"]}]},{"@type":"ImageObject","inLanguage":"fr-FR","@id":"https:\/\/www.ghostysky.com\/product\/dji-osmo-action-6-standard-combo\/#primaryimage","url":"https:\/\/www.ghostysky.com\/wp-content\/uploads\/2025\/11\/GH_DJI-Osmo-Action-6-Standard-Combo_1.jpg","contentUrl":"https:\/\/www.ghostysky.com\/wp-content\/uploads\/2025\/11\/GH_DJI-Osmo-Action-6-Standard-Combo_1.jpg","width":800,"height":800},{"@type":"BreadcrumbList","@id":"https:\/\/www.ghostysky.com\/product\/dji-osmo-action-6-standard-combo\/#breadcrumb","itemListElement":[{"@type":"ListItem","position":1,"name":"Home","item":"https:\/\/www.ghostysky.com\/"},{"@type":"ListItem","position":2,"name":"Shop","item":"https:\/\/www.ghostysky.com\/shop\/"},{"@type":"ListItem","position":3,"name":"DJI Osmo Action 6 Standard Combo"}]},{"@type":"WebSite","@id":"https:\/\/www.ghostysky.com\/#website","url":"https:\/\/www.ghostysky.com\/","name":"Ghostysky","description":"Livraison de drones et de services professionnels","publisher":{"@id":"https:\/\/www.ghostysky.com\/#organization"},"potentialAction":[{"@type":"SearchAction","target":{"@type":"EntryPoint","urlTemplate":"https:\/\/www.ghostysky.com\/?s={search_term_string}"},"query-input":{"@type":"PropertyValueSpecification","valueRequired":true,"valueName":"search_term_string"}}],"inLanguage":"fr-FR"},{"@type":"Organization","@id":"https:\/\/www.ghostysky.com\/#organization","name":"Ghostysky","url":"https:\/\/www.ghostysky.com\/","logo":{"@type":"ImageObject","inLanguage":"fr-FR","@id":"https:\/\/www.ghostysky.com\/#\/schema\/logo\/image\/","url":"https:\/\/www.ghostysky.com\/wp-content\/uploads\/2020\/06\/cropped-ghostyskylogo_text_white2.png","contentUrl":"https:\/\/www.ghostysky.com\/wp-content\/uploads\/2020\/06\/cropped-ghostyskylogo_text_white2.png","width":169,"height":56,"caption":"Ghostysky"},"image":{"@id":"https:\/\/www.ghostysky.com\/#\/schema\/logo\/image\/"},"sameAs":["https:\/\/www.facebook.com\/people\/Ghostysky\/100057676170234\/","https:\/\/x.com\/Gh0stysky","https:\/\/www.linkedin.com\/company\/34739653","https:\/\/www.instagram.com\/gh0stysky"]}]}},"_links":{"self":[{"href":"https:\/\/www.ghostysky.com\/fr\/wp-json\/wp\/v2\/product\/23291","targetHints":{"allow":["GET"]}}],"collection":[{"href":"https:\/\/www.ghostysky.com\/fr\/wp-json\/wp\/v2\/product"}],"about":[{"href":"https:\/\/www.ghostysky.com\/fr\/wp-json\/wp\/v2\/types\/product"}],"replies":[{"embeddable":true,"href":"https:\/\/www.ghostysky.com\/fr\/wp-json\/wp\/v2\/comments?post=23291"}],"wp:featuredmedia":[{"embeddable":true,"href":"https:\/\/www.ghostysky.com\/fr\/wp-json\/wp\/v2\/media\/23295"}],"wp:attachment":[{"href":"https:\/\/www.ghostysky.com\/fr\/wp-json\/wp\/v2\/media?parent=23291"}],"wp:term":[{"taxonomy":"product_brand","embeddable":true,"href":"https:\/\/www.ghostysky.com\/fr\/wp-json\/wp\/v2\/product_brand?post=23291"},{"taxonomy":"product_cat","embeddable":true,"href":"https:\/\/www.ghostysky.com\/fr\/wp-json\/wp\/v2\/product_cat?post=23291"},{"taxonomy":"product_tag","embeddable":true,"href":"https:\/\/www.ghostysky.com\/fr\/wp-json\/wp\/v2\/product_tag?post=23291"}],"curies":[{"name":"wp","href":"https:\/\/api.w.org\/{rel}","templated":true}]}}