{"id":23296,"date":"2025-11-19T08:30:50","date_gmt":"2025-11-19T08:30:50","guid":{"rendered":"https:\/\/www.ghostysky.com\/?post_type=product&#038;p=23296"},"modified":"2025-11-23T09:28:29","modified_gmt":"2025-11-23T09:28:29","slug":"dji-osmo-action-6-macro-lens","status":"publish","type":"product","link":"https:\/\/www.ghostysky.com\/fr\/product\/dji-osmo-action-6-macro-lens\/","title":{"rendered":"Objectif macro DJI Osmo Action 6"},"content":{"rendered":"<h4>Caract\u00e9ristiques principales<\/h4>\n<ul data-path-to-node=\"3\">\n<li>\n<p data-path-to-node=\"3,0,0\"><b>Mise au point tr\u00e8s rapproch\u00e9e :<\/b><span class=\"citation-249\"> Rapprochez-vous plus que jamais de votre sujet gr\u00e2ce \u00e0 une plage de mise au point manuelle de <\/span><b><span class=\"citation-249\">11 \u00e0 75 cm<\/span><\/b><span class=\"citation-249 citation-end-249\"> (de 4,3 \u00e0 29,5 pouces).<\/span> <span class=\"citation-248 citation-end-248\">Cela r\u00e9duit consid\u00e9rablement la distance minimale de mise au point de l&#039;Osmo Action 6 pour une v\u00e9ritable prise de vue macro.<\/span><\/p>\n<\/li>\n<li>\n<p data-path-to-node=\"3,1,0\"><b>Faible profondeur de champ :<\/b><span class=\"citation-247 citation-end-247\"> Utilisez la fonction de mise au point rapproch\u00e9e pour cr\u00e9er une profondeur de champ r\u00e9duite, naturelle et saisissante.<\/span> <span class=\"citation-246 citation-end-246\">Gardez votre sujet parfaitement net tandis que l&#039;arri\u00e8re-plan se floute magnifiquement, ajoutant ainsi une touche professionnelle et artistique \u00e0 vos vid\u00e9os de nourriture, de fleurs ou d&#039;animaux de compagnie.<\/span><\/p>\n<\/li>\n<li>\n<p data-path-to-node=\"3,2,0\"><b><span class=\"citation-245\">Mise au point manuelle avec l&#039;application Mimo\u00a0:<\/span><\/b><span class=\"citation-245 citation-end-245\"> Obtenez facilement une mise au point pr\u00e9cise en tournant manuellement la bague de mise au point.<\/span> <span class=\"citation-244\">Vous pouvez peaufiner votre tir en utilisant <\/span><b><span class=\"citation-244\">Focus Peaking<\/span><\/b><span class=\"citation-244 citation-end-244\"> Cette fonctionnalit\u00e9 de l&#039;application DJI Mimo garantit une nettet\u00e9 parfaite de chaque d\u00e9tail.<\/span><\/p>\n<\/li>\n<li>\n<p data-path-to-node=\"3,3,0\"><b>Int\u00e9gration transparente :<\/b> Cet objectif d\u00e9di\u00e9 est con\u00e7u pour s&#039;adapter parfaitement \u00e0 l&#039;Osmo Action 6, rempla\u00e7ant ainsi l&#039;objectif de protection d&#039;origine de la cam\u00e9ra.<\/p>\n<\/li>\n<\/ul>\n<h4>Note sur la durabilit\u00e9<\/h4>\n<p data-path-to-node=\"5\"><span class=\"citation-243\">Veuillez noter que l&#039;objectif macro est <\/span><b><span class=\"citation-243\">r\u00e9sistant aux \u00e9claboussures<\/span><\/b><span class=\"citation-243\"> mais <\/span><b><span class=\"citation-243\">non \u00e9tanche<\/span><\/b><span class=\"citation-243\"> et est <\/span><b><span class=\"citation-243\">ne convient pas \u00e0 une utilisation sous-marine<\/span><\/b><span class=\"citation-243 citation-end-243\"> (par exemple, la plong\u00e9e).<\/span><\/p>\n<h4>Sp\u00e9cifications (r\u00e9sum\u00e9)<\/h4>\n<table data-path-to-node=\"7\">\n<thead>\n<tr>\n<td><strong>Fonctionnalit\u00e9<\/strong><\/td>\n<td><strong>D\u00e9tail<\/strong><\/td>\n<\/tr>\n<\/thead>\n<tbody>\n<tr>\n<td data-path-to-node=\"7,1,0,0\"><b>Compatibilit\u00e9<\/b><\/td>\n<td data-path-to-node=\"7,1,1,0\">DJI Osmo Action 6<\/td>\n<\/tr>\n<tr>\n<td data-path-to-node=\"7,2,0,0\"><b>Plage de mise au point<\/b><\/td>\n<td data-path-to-node=\"7,2,1,0\">11 \u00e0 75 cm (mise au point manuelle)<\/td>\n<\/tr>\n<tr>\n<td data-path-to-node=\"7,3,0,0\"><b>R\u00e9sistance<\/b><\/td>\n<td data-path-to-node=\"7,3,1,0\">R\u00e9sistant aux \u00e9claboussures (non \u00e9tanche \u00e0 l&#039;immersion)<\/td>\n<\/tr>\n<tr>\n<td data-path-to-node=\"7,4,0,0\"><b>Dimensions<\/b><\/td>\n<td data-path-to-node=\"7,4,1,0\"><span class=\"math-inline\" data-math=\"46 \\times 46 \\times 18.52 \\text{ mm}\">46 x 46 x 18,52 mm<\/span>\u00a0(L\u00d7l\u00d7H)<\/td>\n<\/tr>\n<tr>\n<td data-path-to-node=\"7,5,0,0\"><b>Poids<\/b><\/td>\n<td data-path-to-node=\"7,5,1,0\">47 g<\/td>\n<\/tr>\n<\/tbody>\n<\/table>\n<p data-path-to-node=\"8\"><span class=\"citation-242 citation-end-242\">Capturez des d\u00e9tails macro \u00e0 couper le souffle et d\u00e9bloquez un nouveau monde de possibilit\u00e9s cr\u00e9atives avec votre Osmo Action 6.<\/span><\/p>","protected":false},"excerpt":{"rendered":"<p><span class=\"citation-251\">Am\u00e9liorez la qualit\u00e9 de vos images de cam\u00e9ra d&#039;action avec le <\/span><b><span class=\"citation-251\">Objectif macro DJI Osmo Action 6<\/span><\/b><span class=\"citation-251 citation-end-251\">, l&#039;accessoire indispensable pour capturer le monde cach\u00e9 avec une pr\u00e9cision extr\u00eame.<\/span> <span class=\"citation-250 citation-end-250\">Con\u00e7u sp\u00e9cifiquement pour l&#039;Osmo Action 6, cet objectif remplace le cache-objectif standard pour transformer votre cam\u00e9ra d&#039;action en un puissant outil de gros plan, parfait pour les cr\u00e9ateurs qui souhaitent explorer des sujets complexes.<\/span><\/p>","protected":false},"featured_media":23300,"comment_status":"open","ping_status":"closed","template":"","meta":[],"product_brand":[1031],"product_cat":[37,1301,1302,29],"product_tag":[42,1303,1305],"class_list":{"0":"post-23296","1":"product","2":"type-product","3":"status-publish","4":"has-post-thumbnail","6":"product_brand-dji","7":"product_cat-dji","8":"product_cat-dji-handled","9":"product_cat-dji-osmo-action-6","10":"product_cat-drones","11":"product_tag-dji","12":"product_tag-osmo-action-6","13":"product_tag-osmo-action-6-accessories","15":"first","16":"outofstock","17":"taxable","18":"shipping-taxable","19":"purchasable","20":"product-type-simple"},"yoast_head":"<!-- This site is optimized with the Yoast SEO plugin v27.1.1 - https:\/\/yoast.com\/product\/yoast-seo-wordpress\/ -->\n<title>DJI Osmo Action 6 Macro Lens - Ghostysky<\/title>\n<meta name=\"description\" content=\"Elevate your action camera footage with the DJI Osmo Action 6 Macro Lens, the essential accessory for capturing the hidden world in extreme detail. Designed specifically for the Osmo Action 6, this lens replaces the standard lens cover to transform your action camera into a powerful close-up tool, perfect for creators who want to explore intricate subjects.\" \/>\n<meta name=\"robots\" content=\"index, follow, max-snippet:-1, max-image-preview:large, max-video-preview:-1\" \/>\n<link rel=\"canonical\" href=\"https:\/\/www.ghostysky.com\/fr\/product\/dji-osmo-action-6-macro-lens\/\" \/>\n<meta property=\"og:locale\" content=\"fr_FR\" \/>\n<meta property=\"og:type\" content=\"article\" \/>\n<meta property=\"og:title\" content=\"DJI Osmo Action 6 Macro Lens - Ghostysky\" \/>\n<meta property=\"og:description\" content=\"Elevate your action camera footage with the DJI Osmo Action 6 Macro Lens, the essential accessory for capturing the hidden world in extreme detail. Designed specifically for the Osmo Action 6, this lens replaces the standard lens cover to transform your action camera into a powerful close-up tool, perfect for creators who want to explore intricate subjects.\" \/>\n<meta property=\"og:url\" content=\"https:\/\/www.ghostysky.com\/fr\/product\/dji-osmo-action-6-macro-lens\/\" \/>\n<meta property=\"og:site_name\" content=\"Ghostysky\" \/>\n<meta property=\"article:publisher\" content=\"https:\/\/www.facebook.com\/people\/Ghostysky\/100057676170234\/\" \/>\n<meta property=\"article:modified_time\" content=\"2025-11-23T09:28:29+00:00\" \/>\n<meta property=\"og:image\" content=\"https:\/\/www.ghostysky.com\/wp-content\/uploads\/2025\/11\/GH_DJI-Osmo-Action-6-Macro-Lens_1.jpg\" \/>\n\t<meta property=\"og:image:width\" content=\"800\" \/>\n\t<meta property=\"og:image:height\" content=\"800\" \/>\n\t<meta property=\"og:image:type\" content=\"image\/jpeg\" \/>\n<meta name=\"twitter:card\" content=\"summary_large_image\" \/>\n<meta name=\"twitter:site\" content=\"@Gh0stysky\" \/>\n<meta name=\"twitter:label1\" content=\"Dur\u00e9e de lecture estim\u00e9e\" \/>\n\t<meta name=\"twitter:data1\" content=\"2 minutes\" \/>\n<script type=\"application\/ld+json\" class=\"yoast-schema-graph\">{\"@context\":\"https:\/\/schema.org\",\"@graph\":[{\"@type\":\"WebPage\",\"@id\":\"https:\/\/www.ghostysky.com\/product\/dji-osmo-action-6-macro-lens\/\",\"url\":\"https:\/\/www.ghostysky.com\/product\/dji-osmo-action-6-macro-lens\/\",\"name\":\"DJI Osmo Action 6 Macro Lens - Ghostysky\",\"isPartOf\":{\"@id\":\"https:\/\/www.ghostysky.com\/#website\"},\"primaryImageOfPage\":{\"@id\":\"https:\/\/www.ghostysky.com\/product\/dji-osmo-action-6-macro-lens\/#primaryimage\"},\"image\":{\"@id\":\"https:\/\/www.ghostysky.com\/product\/dji-osmo-action-6-macro-lens\/#primaryimage\"},\"thumbnailUrl\":\"https:\/\/www.ghostysky.com\/wp-content\/uploads\/2025\/11\/GH_DJI-Osmo-Action-6-Macro-Lens_1.jpg\",\"datePublished\":\"2025-11-19T08:30:50+00:00\",\"dateModified\":\"2025-11-23T09:28:29+00:00\",\"description\":\"Elevate your action camera footage with the DJI Osmo Action 6 Macro Lens, the essential accessory for capturing the hidden world in extreme detail. Designed specifically for the Osmo Action 6, this lens replaces the standard lens cover to transform your action camera into a powerful close-up tool, perfect for creators who want to explore intricate subjects.\",\"breadcrumb\":{\"@id\":\"https:\/\/www.ghostysky.com\/product\/dji-osmo-action-6-macro-lens\/#breadcrumb\"},\"inLanguage\":\"fr-FR\",\"potentialAction\":[{\"@type\":\"ReadAction\",\"target\":[\"https:\/\/www.ghostysky.com\/product\/dji-osmo-action-6-macro-lens\/\"]}]},{\"@type\":\"ImageObject\",\"inLanguage\":\"fr-FR\",\"@id\":\"https:\/\/www.ghostysky.com\/product\/dji-osmo-action-6-macro-lens\/#primaryimage\",\"url\":\"https:\/\/www.ghostysky.com\/wp-content\/uploads\/2025\/11\/GH_DJI-Osmo-Action-6-Macro-Lens_1.jpg\",\"contentUrl\":\"https:\/\/www.ghostysky.com\/wp-content\/uploads\/2025\/11\/GH_DJI-Osmo-Action-6-Macro-Lens_1.jpg\",\"width\":800,\"height\":800},{\"@type\":\"BreadcrumbList\",\"@id\":\"https:\/\/www.ghostysky.com\/product\/dji-osmo-action-6-macro-lens\/#breadcrumb\",\"itemListElement\":[{\"@type\":\"ListItem\",\"position\":1,\"name\":\"Home\",\"item\":\"https:\/\/www.ghostysky.com\/\"},{\"@type\":\"ListItem\",\"position\":2,\"name\":\"Shop\",\"item\":\"https:\/\/www.ghostysky.com\/shop\/\"},{\"@type\":\"ListItem\",\"position\":3,\"name\":\"DJI Osmo Action 6 Macro Lens\"}]},{\"@type\":\"WebSite\",\"@id\":\"https:\/\/www.ghostysky.com\/#website\",\"url\":\"https:\/\/www.ghostysky.com\/\",\"name\":\"Ghostysky\",\"description\":\"Delivering professional drones and services\",\"publisher\":{\"@id\":\"https:\/\/www.ghostysky.com\/#organization\"},\"potentialAction\":[{\"@type\":\"SearchAction\",\"target\":{\"@type\":\"EntryPoint\",\"urlTemplate\":\"https:\/\/www.ghostysky.com\/?s={search_term_string}\"},\"query-input\":{\"@type\":\"PropertyValueSpecification\",\"valueRequired\":true,\"valueName\":\"search_term_string\"}}],\"inLanguage\":\"fr-FR\"},{\"@type\":\"Organization\",\"@id\":\"https:\/\/www.ghostysky.com\/#organization\",\"name\":\"Ghostysky\",\"url\":\"https:\/\/www.ghostysky.com\/\",\"logo\":{\"@type\":\"ImageObject\",\"inLanguage\":\"fr-FR\",\"@id\":\"https:\/\/www.ghostysky.com\/#\/schema\/logo\/image\/\",\"url\":\"https:\/\/www.ghostysky.com\/wp-content\/uploads\/2020\/06\/cropped-ghostyskylogo_text_white2.png\",\"contentUrl\":\"https:\/\/www.ghostysky.com\/wp-content\/uploads\/2020\/06\/cropped-ghostyskylogo_text_white2.png\",\"width\":169,\"height\":56,\"caption\":\"Ghostysky\"},\"image\":{\"@id\":\"https:\/\/www.ghostysky.com\/#\/schema\/logo\/image\/\"},\"sameAs\":[\"https:\/\/www.facebook.com\/people\/Ghostysky\/100057676170234\/\",\"https:\/\/x.com\/Gh0stysky\",\"https:\/\/www.linkedin.com\/company\/34739653\",\"https:\/\/www.instagram.com\/gh0stysky\"]}]}<\/script>\n<!-- \/ Yoast SEO plugin. -->","yoast_head_json":{"title":"Objectif macro DJI Osmo Action 6 - Ghostysky","description":"Sublimez vos prises de vue avec l&#039;objectif macro DJI Osmo Action 6, l&#039;accessoire indispensable pour capturer le monde cach\u00e9 avec une pr\u00e9cision extr\u00eame. Con\u00e7u sp\u00e9cifiquement pour l&#039;Osmo Action 6, cet objectif remplace le cache d&#039;objectif standard et transforme votre cam\u00e9ra d&#039;action en un puissant outil de gros plan, id\u00e9al pour les cr\u00e9ateurs souhaitant explorer des sujets complexes.","robots":{"index":"index","follow":"follow","max-snippet":"max-snippet:-1","max-image-preview":"max-image-preview:large","max-video-preview":"max-video-preview:-1"},"canonical":"https:\/\/www.ghostysky.com\/fr\/product\/dji-osmo-action-6-macro-lens\/","og_locale":"fr_FR","og_type":"article","og_title":"DJI Osmo Action 6 Macro Lens - Ghostysky","og_description":"Elevate your action camera footage with the DJI Osmo Action 6 Macro Lens, the essential accessory for capturing the hidden world in extreme detail. Designed specifically for the Osmo Action 6, this lens replaces the standard lens cover to transform your action camera into a powerful close-up tool, perfect for creators who want to explore intricate subjects.","og_url":"https:\/\/www.ghostysky.com\/fr\/product\/dji-osmo-action-6-macro-lens\/","og_site_name":"Ghostysky","article_publisher":"https:\/\/www.facebook.com\/people\/Ghostysky\/100057676170234\/","article_modified_time":"2025-11-23T09:28:29+00:00","og_image":[{"width":800,"height":800,"url":"https:\/\/www.ghostysky.com\/wp-content\/uploads\/2025\/11\/GH_DJI-Osmo-Action-6-Macro-Lens_1.jpg","type":"image\/jpeg"}],"twitter_card":"summary_large_image","twitter_site":"@Gh0stysky","twitter_misc":{"Dur\u00e9e de lecture estim\u00e9e":"2 minutes"},"schema":{"@context":"https:\/\/schema.org","@graph":[{"@type":"WebPage","@id":"https:\/\/www.ghostysky.com\/product\/dji-osmo-action-6-macro-lens\/","url":"https:\/\/www.ghostysky.com\/product\/dji-osmo-action-6-macro-lens\/","name":"Objectif macro DJI Osmo Action 6 - Ghostysky","isPartOf":{"@id":"https:\/\/www.ghostysky.com\/#website"},"primaryImageOfPage":{"@id":"https:\/\/www.ghostysky.com\/product\/dji-osmo-action-6-macro-lens\/#primaryimage"},"image":{"@id":"https:\/\/www.ghostysky.com\/product\/dji-osmo-action-6-macro-lens\/#primaryimage"},"thumbnailUrl":"https:\/\/www.ghostysky.com\/wp-content\/uploads\/2025\/11\/GH_DJI-Osmo-Action-6-Macro-Lens_1.jpg","datePublished":"2025-11-19T08:30:50+00:00","dateModified":"2025-11-23T09:28:29+00:00","description":"Sublimez vos prises de vue avec l&#039;objectif macro DJI Osmo Action 6, l&#039;accessoire indispensable pour capturer le monde cach\u00e9 avec une pr\u00e9cision extr\u00eame. Con\u00e7u sp\u00e9cifiquement pour l&#039;Osmo Action 6, cet objectif remplace le cache d&#039;objectif standard et transforme votre cam\u00e9ra d&#039;action en un puissant outil de gros plan, id\u00e9al pour les cr\u00e9ateurs souhaitant explorer des sujets complexes.","breadcrumb":{"@id":"https:\/\/www.ghostysky.com\/product\/dji-osmo-action-6-macro-lens\/#breadcrumb"},"inLanguage":"fr-FR","potentialAction":[{"@type":"ReadAction","target":["https:\/\/www.ghostysky.com\/product\/dji-osmo-action-6-macro-lens\/"]}]},{"@type":"ImageObject","inLanguage":"fr-FR","@id":"https:\/\/www.ghostysky.com\/product\/dji-osmo-action-6-macro-lens\/#primaryimage","url":"https:\/\/www.ghostysky.com\/wp-content\/uploads\/2025\/11\/GH_DJI-Osmo-Action-6-Macro-Lens_1.jpg","contentUrl":"https:\/\/www.ghostysky.com\/wp-content\/uploads\/2025\/11\/GH_DJI-Osmo-Action-6-Macro-Lens_1.jpg","width":800,"height":800},{"@type":"BreadcrumbList","@id":"https:\/\/www.ghostysky.com\/product\/dji-osmo-action-6-macro-lens\/#breadcrumb","itemListElement":[{"@type":"ListItem","position":1,"name":"Home","item":"https:\/\/www.ghostysky.com\/"},{"@type":"ListItem","position":2,"name":"Shop","item":"https:\/\/www.ghostysky.com\/shop\/"},{"@type":"ListItem","position":3,"name":"DJI Osmo Action 6 Macro Lens"}]},{"@type":"WebSite","@id":"https:\/\/www.ghostysky.com\/#website","url":"https:\/\/www.ghostysky.com\/","name":"Ghostysky","description":"Livraison de drones et de services professionnels","publisher":{"@id":"https:\/\/www.ghostysky.com\/#organization"},"potentialAction":[{"@type":"SearchAction","target":{"@type":"EntryPoint","urlTemplate":"https:\/\/www.ghostysky.com\/?s={search_term_string}"},"query-input":{"@type":"PropertyValueSpecification","valueRequired":true,"valueName":"search_term_string"}}],"inLanguage":"fr-FR"},{"@type":"Organization","@id":"https:\/\/www.ghostysky.com\/#organization","name":"Ghostysky","url":"https:\/\/www.ghostysky.com\/","logo":{"@type":"ImageObject","inLanguage":"fr-FR","@id":"https:\/\/www.ghostysky.com\/#\/schema\/logo\/image\/","url":"https:\/\/www.ghostysky.com\/wp-content\/uploads\/2020\/06\/cropped-ghostyskylogo_text_white2.png","contentUrl":"https:\/\/www.ghostysky.com\/wp-content\/uploads\/2020\/06\/cropped-ghostyskylogo_text_white2.png","width":169,"height":56,"caption":"Ghostysky"},"image":{"@id":"https:\/\/www.ghostysky.com\/#\/schema\/logo\/image\/"},"sameAs":["https:\/\/www.facebook.com\/people\/Ghostysky\/100057676170234\/","https:\/\/x.com\/Gh0stysky","https:\/\/www.linkedin.com\/company\/34739653","https:\/\/www.instagram.com\/gh0stysky"]}]}},"_links":{"self":[{"href":"https:\/\/www.ghostysky.com\/fr\/wp-json\/wp\/v2\/product\/23296","targetHints":{"allow":["GET"]}}],"collection":[{"href":"https:\/\/www.ghostysky.com\/fr\/wp-json\/wp\/v2\/product"}],"about":[{"href":"https:\/\/www.ghostysky.com\/fr\/wp-json\/wp\/v2\/types\/product"}],"replies":[{"embeddable":true,"href":"https:\/\/www.ghostysky.com\/fr\/wp-json\/wp\/v2\/comments?post=23296"}],"wp:featuredmedia":[{"embeddable":true,"href":"https:\/\/www.ghostysky.com\/fr\/wp-json\/wp\/v2\/media\/23300"}],"wp:attachment":[{"href":"https:\/\/www.ghostysky.com\/fr\/wp-json\/wp\/v2\/media?parent=23296"}],"wp:term":[{"taxonomy":"product_brand","embeddable":true,"href":"https:\/\/www.ghostysky.com\/fr\/wp-json\/wp\/v2\/product_brand?post=23296"},{"taxonomy":"product_cat","embeddable":true,"href":"https:\/\/www.ghostysky.com\/fr\/wp-json\/wp\/v2\/product_cat?post=23296"},{"taxonomy":"product_tag","embeddable":true,"href":"https:\/\/www.ghostysky.com\/fr\/wp-json\/wp\/v2\/product_tag?post=23296"}],"curies":[{"name":"wp","href":"https:\/\/api.w.org\/{rel}","templated":true}]}}