{"id":23302,"date":"2025-11-19T08:42:30","date_gmt":"2025-11-19T08:42:30","guid":{"rendered":"https:\/\/www.ghostysky.com\/?post_type=product&#038;p=23302"},"modified":"2025-11-23T09:27:03","modified_gmt":"2025-11-23T09:27:03","slug":"dji-osmo-action-dual-direction-battery-handle","status":"publish","type":"product","link":"https:\/\/www.ghostysky.com\/fr\/product\/dji-osmo-action-dual-direction-battery-handle\/","title":{"rendered":"Poign\u00e9e de batterie bidirectionnelle DJI Osmo Action"},"content":{"rendered":"<h4>Caract\u00e9ristiques principales<\/h4>\n<ul data-path-to-node=\"3\">\n<li>\n<p data-path-to-node=\"3,0,0\"><b>Batterie int\u00e9gr\u00e9e de grande capacit\u00e9\u00a0:<\/b><span class=\"citation-274\"> Dot\u00e9 d&#039;un substantiel <\/span><b><span class=\"citation-274\">4900 mAh<\/span><\/b><span class=\"citation-274 citation-end-274\"> Gr\u00e2ce \u00e0 sa batterie, votre cam\u00e9ra Osmo Action b\u00e9n\u00e9ficie d&#039;une autonomie prolong\u00e9e, augmentant consid\u00e9rablement votre temps de prise de vue pour ne jamais rater un instant.<\/span><\/p>\n<\/li>\n<li>\n<p data-path-to-node=\"3,1,0\"><b><span class=\"citation-273\">Syst\u00e8me de d\u00e9gagement rapide bidirectionnel\u00a0:<\/span><\/b><span class=\"citation-273 citation-end-273\"> Il pr\u00e9sente un design qui compl\u00e8te le syst\u00e8me de fixation rapide de l&#039;appareil photo, permettant un montage et un d\u00e9montage rapides et faciles dans diff\u00e9rentes directions afin d&#039;\u00e9largir vos possibilit\u00e9s de prise de vue cr\u00e9atives.<\/span><\/p>\n<\/li>\n<li>\n<p data-path-to-node=\"3,2,0\"><b><span class=\"citation-272\">Commandes int\u00e9gr\u00e9es\u00a0:<\/span><\/b><span class=\"citation-272 citation-end-272\"> La poign\u00e9e peut comporter des boutons int\u00e9gr\u00e9s (tels que d\u00e9clencheur\/enregistrement, commutation rapide et marche\/arr\u00eat) pour vous permettre de contr\u00f4ler facilement et d&#039;une seule main les fonctions de votre appareil photo, m\u00eame en d\u00e9placement.<\/span><\/p>\n<\/li>\n<li>\n<p data-path-to-node=\"3,3,0\"><b>Connectivit\u00e9 du microphone\u00a0:<\/b> Il comprend un <b>Entr\u00e9e microphone TRS 3,5 mm<\/b> port permettant de connecter un microphone externe \u00e0 trois \u00e9tages de 3,5 mm pour une capture audio de haute qualit\u00e9 (n\u00e9cessite que la poign\u00e9e soit allum\u00e9e).<\/p>\n<\/li>\n<li>\n<p data-path-to-node=\"3,4,0\"><b><span class=\"citation-271\">Extension d&#039;accessoires\u00a0:<\/span><\/b><span class=\"citation-271 citation-end-271\"> Au-del\u00e0 de sa puissance, la poign\u00e9e est con\u00e7ue pour supporter de nombreux accessoires, ce qui accro\u00eet l&#039;utilit\u00e9 et la polyvalence de l&#039;appareil photo dans diff\u00e9rentes situations de prise de vue.<\/span><\/p>\n<\/li>\n<li>\n<p data-path-to-node=\"3,5,0\"><b><span class=\"citation-270\">Conception ergonomique :<\/span><\/b><span class=\"citation-270 citation-end-270\"> Avec des dimensions de \u00a0<\/span><span class=\"math-inline\" data-math=\"37.8 \\times 44.2 \\times 181 \\text{ mm}\">37,8 x 44,2 x 181 mm<\/span><span class=\"citation-269 citation-end-269\"> et un poids de\u00a0 <\/span><span class=\"math-inline\" data-math=\"207 \\text{ g}\">207 g<\/span><span class=\"citation-268 citation-end-268\">La poign\u00e9e offre une prise en main s\u00fbre et confortable pour la prise de vue \u00e0 main lev\u00e9e.<\/span><\/p>\n<\/li>\n<\/ul>\n<h4>Dans la bo\u00eete<\/h4>\n<ul data-path-to-node=\"5\">\n<li>\n<p data-path-to-node=\"5,0,0\"><span class=\"citation-267 citation-end-267\">Poign\u00e9e de batterie bidirectionnelle Osmo Action<\/span><\/p>\n<\/li>\n<li>\n<p data-path-to-node=\"5,1,0\"><span class=\"citation-266 citation-end-266\">Protection du port de chargement (pour maintenir la r\u00e9sistance aux \u00e9claboussures lorsque le cache USB-C de l&#039;appareil photo est retir\u00e9)<\/span><\/p>\n<\/li>\n<li>\n<p data-path-to-node=\"5,2,0\"><span class=\"citation-265 citation-end-265\">Dragonne DJI<\/span><\/p>\n<\/li>\n<\/ul>\n<p data-path-to-node=\"6\"><b>Note:<\/b><span class=\"citation-264 citation-end-264\"> Il est recommand\u00e9 de laisser une batterie install\u00e9e dans l&#039;appareil photo lors de l&#039;utilisation de la poign\u00e9e afin de garantir une alimentation stable.<\/span>\u00a0La poign\u00e9e est <b>non \u00e9tanche<\/b> et ne doit pas \u00eatre plac\u00e9 dans l&#039;eau.<\/p>","protected":false},"excerpt":{"rendered":"<p>Prolongez le plaisir de l&#039;action avec le <b>Poign\u00e9e de batterie bidirectionnelle DJI Osmo Action<\/b>. <span class=\"citation-275 citation-end-275\">Sp\u00e9cialement con\u00e7u pour l&#039;Osmo Action 6 (et potentiellement d&#039;autres mod\u00e8les compatibles), cet accessoire polyvalent sert \u00e0 la fois de poign\u00e9e confortable et de batterie externe puissante et durable.<\/span><\/p>","protected":false},"featured_media":23304,"comment_status":"open","ping_status":"closed","template":"","meta":[],"product_brand":[],"product_cat":[37,1301,1302],"product_tag":[42,1303,1305],"class_list":{"0":"post-23302","1":"product","2":"type-product","3":"status-publish","4":"has-post-thumbnail","6":"product_cat-dji","7":"product_cat-dji-handled","8":"product_cat-dji-osmo-action-6","9":"product_tag-dji","10":"product_tag-osmo-action-6","11":"product_tag-osmo-action-6-accessories","13":"first","14":"outofstock","15":"taxable","16":"shipping-taxable","17":"purchasable","18":"product-type-simple"},"yoast_head":"<!-- This site is optimized with the Yoast SEO plugin v27.1.1 - https:\/\/yoast.com\/product\/yoast-seo-wordpress\/ -->\n<title>DJI Osmo Action Dual-Direction Battery Handle - Ghostysky<\/title>\n<meta name=\"description\" content=\"Keep the action rolling for longer with the DJI Osmo Action Dual-Direction Battery Handle. Specifically designed for the Osmo Action 6 (and potentially other compatible models), this versatile accessory acts as both a comfortable hand grip and a powerful, long-lasting external battery.\" \/>\n<meta name=\"robots\" content=\"index, follow, max-snippet:-1, max-image-preview:large, max-video-preview:-1\" \/>\n<link rel=\"canonical\" href=\"https:\/\/www.ghostysky.com\/fr\/product\/dji-osmo-action-dual-direction-battery-handle\/\" \/>\n<meta property=\"og:locale\" content=\"fr_FR\" \/>\n<meta property=\"og:type\" content=\"article\" \/>\n<meta property=\"og:title\" content=\"DJI Osmo Action Dual-Direction Battery Handle - Ghostysky\" \/>\n<meta property=\"og:description\" content=\"Keep the action rolling for longer with the DJI Osmo Action Dual-Direction Battery Handle. Specifically designed for the Osmo Action 6 (and potentially other compatible models), this versatile accessory acts as both a comfortable hand grip and a powerful, long-lasting external battery.\" \/>\n<meta property=\"og:url\" content=\"https:\/\/www.ghostysky.com\/fr\/product\/dji-osmo-action-dual-direction-battery-handle\/\" \/>\n<meta property=\"og:site_name\" content=\"Ghostysky\" \/>\n<meta property=\"article:publisher\" content=\"https:\/\/www.facebook.com\/people\/Ghostysky\/100057676170234\/\" \/>\n<meta property=\"article:modified_time\" content=\"2025-11-23T09:27:03+00:00\" \/>\n<meta property=\"og:image\" content=\"https:\/\/www.ghostysky.com\/wp-content\/uploads\/2025\/11\/GH_DJI-Osmo-Action-Dual-Direction-Battery-Handle_1.jpg\" \/>\n\t<meta property=\"og:image:width\" content=\"800\" \/>\n\t<meta property=\"og:image:height\" content=\"800\" \/>\n\t<meta property=\"og:image:type\" content=\"image\/jpeg\" \/>\n<meta name=\"twitter:card\" content=\"summary_large_image\" \/>\n<meta name=\"twitter:site\" content=\"@Gh0stysky\" \/>\n<meta name=\"twitter:label1\" content=\"Dur\u00e9e de lecture estim\u00e9e\" \/>\n\t<meta name=\"twitter:data1\" content=\"2 minutes\" \/>\n<script type=\"application\/ld+json\" class=\"yoast-schema-graph\">{\"@context\":\"https:\/\/schema.org\",\"@graph\":[{\"@type\":\"WebPage\",\"@id\":\"https:\/\/www.ghostysky.com\/product\/dji-osmo-action-dual-direction-battery-handle\/\",\"url\":\"https:\/\/www.ghostysky.com\/product\/dji-osmo-action-dual-direction-battery-handle\/\",\"name\":\"DJI Osmo Action Dual-Direction Battery Handle - Ghostysky\",\"isPartOf\":{\"@id\":\"https:\/\/www.ghostysky.com\/#website\"},\"primaryImageOfPage\":{\"@id\":\"https:\/\/www.ghostysky.com\/product\/dji-osmo-action-dual-direction-battery-handle\/#primaryimage\"},\"image\":{\"@id\":\"https:\/\/www.ghostysky.com\/product\/dji-osmo-action-dual-direction-battery-handle\/#primaryimage\"},\"thumbnailUrl\":\"https:\/\/www.ghostysky.com\/wp-content\/uploads\/2025\/11\/GH_DJI-Osmo-Action-Dual-Direction-Battery-Handle_1.jpg\",\"datePublished\":\"2025-11-19T08:42:30+00:00\",\"dateModified\":\"2025-11-23T09:27:03+00:00\",\"description\":\"Keep the action rolling for longer with the DJI Osmo Action Dual-Direction Battery Handle. Specifically designed for the Osmo Action 6 (and potentially other compatible models), this versatile accessory acts as both a comfortable hand grip and a powerful, long-lasting external battery.\",\"breadcrumb\":{\"@id\":\"https:\/\/www.ghostysky.com\/product\/dji-osmo-action-dual-direction-battery-handle\/#breadcrumb\"},\"inLanguage\":\"fr-FR\",\"potentialAction\":[{\"@type\":\"ReadAction\",\"target\":[\"https:\/\/www.ghostysky.com\/product\/dji-osmo-action-dual-direction-battery-handle\/\"]}]},{\"@type\":\"ImageObject\",\"inLanguage\":\"fr-FR\",\"@id\":\"https:\/\/www.ghostysky.com\/product\/dji-osmo-action-dual-direction-battery-handle\/#primaryimage\",\"url\":\"https:\/\/www.ghostysky.com\/wp-content\/uploads\/2025\/11\/GH_DJI-Osmo-Action-Dual-Direction-Battery-Handle_1.jpg\",\"contentUrl\":\"https:\/\/www.ghostysky.com\/wp-content\/uploads\/2025\/11\/GH_DJI-Osmo-Action-Dual-Direction-Battery-Handle_1.jpg\",\"width\":800,\"height\":800},{\"@type\":\"BreadcrumbList\",\"@id\":\"https:\/\/www.ghostysky.com\/product\/dji-osmo-action-dual-direction-battery-handle\/#breadcrumb\",\"itemListElement\":[{\"@type\":\"ListItem\",\"position\":1,\"name\":\"Home\",\"item\":\"https:\/\/www.ghostysky.com\/\"},{\"@type\":\"ListItem\",\"position\":2,\"name\":\"Shop\",\"item\":\"https:\/\/www.ghostysky.com\/shop\/\"},{\"@type\":\"ListItem\",\"position\":3,\"name\":\"DJI Osmo Action Dual-Direction Battery Handle\"}]},{\"@type\":\"WebSite\",\"@id\":\"https:\/\/www.ghostysky.com\/#website\",\"url\":\"https:\/\/www.ghostysky.com\/\",\"name\":\"Ghostysky\",\"description\":\"Delivering professional drones and services\",\"publisher\":{\"@id\":\"https:\/\/www.ghostysky.com\/#organization\"},\"potentialAction\":[{\"@type\":\"SearchAction\",\"target\":{\"@type\":\"EntryPoint\",\"urlTemplate\":\"https:\/\/www.ghostysky.com\/?s={search_term_string}\"},\"query-input\":{\"@type\":\"PropertyValueSpecification\",\"valueRequired\":true,\"valueName\":\"search_term_string\"}}],\"inLanguage\":\"fr-FR\"},{\"@type\":\"Organization\",\"@id\":\"https:\/\/www.ghostysky.com\/#organization\",\"name\":\"Ghostysky\",\"url\":\"https:\/\/www.ghostysky.com\/\",\"logo\":{\"@type\":\"ImageObject\",\"inLanguage\":\"fr-FR\",\"@id\":\"https:\/\/www.ghostysky.com\/#\/schema\/logo\/image\/\",\"url\":\"https:\/\/www.ghostysky.com\/wp-content\/uploads\/2020\/06\/cropped-ghostyskylogo_text_white2.png\",\"contentUrl\":\"https:\/\/www.ghostysky.com\/wp-content\/uploads\/2020\/06\/cropped-ghostyskylogo_text_white2.png\",\"width\":169,\"height\":56,\"caption\":\"Ghostysky\"},\"image\":{\"@id\":\"https:\/\/www.ghostysky.com\/#\/schema\/logo\/image\/\"},\"sameAs\":[\"https:\/\/www.facebook.com\/people\/Ghostysky\/100057676170234\/\",\"https:\/\/x.com\/Gh0stysky\",\"https:\/\/www.linkedin.com\/company\/34739653\",\"https:\/\/www.instagram.com\/gh0stysky\"]}]}<\/script>\n<!-- \/ Yoast SEO plugin. -->","yoast_head_json":{"title":"Poign\u00e9e de batterie bidirectionnelle pour DJI Osmo Action - Ghostysky","description":"Prolongez l&#039;action gr\u00e2ce \u00e0 la poign\u00e9e d&#039;alimentation bidirectionnelle DJI Osmo Action. Con\u00e7ue sp\u00e9cifiquement pour l&#039;Osmo Action 6 (et potentiellement d&#039;autres mod\u00e8les compatibles), cette poign\u00e9e polyvalente sert \u00e0 la fois de poign\u00e9e confortable et de batterie externe puissante et longue dur\u00e9e.","robots":{"index":"index","follow":"follow","max-snippet":"max-snippet:-1","max-image-preview":"max-image-preview:large","max-video-preview":"max-video-preview:-1"},"canonical":"https:\/\/www.ghostysky.com\/fr\/product\/dji-osmo-action-dual-direction-battery-handle\/","og_locale":"fr_FR","og_type":"article","og_title":"DJI Osmo Action Dual-Direction Battery Handle - Ghostysky","og_description":"Keep the action rolling for longer with the DJI Osmo Action Dual-Direction Battery Handle. Specifically designed for the Osmo Action 6 (and potentially other compatible models), this versatile accessory acts as both a comfortable hand grip and a powerful, long-lasting external battery.","og_url":"https:\/\/www.ghostysky.com\/fr\/product\/dji-osmo-action-dual-direction-battery-handle\/","og_site_name":"Ghostysky","article_publisher":"https:\/\/www.facebook.com\/people\/Ghostysky\/100057676170234\/","article_modified_time":"2025-11-23T09:27:03+00:00","og_image":[{"width":800,"height":800,"url":"https:\/\/www.ghostysky.com\/wp-content\/uploads\/2025\/11\/GH_DJI-Osmo-Action-Dual-Direction-Battery-Handle_1.jpg","type":"image\/jpeg"}],"twitter_card":"summary_large_image","twitter_site":"@Gh0stysky","twitter_misc":{"Dur\u00e9e de lecture estim\u00e9e":"2 minutes"},"schema":{"@context":"https:\/\/schema.org","@graph":[{"@type":"WebPage","@id":"https:\/\/www.ghostysky.com\/product\/dji-osmo-action-dual-direction-battery-handle\/","url":"https:\/\/www.ghostysky.com\/product\/dji-osmo-action-dual-direction-battery-handle\/","name":"Poign\u00e9e de batterie bidirectionnelle pour DJI Osmo Action - Ghostysky","isPartOf":{"@id":"https:\/\/www.ghostysky.com\/#website"},"primaryImageOfPage":{"@id":"https:\/\/www.ghostysky.com\/product\/dji-osmo-action-dual-direction-battery-handle\/#primaryimage"},"image":{"@id":"https:\/\/www.ghostysky.com\/product\/dji-osmo-action-dual-direction-battery-handle\/#primaryimage"},"thumbnailUrl":"https:\/\/www.ghostysky.com\/wp-content\/uploads\/2025\/11\/GH_DJI-Osmo-Action-Dual-Direction-Battery-Handle_1.jpg","datePublished":"2025-11-19T08:42:30+00:00","dateModified":"2025-11-23T09:27:03+00:00","description":"Prolongez l&#039;action gr\u00e2ce \u00e0 la poign\u00e9e d&#039;alimentation bidirectionnelle DJI Osmo Action. Con\u00e7ue sp\u00e9cifiquement pour l&#039;Osmo Action 6 (et potentiellement d&#039;autres mod\u00e8les compatibles), cette poign\u00e9e polyvalente sert \u00e0 la fois de poign\u00e9e confortable et de batterie externe puissante et longue dur\u00e9e.","breadcrumb":{"@id":"https:\/\/www.ghostysky.com\/product\/dji-osmo-action-dual-direction-battery-handle\/#breadcrumb"},"inLanguage":"fr-FR","potentialAction":[{"@type":"ReadAction","target":["https:\/\/www.ghostysky.com\/product\/dji-osmo-action-dual-direction-battery-handle\/"]}]},{"@type":"ImageObject","inLanguage":"fr-FR","@id":"https:\/\/www.ghostysky.com\/product\/dji-osmo-action-dual-direction-battery-handle\/#primaryimage","url":"https:\/\/www.ghostysky.com\/wp-content\/uploads\/2025\/11\/GH_DJI-Osmo-Action-Dual-Direction-Battery-Handle_1.jpg","contentUrl":"https:\/\/www.ghostysky.com\/wp-content\/uploads\/2025\/11\/GH_DJI-Osmo-Action-Dual-Direction-Battery-Handle_1.jpg","width":800,"height":800},{"@type":"BreadcrumbList","@id":"https:\/\/www.ghostysky.com\/product\/dji-osmo-action-dual-direction-battery-handle\/#breadcrumb","itemListElement":[{"@type":"ListItem","position":1,"name":"Home","item":"https:\/\/www.ghostysky.com\/"},{"@type":"ListItem","position":2,"name":"Shop","item":"https:\/\/www.ghostysky.com\/shop\/"},{"@type":"ListItem","position":3,"name":"DJI Osmo Action Dual-Direction Battery Handle"}]},{"@type":"WebSite","@id":"https:\/\/www.ghostysky.com\/#website","url":"https:\/\/www.ghostysky.com\/","name":"Ghostysky","description":"Livraison de drones et de services professionnels","publisher":{"@id":"https:\/\/www.ghostysky.com\/#organization"},"potentialAction":[{"@type":"SearchAction","target":{"@type":"EntryPoint","urlTemplate":"https:\/\/www.ghostysky.com\/?s={search_term_string}"},"query-input":{"@type":"PropertyValueSpecification","valueRequired":true,"valueName":"search_term_string"}}],"inLanguage":"fr-FR"},{"@type":"Organization","@id":"https:\/\/www.ghostysky.com\/#organization","name":"Ghostysky","url":"https:\/\/www.ghostysky.com\/","logo":{"@type":"ImageObject","inLanguage":"fr-FR","@id":"https:\/\/www.ghostysky.com\/#\/schema\/logo\/image\/","url":"https:\/\/www.ghostysky.com\/wp-content\/uploads\/2020\/06\/cropped-ghostyskylogo_text_white2.png","contentUrl":"https:\/\/www.ghostysky.com\/wp-content\/uploads\/2020\/06\/cropped-ghostyskylogo_text_white2.png","width":169,"height":56,"caption":"Ghostysky"},"image":{"@id":"https:\/\/www.ghostysky.com\/#\/schema\/logo\/image\/"},"sameAs":["https:\/\/www.facebook.com\/people\/Ghostysky\/100057676170234\/","https:\/\/x.com\/Gh0stysky","https:\/\/www.linkedin.com\/company\/34739653","https:\/\/www.instagram.com\/gh0stysky"]}]}},"_links":{"self":[{"href":"https:\/\/www.ghostysky.com\/fr\/wp-json\/wp\/v2\/product\/23302","targetHints":{"allow":["GET"]}}],"collection":[{"href":"https:\/\/www.ghostysky.com\/fr\/wp-json\/wp\/v2\/product"}],"about":[{"href":"https:\/\/www.ghostysky.com\/fr\/wp-json\/wp\/v2\/types\/product"}],"replies":[{"embeddable":true,"href":"https:\/\/www.ghostysky.com\/fr\/wp-json\/wp\/v2\/comments?post=23302"}],"wp:featuredmedia":[{"embeddable":true,"href":"https:\/\/www.ghostysky.com\/fr\/wp-json\/wp\/v2\/media\/23304"}],"wp:attachment":[{"href":"https:\/\/www.ghostysky.com\/fr\/wp-json\/wp\/v2\/media?parent=23302"}],"wp:term":[{"taxonomy":"product_brand","embeddable":true,"href":"https:\/\/www.ghostysky.com\/fr\/wp-json\/wp\/v2\/product_brand?post=23302"},{"taxonomy":"product_cat","embeddable":true,"href":"https:\/\/www.ghostysky.com\/fr\/wp-json\/wp\/v2\/product_cat?post=23302"},{"taxonomy":"product_tag","embeddable":true,"href":"https:\/\/www.ghostysky.com\/fr\/wp-json\/wp\/v2\/product_tag?post=23302"}],"curies":[{"name":"wp","href":"https:\/\/api.w.org\/{rel}","templated":true}]}}