{"id":23319,"date":"2025-11-20T12:50:32","date_gmt":"2025-11-20T12:50:32","guid":{"rendered":"https:\/\/www.ghostysky.com\/?post_type=product&#038;p=23319"},"modified":"2025-11-23T09:27:36","modified_gmt":"2025-11-23T09:27:36","slug":"dji-osmo-action-6-fov-boost-lens","status":"publish","type":"product","link":"https:\/\/www.ghostysky.com\/fr\/product\/dji-osmo-action-6-fov-boost-lens\/","title":{"rendered":"Objectif d&#039;am\u00e9lioration du champ de vision pour DJI Osmo Action 6"},"content":{"rendered":"<h4 data-start=\"426\" data-end=\"442\"><strong data-start=\"426\" data-end=\"442\">Caract\u00e9ristiques principales<\/strong><\/h4>\n<ul data-start=\"444\" data-end=\"1636\">\n<li data-start=\"444\" data-end=\"624\">\n<p data-start=\"446\" data-end=\"624\"><strong data-start=\"446\" data-end=\"472\">Perspective ultra-large<\/strong>: \u00c9largit le champ de vision de l&#039;Action 6 de 155\u00b0 \u00e0 182\u00b0, capturant ainsi une plus grande partie de votre environnement dans une seule image.<\/p>\n<\/li>\n<li data-start=\"625\" data-end=\"829\">\n<p data-start=\"627\" data-end=\"829\"><strong data-start=\"627\" data-end=\"655\">Commutation automatique de mode<\/strong>L&#039;appareil photo d\u00e9tecte automatiquement l&#039;objectif une fois fix\u00e9 et passe en mode \u00ab FOV Boost \u00bb, vous n&#039;avez donc pas besoin de modifier les r\u00e9glages.<\/p>\n<\/li>\n<li data-start=\"830\" data-end=\"995\">\n<p data-start=\"832\" data-end=\"995\"><strong data-start=\"832\" data-end=\"857\">Correction de la distorsion<\/strong>: Maintient une excellente qualit\u00e9 d&#039;image gr\u00e2ce \u00e0 une correction de la distorsion qui compense l&#039;angle de vue extr\u00eamement large.<\/p>\n<\/li>\n<li data-start=\"996\" data-end=\"1232\">\n<p data-start=\"998\" data-end=\"1232\"><strong data-start=\"998\" data-end=\"1018\">R\u00e9sistance \u00e0 l&#039;eau<\/strong>Une fois correctement fix\u00e9e, la lentille supporte <strong data-start=\"1061\" data-end=\"1088\">jusqu&#039;\u00e0 5 m\u00e8tres (\u224816 pieds)<\/strong> Elle est r\u00e9sistante \u00e0 l&#039;eau, bien que l&#039;utilisation en eaux profondes ne soit pas recommand\u00e9e en raison d&#039;une possible distorsion de l&#039;image.<\/p>\n<\/li>\n<li data-start=\"1233\" data-end=\"1473\">\n<p data-start=\"1235\" data-end=\"1473\"><strong data-start=\"1235\" data-end=\"1266\">Compatibilit\u00e9 des modes de prise de vue<\/strong>: Prend en charge diff\u00e9rents modes \u2014 Photo, Vid\u00e9o, Portrait, Suivi du sujet, Acc\u00e9l\u00e9r\u00e9 et SuperNuit \u2014 avec une prise en charge compl\u00e8te des r\u00e9solutions et des fr\u00e9quences d&#039;images dans ces modes.<\/p>\n<\/li>\n<li data-start=\"1474\" data-end=\"1636\">\n<p data-start=\"1476\" data-end=\"1636\"><strong data-start=\"1476\" data-end=\"1493\">Stabilisation<\/strong>: Continue de fonctionner avec la stabilisation d&#039;image \u00e9lectronique RockSteady (RS) ou HorizonBalancing (HB) de DJI.<\/p>\n<\/li>\n<\/ul>\n<h4 data-start=\"1638\" data-end=\"1656\"><strong data-start=\"1638\" data-end=\"1656\">Conception et construction<\/strong><\/h4>\n<ul data-start=\"1658\" data-end=\"2101\">\n<li data-start=\"1658\" data-end=\"1850\">\n<p data-start=\"1660\" data-end=\"1850\"><strong data-start=\"1660\" data-end=\"1685\">Compact et l\u00e9ger<\/strong>: Ses dimensions sont de 38,65 \u00d7 38,65 \u00d7 17,64 mm et son poids d&#039;environ 40 g, ce qui le rend facile \u00e0 transporter et \u00e0 monter sans ajouter d&#039;encombrement significatif.<\/p>\n<\/li>\n<li data-start=\"1851\" data-end=\"1946\">\n<p data-start=\"1853\" data-end=\"1946\"><strong data-start=\"1853\" data-end=\"1867\">Durabilit\u00e9<\/strong>Fonctionne de mani\u00e8re fiable entre 0\u00b0 et 45\u00b0C.<\/p>\n<\/li>\n<li data-start=\"1947\" data-end=\"2101\">\n<p data-start=\"1949\" data-end=\"2101\"><strong data-start=\"1949\" data-end=\"1963\">Protection<\/strong>: Comprend un capuchon sup\u00e9rieur en silicone pour prot\u00e9ger la lentille frontale et un \u00e9tui de rangement pour un transport en toute s\u00e9curit\u00e9.<\/p>\n<\/li>\n<\/ul>\n<h4 data-start=\"2103\" data-end=\"2116\"><strong data-start=\"2103\" data-end=\"2116\">Cas d&#039;utilisation<\/strong><\/h4>\n<ul data-start=\"2118\" data-end=\"2442\">\n<li data-start=\"2118\" data-end=\"2239\">\n<p data-start=\"2120\" data-end=\"2239\">Id\u00e9al pour <strong data-start=\"2130\" data-end=\"2160\">prises de vue immersives en vue subjective<\/strong> \u2014 pensez au surf, au v\u00e9lo, au ski ou \u00e0 toute activit\u00e9 se d\u00e9roulant en vue subjective.<\/p>\n<\/li>\n<li data-start=\"2240\" data-end=\"2344\">\n<p data-start=\"2242\" data-end=\"2344\">Parfait pour <strong data-start=\"2254\" data-end=\"2281\">captures de vastes paysages<\/strong>, ce qui vous permet de cadrer des sc\u00e8nes plus spectaculaires sans avoir \u00e0 effectuer de panoramique.<\/p>\n<\/li>\n<li data-start=\"2345\" data-end=\"2442\">\n<p data-start=\"2347\" data-end=\"2442\">Id\u00e9al pour <strong data-start=\"2357\" data-end=\"2369\">vlogging<\/strong> ou des plans cin\u00e9matographiques cr\u00e9atifs o\u00f9 vous souhaitez mettre l&#039;accent sur l&#039;\u00e9chelle et la profondeur.<\/p>\n<\/li>\n<\/ul>\n<h4 data-start=\"2444\" data-end=\"2476\"><strong data-start=\"2444\" data-end=\"2476\">Limitations \/ Consid\u00e9rations<\/strong><\/h4>\n<ul data-start=\"2478\" data-end=\"2949\">\n<li data-start=\"2478\" data-end=\"2612\">\n<p data-start=\"2480\" data-end=\"2612\"><strong data-start=\"2480\" data-end=\"2498\">Pas de ralenti<\/strong>Le mode ralenti n&#039;est pas pris en charge lorsque l&#039;objectif FOV Boost est install\u00e9.<\/p>\n<\/li>\n<li data-start=\"2613\" data-end=\"2803\">\n<p data-start=\"2615\" data-end=\"2803\"><strong data-start=\"2615\" data-end=\"2640\">D\u00e9formation sous-marine<\/strong>Bien qu&#039;\u00e9tanche jusqu&#039;\u00e0 5 m, sa conception grand angle peut provoquer une distorsion sous l&#039;eau, elle n&#039;est donc pas con\u00e7ue pour la plong\u00e9e profonde.<\/p>\n<\/li>\n<li data-start=\"2804\" data-end=\"2949\">\n<p data-start=\"2806\" data-end=\"2949\"><strong data-start=\"2806\" data-end=\"2821\">prix<\/strong>Il s&#039;agit d&#039;un accessoire s\u00e9par\u00e9 (non fourni avec l&#039;appareil photo), il y a donc un co\u00fbt suppl\u00e9mentaire.<\/p>\n<\/li>\n<\/ul>\n<h4 data-start=\"2951\" data-end=\"2965\"><strong data-start=\"2951\" data-end=\"2965\">Dans la bo\u00eete<\/strong><\/h4>\n<ul data-start=\"2967\" data-end=\"3169\">\n<li data-start=\"2967\" data-end=\"3029\">\n<p data-start=\"2969\" data-end=\"3029\">Objectif d&#039;am\u00e9lioration du champ de vision 1x<\/p>\n<\/li>\n<li data-start=\"3030\" data-end=\"3096\">\n<p data-start=\"3032\" data-end=\"3096\">1x couvercle sup\u00e9rieur en silicone<\/p>\n<\/li>\n<li data-start=\"3097\" data-end=\"3169\">\n<p data-start=\"3099\" data-end=\"3169\">1 \u00e9tui de transport de protection<\/p>\n<\/li>\n<\/ul>","protected":false},"excerpt":{"rendered":"<p>L&#039;objectif DJI Osmo Action 6 FOV Boost est un accessoire optique haute performance con\u00e7u pour \u00e9largir consid\u00e9rablement le champ de vision de votre cam\u00e9ra Action 6. Une fois fix\u00e9, il transforme le champ de vision natif de 155\u00b0 en un champ de vision ultra-large. <strong data-start=\"323\" data-end=\"331\">182\u00b0<\/strong>, offrant des prises de vue d&#039;action plus immersives, d&#039;un bord \u00e0 l&#039;autre de l&#039;\u00e9cran.<\/p>","protected":false},"featured_media":23323,"comment_status":"open","ping_status":"closed","template":"","meta":[],"product_brand":[1031],"product_cat":[37,1301,1302,29],"product_tag":[42,1306,1303,1305],"class_list":{"0":"post-23319","1":"product","2":"type-product","3":"status-publish","4":"has-post-thumbnail","6":"product_brand-dji","7":"product_cat-dji","8":"product_cat-dji-handled","9":"product_cat-dji-osmo-action-6","10":"product_cat-drones","11":"product_tag-dji","12":"product_tag-dji-osmo-action","13":"product_tag-osmo-action-6","14":"product_tag-osmo-action-6-accessories","16":"first","17":"outofstock","18":"taxable","19":"shipping-taxable","20":"purchasable","21":"product-type-simple"},"yoast_head":"<!-- This site is optimized with the Yoast SEO plugin v27.1.1 - https:\/\/yoast.com\/product\/yoast-seo-wordpress\/ -->\n<title>DJI Osmo Action 6 FOV Boost Lens - Ghostysky<\/title>\n<meta name=\"description\" content=\"The DJI Osmo Action 6 FOV Boost Lens is a high-performance optical accessory designed to dramatically expand the field of view of your Action 6 camera. When attached, it pushes the native 155\u00b0 FOV out to an ultra-wide 182\u00b0, delivering more immersive, edge-to-edge action shots.\" \/>\n<meta name=\"robots\" content=\"index, follow, max-snippet:-1, max-image-preview:large, max-video-preview:-1\" \/>\n<link rel=\"canonical\" href=\"https:\/\/www.ghostysky.com\/fr\/product\/dji-osmo-action-6-fov-boost-lens\/\" \/>\n<meta property=\"og:locale\" content=\"fr_FR\" \/>\n<meta property=\"og:type\" content=\"article\" \/>\n<meta property=\"og:title\" content=\"DJI Osmo Action 6 FOV Boost Lens - Ghostysky\" \/>\n<meta property=\"og:description\" content=\"The DJI Osmo Action 6 FOV Boost Lens is a high-performance optical accessory designed to dramatically expand the field of view of your Action 6 camera. When attached, it pushes the native 155\u00b0 FOV out to an ultra-wide 182\u00b0, delivering more immersive, edge-to-edge action shots.\" \/>\n<meta property=\"og:url\" content=\"https:\/\/www.ghostysky.com\/fr\/product\/dji-osmo-action-6-fov-boost-lens\/\" \/>\n<meta property=\"og:site_name\" content=\"Ghostysky\" \/>\n<meta property=\"article:publisher\" content=\"https:\/\/www.facebook.com\/people\/Ghostysky\/100057676170234\/\" \/>\n<meta property=\"article:modified_time\" content=\"2025-11-23T09:27:36+00:00\" \/>\n<meta property=\"og:image\" content=\"https:\/\/www.ghostysky.com\/wp-content\/uploads\/2025\/11\/GH_DJI-Osmo-Action-6-FOV-Boost-Lens_1.jpg\" \/>\n\t<meta property=\"og:image:width\" content=\"800\" \/>\n\t<meta property=\"og:image:height\" content=\"800\" \/>\n\t<meta property=\"og:image:type\" content=\"image\/jpeg\" \/>\n<meta name=\"twitter:card\" content=\"summary_large_image\" \/>\n<meta name=\"twitter:site\" content=\"@Gh0stysky\" \/>\n<meta name=\"twitter:label1\" content=\"Dur\u00e9e de lecture estim\u00e9e\" \/>\n\t<meta name=\"twitter:data1\" content=\"2 minutes\" \/>\n<script type=\"application\/ld+json\" class=\"yoast-schema-graph\">{\"@context\":\"https:\/\/schema.org\",\"@graph\":[{\"@type\":\"WebPage\",\"@id\":\"https:\/\/www.ghostysky.com\/product\/dji-osmo-action-6-fov-boost-lens\/\",\"url\":\"https:\/\/www.ghostysky.com\/product\/dji-osmo-action-6-fov-boost-lens\/\",\"name\":\"DJI Osmo Action 6 FOV Boost Lens - Ghostysky\",\"isPartOf\":{\"@id\":\"https:\/\/www.ghostysky.com\/#website\"},\"primaryImageOfPage\":{\"@id\":\"https:\/\/www.ghostysky.com\/product\/dji-osmo-action-6-fov-boost-lens\/#primaryimage\"},\"image\":{\"@id\":\"https:\/\/www.ghostysky.com\/product\/dji-osmo-action-6-fov-boost-lens\/#primaryimage\"},\"thumbnailUrl\":\"https:\/\/www.ghostysky.com\/wp-content\/uploads\/2025\/11\/GH_DJI-Osmo-Action-6-FOV-Boost-Lens_1.jpg\",\"datePublished\":\"2025-11-20T12:50:32+00:00\",\"dateModified\":\"2025-11-23T09:27:36+00:00\",\"description\":\"The DJI Osmo Action 6 FOV Boost Lens is a high-performance optical accessory designed to dramatically expand the field of view of your Action 6 camera. When attached, it pushes the native 155\u00b0 FOV out to an ultra-wide 182\u00b0, delivering more immersive, edge-to-edge action shots.\",\"breadcrumb\":{\"@id\":\"https:\/\/www.ghostysky.com\/product\/dji-osmo-action-6-fov-boost-lens\/#breadcrumb\"},\"inLanguage\":\"fr-FR\",\"potentialAction\":[{\"@type\":\"ReadAction\",\"target\":[\"https:\/\/www.ghostysky.com\/product\/dji-osmo-action-6-fov-boost-lens\/\"]}]},{\"@type\":\"ImageObject\",\"inLanguage\":\"fr-FR\",\"@id\":\"https:\/\/www.ghostysky.com\/product\/dji-osmo-action-6-fov-boost-lens\/#primaryimage\",\"url\":\"https:\/\/www.ghostysky.com\/wp-content\/uploads\/2025\/11\/GH_DJI-Osmo-Action-6-FOV-Boost-Lens_1.jpg\",\"contentUrl\":\"https:\/\/www.ghostysky.com\/wp-content\/uploads\/2025\/11\/GH_DJI-Osmo-Action-6-FOV-Boost-Lens_1.jpg\",\"width\":800,\"height\":800},{\"@type\":\"BreadcrumbList\",\"@id\":\"https:\/\/www.ghostysky.com\/product\/dji-osmo-action-6-fov-boost-lens\/#breadcrumb\",\"itemListElement\":[{\"@type\":\"ListItem\",\"position\":1,\"name\":\"Home\",\"item\":\"https:\/\/www.ghostysky.com\/\"},{\"@type\":\"ListItem\",\"position\":2,\"name\":\"Shop\",\"item\":\"https:\/\/www.ghostysky.com\/shop\/\"},{\"@type\":\"ListItem\",\"position\":3,\"name\":\"DJI Osmo Action 6 FOV Boost Lens\"}]},{\"@type\":\"WebSite\",\"@id\":\"https:\/\/www.ghostysky.com\/#website\",\"url\":\"https:\/\/www.ghostysky.com\/\",\"name\":\"Ghostysky\",\"description\":\"Delivering professional drones and services\",\"publisher\":{\"@id\":\"https:\/\/www.ghostysky.com\/#organization\"},\"potentialAction\":[{\"@type\":\"SearchAction\",\"target\":{\"@type\":\"EntryPoint\",\"urlTemplate\":\"https:\/\/www.ghostysky.com\/?s={search_term_string}\"},\"query-input\":{\"@type\":\"PropertyValueSpecification\",\"valueRequired\":true,\"valueName\":\"search_term_string\"}}],\"inLanguage\":\"fr-FR\"},{\"@type\":\"Organization\",\"@id\":\"https:\/\/www.ghostysky.com\/#organization\",\"name\":\"Ghostysky\",\"url\":\"https:\/\/www.ghostysky.com\/\",\"logo\":{\"@type\":\"ImageObject\",\"inLanguage\":\"fr-FR\",\"@id\":\"https:\/\/www.ghostysky.com\/#\/schema\/logo\/image\/\",\"url\":\"https:\/\/www.ghostysky.com\/wp-content\/uploads\/2020\/06\/cropped-ghostyskylogo_text_white2.png\",\"contentUrl\":\"https:\/\/www.ghostysky.com\/wp-content\/uploads\/2020\/06\/cropped-ghostyskylogo_text_white2.png\",\"width\":169,\"height\":56,\"caption\":\"Ghostysky\"},\"image\":{\"@id\":\"https:\/\/www.ghostysky.com\/#\/schema\/logo\/image\/\"},\"sameAs\":[\"https:\/\/www.facebook.com\/people\/Ghostysky\/100057676170234\/\",\"https:\/\/x.com\/Gh0stysky\",\"https:\/\/www.linkedin.com\/company\/34739653\",\"https:\/\/www.instagram.com\/gh0stysky\"]}]}<\/script>\n<!-- \/ Yoast SEO plugin. -->","yoast_head_json":{"title":"Objectif d&#039;am\u00e9lioration du champ de vision pour DJI Osmo Action 6 - Ghostysky","description":"L&#039;objectif DJI Osmo Action 6 FOV Boost est un accessoire optique haute performance con\u00e7u pour \u00e9largir consid\u00e9rablement le champ de vision de votre cam\u00e9ra Action 6. Une fois install\u00e9, il porte le champ de vision natif de 155\u00b0 \u00e0 un ultra-large 182\u00b0, offrant ainsi des prises de vue d&#039;action plus immersives, couvrant toute l&#039;image.","robots":{"index":"index","follow":"follow","max-snippet":"max-snippet:-1","max-image-preview":"max-image-preview:large","max-video-preview":"max-video-preview:-1"},"canonical":"https:\/\/www.ghostysky.com\/fr\/product\/dji-osmo-action-6-fov-boost-lens\/","og_locale":"fr_FR","og_type":"article","og_title":"DJI Osmo Action 6 FOV Boost Lens - Ghostysky","og_description":"The DJI Osmo Action 6 FOV Boost Lens is a high-performance optical accessory designed to dramatically expand the field of view of your Action 6 camera. When attached, it pushes the native 155\u00b0 FOV out to an ultra-wide 182\u00b0, delivering more immersive, edge-to-edge action shots.","og_url":"https:\/\/www.ghostysky.com\/fr\/product\/dji-osmo-action-6-fov-boost-lens\/","og_site_name":"Ghostysky","article_publisher":"https:\/\/www.facebook.com\/people\/Ghostysky\/100057676170234\/","article_modified_time":"2025-11-23T09:27:36+00:00","og_image":[{"width":800,"height":800,"url":"https:\/\/www.ghostysky.com\/wp-content\/uploads\/2025\/11\/GH_DJI-Osmo-Action-6-FOV-Boost-Lens_1.jpg","type":"image\/jpeg"}],"twitter_card":"summary_large_image","twitter_site":"@Gh0stysky","twitter_misc":{"Dur\u00e9e de lecture estim\u00e9e":"2 minutes"},"schema":{"@context":"https:\/\/schema.org","@graph":[{"@type":"WebPage","@id":"https:\/\/www.ghostysky.com\/product\/dji-osmo-action-6-fov-boost-lens\/","url":"https:\/\/www.ghostysky.com\/product\/dji-osmo-action-6-fov-boost-lens\/","name":"Objectif d&#039;am\u00e9lioration du champ de vision pour DJI Osmo Action 6 - Ghostysky","isPartOf":{"@id":"https:\/\/www.ghostysky.com\/#website"},"primaryImageOfPage":{"@id":"https:\/\/www.ghostysky.com\/product\/dji-osmo-action-6-fov-boost-lens\/#primaryimage"},"image":{"@id":"https:\/\/www.ghostysky.com\/product\/dji-osmo-action-6-fov-boost-lens\/#primaryimage"},"thumbnailUrl":"https:\/\/www.ghostysky.com\/wp-content\/uploads\/2025\/11\/GH_DJI-Osmo-Action-6-FOV-Boost-Lens_1.jpg","datePublished":"2025-11-20T12:50:32+00:00","dateModified":"2025-11-23T09:27:36+00:00","description":"L&#039;objectif DJI Osmo Action 6 FOV Boost est un accessoire optique haute performance con\u00e7u pour \u00e9largir consid\u00e9rablement le champ de vision de votre cam\u00e9ra Action 6. Une fois install\u00e9, il porte le champ de vision natif de 155\u00b0 \u00e0 un ultra-large 182\u00b0, offrant ainsi des prises de vue d&#039;action plus immersives, couvrant toute l&#039;image.","breadcrumb":{"@id":"https:\/\/www.ghostysky.com\/product\/dji-osmo-action-6-fov-boost-lens\/#breadcrumb"},"inLanguage":"fr-FR","potentialAction":[{"@type":"ReadAction","target":["https:\/\/www.ghostysky.com\/product\/dji-osmo-action-6-fov-boost-lens\/"]}]},{"@type":"ImageObject","inLanguage":"fr-FR","@id":"https:\/\/www.ghostysky.com\/product\/dji-osmo-action-6-fov-boost-lens\/#primaryimage","url":"https:\/\/www.ghostysky.com\/wp-content\/uploads\/2025\/11\/GH_DJI-Osmo-Action-6-FOV-Boost-Lens_1.jpg","contentUrl":"https:\/\/www.ghostysky.com\/wp-content\/uploads\/2025\/11\/GH_DJI-Osmo-Action-6-FOV-Boost-Lens_1.jpg","width":800,"height":800},{"@type":"BreadcrumbList","@id":"https:\/\/www.ghostysky.com\/product\/dji-osmo-action-6-fov-boost-lens\/#breadcrumb","itemListElement":[{"@type":"ListItem","position":1,"name":"Home","item":"https:\/\/www.ghostysky.com\/"},{"@type":"ListItem","position":2,"name":"Shop","item":"https:\/\/www.ghostysky.com\/shop\/"},{"@type":"ListItem","position":3,"name":"DJI Osmo Action 6 FOV Boost Lens"}]},{"@type":"WebSite","@id":"https:\/\/www.ghostysky.com\/#website","url":"https:\/\/www.ghostysky.com\/","name":"Ghostysky","description":"Livraison de drones et de services professionnels","publisher":{"@id":"https:\/\/www.ghostysky.com\/#organization"},"potentialAction":[{"@type":"SearchAction","target":{"@type":"EntryPoint","urlTemplate":"https:\/\/www.ghostysky.com\/?s={search_term_string}"},"query-input":{"@type":"PropertyValueSpecification","valueRequired":true,"valueName":"search_term_string"}}],"inLanguage":"fr-FR"},{"@type":"Organization","@id":"https:\/\/www.ghostysky.com\/#organization","name":"Ghostysky","url":"https:\/\/www.ghostysky.com\/","logo":{"@type":"ImageObject","inLanguage":"fr-FR","@id":"https:\/\/www.ghostysky.com\/#\/schema\/logo\/image\/","url":"https:\/\/www.ghostysky.com\/wp-content\/uploads\/2020\/06\/cropped-ghostyskylogo_text_white2.png","contentUrl":"https:\/\/www.ghostysky.com\/wp-content\/uploads\/2020\/06\/cropped-ghostyskylogo_text_white2.png","width":169,"height":56,"caption":"Ghostysky"},"image":{"@id":"https:\/\/www.ghostysky.com\/#\/schema\/logo\/image\/"},"sameAs":["https:\/\/www.facebook.com\/people\/Ghostysky\/100057676170234\/","https:\/\/x.com\/Gh0stysky","https:\/\/www.linkedin.com\/company\/34739653","https:\/\/www.instagram.com\/gh0stysky"]}]}},"_links":{"self":[{"href":"https:\/\/www.ghostysky.com\/fr\/wp-json\/wp\/v2\/product\/23319","targetHints":{"allow":["GET"]}}],"collection":[{"href":"https:\/\/www.ghostysky.com\/fr\/wp-json\/wp\/v2\/product"}],"about":[{"href":"https:\/\/www.ghostysky.com\/fr\/wp-json\/wp\/v2\/types\/product"}],"replies":[{"embeddable":true,"href":"https:\/\/www.ghostysky.com\/fr\/wp-json\/wp\/v2\/comments?post=23319"}],"wp:featuredmedia":[{"embeddable":true,"href":"https:\/\/www.ghostysky.com\/fr\/wp-json\/wp\/v2\/media\/23323"}],"wp:attachment":[{"href":"https:\/\/www.ghostysky.com\/fr\/wp-json\/wp\/v2\/media?parent=23319"}],"wp:term":[{"taxonomy":"product_brand","embeddable":true,"href":"https:\/\/www.ghostysky.com\/fr\/wp-json\/wp\/v2\/product_brand?post=23319"},{"taxonomy":"product_cat","embeddable":true,"href":"https:\/\/www.ghostysky.com\/fr\/wp-json\/wp\/v2\/product_cat?post=23319"},{"taxonomy":"product_tag","embeddable":true,"href":"https:\/\/www.ghostysky.com\/fr\/wp-json\/wp\/v2\/product_tag?post=23319"}],"curies":[{"name":"wp","href":"https:\/\/api.w.org\/{rel}","templated":true}]}}