{"id":23327,"date":"2025-11-20T13:21:11","date_gmt":"2025-11-20T13:21:11","guid":{"rendered":"https:\/\/www.ghostysky.com\/?post_type=product&#038;p=23327"},"modified":"2025-11-23T09:24:43","modified_gmt":"2025-11-23T09:24:43","slug":"dji-osmo-action-6-diving-accessory-kit","status":"publish","type":"product","link":"https:\/\/www.ghostysky.com\/fr\/product\/dji-osmo-action-6-diving-accessory-kit\/","title":{"rendered":"Kit d&#039;accessoires de plong\u00e9e DJI Osmo Action 6"},"content":{"rendered":"<h4>Principales caract\u00e9ristiques et avantages<\/h4>\n<ul data-path-to-node=\"4\">\n<li>\n<p data-path-to-node=\"4,0,0\"><b><span class=\"citation-20\">Protection imperm\u00e9able ultime :<\/span><\/b><span class=\"citation-20\"> Le inclus <\/span><b><span class=\"citation-20\">\u00c9tui \u00e9tanche pour Osmo Action 6<\/span><\/b><span class=\"citation-20\"> offre un bo\u00eetier \u00e9tanche et s\u00e9curis\u00e9, \u00e9tendant ainsi la r\u00e9sistance \u00e0 l&#039;eau de votre appareil photo \u00e0 <\/span><b><span class=\"citation-20\">60 m\u00e8tres (197 pieds)<\/span><\/b><span class=\"citation-20 citation-end-20\">, vous permettant d&#039;explorer et de filmer en toute s\u00e9curit\u00e9 les environnements en eaux profondes.<\/span><\/p>\n<\/li>\n<li>\n<p data-path-to-node=\"4,1,0\"><b>Images nettes et sans brouillard :<\/b><span class=\"citation-19\"> Combattez la condensation et les variations de temp\u00e9rature avec <\/span><b><span class=\"citation-19\">Inserts anti-bu\u00e9e<\/span><\/b><span class=\"citation-19 citation-end-19\"> (6 paires incluses).<\/span> <span class=\"citation-18 citation-end-18\">Ces petites pi\u00e8ces essentielles se rangent dans l&#039;\u00e9tui \u00e9tanche pour garantir que votre objectif reste clair et offre des images d&#039;une nettet\u00e9 exceptionnelle, m\u00eame lors de plong\u00e9es prolong\u00e9es.<\/span><\/p>\n<\/li>\n<li>\n<p data-path-to-node=\"4,2,0\"><b>Flottabilit\u00e9 et s\u00e9curit\u00e9 essentielles :<\/b><span class=\"citation-17\"> L&#039;orange vif <\/span><b><span class=\"citation-17\">Poign\u00e9e flottante DJI<\/span><\/b><span class=\"citation-17 citation-end-17\"> Elle permet \u00e0 votre appareil photo de rester \u00e0 flot et facile \u00e0 rep\u00e9rer en cas de chute, ce qui la rend id\u00e9ale pour le surf, le kayak ou la plong\u00e9e en apn\u00e9e pr\u00e8s de la surface.<\/span><\/p>\n<\/li>\n<li>\n<p data-path-to-node=\"4,3,0\"><b>Doubler la s\u00e9curit\u00e9 :<\/b><span class=\"citation-16\"> Le <\/span><b><span class=\"citation-16\">Dragonne DJI<\/span><\/b><span class=\"citation-16 citation-end-16\"> Elle offre une s\u00e9curit\u00e9 suppl\u00e9mentaire en attachant l&#039;appareil photo \u00e0 votre poignet afin d&#039;\u00e9viter toute perte accidentelle pendant la natation ou lors de sports nautiques \u00e0 sensations fortes.<\/span><\/p>\n<\/li>\n<li>\n<p data-path-to-node=\"4,4,0\"><b>Assemblage stable et s\u00e9curis\u00e9\u00a0:<\/b><span class=\"citation-15\"> Le <\/span><b><span class=\"citation-15\">Vis de verrouillage Osmo<\/span><\/b><span class=\"citation-15 citation-end-15\"> garantit que tous les composants sont solidement et solidement fix\u00e9s, assurant ainsi une installation fiable et \u00e9tanche m\u00eame dans des conditions d&#039;eau \u00e0 haute pression.<\/span><\/p>\n<div class=\"source-inline-chip-container ng-star-inserted\"><\/div>\n<\/li>\n<\/ul>\n<h4>Que contient la bo\u00eete ?<\/h4>\n<p data-path-to-node=\"7\">Le kit comprend tout ce dont vous avez besoin pour une exp\u00e9rience de prise de vue sous-marine s\u00fbre et flexible\u00a0:<\/p>\n<ul data-path-to-node=\"8\">\n<li>\n<p data-path-to-node=\"8,0,0\"><b>1 \u00d7 \u00c9tui \u00e9tanche Osmo Action 6<\/b><\/p>\n<\/li>\n<li>\n<p data-path-to-node=\"8,1,0\"><b><span class=\"citation-14 citation-end-14\">6 \u00d7 Inserts anti-bu\u00e9e (paires)<\/span><\/b><\/p>\n<\/li>\n<li>\n<p data-path-to-node=\"8,2,0\"><b><span class=\"citation-13 citation-end-13\">1 \u00d7 Dragonne DJI<\/span><\/b><\/p>\n<\/li>\n<li>\n<p data-path-to-node=\"8,3,0\"><b><span class=\"citation-12 citation-end-12\">1 \u00d7 Poign\u00e9e flottante DJI<\/span><\/b><\/p>\n<\/li>\n<li>\n<p data-path-to-node=\"8,4,0\"><b><span class=\"citation-11 citation-end-11\">1 \u00d7 Vis de verrouillage Osmo<\/span><\/b><\/p>\n<\/li>\n<\/ul>\n<p data-path-to-node=\"8,4,0\"><b><\/b><b>Capturez la magie qui se cache sous les vagues avec confiance et clart\u00e9.<\/b> Le kit d&#039;accessoires de plong\u00e9e DJI Osmo Action 6 est la solution professionnelle pour transformer vos moments sous-marins en souvenirs vid\u00e9o inoubliables et de haute qualit\u00e9.<\/p>","protected":false},"excerpt":{"rendered":"<p>Exploitez pleinement le potentiel sous-marin de votre DJI Osmo Action 6 gr\u00e2ce \u00e0 l&#039;interface compl\u00e8te <b>Kit d&#039;accessoires de plong\u00e9e DJI Osmo Action 6<\/b>. <span class=\"citation-21 citation-end-21\">Con\u00e7u pour les plongeurs, les adeptes de la plong\u00e9e en apn\u00e9e et les passionn\u00e9s de sports nautiques, ce kit offre une protection, une flottabilit\u00e9 et une stabilit\u00e9 optimales pour capturer des images \u00e9poustouflantes \u00e0 des profondeurs impressionnantes.<\/span><\/p>","protected":false},"featured_media":23329,"comment_status":"open","ping_status":"closed","template":"","meta":[],"product_brand":[1031],"product_cat":[1301,1302,29],"product_tag":[42,1303,1305],"class_list":{"0":"post-23327","1":"product","2":"type-product","3":"status-publish","4":"has-post-thumbnail","6":"product_brand-dji","7":"product_cat-dji-handled","8":"product_cat-dji-osmo-action-6","9":"product_cat-drones","10":"product_tag-dji","11":"product_tag-osmo-action-6","12":"product_tag-osmo-action-6-accessories","14":"first","15":"outofstock","16":"taxable","17":"shipping-taxable","18":"purchasable","19":"product-type-simple"},"yoast_head":"<!-- This site is optimized with the Yoast SEO plugin v27.1.1 - https:\/\/yoast.com\/product\/yoast-seo-wordpress\/ -->\n<title>DJI Osmo Action 6 Diving Accessory Kit - Ghostysky<\/title>\n<meta name=\"description\" content=\"Unleash the full underwater potential of your DJI Osmo Action 6 with the comprehensive DJI Osmo Action 6 Diving Accessory Kit. Designed for divers, snorkelers, and watersports enthusiasts, this kit provides the ultimate protection, buoyancy, and stability for capturing stunning footage down to impressive depths.\" \/>\n<meta name=\"robots\" content=\"index, follow, max-snippet:-1, max-image-preview:large, max-video-preview:-1\" \/>\n<link rel=\"canonical\" href=\"https:\/\/www.ghostysky.com\/fr\/product\/dji-osmo-action-6-diving-accessory-kit\/\" \/>\n<meta property=\"og:locale\" content=\"fr_FR\" \/>\n<meta property=\"og:type\" content=\"article\" \/>\n<meta property=\"og:title\" content=\"DJI Osmo Action 6 Diving Accessory Kit - Ghostysky\" \/>\n<meta property=\"og:description\" content=\"Unleash the full underwater potential of your DJI Osmo Action 6 with the comprehensive DJI Osmo Action 6 Diving Accessory Kit. Designed for divers, snorkelers, and watersports enthusiasts, this kit provides the ultimate protection, buoyancy, and stability for capturing stunning footage down to impressive depths.\" \/>\n<meta property=\"og:url\" content=\"https:\/\/www.ghostysky.com\/fr\/product\/dji-osmo-action-6-diving-accessory-kit\/\" \/>\n<meta property=\"og:site_name\" content=\"Ghostysky\" \/>\n<meta property=\"article:publisher\" content=\"https:\/\/www.facebook.com\/people\/Ghostysky\/100057676170234\/\" \/>\n<meta property=\"article:modified_time\" content=\"2025-11-23T09:24:43+00:00\" \/>\n<meta property=\"og:image\" content=\"https:\/\/www.ghostysky.com\/wp-content\/uploads\/2025\/11\/GH_DJI-Osmo-Action-6-Diving-Accessory-Kit_1.jpg\" \/>\n\t<meta property=\"og:image:width\" content=\"800\" \/>\n\t<meta property=\"og:image:height\" content=\"800\" \/>\n\t<meta property=\"og:image:type\" content=\"image\/jpeg\" \/>\n<meta name=\"twitter:card\" content=\"summary_large_image\" \/>\n<meta name=\"twitter:site\" content=\"@Gh0stysky\" \/>\n<meta name=\"twitter:label1\" content=\"Dur\u00e9e de lecture estim\u00e9e\" \/>\n\t<meta name=\"twitter:data1\" content=\"2 minutes\" \/>\n<script type=\"application\/ld+json\" class=\"yoast-schema-graph\">{\"@context\":\"https:\/\/schema.org\",\"@graph\":[{\"@type\":\"WebPage\",\"@id\":\"https:\/\/www.ghostysky.com\/product\/dji-osmo-action-6-diving-accessory-kit\/\",\"url\":\"https:\/\/www.ghostysky.com\/product\/dji-osmo-action-6-diving-accessory-kit\/\",\"name\":\"DJI Osmo Action 6 Diving Accessory Kit - Ghostysky\",\"isPartOf\":{\"@id\":\"https:\/\/www.ghostysky.com\/#website\"},\"primaryImageOfPage\":{\"@id\":\"https:\/\/www.ghostysky.com\/product\/dji-osmo-action-6-diving-accessory-kit\/#primaryimage\"},\"image\":{\"@id\":\"https:\/\/www.ghostysky.com\/product\/dji-osmo-action-6-diving-accessory-kit\/#primaryimage\"},\"thumbnailUrl\":\"https:\/\/www.ghostysky.com\/wp-content\/uploads\/2025\/11\/GH_DJI-Osmo-Action-6-Diving-Accessory-Kit_1.jpg\",\"datePublished\":\"2025-11-20T13:21:11+00:00\",\"dateModified\":\"2025-11-23T09:24:43+00:00\",\"description\":\"Unleash the full underwater potential of your DJI Osmo Action 6 with the comprehensive DJI Osmo Action 6 Diving Accessory Kit. Designed for divers, snorkelers, and watersports enthusiasts, this kit provides the ultimate protection, buoyancy, and stability for capturing stunning footage down to impressive depths.\",\"breadcrumb\":{\"@id\":\"https:\/\/www.ghostysky.com\/product\/dji-osmo-action-6-diving-accessory-kit\/#breadcrumb\"},\"inLanguage\":\"fr-FR\",\"potentialAction\":[{\"@type\":\"ReadAction\",\"target\":[\"https:\/\/www.ghostysky.com\/product\/dji-osmo-action-6-diving-accessory-kit\/\"]}]},{\"@type\":\"ImageObject\",\"inLanguage\":\"fr-FR\",\"@id\":\"https:\/\/www.ghostysky.com\/product\/dji-osmo-action-6-diving-accessory-kit\/#primaryimage\",\"url\":\"https:\/\/www.ghostysky.com\/wp-content\/uploads\/2025\/11\/GH_DJI-Osmo-Action-6-Diving-Accessory-Kit_1.jpg\",\"contentUrl\":\"https:\/\/www.ghostysky.com\/wp-content\/uploads\/2025\/11\/GH_DJI-Osmo-Action-6-Diving-Accessory-Kit_1.jpg\",\"width\":800,\"height\":800},{\"@type\":\"BreadcrumbList\",\"@id\":\"https:\/\/www.ghostysky.com\/product\/dji-osmo-action-6-diving-accessory-kit\/#breadcrumb\",\"itemListElement\":[{\"@type\":\"ListItem\",\"position\":1,\"name\":\"Home\",\"item\":\"https:\/\/www.ghostysky.com\/\"},{\"@type\":\"ListItem\",\"position\":2,\"name\":\"Shop\",\"item\":\"https:\/\/www.ghostysky.com\/shop\/\"},{\"@type\":\"ListItem\",\"position\":3,\"name\":\"DJI Osmo Action 6 Diving Accessory Kit\"}]},{\"@type\":\"WebSite\",\"@id\":\"https:\/\/www.ghostysky.com\/#website\",\"url\":\"https:\/\/www.ghostysky.com\/\",\"name\":\"Ghostysky\",\"description\":\"Delivering professional drones and services\",\"publisher\":{\"@id\":\"https:\/\/www.ghostysky.com\/#organization\"},\"potentialAction\":[{\"@type\":\"SearchAction\",\"target\":{\"@type\":\"EntryPoint\",\"urlTemplate\":\"https:\/\/www.ghostysky.com\/?s={search_term_string}\"},\"query-input\":{\"@type\":\"PropertyValueSpecification\",\"valueRequired\":true,\"valueName\":\"search_term_string\"}}],\"inLanguage\":\"fr-FR\"},{\"@type\":\"Organization\",\"@id\":\"https:\/\/www.ghostysky.com\/#organization\",\"name\":\"Ghostysky\",\"url\":\"https:\/\/www.ghostysky.com\/\",\"logo\":{\"@type\":\"ImageObject\",\"inLanguage\":\"fr-FR\",\"@id\":\"https:\/\/www.ghostysky.com\/#\/schema\/logo\/image\/\",\"url\":\"https:\/\/www.ghostysky.com\/wp-content\/uploads\/2020\/06\/cropped-ghostyskylogo_text_white2.png\",\"contentUrl\":\"https:\/\/www.ghostysky.com\/wp-content\/uploads\/2020\/06\/cropped-ghostyskylogo_text_white2.png\",\"width\":169,\"height\":56,\"caption\":\"Ghostysky\"},\"image\":{\"@id\":\"https:\/\/www.ghostysky.com\/#\/schema\/logo\/image\/\"},\"sameAs\":[\"https:\/\/www.facebook.com\/people\/Ghostysky\/100057676170234\/\",\"https:\/\/x.com\/Gh0stysky\",\"https:\/\/www.linkedin.com\/company\/34739653\",\"https:\/\/www.instagram.com\/gh0stysky\"]}]}<\/script>\n<!-- \/ Yoast SEO plugin. -->","yoast_head_json":{"title":"Kit d&#039;accessoires de plong\u00e9e DJI Osmo Action 6 - Ghostysky","description":"Exploitez pleinement le potentiel sous-marin de votre DJI Osmo Action 6 gr\u00e2ce au kit d&#039;accessoires de plong\u00e9e complet DJI Osmo Action 6. Con\u00e7u pour les plongeurs, les adeptes de la plong\u00e9e en apn\u00e9e et les passionn\u00e9s de sports nautiques, ce kit offre une protection, une flottabilit\u00e9 et une stabilit\u00e9 optimales pour capturer des images exceptionnelles \u00e0 des profondeurs impressionnantes.","robots":{"index":"index","follow":"follow","max-snippet":"max-snippet:-1","max-image-preview":"max-image-preview:large","max-video-preview":"max-video-preview:-1"},"canonical":"https:\/\/www.ghostysky.com\/fr\/product\/dji-osmo-action-6-diving-accessory-kit\/","og_locale":"fr_FR","og_type":"article","og_title":"DJI Osmo Action 6 Diving Accessory Kit - Ghostysky","og_description":"Unleash the full underwater potential of your DJI Osmo Action 6 with the comprehensive DJI Osmo Action 6 Diving Accessory Kit. Designed for divers, snorkelers, and watersports enthusiasts, this kit provides the ultimate protection, buoyancy, and stability for capturing stunning footage down to impressive depths.","og_url":"https:\/\/www.ghostysky.com\/fr\/product\/dji-osmo-action-6-diving-accessory-kit\/","og_site_name":"Ghostysky","article_publisher":"https:\/\/www.facebook.com\/people\/Ghostysky\/100057676170234\/","article_modified_time":"2025-11-23T09:24:43+00:00","og_image":[{"width":800,"height":800,"url":"https:\/\/www.ghostysky.com\/wp-content\/uploads\/2025\/11\/GH_DJI-Osmo-Action-6-Diving-Accessory-Kit_1.jpg","type":"image\/jpeg"}],"twitter_card":"summary_large_image","twitter_site":"@Gh0stysky","twitter_misc":{"Dur\u00e9e de lecture estim\u00e9e":"2 minutes"},"schema":{"@context":"https:\/\/schema.org","@graph":[{"@type":"WebPage","@id":"https:\/\/www.ghostysky.com\/product\/dji-osmo-action-6-diving-accessory-kit\/","url":"https:\/\/www.ghostysky.com\/product\/dji-osmo-action-6-diving-accessory-kit\/","name":"Kit d&#039;accessoires de plong\u00e9e DJI Osmo Action 6 - Ghostysky","isPartOf":{"@id":"https:\/\/www.ghostysky.com\/#website"},"primaryImageOfPage":{"@id":"https:\/\/www.ghostysky.com\/product\/dji-osmo-action-6-diving-accessory-kit\/#primaryimage"},"image":{"@id":"https:\/\/www.ghostysky.com\/product\/dji-osmo-action-6-diving-accessory-kit\/#primaryimage"},"thumbnailUrl":"https:\/\/www.ghostysky.com\/wp-content\/uploads\/2025\/11\/GH_DJI-Osmo-Action-6-Diving-Accessory-Kit_1.jpg","datePublished":"2025-11-20T13:21:11+00:00","dateModified":"2025-11-23T09:24:43+00:00","description":"Exploitez pleinement le potentiel sous-marin de votre DJI Osmo Action 6 gr\u00e2ce au kit d&#039;accessoires de plong\u00e9e complet DJI Osmo Action 6. Con\u00e7u pour les plongeurs, les adeptes de la plong\u00e9e en apn\u00e9e et les passionn\u00e9s de sports nautiques, ce kit offre une protection, une flottabilit\u00e9 et une stabilit\u00e9 optimales pour capturer des images exceptionnelles \u00e0 des profondeurs impressionnantes.","breadcrumb":{"@id":"https:\/\/www.ghostysky.com\/product\/dji-osmo-action-6-diving-accessory-kit\/#breadcrumb"},"inLanguage":"fr-FR","potentialAction":[{"@type":"ReadAction","target":["https:\/\/www.ghostysky.com\/product\/dji-osmo-action-6-diving-accessory-kit\/"]}]},{"@type":"ImageObject","inLanguage":"fr-FR","@id":"https:\/\/www.ghostysky.com\/product\/dji-osmo-action-6-diving-accessory-kit\/#primaryimage","url":"https:\/\/www.ghostysky.com\/wp-content\/uploads\/2025\/11\/GH_DJI-Osmo-Action-6-Diving-Accessory-Kit_1.jpg","contentUrl":"https:\/\/www.ghostysky.com\/wp-content\/uploads\/2025\/11\/GH_DJI-Osmo-Action-6-Diving-Accessory-Kit_1.jpg","width":800,"height":800},{"@type":"BreadcrumbList","@id":"https:\/\/www.ghostysky.com\/product\/dji-osmo-action-6-diving-accessory-kit\/#breadcrumb","itemListElement":[{"@type":"ListItem","position":1,"name":"Home","item":"https:\/\/www.ghostysky.com\/"},{"@type":"ListItem","position":2,"name":"Shop","item":"https:\/\/www.ghostysky.com\/shop\/"},{"@type":"ListItem","position":3,"name":"DJI Osmo Action 6 Diving Accessory Kit"}]},{"@type":"WebSite","@id":"https:\/\/www.ghostysky.com\/#website","url":"https:\/\/www.ghostysky.com\/","name":"Ghostysky","description":"Livraison de drones et de services professionnels","publisher":{"@id":"https:\/\/www.ghostysky.com\/#organization"},"potentialAction":[{"@type":"SearchAction","target":{"@type":"EntryPoint","urlTemplate":"https:\/\/www.ghostysky.com\/?s={search_term_string}"},"query-input":{"@type":"PropertyValueSpecification","valueRequired":true,"valueName":"search_term_string"}}],"inLanguage":"fr-FR"},{"@type":"Organization","@id":"https:\/\/www.ghostysky.com\/#organization","name":"Ghostysky","url":"https:\/\/www.ghostysky.com\/","logo":{"@type":"ImageObject","inLanguage":"fr-FR","@id":"https:\/\/www.ghostysky.com\/#\/schema\/logo\/image\/","url":"https:\/\/www.ghostysky.com\/wp-content\/uploads\/2020\/06\/cropped-ghostyskylogo_text_white2.png","contentUrl":"https:\/\/www.ghostysky.com\/wp-content\/uploads\/2020\/06\/cropped-ghostyskylogo_text_white2.png","width":169,"height":56,"caption":"Ghostysky"},"image":{"@id":"https:\/\/www.ghostysky.com\/#\/schema\/logo\/image\/"},"sameAs":["https:\/\/www.facebook.com\/people\/Ghostysky\/100057676170234\/","https:\/\/x.com\/Gh0stysky","https:\/\/www.linkedin.com\/company\/34739653","https:\/\/www.instagram.com\/gh0stysky"]}]}},"_links":{"self":[{"href":"https:\/\/www.ghostysky.com\/fr\/wp-json\/wp\/v2\/product\/23327","targetHints":{"allow":["GET"]}}],"collection":[{"href":"https:\/\/www.ghostysky.com\/fr\/wp-json\/wp\/v2\/product"}],"about":[{"href":"https:\/\/www.ghostysky.com\/fr\/wp-json\/wp\/v2\/types\/product"}],"replies":[{"embeddable":true,"href":"https:\/\/www.ghostysky.com\/fr\/wp-json\/wp\/v2\/comments?post=23327"}],"wp:featuredmedia":[{"embeddable":true,"href":"https:\/\/www.ghostysky.com\/fr\/wp-json\/wp\/v2\/media\/23329"}],"wp:attachment":[{"href":"https:\/\/www.ghostysky.com\/fr\/wp-json\/wp\/v2\/media?parent=23327"}],"wp:term":[{"taxonomy":"product_brand","embeddable":true,"href":"https:\/\/www.ghostysky.com\/fr\/wp-json\/wp\/v2\/product_brand?post=23327"},{"taxonomy":"product_cat","embeddable":true,"href":"https:\/\/www.ghostysky.com\/fr\/wp-json\/wp\/v2\/product_cat?post=23327"},{"taxonomy":"product_tag","embeddable":true,"href":"https:\/\/www.ghostysky.com\/fr\/wp-json\/wp\/v2\/product_tag?post=23327"}],"curies":[{"name":"wp","href":"https:\/\/api.w.org\/{rel}","templated":true}]}}