{"id":23334,"date":"2025-11-20T13:38:19","date_gmt":"2025-11-20T13:38:19","guid":{"rendered":"https:\/\/www.ghostysky.com\/?post_type=product&#038;p=23334"},"modified":"2025-11-23T09:21:05","modified_gmt":"2025-11-23T09:21:05","slug":"dji-osmo-action-6-waterproof-case","status":"publish","type":"product","link":"https:\/\/www.ghostysky.com\/fr\/product\/dji-osmo-action-6-waterproof-case\/","title":{"rendered":"\u00c9tui \u00e9tanche pour DJI Osmo Action 6"},"content":{"rendered":"<h4>Caract\u00e9ristiques principales<\/h4>\n<ul data-path-to-node=\"3\">\n<li>\n<p data-path-to-node=\"3,0,0\"><b><span class=\"citation-68\">Niveau de profondeur extr\u00eame :<\/span><\/b><span class=\"citation-68\"> Offre une protection \u00e9tanche fiable pour votre Osmo Action 6 jusqu&#039;\u00e0 <\/span><b><span class=\"citation-68\">60 m\u00e8tres (197 pieds)<\/span><\/b><span class=\"citation-68 citation-end-68\">, parfait pour la plong\u00e9e sous-marine et les activit\u00e9s en eaux profondes.<\/span><\/p>\n<\/li>\n<li>\n<p data-path-to-node=\"3,1,0\"><b>Visibilit\u00e9 cristalline :<\/b><span class=\"citation-67\"> L&#039;affaire utilise <\/span><b><span class=\"citation-67\">verre \u00e0 haute r\u00e9sistance<\/span><\/b><span class=\"citation-67 citation-end-67\"> au-dessus de l&#039;objectif pour garantir une vue claire, lumineuse et d\u00e9gag\u00e9e pour des vid\u00e9os et des photos de haute qualit\u00e9.<\/span><\/p>\n<\/li>\n<li>\n<p data-path-to-node=\"3,2,0\"><b><span class=\"citation-66\">Contr\u00f4le de la condensation :<\/span><\/b><span class=\"citation-66\"> Comprend <\/span><b><span class=\"citation-66\">six paires d&#039;inserts anti-bu\u00e9e<\/span><\/b><span class=\"citation-66 citation-end-66\"> pour \u00e9viter la formation de condensation \u00e0 l&#039;int\u00e9rieur du bo\u00eetier lors des transitions entre diff\u00e9rentes temp\u00e9ratures, garantissant ainsi une photo nette \u00e0 chaque fois.<\/span><\/p>\n<\/li>\n<li>\n<p data-path-to-node=\"3,3,0\"><b><span class=\"citation-65\">Acc\u00e8s complet \u00e0 la cam\u00e9ra\u00a0:<\/span><\/b><span class=\"citation-65\"> Comporte des boutons m\u00e9caniques qui offrent <\/span><b><span class=\"citation-65\">acc\u00e8s facile et naturel<\/span><\/b><span class=\"citation-65 citation-end-65\"> aux commandes de l&#039;obturateur et du mode de votre appareil photo, permettant un fonctionnement fluide m\u00eame sous l&#039;eau.<\/span><\/p>\n<\/li>\n<li>\n<p data-path-to-node=\"3,4,0\"><b><span class=\"citation-64\">Int\u00e9gration transparente :<\/span><\/b><span class=\"citation-64\"> Con\u00e7ue sp\u00e9cifiquement pour s&#039;adapter parfaitement \u00e0 l&#039;Osmo Action 6, elle comprend un <\/span><b><span class=\"citation-64\">support standard \u00e0 2 broches<\/span><\/b><span class=\"citation-64 citation-end-64\"> sur la partie inf\u00e9rieure pour une fixation facile aux poign\u00e9es, aux supports et autres accessoires de plong\u00e9e.<\/span><\/p>\n<div class=\"source-inline-chip-container ng-star-inserted\"><\/div>\n<\/li>\n<\/ul>\n<p data-path-to-node=\"4\"><span class=\"citation-63 citation-end-63\">Que vous exploriez des r\u00e9cifs coralliens foisonnants, fassiez de la plong\u00e9e en apn\u00e9e ou pratiquiez des sports nautiques intenses, le bo\u00eetier \u00e9tanche DJI Osmo Action 6 est votre \u00e9quipement indispensable pour des prises de vue en eaux profondes sans restriction.<\/span><\/p>","protected":false},"excerpt":{"rendered":"<p>Exploitez pleinement le potentiel sous-marin de votre DJI Osmo Action 6 gr\u00e2ce \u00e0 l&#039;accessoire d\u00e9di\u00e9. <b>\u00c9tui \u00e9tanche pour DJI Osmo Action 6<\/b>Con\u00e7u pour les passionn\u00e9s de plong\u00e9e sous-marine les plus exigeants, ce bo\u00eetier robuste pousse votre appareil photo bien au-del\u00e0 de son \u00e9tanch\u00e9it\u00e9 native, vous permettant de capturer des images \u00e9poustouflantes et d&#039;une nettet\u00e9 cristalline en profondeur.<\/p>","protected":false},"featured_media":23337,"comment_status":"open","ping_status":"closed","template":"","meta":[],"product_brand":[1031],"product_cat":[37,1301,1302,29],"product_tag":[42,1306,1303,1305],"class_list":{"0":"post-23334","1":"product","2":"type-product","3":"status-publish","4":"has-post-thumbnail","6":"product_brand-dji","7":"product_cat-dji","8":"product_cat-dji-handled","9":"product_cat-dji-osmo-action-6","10":"product_cat-drones","11":"product_tag-dji","12":"product_tag-dji-osmo-action","13":"product_tag-osmo-action-6","14":"product_tag-osmo-action-6-accessories","16":"first","17":"outofstock","18":"taxable","19":"shipping-taxable","20":"purchasable","21":"product-type-simple"},"yoast_head":"<!-- This site is optimized with the Yoast SEO plugin v27.4 - https:\/\/yoast.com\/product\/yoast-seo-wordpress\/ -->\n<title>DJI Osmo Action 6 Waterproof Case - Ghostysky<\/title>\n<meta name=\"description\" content=\"Unlock the full underwater potential of your DJI Osmo Action 6 with the dedicated DJI Osmo Action 6 Waterproof Case. Designed for the serious underwater enthusiast, this rugged housing takes your camera far beyond its native waterproofing, allowing you to capture stunning, crystal-clear footage in the deep.\" \/>\n<meta name=\"robots\" content=\"index, follow, max-snippet:-1, max-image-preview:large, max-video-preview:-1\" \/>\n<link rel=\"canonical\" href=\"https:\/\/www.ghostysky.com\/fr\/product\/dji-osmo-action-6-waterproof-case\/\" \/>\n<meta property=\"og:locale\" content=\"fr_FR\" \/>\n<meta property=\"og:type\" content=\"article\" \/>\n<meta property=\"og:title\" content=\"DJI Osmo Action 6 Waterproof Case - Ghostysky\" \/>\n<meta property=\"og:description\" content=\"Unlock the full underwater potential of your DJI Osmo Action 6 with the dedicated DJI Osmo Action 6 Waterproof Case. Designed for the serious underwater enthusiast, this rugged housing takes your camera far beyond its native waterproofing, allowing you to capture stunning, crystal-clear footage in the deep.\" \/>\n<meta property=\"og:url\" content=\"https:\/\/www.ghostysky.com\/fr\/product\/dji-osmo-action-6-waterproof-case\/\" \/>\n<meta property=\"og:site_name\" content=\"Ghostysky\" \/>\n<meta property=\"article:publisher\" content=\"https:\/\/www.facebook.com\/people\/Ghostysky\/100057676170234\/\" \/>\n<meta property=\"article:modified_time\" content=\"2025-11-23T09:21:05+00:00\" \/>\n<meta property=\"og:image\" content=\"https:\/\/www.ghostysky.com\/wp-content\/uploads\/2025\/11\/GH_DJI-Osmo-Action-6-Waterproof-Case_1.jpg\" \/>\n\t<meta property=\"og:image:width\" content=\"800\" \/>\n\t<meta property=\"og:image:height\" content=\"800\" \/>\n\t<meta property=\"og:image:type\" content=\"image\/jpeg\" \/>\n<meta name=\"twitter:card\" content=\"summary_large_image\" \/>\n<meta name=\"twitter:site\" content=\"@Gh0stysky\" \/>\n<meta name=\"twitter:label1\" content=\"Dur\u00e9e de lecture estim\u00e9e\" \/>\n\t<meta name=\"twitter:data1\" content=\"1 minute\" \/>\n<script type=\"application\/ld+json\" class=\"yoast-schema-graph\">{\"@context\":\"https:\\\/\\\/schema.org\",\"@graph\":[{\"@type\":\"WebPage\",\"@id\":\"https:\\\/\\\/www.ghostysky.com\\\/product\\\/dji-osmo-action-6-waterproof-case\\\/\",\"url\":\"https:\\\/\\\/www.ghostysky.com\\\/product\\\/dji-osmo-action-6-waterproof-case\\\/\",\"name\":\"DJI Osmo Action 6 Waterproof Case - Ghostysky\",\"isPartOf\":{\"@id\":\"https:\\\/\\\/www.ghostysky.com\\\/#website\"},\"primaryImageOfPage\":{\"@id\":\"https:\\\/\\\/www.ghostysky.com\\\/product\\\/dji-osmo-action-6-waterproof-case\\\/#primaryimage\"},\"image\":{\"@id\":\"https:\\\/\\\/www.ghostysky.com\\\/product\\\/dji-osmo-action-6-waterproof-case\\\/#primaryimage\"},\"thumbnailUrl\":\"https:\\\/\\\/www.ghostysky.com\\\/wp-content\\\/uploads\\\/2025\\\/11\\\/GH_DJI-Osmo-Action-6-Waterproof-Case_1.jpg\",\"datePublished\":\"2025-11-20T13:38:19+00:00\",\"dateModified\":\"2025-11-23T09:21:05+00:00\",\"description\":\"Unlock the full underwater potential of your DJI Osmo Action 6 with the dedicated DJI Osmo Action 6 Waterproof Case. Designed for the serious underwater enthusiast, this rugged housing takes your camera far beyond its native waterproofing, allowing you to capture stunning, crystal-clear footage in the deep.\",\"breadcrumb\":{\"@id\":\"https:\\\/\\\/www.ghostysky.com\\\/product\\\/dji-osmo-action-6-waterproof-case\\\/#breadcrumb\"},\"inLanguage\":\"fr-FR\",\"potentialAction\":[{\"@type\":\"ReadAction\",\"target\":[\"https:\\\/\\\/www.ghostysky.com\\\/product\\\/dji-osmo-action-6-waterproof-case\\\/\"]}]},{\"@type\":\"ImageObject\",\"inLanguage\":\"fr-FR\",\"@id\":\"https:\\\/\\\/www.ghostysky.com\\\/product\\\/dji-osmo-action-6-waterproof-case\\\/#primaryimage\",\"url\":\"https:\\\/\\\/www.ghostysky.com\\\/wp-content\\\/uploads\\\/2025\\\/11\\\/GH_DJI-Osmo-Action-6-Waterproof-Case_1.jpg\",\"contentUrl\":\"https:\\\/\\\/www.ghostysky.com\\\/wp-content\\\/uploads\\\/2025\\\/11\\\/GH_DJI-Osmo-Action-6-Waterproof-Case_1.jpg\",\"width\":800,\"height\":800},{\"@type\":\"BreadcrumbList\",\"@id\":\"https:\\\/\\\/www.ghostysky.com\\\/product\\\/dji-osmo-action-6-waterproof-case\\\/#breadcrumb\",\"itemListElement\":[{\"@type\":\"ListItem\",\"position\":1,\"name\":\"Home\",\"item\":\"https:\\\/\\\/www.ghostysky.com\\\/\"},{\"@type\":\"ListItem\",\"position\":2,\"name\":\"Shop\",\"item\":\"https:\\\/\\\/www.ghostysky.com\\\/shop\\\/\"},{\"@type\":\"ListItem\",\"position\":3,\"name\":\"DJI Osmo Action 6 Waterproof Case\"}]},{\"@type\":\"WebSite\",\"@id\":\"https:\\\/\\\/www.ghostysky.com\\\/#website\",\"url\":\"https:\\\/\\\/www.ghostysky.com\\\/\",\"name\":\"Ghostysky\",\"description\":\"Delivering professional drones and robotics solutions\",\"publisher\":{\"@id\":\"https:\\\/\\\/www.ghostysky.com\\\/#organization\"},\"potentialAction\":[{\"@type\":\"SearchAction\",\"target\":{\"@type\":\"EntryPoint\",\"urlTemplate\":\"https:\\\/\\\/www.ghostysky.com\\\/?s={search_term_string}\"},\"query-input\":{\"@type\":\"PropertyValueSpecification\",\"valueRequired\":true,\"valueName\":\"search_term_string\"}}],\"inLanguage\":\"fr-FR\"},{\"@type\":\"Organization\",\"@id\":\"https:\\\/\\\/www.ghostysky.com\\\/#organization\",\"name\":\"Ghostysky\",\"url\":\"https:\\\/\\\/www.ghostysky.com\\\/\",\"logo\":{\"@type\":\"ImageObject\",\"inLanguage\":\"fr-FR\",\"@id\":\"https:\\\/\\\/www.ghostysky.com\\\/#\\\/schema\\\/logo\\\/image\\\/\",\"url\":\"https:\\\/\\\/www.ghostysky.com\\\/wp-content\\\/uploads\\\/2020\\\/06\\\/cropped-ghostyskylogo_text_white2.png\",\"contentUrl\":\"https:\\\/\\\/www.ghostysky.com\\\/wp-content\\\/uploads\\\/2020\\\/06\\\/cropped-ghostyskylogo_text_white2.png\",\"width\":169,\"height\":56,\"caption\":\"Ghostysky\"},\"image\":{\"@id\":\"https:\\\/\\\/www.ghostysky.com\\\/#\\\/schema\\\/logo\\\/image\\\/\"},\"sameAs\":[\"https:\\\/\\\/www.facebook.com\\\/people\\\/Ghostysky\\\/100057676170234\\\/\",\"https:\\\/\\\/x.com\\\/Gh0stysky\",\"https:\\\/\\\/www.linkedin.com\\\/company\\\/34739653\",\"https:\\\/\\\/www.instagram.com\\\/gh0stysky\"]}]}<\/script>\n<!-- \/ Yoast SEO plugin. -->","yoast_head_json":{"title":"\u00c9tui \u00e9tanche pour DJI Osmo Action 6 - Ghostysky","description":"Exploitez pleinement le potentiel sous-marin de votre DJI Osmo Action 6 gr\u00e2ce au bo\u00eetier \u00e9tanche d\u00e9di\u00e9. Con\u00e7u pour les passionn\u00e9s de plong\u00e9e sous-marine, ce bo\u00eetier robuste prot\u00e8ge votre cam\u00e9ra bien au-del\u00e0 de ses capacit\u00e9s d&#039;\u00e9tanch\u00e9it\u00e9 natives, vous permettant ainsi de capturer des images d&#039;une nettet\u00e9 exceptionnelle en profondeur.","robots":{"index":"index","follow":"follow","max-snippet":"max-snippet:-1","max-image-preview":"max-image-preview:large","max-video-preview":"max-video-preview:-1"},"canonical":"https:\/\/www.ghostysky.com\/fr\/product\/dji-osmo-action-6-waterproof-case\/","og_locale":"fr_FR","og_type":"article","og_title":"DJI Osmo Action 6 Waterproof Case - Ghostysky","og_description":"Unlock the full underwater potential of your DJI Osmo Action 6 with the dedicated DJI Osmo Action 6 Waterproof Case. Designed for the serious underwater enthusiast, this rugged housing takes your camera far beyond its native waterproofing, allowing you to capture stunning, crystal-clear footage in the deep.","og_url":"https:\/\/www.ghostysky.com\/fr\/product\/dji-osmo-action-6-waterproof-case\/","og_site_name":"Ghostysky","article_publisher":"https:\/\/www.facebook.com\/people\/Ghostysky\/100057676170234\/","article_modified_time":"2025-11-23T09:21:05+00:00","og_image":[{"width":800,"height":800,"url":"https:\/\/www.ghostysky.com\/wp-content\/uploads\/2025\/11\/GH_DJI-Osmo-Action-6-Waterproof-Case_1.jpg","type":"image\/jpeg"}],"twitter_card":"summary_large_image","twitter_site":"@Gh0stysky","twitter_misc":{"Dur\u00e9e de lecture estim\u00e9e":"1 minute"},"schema":{"@context":"https:\/\/schema.org","@graph":[{"@type":"WebPage","@id":"https:\/\/www.ghostysky.com\/product\/dji-osmo-action-6-waterproof-case\/","url":"https:\/\/www.ghostysky.com\/product\/dji-osmo-action-6-waterproof-case\/","name":"\u00c9tui \u00e9tanche pour DJI Osmo Action 6 - Ghostysky","isPartOf":{"@id":"https:\/\/www.ghostysky.com\/#website"},"primaryImageOfPage":{"@id":"https:\/\/www.ghostysky.com\/product\/dji-osmo-action-6-waterproof-case\/#primaryimage"},"image":{"@id":"https:\/\/www.ghostysky.com\/product\/dji-osmo-action-6-waterproof-case\/#primaryimage"},"thumbnailUrl":"https:\/\/www.ghostysky.com\/wp-content\/uploads\/2025\/11\/GH_DJI-Osmo-Action-6-Waterproof-Case_1.jpg","datePublished":"2025-11-20T13:38:19+00:00","dateModified":"2025-11-23T09:21:05+00:00","description":"Exploitez pleinement le potentiel sous-marin de votre DJI Osmo Action 6 gr\u00e2ce au bo\u00eetier \u00e9tanche d\u00e9di\u00e9. Con\u00e7u pour les passionn\u00e9s de plong\u00e9e sous-marine, ce bo\u00eetier robuste prot\u00e8ge votre cam\u00e9ra bien au-del\u00e0 de ses capacit\u00e9s d&#039;\u00e9tanch\u00e9it\u00e9 natives, vous permettant ainsi de capturer des images d&#039;une nettet\u00e9 exceptionnelle en profondeur.","breadcrumb":{"@id":"https:\/\/www.ghostysky.com\/product\/dji-osmo-action-6-waterproof-case\/#breadcrumb"},"inLanguage":"fr-FR","potentialAction":[{"@type":"ReadAction","target":["https:\/\/www.ghostysky.com\/product\/dji-osmo-action-6-waterproof-case\/"]}]},{"@type":"ImageObject","inLanguage":"fr-FR","@id":"https:\/\/www.ghostysky.com\/product\/dji-osmo-action-6-waterproof-case\/#primaryimage","url":"https:\/\/www.ghostysky.com\/wp-content\/uploads\/2025\/11\/GH_DJI-Osmo-Action-6-Waterproof-Case_1.jpg","contentUrl":"https:\/\/www.ghostysky.com\/wp-content\/uploads\/2025\/11\/GH_DJI-Osmo-Action-6-Waterproof-Case_1.jpg","width":800,"height":800},{"@type":"BreadcrumbList","@id":"https:\/\/www.ghostysky.com\/product\/dji-osmo-action-6-waterproof-case\/#breadcrumb","itemListElement":[{"@type":"ListItem","position":1,"name":"Home","item":"https:\/\/www.ghostysky.com\/"},{"@type":"ListItem","position":2,"name":"Shop","item":"https:\/\/www.ghostysky.com\/shop\/"},{"@type":"ListItem","position":3,"name":"DJI Osmo Action 6 Waterproof Case"}]},{"@type":"WebSite","@id":"https:\/\/www.ghostysky.com\/#website","url":"https:\/\/www.ghostysky.com\/","name":"Ghostysky","description":"Fourniture de solutions professionnelles en mati\u00e8re de drones et de robotique","publisher":{"@id":"https:\/\/www.ghostysky.com\/#organization"},"potentialAction":[{"@type":"SearchAction","target":{"@type":"EntryPoint","urlTemplate":"https:\/\/www.ghostysky.com\/?s={search_term_string}"},"query-input":{"@type":"PropertyValueSpecification","valueRequired":true,"valueName":"search_term_string"}}],"inLanguage":"fr-FR"},{"@type":"Organization","@id":"https:\/\/www.ghostysky.com\/#organization","name":"Ghostysky","url":"https:\/\/www.ghostysky.com\/","logo":{"@type":"ImageObject","inLanguage":"fr-FR","@id":"https:\/\/www.ghostysky.com\/#\/schema\/logo\/image\/","url":"https:\/\/www.ghostysky.com\/wp-content\/uploads\/2020\/06\/cropped-ghostyskylogo_text_white2.png","contentUrl":"https:\/\/www.ghostysky.com\/wp-content\/uploads\/2020\/06\/cropped-ghostyskylogo_text_white2.png","width":169,"height":56,"caption":"Ghostysky"},"image":{"@id":"https:\/\/www.ghostysky.com\/#\/schema\/logo\/image\/"},"sameAs":["https:\/\/www.facebook.com\/people\/Ghostysky\/100057676170234\/","https:\/\/x.com\/Gh0stysky","https:\/\/www.linkedin.com\/company\/34739653","https:\/\/www.instagram.com\/gh0stysky"]}]}},"_links":{"self":[{"href":"https:\/\/www.ghostysky.com\/fr\/wp-json\/wp\/v2\/product\/23334","targetHints":{"allow":["GET"]}}],"collection":[{"href":"https:\/\/www.ghostysky.com\/fr\/wp-json\/wp\/v2\/product"}],"about":[{"href":"https:\/\/www.ghostysky.com\/fr\/wp-json\/wp\/v2\/types\/product"}],"replies":[{"embeddable":true,"href":"https:\/\/www.ghostysky.com\/fr\/wp-json\/wp\/v2\/comments?post=23334"}],"version-history":[{"count":0,"href":"https:\/\/www.ghostysky.com\/fr\/wp-json\/wp\/v2\/product\/23334\/revisions"}],"wp:featuredmedia":[{"embeddable":true,"href":"https:\/\/www.ghostysky.com\/fr\/wp-json\/wp\/v2\/media\/23337"}],"wp:attachment":[{"href":"https:\/\/www.ghostysky.com\/fr\/wp-json\/wp\/v2\/media?parent=23334"}],"wp:term":[{"taxonomy":"product_brand","embeddable":true,"href":"https:\/\/www.ghostysky.com\/fr\/wp-json\/wp\/v2\/product_brand?post=23334"},{"taxonomy":"product_cat","embeddable":true,"href":"https:\/\/www.ghostysky.com\/fr\/wp-json\/wp\/v2\/product_cat?post=23334"},{"taxonomy":"product_tag","embeddable":true,"href":"https:\/\/www.ghostysky.com\/fr\/wp-json\/wp\/v2\/product_tag?post=23334"}],"curies":[{"name":"wp","href":"https:\/\/api.w.org\/{rel}","templated":true}]}}