{"id":23344,"date":"2025-11-20T13:48:17","date_gmt":"2025-11-20T13:48:17","guid":{"rendered":"https:\/\/www.ghostysky.com\/?post_type=product&#038;p=23344"},"modified":"2025-11-23T09:22:13","modified_gmt":"2025-11-23T09:22:13","slug":"dji-osmo-action-dual-direction-mini-handlebar-mount","status":"publish","type":"product","link":"https:\/\/www.ghostysky.com\/fr\/product\/dji-osmo-action-dual-direction-mini-handlebar-mount\/","title":{"rendered":"Support de guidon mini bidirectionnel DJI Osmo Action"},"content":{"rendered":"<h4>Caract\u00e9ristiques principales<\/h4>\n<ul data-path-to-node=\"3\">\n<li>\n<p data-path-to-node=\"3,0,0\"><b>Adaptateur \u00e0 d\u00e9gagement rapide bidirectionnel\u00a0:<\/b><span class=\"citation-102 citation-end-102\"> Fixez et d\u00e9tachez votre cam\u00e9ra sans effort en quelques secondes.<\/span> <span class=\"citation-101\">Sa conception \u00e0 double orientation permet de monter la cam\u00e9ra face \u00e0 la cam\u00e9ra. <\/span><b><span class=\"citation-101\">en avant ou en arri\u00e8re<\/span><\/b><span class=\"citation-101 citation-end-101\"> pour des perspectives de prise de vue polyvalentes.<\/span><\/p>\n<\/li>\n<li>\n<p data-path-to-node=\"3,1,0\"><b><span class=\"citation-100\">Conception \u00e0 rotule flexible\u00a0:<\/span><\/b><span class=\"citation-100 citation-end-100\"> Obtenez l&#039;angle de prise de vue parfait gr\u00e2ce \u00e0 des ajustements fluides et instantan\u00e9s.<\/span> <span class=\"citation-99\">La t\u00eate \u00e0 rotule offre <\/span><b><span class=\"citation-99\">Rotation et inclinaison \u00e0 360\u00b0<\/span><\/b><span class=\"citation-99 citation-end-99\">, vous permettant ainsi de param\u00e9trer votre trajet exactement comme vous le souhaitez, quel que soit le terrain.<\/span><\/p>\n<\/li>\n<li>\n<p data-path-to-node=\"3,2,0\"><b><span class=\"citation-98\">Prise en main s\u00fbre et stable\u00a0:<\/span><\/b><span class=\"citation-98\"> Le collier de serrage robuste du guidon offre un <\/span><b><span class=\"citation-98\">prise solide et s\u00fbre<\/span><\/b><span class=\"citation-98 citation-end-98\">, en gardant votre appareil photo stable m\u00eame sur les routes accident\u00e9es et les sentiers cahoteux.<\/span><\/p>\n<\/li>\n<li>\n<p data-path-to-node=\"3,3,0\"><b><span class=\"citation-97\">Compact et l\u00e9ger :<\/span><\/b><span class=\"citation-97\"> Pes\u00e9e uniquement <\/span><b><span class=\"citation-97\">94 g<\/span><\/b><span class=\"citation-97 citation-end-97\"> Gr\u00e2ce \u00e0 sa conception compacte, ce support permet de garder votre \u00e9quipement bien rang\u00e9 et n&#039;ajoute pas d&#039;encombrement inutile, ce qui le rend id\u00e9al pour le cyclisme sur route et urbain.<\/span><\/p>\n<div class=\"source-inline-chip-container ng-star-inserted\"><\/div>\n<\/li>\n<\/ul>\n<h4>Prenez le tir<\/h4>\n<p data-path-to-node=\"5\">Que vous filmiez une balade \u00e0 v\u00e9lo pittoresque, documentiez vos trajets quotidiens ou vous attaquiez \u00e0 un sentier de VTT exigeant, le support de guidon mini bidirectionnel vous assure de capturer des images POV (point de vue) stables et de haute qualit\u00e9 avec une facilit\u00e9 et une flexibilit\u00e9 in\u00e9gal\u00e9es.<\/p>\n<ul data-path-to-node=\"7\">\n<li>\n<p data-path-to-node=\"7,0,0\"><b><span class=\"citation-96\">Dans la bo\u00eete :<\/span><\/b><span class=\"citation-96 citation-end-96\"> 1 support de guidon mini bidirectionnel Osmo Action<\/span><\/p>\n<\/li>\n<li>\n<p data-path-to-node=\"7,1,0\"><b>Compatibilit\u00e9:<\/b> Con\u00e7u pour \u00eatre utilis\u00e9 avec les cam\u00e9ras compatibles de la s\u00e9rie DJI Osmo Action (par exemple, Osmo Action 6, Osmo Action 5 Pro, Osmo Action 4, Osmo Action 3, Osmo Nano).<\/p>\n<\/li>\n<\/ul>","protected":false},"excerpt":{"rendered":"<p>Am\u00e9liorez vos vid\u00e9os de cyclisme avec le <b>Support de guidon mini bidirectionnel DJI Osmo Action<\/b>. <span class=\"citation-103 citation-end-103\">Con\u00e7u pour les passionn\u00e9s d&#039;action, ce support compact et s\u00e9curis\u00e9 permet de fixer facilement votre cam\u00e9ra Osmo Action \u00e0 n&#039;importe quel guidon standard, transformant ainsi vos balades \u00e0 v\u00e9lo, vos trajets quotidiens ou vos aventures en sentier en une exp\u00e9rience cin\u00e9matographique captivante.<\/span><\/p>","protected":false},"featured_media":23349,"comment_status":"open","ping_status":"closed","template":"","meta":[],"product_brand":[1031],"product_cat":[37,1301,1302,29],"product_tag":[42,1306,1303,1305],"class_list":{"0":"post-23344","1":"product","2":"type-product","3":"status-publish","4":"has-post-thumbnail","6":"product_brand-dji","7":"product_cat-dji","8":"product_cat-dji-handled","9":"product_cat-dji-osmo-action-6","10":"product_cat-drones","11":"product_tag-dji","12":"product_tag-dji-osmo-action","13":"product_tag-osmo-action-6","14":"product_tag-osmo-action-6-accessories","16":"first","17":"outofstock","18":"taxable","19":"shipping-taxable","20":"purchasable","21":"product-type-simple"},"yoast_head":"<!-- This site is optimized with the Yoast SEO plugin v27.1.1 - https:\/\/yoast.com\/product\/yoast-seo-wordpress\/ -->\n<title>DJI Osmo Action Dual-Direction Mini Handlebar Mount - Ghostysky<\/title>\n<meta name=\"description\" content=\"Elevate your cycling footage with the DJI Osmo Action Dual-Direction Mini Handlebar Mount. Designed for action enthusiasts, this compact and secure mount makes it simple to attach your Osmo Action camera to any standard handlebar, transforming your bike ride, commute, or trail adventure into a captivating cinematic experience.\" \/>\n<meta name=\"robots\" content=\"index, follow, max-snippet:-1, max-image-preview:large, max-video-preview:-1\" \/>\n<link rel=\"canonical\" href=\"https:\/\/www.ghostysky.com\/fr\/product\/dji-osmo-action-dual-direction-mini-handlebar-mount\/\" \/>\n<meta property=\"og:locale\" content=\"fr_FR\" \/>\n<meta property=\"og:type\" content=\"article\" \/>\n<meta property=\"og:title\" content=\"DJI Osmo Action Dual-Direction Mini Handlebar Mount - Ghostysky\" \/>\n<meta property=\"og:description\" content=\"Elevate your cycling footage with the DJI Osmo Action Dual-Direction Mini Handlebar Mount. Designed for action enthusiasts, this compact and secure mount makes it simple to attach your Osmo Action camera to any standard handlebar, transforming your bike ride, commute, or trail adventure into a captivating cinematic experience.\" \/>\n<meta property=\"og:url\" content=\"https:\/\/www.ghostysky.com\/fr\/product\/dji-osmo-action-dual-direction-mini-handlebar-mount\/\" \/>\n<meta property=\"og:site_name\" content=\"Ghostysky\" \/>\n<meta property=\"article:publisher\" content=\"https:\/\/www.facebook.com\/people\/Ghostysky\/100057676170234\/\" \/>\n<meta property=\"article:modified_time\" content=\"2025-11-23T09:22:13+00:00\" \/>\n<meta property=\"og:image\" content=\"https:\/\/www.ghostysky.com\/wp-content\/uploads\/2025\/11\/GH_DJI-Osmo-Action-Dual-Direction-Mini-Handlebar-Mount_1.jpg\" \/>\n\t<meta property=\"og:image:width\" content=\"800\" \/>\n\t<meta property=\"og:image:height\" content=\"800\" \/>\n\t<meta property=\"og:image:type\" content=\"image\/jpeg\" \/>\n<meta name=\"twitter:card\" content=\"summary_large_image\" \/>\n<meta name=\"twitter:site\" content=\"@Gh0stysky\" \/>\n<meta name=\"twitter:label1\" content=\"Dur\u00e9e de lecture estim\u00e9e\" \/>\n\t<meta name=\"twitter:data1\" content=\"2 minutes\" \/>\n<script type=\"application\/ld+json\" class=\"yoast-schema-graph\">{\"@context\":\"https:\/\/schema.org\",\"@graph\":[{\"@type\":\"WebPage\",\"@id\":\"https:\/\/www.ghostysky.com\/product\/dji-osmo-action-dual-direction-mini-handlebar-mount\/\",\"url\":\"https:\/\/www.ghostysky.com\/product\/dji-osmo-action-dual-direction-mini-handlebar-mount\/\",\"name\":\"DJI Osmo Action Dual-Direction Mini Handlebar Mount - Ghostysky\",\"isPartOf\":{\"@id\":\"https:\/\/www.ghostysky.com\/#website\"},\"primaryImageOfPage\":{\"@id\":\"https:\/\/www.ghostysky.com\/product\/dji-osmo-action-dual-direction-mini-handlebar-mount\/#primaryimage\"},\"image\":{\"@id\":\"https:\/\/www.ghostysky.com\/product\/dji-osmo-action-dual-direction-mini-handlebar-mount\/#primaryimage\"},\"thumbnailUrl\":\"https:\/\/www.ghostysky.com\/wp-content\/uploads\/2025\/11\/GH_DJI-Osmo-Action-Dual-Direction-Mini-Handlebar-Mount_1.jpg\",\"datePublished\":\"2025-11-20T13:48:17+00:00\",\"dateModified\":\"2025-11-23T09:22:13+00:00\",\"description\":\"Elevate your cycling footage with the DJI Osmo Action Dual-Direction Mini Handlebar Mount. Designed for action enthusiasts, this compact and secure mount makes it simple to attach your Osmo Action camera to any standard handlebar, transforming your bike ride, commute, or trail adventure into a captivating cinematic experience.\",\"breadcrumb\":{\"@id\":\"https:\/\/www.ghostysky.com\/product\/dji-osmo-action-dual-direction-mini-handlebar-mount\/#breadcrumb\"},\"inLanguage\":\"fr-FR\",\"potentialAction\":[{\"@type\":\"ReadAction\",\"target\":[\"https:\/\/www.ghostysky.com\/product\/dji-osmo-action-dual-direction-mini-handlebar-mount\/\"]}]},{\"@type\":\"ImageObject\",\"inLanguage\":\"fr-FR\",\"@id\":\"https:\/\/www.ghostysky.com\/product\/dji-osmo-action-dual-direction-mini-handlebar-mount\/#primaryimage\",\"url\":\"https:\/\/www.ghostysky.com\/wp-content\/uploads\/2025\/11\/GH_DJI-Osmo-Action-Dual-Direction-Mini-Handlebar-Mount_1.jpg\",\"contentUrl\":\"https:\/\/www.ghostysky.com\/wp-content\/uploads\/2025\/11\/GH_DJI-Osmo-Action-Dual-Direction-Mini-Handlebar-Mount_1.jpg\",\"width\":800,\"height\":800},{\"@type\":\"BreadcrumbList\",\"@id\":\"https:\/\/www.ghostysky.com\/product\/dji-osmo-action-dual-direction-mini-handlebar-mount\/#breadcrumb\",\"itemListElement\":[{\"@type\":\"ListItem\",\"position\":1,\"name\":\"Home\",\"item\":\"https:\/\/www.ghostysky.com\/\"},{\"@type\":\"ListItem\",\"position\":2,\"name\":\"Shop\",\"item\":\"https:\/\/www.ghostysky.com\/shop\/\"},{\"@type\":\"ListItem\",\"position\":3,\"name\":\"DJI Osmo Action Dual-Direction Mini Handlebar Mount\"}]},{\"@type\":\"WebSite\",\"@id\":\"https:\/\/www.ghostysky.com\/#website\",\"url\":\"https:\/\/www.ghostysky.com\/\",\"name\":\"Ghostysky\",\"description\":\"Delivering professional drones and services\",\"publisher\":{\"@id\":\"https:\/\/www.ghostysky.com\/#organization\"},\"potentialAction\":[{\"@type\":\"SearchAction\",\"target\":{\"@type\":\"EntryPoint\",\"urlTemplate\":\"https:\/\/www.ghostysky.com\/?s={search_term_string}\"},\"query-input\":{\"@type\":\"PropertyValueSpecification\",\"valueRequired\":true,\"valueName\":\"search_term_string\"}}],\"inLanguage\":\"fr-FR\"},{\"@type\":\"Organization\",\"@id\":\"https:\/\/www.ghostysky.com\/#organization\",\"name\":\"Ghostysky\",\"url\":\"https:\/\/www.ghostysky.com\/\",\"logo\":{\"@type\":\"ImageObject\",\"inLanguage\":\"fr-FR\",\"@id\":\"https:\/\/www.ghostysky.com\/#\/schema\/logo\/image\/\",\"url\":\"https:\/\/www.ghostysky.com\/wp-content\/uploads\/2020\/06\/cropped-ghostyskylogo_text_white2.png\",\"contentUrl\":\"https:\/\/www.ghostysky.com\/wp-content\/uploads\/2020\/06\/cropped-ghostyskylogo_text_white2.png\",\"width\":169,\"height\":56,\"caption\":\"Ghostysky\"},\"image\":{\"@id\":\"https:\/\/www.ghostysky.com\/#\/schema\/logo\/image\/\"},\"sameAs\":[\"https:\/\/www.facebook.com\/people\/Ghostysky\/100057676170234\/\",\"https:\/\/x.com\/Gh0stysky\",\"https:\/\/www.linkedin.com\/company\/34739653\",\"https:\/\/www.instagram.com\/gh0stysky\"]}]}<\/script>\n<!-- \/ Yoast SEO plugin. -->","yoast_head_json":{"title":"Support de guidon mini double direction pour DJI Osmo Action - Ghostysky","description":"Sublimez vos vid\u00e9os \u00e0 v\u00e9lo avec le support de guidon DJI Osmo Action Dual-Direction Mini. Con\u00e7u pour les passionn\u00e9s d&#039;action, ce support compact et s\u00e9curis\u00e9 permet de fixer facilement votre cam\u00e9ra Osmo Action sur n&#039;importe quel guidon standard, transformant ainsi vos sorties \u00e0 v\u00e9lo, vos trajets quotidiens ou vos aventures en pleine nature en une exp\u00e9rience cin\u00e9matographique captivante.","robots":{"index":"index","follow":"follow","max-snippet":"max-snippet:-1","max-image-preview":"max-image-preview:large","max-video-preview":"max-video-preview:-1"},"canonical":"https:\/\/www.ghostysky.com\/fr\/product\/dji-osmo-action-dual-direction-mini-handlebar-mount\/","og_locale":"fr_FR","og_type":"article","og_title":"DJI Osmo Action Dual-Direction Mini Handlebar Mount - Ghostysky","og_description":"Elevate your cycling footage with the DJI Osmo Action Dual-Direction Mini Handlebar Mount. Designed for action enthusiasts, this compact and secure mount makes it simple to attach your Osmo Action camera to any standard handlebar, transforming your bike ride, commute, or trail adventure into a captivating cinematic experience.","og_url":"https:\/\/www.ghostysky.com\/fr\/product\/dji-osmo-action-dual-direction-mini-handlebar-mount\/","og_site_name":"Ghostysky","article_publisher":"https:\/\/www.facebook.com\/people\/Ghostysky\/100057676170234\/","article_modified_time":"2025-11-23T09:22:13+00:00","og_image":[{"width":800,"height":800,"url":"https:\/\/www.ghostysky.com\/wp-content\/uploads\/2025\/11\/GH_DJI-Osmo-Action-Dual-Direction-Mini-Handlebar-Mount_1.jpg","type":"image\/jpeg"}],"twitter_card":"summary_large_image","twitter_site":"@Gh0stysky","twitter_misc":{"Dur\u00e9e de lecture estim\u00e9e":"2 minutes"},"schema":{"@context":"https:\/\/schema.org","@graph":[{"@type":"WebPage","@id":"https:\/\/www.ghostysky.com\/product\/dji-osmo-action-dual-direction-mini-handlebar-mount\/","url":"https:\/\/www.ghostysky.com\/product\/dji-osmo-action-dual-direction-mini-handlebar-mount\/","name":"Support de guidon mini double direction pour DJI Osmo Action - Ghostysky","isPartOf":{"@id":"https:\/\/www.ghostysky.com\/#website"},"primaryImageOfPage":{"@id":"https:\/\/www.ghostysky.com\/product\/dji-osmo-action-dual-direction-mini-handlebar-mount\/#primaryimage"},"image":{"@id":"https:\/\/www.ghostysky.com\/product\/dji-osmo-action-dual-direction-mini-handlebar-mount\/#primaryimage"},"thumbnailUrl":"https:\/\/www.ghostysky.com\/wp-content\/uploads\/2025\/11\/GH_DJI-Osmo-Action-Dual-Direction-Mini-Handlebar-Mount_1.jpg","datePublished":"2025-11-20T13:48:17+00:00","dateModified":"2025-11-23T09:22:13+00:00","description":"Sublimez vos vid\u00e9os \u00e0 v\u00e9lo avec le support de guidon DJI Osmo Action Dual-Direction Mini. Con\u00e7u pour les passionn\u00e9s d&#039;action, ce support compact et s\u00e9curis\u00e9 permet de fixer facilement votre cam\u00e9ra Osmo Action sur n&#039;importe quel guidon standard, transformant ainsi vos sorties \u00e0 v\u00e9lo, vos trajets quotidiens ou vos aventures en pleine nature en une exp\u00e9rience cin\u00e9matographique captivante.","breadcrumb":{"@id":"https:\/\/www.ghostysky.com\/product\/dji-osmo-action-dual-direction-mini-handlebar-mount\/#breadcrumb"},"inLanguage":"fr-FR","potentialAction":[{"@type":"ReadAction","target":["https:\/\/www.ghostysky.com\/product\/dji-osmo-action-dual-direction-mini-handlebar-mount\/"]}]},{"@type":"ImageObject","inLanguage":"fr-FR","@id":"https:\/\/www.ghostysky.com\/product\/dji-osmo-action-dual-direction-mini-handlebar-mount\/#primaryimage","url":"https:\/\/www.ghostysky.com\/wp-content\/uploads\/2025\/11\/GH_DJI-Osmo-Action-Dual-Direction-Mini-Handlebar-Mount_1.jpg","contentUrl":"https:\/\/www.ghostysky.com\/wp-content\/uploads\/2025\/11\/GH_DJI-Osmo-Action-Dual-Direction-Mini-Handlebar-Mount_1.jpg","width":800,"height":800},{"@type":"BreadcrumbList","@id":"https:\/\/www.ghostysky.com\/product\/dji-osmo-action-dual-direction-mini-handlebar-mount\/#breadcrumb","itemListElement":[{"@type":"ListItem","position":1,"name":"Home","item":"https:\/\/www.ghostysky.com\/"},{"@type":"ListItem","position":2,"name":"Shop","item":"https:\/\/www.ghostysky.com\/shop\/"},{"@type":"ListItem","position":3,"name":"DJI Osmo Action Dual-Direction Mini Handlebar Mount"}]},{"@type":"WebSite","@id":"https:\/\/www.ghostysky.com\/#website","url":"https:\/\/www.ghostysky.com\/","name":"Ghostysky","description":"Livraison de drones et de services professionnels","publisher":{"@id":"https:\/\/www.ghostysky.com\/#organization"},"potentialAction":[{"@type":"SearchAction","target":{"@type":"EntryPoint","urlTemplate":"https:\/\/www.ghostysky.com\/?s={search_term_string}"},"query-input":{"@type":"PropertyValueSpecification","valueRequired":true,"valueName":"search_term_string"}}],"inLanguage":"fr-FR"},{"@type":"Organization","@id":"https:\/\/www.ghostysky.com\/#organization","name":"Ghostysky","url":"https:\/\/www.ghostysky.com\/","logo":{"@type":"ImageObject","inLanguage":"fr-FR","@id":"https:\/\/www.ghostysky.com\/#\/schema\/logo\/image\/","url":"https:\/\/www.ghostysky.com\/wp-content\/uploads\/2020\/06\/cropped-ghostyskylogo_text_white2.png","contentUrl":"https:\/\/www.ghostysky.com\/wp-content\/uploads\/2020\/06\/cropped-ghostyskylogo_text_white2.png","width":169,"height":56,"caption":"Ghostysky"},"image":{"@id":"https:\/\/www.ghostysky.com\/#\/schema\/logo\/image\/"},"sameAs":["https:\/\/www.facebook.com\/people\/Ghostysky\/100057676170234\/","https:\/\/x.com\/Gh0stysky","https:\/\/www.linkedin.com\/company\/34739653","https:\/\/www.instagram.com\/gh0stysky"]}]}},"_links":{"self":[{"href":"https:\/\/www.ghostysky.com\/fr\/wp-json\/wp\/v2\/product\/23344","targetHints":{"allow":["GET"]}}],"collection":[{"href":"https:\/\/www.ghostysky.com\/fr\/wp-json\/wp\/v2\/product"}],"about":[{"href":"https:\/\/www.ghostysky.com\/fr\/wp-json\/wp\/v2\/types\/product"}],"replies":[{"embeddable":true,"href":"https:\/\/www.ghostysky.com\/fr\/wp-json\/wp\/v2\/comments?post=23344"}],"wp:featuredmedia":[{"embeddable":true,"href":"https:\/\/www.ghostysky.com\/fr\/wp-json\/wp\/v2\/media\/23349"}],"wp:attachment":[{"href":"https:\/\/www.ghostysky.com\/fr\/wp-json\/wp\/v2\/media?parent=23344"}],"wp:term":[{"taxonomy":"product_brand","embeddable":true,"href":"https:\/\/www.ghostysky.com\/fr\/wp-json\/wp\/v2\/product_brand?post=23344"},{"taxonomy":"product_cat","embeddable":true,"href":"https:\/\/www.ghostysky.com\/fr\/wp-json\/wp\/v2\/product_cat?post=23344"},{"taxonomy":"product_tag","embeddable":true,"href":"https:\/\/www.ghostysky.com\/fr\/wp-json\/wp\/v2\/product_tag?post=23344"}],"curies":[{"name":"wp","href":"https:\/\/api.w.org\/{rel}","templated":true}]}}