{"id":23350,"date":"2025-11-20T13:55:58","date_gmt":"2025-11-20T13:55:58","guid":{"rendered":"https:\/\/www.ghostysky.com\/?post_type=product&#038;p=23350"},"modified":"2025-11-23T09:21:44","modified_gmt":"2025-11-23T09:21:44","slug":"dji-osmo-action-dual-direction-360-wrist-strap","status":"publish","type":"product","link":"https:\/\/www.ghostysky.com\/fr\/product\/dji-osmo-action-dual-direction-360-wrist-strap\/","title":{"rendered":"Dragonne bidirectionnelle \u00e0 360\u00b0 pour DJI Osmo Action"},"content":{"rendered":"<h4>Caract\u00e9ristiques principales<\/h4>\n<ul data-path-to-node=\"3\">\n<li>\n<p data-path-to-node=\"3,0,0\"><b>Support \u00e0 d\u00e9gagement rapide bidirectionnel\u00a0:<\/b><span class=\"citation-124 citation-end-124\"> Fixez votre cam\u00e9ra Osmo Action de mani\u00e8re s\u00fbre et rapide.<\/span> <span class=\"citation-123 citation-end-123\">Le support innovant est con\u00e7u pour une installation rapide, vous permettant d&#039;installer rapidement la cam\u00e9ra face \u00e0 l&#039;avant ou vers l&#039;arri\u00e8re pour capturer des images immersives en vue subjective ou m\u00eame des selfies captivants.<\/span><\/p>\n<\/li>\n<li>\n<p data-path-to-node=\"3,1,0\"><b>Rotation et inclinaison \u00e0 360\u00b0 :<\/b><span class=\"citation-122 citation-end-122\"> La rotule int\u00e9gr\u00e9e \u00e0 la base de la pince offre une libert\u00e9 totale.<\/span> <span class=\"citation-121\">Faites pivoter et inclinez facilement votre cam\u00e9ra sur toute sa longueur. <\/span><b><span class=\"citation-121\">360 degr\u00e9s<\/span><\/b><span class=\"citation-121 citation-end-121\"> pour trouver l&#039;angle de prise de vue parfait, que vous soyez en pleine balade \u00e0 v\u00e9lo, en train d&#039;escalader un rocher ou de pratiquer des sports nautiques.<\/span><\/p>\n<\/li>\n<li>\n<p data-path-to-node=\"3,2,0\"><b>Tournage mains libres\u00a0:<\/b><span class=\"citation-120\"> Id\u00e9al pour les activit\u00e9s qui occupent les mains, comme <\/span><b><span class=\"citation-120\">natation, surf, escalade ou cyclisme<\/span><\/b><span class=\"citation-120 citation-end-120\">.<\/span> <span class=\"citation-119 citation-end-119\">Concentrez-vous sur votre activit\u00e9 pendant que votre cam\u00e9ra capture des images stables et exaltantes.<\/span><\/p>\n<\/li>\n<li>\n<p data-path-to-node=\"3,3,0\"><b>Ajustement confortable et r\u00e9glable :<\/b><span class=\"citation-118\"> Le bracelet utilise un mat\u00e9riau durable <\/span><b><span class=\"citation-118\">fermeture auto-agrippante<\/span><\/b><span class=\"citation-118\"> Conception (Velcro), vous permettant d&#039;ajuster facilement la taille pour un maintien confortable et s\u00fbr sur votre <\/span><b><span class=\"citation-118\">poignet ou paume<\/span><\/b><span class=\"citation-118 citation-end-118\"> \u00e0 tout moment.<\/span><\/p>\n<div class=\"source-inline-chip-container ng-star-inserted\"><\/div>\n<\/li>\n<\/ul>\n<h4>Caract\u00e9ristiques<\/h4>\n<ul data-path-to-node=\"5\">\n<li>\n<p data-path-to-node=\"5,0,0\"><b>Pi\u00e8ce jointe:<\/b><span class=\"citation-117 citation-end-117\"> Support \u00e0 d\u00e9gagement rapide bidirectionnel<\/span><\/p>\n<\/li>\n<li>\n<p data-path-to-node=\"5,1,0\"><b><span class=\"citation-116\">Ajustabilit\u00e9 :<\/span><\/b><span class=\"citation-116 citation-end-116\"> Rotule de rotation et d&#039;inclinaison \u00e0 360\u00b0<\/span><\/p>\n<\/li>\n<li>\n<p data-path-to-node=\"5,2,0\"><b>Fermeture s\u00e9curis\u00e9e :<\/b><span class=\"citation-115 citation-end-115\"> Sangle \u00e0 scratch (Velcro)<\/span><\/p>\n<\/li>\n<li>\n<p data-path-to-node=\"5,3,0\"><b>Compatibilit\u00e9 (variable selon la g\u00e9n\u00e9ration, g\u00e9n\u00e9ralement compatible)\u00a0:<\/b> DJI Osmo Action 6, Osmo Action 5 Pro, Osmo Action 4, Osmo Action 3 et Osmo Nano.<\/p>\n<\/li>\n<\/ul>\n<p data-path-to-node=\"6\">Donnez une nouvelle dimension \u00e0 vos vid\u00e9os d&#039;action et \u00e0 votre contenu gr\u00e2ce \u00e0 une solution s\u00e9curis\u00e9e, polyvalente et confortable. <b>Dragonne bidirectionnelle \u00e0 360\u00b0 pour DJI Osmo Action<\/b>.<\/p>","protected":false},"excerpt":{"rendered":"<p>Capturez chaque instant de votre aventure gr\u00e2ce \u00e0 une perspective dynamique \u00e0 la premi\u00e8re personne avec le <b>Dragonne bidirectionnelle \u00e0 360\u00b0 pour DJI Osmo Action<\/b>. <span class=\"citation-125 citation-end-125\">Con\u00e7u pour les utilisateurs de cam\u00e9ras d&#039;action, cet accessoire indispensable offre une s\u00e9curit\u00e9 optimale et une flexibilit\u00e9 in\u00e9gal\u00e9e, maintenant votre cam\u00e9ra fermement fix\u00e9e et pr\u00eate \u00e0 filmer tout en vous laissant les mains libres pour la t\u00e2che \u00e0 accomplir.<\/span><\/p>","protected":false},"featured_media":23353,"comment_status":"open","ping_status":"closed","template":"","meta":[],"product_brand":[1031],"product_cat":[37,1301,1302,29],"product_tag":[42,1306,1303,1305],"class_list":{"0":"post-23350","1":"product","2":"type-product","3":"status-publish","4":"has-post-thumbnail","6":"product_brand-dji","7":"product_cat-dji","8":"product_cat-dji-handled","9":"product_cat-dji-osmo-action-6","10":"product_cat-drones","11":"product_tag-dji","12":"product_tag-dji-osmo-action","13":"product_tag-osmo-action-6","14":"product_tag-osmo-action-6-accessories","16":"first","17":"outofstock","18":"taxable","19":"shipping-taxable","20":"purchasable","21":"product-type-simple"},"yoast_head":"<!-- This site is optimized with the Yoast SEO plugin v27.1.1 - https:\/\/yoast.com\/product\/yoast-seo-wordpress\/ -->\n<title>DJI Osmo Action Dual-Direction 360\u00b0 Wrist Strap - Ghostysky<\/title>\n<meta name=\"description\" content=\"Capture every moment of your adventure from a dynamic first-person perspective with the DJI Osmo Action Dual-Direction 360\u00b0 Wrist Strap. Engineered for action camera users, this essential accessory provides ultimate security and unmatched flexibility, keeping your camera firmly attached and ready to shoot while your hands stay free for the task at hand.\" \/>\n<meta name=\"robots\" content=\"index, follow, max-snippet:-1, max-image-preview:large, max-video-preview:-1\" \/>\n<link rel=\"canonical\" href=\"https:\/\/www.ghostysky.com\/fr\/product\/dji-osmo-action-dual-direction-360-wrist-strap\/\" \/>\n<meta property=\"og:locale\" content=\"fr_FR\" \/>\n<meta property=\"og:type\" content=\"article\" \/>\n<meta property=\"og:title\" content=\"DJI Osmo Action Dual-Direction 360\u00b0 Wrist Strap - Ghostysky\" \/>\n<meta property=\"og:description\" content=\"Capture every moment of your adventure from a dynamic first-person perspective with the DJI Osmo Action Dual-Direction 360\u00b0 Wrist Strap. Engineered for action camera users, this essential accessory provides ultimate security and unmatched flexibility, keeping your camera firmly attached and ready to shoot while your hands stay free for the task at hand.\" \/>\n<meta property=\"og:url\" content=\"https:\/\/www.ghostysky.com\/fr\/product\/dji-osmo-action-dual-direction-360-wrist-strap\/\" \/>\n<meta property=\"og:site_name\" content=\"Ghostysky\" \/>\n<meta property=\"article:publisher\" content=\"https:\/\/www.facebook.com\/people\/Ghostysky\/100057676170234\/\" \/>\n<meta property=\"article:modified_time\" content=\"2025-11-23T09:21:44+00:00\" \/>\n<meta property=\"og:image\" content=\"https:\/\/www.ghostysky.com\/wp-content\/uploads\/2025\/11\/GH_DJI-Osmo-Action-Dual-Direction-360\u00b0-Wrist-Strap_1.jpg\" \/>\n\t<meta property=\"og:image:width\" content=\"800\" \/>\n\t<meta property=\"og:image:height\" content=\"800\" \/>\n\t<meta property=\"og:image:type\" content=\"image\/jpeg\" \/>\n<meta name=\"twitter:card\" content=\"summary_large_image\" \/>\n<meta name=\"twitter:site\" content=\"@Gh0stysky\" \/>\n<meta name=\"twitter:label1\" content=\"Dur\u00e9e de lecture estim\u00e9e\" \/>\n\t<meta name=\"twitter:data1\" content=\"2 minutes\" \/>\n<script type=\"application\/ld+json\" class=\"yoast-schema-graph\">{\"@context\":\"https:\/\/schema.org\",\"@graph\":[{\"@type\":\"WebPage\",\"@id\":\"https:\/\/www.ghostysky.com\/product\/dji-osmo-action-dual-direction-360-wrist-strap\/\",\"url\":\"https:\/\/www.ghostysky.com\/product\/dji-osmo-action-dual-direction-360-wrist-strap\/\",\"name\":\"DJI Osmo Action Dual-Direction 360\u00b0 Wrist Strap - Ghostysky\",\"isPartOf\":{\"@id\":\"https:\/\/www.ghostysky.com\/#website\"},\"primaryImageOfPage\":{\"@id\":\"https:\/\/www.ghostysky.com\/product\/dji-osmo-action-dual-direction-360-wrist-strap\/#primaryimage\"},\"image\":{\"@id\":\"https:\/\/www.ghostysky.com\/product\/dji-osmo-action-dual-direction-360-wrist-strap\/#primaryimage\"},\"thumbnailUrl\":\"https:\/\/www.ghostysky.com\/wp-content\/uploads\/2025\/11\/GH_DJI-Osmo-Action-Dual-Direction-360\u00b0-Wrist-Strap_1.jpg\",\"datePublished\":\"2025-11-20T13:55:58+00:00\",\"dateModified\":\"2025-11-23T09:21:44+00:00\",\"description\":\"Capture every moment of your adventure from a dynamic first-person perspective with the DJI Osmo Action Dual-Direction 360\u00b0 Wrist Strap. Engineered for action camera users, this essential accessory provides ultimate security and unmatched flexibility, keeping your camera firmly attached and ready to shoot while your hands stay free for the task at hand.\",\"breadcrumb\":{\"@id\":\"https:\/\/www.ghostysky.com\/product\/dji-osmo-action-dual-direction-360-wrist-strap\/#breadcrumb\"},\"inLanguage\":\"fr-FR\",\"potentialAction\":[{\"@type\":\"ReadAction\",\"target\":[\"https:\/\/www.ghostysky.com\/product\/dji-osmo-action-dual-direction-360-wrist-strap\/\"]}]},{\"@type\":\"ImageObject\",\"inLanguage\":\"fr-FR\",\"@id\":\"https:\/\/www.ghostysky.com\/product\/dji-osmo-action-dual-direction-360-wrist-strap\/#primaryimage\",\"url\":\"https:\/\/www.ghostysky.com\/wp-content\/uploads\/2025\/11\/GH_DJI-Osmo-Action-Dual-Direction-360\u00b0-Wrist-Strap_1.jpg\",\"contentUrl\":\"https:\/\/www.ghostysky.com\/wp-content\/uploads\/2025\/11\/GH_DJI-Osmo-Action-Dual-Direction-360\u00b0-Wrist-Strap_1.jpg\",\"width\":800,\"height\":800},{\"@type\":\"BreadcrumbList\",\"@id\":\"https:\/\/www.ghostysky.com\/product\/dji-osmo-action-dual-direction-360-wrist-strap\/#breadcrumb\",\"itemListElement\":[{\"@type\":\"ListItem\",\"position\":1,\"name\":\"Home\",\"item\":\"https:\/\/www.ghostysky.com\/\"},{\"@type\":\"ListItem\",\"position\":2,\"name\":\"Shop\",\"item\":\"https:\/\/www.ghostysky.com\/shop\/\"},{\"@type\":\"ListItem\",\"position\":3,\"name\":\"DJI Osmo Action Dual-Direction 360\u00b0 Wrist Strap\"}]},{\"@type\":\"WebSite\",\"@id\":\"https:\/\/www.ghostysky.com\/#website\",\"url\":\"https:\/\/www.ghostysky.com\/\",\"name\":\"Ghostysky\",\"description\":\"Delivering professional drones and services\",\"publisher\":{\"@id\":\"https:\/\/www.ghostysky.com\/#organization\"},\"potentialAction\":[{\"@type\":\"SearchAction\",\"target\":{\"@type\":\"EntryPoint\",\"urlTemplate\":\"https:\/\/www.ghostysky.com\/?s={search_term_string}\"},\"query-input\":{\"@type\":\"PropertyValueSpecification\",\"valueRequired\":true,\"valueName\":\"search_term_string\"}}],\"inLanguage\":\"fr-FR\"},{\"@type\":\"Organization\",\"@id\":\"https:\/\/www.ghostysky.com\/#organization\",\"name\":\"Ghostysky\",\"url\":\"https:\/\/www.ghostysky.com\/\",\"logo\":{\"@type\":\"ImageObject\",\"inLanguage\":\"fr-FR\",\"@id\":\"https:\/\/www.ghostysky.com\/#\/schema\/logo\/image\/\",\"url\":\"https:\/\/www.ghostysky.com\/wp-content\/uploads\/2020\/06\/cropped-ghostyskylogo_text_white2.png\",\"contentUrl\":\"https:\/\/www.ghostysky.com\/wp-content\/uploads\/2020\/06\/cropped-ghostyskylogo_text_white2.png\",\"width\":169,\"height\":56,\"caption\":\"Ghostysky\"},\"image\":{\"@id\":\"https:\/\/www.ghostysky.com\/#\/schema\/logo\/image\/\"},\"sameAs\":[\"https:\/\/www.facebook.com\/people\/Ghostysky\/100057676170234\/\",\"https:\/\/x.com\/Gh0stysky\",\"https:\/\/www.linkedin.com\/company\/34739653\",\"https:\/\/www.instagram.com\/gh0stysky\"]}]}<\/script>\n<!-- \/ Yoast SEO plugin. -->","yoast_head_json":{"title":"Dragonne 360\u00b0 bidirectionnelle pour DJI Osmo Action - Ghostysky","description":"Capturez chaque instant de votre aventure gr\u00e2ce \u00e0 une perspective immersive \u00e0 la premi\u00e8re personne avec la dragonne 360\u00b0 bidirectionnelle pour DJI Osmo Action. Con\u00e7u pour les utilisateurs de cam\u00e9ras d&#039;action, cet accessoire indispensable offre une s\u00e9curit\u00e9 optimale et une flexibilit\u00e9 in\u00e9gal\u00e9e, maintenant votre cam\u00e9ra fermement fix\u00e9e et pr\u00eate \u00e0 filmer tout en vous laissant les mains libres.","robots":{"index":"index","follow":"follow","max-snippet":"max-snippet:-1","max-image-preview":"max-image-preview:large","max-video-preview":"max-video-preview:-1"},"canonical":"https:\/\/www.ghostysky.com\/fr\/product\/dji-osmo-action-dual-direction-360-wrist-strap\/","og_locale":"fr_FR","og_type":"article","og_title":"DJI Osmo Action Dual-Direction 360\u00b0 Wrist Strap - Ghostysky","og_description":"Capture every moment of your adventure from a dynamic first-person perspective with the DJI Osmo Action Dual-Direction 360\u00b0 Wrist Strap. Engineered for action camera users, this essential accessory provides ultimate security and unmatched flexibility, keeping your camera firmly attached and ready to shoot while your hands stay free for the task at hand.","og_url":"https:\/\/www.ghostysky.com\/fr\/product\/dji-osmo-action-dual-direction-360-wrist-strap\/","og_site_name":"Ghostysky","article_publisher":"https:\/\/www.facebook.com\/people\/Ghostysky\/100057676170234\/","article_modified_time":"2025-11-23T09:21:44+00:00","og_image":[{"width":800,"height":800,"url":"https:\/\/www.ghostysky.com\/wp-content\/uploads\/2025\/11\/GH_DJI-Osmo-Action-Dual-Direction-360\u00b0-Wrist-Strap_1.jpg","type":"image\/jpeg"}],"twitter_card":"summary_large_image","twitter_site":"@Gh0stysky","twitter_misc":{"Dur\u00e9e de lecture estim\u00e9e":"2 minutes"},"schema":{"@context":"https:\/\/schema.org","@graph":[{"@type":"WebPage","@id":"https:\/\/www.ghostysky.com\/product\/dji-osmo-action-dual-direction-360-wrist-strap\/","url":"https:\/\/www.ghostysky.com\/product\/dji-osmo-action-dual-direction-360-wrist-strap\/","name":"Dragonne 360\u00b0 bidirectionnelle pour DJI Osmo Action - Ghostysky","isPartOf":{"@id":"https:\/\/www.ghostysky.com\/#website"},"primaryImageOfPage":{"@id":"https:\/\/www.ghostysky.com\/product\/dji-osmo-action-dual-direction-360-wrist-strap\/#primaryimage"},"image":{"@id":"https:\/\/www.ghostysky.com\/product\/dji-osmo-action-dual-direction-360-wrist-strap\/#primaryimage"},"thumbnailUrl":"https:\/\/www.ghostysky.com\/wp-content\/uploads\/2025\/11\/GH_DJI-Osmo-Action-Dual-Direction-360\u00b0-Wrist-Strap_1.jpg","datePublished":"2025-11-20T13:55:58+00:00","dateModified":"2025-11-23T09:21:44+00:00","description":"Capturez chaque instant de votre aventure gr\u00e2ce \u00e0 une perspective immersive \u00e0 la premi\u00e8re personne avec la dragonne 360\u00b0 bidirectionnelle pour DJI Osmo Action. Con\u00e7u pour les utilisateurs de cam\u00e9ras d&#039;action, cet accessoire indispensable offre une s\u00e9curit\u00e9 optimale et une flexibilit\u00e9 in\u00e9gal\u00e9e, maintenant votre cam\u00e9ra fermement fix\u00e9e et pr\u00eate \u00e0 filmer tout en vous laissant les mains libres.","breadcrumb":{"@id":"https:\/\/www.ghostysky.com\/product\/dji-osmo-action-dual-direction-360-wrist-strap\/#breadcrumb"},"inLanguage":"fr-FR","potentialAction":[{"@type":"ReadAction","target":["https:\/\/www.ghostysky.com\/product\/dji-osmo-action-dual-direction-360-wrist-strap\/"]}]},{"@type":"ImageObject","inLanguage":"fr-FR","@id":"https:\/\/www.ghostysky.com\/product\/dji-osmo-action-dual-direction-360-wrist-strap\/#primaryimage","url":"https:\/\/www.ghostysky.com\/wp-content\/uploads\/2025\/11\/GH_DJI-Osmo-Action-Dual-Direction-360\u00b0-Wrist-Strap_1.jpg","contentUrl":"https:\/\/www.ghostysky.com\/wp-content\/uploads\/2025\/11\/GH_DJI-Osmo-Action-Dual-Direction-360\u00b0-Wrist-Strap_1.jpg","width":800,"height":800},{"@type":"BreadcrumbList","@id":"https:\/\/www.ghostysky.com\/product\/dji-osmo-action-dual-direction-360-wrist-strap\/#breadcrumb","itemListElement":[{"@type":"ListItem","position":1,"name":"Home","item":"https:\/\/www.ghostysky.com\/"},{"@type":"ListItem","position":2,"name":"Shop","item":"https:\/\/www.ghostysky.com\/shop\/"},{"@type":"ListItem","position":3,"name":"DJI Osmo Action Dual-Direction 360\u00b0 Wrist Strap"}]},{"@type":"WebSite","@id":"https:\/\/www.ghostysky.com\/#website","url":"https:\/\/www.ghostysky.com\/","name":"Ghostysky","description":"Livraison de drones et de services professionnels","publisher":{"@id":"https:\/\/www.ghostysky.com\/#organization"},"potentialAction":[{"@type":"SearchAction","target":{"@type":"EntryPoint","urlTemplate":"https:\/\/www.ghostysky.com\/?s={search_term_string}"},"query-input":{"@type":"PropertyValueSpecification","valueRequired":true,"valueName":"search_term_string"}}],"inLanguage":"fr-FR"},{"@type":"Organization","@id":"https:\/\/www.ghostysky.com\/#organization","name":"Ghostysky","url":"https:\/\/www.ghostysky.com\/","logo":{"@type":"ImageObject","inLanguage":"fr-FR","@id":"https:\/\/www.ghostysky.com\/#\/schema\/logo\/image\/","url":"https:\/\/www.ghostysky.com\/wp-content\/uploads\/2020\/06\/cropped-ghostyskylogo_text_white2.png","contentUrl":"https:\/\/www.ghostysky.com\/wp-content\/uploads\/2020\/06\/cropped-ghostyskylogo_text_white2.png","width":169,"height":56,"caption":"Ghostysky"},"image":{"@id":"https:\/\/www.ghostysky.com\/#\/schema\/logo\/image\/"},"sameAs":["https:\/\/www.facebook.com\/people\/Ghostysky\/100057676170234\/","https:\/\/x.com\/Gh0stysky","https:\/\/www.linkedin.com\/company\/34739653","https:\/\/www.instagram.com\/gh0stysky"]}]}},"_links":{"self":[{"href":"https:\/\/www.ghostysky.com\/fr\/wp-json\/wp\/v2\/product\/23350","targetHints":{"allow":["GET"]}}],"collection":[{"href":"https:\/\/www.ghostysky.com\/fr\/wp-json\/wp\/v2\/product"}],"about":[{"href":"https:\/\/www.ghostysky.com\/fr\/wp-json\/wp\/v2\/types\/product"}],"replies":[{"embeddable":true,"href":"https:\/\/www.ghostysky.com\/fr\/wp-json\/wp\/v2\/comments?post=23350"}],"wp:featuredmedia":[{"embeddable":true,"href":"https:\/\/www.ghostysky.com\/fr\/wp-json\/wp\/v2\/media\/23353"}],"wp:attachment":[{"href":"https:\/\/www.ghostysky.com\/fr\/wp-json\/wp\/v2\/media?parent=23350"}],"wp:term":[{"taxonomy":"product_brand","embeddable":true,"href":"https:\/\/www.ghostysky.com\/fr\/wp-json\/wp\/v2\/product_brand?post=23350"},{"taxonomy":"product_cat","embeddable":true,"href":"https:\/\/www.ghostysky.com\/fr\/wp-json\/wp\/v2\/product_cat?post=23350"},{"taxonomy":"product_tag","embeddable":true,"href":"https:\/\/www.ghostysky.com\/fr\/wp-json\/wp\/v2\/product_tag?post=23350"}],"curies":[{"name":"wp","href":"https:\/\/api.w.org\/{rel}","templated":true}]}}