{"id":23358,"date":"2025-11-20T22:56:13","date_gmt":"2025-11-20T22:56:13","guid":{"rendered":"https:\/\/www.ghostysky.com\/?post_type=product&#038;p=23358"},"modified":"2025-11-23T09:16:58","modified_gmt":"2025-11-23T09:16:58","slug":"dji-osmo-1-5m-extension-rod-kit-dual-quick-release","status":"publish","type":"product","link":"https:\/\/www.ghostysky.com\/fr\/product\/dji-osmo-1-5m-extension-rod-kit-dual-quick-release\/","title":{"rendered":"Kit de rallonge de 1,5 m pour DJI Osmo (double syst\u00e8me de fixation rapide)"},"content":{"rendered":"<h4>Caract\u00e9ristiques principales<\/h4>\n<ul data-path-to-node=\"4\">\n<li>\n<p data-path-to-node=\"4,0,0\"><b>Port\u00e9e t\u00e9lescopique :<\/b><span class=\"citation-326\"> La tige est r\u00e9glable \u00e0 partir d&#039;une position compacte <\/span><b><span class=\"citation-326\">0,3 m\u00e8tre<\/span><\/b><span class=\"citation-326 citation-end-326\"> (environ<\/span> <span class=\"citation-325\">11,8 pouces) \u00e0 une extension compl\u00e8te <\/span><b><span class=\"citation-325\">1,5 m\u00e8tre<\/span><\/b><span class=\"citation-325 citation-end-325\"> (environ<\/span> 4,9 pieds), vous offrant une grande flexibilit\u00e9 pour les prises de vue en plong\u00e9e ou les selfies de groupe.<\/p>\n<\/li>\n<li>\n<p data-path-to-node=\"4,1,0\"><b>Double syst\u00e8me de d\u00e9gagement rapide\u00a0:<\/b><span class=\"citation-324\"> Le inclus <\/span><b><span class=\"citation-324\">Support adaptateur \u00e0 d\u00e9gagement rapide bidirectionnel<\/span><\/b><span class=\"citation-324 citation-end-324\"> permet une fixation et un d\u00e9tachement incroyablement rapides de votre cam\u00e9ra d&#039;action Osmo, vous assurant ainsi de ne manquer aucune prise de vue lors du changement de configuration.<\/span><\/p>\n<\/li>\n<li>\n<p data-path-to-node=\"4,2,0\"><b><span class=\"citation-323\">Extension d&#039;accessoires\u00a0:<\/span><\/b><span class=\"citation-323\"> Une norme <\/span><b><span class=\"citation-323\">trou filet\u00e9 de 1\/4 de pouce<\/span><\/b><span class=\"citation-323 citation-end-323\"> La base de la tige permet la fixation d&#039;accessoires tels que des tr\u00e9pieds, \u00e9largissant ainsi vos options de montage et de prise de vue.<\/span><\/p>\n<\/li>\n<li>\n<p data-path-to-node=\"4,3,0\"><b><span class=\"citation-322\">Compact et portable :<\/span><\/b><span class=\"citation-322\"> Une fois repli\u00e9e, la tige mesure juste <\/span><b><span class=\"citation-322\">227 mm<\/span><\/b><span class=\"citation-322 citation-end-322\"> (environ<\/span> <span class=\"citation-321\">8,9 pouces) et ne p\u00e8se que <\/span><b><span class=\"citation-321\">160 g<\/span><\/b><span class=\"citation-321 citation-end-321\">ce qui le rend tr\u00e8s facile \u00e0 emporter pour toute aventure ou vlog de voyage.<\/span><\/p>\n<\/li>\n<li>\n<p data-path-to-node=\"4,4,0\"><b><span class=\"citation-320\">Prise en main confortable :<\/span><\/b><span class=\"citation-320\"> Avec un diam\u00e8tre mince de <\/span><b><span class=\"citation-320\">26,6 mm<\/span><\/b><span class=\"citation-320 citation-end-320\">La poign\u00e9e est confortable et offre une prise en main s\u00fbre, m\u00eame lors de longues s\u00e9ances de prise de vue.<\/span><\/p>\n<div class=\"source-inline-chip-container ng-star-inserted\"><\/div>\n<\/li>\n<\/ul>\n<h4>Dans la bo\u00eete<\/h4>\n<p data-path-to-node=\"7\">Le kit comprend tout ce dont vous avez besoin pour une utilisation imm\u00e9diate\u00a0:<\/p>\n<ul data-path-to-node=\"8\">\n<li>\n<p data-path-to-node=\"8,0,0\"><span class=\"citation-319 citation-end-319\">Tige d&#039;extension Osmo de 1,5 m<\/span><\/p>\n<\/li>\n<li>\n<p data-path-to-node=\"8,1,0\"><span class=\"citation-318 citation-end-318\">Support adaptateur \u00e0 d\u00e9gagement rapide double direction Osmo<\/span><\/p>\n<\/li>\n<li>\n<p data-path-to-node=\"8,2,0\"><span class=\"citation-317 citation-end-317\">Vis de verrouillage Osmo<\/span><\/p>\n<\/li>\n<\/ul>\n<p data-path-to-node=\"9\"><span class=\"citation-316 citation-end-316\">Capturez des sc\u00e8nes plus larges, des perspectives uniques et des autoportraits parfaits gr\u00e2ce \u00e0 cet accessoire indispensable pour votre cam\u00e9ra d&#039;action DJI Osmo compatible.<\/span><\/p>","protected":false},"excerpt":{"rendered":"<p data-path-to-node=\"1\">\u00c9levez votre perspective et capturez des selfies sans effort et des angles cr\u00e9atifs avec le <b>Kit de tige d&#039;extension DJI Osmo de 1,5 m<\/b>. <span class=\"citation-327 citation-end-327\">Con\u00e7ue pour plus de commodit\u00e9 et de polyvalence, cette perche t\u00e9lescopique l\u00e9g\u00e8re \u00e9tend la port\u00e9e de votre appareil photo pour vous offrir de nouvelles possibilit\u00e9s de prise de vue.<\/span><\/p>","protected":false},"featured_media":23360,"comment_status":"open","ping_status":"closed","template":"","meta":[],"product_brand":[1031],"product_cat":[37,1301,1302,29],"product_tag":[42,1306,1303,1305],"class_list":{"0":"post-23358","1":"product","2":"type-product","3":"status-publish","4":"has-post-thumbnail","6":"product_brand-dji","7":"product_cat-dji","8":"product_cat-dji-handled","9":"product_cat-dji-osmo-action-6","10":"product_cat-drones","11":"product_tag-dji","12":"product_tag-dji-osmo-action","13":"product_tag-osmo-action-6","14":"product_tag-osmo-action-6-accessories","16":"first","17":"outofstock","18":"taxable","19":"shipping-taxable","20":"purchasable","21":"product-type-simple"},"yoast_head":"<!-- This site is optimized with the Yoast SEO plugin v27.4 - https:\/\/yoast.com\/product\/yoast-seo-wordpress\/ -->\n<title>DJI Osmo 1.5m Extension Rod Kit (Dual Quick-Release) - Ghostysky<\/title>\n<meta name=\"description\" content=\"Elevate your perspective and capture effortless selfies and creative angles with the DJI Osmo 1.5m Extension Rod Kit. Designed for convenience and versatility, this lightweight, telescopic rod extends your camera&#039;s reach to unlock new shooting possibilities.\" \/>\n<meta name=\"robots\" content=\"index, follow, max-snippet:-1, max-image-preview:large, max-video-preview:-1\" \/>\n<link rel=\"canonical\" href=\"https:\/\/www.ghostysky.com\/fr\/product\/dji-osmo-1-5m-extension-rod-kit-dual-quick-release\/\" \/>\n<meta property=\"og:locale\" content=\"fr_FR\" \/>\n<meta property=\"og:type\" content=\"article\" \/>\n<meta property=\"og:title\" content=\"DJI Osmo 1.5m Extension Rod Kit (Dual Quick-Release) - Ghostysky\" \/>\n<meta property=\"og:description\" content=\"Elevate your perspective and capture effortless selfies and creative angles with the DJI Osmo 1.5m Extension Rod Kit. Designed for convenience and versatility, this lightweight, telescopic rod extends your camera&#039;s reach to unlock new shooting possibilities.\" \/>\n<meta property=\"og:url\" content=\"https:\/\/www.ghostysky.com\/fr\/product\/dji-osmo-1-5m-extension-rod-kit-dual-quick-release\/\" \/>\n<meta property=\"og:site_name\" content=\"Ghostysky\" \/>\n<meta property=\"article:publisher\" content=\"https:\/\/www.facebook.com\/people\/Ghostysky\/100057676170234\/\" \/>\n<meta property=\"article:modified_time\" content=\"2025-11-23T09:16:58+00:00\" \/>\n<meta property=\"og:image\" content=\"https:\/\/www.ghostysky.com\/wp-content\/uploads\/2025\/11\/GH_DJI-Osmo-1.5m-Extension-Rod-Kit-Dual-Quick-Release_1.jpg\" \/>\n\t<meta property=\"og:image:width\" content=\"800\" \/>\n\t<meta property=\"og:image:height\" content=\"800\" \/>\n\t<meta property=\"og:image:type\" content=\"image\/jpeg\" \/>\n<meta name=\"twitter:card\" content=\"summary_large_image\" \/>\n<meta name=\"twitter:site\" content=\"@Gh0stysky\" \/>\n<meta name=\"twitter:label1\" content=\"Dur\u00e9e de lecture estim\u00e9e\" \/>\n\t<meta name=\"twitter:data1\" content=\"2 minutes\" \/>\n<script type=\"application\/ld+json\" class=\"yoast-schema-graph\">{\"@context\":\"https:\\\/\\\/schema.org\",\"@graph\":[{\"@type\":\"WebPage\",\"@id\":\"https:\\\/\\\/www.ghostysky.com\\\/product\\\/dji-osmo-1-5m-extension-rod-kit-dual-quick-release\\\/\",\"url\":\"https:\\\/\\\/www.ghostysky.com\\\/product\\\/dji-osmo-1-5m-extension-rod-kit-dual-quick-release\\\/\",\"name\":\"DJI Osmo 1.5m Extension Rod Kit (Dual Quick-Release) - Ghostysky\",\"isPartOf\":{\"@id\":\"https:\\\/\\\/www.ghostysky.com\\\/#website\"},\"primaryImageOfPage\":{\"@id\":\"https:\\\/\\\/www.ghostysky.com\\\/product\\\/dji-osmo-1-5m-extension-rod-kit-dual-quick-release\\\/#primaryimage\"},\"image\":{\"@id\":\"https:\\\/\\\/www.ghostysky.com\\\/product\\\/dji-osmo-1-5m-extension-rod-kit-dual-quick-release\\\/#primaryimage\"},\"thumbnailUrl\":\"https:\\\/\\\/www.ghostysky.com\\\/wp-content\\\/uploads\\\/2025\\\/11\\\/GH_DJI-Osmo-1.5m-Extension-Rod-Kit-Dual-Quick-Release_1.jpg\",\"datePublished\":\"2025-11-20T22:56:13+00:00\",\"dateModified\":\"2025-11-23T09:16:58+00:00\",\"description\":\"Elevate your perspective and capture effortless selfies and creative angles with the DJI Osmo 1.5m Extension Rod Kit. Designed for convenience and versatility, this lightweight, telescopic rod extends your camera's reach to unlock new shooting possibilities.\",\"breadcrumb\":{\"@id\":\"https:\\\/\\\/www.ghostysky.com\\\/product\\\/dji-osmo-1-5m-extension-rod-kit-dual-quick-release\\\/#breadcrumb\"},\"inLanguage\":\"fr-FR\",\"potentialAction\":[{\"@type\":\"ReadAction\",\"target\":[\"https:\\\/\\\/www.ghostysky.com\\\/product\\\/dji-osmo-1-5m-extension-rod-kit-dual-quick-release\\\/\"]}]},{\"@type\":\"ImageObject\",\"inLanguage\":\"fr-FR\",\"@id\":\"https:\\\/\\\/www.ghostysky.com\\\/product\\\/dji-osmo-1-5m-extension-rod-kit-dual-quick-release\\\/#primaryimage\",\"url\":\"https:\\\/\\\/www.ghostysky.com\\\/wp-content\\\/uploads\\\/2025\\\/11\\\/GH_DJI-Osmo-1.5m-Extension-Rod-Kit-Dual-Quick-Release_1.jpg\",\"contentUrl\":\"https:\\\/\\\/www.ghostysky.com\\\/wp-content\\\/uploads\\\/2025\\\/11\\\/GH_DJI-Osmo-1.5m-Extension-Rod-Kit-Dual-Quick-Release_1.jpg\",\"width\":800,\"height\":800},{\"@type\":\"BreadcrumbList\",\"@id\":\"https:\\\/\\\/www.ghostysky.com\\\/product\\\/dji-osmo-1-5m-extension-rod-kit-dual-quick-release\\\/#breadcrumb\",\"itemListElement\":[{\"@type\":\"ListItem\",\"position\":1,\"name\":\"Home\",\"item\":\"https:\\\/\\\/www.ghostysky.com\\\/\"},{\"@type\":\"ListItem\",\"position\":2,\"name\":\"Shop\",\"item\":\"https:\\\/\\\/www.ghostysky.com\\\/shop\\\/\"},{\"@type\":\"ListItem\",\"position\":3,\"name\":\"DJI Osmo 1.5m Extension Rod Kit (Dual Quick-Release)\"}]},{\"@type\":\"WebSite\",\"@id\":\"https:\\\/\\\/www.ghostysky.com\\\/#website\",\"url\":\"https:\\\/\\\/www.ghostysky.com\\\/\",\"name\":\"Ghostysky\",\"description\":\"Delivering professional drones and robotics solutions\",\"publisher\":{\"@id\":\"https:\\\/\\\/www.ghostysky.com\\\/#organization\"},\"potentialAction\":[{\"@type\":\"SearchAction\",\"target\":{\"@type\":\"EntryPoint\",\"urlTemplate\":\"https:\\\/\\\/www.ghostysky.com\\\/?s={search_term_string}\"},\"query-input\":{\"@type\":\"PropertyValueSpecification\",\"valueRequired\":true,\"valueName\":\"search_term_string\"}}],\"inLanguage\":\"fr-FR\"},{\"@type\":\"Organization\",\"@id\":\"https:\\\/\\\/www.ghostysky.com\\\/#organization\",\"name\":\"Ghostysky\",\"url\":\"https:\\\/\\\/www.ghostysky.com\\\/\",\"logo\":{\"@type\":\"ImageObject\",\"inLanguage\":\"fr-FR\",\"@id\":\"https:\\\/\\\/www.ghostysky.com\\\/#\\\/schema\\\/logo\\\/image\\\/\",\"url\":\"https:\\\/\\\/www.ghostysky.com\\\/wp-content\\\/uploads\\\/2020\\\/06\\\/cropped-ghostyskylogo_text_white2.png\",\"contentUrl\":\"https:\\\/\\\/www.ghostysky.com\\\/wp-content\\\/uploads\\\/2020\\\/06\\\/cropped-ghostyskylogo_text_white2.png\",\"width\":169,\"height\":56,\"caption\":\"Ghostysky\"},\"image\":{\"@id\":\"https:\\\/\\\/www.ghostysky.com\\\/#\\\/schema\\\/logo\\\/image\\\/\"},\"sameAs\":[\"https:\\\/\\\/www.facebook.com\\\/people\\\/Ghostysky\\\/100057676170234\\\/\",\"https:\\\/\\\/x.com\\\/Gh0stysky\",\"https:\\\/\\\/www.linkedin.com\\\/company\\\/34739653\",\"https:\\\/\\\/www.instagram.com\\\/gh0stysky\"]}]}<\/script>\n<!-- \/ Yoast SEO plugin. -->","yoast_head_json":{"title":"Kit de rallonge de 1,5 m pour DJI Osmo (double syst\u00e8me de fixation rapide) - Ghostysky","description":"\u00c9largissez votre perspective et r\u00e9alisez des selfies et des prises de vue cr\u00e9atives sans effort gr\u00e2ce au kit de perche d&#039;extension DJI Osmo de 1,5 m. Con\u00e7ue pour plus de praticit\u00e9 et de polyvalence, cette perche t\u00e9lescopique l\u00e9g\u00e8re \u00e9tend la port\u00e9e de votre cam\u00e9ra et ouvre de nouvelles perspectives de prise de vue.","robots":{"index":"index","follow":"follow","max-snippet":"max-snippet:-1","max-image-preview":"max-image-preview:large","max-video-preview":"max-video-preview:-1"},"canonical":"https:\/\/www.ghostysky.com\/fr\/product\/dji-osmo-1-5m-extension-rod-kit-dual-quick-release\/","og_locale":"fr_FR","og_type":"article","og_title":"DJI Osmo 1.5m Extension Rod Kit (Dual Quick-Release) - Ghostysky","og_description":"Elevate your perspective and capture effortless selfies and creative angles with the DJI Osmo 1.5m Extension Rod Kit. Designed for convenience and versatility, this lightweight, telescopic rod extends your camera's reach to unlock new shooting possibilities.","og_url":"https:\/\/www.ghostysky.com\/fr\/product\/dji-osmo-1-5m-extension-rod-kit-dual-quick-release\/","og_site_name":"Ghostysky","article_publisher":"https:\/\/www.facebook.com\/people\/Ghostysky\/100057676170234\/","article_modified_time":"2025-11-23T09:16:58+00:00","og_image":[{"width":800,"height":800,"url":"https:\/\/www.ghostysky.com\/wp-content\/uploads\/2025\/11\/GH_DJI-Osmo-1.5m-Extension-Rod-Kit-Dual-Quick-Release_1.jpg","type":"image\/jpeg"}],"twitter_card":"summary_large_image","twitter_site":"@Gh0stysky","twitter_misc":{"Dur\u00e9e de lecture estim\u00e9e":"2 minutes"},"schema":{"@context":"https:\/\/schema.org","@graph":[{"@type":"WebPage","@id":"https:\/\/www.ghostysky.com\/product\/dji-osmo-1-5m-extension-rod-kit-dual-quick-release\/","url":"https:\/\/www.ghostysky.com\/product\/dji-osmo-1-5m-extension-rod-kit-dual-quick-release\/","name":"Kit de rallonge de 1,5 m pour DJI Osmo (double syst\u00e8me de fixation rapide) - Ghostysky","isPartOf":{"@id":"https:\/\/www.ghostysky.com\/#website"},"primaryImageOfPage":{"@id":"https:\/\/www.ghostysky.com\/product\/dji-osmo-1-5m-extension-rod-kit-dual-quick-release\/#primaryimage"},"image":{"@id":"https:\/\/www.ghostysky.com\/product\/dji-osmo-1-5m-extension-rod-kit-dual-quick-release\/#primaryimage"},"thumbnailUrl":"https:\/\/www.ghostysky.com\/wp-content\/uploads\/2025\/11\/GH_DJI-Osmo-1.5m-Extension-Rod-Kit-Dual-Quick-Release_1.jpg","datePublished":"2025-11-20T22:56:13+00:00","dateModified":"2025-11-23T09:16:58+00:00","description":"\u00c9largissez votre perspective et r\u00e9alisez des selfies et des prises de vue cr\u00e9atives sans effort gr\u00e2ce au kit de perche d&#039;extension DJI Osmo de 1,5 m. Con\u00e7ue pour plus de praticit\u00e9 et de polyvalence, cette perche t\u00e9lescopique l\u00e9g\u00e8re \u00e9tend la port\u00e9e de votre cam\u00e9ra et ouvre de nouvelles perspectives de prise de vue.","breadcrumb":{"@id":"https:\/\/www.ghostysky.com\/product\/dji-osmo-1-5m-extension-rod-kit-dual-quick-release\/#breadcrumb"},"inLanguage":"fr-FR","potentialAction":[{"@type":"ReadAction","target":["https:\/\/www.ghostysky.com\/product\/dji-osmo-1-5m-extension-rod-kit-dual-quick-release\/"]}]},{"@type":"ImageObject","inLanguage":"fr-FR","@id":"https:\/\/www.ghostysky.com\/product\/dji-osmo-1-5m-extension-rod-kit-dual-quick-release\/#primaryimage","url":"https:\/\/www.ghostysky.com\/wp-content\/uploads\/2025\/11\/GH_DJI-Osmo-1.5m-Extension-Rod-Kit-Dual-Quick-Release_1.jpg","contentUrl":"https:\/\/www.ghostysky.com\/wp-content\/uploads\/2025\/11\/GH_DJI-Osmo-1.5m-Extension-Rod-Kit-Dual-Quick-Release_1.jpg","width":800,"height":800},{"@type":"BreadcrumbList","@id":"https:\/\/www.ghostysky.com\/product\/dji-osmo-1-5m-extension-rod-kit-dual-quick-release\/#breadcrumb","itemListElement":[{"@type":"ListItem","position":1,"name":"Home","item":"https:\/\/www.ghostysky.com\/"},{"@type":"ListItem","position":2,"name":"Shop","item":"https:\/\/www.ghostysky.com\/shop\/"},{"@type":"ListItem","position":3,"name":"DJI Osmo 1.5m Extension Rod Kit (Dual Quick-Release)"}]},{"@type":"WebSite","@id":"https:\/\/www.ghostysky.com\/#website","url":"https:\/\/www.ghostysky.com\/","name":"Ghostysky","description":"Fourniture de solutions professionnelles en mati\u00e8re de drones et de robotique","publisher":{"@id":"https:\/\/www.ghostysky.com\/#organization"},"potentialAction":[{"@type":"SearchAction","target":{"@type":"EntryPoint","urlTemplate":"https:\/\/www.ghostysky.com\/?s={search_term_string}"},"query-input":{"@type":"PropertyValueSpecification","valueRequired":true,"valueName":"search_term_string"}}],"inLanguage":"fr-FR"},{"@type":"Organization","@id":"https:\/\/www.ghostysky.com\/#organization","name":"Ghostysky","url":"https:\/\/www.ghostysky.com\/","logo":{"@type":"ImageObject","inLanguage":"fr-FR","@id":"https:\/\/www.ghostysky.com\/#\/schema\/logo\/image\/","url":"https:\/\/www.ghostysky.com\/wp-content\/uploads\/2020\/06\/cropped-ghostyskylogo_text_white2.png","contentUrl":"https:\/\/www.ghostysky.com\/wp-content\/uploads\/2020\/06\/cropped-ghostyskylogo_text_white2.png","width":169,"height":56,"caption":"Ghostysky"},"image":{"@id":"https:\/\/www.ghostysky.com\/#\/schema\/logo\/image\/"},"sameAs":["https:\/\/www.facebook.com\/people\/Ghostysky\/100057676170234\/","https:\/\/x.com\/Gh0stysky","https:\/\/www.linkedin.com\/company\/34739653","https:\/\/www.instagram.com\/gh0stysky"]}]}},"_links":{"self":[{"href":"https:\/\/www.ghostysky.com\/fr\/wp-json\/wp\/v2\/product\/23358","targetHints":{"allow":["GET"]}}],"collection":[{"href":"https:\/\/www.ghostysky.com\/fr\/wp-json\/wp\/v2\/product"}],"about":[{"href":"https:\/\/www.ghostysky.com\/fr\/wp-json\/wp\/v2\/types\/product"}],"replies":[{"embeddable":true,"href":"https:\/\/www.ghostysky.com\/fr\/wp-json\/wp\/v2\/comments?post=23358"}],"version-history":[{"count":0,"href":"https:\/\/www.ghostysky.com\/fr\/wp-json\/wp\/v2\/product\/23358\/revisions"}],"wp:featuredmedia":[{"embeddable":true,"href":"https:\/\/www.ghostysky.com\/fr\/wp-json\/wp\/v2\/media\/23360"}],"wp:attachment":[{"href":"https:\/\/www.ghostysky.com\/fr\/wp-json\/wp\/v2\/media?parent=23358"}],"wp:term":[{"taxonomy":"product_brand","embeddable":true,"href":"https:\/\/www.ghostysky.com\/fr\/wp-json\/wp\/v2\/product_brand?post=23358"},{"taxonomy":"product_cat","embeddable":true,"href":"https:\/\/www.ghostysky.com\/fr\/wp-json\/wp\/v2\/product_cat?post=23358"},{"taxonomy":"product_tag","embeddable":true,"href":"https:\/\/www.ghostysky.com\/fr\/wp-json\/wp\/v2\/product_tag?post=23358"}],"curies":[{"name":"wp","href":"https:\/\/api.w.org\/{rel}","templated":true}]}}