{"id":23361,"date":"2025-11-23T09:04:41","date_gmt":"2025-11-23T09:04:41","guid":{"rendered":"https:\/\/www.ghostysky.com\/?post_type=product&#038;p=23361"},"modified":"2025-11-23T09:16:04","modified_gmt":"2025-11-23T09:16:04","slug":"dji-osmo-action-6-glass-lens-cover","status":"publish","type":"product","link":"https:\/\/www.ghostysky.com\/fr\/product\/dji-osmo-action-6-glass-lens-cover\/","title":{"rendered":"Cache-objectif en verre pour DJI Osmo Action 6"},"content":{"rendered":"<h4>Principales caract\u00e9ristiques et avantages<\/h4>\n<ul data-path-to-node=\"3\">\n<li>\n<p data-path-to-node=\"3,0,0\"><b><span class=\"citation-343\">Verre haute r\u00e9sistance\u00a0:<\/span><\/b><span class=\"citation-343\"> Fabriqu\u00e9 en verre durable et haute r\u00e9sistance, ce couvercle est con\u00e7u pour r\u00e9sister <\/span><b><span class=\"citation-343\">chutes et rayures<\/span><\/b><span class=\"citation-343 citation-end-343\">, offrant une d\u00e9fense sup\u00e9rieure contre les dangers des environnements de tir \u00e0 haute tension.<\/span><\/p>\n<\/li>\n<li>\n<p data-path-to-node=\"3,1,0\"><b>Rev\u00eatement AF hydrophobe\u00a0:<\/b><span class=\"citation-342\"> Dot\u00e9 d&#039;un ext\u00e9rieur <\/span><b><span class=\"citation-342\">Rev\u00eatement hydrophobe AF (Anti-Fingerprint)<\/span><\/b><span class=\"citation-342 citation-end-342\">Les gouttelettes d&#039;eau perlent et glissent rapidement.<\/span> <span class=\"citation-341 citation-end-341\">Cela permet de garder votre objectif d\u00e9gag\u00e9 lors de prises de vue sous la pluie, pr\u00e8s de l&#039;eau ou en cas d&#039;\u00e9claboussures, garantissant ainsi des images nettes et sans obstruction.<\/span><\/p>\n<\/li>\n<li>\n<p data-path-to-node=\"3,2,0\"><b><span class=\"citation-340\">Protection fiable des lentilles\u00a0:<\/span><\/b><span class=\"citation-340 citation-end-340\"> Fournit une couche de protection essentielle pour l&#039;\u00e9l\u00e9ment frontal de la cam\u00e9ra, pr\u00e9servant ainsi la clart\u00e9 optique \u00e0 long terme de votre Osmo Action 6.<\/span><\/p>\n<\/li>\n<li>\n<p data-path-to-node=\"3,3,0\"><b><span class=\"citation-339\">Int\u00e9gration transparente :<\/span><\/b><span class=\"citation-339\"> Sp\u00e9cialement con\u00e7u pour le DJI Osmo Action 6, il se visse facilement sur l&#039;objectif et est compatible avec l&#039;accessoire optionnel <\/span><b><span class=\"citation-339\">\u00c9tui \u00e9tanche<\/span><\/b><span class=\"citation-339 citation-end-339\"> et d&#039;autres accessoires mont\u00e9s \u00e0 l&#039;avant, comme les filtres ND et la lentille FOV Boost.<\/span><\/p>\n<\/li>\n<li>\n<p data-path-to-node=\"3,4,0\"><b><span class=\"citation-338\">L\u00e9ger et compact :<\/span><\/b><span class=\"citation-338\"> Avec un poids minimal de seulement <\/span><b><span class=\"citation-338\">10 g<\/span><\/b><span class=\"citation-338 citation-end-338\"> et ses dimensions compactes (37,9 \u00d7 37,9 \u00d7 7,2 mm), il n&#039;ajoute pratiquement aucun volume \u00e0 votre configuration de cam\u00e9ra.<\/span><\/p>\n<\/li>\n<\/ul>\n<h4>Caract\u00e9ristiques<\/h4>\n<table data-path-to-node=\"5\">\n<thead>\n<tr>\n<td><strong>Attribut<\/strong><\/td>\n<td><strong>D\u00e9tail<\/strong><\/td>\n<\/tr>\n<\/thead>\n<tbody>\n<tr>\n<td data-path-to-node=\"5,1,0,0\"><b>Compatibilit\u00e9<\/b><\/td>\n<td data-path-to-node=\"5,1,1,0\">DJI Osmo Action 6<\/td>\n<\/tr>\n<tr>\n<td data-path-to-node=\"5,2,0,0\"><b>Mat\u00e9riel<\/b><\/td>\n<td data-path-to-node=\"5,2,1,0\">Verre haute r\u00e9sistance<\/td>\n<\/tr>\n<tr>\n<td data-path-to-node=\"5,3,0,0\"><b>Rev\u00eatement<\/b><\/td>\n<td data-path-to-node=\"5,3,1,0\">AF externe (hydrophobe)<\/td>\n<\/tr>\n<tr>\n<td data-path-to-node=\"5,4,0,0\"><b>Poids<\/b><\/td>\n<td data-path-to-node=\"5,4,1,0\">10 g<\/td>\n<\/tr>\n<tr>\n<td data-path-to-node=\"5,5,0,0\"><b>Dimensions<\/b><\/td>\n<td data-path-to-node=\"5,5,1,0\">37,9 \u00d7 37,9 \u00d7 7,2 mm (L \u00d7 l \u00d7 H)<\/td>\n<\/tr>\n<tr>\n<td data-path-to-node=\"5,6,0,0\"><b>Montage<\/b><\/td>\n<td data-path-to-node=\"5,6,1,0\">\u00e0 visser<\/td>\n<\/tr>\n<\/tbody>\n<\/table>\n<p data-path-to-node=\"6\"><span class=\"citation-337 citation-end-337\">Pr\u00e9servez la nettet\u00e9 de vos images et prot\u00e9gez votre objectif des intemp\u00e9ries et des accidents gr\u00e2ce \u00e0 cet accessoire indispensable pour le DJI Osmo Action 6.<\/span><\/p>","protected":false},"excerpt":{"rendered":"<p><span class=\"citation-345\">Prot\u00e9gez l&#039;objectif de votre DJI Osmo Action 6 avec le <\/span><b><span class=\"citation-345\">Cache-objectif en verre pour DJI Osmo Action 6<\/span><\/b><span class=\"citation-345 citation-end-345\">, un accessoire haute r\u00e9sistance con\u00e7u pour les utilisations les plus exigeantes.<\/span> <span class=\"citation-344 citation-end-344\">Cette coque de rechange offre une protection fiable et robuste sans sacrifier la qualit\u00e9 d&#039;image, garantissant ainsi que vos aventures soient immortalis\u00e9es dans les moindres d\u00e9tails.<\/span><\/p>","protected":false},"featured_media":23364,"comment_status":"open","ping_status":"closed","template":"","meta":[],"product_brand":[1031],"product_cat":[37,1301,1302,29],"product_tag":[42,1306,1305],"class_list":{"0":"post-23361","1":"product","2":"type-product","3":"status-publish","4":"has-post-thumbnail","6":"product_brand-dji","7":"product_cat-dji","8":"product_cat-dji-handled","9":"product_cat-dji-osmo-action-6","10":"product_cat-drones","11":"product_tag-dji","12":"product_tag-dji-osmo-action","13":"product_tag-osmo-action-6-accessories","15":"first","16":"outofstock","17":"taxable","18":"shipping-taxable","19":"purchasable","20":"product-type-simple"},"yoast_head":"<!-- This site is optimized with the Yoast SEO plugin v27.1.1 - https:\/\/yoast.com\/product\/yoast-seo-wordpress\/ -->\n<title>DJI Osmo Action 6 Glass Lens Cover - Ghostysky<\/title>\n<meta name=\"description\" content=\"Safeguard your DJI Osmo Action 6 lens with the DJI Osmo Action 6 Glass Lens Cover, a high-strength accessory engineered for the most demanding action. This replacement or spare cover provides reliable, rugged protection without sacrificing image quality, ensuring your adventures are captured in pristine detail.\" \/>\n<meta name=\"robots\" content=\"index, follow, max-snippet:-1, max-image-preview:large, max-video-preview:-1\" \/>\n<link rel=\"canonical\" href=\"https:\/\/www.ghostysky.com\/fr\/product\/dji-osmo-action-6-glass-lens-cover\/\" \/>\n<meta property=\"og:locale\" content=\"fr_FR\" \/>\n<meta property=\"og:type\" content=\"article\" \/>\n<meta property=\"og:title\" content=\"DJI Osmo Action 6 Glass Lens Cover - Ghostysky\" \/>\n<meta property=\"og:description\" content=\"Safeguard your DJI Osmo Action 6 lens with the DJI Osmo Action 6 Glass Lens Cover, a high-strength accessory engineered for the most demanding action. This replacement or spare cover provides reliable, rugged protection without sacrificing image quality, ensuring your adventures are captured in pristine detail.\" \/>\n<meta property=\"og:url\" content=\"https:\/\/www.ghostysky.com\/fr\/product\/dji-osmo-action-6-glass-lens-cover\/\" \/>\n<meta property=\"og:site_name\" content=\"Ghostysky\" \/>\n<meta property=\"article:publisher\" content=\"https:\/\/www.facebook.com\/people\/Ghostysky\/100057676170234\/\" \/>\n<meta property=\"article:modified_time\" content=\"2025-11-23T09:16:04+00:00\" \/>\n<meta property=\"og:image\" content=\"https:\/\/www.ghostysky.com\/wp-content\/uploads\/2025\/11\/GH_DJI-Osmo-Action-6-Glass-Lens-Cover_1.jpg\" \/>\n\t<meta property=\"og:image:width\" content=\"800\" \/>\n\t<meta property=\"og:image:height\" content=\"800\" \/>\n\t<meta property=\"og:image:type\" content=\"image\/jpeg\" \/>\n<meta name=\"twitter:card\" content=\"summary_large_image\" \/>\n<meta name=\"twitter:site\" content=\"@Gh0stysky\" \/>\n<meta name=\"twitter:label1\" content=\"Dur\u00e9e de lecture estim\u00e9e\" \/>\n\t<meta name=\"twitter:data1\" content=\"2 minutes\" \/>\n<script type=\"application\/ld+json\" class=\"yoast-schema-graph\">{\"@context\":\"https:\/\/schema.org\",\"@graph\":[{\"@type\":\"WebPage\",\"@id\":\"https:\/\/www.ghostysky.com\/product\/dji-osmo-action-6-glass-lens-cover\/\",\"url\":\"https:\/\/www.ghostysky.com\/product\/dji-osmo-action-6-glass-lens-cover\/\",\"name\":\"DJI Osmo Action 6 Glass Lens Cover - Ghostysky\",\"isPartOf\":{\"@id\":\"https:\/\/www.ghostysky.com\/#website\"},\"primaryImageOfPage\":{\"@id\":\"https:\/\/www.ghostysky.com\/product\/dji-osmo-action-6-glass-lens-cover\/#primaryimage\"},\"image\":{\"@id\":\"https:\/\/www.ghostysky.com\/product\/dji-osmo-action-6-glass-lens-cover\/#primaryimage\"},\"thumbnailUrl\":\"https:\/\/www.ghostysky.com\/wp-content\/uploads\/2025\/11\/GH_DJI-Osmo-Action-6-Glass-Lens-Cover_1.jpg\",\"datePublished\":\"2025-11-23T09:04:41+00:00\",\"dateModified\":\"2025-11-23T09:16:04+00:00\",\"description\":\"Safeguard your DJI Osmo Action 6 lens with the DJI Osmo Action 6 Glass Lens Cover, a high-strength accessory engineered for the most demanding action. This replacement or spare cover provides reliable, rugged protection without sacrificing image quality, ensuring your adventures are captured in pristine detail.\",\"breadcrumb\":{\"@id\":\"https:\/\/www.ghostysky.com\/product\/dji-osmo-action-6-glass-lens-cover\/#breadcrumb\"},\"inLanguage\":\"fr-FR\",\"potentialAction\":[{\"@type\":\"ReadAction\",\"target\":[\"https:\/\/www.ghostysky.com\/product\/dji-osmo-action-6-glass-lens-cover\/\"]}]},{\"@type\":\"ImageObject\",\"inLanguage\":\"fr-FR\",\"@id\":\"https:\/\/www.ghostysky.com\/product\/dji-osmo-action-6-glass-lens-cover\/#primaryimage\",\"url\":\"https:\/\/www.ghostysky.com\/wp-content\/uploads\/2025\/11\/GH_DJI-Osmo-Action-6-Glass-Lens-Cover_1.jpg\",\"contentUrl\":\"https:\/\/www.ghostysky.com\/wp-content\/uploads\/2025\/11\/GH_DJI-Osmo-Action-6-Glass-Lens-Cover_1.jpg\",\"width\":800,\"height\":800},{\"@type\":\"BreadcrumbList\",\"@id\":\"https:\/\/www.ghostysky.com\/product\/dji-osmo-action-6-glass-lens-cover\/#breadcrumb\",\"itemListElement\":[{\"@type\":\"ListItem\",\"position\":1,\"name\":\"Home\",\"item\":\"https:\/\/www.ghostysky.com\/\"},{\"@type\":\"ListItem\",\"position\":2,\"name\":\"Shop\",\"item\":\"https:\/\/www.ghostysky.com\/shop\/\"},{\"@type\":\"ListItem\",\"position\":3,\"name\":\"DJI Osmo Action 6 Glass Lens Cover\"}]},{\"@type\":\"WebSite\",\"@id\":\"https:\/\/www.ghostysky.com\/#website\",\"url\":\"https:\/\/www.ghostysky.com\/\",\"name\":\"Ghostysky\",\"description\":\"Delivering professional drones and services\",\"publisher\":{\"@id\":\"https:\/\/www.ghostysky.com\/#organization\"},\"potentialAction\":[{\"@type\":\"SearchAction\",\"target\":{\"@type\":\"EntryPoint\",\"urlTemplate\":\"https:\/\/www.ghostysky.com\/?s={search_term_string}\"},\"query-input\":{\"@type\":\"PropertyValueSpecification\",\"valueRequired\":true,\"valueName\":\"search_term_string\"}}],\"inLanguage\":\"fr-FR\"},{\"@type\":\"Organization\",\"@id\":\"https:\/\/www.ghostysky.com\/#organization\",\"name\":\"Ghostysky\",\"url\":\"https:\/\/www.ghostysky.com\/\",\"logo\":{\"@type\":\"ImageObject\",\"inLanguage\":\"fr-FR\",\"@id\":\"https:\/\/www.ghostysky.com\/#\/schema\/logo\/image\/\",\"url\":\"https:\/\/www.ghostysky.com\/wp-content\/uploads\/2020\/06\/cropped-ghostyskylogo_text_white2.png\",\"contentUrl\":\"https:\/\/www.ghostysky.com\/wp-content\/uploads\/2020\/06\/cropped-ghostyskylogo_text_white2.png\",\"width\":169,\"height\":56,\"caption\":\"Ghostysky\"},\"image\":{\"@id\":\"https:\/\/www.ghostysky.com\/#\/schema\/logo\/image\/\"},\"sameAs\":[\"https:\/\/www.facebook.com\/people\/Ghostysky\/100057676170234\/\",\"https:\/\/x.com\/Gh0stysky\",\"https:\/\/www.linkedin.com\/company\/34739653\",\"https:\/\/www.instagram.com\/gh0stysky\"]}]}<\/script>\n<!-- \/ Yoast SEO plugin. -->","yoast_head_json":{"title":"Cache-objectif en verre pour DJI Osmo Action 6 - Ghostysky","description":"Prot\u00e9gez l&#039;objectif de votre DJI Osmo Action 6 avec le cache-objectif en verre DJI Osmo Action 6, un accessoire ultra-r\u00e9sistant con\u00e7u pour les conditions d&#039;utilisation les plus extr\u00eames. Ce cache de rechange offre une protection fiable et robuste sans compromettre la qualit\u00e9 d&#039;image, vous permettant ainsi de capturer vos aventures avec une pr\u00e9cision exceptionnelle.","robots":{"index":"index","follow":"follow","max-snippet":"max-snippet:-1","max-image-preview":"max-image-preview:large","max-video-preview":"max-video-preview:-1"},"canonical":"https:\/\/www.ghostysky.com\/fr\/product\/dji-osmo-action-6-glass-lens-cover\/","og_locale":"fr_FR","og_type":"article","og_title":"DJI Osmo Action 6 Glass Lens Cover - Ghostysky","og_description":"Safeguard your DJI Osmo Action 6 lens with the DJI Osmo Action 6 Glass Lens Cover, a high-strength accessory engineered for the most demanding action. This replacement or spare cover provides reliable, rugged protection without sacrificing image quality, ensuring your adventures are captured in pristine detail.","og_url":"https:\/\/www.ghostysky.com\/fr\/product\/dji-osmo-action-6-glass-lens-cover\/","og_site_name":"Ghostysky","article_publisher":"https:\/\/www.facebook.com\/people\/Ghostysky\/100057676170234\/","article_modified_time":"2025-11-23T09:16:04+00:00","og_image":[{"width":800,"height":800,"url":"https:\/\/www.ghostysky.com\/wp-content\/uploads\/2025\/11\/GH_DJI-Osmo-Action-6-Glass-Lens-Cover_1.jpg","type":"image\/jpeg"}],"twitter_card":"summary_large_image","twitter_site":"@Gh0stysky","twitter_misc":{"Dur\u00e9e de lecture estim\u00e9e":"2 minutes"},"schema":{"@context":"https:\/\/schema.org","@graph":[{"@type":"WebPage","@id":"https:\/\/www.ghostysky.com\/product\/dji-osmo-action-6-glass-lens-cover\/","url":"https:\/\/www.ghostysky.com\/product\/dji-osmo-action-6-glass-lens-cover\/","name":"Cache-objectif en verre pour DJI Osmo Action 6 - Ghostysky","isPartOf":{"@id":"https:\/\/www.ghostysky.com\/#website"},"primaryImageOfPage":{"@id":"https:\/\/www.ghostysky.com\/product\/dji-osmo-action-6-glass-lens-cover\/#primaryimage"},"image":{"@id":"https:\/\/www.ghostysky.com\/product\/dji-osmo-action-6-glass-lens-cover\/#primaryimage"},"thumbnailUrl":"https:\/\/www.ghostysky.com\/wp-content\/uploads\/2025\/11\/GH_DJI-Osmo-Action-6-Glass-Lens-Cover_1.jpg","datePublished":"2025-11-23T09:04:41+00:00","dateModified":"2025-11-23T09:16:04+00:00","description":"Prot\u00e9gez l&#039;objectif de votre DJI Osmo Action 6 avec le cache-objectif en verre DJI Osmo Action 6, un accessoire ultra-r\u00e9sistant con\u00e7u pour les conditions d&#039;utilisation les plus extr\u00eames. Ce cache de rechange offre une protection fiable et robuste sans compromettre la qualit\u00e9 d&#039;image, vous permettant ainsi de capturer vos aventures avec une pr\u00e9cision exceptionnelle.","breadcrumb":{"@id":"https:\/\/www.ghostysky.com\/product\/dji-osmo-action-6-glass-lens-cover\/#breadcrumb"},"inLanguage":"fr-FR","potentialAction":[{"@type":"ReadAction","target":["https:\/\/www.ghostysky.com\/product\/dji-osmo-action-6-glass-lens-cover\/"]}]},{"@type":"ImageObject","inLanguage":"fr-FR","@id":"https:\/\/www.ghostysky.com\/product\/dji-osmo-action-6-glass-lens-cover\/#primaryimage","url":"https:\/\/www.ghostysky.com\/wp-content\/uploads\/2025\/11\/GH_DJI-Osmo-Action-6-Glass-Lens-Cover_1.jpg","contentUrl":"https:\/\/www.ghostysky.com\/wp-content\/uploads\/2025\/11\/GH_DJI-Osmo-Action-6-Glass-Lens-Cover_1.jpg","width":800,"height":800},{"@type":"BreadcrumbList","@id":"https:\/\/www.ghostysky.com\/product\/dji-osmo-action-6-glass-lens-cover\/#breadcrumb","itemListElement":[{"@type":"ListItem","position":1,"name":"Home","item":"https:\/\/www.ghostysky.com\/"},{"@type":"ListItem","position":2,"name":"Shop","item":"https:\/\/www.ghostysky.com\/shop\/"},{"@type":"ListItem","position":3,"name":"DJI Osmo Action 6 Glass Lens Cover"}]},{"@type":"WebSite","@id":"https:\/\/www.ghostysky.com\/#website","url":"https:\/\/www.ghostysky.com\/","name":"Ghostysky","description":"Livraison de drones et de services professionnels","publisher":{"@id":"https:\/\/www.ghostysky.com\/#organization"},"potentialAction":[{"@type":"SearchAction","target":{"@type":"EntryPoint","urlTemplate":"https:\/\/www.ghostysky.com\/?s={search_term_string}"},"query-input":{"@type":"PropertyValueSpecification","valueRequired":true,"valueName":"search_term_string"}}],"inLanguage":"fr-FR"},{"@type":"Organization","@id":"https:\/\/www.ghostysky.com\/#organization","name":"Ghostysky","url":"https:\/\/www.ghostysky.com\/","logo":{"@type":"ImageObject","inLanguage":"fr-FR","@id":"https:\/\/www.ghostysky.com\/#\/schema\/logo\/image\/","url":"https:\/\/www.ghostysky.com\/wp-content\/uploads\/2020\/06\/cropped-ghostyskylogo_text_white2.png","contentUrl":"https:\/\/www.ghostysky.com\/wp-content\/uploads\/2020\/06\/cropped-ghostyskylogo_text_white2.png","width":169,"height":56,"caption":"Ghostysky"},"image":{"@id":"https:\/\/www.ghostysky.com\/#\/schema\/logo\/image\/"},"sameAs":["https:\/\/www.facebook.com\/people\/Ghostysky\/100057676170234\/","https:\/\/x.com\/Gh0stysky","https:\/\/www.linkedin.com\/company\/34739653","https:\/\/www.instagram.com\/gh0stysky"]}]}},"_links":{"self":[{"href":"https:\/\/www.ghostysky.com\/fr\/wp-json\/wp\/v2\/product\/23361","targetHints":{"allow":["GET"]}}],"collection":[{"href":"https:\/\/www.ghostysky.com\/fr\/wp-json\/wp\/v2\/product"}],"about":[{"href":"https:\/\/www.ghostysky.com\/fr\/wp-json\/wp\/v2\/types\/product"}],"replies":[{"embeddable":true,"href":"https:\/\/www.ghostysky.com\/fr\/wp-json\/wp\/v2\/comments?post=23361"}],"wp:featuredmedia":[{"embeddable":true,"href":"https:\/\/www.ghostysky.com\/fr\/wp-json\/wp\/v2\/media\/23364"}],"wp:attachment":[{"href":"https:\/\/www.ghostysky.com\/fr\/wp-json\/wp\/v2\/media?parent=23361"}],"wp:term":[{"taxonomy":"product_brand","embeddable":true,"href":"https:\/\/www.ghostysky.com\/fr\/wp-json\/wp\/v2\/product_brand?post=23361"},{"taxonomy":"product_cat","embeddable":true,"href":"https:\/\/www.ghostysky.com\/fr\/wp-json\/wp\/v2\/product_cat?post=23361"},{"taxonomy":"product_tag","embeddable":true,"href":"https:\/\/www.ghostysky.com\/fr\/wp-json\/wp\/v2\/product_tag?post=23361"}],"curies":[{"name":"wp","href":"https:\/\/api.w.org\/{rel}","templated":true}]}}