{"id":23365,"date":"2025-11-23T09:11:57","date_gmt":"2025-11-23T09:11:57","guid":{"rendered":"https:\/\/www.ghostysky.com\/?post_type=product&#038;p=23365"},"modified":"2025-11-23T09:15:15","modified_gmt":"2025-11-23T09:15:15","slug":"dji-osmo-adhesive-base-kit-dual-quick-release","status":"publish","type":"product","link":"https:\/\/www.ghostysky.com\/fr\/product\/dji-osmo-adhesive-base-kit-dual-quick-release\/","title":{"rendered":"Kit de base adh\u00e9sive DJI Osmo (double fixation rapide)"},"content":{"rendered":"<h4>Caract\u00e9ristiques principales<\/h4>\n<ul data-path-to-node=\"5\">\n<li>\n<p data-path-to-node=\"5,0,0\"><b>Fixation s\u00fbre et solide :<\/b><span class=\"citation-377\"> Le <\/span><b><span class=\"citation-377\">Base adh\u00e9sive plate<\/span><\/b><span class=\"citation-377 citation-end-377\"> Il est dot\u00e9 d&#039;une large surface recouverte d&#039;un puissant ruban adh\u00e9sif 3M, con\u00e7u pour fixer solidement votre appareil photo sur des surfaces planes comme les planches de surf, les snowboards, les casques, les tableaux de bord de voiture, etc.<\/span> <span class=\"citation-376 citation-end-376\">Il reste fermement en place m\u00eame lors d&#039;activit\u00e9s extr\u00eames.<\/span><\/p>\n<\/li>\n<li>\n<p data-path-to-node=\"5,1,0\"><b>Syst\u00e8me de d\u00e9gagement rapide bidirectionnel\u00a0:<\/b><span class=\"citation-375\"> Le inclus <\/span><b><span class=\"citation-375\">Support adaptateur \u00e0 d\u00e9gagement rapide bidirectionnel<\/span><\/b><span class=\"citation-375 citation-end-375\"> permet une fixation et un d\u00e9tachement incroyablement rapides de votre cam\u00e9ra, facilitant ainsi le changement de position ou le d\u00e9placement de la cam\u00e9ra entre les supports en quelques secondes.<\/span><\/p>\n<\/li>\n<li>\n<p data-path-to-node=\"5,2,0\"><b>Stabilit\u00e9 am\u00e9lior\u00e9e :<\/b><span class=\"citation-374\"> Le support adaptateur \u00e0 d\u00e9gagement rapide comprend un clip de positionnement pour <\/span><b><span class=\"citation-374\">r\u00e9sistance aux chocs am\u00e9lior\u00e9e<\/span><\/b><span class=\"citation-374 citation-end-374\"> et une force de liaison plus importante, id\u00e9ale pour maintenir la stabilit\u00e9 dans des environnements dynamiques et \u00e0 fortes vibrations.<\/span><\/p>\n<\/li>\n<li>\n<p data-path-to-node=\"5,3,0\"><b>Montage polyvalent\u00a0:<\/b><span class=\"citation-373 citation-end-373\"> Id\u00e9al pour une large gamme de sports et d&#039;aventures n\u00e9cessitant une fixation fixe et plate.<\/span><\/p>\n<\/li>\n<\/ul>\n<h4>Contenu de la bo\u00eete<\/h4>\n<p data-path-to-node=\"8\"><span class=\"citation-372 citation-end-372\">Le kit comprend tout ce dont vous avez besoin pour une fixation s\u00e9curis\u00e9e sur une surface plane\u00a0:<\/span><\/p>\n<ul data-path-to-node=\"9\">\n<li>\n<p data-path-to-node=\"9,0,0\"><b><span class=\"citation-371\">1 support adaptateur \u00e0 d\u00e9gagement rapide double direction Osmo<\/span><\/b><\/p>\n<\/li>\n<li>\n<p data-path-to-node=\"9,1,0\"><b><span class=\"citation-370\">1x Base adh\u00e9sive plate Osmo<\/span><\/b><span class=\"citation-370 citation-end-370\">\u00a0<\/span><\/p>\n<\/li>\n<li>\n<p data-path-to-node=\"9,2,0\"><b><span class=\"citation-369\">1 vis de verrouillage Osmo<\/span><\/b><\/p>\n<p>&nbsp;<\/li>\n<\/ul>\n<h4>Conseil d&#039;utilisation important<\/h4>\n<p data-path-to-node=\"12\"><span class=\"citation-368 citation-end-368\">Pour une performance optimale et une adh\u00e9rence s\u00fbre, la temp\u00e9rature id\u00e9ale de fixation de la base adh\u00e9sive se situe entre <\/span><span class=\"math-inline\" data-math=\"-10^\\circ \\text{C}\">-10 \u00b0C<\/span><span class=\"citation-367 citation-end-367\"> et <\/span><span class=\"math-inline\" data-math=\"40^\\circ \\text{C}\">40\u00ba C<\/span><span class=\"citation-366 citation-end-366\"> (<\/span><span class=\"math-inline\" data-math=\"14^\\circ \\text{F}\">14\u00ba F <\/span><span class=\"citation-365 citation-end-365\">\u00e0 <\/span><span class=\"math-inline\" data-math=\"104^\\circ \\text{F}\">104\u00ba F<\/span><span class=\"citation-364 citation-end-364\">).<\/span>\u00a0Assurez-vous que la surface est propre, et <b>Ne pas fixer sur des surfaces courbes.<\/b>. <span class=\"citation-363 citation-end-363\">Il est recommand\u00e9 d&#039;appuyer fermement pendant 10 secondes apr\u00e8s l&#039;application et de laisser s\u00e9cher pendant 30 minutes avant utilisation.<\/span><\/p>","protected":false},"excerpt":{"rendered":"<p data-path-to-node=\"1\">Capturez vos moments les plus intenses en toute confiance ! <span class=\"citation-379\">Le <\/span><b><span class=\"citation-379\">Kit de base adh\u00e9sive plate DJI Osmo (d\u00e9tachement rapide bidirectionnel)<\/span><\/b><span class=\"citation-379 citation-end-379\"> est l&#039;accessoire indispensable pour fixer en toute s\u00e9curit\u00e9 votre cam\u00e9ra Osmo Action sur des surfaces planes lors d&#039;activit\u00e9s intenses.<\/span><\/p>\n<p data-path-to-node=\"2\"><span class=\"citation-378 citation-end-378\">Ce kit offre une fixation solide et fiable ainsi que la flexibilit\u00e9 du syst\u00e8me de fixation rapide de DJI, garantissant que votre cam\u00e9ra reste bien en place, que vous d\u00e9valiez les pistes ou surfiez une vague.<\/span><\/p>","protected":false},"featured_media":23367,"comment_status":"open","ping_status":"closed","template":"","meta":[],"product_brand":[1031],"product_cat":[37,1301,1302,29],"product_tag":[42,1306,1305],"class_list":{"0":"post-23365","1":"product","2":"type-product","3":"status-publish","4":"has-post-thumbnail","6":"product_brand-dji","7":"product_cat-dji","8":"product_cat-dji-handled","9":"product_cat-dji-osmo-action-6","10":"product_cat-drones","11":"product_tag-dji","12":"product_tag-dji-osmo-action","13":"product_tag-osmo-action-6-accessories","15":"first","16":"outofstock","17":"taxable","18":"shipping-taxable","19":"purchasable","20":"product-type-simple"},"yoast_head":"<!-- This site is optimized with the Yoast SEO plugin v27.1.1 - https:\/\/yoast.com\/product\/yoast-seo-wordpress\/ -->\n<title>DJI Osmo Adhesive Base Kit (Dual Quick Release) - Ghostysky<\/title>\n<meta name=\"description\" content=\"Capture your most intense moments with confidence! The DJI Osmo Flat Adhesive Base Kit (Dual-Direction Quick-Release) is the essential accessory for securely mounting your Osmo Action camera on flat surfaces during high-intensity activities.This kit provides a strong, reliable attachment and the flexibility of DJI&#039;s quick-release system, ensuring your camera stays put whether you&#039;re shredding the slopes or catching a wave.\" \/>\n<meta name=\"robots\" content=\"index, follow, max-snippet:-1, max-image-preview:large, max-video-preview:-1\" \/>\n<link rel=\"canonical\" href=\"https:\/\/www.ghostysky.com\/fr\/product\/dji-osmo-adhesive-base-kit-dual-quick-release\/\" \/>\n<meta property=\"og:locale\" content=\"fr_FR\" \/>\n<meta property=\"og:type\" content=\"article\" \/>\n<meta property=\"og:title\" content=\"DJI Osmo Adhesive Base Kit (Dual Quick Release) - Ghostysky\" \/>\n<meta property=\"og:description\" content=\"Capture your most intense moments with confidence! The DJI Osmo Flat Adhesive Base Kit (Dual-Direction Quick-Release) is the essential accessory for securely mounting your Osmo Action camera on flat surfaces during high-intensity activities.This kit provides a strong, reliable attachment and the flexibility of DJI&#039;s quick-release system, ensuring your camera stays put whether you&#039;re shredding the slopes or catching a wave.\" \/>\n<meta property=\"og:url\" content=\"https:\/\/www.ghostysky.com\/fr\/product\/dji-osmo-adhesive-base-kit-dual-quick-release\/\" \/>\n<meta property=\"og:site_name\" content=\"Ghostysky\" \/>\n<meta property=\"article:publisher\" content=\"https:\/\/www.facebook.com\/people\/Ghostysky\/100057676170234\/\" \/>\n<meta property=\"article:modified_time\" content=\"2025-11-23T09:15:15+00:00\" \/>\n<meta property=\"og:image\" content=\"https:\/\/www.ghostysky.com\/wp-content\/uploads\/2025\/11\/GH_DJI-Osmo-Adhesive-Base-Kit-Dual-Quick-Release_1.jpg\" \/>\n\t<meta property=\"og:image:width\" content=\"800\" \/>\n\t<meta property=\"og:image:height\" content=\"800\" \/>\n\t<meta property=\"og:image:type\" content=\"image\/jpeg\" \/>\n<meta name=\"twitter:card\" content=\"summary_large_image\" \/>\n<meta name=\"twitter:site\" content=\"@Gh0stysky\" \/>\n<meta name=\"twitter:label1\" content=\"Dur\u00e9e de lecture estim\u00e9e\" \/>\n\t<meta name=\"twitter:data1\" content=\"2 minutes\" \/>\n<script type=\"application\/ld+json\" class=\"yoast-schema-graph\">{\"@context\":\"https:\/\/schema.org\",\"@graph\":[{\"@type\":\"WebPage\",\"@id\":\"https:\/\/www.ghostysky.com\/product\/dji-osmo-adhesive-base-kit-dual-quick-release\/\",\"url\":\"https:\/\/www.ghostysky.com\/product\/dji-osmo-adhesive-base-kit-dual-quick-release\/\",\"name\":\"DJI Osmo Adhesive Base Kit (Dual Quick Release) - Ghostysky\",\"isPartOf\":{\"@id\":\"https:\/\/www.ghostysky.com\/#website\"},\"primaryImageOfPage\":{\"@id\":\"https:\/\/www.ghostysky.com\/product\/dji-osmo-adhesive-base-kit-dual-quick-release\/#primaryimage\"},\"image\":{\"@id\":\"https:\/\/www.ghostysky.com\/product\/dji-osmo-adhesive-base-kit-dual-quick-release\/#primaryimage\"},\"thumbnailUrl\":\"https:\/\/www.ghostysky.com\/wp-content\/uploads\/2025\/11\/GH_DJI-Osmo-Adhesive-Base-Kit-Dual-Quick-Release_1.jpg\",\"datePublished\":\"2025-11-23T09:11:57+00:00\",\"dateModified\":\"2025-11-23T09:15:15+00:00\",\"description\":\"Capture your most intense moments with confidence! The DJI Osmo Flat Adhesive Base Kit (Dual-Direction Quick-Release) is the essential accessory for securely mounting your Osmo Action camera on flat surfaces during high-intensity activities.This kit provides a strong, reliable attachment and the flexibility of DJI's quick-release system, ensuring your camera stays put whether you're shredding the slopes or catching a wave.\",\"breadcrumb\":{\"@id\":\"https:\/\/www.ghostysky.com\/product\/dji-osmo-adhesive-base-kit-dual-quick-release\/#breadcrumb\"},\"inLanguage\":\"fr-FR\",\"potentialAction\":[{\"@type\":\"ReadAction\",\"target\":[\"https:\/\/www.ghostysky.com\/product\/dji-osmo-adhesive-base-kit-dual-quick-release\/\"]}]},{\"@type\":\"ImageObject\",\"inLanguage\":\"fr-FR\",\"@id\":\"https:\/\/www.ghostysky.com\/product\/dji-osmo-adhesive-base-kit-dual-quick-release\/#primaryimage\",\"url\":\"https:\/\/www.ghostysky.com\/wp-content\/uploads\/2025\/11\/GH_DJI-Osmo-Adhesive-Base-Kit-Dual-Quick-Release_1.jpg\",\"contentUrl\":\"https:\/\/www.ghostysky.com\/wp-content\/uploads\/2025\/11\/GH_DJI-Osmo-Adhesive-Base-Kit-Dual-Quick-Release_1.jpg\",\"width\":800,\"height\":800},{\"@type\":\"BreadcrumbList\",\"@id\":\"https:\/\/www.ghostysky.com\/product\/dji-osmo-adhesive-base-kit-dual-quick-release\/#breadcrumb\",\"itemListElement\":[{\"@type\":\"ListItem\",\"position\":1,\"name\":\"Home\",\"item\":\"https:\/\/www.ghostysky.com\/\"},{\"@type\":\"ListItem\",\"position\":2,\"name\":\"Shop\",\"item\":\"https:\/\/www.ghostysky.com\/shop\/\"},{\"@type\":\"ListItem\",\"position\":3,\"name\":\"DJI Osmo Adhesive Base Kit (Dual Quick Release)\"}]},{\"@type\":\"WebSite\",\"@id\":\"https:\/\/www.ghostysky.com\/#website\",\"url\":\"https:\/\/www.ghostysky.com\/\",\"name\":\"Ghostysky\",\"description\":\"Delivering professional drones and services\",\"publisher\":{\"@id\":\"https:\/\/www.ghostysky.com\/#organization\"},\"potentialAction\":[{\"@type\":\"SearchAction\",\"target\":{\"@type\":\"EntryPoint\",\"urlTemplate\":\"https:\/\/www.ghostysky.com\/?s={search_term_string}\"},\"query-input\":{\"@type\":\"PropertyValueSpecification\",\"valueRequired\":true,\"valueName\":\"search_term_string\"}}],\"inLanguage\":\"fr-FR\"},{\"@type\":\"Organization\",\"@id\":\"https:\/\/www.ghostysky.com\/#organization\",\"name\":\"Ghostysky\",\"url\":\"https:\/\/www.ghostysky.com\/\",\"logo\":{\"@type\":\"ImageObject\",\"inLanguage\":\"fr-FR\",\"@id\":\"https:\/\/www.ghostysky.com\/#\/schema\/logo\/image\/\",\"url\":\"https:\/\/www.ghostysky.com\/wp-content\/uploads\/2020\/06\/cropped-ghostyskylogo_text_white2.png\",\"contentUrl\":\"https:\/\/www.ghostysky.com\/wp-content\/uploads\/2020\/06\/cropped-ghostyskylogo_text_white2.png\",\"width\":169,\"height\":56,\"caption\":\"Ghostysky\"},\"image\":{\"@id\":\"https:\/\/www.ghostysky.com\/#\/schema\/logo\/image\/\"},\"sameAs\":[\"https:\/\/www.facebook.com\/people\/Ghostysky\/100057676170234\/\",\"https:\/\/x.com\/Gh0stysky\",\"https:\/\/www.linkedin.com\/company\/34739653\",\"https:\/\/www.instagram.com\/gh0stysky\"]}]}<\/script>\n<!-- \/ Yoast SEO plugin. -->","yoast_head_json":{"title":"Kit de base adh\u00e9sive DJI Osmo (double fixation rapide) - Ghostysky","description":"Capturez vos moments les plus intenses en toute confiance\u00a0! Le kit de base adh\u00e9sive plate DJI Osmo (fixation rapide bidirectionnelle) est l&#039;accessoire indispensable pour fixer votre cam\u00e9ra Osmo Action en toute s\u00e9curit\u00e9 sur les surfaces planes lors d&#039;activit\u00e9s \u00e0 haute intensit\u00e9. Ce kit offre une fixation solide et fiable, ainsi que la flexibilit\u00e9 du syst\u00e8me de fixation rapide DJI, garantissant ainsi que votre cam\u00e9ra reste bien en place, que vous d\u00e9valiez les pistes ou surfiez une vague.","robots":{"index":"index","follow":"follow","max-snippet":"max-snippet:-1","max-image-preview":"max-image-preview:large","max-video-preview":"max-video-preview:-1"},"canonical":"https:\/\/www.ghostysky.com\/fr\/product\/dji-osmo-adhesive-base-kit-dual-quick-release\/","og_locale":"fr_FR","og_type":"article","og_title":"DJI Osmo Adhesive Base Kit (Dual Quick Release) - Ghostysky","og_description":"Capture your most intense moments with confidence! The DJI Osmo Flat Adhesive Base Kit (Dual-Direction Quick-Release) is the essential accessory for securely mounting your Osmo Action camera on flat surfaces during high-intensity activities.This kit provides a strong, reliable attachment and the flexibility of DJI's quick-release system, ensuring your camera stays put whether you're shredding the slopes or catching a wave.","og_url":"https:\/\/www.ghostysky.com\/fr\/product\/dji-osmo-adhesive-base-kit-dual-quick-release\/","og_site_name":"Ghostysky","article_publisher":"https:\/\/www.facebook.com\/people\/Ghostysky\/100057676170234\/","article_modified_time":"2025-11-23T09:15:15+00:00","og_image":[{"width":800,"height":800,"url":"https:\/\/www.ghostysky.com\/wp-content\/uploads\/2025\/11\/GH_DJI-Osmo-Adhesive-Base-Kit-Dual-Quick-Release_1.jpg","type":"image\/jpeg"}],"twitter_card":"summary_large_image","twitter_site":"@Gh0stysky","twitter_misc":{"Dur\u00e9e de lecture estim\u00e9e":"2 minutes"},"schema":{"@context":"https:\/\/schema.org","@graph":[{"@type":"WebPage","@id":"https:\/\/www.ghostysky.com\/product\/dji-osmo-adhesive-base-kit-dual-quick-release\/","url":"https:\/\/www.ghostysky.com\/product\/dji-osmo-adhesive-base-kit-dual-quick-release\/","name":"Kit de base adh\u00e9sive DJI Osmo (double fixation rapide) - Ghostysky","isPartOf":{"@id":"https:\/\/www.ghostysky.com\/#website"},"primaryImageOfPage":{"@id":"https:\/\/www.ghostysky.com\/product\/dji-osmo-adhesive-base-kit-dual-quick-release\/#primaryimage"},"image":{"@id":"https:\/\/www.ghostysky.com\/product\/dji-osmo-adhesive-base-kit-dual-quick-release\/#primaryimage"},"thumbnailUrl":"https:\/\/www.ghostysky.com\/wp-content\/uploads\/2025\/11\/GH_DJI-Osmo-Adhesive-Base-Kit-Dual-Quick-Release_1.jpg","datePublished":"2025-11-23T09:11:57+00:00","dateModified":"2025-11-23T09:15:15+00:00","description":"Capturez vos moments les plus intenses en toute confiance\u00a0! Le kit de base adh\u00e9sive plate DJI Osmo (fixation rapide bidirectionnelle) est l&#039;accessoire indispensable pour fixer votre cam\u00e9ra Osmo Action en toute s\u00e9curit\u00e9 sur les surfaces planes lors d&#039;activit\u00e9s \u00e0 haute intensit\u00e9. Ce kit offre une fixation solide et fiable, ainsi que la flexibilit\u00e9 du syst\u00e8me de fixation rapide DJI, garantissant ainsi que votre cam\u00e9ra reste bien en place, que vous d\u00e9valiez les pistes ou surfiez une vague.","breadcrumb":{"@id":"https:\/\/www.ghostysky.com\/product\/dji-osmo-adhesive-base-kit-dual-quick-release\/#breadcrumb"},"inLanguage":"fr-FR","potentialAction":[{"@type":"ReadAction","target":["https:\/\/www.ghostysky.com\/product\/dji-osmo-adhesive-base-kit-dual-quick-release\/"]}]},{"@type":"ImageObject","inLanguage":"fr-FR","@id":"https:\/\/www.ghostysky.com\/product\/dji-osmo-adhesive-base-kit-dual-quick-release\/#primaryimage","url":"https:\/\/www.ghostysky.com\/wp-content\/uploads\/2025\/11\/GH_DJI-Osmo-Adhesive-Base-Kit-Dual-Quick-Release_1.jpg","contentUrl":"https:\/\/www.ghostysky.com\/wp-content\/uploads\/2025\/11\/GH_DJI-Osmo-Adhesive-Base-Kit-Dual-Quick-Release_1.jpg","width":800,"height":800},{"@type":"BreadcrumbList","@id":"https:\/\/www.ghostysky.com\/product\/dji-osmo-adhesive-base-kit-dual-quick-release\/#breadcrumb","itemListElement":[{"@type":"ListItem","position":1,"name":"Home","item":"https:\/\/www.ghostysky.com\/"},{"@type":"ListItem","position":2,"name":"Shop","item":"https:\/\/www.ghostysky.com\/shop\/"},{"@type":"ListItem","position":3,"name":"DJI Osmo Adhesive Base Kit (Dual Quick Release)"}]},{"@type":"WebSite","@id":"https:\/\/www.ghostysky.com\/#website","url":"https:\/\/www.ghostysky.com\/","name":"Ghostysky","description":"Livraison de drones et de services professionnels","publisher":{"@id":"https:\/\/www.ghostysky.com\/#organization"},"potentialAction":[{"@type":"SearchAction","target":{"@type":"EntryPoint","urlTemplate":"https:\/\/www.ghostysky.com\/?s={search_term_string}"},"query-input":{"@type":"PropertyValueSpecification","valueRequired":true,"valueName":"search_term_string"}}],"inLanguage":"fr-FR"},{"@type":"Organization","@id":"https:\/\/www.ghostysky.com\/#organization","name":"Ghostysky","url":"https:\/\/www.ghostysky.com\/","logo":{"@type":"ImageObject","inLanguage":"fr-FR","@id":"https:\/\/www.ghostysky.com\/#\/schema\/logo\/image\/","url":"https:\/\/www.ghostysky.com\/wp-content\/uploads\/2020\/06\/cropped-ghostyskylogo_text_white2.png","contentUrl":"https:\/\/www.ghostysky.com\/wp-content\/uploads\/2020\/06\/cropped-ghostyskylogo_text_white2.png","width":169,"height":56,"caption":"Ghostysky"},"image":{"@id":"https:\/\/www.ghostysky.com\/#\/schema\/logo\/image\/"},"sameAs":["https:\/\/www.facebook.com\/people\/Ghostysky\/100057676170234\/","https:\/\/x.com\/Gh0stysky","https:\/\/www.linkedin.com\/company\/34739653","https:\/\/www.instagram.com\/gh0stysky"]}]}},"_links":{"self":[{"href":"https:\/\/www.ghostysky.com\/fr\/wp-json\/wp\/v2\/product\/23365","targetHints":{"allow":["GET"]}}],"collection":[{"href":"https:\/\/www.ghostysky.com\/fr\/wp-json\/wp\/v2\/product"}],"about":[{"href":"https:\/\/www.ghostysky.com\/fr\/wp-json\/wp\/v2\/types\/product"}],"replies":[{"embeddable":true,"href":"https:\/\/www.ghostysky.com\/fr\/wp-json\/wp\/v2\/comments?post=23365"}],"wp:featuredmedia":[{"embeddable":true,"href":"https:\/\/www.ghostysky.com\/fr\/wp-json\/wp\/v2\/media\/23367"}],"wp:attachment":[{"href":"https:\/\/www.ghostysky.com\/fr\/wp-json\/wp\/v2\/media?parent=23365"}],"wp:term":[{"taxonomy":"product_brand","embeddable":true,"href":"https:\/\/www.ghostysky.com\/fr\/wp-json\/wp\/v2\/product_brand?post=23365"},{"taxonomy":"product_cat","embeddable":true,"href":"https:\/\/www.ghostysky.com\/fr\/wp-json\/wp\/v2\/product_cat?post=23365"},{"taxonomy":"product_tag","embeddable":true,"href":"https:\/\/www.ghostysky.com\/fr\/wp-json\/wp\/v2\/product_tag?post=23365"}],"curies":[{"name":"wp","href":"https:\/\/api.w.org\/{rel}","templated":true}]}}