{"id":23385,"date":"2025-11-25T16:45:36","date_gmt":"2025-11-25T16:45:36","guid":{"rendered":"https:\/\/www.ghostysky.com\/?post_type=product&#038;p=23385"},"modified":"2025-11-27T14:49:23","modified_gmt":"2025-11-27T14:49:23","slug":"swellpro-sd4-waterproof-drone","status":"publish","type":"product","link":"https:\/\/www.ghostysky.com\/fr\/product\/swellpro-sd4-waterproof-drone\/","title":{"rendered":"Drone \u00e9tanche Swellpro SD4+"},"content":{"rendered":"<h4>Caract\u00e9ristiques cl\u00e9s pour des performances in\u00e9gal\u00e9es<\/h4>\n<ul data-path-to-node=\"4\">\n<li>\n<p data-path-to-node=\"4,0,0\"><b>\u00c9tanch\u00e9it\u00e9 de qualit\u00e9 maritime\u00a0:<\/b><\/p>\n<ul data-path-to-node=\"4,0,1\">\n<li>\n<p data-path-to-node=\"4,0,1,0,0\"><b><span class=\"citation-24\">Conception IP67 SeaShield\u2122 :<\/span><\/b><span class=\"citation-24 citation-end-24\"> Enti\u00e8rement \u00e9tanche et con\u00e7ue pour r\u00e9sister \u00e0 une immersion compl\u00e8te en eau sal\u00e9e, au sable, \u00e0 la pluie et aux embruns marins corrosifs, assurant une durabilit\u00e9 interne maximale.<\/span><\/p>\n<\/li>\n<li>\n<p data-path-to-node=\"4,0,1,1,0\"><b>Redressement automatique PowerFlip\u2122 :<\/b><span class=\"citation-23 citation-end-23\"> Si le drone atterrit \u00e0 l&#039;envers sur l&#039;eau, il se remet automatiquement sur le dos, ce qui permet une r\u00e9cup\u00e9ration en toute s\u00e9curit\u00e9 et un red\u00e9collage instantan\u00e9 depuis l&#039;eau.<\/span><\/p>\n<\/li>\n<li>\n<p data-path-to-node=\"4,0,1,2,0\"><b><span class=\"citation-22\">Conception flottante s\u00e9curis\u00e9e :<\/span><\/b><span class=\"citation-22 citation-end-22\"> Sa flottabilit\u00e9 int\u00e9gr\u00e9e garantit que le drone flotte toujours en toute s\u00e9curit\u00e9 \u00e0 la surface de l&#039;eau.<\/span><\/p>\n<div class=\"source-inline-chip-container ng-star-inserted\"><\/div>\n<\/li>\n<\/ul>\n<\/li>\n<li>\n<p data-path-to-node=\"4,1,0\"><b>Am\u00e9lioration du pilotage et du contr\u00f4le\u00a0:<\/b><\/p>\n<ul data-path-to-node=\"4,1,1\">\n<li>\n<p data-path-to-node=\"4,1,1,0,0\"><b><span class=\"citation-21\">Nouveau syst\u00e8me GNSS\u00a0:<\/span><\/b><span class=\"citation-21\"> Caract\u00e9ristiques <\/span><b><span class=\"citation-21\">sans \u00e9talonnage<\/span><\/b><span class=\"citation-21 citation-end-21\"> n\u00e9cessaire pour des lancements plus rapides et plus fiables, m\u00eame au d\u00e9collage d&#039;un bateau ou d&#039;une surface d&#039;eau.<\/span><\/p>\n<\/li>\n<li>\n<p data-path-to-node=\"4,1,1,1,0\"><b>Longue port\u00e9e de transmission :<\/b><span class=\"citation-20\"> Offres jusqu&#039;\u00e0 <\/span><b><span class=\"citation-20\">7 km<\/span><\/b><span class=\"citation-20 citation-end-20\"> de transmission d&#039;images et de signaux de contr\u00f4le fiables, \u00e9tendant ainsi votre port\u00e9e op\u00e9rationnelle.<\/span><\/p>\n<\/li>\n<li>\n<p data-path-to-node=\"4,1,1,2,0\"><b><span class=\"citation-19\">Propulsion puissante :<\/span><\/b><span class=\"citation-19 citation-end-19\"> Capable de voler en toute s\u00e9curit\u00e9 par vents forts (jusqu&#039;\u00e0 18 m\/s, \u00e9tat de la mer 5).<\/span><\/p>\n<div class=\"source-inline-chip-container ng-star-inserted\"><\/div>\n<\/li>\n<\/ul>\n<\/li>\n<li>\n<p data-path-to-node=\"4,2,0\"><b>Syst\u00e8me de charge utile polyvalent\u00a0:<\/b><\/p>\n<ul data-path-to-node=\"4,2,1\">\n<li>\n<p data-path-to-node=\"4,2,1,0,0\"><b>Charge utile maximale de 2 kg :<\/b><span class=\"citation-18 citation-end-18\"> Manipuler des charges lourdes pour des t\u00e2ches professionnelles ou transporter des app\u00e2ts importants pour la p\u00eache au large.<\/span><\/p>\n<\/li>\n<li>\n<p data-path-to-node=\"4,2,1,1,0\"><b>Conception modulaire :<\/b> Prend en charge une large gamme de charges utiles interchangeables \u00e0 connexion rapide, notamment\u00a0:<\/p>\n<ul data-path-to-node=\"4,2,1,1,1\">\n<li>\n<p data-path-to-node=\"4,2,1,1,1,0,0\"><span class=\"citation-17\">Haute r\u00e9solution <\/span><b><span class=\"citation-17\">Cam\u00e9ras stabilis\u00e9es 4K\/48MP<\/span><\/b><span class=\"citation-17 citation-end-17\"> pour des visuels et une cartographie d&#039;une nettet\u00e9 exceptionnelle.<\/span><\/p>\n<\/li>\n<li>\n<p data-path-to-node=\"4,2,1,1,1,1,0\"><b><span class=\"citation-16\">M\u00e9canismes de largage de charge utile doubles<\/span><\/b><span class=\"citation-16 citation-end-16\"> pour plusieurs largages en un seul vol (par exemple, des app\u00e2ts ou des fournitures de sauvetage).<\/span><\/p>\n<\/li>\n<li>\n<p data-path-to-node=\"4,2,1,1,1,2,0\"><span class=\"citation-15\">Accessoires optionnels comme le <\/span><b><span class=\"citation-15\">M\u00e9gaphone<\/span><\/b><span class=\"citation-15\"> pour la communication \u00e0 distance ou <\/span><b><span class=\"citation-15\">Sonar sous-marin<\/span><\/b><span class=\"citation-15 citation-end-15\"> pour la d\u00e9tection en temps r\u00e9el des poissons et des fonds marins.<\/span><\/p>\n<\/li>\n<\/ul>\n<\/li>\n<\/ul>\n<\/li>\n<li>\n<p data-path-to-node=\"4,3,0\"><b>Contr\u00f4leur R03 intuitif\u00a0:<\/b><\/p>\n<ul data-path-to-node=\"4,3,1\">\n<li>\n<p data-path-to-node=\"4,3,1,0,0\"><b><span class=\"citation-14\">\u00c9cran tactile Android de 5,5 pouces\u00a0:<\/span><\/b><span class=\"citation-14 citation-end-14\"> \u00c9cran haute luminosit\u00e9 (700 nits) pour une visibilit\u00e9 claire m\u00eame en plein soleil.<\/span><\/p>\n<\/li>\n<li>\n<p data-path-to-node=\"4,3,1,1,0\"><b>Prise en charge des mains mouill\u00e9es\u00a0:<\/b><span class=\"citation-13 citation-end-13\"> L&#039;\u00e9cran permet une utilisation pr\u00e9cise m\u00eame lorsque vos mains sont mouill\u00e9es.<\/span><\/p>\n<\/li>\n<\/ul>\n<\/li>\n<li><strong>\u00c0 l&#039;int\u00e9rieur de la bo\u00eete :<\/strong>\n<ul data-path-to-node=\"4\">\n<li>1 avion SD4+<\/li>\n<li>1x t\u00e9l\u00e9commande<\/li>\n<li>1x batterie de vol<\/li>\n<li>2x h\u00e9lices (paire)<\/li>\n<li>1x Chargeur<\/li>\n<li>1x \u00e9tui de transport<\/li>\n<li>1x Guide rapide et manuel d&#039;utilisation<\/li>\n<\/ul>\n<\/li>\n<\/ul>\n<p data-path-to-node=\"5\">Le SwellPro SD4+ n&#039;est pas qu&#039;un simple drone, c&#039;est une plateforme a\u00e9rienne amphibie pr\u00eate \u00e0 l&#039;emploi qui red\u00e9finit ce qu&#039;un drone commercial peut accomplir au-dessus et \u00e0 proximit\u00e9 de l&#039;eau.<\/p>","protected":false},"excerpt":{"rendered":"<p data-path-to-node=\"1\"><span class=\"citation-25\">Le <\/span><b><span class=\"citation-25\">SwellPro SD4+ (SplashDrone 4+ \/ SD4+ Enterprise)<\/span><\/b><span class=\"citation-25 citation-end-25\"> Il s&#039;agit du drone professionnel de nouvelle g\u00e9n\u00e9ration, tout temps et tout terrain, sp\u00e9cialement con\u00e7u pour un fonctionnement fiable dans les environnements marins les plus difficiles et les plus exigeants o\u00f9 les drones standard \u00e9chouent tout simplement.<\/span><\/p>\n<p data-path-to-node=\"2\">S&#039;appuyant sur l&#039;h\u00e9ritage de SwellPro, pionnier des drones \u00e9tanches, le SD4+ offre une stabilit\u00e9 accrue, une port\u00e9e plus longue et un syst\u00e8me de charge utile modulaire extr\u00eamement polyvalent, ce qui en fait l&#039;outil id\u00e9al pour <b>p\u00eache, recherche et sauvetage (SAR), surveillance maritime, surveillance environnementale et inspection industrielle.<\/b><\/p>","protected":false},"featured_media":23390,"comment_status":"open","ping_status":"closed","template":"","meta":[],"product_brand":[1310],"product_cat":[303,278],"product_tag":[1311,279],"class_list":{"0":"post-23385","1":"product","2":"type-product","3":"status-publish","4":"has-post-thumbnail","6":"product_brand-swellpro","7":"product_cat-drones-sweellpro","8":"product_cat-swellpro","9":"product_tag-sd4-drone","10":"product_tag-swellpro","12":"first","13":"onbackorder","14":"taxable","15":"shipping-taxable","16":"purchasable","17":"product-type-simple"},"yoast_head":"<!-- This site is optimized with the Yoast SEO plugin v27.1.1 - https:\/\/yoast.com\/product\/yoast-seo-wordpress\/ -->\n<title>Swellpro SD4+ Waterproof drone - Ghostysky<\/title>\n<meta name=\"description\" content=\"The SwellPro SD4+ (SplashDrone 4+ \/ SD4+ Enterprise) is the next-generation, all-weather, and all-terrain professional drone, specifically engineered for reliable operation in the harshest marine and demanding environments where standard drones simply fail.Built on SwellPro&#039;s legacy as the pioneer of waterproof drones, the SD4+ features enhanced stability, longer range, and a highly versatile modular payload system, making it the perfect tool for fishing, search and rescue (SAR), maritime surveillance, environmental monitoring, and industrial inspection.\" \/>\n<meta name=\"robots\" content=\"index, follow, max-snippet:-1, max-image-preview:large, max-video-preview:-1\" \/>\n<link rel=\"canonical\" href=\"https:\/\/www.ghostysky.com\/fr\/product\/swellpro-sd4-waterproof-drone\/\" \/>\n<meta property=\"og:locale\" content=\"fr_FR\" \/>\n<meta property=\"og:type\" content=\"article\" \/>\n<meta property=\"og:title\" content=\"Swellpro SD4+ Waterproof drone - Ghostysky\" \/>\n<meta property=\"og:description\" content=\"The SwellPro SD4+ (SplashDrone 4+ \/ SD4+ Enterprise) is the next-generation, all-weather, and all-terrain professional drone, specifically engineered for reliable operation in the harshest marine and demanding environments where standard drones simply fail.Built on SwellPro&#039;s legacy as the pioneer of waterproof drones, the SD4+ features enhanced stability, longer range, and a highly versatile modular payload system, making it the perfect tool for fishing, search and rescue (SAR), maritime surveillance, environmental monitoring, and industrial inspection.\" \/>\n<meta property=\"og:url\" content=\"https:\/\/www.ghostysky.com\/fr\/product\/swellpro-sd4-waterproof-drone\/\" \/>\n<meta property=\"og:site_name\" content=\"Ghostysky\" \/>\n<meta property=\"article:publisher\" content=\"https:\/\/www.facebook.com\/people\/Ghostysky\/100057676170234\/\" \/>\n<meta property=\"article:modified_time\" content=\"2025-11-27T14:49:23+00:00\" \/>\n<meta property=\"og:image\" content=\"https:\/\/www.ghostysky.com\/wp-content\/uploads\/2025\/11\/GH_Swellpro_SD4_Drone_1.webp\" \/>\n\t<meta property=\"og:image:width\" content=\"700\" \/>\n\t<meta property=\"og:image:height\" content=\"700\" \/>\n\t<meta property=\"og:image:type\" content=\"image\/webp\" \/>\n<meta name=\"twitter:card\" content=\"summary_large_image\" \/>\n<meta name=\"twitter:site\" content=\"@Gh0stysky\" \/>\n<meta name=\"twitter:label1\" content=\"Dur\u00e9e de lecture estim\u00e9e\" \/>\n\t<meta name=\"twitter:data1\" content=\"2 minutes\" \/>\n<script type=\"application\/ld+json\" class=\"yoast-schema-graph\">{\"@context\":\"https:\/\/schema.org\",\"@graph\":[{\"@type\":\"WebPage\",\"@id\":\"https:\/\/www.ghostysky.com\/product\/swellpro-sd4-waterproof-drone\/\",\"url\":\"https:\/\/www.ghostysky.com\/product\/swellpro-sd4-waterproof-drone\/\",\"name\":\"Swellpro SD4+ Waterproof drone - Ghostysky\",\"isPartOf\":{\"@id\":\"https:\/\/www.ghostysky.com\/#website\"},\"primaryImageOfPage\":{\"@id\":\"https:\/\/www.ghostysky.com\/product\/swellpro-sd4-waterproof-drone\/#primaryimage\"},\"image\":{\"@id\":\"https:\/\/www.ghostysky.com\/product\/swellpro-sd4-waterproof-drone\/#primaryimage\"},\"thumbnailUrl\":\"https:\/\/www.ghostysky.com\/wp-content\/uploads\/2025\/11\/GH_Swellpro_SD4_Drone_1.webp\",\"datePublished\":\"2025-11-25T16:45:36+00:00\",\"dateModified\":\"2025-11-27T14:49:23+00:00\",\"description\":\"The SwellPro SD4+ (SplashDrone 4+ \/ SD4+ Enterprise) is the next-generation, all-weather, and all-terrain professional drone, specifically engineered for reliable operation in the harshest marine and demanding environments where standard drones simply fail.Built on SwellPro's legacy as the pioneer of waterproof drones, the SD4+ features enhanced stability, longer range, and a highly versatile modular payload system, making it the perfect tool for fishing, search and rescue (SAR), maritime surveillance, environmental monitoring, and industrial inspection.\",\"breadcrumb\":{\"@id\":\"https:\/\/www.ghostysky.com\/product\/swellpro-sd4-waterproof-drone\/#breadcrumb\"},\"inLanguage\":\"fr-FR\",\"potentialAction\":[{\"@type\":\"ReadAction\",\"target\":[\"https:\/\/www.ghostysky.com\/product\/swellpro-sd4-waterproof-drone\/\"]}]},{\"@type\":\"ImageObject\",\"inLanguage\":\"fr-FR\",\"@id\":\"https:\/\/www.ghostysky.com\/product\/swellpro-sd4-waterproof-drone\/#primaryimage\",\"url\":\"https:\/\/www.ghostysky.com\/wp-content\/uploads\/2025\/11\/GH_Swellpro_SD4_Drone_1.webp\",\"contentUrl\":\"https:\/\/www.ghostysky.com\/wp-content\/uploads\/2025\/11\/GH_Swellpro_SD4_Drone_1.webp\",\"width\":700,\"height\":700},{\"@type\":\"BreadcrumbList\",\"@id\":\"https:\/\/www.ghostysky.com\/product\/swellpro-sd4-waterproof-drone\/#breadcrumb\",\"itemListElement\":[{\"@type\":\"ListItem\",\"position\":1,\"name\":\"Home\",\"item\":\"https:\/\/www.ghostysky.com\/\"},{\"@type\":\"ListItem\",\"position\":2,\"name\":\"Shop\",\"item\":\"https:\/\/www.ghostysky.com\/shop\/\"},{\"@type\":\"ListItem\",\"position\":3,\"name\":\"Swellpro SD4+ Waterproof drone\"}]},{\"@type\":\"WebSite\",\"@id\":\"https:\/\/www.ghostysky.com\/#website\",\"url\":\"https:\/\/www.ghostysky.com\/\",\"name\":\"Ghostysky\",\"description\":\"Delivering professional drones and services\",\"publisher\":{\"@id\":\"https:\/\/www.ghostysky.com\/#organization\"},\"potentialAction\":[{\"@type\":\"SearchAction\",\"target\":{\"@type\":\"EntryPoint\",\"urlTemplate\":\"https:\/\/www.ghostysky.com\/?s={search_term_string}\"},\"query-input\":{\"@type\":\"PropertyValueSpecification\",\"valueRequired\":true,\"valueName\":\"search_term_string\"}}],\"inLanguage\":\"fr-FR\"},{\"@type\":\"Organization\",\"@id\":\"https:\/\/www.ghostysky.com\/#organization\",\"name\":\"Ghostysky\",\"url\":\"https:\/\/www.ghostysky.com\/\",\"logo\":{\"@type\":\"ImageObject\",\"inLanguage\":\"fr-FR\",\"@id\":\"https:\/\/www.ghostysky.com\/#\/schema\/logo\/image\/\",\"url\":\"https:\/\/www.ghostysky.com\/wp-content\/uploads\/2020\/06\/cropped-ghostyskylogo_text_white2.png\",\"contentUrl\":\"https:\/\/www.ghostysky.com\/wp-content\/uploads\/2020\/06\/cropped-ghostyskylogo_text_white2.png\",\"width\":169,\"height\":56,\"caption\":\"Ghostysky\"},\"image\":{\"@id\":\"https:\/\/www.ghostysky.com\/#\/schema\/logo\/image\/\"},\"sameAs\":[\"https:\/\/www.facebook.com\/people\/Ghostysky\/100057676170234\/\",\"https:\/\/x.com\/Gh0stysky\",\"https:\/\/www.linkedin.com\/company\/34739653\",\"https:\/\/www.instagram.com\/gh0stysky\"]}]}<\/script>\n<!-- \/ Yoast SEO plugin. -->","yoast_head_json":{"title":"Drone \u00e9tanche Swellpro SD4+ - Ghostysky","description":"Le SwellPro SD4+ (SplashDrone 4+ \/ SD4+ Enterprise) est un drone professionnel de nouvelle g\u00e9n\u00e9ration, con\u00e7u pour tous les temps et tous les terrains, et sp\u00e9cifiquement pens\u00e9 pour un fonctionnement fiable dans les environnements marins les plus difficiles et exigeants, l\u00e0 o\u00f9 les drones standards \u00e9chouent. S&#039;appuyant sur l&#039;expertise de SwellPro en tant que pionnier des drones \u00e9tanches, le SD4+ offre une stabilit\u00e9 accrue, une port\u00e9e plus longue et un syst\u00e8me de charge utile modulaire tr\u00e8s polyvalent, ce qui en fait l&#039;outil id\u00e9al pour la p\u00eache, la recherche et le sauvetage (SAR), la surveillance maritime, la surveillance environnementale et l&#039;inspection industrielle.","robots":{"index":"index","follow":"follow","max-snippet":"max-snippet:-1","max-image-preview":"max-image-preview:large","max-video-preview":"max-video-preview:-1"},"canonical":"https:\/\/www.ghostysky.com\/fr\/product\/swellpro-sd4-waterproof-drone\/","og_locale":"fr_FR","og_type":"article","og_title":"Swellpro SD4+ Waterproof drone - Ghostysky","og_description":"The SwellPro SD4+ (SplashDrone 4+ \/ SD4+ Enterprise) is the next-generation, all-weather, and all-terrain professional drone, specifically engineered for reliable operation in the harshest marine and demanding environments where standard drones simply fail.Built on SwellPro's legacy as the pioneer of waterproof drones, the SD4+ features enhanced stability, longer range, and a highly versatile modular payload system, making it the perfect tool for fishing, search and rescue (SAR), maritime surveillance, environmental monitoring, and industrial inspection.","og_url":"https:\/\/www.ghostysky.com\/fr\/product\/swellpro-sd4-waterproof-drone\/","og_site_name":"Ghostysky","article_publisher":"https:\/\/www.facebook.com\/people\/Ghostysky\/100057676170234\/","article_modified_time":"2025-11-27T14:49:23+00:00","og_image":[{"width":700,"height":700,"url":"https:\/\/www.ghostysky.com\/wp-content\/uploads\/2025\/11\/GH_Swellpro_SD4_Drone_1.webp","type":"image\/webp"}],"twitter_card":"summary_large_image","twitter_site":"@Gh0stysky","twitter_misc":{"Dur\u00e9e de lecture estim\u00e9e":"2 minutes"},"schema":{"@context":"https:\/\/schema.org","@graph":[{"@type":"WebPage","@id":"https:\/\/www.ghostysky.com\/product\/swellpro-sd4-waterproof-drone\/","url":"https:\/\/www.ghostysky.com\/product\/swellpro-sd4-waterproof-drone\/","name":"Drone \u00e9tanche Swellpro SD4+ - Ghostysky","isPartOf":{"@id":"https:\/\/www.ghostysky.com\/#website"},"primaryImageOfPage":{"@id":"https:\/\/www.ghostysky.com\/product\/swellpro-sd4-waterproof-drone\/#primaryimage"},"image":{"@id":"https:\/\/www.ghostysky.com\/product\/swellpro-sd4-waterproof-drone\/#primaryimage"},"thumbnailUrl":"https:\/\/www.ghostysky.com\/wp-content\/uploads\/2025\/11\/GH_Swellpro_SD4_Drone_1.webp","datePublished":"2025-11-25T16:45:36+00:00","dateModified":"2025-11-27T14:49:23+00:00","description":"Le SwellPro SD4+ (SplashDrone 4+ \/ SD4+ Enterprise) est un drone professionnel de nouvelle g\u00e9n\u00e9ration, con\u00e7u pour tous les temps et tous les terrains, et sp\u00e9cifiquement pens\u00e9 pour un fonctionnement fiable dans les environnements marins les plus difficiles et exigeants, l\u00e0 o\u00f9 les drones standards \u00e9chouent. S&#039;appuyant sur l&#039;expertise de SwellPro en tant que pionnier des drones \u00e9tanches, le SD4+ offre une stabilit\u00e9 accrue, une port\u00e9e plus longue et un syst\u00e8me de charge utile modulaire tr\u00e8s polyvalent, ce qui en fait l&#039;outil id\u00e9al pour la p\u00eache, la recherche et le sauvetage (SAR), la surveillance maritime, la surveillance environnementale et l&#039;inspection industrielle.","breadcrumb":{"@id":"https:\/\/www.ghostysky.com\/product\/swellpro-sd4-waterproof-drone\/#breadcrumb"},"inLanguage":"fr-FR","potentialAction":[{"@type":"ReadAction","target":["https:\/\/www.ghostysky.com\/product\/swellpro-sd4-waterproof-drone\/"]}]},{"@type":"ImageObject","inLanguage":"fr-FR","@id":"https:\/\/www.ghostysky.com\/product\/swellpro-sd4-waterproof-drone\/#primaryimage","url":"https:\/\/www.ghostysky.com\/wp-content\/uploads\/2025\/11\/GH_Swellpro_SD4_Drone_1.webp","contentUrl":"https:\/\/www.ghostysky.com\/wp-content\/uploads\/2025\/11\/GH_Swellpro_SD4_Drone_1.webp","width":700,"height":700},{"@type":"BreadcrumbList","@id":"https:\/\/www.ghostysky.com\/product\/swellpro-sd4-waterproof-drone\/#breadcrumb","itemListElement":[{"@type":"ListItem","position":1,"name":"Home","item":"https:\/\/www.ghostysky.com\/"},{"@type":"ListItem","position":2,"name":"Shop","item":"https:\/\/www.ghostysky.com\/shop\/"},{"@type":"ListItem","position":3,"name":"Swellpro SD4+ Waterproof drone"}]},{"@type":"WebSite","@id":"https:\/\/www.ghostysky.com\/#website","url":"https:\/\/www.ghostysky.com\/","name":"Ghostysky","description":"Livraison de drones et de services professionnels","publisher":{"@id":"https:\/\/www.ghostysky.com\/#organization"},"potentialAction":[{"@type":"SearchAction","target":{"@type":"EntryPoint","urlTemplate":"https:\/\/www.ghostysky.com\/?s={search_term_string}"},"query-input":{"@type":"PropertyValueSpecification","valueRequired":true,"valueName":"search_term_string"}}],"inLanguage":"fr-FR"},{"@type":"Organization","@id":"https:\/\/www.ghostysky.com\/#organization","name":"Ghostysky","url":"https:\/\/www.ghostysky.com\/","logo":{"@type":"ImageObject","inLanguage":"fr-FR","@id":"https:\/\/www.ghostysky.com\/#\/schema\/logo\/image\/","url":"https:\/\/www.ghostysky.com\/wp-content\/uploads\/2020\/06\/cropped-ghostyskylogo_text_white2.png","contentUrl":"https:\/\/www.ghostysky.com\/wp-content\/uploads\/2020\/06\/cropped-ghostyskylogo_text_white2.png","width":169,"height":56,"caption":"Ghostysky"},"image":{"@id":"https:\/\/www.ghostysky.com\/#\/schema\/logo\/image\/"},"sameAs":["https:\/\/www.facebook.com\/people\/Ghostysky\/100057676170234\/","https:\/\/x.com\/Gh0stysky","https:\/\/www.linkedin.com\/company\/34739653","https:\/\/www.instagram.com\/gh0stysky"]}]}},"_links":{"self":[{"href":"https:\/\/www.ghostysky.com\/fr\/wp-json\/wp\/v2\/product\/23385","targetHints":{"allow":["GET"]}}],"collection":[{"href":"https:\/\/www.ghostysky.com\/fr\/wp-json\/wp\/v2\/product"}],"about":[{"href":"https:\/\/www.ghostysky.com\/fr\/wp-json\/wp\/v2\/types\/product"}],"replies":[{"embeddable":true,"href":"https:\/\/www.ghostysky.com\/fr\/wp-json\/wp\/v2\/comments?post=23385"}],"wp:featuredmedia":[{"embeddable":true,"href":"https:\/\/www.ghostysky.com\/fr\/wp-json\/wp\/v2\/media\/23390"}],"wp:attachment":[{"href":"https:\/\/www.ghostysky.com\/fr\/wp-json\/wp\/v2\/media?parent=23385"}],"wp:term":[{"taxonomy":"product_brand","embeddable":true,"href":"https:\/\/www.ghostysky.com\/fr\/wp-json\/wp\/v2\/product_brand?post=23385"},{"taxonomy":"product_cat","embeddable":true,"href":"https:\/\/www.ghostysky.com\/fr\/wp-json\/wp\/v2\/product_cat?post=23385"},{"taxonomy":"product_tag","embeddable":true,"href":"https:\/\/www.ghostysky.com\/fr\/wp-json\/wp\/v2\/product_tag?post=23385"}],"curies":[{"name":"wp","href":"https:\/\/api.w.org\/{rel}","templated":true}]}}