{"id":23396,"date":"2025-11-25T16:59:46","date_gmt":"2025-11-25T16:59:46","guid":{"rendered":"https:\/\/www.ghostysky.com\/?post_type=product&#038;p=23396"},"modified":"2025-11-27T14:50:03","modified_gmt":"2025-11-27T14:50:03","slug":"splashdrone-4-plus-sd4-4500mah-intelligent-battery","status":"publish","type":"product","link":"https:\/\/www.ghostysky.com\/fr\/product\/splashdrone-4-plus-sd4-4500mah-intelligent-battery\/","title":{"rendered":"Batterie intelligente SplashDrone 4 Plus (SD4+) 4500 mAh"},"content":{"rendered":"<h3>Principales caract\u00e9ristiques et avantages<\/h3>\n<ul data-path-to-node=\"3\">\n<li>\n<p data-path-to-node=\"3,0,0\"><b>Endurance optimis\u00e9e :<\/b><span class=\"citation-73\"> Le <\/span><b><span class=\"citation-73\">4500 mAh<\/span><\/b><span class=\"citation-73\"> capacit\u00e9, <\/span><b><span class=\"citation-73\">LiPo 6S<\/span><\/b><span class=\"citation-73\"> La batterie intelligente fournit l&#039;\u00e9nergie robuste n\u00e9cessaire pour atteindre jusqu&#039;\u00e0 <\/span><b><span class=\"citation-73\">28 minutes<\/span><\/b><span class=\"citation-73 citation-end-73\"> du temps de vol (dans des conditions id\u00e9ales), vous laissant plus de temps pour la recherche, le sauvetage, la p\u00eache ou la surveillance.<\/span><\/p>\n<\/li>\n<li>\n<p data-path-to-node=\"3,1,0\"><b>Syst\u00e8me int\u00e9gr\u00e9 de gestion de batterie (BMS)\u00a0:<\/b><span class=\"citation-72\"> Un microprocesseur interne surveille et g\u00e8re activement l&#039;\u00e9tat de la batterie, assurant ainsi <\/span><b><span class=\"citation-72\">s\u00e9curit\u00e9, long\u00e9vit\u00e9 et performances fiables<\/span><\/b><span class=\"citation-72 citation-end-72\">.<\/span><\/p>\n<ul data-path-to-node=\"3,1,1\">\n<li>\n<p data-path-to-node=\"3,1,1,0,0\"><b>Surveillance en temps r\u00e9el\u00a0:<\/b><span class=\"citation-71 citation-end-71\"> Surveille les niveaux de puissance et fournit des alertes en temps r\u00e9el.<\/span><\/p>\n<\/li>\n<li>\n<p data-path-to-node=\"3,1,1,1,0\"><b><span class=\"citation-70\">Protection:<\/span><\/b><span class=\"citation-70\"> Fonctionnalit\u00e9s int\u00e9gr\u00e9es <\/span><b><span class=\"citation-70\">protection contre la surcharge, la d\u00e9charge insuffisante et la surchauffe<\/span><\/b><span class=\"citation-70 citation-end-70\">.<\/span><\/p>\n<\/li>\n<li>\n<p data-path-to-node=\"3,1,1,2,0\"><b>Gestion de la sant\u00e9 :<\/b><span class=\"citation-69 citation-end-69\"> La charge d&#039;\u00e9quilibrage int\u00e9gr\u00e9e et la maintenance intelligente du stockage prolongent la dur\u00e9e de vie de la batterie.<\/span><\/p>\n<\/li>\n<\/ul>\n<\/li>\n<li>\n<p data-path-to-node=\"3,2,0\"><b>Puissance de sortie stable\u00a0:<\/b> Avec une stabilit\u00e9 <b>tension nominale de 25,2 V<\/b>La batterie fournit une alimentation constante aux moteurs et aux syst\u00e8mes \u00e9lectroniques du SD4+ pour un vol fluide et fiable, m\u00eame dans des environnements difficiles.<\/p>\n<\/li>\n<li>\n<p data-path-to-node=\"3,3,0\"><b><span class=\"citation-68\">Conception \u00e0 glissi\u00e8re rapide :<\/span><\/b><span class=\"citation-68\"> Con\u00e7ue pour une efficacit\u00e9 optimale, sa conception sur mesure permet <\/span><b><span class=\"citation-68\">Installation et remplacement rapides et sans fil<\/span><\/b><span class=\"citation-68 citation-end-68\">, minimisant les temps d&#039;arr\u00eat et vous permettant de reprendre rapidement les airs.<\/span><\/p>\n<\/li>\n<li>\n<p data-path-to-node=\"3,4,0\"><b>Utilisation durable et polyvalente\u00a0:<\/b><span class=\"citation-67 citation-end-67\"> Con\u00e7u pour fonctionner efficacement sur une large plage de temp\u00e9ratures, de <sup class=\"superscript\" data-turn-source-index=\"9\">9<\/sup><\/span><b><span class=\"math-inline\" data-math=\"-10^\\circ \\text{C}\">$-10^\\circ \\text{C}$<\/span><span class=\"citation-66 citation-end-66\"> \u00e0 <sup class=\"superscript\" data-turn-source-index=\"10\">10<\/sup><\/span><span class=\"math-inline\" data-math=\"60^\\circ \\text{C}\">$60^\\circ \\text{C}$<\/span><\/b><span class=\"citation-65 citation-end-65\"> (d\u00e9charge), cette batterie est pr\u00eate \u00e0 \u00eatre d\u00e9ploy\u00e9e dans divers environnements extr\u00eames.<\/span><\/p>\n<div class=\"source-inline-chip-container ng-star-inserted\"><\/div>\n<p>&nbsp;<\/li>\n<\/ul>\n<h3>Sp\u00e9cifications en bref<\/h3>\n<table data-path-to-node=\"6\">\n<thead>\n<tr>\n<td><strong>Fonctionnalit\u00e9<\/strong><\/td>\n<td><strong>D\u00e9tail<\/strong><\/td>\n<\/tr>\n<\/thead>\n<tbody>\n<tr>\n<td><span data-path-to-node=\"6,1,0,0\"><b>Capacit\u00e9 nominale<\/b><\/span><\/td>\n<td><span data-path-to-node=\"6,1,1,0\"><span class=\"math-inline\" data-math=\"4500 \\text{mAh}\">4500 mAh<\/span><\/span><\/td>\n<\/tr>\n<tr>\n<td><span data-path-to-node=\"6,2,0,0\"><b>Secteur de l'\u00e9nergie<\/b><\/span><\/td>\n<td><span data-path-to-node=\"6,2,1,0\"><span class=\"math-inline\" data-math=\"99.9 \\text{Wh}\">99,9 Wh<\/span><\/span><\/td>\n<\/tr>\n<tr>\n<td><span data-path-to-node=\"6,3,0,0\"><b>Taper<\/b><\/span><\/td>\n<td><span data-path-to-node=\"6,3,1,0\">LiPo 6S intelligente<\/span><\/td>\n<\/tr>\n<tr>\n<td><span data-path-to-node=\"6,4,0,0\"><b>Tension nominale<\/b><\/span><\/td>\n<td><span data-path-to-node=\"6,4,1,0\"><span class=\"math-inline\" data-math=\"25.2 \\text{V}\">25,2 V<\/span><\/span><\/td>\n<\/tr>\n<tr>\n<td><span data-path-to-node=\"6,5,0,0\"><b>Temps de vol maximal<\/b><\/span><\/td>\n<td><span data-path-to-node=\"6,5,1,0\">Jusqu&#039;\u00e0 <span class=\"math-inline\" data-math=\"28 \\text{ minutes}\">28 minutes<\/span><\/span><\/td>\n<\/tr>\n<tr>\n<td><span data-path-to-node=\"6,6,0,0\"><b>Poids<\/b><\/span><\/td>\n<td><span data-path-to-node=\"6,6,1,0\"><span class=\"math-inline\" data-math=\"820 \\text{g}\">820 g<\/span> (<span class=\"math-inline\" data-math=\"\\pm 5 \\text{g}\">\u00b15 g<\/span>)<\/span><\/td>\n<\/tr>\n<tr>\n<td><span data-path-to-node=\"6,7,0,0\"><b>Temps de charge<\/b><\/span><\/td>\n<td><span data-path-to-node=\"6,7,1,0\"><span class=\"math-inline\" data-math=\"\\approx 120 \\text{ minutes}\">environ 120 minutes<\/span><\/span><\/td>\n<\/tr>\n<tr>\n<td><span data-path-to-node=\"6,8,0,0\"><b>Courant de charge maximal<\/b><\/span><\/td>\n<td><span data-path-to-node=\"6,8,1,0\"><span class=\"math-inline\" data-math=\"8 \\text{A}\">8 A<\/span><\/span><\/td>\n<\/tr>\n<tr>\n<td><span data-path-to-node=\"6,9,0,0\"><b>Compatibilit\u00e9<\/b><\/span><\/td>\n<td><span data-path-to-node=\"6,9,1,0\">SplashDrone 4 Plus (SD4+)<\/span><\/td>\n<\/tr>\n<\/tbody>\n<\/table>\n<p data-path-to-node=\"7\">Ne laissez pas les limitations de puissance interrompre votre mission. \u00c9quipez votre SplashDrone 4 Plus avec le <b>Batterie intelligente de 4500 mAh<\/b> et \u00e9tendre votre autonomie, maximiser votre temps de fonctionnement et accomplir vos t\u00e2ches en toute confiance, m\u00eame dans les conditions les plus difficiles.<\/p>\n<p data-path-to-node=\"8\">Souhaiteriez-vous conna\u00eetre le chargeur officiel de cette batterie ou savoir o\u00f9 l&#039;acheter\u00a0?<\/p>","protected":false},"excerpt":{"rendered":"<p><span class=\"citation-75\">Optimisez les capacit\u00e9s op\u00e9rationnelles de votre drone \u00e9tanche gr\u00e2ce \u00e0 des composants haute performance con\u00e7us sur mesure. <\/span><b><span class=\"citation-75\">Batterie intelligente SplashDrone 4 Plus (SD4+) 4500 mAh<\/span><\/b><span class=\"citation-75 citation-end-75\">.<\/span> <span class=\"citation-74 citation-end-74\">Con\u00e7ue sp\u00e9cifiquement pour la plateforme SD4+, cette source d&#039;alimentation offre des performances fiables et constantes pour les missions maritimes exigeantes et par tous les temps.<\/span><\/p>","protected":false},"featured_media":23400,"comment_status":"open","ping_status":"closed","template":"","meta":[],"product_brand":[1310],"product_cat":[305,278],"product_tag":[1312,279],"class_list":{"0":"post-23396","1":"product","2":"type-product","3":"status-publish","4":"has-post-thumbnail","6":"product_brand-swellpro","7":"product_cat-accessories-swellpro","8":"product_cat-swellpro","9":"product_tag-sd4-accessories","10":"product_tag-swellpro","12":"first","13":"onbackorder","14":"taxable","15":"shipping-taxable","16":"purchasable","17":"product-type-simple"},"yoast_head":"<!-- This site is optimized with the Yoast SEO plugin v27.1.1 - https:\/\/yoast.com\/product\/yoast-seo-wordpress\/ -->\n<title>SplashDrone 4 Plus (SD4+) 4500mAh Intelligent Battery - Ghostysky<\/title>\n<meta name=\"description\" content=\"Maximize the operational capability of your waterproof drone with the high-performance, custom-engineered SplashDrone 4 Plus (SD4+) 4500mAh Intelligent Battery. Designed specifically for the SD4+ platform, this power source delivers reliable, consistent performance for demanding maritime and all-weather missions.\" \/>\n<meta name=\"robots\" content=\"index, follow, max-snippet:-1, max-image-preview:large, max-video-preview:-1\" \/>\n<link rel=\"canonical\" href=\"https:\/\/www.ghostysky.com\/fr\/product\/splashdrone-4-plus-sd4-4500mah-intelligent-battery\/\" \/>\n<meta property=\"og:locale\" content=\"fr_FR\" \/>\n<meta property=\"og:type\" content=\"article\" \/>\n<meta property=\"og:title\" content=\"SplashDrone 4 Plus (SD4+) 4500mAh Intelligent Battery - Ghostysky\" \/>\n<meta property=\"og:description\" content=\"Maximize the operational capability of your waterproof drone with the high-performance, custom-engineered SplashDrone 4 Plus (SD4+) 4500mAh Intelligent Battery. Designed specifically for the SD4+ platform, this power source delivers reliable, consistent performance for demanding maritime and all-weather missions.\" \/>\n<meta property=\"og:url\" content=\"https:\/\/www.ghostysky.com\/fr\/product\/splashdrone-4-plus-sd4-4500mah-intelligent-battery\/\" \/>\n<meta property=\"og:site_name\" content=\"Ghostysky\" \/>\n<meta property=\"article:publisher\" content=\"https:\/\/www.facebook.com\/people\/Ghostysky\/100057676170234\/\" \/>\n<meta property=\"article:modified_time\" content=\"2025-11-27T14:50:03+00:00\" \/>\n<meta property=\"og:image\" content=\"https:\/\/www.ghostysky.com\/wp-content\/uploads\/2025\/11\/GH_SplashDrone-4-Plus-SD4-Drone-4500mAh-Intelligen-Battery_1.webp\" \/>\n\t<meta property=\"og:image:width\" content=\"700\" \/>\n\t<meta property=\"og:image:height\" content=\"700\" \/>\n\t<meta property=\"og:image:type\" content=\"image\/webp\" \/>\n<meta name=\"twitter:card\" content=\"summary_large_image\" \/>\n<meta name=\"twitter:site\" content=\"@Gh0stysky\" \/>\n<meta name=\"twitter:label1\" content=\"Dur\u00e9e de lecture estim\u00e9e\" \/>\n\t<meta name=\"twitter:data1\" content=\"2 minutes\" \/>\n<script type=\"application\/ld+json\" class=\"yoast-schema-graph\">{\"@context\":\"https:\/\/schema.org\",\"@graph\":[{\"@type\":\"WebPage\",\"@id\":\"https:\/\/www.ghostysky.com\/product\/splashdrone-4-plus-sd4-4500mah-intelligent-battery\/\",\"url\":\"https:\/\/www.ghostysky.com\/product\/splashdrone-4-plus-sd4-4500mah-intelligent-battery\/\",\"name\":\"SplashDrone 4 Plus (SD4+) 4500mAh Intelligent Battery - Ghostysky\",\"isPartOf\":{\"@id\":\"https:\/\/www.ghostysky.com\/#website\"},\"primaryImageOfPage\":{\"@id\":\"https:\/\/www.ghostysky.com\/product\/splashdrone-4-plus-sd4-4500mah-intelligent-battery\/#primaryimage\"},\"image\":{\"@id\":\"https:\/\/www.ghostysky.com\/product\/splashdrone-4-plus-sd4-4500mah-intelligent-battery\/#primaryimage\"},\"thumbnailUrl\":\"https:\/\/www.ghostysky.com\/wp-content\/uploads\/2025\/11\/GH_SplashDrone-4-Plus-SD4-Drone-4500mAh-Intelligen-Battery_1.webp\",\"datePublished\":\"2025-11-25T16:59:46+00:00\",\"dateModified\":\"2025-11-27T14:50:03+00:00\",\"description\":\"Maximize the operational capability of your waterproof drone with the high-performance, custom-engineered SplashDrone 4 Plus (SD4+) 4500mAh Intelligent Battery. Designed specifically for the SD4+ platform, this power source delivers reliable, consistent performance for demanding maritime and all-weather missions.\",\"breadcrumb\":{\"@id\":\"https:\/\/www.ghostysky.com\/product\/splashdrone-4-plus-sd4-4500mah-intelligent-battery\/#breadcrumb\"},\"inLanguage\":\"fr-FR\",\"potentialAction\":[{\"@type\":\"ReadAction\",\"target\":[\"https:\/\/www.ghostysky.com\/product\/splashdrone-4-plus-sd4-4500mah-intelligent-battery\/\"]}]},{\"@type\":\"ImageObject\",\"inLanguage\":\"fr-FR\",\"@id\":\"https:\/\/www.ghostysky.com\/product\/splashdrone-4-plus-sd4-4500mah-intelligent-battery\/#primaryimage\",\"url\":\"https:\/\/www.ghostysky.com\/wp-content\/uploads\/2025\/11\/GH_SplashDrone-4-Plus-SD4-Drone-4500mAh-Intelligen-Battery_1.webp\",\"contentUrl\":\"https:\/\/www.ghostysky.com\/wp-content\/uploads\/2025\/11\/GH_SplashDrone-4-Plus-SD4-Drone-4500mAh-Intelligen-Battery_1.webp\",\"width\":700,\"height\":700},{\"@type\":\"BreadcrumbList\",\"@id\":\"https:\/\/www.ghostysky.com\/product\/splashdrone-4-plus-sd4-4500mah-intelligent-battery\/#breadcrumb\",\"itemListElement\":[{\"@type\":\"ListItem\",\"position\":1,\"name\":\"Home\",\"item\":\"https:\/\/www.ghostysky.com\/\"},{\"@type\":\"ListItem\",\"position\":2,\"name\":\"Shop\",\"item\":\"https:\/\/www.ghostysky.com\/shop\/\"},{\"@type\":\"ListItem\",\"position\":3,\"name\":\"SplashDrone 4 Plus (SD4+) 4500mAh Intelligent Battery\"}]},{\"@type\":\"WebSite\",\"@id\":\"https:\/\/www.ghostysky.com\/#website\",\"url\":\"https:\/\/www.ghostysky.com\/\",\"name\":\"Ghostysky\",\"description\":\"Delivering professional drones and services\",\"publisher\":{\"@id\":\"https:\/\/www.ghostysky.com\/#organization\"},\"potentialAction\":[{\"@type\":\"SearchAction\",\"target\":{\"@type\":\"EntryPoint\",\"urlTemplate\":\"https:\/\/www.ghostysky.com\/?s={search_term_string}\"},\"query-input\":{\"@type\":\"PropertyValueSpecification\",\"valueRequired\":true,\"valueName\":\"search_term_string\"}}],\"inLanguage\":\"fr-FR\"},{\"@type\":\"Organization\",\"@id\":\"https:\/\/www.ghostysky.com\/#organization\",\"name\":\"Ghostysky\",\"url\":\"https:\/\/www.ghostysky.com\/\",\"logo\":{\"@type\":\"ImageObject\",\"inLanguage\":\"fr-FR\",\"@id\":\"https:\/\/www.ghostysky.com\/#\/schema\/logo\/image\/\",\"url\":\"https:\/\/www.ghostysky.com\/wp-content\/uploads\/2020\/06\/cropped-ghostyskylogo_text_white2.png\",\"contentUrl\":\"https:\/\/www.ghostysky.com\/wp-content\/uploads\/2020\/06\/cropped-ghostyskylogo_text_white2.png\",\"width\":169,\"height\":56,\"caption\":\"Ghostysky\"},\"image\":{\"@id\":\"https:\/\/www.ghostysky.com\/#\/schema\/logo\/image\/\"},\"sameAs\":[\"https:\/\/www.facebook.com\/people\/Ghostysky\/100057676170234\/\",\"https:\/\/x.com\/Gh0stysky\",\"https:\/\/www.linkedin.com\/company\/34739653\",\"https:\/\/www.instagram.com\/gh0stysky\"]}]}<\/script>\n<!-- \/ Yoast SEO plugin. -->","yoast_head_json":{"title":"Batterie intelligente 4500 mAh pour SplashDrone 4 Plus (SD4+) - Ghostysky","description":"Optimisez les performances de votre drone \u00e9tanche gr\u00e2ce \u00e0 la batterie intelligente haute performance SplashDrone 4 Plus (SD4+) de 4\u00a0500\u00a0mAh, con\u00e7ue sur mesure. Sp\u00e9cialement con\u00e7ue pour la plateforme SD4+, cette batterie offre une alimentation fiable et constante, id\u00e9ale pour les missions maritimes exigeantes et par tous les temps.","robots":{"index":"index","follow":"follow","max-snippet":"max-snippet:-1","max-image-preview":"max-image-preview:large","max-video-preview":"max-video-preview:-1"},"canonical":"https:\/\/www.ghostysky.com\/fr\/product\/splashdrone-4-plus-sd4-4500mah-intelligent-battery\/","og_locale":"fr_FR","og_type":"article","og_title":"SplashDrone 4 Plus (SD4+) 4500mAh Intelligent Battery - Ghostysky","og_description":"Maximize the operational capability of your waterproof drone with the high-performance, custom-engineered SplashDrone 4 Plus (SD4+) 4500mAh Intelligent Battery. Designed specifically for the SD4+ platform, this power source delivers reliable, consistent performance for demanding maritime and all-weather missions.","og_url":"https:\/\/www.ghostysky.com\/fr\/product\/splashdrone-4-plus-sd4-4500mah-intelligent-battery\/","og_site_name":"Ghostysky","article_publisher":"https:\/\/www.facebook.com\/people\/Ghostysky\/100057676170234\/","article_modified_time":"2025-11-27T14:50:03+00:00","og_image":[{"width":700,"height":700,"url":"https:\/\/www.ghostysky.com\/wp-content\/uploads\/2025\/11\/GH_SplashDrone-4-Plus-SD4-Drone-4500mAh-Intelligen-Battery_1.webp","type":"image\/webp"}],"twitter_card":"summary_large_image","twitter_site":"@Gh0stysky","twitter_misc":{"Dur\u00e9e de lecture estim\u00e9e":"2 minutes"},"schema":{"@context":"https:\/\/schema.org","@graph":[{"@type":"WebPage","@id":"https:\/\/www.ghostysky.com\/product\/splashdrone-4-plus-sd4-4500mah-intelligent-battery\/","url":"https:\/\/www.ghostysky.com\/product\/splashdrone-4-plus-sd4-4500mah-intelligent-battery\/","name":"Batterie intelligente 4500 mAh pour SplashDrone 4 Plus (SD4+) - Ghostysky","isPartOf":{"@id":"https:\/\/www.ghostysky.com\/#website"},"primaryImageOfPage":{"@id":"https:\/\/www.ghostysky.com\/product\/splashdrone-4-plus-sd4-4500mah-intelligent-battery\/#primaryimage"},"image":{"@id":"https:\/\/www.ghostysky.com\/product\/splashdrone-4-plus-sd4-4500mah-intelligent-battery\/#primaryimage"},"thumbnailUrl":"https:\/\/www.ghostysky.com\/wp-content\/uploads\/2025\/11\/GH_SplashDrone-4-Plus-SD4-Drone-4500mAh-Intelligen-Battery_1.webp","datePublished":"2025-11-25T16:59:46+00:00","dateModified":"2025-11-27T14:50:03+00:00","description":"Optimisez les performances de votre drone \u00e9tanche gr\u00e2ce \u00e0 la batterie intelligente haute performance SplashDrone 4 Plus (SD4+) de 4\u00a0500\u00a0mAh, con\u00e7ue sur mesure. Sp\u00e9cialement con\u00e7ue pour la plateforme SD4+, cette batterie offre une alimentation fiable et constante, id\u00e9ale pour les missions maritimes exigeantes et par tous les temps.","breadcrumb":{"@id":"https:\/\/www.ghostysky.com\/product\/splashdrone-4-plus-sd4-4500mah-intelligent-battery\/#breadcrumb"},"inLanguage":"fr-FR","potentialAction":[{"@type":"ReadAction","target":["https:\/\/www.ghostysky.com\/product\/splashdrone-4-plus-sd4-4500mah-intelligent-battery\/"]}]},{"@type":"ImageObject","inLanguage":"fr-FR","@id":"https:\/\/www.ghostysky.com\/product\/splashdrone-4-plus-sd4-4500mah-intelligent-battery\/#primaryimage","url":"https:\/\/www.ghostysky.com\/wp-content\/uploads\/2025\/11\/GH_SplashDrone-4-Plus-SD4-Drone-4500mAh-Intelligen-Battery_1.webp","contentUrl":"https:\/\/www.ghostysky.com\/wp-content\/uploads\/2025\/11\/GH_SplashDrone-4-Plus-SD4-Drone-4500mAh-Intelligen-Battery_1.webp","width":700,"height":700},{"@type":"BreadcrumbList","@id":"https:\/\/www.ghostysky.com\/product\/splashdrone-4-plus-sd4-4500mah-intelligent-battery\/#breadcrumb","itemListElement":[{"@type":"ListItem","position":1,"name":"Home","item":"https:\/\/www.ghostysky.com\/"},{"@type":"ListItem","position":2,"name":"Shop","item":"https:\/\/www.ghostysky.com\/shop\/"},{"@type":"ListItem","position":3,"name":"SplashDrone 4 Plus (SD4+) 4500mAh Intelligent Battery"}]},{"@type":"WebSite","@id":"https:\/\/www.ghostysky.com\/#website","url":"https:\/\/www.ghostysky.com\/","name":"Ghostysky","description":"Livraison de drones et de services professionnels","publisher":{"@id":"https:\/\/www.ghostysky.com\/#organization"},"potentialAction":[{"@type":"SearchAction","target":{"@type":"EntryPoint","urlTemplate":"https:\/\/www.ghostysky.com\/?s={search_term_string}"},"query-input":{"@type":"PropertyValueSpecification","valueRequired":true,"valueName":"search_term_string"}}],"inLanguage":"fr-FR"},{"@type":"Organization","@id":"https:\/\/www.ghostysky.com\/#organization","name":"Ghostysky","url":"https:\/\/www.ghostysky.com\/","logo":{"@type":"ImageObject","inLanguage":"fr-FR","@id":"https:\/\/www.ghostysky.com\/#\/schema\/logo\/image\/","url":"https:\/\/www.ghostysky.com\/wp-content\/uploads\/2020\/06\/cropped-ghostyskylogo_text_white2.png","contentUrl":"https:\/\/www.ghostysky.com\/wp-content\/uploads\/2020\/06\/cropped-ghostyskylogo_text_white2.png","width":169,"height":56,"caption":"Ghostysky"},"image":{"@id":"https:\/\/www.ghostysky.com\/#\/schema\/logo\/image\/"},"sameAs":["https:\/\/www.facebook.com\/people\/Ghostysky\/100057676170234\/","https:\/\/x.com\/Gh0stysky","https:\/\/www.linkedin.com\/company\/34739653","https:\/\/www.instagram.com\/gh0stysky"]}]}},"_links":{"self":[{"href":"https:\/\/www.ghostysky.com\/fr\/wp-json\/wp\/v2\/product\/23396","targetHints":{"allow":["GET"]}}],"collection":[{"href":"https:\/\/www.ghostysky.com\/fr\/wp-json\/wp\/v2\/product"}],"about":[{"href":"https:\/\/www.ghostysky.com\/fr\/wp-json\/wp\/v2\/types\/product"}],"replies":[{"embeddable":true,"href":"https:\/\/www.ghostysky.com\/fr\/wp-json\/wp\/v2\/comments?post=23396"}],"wp:featuredmedia":[{"embeddable":true,"href":"https:\/\/www.ghostysky.com\/fr\/wp-json\/wp\/v2\/media\/23400"}],"wp:attachment":[{"href":"https:\/\/www.ghostysky.com\/fr\/wp-json\/wp\/v2\/media?parent=23396"}],"wp:term":[{"taxonomy":"product_brand","embeddable":true,"href":"https:\/\/www.ghostysky.com\/fr\/wp-json\/wp\/v2\/product_brand?post=23396"},{"taxonomy":"product_cat","embeddable":true,"href":"https:\/\/www.ghostysky.com\/fr\/wp-json\/wp\/v2\/product_cat?post=23396"},{"taxonomy":"product_tag","embeddable":true,"href":"https:\/\/www.ghostysky.com\/fr\/wp-json\/wp\/v2\/product_tag?post=23396"}],"curies":[{"name":"wp","href":"https:\/\/api.w.org\/{rel}","templated":true}]}}