{"id":23408,"date":"2025-11-26T10:50:08","date_gmt":"2025-11-26T10:50:08","guid":{"rendered":"https:\/\/www.ghostysky.com\/?post_type=product&#038;p=23408"},"modified":"2025-11-26T10:50:27","modified_gmt":"2025-11-26T10:50:27","slug":"geosun-gs-200g","status":"publish","type":"product","link":"https:\/\/www.ghostysky.com\/fr\/product\/geosun-gs-200g\/","title":{"rendered":"Geosun GS-200G"},"content":{"rendered":"<h4>Caract\u00e9ristiques principales<\/h4>\n<ul data-path-to-node=\"6\">\n<li>\n<p data-path-to-node=\"6,0,0\"><b><span class=\"citation-30\">Ultra-l\u00e9ger et portable :<\/span><\/b><span class=\"citation-30\"> Pes\u00e9e uniquement <\/span><b><span class=\"citation-30\">1,0 kg<\/span><\/b><span class=\"citation-30 citation-end-30\">Sa taille compacte la rend exceptionnellement facile \u00e0 manipuler pendant de longues p\u00e9riodes et \u00e0 d\u00e9ployer dans des zones difficiles d&#039;acc\u00e8s.<\/span><\/p>\n<\/li>\n<li>\n<p data-path-to-node=\"6,1,0\"><b><span class=\"citation-29\">Technologie SLAM haute pr\u00e9cision\u00a0:<\/span><\/b><span class=\"citation-29\"> Aliment\u00e9 par des technologies de pointe <\/span><b><span class=\"citation-29\">SLAM (localisation et cartographie simultan\u00e9es)<\/span><\/b><span class=\"citation-29\"> algorithmes et les <\/span><b><span class=\"citation-29\">Livox Mid-360<\/span><\/b><span class=\"citation-29 citation-end-29\"> Gr\u00e2ce \u00e0 son capteur laser, il capture des nuages de points 3D \u00e0 couverture compl\u00e8te avec une stabilit\u00e9 et une pr\u00e9cision \u00e9lev\u00e9es.<\/span><\/p>\n<\/li>\n<li>\n<p data-path-to-node=\"6,2,0\"><b>Polyvalence int\u00e9rieure et ext\u00e9rieure :<\/b><span class=\"citation-28\"> Il assure une acquisition de donn\u00e9es fiable et pr\u00e9cise dans les deux <\/span><b><span class=\"citation-28\">GNSS disponible<\/span><\/b><span class=\"citation-28\"> (GPS, GLONASS, Galileo, BDS) et <\/span><b><span class=\"citation-28\">GNSS refus\u00e9<\/span><\/b><span class=\"citation-28 citation-end-28\"> des environnements tels que les espaces int\u00e9rieurs, les parkings souterrains et les canyons urbains denses.<\/span><\/p>\n<\/li>\n<li>\n<p data-path-to-node=\"6,3,0\"><b>Haute pr\u00e9cision :<\/b><span class=\"citation-27 citation-end-27\"> Obtenez une qualit\u00e9 de mesure exceptionnelle avec une pr\u00e9cision relative de <\/span><span class=\"math-inline\" data-math=\"\\le 1 \\text{ cm}\">\u00a01 cm<\/span><span class=\"citation-26 citation-end-26\"> et une pr\u00e9cision absolue de<\/span><span class=\"math-inline\" data-math=\"\\le 5 \\text{ cm}\"> 5 cm<\/span><span class=\"citation-25 citation-end-25\">.<\/span><\/p>\n<\/li>\n<li>\n<p data-path-to-node=\"6,4,0\"><b>Imagerie int\u00e9gr\u00e9e\u00a0:<\/b><span class=\"citation-24\"> \u00c9quip\u00e9 de <\/span><b><span class=\"citation-24\">deux cam\u00e9ras de 20 MP<\/span><\/b><span class=\"citation-24 citation-end-24\"> qui capturent des images synchronis\u00e9es dans le temps avec un <\/span><span class=\"math-inline\" data-math=\"200^\\circ\">200\u00ba<\/span><span class=\"citation-23 citation-end-23\"> Champ de vision (FOV) pour cr\u00e9er des nuages de points coloris\u00e9s.<\/span><\/p>\n<\/li>\n<li>\n<p data-path-to-node=\"6,5,0\"><b>Modes de cartographie flexibles\u00a0:<\/b><span class=\"citation-22\"> Prend en charge plusieurs modes de fonctionnement, notamment <\/span><b><span class=\"citation-22\">SLAM, RTK-SLAM et PPK-SLAM<\/span><\/b><span class=\"citation-22 citation-end-22\"> pour une flexibilit\u00e9 et une efficacit\u00e9 maximales.<\/span><\/p>\n<\/li>\n<li>\n<p data-path-to-node=\"6,6,0\"><b><span class=\"citation-21\">Prise en charge multiplateforme\u00a0:<\/span><\/b><span class=\"citation-21\"> Bien que con\u00e7u comme un syst\u00e8me portatif, il peut \u00e9galement \u00eatre mont\u00e9 sur un <\/span><b><span class=\"citation-21\">sac \u00e0 dos<\/span><\/b><span class=\"citation-21\"> ou autres <\/span><b><span class=\"citation-21\">plateformes DIY<\/span><\/b><span class=\"citation-21 citation-end-21\"> pour r\u00e9pondre aux besoins des diff\u00e9rents projets.<\/span><\/p>\n<\/li>\n<\/ul>\n<h4><\/h4>\n<h4>Points saillants des sp\u00e9cifications techniques<\/h4>\n<table data-path-to-node=\"8\">\n<thead>\n<tr>\n<td><strong>Attribut<\/strong><\/td>\n<td><strong>D\u00e9tail<\/strong><\/td>\n<\/tr>\n<\/thead>\n<tbody>\n<tr>\n<td><span data-path-to-node=\"8,1,0,0\"><b>Poids<\/b><\/span><\/td>\n<td><span data-path-to-node=\"8,1,1,0\"><span class=\"math-inline\" data-math=\"1.0 \\text{ kg}\">1,0 kg<\/span><\/span><\/td>\n<\/tr>\n<tr>\n<td><span data-path-to-node=\"8,2,0,0\"><b>Dimensions<\/b><\/span><\/td>\n<td><span data-path-to-node=\"8,2,1,0\"><span class=\"math-inline\" data-math=\"16.5 \\times 12.0 \\times 32.4 \\text{ cm}\">16,5 x 12,0 x 32,4 cm<\/span><\/span><\/td>\n<\/tr>\n<tr>\n<td><span data-path-to-node=\"8,3,0,0\"><b>Pr\u00e9cision relative<\/b><\/span><\/td>\n<td><span data-path-to-node=\"8,3,1,0\"><span class=\"math-inline\" data-math=\"\\le 1 \\text{ cm}\">\u00a0\u00b1 1 cm<\/span><\/span><\/td>\n<\/tr>\n<tr>\n<td><span data-path-to-node=\"8,4,0,0\"><b>Pr\u00e9cision absolue<\/b><\/span><\/td>\n<td><span data-path-to-node=\"8,4,1,0\"><span class=\"math-inline\" data-math=\"\\le 5 \\text{ cm}\">\u00a0\u00b1 5 cm<\/span><\/span><\/td>\n<\/tr>\n<tr>\n<td><span data-path-to-node=\"8,5,0,0\"><b>Taux de points<\/b><\/span><\/td>\n<td><span data-path-to-node=\"8,5,1,0\"><span class=\"math-inline\" data-math=\"200,000 \\text{ points\/sec}\">200 000 points\/seconde<\/span>\u00a0(\u00c9cho unique)<\/span><\/td>\n<\/tr>\n<tr>\n<td><span data-path-to-node=\"8,6,0,0\"><b>M\u00e9thode de num\u00e9risation<\/b><\/span><\/td>\n<td><span data-path-to-node=\"8,6,1,0\">Num\u00e9risation non r\u00e9p\u00e9titive<\/span><\/td>\n<\/tr>\n<tr>\n<td><span data-path-to-node=\"8,7,0,0\"><b>Champ de vision horizontal<\/b><\/span><\/td>\n<td><span data-path-to-node=\"8,7,1,0\"><span class=\"math-inline\" data-math=\"360^\\circ\">360 \u00ba<\/span><\/span><\/td>\n<\/tr>\n<tr>\n<td><span data-path-to-node=\"8,8,0,0\"><b>Pixels de l&#039;appareil photo<\/b><\/span><\/td>\n<td><span data-path-to-node=\"8,8,1,0\"><span class=\"math-inline\" data-math=\"2 \\times 20 \\text{ MP}\">2 x 20 MP<\/span><\/span><\/td>\n<\/tr>\n<tr>\n<td><span data-path-to-node=\"8,9,0,0\"><b>Stockage<\/b><\/span><\/td>\n<td><span data-path-to-node=\"8,9,1,0\"><span class=\"math-inline\" data-math=\"128 \\text{ GB}\">128 Go <\/span>Carte microSD<\/span><\/td>\n<\/tr>\n<tr>\n<td><span data-path-to-node=\"8,10,0,0\"><b>Temp\u00e9rature de fonctionnement<\/b><\/span><\/td>\n<td><span data-path-to-node=\"8,10,1,0\"><span class=\"math-inline\" data-math=\"-20^\\circ \\text{C} \\text{ to } +55^\\circ \\text{C}\">-20 \u00b0C \u00e0 + 55 \u00b0C<\/span><\/span><\/td>\n<\/tr>\n<\/tbody>\n<\/table>\n<h3><\/h3>\n<h3>Applications id\u00e9ales<\/h3>\n<p data-path-to-node=\"10\">Le GS-200G est con\u00e7u pour une large gamme d&#039;applications professionnelles, notamment\u00a0:<\/p>\n<ul data-path-to-node=\"11\">\n<li>\n<p data-path-to-node=\"11,0,0\"><b>Arpentage et cartographie urbains<\/b><\/p>\n<\/li>\n<li>\n<p data-path-to-node=\"11,1,0\"><b><span class=\"citation-20\">Inspection des infrastructures<\/span><\/b><span class=\"citation-20 citation-end-20\"> (Ponts, tunnels, routes)<\/span><\/p>\n<\/li>\n<li>\n<p data-path-to-node=\"11,2,0\"><b><span class=\"citation-19\">Mod\u00e9lisation de jumeaux num\u00e9riques<\/span><\/b><span class=\"citation-19 citation-end-19\"> et gestion d&#039;actifs<\/span><\/p>\n<\/li>\n<li>\n<p data-path-to-node=\"11,3,0\"><b><span class=\"citation-18\">Cartographie int\u00e9rieure<\/span><\/b><span class=\"citation-18 citation-end-18\"> (Usines, b\u00e2timents, entrep\u00f4ts)<\/span><\/p>\n<\/li>\n<li>\n<p data-path-to-node=\"11,4,0\"><b>Lev\u00e9 topographique<\/b> et mesures de terrassement<\/p>\n<\/li>\n<li>\n<p data-path-to-node=\"11,5,0\"><b>Exploration des grottes et des milieux souterrains<\/b><\/p>\n<\/li>\n<\/ul>\n<p data-path-to-node=\"12\"><span class=\"citation-17\">Le Geosun GS-200G offre un \u00e9quilibre exceptionnel de <\/span><b><span class=\"citation-17\">co\u00fbt, performance et portabilit\u00e9<\/span><\/b><span class=\"citation-17 citation-end-17\">ce qui en fait le syst\u00e8me d&#039;entr\u00e9e de gamme ou secondaire id\u00e9al pour les professionnels modernes de la cartographie et des lev\u00e9s 3D.<\/span><\/p>","protected":false},"excerpt":{"rendered":"<p><span class=\"citation-32\">Le <\/span><b><span class=\"citation-32\">Geosun GS-200G<\/span><\/b><span class=\"citation-32 citation-end-32\"> est un syst\u00e8me LiDAR portable de nouvelle g\u00e9n\u00e9ration et haute performance, con\u00e7u pour apporter pr\u00e9cision et mobilit\u00e9 \u00e0 vos projets de cartographie.<\/span> <span class=\"citation-31 citation-end-31\">Gr\u00e2ce \u00e0 sa conception ultra-l\u00e9g\u00e8re et compacte, le GS-200G est l&#039;outil id\u00e9al pour les professionnels \u00e0 la recherche de donn\u00e9es de nuages de points 3D de haute pr\u00e9cision dans pratiquement n&#039;importe quel environnement.<\/span><\/p>","protected":false},"featured_media":23060,"comment_status":"open","ping_status":"closed","template":"","meta":[],"product_brand":[1280],"product_cat":[650,705],"product_tag":[651,1279,1313,653,401],"class_list":{"0":"post-23408","1":"product","2":"type-product","3":"status-publish","4":"has-post-thumbnail","6":"product_brand-geosun","7":"product_cat-geosun","8":"product_cat-sensors","9":"product_tag-geosun","10":"product_tag-geosun-slam","11":"product_tag-gs-200g","12":"product_tag-handheld-lidar-scanner","13":"product_tag-lidar","15":"first","16":"onbackorder","17":"taxable","18":"shipping-taxable","19":"product-type-simple"},"yoast_head":"<!-- This site is optimized with the Yoast SEO plugin v27.1.1 - https:\/\/yoast.com\/product\/yoast-seo-wordpress\/ -->\n<title>Geosun GS-200G - Ghostysky<\/title>\n<meta name=\"description\" content=\"The Geosun GS-200G is a next-generation, high-performance handheld LiDAR system designed to bring precision and mobility to your mapping projects. Featuring an ultra-lightweight and compact design, the GS-200G is the ideal tool for professionals seeking high-accuracy 3D point cloud data in virtually any environment.\" \/>\n<meta name=\"robots\" content=\"index, follow, max-snippet:-1, max-image-preview:large, max-video-preview:-1\" \/>\n<link rel=\"canonical\" href=\"https:\/\/www.ghostysky.com\/fr\/product\/geosun-gs-200g\/\" \/>\n<meta property=\"og:locale\" content=\"fr_FR\" \/>\n<meta property=\"og:type\" content=\"article\" \/>\n<meta property=\"og:title\" content=\"Geosun GS-200G - Ghostysky\" \/>\n<meta property=\"og:description\" content=\"The Geosun GS-200G is a next-generation, high-performance handheld LiDAR system designed to bring precision and mobility to your mapping projects. Featuring an ultra-lightweight and compact design, the GS-200G is the ideal tool for professionals seeking high-accuracy 3D point cloud data in virtually any environment.\" \/>\n<meta property=\"og:url\" content=\"https:\/\/www.ghostysky.com\/fr\/product\/geosun-gs-200g\/\" \/>\n<meta property=\"og:site_name\" content=\"Ghostysky\" \/>\n<meta property=\"article:publisher\" content=\"https:\/\/www.facebook.com\/people\/Ghostysky\/100057676170234\/\" \/>\n<meta property=\"article:modified_time\" content=\"2025-11-26T10:50:27+00:00\" \/>\n<meta property=\"og:image\" content=\"https:\/\/www.ghostysky.com\/wp-content\/uploads\/2025\/11\/GH_Geosun_GS200G_1.webp\" \/>\n\t<meta property=\"og:image:width\" content=\"800\" \/>\n\t<meta property=\"og:image:height\" content=\"800\" \/>\n\t<meta property=\"og:image:type\" content=\"image\/webp\" \/>\n<meta name=\"twitter:card\" content=\"summary_large_image\" \/>\n<meta name=\"twitter:site\" content=\"@Gh0stysky\" \/>\n<meta name=\"twitter:label1\" content=\"Dur\u00e9e de lecture estim\u00e9e\" \/>\n\t<meta name=\"twitter:data1\" content=\"2 minutes\" \/>\n<script type=\"application\/ld+json\" class=\"yoast-schema-graph\">{\"@context\":\"https:\/\/schema.org\",\"@graph\":[{\"@type\":\"WebPage\",\"@id\":\"https:\/\/www.ghostysky.com\/product\/geosun-gs-200g\/\",\"url\":\"https:\/\/www.ghostysky.com\/product\/geosun-gs-200g\/\",\"name\":\"Geosun GS-200G - Ghostysky\",\"isPartOf\":{\"@id\":\"https:\/\/www.ghostysky.com\/#website\"},\"primaryImageOfPage\":{\"@id\":\"https:\/\/www.ghostysky.com\/product\/geosun-gs-200g\/#primaryimage\"},\"image\":{\"@id\":\"https:\/\/www.ghostysky.com\/product\/geosun-gs-200g\/#primaryimage\"},\"thumbnailUrl\":\"https:\/\/www.ghostysky.com\/wp-content\/uploads\/2025\/11\/GH_Geosun_GS200G_1.webp\",\"datePublished\":\"2025-11-26T10:50:08+00:00\",\"dateModified\":\"2025-11-26T10:50:27+00:00\",\"description\":\"The Geosun GS-200G is a next-generation, high-performance handheld LiDAR system designed to bring precision and mobility to your mapping projects. Featuring an ultra-lightweight and compact design, the GS-200G is the ideal tool for professionals seeking high-accuracy 3D point cloud data in virtually any environment.\",\"breadcrumb\":{\"@id\":\"https:\/\/www.ghostysky.com\/product\/geosun-gs-200g\/#breadcrumb\"},\"inLanguage\":\"fr-FR\",\"potentialAction\":[{\"@type\":\"ReadAction\",\"target\":[\"https:\/\/www.ghostysky.com\/product\/geosun-gs-200g\/\"]}]},{\"@type\":\"ImageObject\",\"inLanguage\":\"fr-FR\",\"@id\":\"https:\/\/www.ghostysky.com\/product\/geosun-gs-200g\/#primaryimage\",\"url\":\"https:\/\/www.ghostysky.com\/wp-content\/uploads\/2025\/11\/GH_Geosun_GS200G_1.webp\",\"contentUrl\":\"https:\/\/www.ghostysky.com\/wp-content\/uploads\/2025\/11\/GH_Geosun_GS200G_1.webp\",\"width\":800,\"height\":800},{\"@type\":\"BreadcrumbList\",\"@id\":\"https:\/\/www.ghostysky.com\/product\/geosun-gs-200g\/#breadcrumb\",\"itemListElement\":[{\"@type\":\"ListItem\",\"position\":1,\"name\":\"Home\",\"item\":\"https:\/\/www.ghostysky.com\/\"},{\"@type\":\"ListItem\",\"position\":2,\"name\":\"Shop\",\"item\":\"https:\/\/www.ghostysky.com\/shop\/\"},{\"@type\":\"ListItem\",\"position\":3,\"name\":\"Geosun GS-200G\"}]},{\"@type\":\"WebSite\",\"@id\":\"https:\/\/www.ghostysky.com\/#website\",\"url\":\"https:\/\/www.ghostysky.com\/\",\"name\":\"Ghostysky\",\"description\":\"Delivering professional drones and services\",\"publisher\":{\"@id\":\"https:\/\/www.ghostysky.com\/#organization\"},\"potentialAction\":[{\"@type\":\"SearchAction\",\"target\":{\"@type\":\"EntryPoint\",\"urlTemplate\":\"https:\/\/www.ghostysky.com\/?s={search_term_string}\"},\"query-input\":{\"@type\":\"PropertyValueSpecification\",\"valueRequired\":true,\"valueName\":\"search_term_string\"}}],\"inLanguage\":\"fr-FR\"},{\"@type\":\"Organization\",\"@id\":\"https:\/\/www.ghostysky.com\/#organization\",\"name\":\"Ghostysky\",\"url\":\"https:\/\/www.ghostysky.com\/\",\"logo\":{\"@type\":\"ImageObject\",\"inLanguage\":\"fr-FR\",\"@id\":\"https:\/\/www.ghostysky.com\/#\/schema\/logo\/image\/\",\"url\":\"https:\/\/www.ghostysky.com\/wp-content\/uploads\/2020\/06\/cropped-ghostyskylogo_text_white2.png\",\"contentUrl\":\"https:\/\/www.ghostysky.com\/wp-content\/uploads\/2020\/06\/cropped-ghostyskylogo_text_white2.png\",\"width\":169,\"height\":56,\"caption\":\"Ghostysky\"},\"image\":{\"@id\":\"https:\/\/www.ghostysky.com\/#\/schema\/logo\/image\/\"},\"sameAs\":[\"https:\/\/www.facebook.com\/people\/Ghostysky\/100057676170234\/\",\"https:\/\/x.com\/Gh0stysky\",\"https:\/\/www.linkedin.com\/company\/34739653\",\"https:\/\/www.instagram.com\/gh0stysky\"]}]}<\/script>\n<!-- \/ Yoast SEO plugin. -->","yoast_head_json":{"title":"Geosun GS-200G - Ghostysky","description":"Le Geosun GS-200G est un syst\u00e8me LiDAR portable nouvelle g\u00e9n\u00e9ration haute performance, con\u00e7u pour apporter pr\u00e9cision et mobilit\u00e9 \u00e0 vos projets de cartographie. Gr\u00e2ce \u00e0 sa conception ultra-l\u00e9g\u00e8re et compacte, le GS-200G est l&#039;outil id\u00e9al pour les professionnels recherchant des donn\u00e9es de nuages de points 3D de haute pr\u00e9cision dans pratiquement tous les environnements.","robots":{"index":"index","follow":"follow","max-snippet":"max-snippet:-1","max-image-preview":"max-image-preview:large","max-video-preview":"max-video-preview:-1"},"canonical":"https:\/\/www.ghostysky.com\/fr\/product\/geosun-gs-200g\/","og_locale":"fr_FR","og_type":"article","og_title":"Geosun GS-200G - Ghostysky","og_description":"The Geosun GS-200G is a next-generation, high-performance handheld LiDAR system designed to bring precision and mobility to your mapping projects. Featuring an ultra-lightweight and compact design, the GS-200G is the ideal tool for professionals seeking high-accuracy 3D point cloud data in virtually any environment.","og_url":"https:\/\/www.ghostysky.com\/fr\/product\/geosun-gs-200g\/","og_site_name":"Ghostysky","article_publisher":"https:\/\/www.facebook.com\/people\/Ghostysky\/100057676170234\/","article_modified_time":"2025-11-26T10:50:27+00:00","og_image":[{"width":800,"height":800,"url":"https:\/\/www.ghostysky.com\/wp-content\/uploads\/2025\/11\/GH_Geosun_GS200G_1.webp","type":"image\/webp"}],"twitter_card":"summary_large_image","twitter_site":"@Gh0stysky","twitter_misc":{"Dur\u00e9e de lecture estim\u00e9e":"2 minutes"},"schema":{"@context":"https:\/\/schema.org","@graph":[{"@type":"WebPage","@id":"https:\/\/www.ghostysky.com\/product\/geosun-gs-200g\/","url":"https:\/\/www.ghostysky.com\/product\/geosun-gs-200g\/","name":"Geosun GS-200G - Ghostysky","isPartOf":{"@id":"https:\/\/www.ghostysky.com\/#website"},"primaryImageOfPage":{"@id":"https:\/\/www.ghostysky.com\/product\/geosun-gs-200g\/#primaryimage"},"image":{"@id":"https:\/\/www.ghostysky.com\/product\/geosun-gs-200g\/#primaryimage"},"thumbnailUrl":"https:\/\/www.ghostysky.com\/wp-content\/uploads\/2025\/11\/GH_Geosun_GS200G_1.webp","datePublished":"2025-11-26T10:50:08+00:00","dateModified":"2025-11-26T10:50:27+00:00","description":"Le Geosun GS-200G est un syst\u00e8me LiDAR portable nouvelle g\u00e9n\u00e9ration haute performance, con\u00e7u pour apporter pr\u00e9cision et mobilit\u00e9 \u00e0 vos projets de cartographie. Gr\u00e2ce \u00e0 sa conception ultra-l\u00e9g\u00e8re et compacte, le GS-200G est l&#039;outil id\u00e9al pour les professionnels recherchant des donn\u00e9es de nuages de points 3D de haute pr\u00e9cision dans pratiquement tous les environnements.","breadcrumb":{"@id":"https:\/\/www.ghostysky.com\/product\/geosun-gs-200g\/#breadcrumb"},"inLanguage":"fr-FR","potentialAction":[{"@type":"ReadAction","target":["https:\/\/www.ghostysky.com\/product\/geosun-gs-200g\/"]}]},{"@type":"ImageObject","inLanguage":"fr-FR","@id":"https:\/\/www.ghostysky.com\/product\/geosun-gs-200g\/#primaryimage","url":"https:\/\/www.ghostysky.com\/wp-content\/uploads\/2025\/11\/GH_Geosun_GS200G_1.webp","contentUrl":"https:\/\/www.ghostysky.com\/wp-content\/uploads\/2025\/11\/GH_Geosun_GS200G_1.webp","width":800,"height":800},{"@type":"BreadcrumbList","@id":"https:\/\/www.ghostysky.com\/product\/geosun-gs-200g\/#breadcrumb","itemListElement":[{"@type":"ListItem","position":1,"name":"Home","item":"https:\/\/www.ghostysky.com\/"},{"@type":"ListItem","position":2,"name":"Shop","item":"https:\/\/www.ghostysky.com\/shop\/"},{"@type":"ListItem","position":3,"name":"Geosun GS-200G"}]},{"@type":"WebSite","@id":"https:\/\/www.ghostysky.com\/#website","url":"https:\/\/www.ghostysky.com\/","name":"Ghostysky","description":"Livraison de drones et de services professionnels","publisher":{"@id":"https:\/\/www.ghostysky.com\/#organization"},"potentialAction":[{"@type":"SearchAction","target":{"@type":"EntryPoint","urlTemplate":"https:\/\/www.ghostysky.com\/?s={search_term_string}"},"query-input":{"@type":"PropertyValueSpecification","valueRequired":true,"valueName":"search_term_string"}}],"inLanguage":"fr-FR"},{"@type":"Organization","@id":"https:\/\/www.ghostysky.com\/#organization","name":"Ghostysky","url":"https:\/\/www.ghostysky.com\/","logo":{"@type":"ImageObject","inLanguage":"fr-FR","@id":"https:\/\/www.ghostysky.com\/#\/schema\/logo\/image\/","url":"https:\/\/www.ghostysky.com\/wp-content\/uploads\/2020\/06\/cropped-ghostyskylogo_text_white2.png","contentUrl":"https:\/\/www.ghostysky.com\/wp-content\/uploads\/2020\/06\/cropped-ghostyskylogo_text_white2.png","width":169,"height":56,"caption":"Ghostysky"},"image":{"@id":"https:\/\/www.ghostysky.com\/#\/schema\/logo\/image\/"},"sameAs":["https:\/\/www.facebook.com\/people\/Ghostysky\/100057676170234\/","https:\/\/x.com\/Gh0stysky","https:\/\/www.linkedin.com\/company\/34739653","https:\/\/www.instagram.com\/gh0stysky"]}]}},"_links":{"self":[{"href":"https:\/\/www.ghostysky.com\/fr\/wp-json\/wp\/v2\/product\/23408","targetHints":{"allow":["GET"]}}],"collection":[{"href":"https:\/\/www.ghostysky.com\/fr\/wp-json\/wp\/v2\/product"}],"about":[{"href":"https:\/\/www.ghostysky.com\/fr\/wp-json\/wp\/v2\/types\/product"}],"replies":[{"embeddable":true,"href":"https:\/\/www.ghostysky.com\/fr\/wp-json\/wp\/v2\/comments?post=23408"}],"wp:featuredmedia":[{"embeddable":true,"href":"https:\/\/www.ghostysky.com\/fr\/wp-json\/wp\/v2\/media\/23060"}],"wp:attachment":[{"href":"https:\/\/www.ghostysky.com\/fr\/wp-json\/wp\/v2\/media?parent=23408"}],"wp:term":[{"taxonomy":"product_brand","embeddable":true,"href":"https:\/\/www.ghostysky.com\/fr\/wp-json\/wp\/v2\/product_brand?post=23408"},{"taxonomy":"product_cat","embeddable":true,"href":"https:\/\/www.ghostysky.com\/fr\/wp-json\/wp\/v2\/product_cat?post=23408"},{"taxonomy":"product_tag","embeddable":true,"href":"https:\/\/www.ghostysky.com\/fr\/wp-json\/wp\/v2\/product_tag?post=23408"}],"curies":[{"name":"wp","href":"https:\/\/api.w.org\/{rel}","templated":true}]}}