{"id":2346,"date":"2021-08-15T09:41:14","date_gmt":"2021-08-15T09:41:14","guid":{"rendered":"https:\/\/www.ghostysky.com\/?post_type=product&#038;p=2346"},"modified":"2023-05-23T20:39:15","modified_gmt":"2023-05-23T20:39:15","slug":"wingtra-sony-a6100-payload-kit","status":"publish","type":"product","link":"https:\/\/www.ghostysky.com\/fr\/product\/wingtra-sony-a6100-payload-kit\/","title":{"rendered":"Kit de charge utile Wingtra Sony a6100"},"content":{"rendered":"<div class=\"elementor-element elementor-element-d8ed8ac elementor-widget elementor-widget-heading\" data-id=\"d8ed8ac\" data-element_type=\"widget\" data-widget_type=\"heading.default\">\n<div class=\"elementor-widget-container\"><\/div>\n<\/div>\n<div class=\"elementor-element elementor-element-fb63b0b elementor-widget elementor-widget-text-editor\" data-id=\"fb63b0b\" data-element_type=\"widget\" data-widget_type=\"text-editor.default\">\n<div class=\"elementor-widget-container\">\n<div class=\"elementor-text-editor elementor-clearfix\">\n<p>L&#039;appareil photo Sony a6100 vous permet de collecter des donn\u00e9es a\u00e9riennes et une excellente qualit\u00e9 d&#039;image \u00e0 une distance d&#039;\u00e9chantillonnage au sol allant jusqu&#039;\u00e0 1,2 cm (0,47 pouce).<\/p>\n<ul>\n<li>Type de capteur \u2013 APS-C<\/li>\n<li>R\u00e9solution \u2013 24MP<\/li>\n<li>GSD le plus bas \u2013 1,2 cm\/px<\/li>\n<li>Couverture \u00e0 120 m 240 ha** \u00e0 2,4 cm\/px GSD<\/li>\n<li>Pr\u00e9cision horizontale absolue jusqu&#039;\u00e0 2 cm* sans GCP<\/li>\n<li>Pr\u00e9cision verticale absolue jusqu&#039;\u00e0 4 cm* sans GCP<\/li>\n<\/ul>\n<\/div>\n<\/div>\n<\/div>","protected":false},"excerpt":{"rendered":"<p><strong>L&#039;appareil photo a6100 de Sony offre la meilleure combinaison de pr\u00e9cision et de couverture \u00e0 un prix abordable.<\/strong><\/p>\n<hr \/>","protected":false},"featured_media":2910,"comment_status":"open","ping_status":"closed","template":"","meta":[],"product_brand":[],"product_cat":[167,36],"product_tag":[166,62,72,165,39,40],"class_list":{"0":"post-2346","1":"product","2":"type-product","3":"status-publish","4":"has-post-thumbnail","6":"product_cat-sensors-wingtraone","7":"product_cat-wingtraone","8":"product_tag-a6100","9":"product_tag-camera","10":"product_tag-rgb-camera","11":"product_tag-sony-a6100","12":"product_tag-wingtra","13":"product_tag-wingtraone","15":"first","16":"instock","17":"taxable","18":"shipping-taxable","19":"product-type-simple"},"yoast_head":"<!-- This site is optimized with the Yoast SEO plugin v27.4 - https:\/\/yoast.com\/product\/yoast-seo-wordpress\/ -->\n<title>Wingtra Sony a6100 payload kit -<\/title>\n<meta name=\"description\" content=\"WingtraOne Sony a6100 payload - The a6100 camera from Sony offers the best combination of accuracy and coverage for an affordable price.\" \/>\n<meta name=\"robots\" content=\"index, follow, max-snippet:-1, max-image-preview:large, max-video-preview:-1\" \/>\n<link rel=\"canonical\" href=\"https:\/\/www.ghostysky.com\/fr\/product\/wingtra-sony-a6100-payload-kit\/\" \/>\n<meta property=\"og:locale\" content=\"fr_FR\" \/>\n<meta property=\"og:type\" content=\"article\" \/>\n<meta property=\"og:title\" content=\"Wingtra Sony a6100 payload kit -\" \/>\n<meta property=\"og:description\" content=\"WingtraOne Sony a6100 payload - The a6100 camera from Sony offers the best combination of accuracy and coverage for an affordable price.\" \/>\n<meta property=\"og:url\" content=\"https:\/\/www.ghostysky.com\/fr\/product\/wingtra-sony-a6100-payload-kit\/\" \/>\n<meta property=\"og:site_name\" content=\"Ghostysky\" \/>\n<meta property=\"article:publisher\" content=\"https:\/\/www.facebook.com\/people\/Ghostysky\/100057676170234\/\" \/>\n<meta property=\"article:modified_time\" content=\"2023-05-23T20:39:15+00:00\" \/>\n<meta property=\"og:image\" content=\"https:\/\/www.ghostysky.com\/wp-content\/uploads\/2021\/08\/WingtraOneGenII-Sony-Alpha-6100_I-1.jpg\" \/>\n\t<meta property=\"og:image:width\" content=\"451\" \/>\n\t<meta property=\"og:image:height\" content=\"451\" \/>\n\t<meta property=\"og:image:type\" content=\"image\/jpeg\" \/>\n<meta name=\"twitter:card\" content=\"summary_large_image\" \/>\n<meta name=\"twitter:site\" content=\"@Gh0stysky\" \/>\n<meta name=\"twitter:label1\" content=\"Dur\u00e9e de lecture estim\u00e9e\" \/>\n\t<meta name=\"twitter:data1\" content=\"1 minute\" \/>\n<script type=\"application\/ld+json\" class=\"yoast-schema-graph\">{\"@context\":\"https:\\\/\\\/schema.org\",\"@graph\":[{\"@type\":\"WebPage\",\"@id\":\"https:\\\/\\\/www.ghostysky.com\\\/product\\\/wingtra-sony-a6100-payload-kit\\\/\",\"url\":\"https:\\\/\\\/www.ghostysky.com\\\/product\\\/wingtra-sony-a6100-payload-kit\\\/\",\"name\":\"Wingtra Sony a6100 payload kit -\",\"isPartOf\":{\"@id\":\"https:\\\/\\\/www.ghostysky.com\\\/#website\"},\"primaryImageOfPage\":{\"@id\":\"https:\\\/\\\/www.ghostysky.com\\\/product\\\/wingtra-sony-a6100-payload-kit\\\/#primaryimage\"},\"image\":{\"@id\":\"https:\\\/\\\/www.ghostysky.com\\\/product\\\/wingtra-sony-a6100-payload-kit\\\/#primaryimage\"},\"thumbnailUrl\":\"https:\\\/\\\/www.ghostysky.com\\\/wp-content\\\/uploads\\\/2021\\\/08\\\/WingtraOneGenII-Sony-Alpha-6100_I-1.jpg\",\"datePublished\":\"2021-08-15T09:41:14+00:00\",\"dateModified\":\"2023-05-23T20:39:15+00:00\",\"description\":\"WingtraOne Sony a6100 payload - The a6100 camera from Sony offers the best combination of accuracy and coverage for an affordable price.\",\"breadcrumb\":{\"@id\":\"https:\\\/\\\/www.ghostysky.com\\\/product\\\/wingtra-sony-a6100-payload-kit\\\/#breadcrumb\"},\"inLanguage\":\"fr-FR\",\"potentialAction\":[{\"@type\":\"ReadAction\",\"target\":[\"https:\\\/\\\/www.ghostysky.com\\\/product\\\/wingtra-sony-a6100-payload-kit\\\/\"]}]},{\"@type\":\"ImageObject\",\"inLanguage\":\"fr-FR\",\"@id\":\"https:\\\/\\\/www.ghostysky.com\\\/product\\\/wingtra-sony-a6100-payload-kit\\\/#primaryimage\",\"url\":\"https:\\\/\\\/www.ghostysky.com\\\/wp-content\\\/uploads\\\/2021\\\/08\\\/WingtraOneGenII-Sony-Alpha-6100_I-1.jpg\",\"contentUrl\":\"https:\\\/\\\/www.ghostysky.com\\\/wp-content\\\/uploads\\\/2021\\\/08\\\/WingtraOneGenII-Sony-Alpha-6100_I-1.jpg\",\"width\":451,\"height\":451},{\"@type\":\"BreadcrumbList\",\"@id\":\"https:\\\/\\\/www.ghostysky.com\\\/product\\\/wingtra-sony-a6100-payload-kit\\\/#breadcrumb\",\"itemListElement\":[{\"@type\":\"ListItem\",\"position\":1,\"name\":\"Home\",\"item\":\"https:\\\/\\\/www.ghostysky.com\\\/\"},{\"@type\":\"ListItem\",\"position\":2,\"name\":\"Shop\",\"item\":\"https:\\\/\\\/www.ghostysky.com\\\/shop\\\/\"},{\"@type\":\"ListItem\",\"position\":3,\"name\":\"Wingtra Sony a6100 payload kit\"}]},{\"@type\":\"WebSite\",\"@id\":\"https:\\\/\\\/www.ghostysky.com\\\/#website\",\"url\":\"https:\\\/\\\/www.ghostysky.com\\\/\",\"name\":\"Ghostysky\",\"description\":\"Delivering professional drones and services\",\"publisher\":{\"@id\":\"https:\\\/\\\/www.ghostysky.com\\\/#organization\"},\"potentialAction\":[{\"@type\":\"SearchAction\",\"target\":{\"@type\":\"EntryPoint\",\"urlTemplate\":\"https:\\\/\\\/www.ghostysky.com\\\/?s={search_term_string}\"},\"query-input\":{\"@type\":\"PropertyValueSpecification\",\"valueRequired\":true,\"valueName\":\"search_term_string\"}}],\"inLanguage\":\"fr-FR\"},{\"@type\":\"Organization\",\"@id\":\"https:\\\/\\\/www.ghostysky.com\\\/#organization\",\"name\":\"Ghostysky\",\"url\":\"https:\\\/\\\/www.ghostysky.com\\\/\",\"logo\":{\"@type\":\"ImageObject\",\"inLanguage\":\"fr-FR\",\"@id\":\"https:\\\/\\\/www.ghostysky.com\\\/#\\\/schema\\\/logo\\\/image\\\/\",\"url\":\"https:\\\/\\\/www.ghostysky.com\\\/wp-content\\\/uploads\\\/2020\\\/06\\\/cropped-ghostyskylogo_text_white2.png\",\"contentUrl\":\"https:\\\/\\\/www.ghostysky.com\\\/wp-content\\\/uploads\\\/2020\\\/06\\\/cropped-ghostyskylogo_text_white2.png\",\"width\":169,\"height\":56,\"caption\":\"Ghostysky\"},\"image\":{\"@id\":\"https:\\\/\\\/www.ghostysky.com\\\/#\\\/schema\\\/logo\\\/image\\\/\"},\"sameAs\":[\"https:\\\/\\\/www.facebook.com\\\/people\\\/Ghostysky\\\/100057676170234\\\/\",\"https:\\\/\\\/x.com\\\/Gh0stysky\",\"https:\\\/\\\/www.linkedin.com\\\/company\\\/34739653\",\"https:\\\/\\\/www.instagram.com\\\/gh0stysky\"]}]}<\/script>\n<!-- \/ Yoast SEO plugin. -->","yoast_head_json":{"title":"Kit de charge utile Wingtra Sony a6100 -","description":"Charge utile WingtraOne Sony a6100 - La cam\u00e9ra a6100 de Sony offre la meilleure combinaison de pr\u00e9cision et de couverture \u00e0 un prix abordable.","robots":{"index":"index","follow":"follow","max-snippet":"max-snippet:-1","max-image-preview":"max-image-preview:large","max-video-preview":"max-video-preview:-1"},"canonical":"https:\/\/www.ghostysky.com\/fr\/product\/wingtra-sony-a6100-payload-kit\/","og_locale":"fr_FR","og_type":"article","og_title":"Wingtra Sony a6100 payload kit -","og_description":"WingtraOne Sony a6100 payload - The a6100 camera from Sony offers the best combination of accuracy and coverage for an affordable price.","og_url":"https:\/\/www.ghostysky.com\/fr\/product\/wingtra-sony-a6100-payload-kit\/","og_site_name":"Ghostysky","article_publisher":"https:\/\/www.facebook.com\/people\/Ghostysky\/100057676170234\/","article_modified_time":"2023-05-23T20:39:15+00:00","og_image":[{"width":451,"height":451,"url":"https:\/\/www.ghostysky.com\/wp-content\/uploads\/2021\/08\/WingtraOneGenII-Sony-Alpha-6100_I-1.jpg","type":"image\/jpeg"}],"twitter_card":"summary_large_image","twitter_site":"@Gh0stysky","twitter_misc":{"Dur\u00e9e de lecture estim\u00e9e":"1 minute"},"schema":{"@context":"https:\/\/schema.org","@graph":[{"@type":"WebPage","@id":"https:\/\/www.ghostysky.com\/product\/wingtra-sony-a6100-payload-kit\/","url":"https:\/\/www.ghostysky.com\/product\/wingtra-sony-a6100-payload-kit\/","name":"Kit de charge utile Wingtra Sony a6100 -","isPartOf":{"@id":"https:\/\/www.ghostysky.com\/#website"},"primaryImageOfPage":{"@id":"https:\/\/www.ghostysky.com\/product\/wingtra-sony-a6100-payload-kit\/#primaryimage"},"image":{"@id":"https:\/\/www.ghostysky.com\/product\/wingtra-sony-a6100-payload-kit\/#primaryimage"},"thumbnailUrl":"https:\/\/www.ghostysky.com\/wp-content\/uploads\/2021\/08\/WingtraOneGenII-Sony-Alpha-6100_I-1.jpg","datePublished":"2021-08-15T09:41:14+00:00","dateModified":"2023-05-23T20:39:15+00:00","description":"Charge utile WingtraOne Sony a6100 - La cam\u00e9ra a6100 de Sony offre la meilleure combinaison de pr\u00e9cision et de couverture \u00e0 un prix abordable.","breadcrumb":{"@id":"https:\/\/www.ghostysky.com\/product\/wingtra-sony-a6100-payload-kit\/#breadcrumb"},"inLanguage":"fr-FR","potentialAction":[{"@type":"ReadAction","target":["https:\/\/www.ghostysky.com\/product\/wingtra-sony-a6100-payload-kit\/"]}]},{"@type":"ImageObject","inLanguage":"fr-FR","@id":"https:\/\/www.ghostysky.com\/product\/wingtra-sony-a6100-payload-kit\/#primaryimage","url":"https:\/\/www.ghostysky.com\/wp-content\/uploads\/2021\/08\/WingtraOneGenII-Sony-Alpha-6100_I-1.jpg","contentUrl":"https:\/\/www.ghostysky.com\/wp-content\/uploads\/2021\/08\/WingtraOneGenII-Sony-Alpha-6100_I-1.jpg","width":451,"height":451},{"@type":"BreadcrumbList","@id":"https:\/\/www.ghostysky.com\/product\/wingtra-sony-a6100-payload-kit\/#breadcrumb","itemListElement":[{"@type":"ListItem","position":1,"name":"Home","item":"https:\/\/www.ghostysky.com\/"},{"@type":"ListItem","position":2,"name":"Shop","item":"https:\/\/www.ghostysky.com\/shop\/"},{"@type":"ListItem","position":3,"name":"Wingtra Sony a6100 payload kit"}]},{"@type":"WebSite","@id":"https:\/\/www.ghostysky.com\/#website","url":"https:\/\/www.ghostysky.com\/","name":"Ghostysky","description":"Livraison de drones et de services professionnels","publisher":{"@id":"https:\/\/www.ghostysky.com\/#organization"},"potentialAction":[{"@type":"SearchAction","target":{"@type":"EntryPoint","urlTemplate":"https:\/\/www.ghostysky.com\/?s={search_term_string}"},"query-input":{"@type":"PropertyValueSpecification","valueRequired":true,"valueName":"search_term_string"}}],"inLanguage":"fr-FR"},{"@type":"Organization","@id":"https:\/\/www.ghostysky.com\/#organization","name":"Ghostysky","url":"https:\/\/www.ghostysky.com\/","logo":{"@type":"ImageObject","inLanguage":"fr-FR","@id":"https:\/\/www.ghostysky.com\/#\/schema\/logo\/image\/","url":"https:\/\/www.ghostysky.com\/wp-content\/uploads\/2020\/06\/cropped-ghostyskylogo_text_white2.png","contentUrl":"https:\/\/www.ghostysky.com\/wp-content\/uploads\/2020\/06\/cropped-ghostyskylogo_text_white2.png","width":169,"height":56,"caption":"Ghostysky"},"image":{"@id":"https:\/\/www.ghostysky.com\/#\/schema\/logo\/image\/"},"sameAs":["https:\/\/www.facebook.com\/people\/Ghostysky\/100057676170234\/","https:\/\/x.com\/Gh0stysky","https:\/\/www.linkedin.com\/company\/34739653","https:\/\/www.instagram.com\/gh0stysky"]}]}},"_links":{"self":[{"href":"https:\/\/www.ghostysky.com\/fr\/wp-json\/wp\/v2\/product\/2346","targetHints":{"allow":["GET"]}}],"collection":[{"href":"https:\/\/www.ghostysky.com\/fr\/wp-json\/wp\/v2\/product"}],"about":[{"href":"https:\/\/www.ghostysky.com\/fr\/wp-json\/wp\/v2\/types\/product"}],"replies":[{"embeddable":true,"href":"https:\/\/www.ghostysky.com\/fr\/wp-json\/wp\/v2\/comments?post=2346"}],"version-history":[{"count":0,"href":"https:\/\/www.ghostysky.com\/fr\/wp-json\/wp\/v2\/product\/2346\/revisions"}],"wp:featuredmedia":[{"embeddable":true,"href":"https:\/\/www.ghostysky.com\/fr\/wp-json\/wp\/v2\/media\/2910"}],"wp:attachment":[{"href":"https:\/\/www.ghostysky.com\/fr\/wp-json\/wp\/v2\/media?parent=2346"}],"wp:term":[{"taxonomy":"product_brand","embeddable":true,"href":"https:\/\/www.ghostysky.com\/fr\/wp-json\/wp\/v2\/product_brand?post=2346"},{"taxonomy":"product_cat","embeddable":true,"href":"https:\/\/www.ghostysky.com\/fr\/wp-json\/wp\/v2\/product_cat?post=2346"},{"taxonomy":"product_tag","embeddable":true,"href":"https:\/\/www.ghostysky.com\/fr\/wp-json\/wp\/v2\/product_tag?post=2346"}],"curies":[{"name":"wp","href":"https:\/\/api.w.org\/{rel}","templated":true}]}}