{"id":2348,"date":"2021-08-15T09:51:24","date_gmt":"2021-08-15T09:51:24","guid":{"rendered":"https:\/\/www.ghostysky.com\/?post_type=product&#038;p=2348"},"modified":"2023-12-22T01:11:06","modified_gmt":"2023-12-22T01:11:06","slug":"wingtra-oblique-sony-a6100-payload-kit","status":"publish","type":"product","link":"https:\/\/www.ghostysky.com\/fr\/product\/wingtra-oblique-sony-a6100-payload-kit\/","title":{"rendered":"Kit de charge utile Wingtra Oblique Sony a6100"},"content":{"rendered":"<div class=\"elementor-element elementor-element-d8ed8ac elementor-widget elementor-widget-heading\" data-id=\"d8ed8ac\" data-element_type=\"widget\" data-widget_type=\"heading.default\">\n<div class=\"elementor-widget-container\"><\/div>\n<\/div>\n<div class=\"elementor-element elementor-element-fb63b0b elementor-widget elementor-widget-text-editor\" data-id=\"fb63b0b\" data-element_type=\"widget\" data-widget_type=\"text-editor.default\">\n<div class=\"elementor-widget-container\">\n<div class=\"elementor-text-editor elementor-clearfix\">\n<p><strong>Optimis\u00e9 pour la 3D<\/strong><br \/>\nLa solution oblique de WingtraOne avec la cam\u00e9ra \u00e0 d\u00e9clenchement rapide \u02516100 et l&#039;optique grand angle de 12 mm dans un support inclin\u00e9 constitue la solution optimale pour cartographier des structures 3D, des b\u00e2timents individuels aux villes \u00e0 grande \u00e9chelle.<\/p>\n<ul>\n<li>Type de capteur \u2013 24MP APS-C<\/li>\n<li>GSD le plus bas \u2013 1,6 cm\/px<\/li>\n<li>Couverture \u00e0 120 m 180 ha \u00e0 3,9 cm\/px GSD*<\/li>\n<li>Pr\u00e9cision horizontale absolue jusqu&#039;\u00e0 2 cm** Sans GCP<\/li>\n<li>Champ de vision horizontal 90\u00b0 (-45\u00b0\u202645\u00b0)<\/li>\n<li>Champ de vision vertical 66\u00b0 (-18\u00b0 \u2026 48\u00b0) inclin\u00e9 vers l&#039;avant<\/li>\n<\/ul>\n<\/div>\n<\/div>\n<\/div>","protected":false},"excerpt":{"rendered":"<p><strong>Optimis\u00e9 pour cartographier les structures verticales, l&#039;Oblique Sony \u02516100 vous permet de g\u00e9n\u00e9rer des maillages 3D haute r\u00e9solution avec une pr\u00e9cision absolue au centim\u00e8tre pr\u00e8s.<\/strong><\/p>\n<hr \/>","protected":false},"featured_media":2917,"comment_status":"open","ping_status":"closed","template":"","meta":[],"product_brand":[],"product_cat":[167,36],"product_tag":[166,62,72,165,39,40],"class_list":{"0":"post-2348","1":"product","2":"type-product","3":"status-publish","4":"has-post-thumbnail","6":"product_cat-sensors-wingtraone","7":"product_cat-wingtraone","8":"product_tag-a6100","9":"product_tag-camera","10":"product_tag-rgb-camera","11":"product_tag-sony-a6100","12":"product_tag-wingtra","13":"product_tag-wingtraone","15":"first","16":"instock","17":"taxable","18":"shipping-taxable","19":"product-type-simple"},"yoast_head":"<!-- This site is optimized with the Yoast SEO plugin v27.4 - https:\/\/yoast.com\/product\/yoast-seo-wordpress\/ -->\n<title>Wingtra Oblique Sony a6100 payload kit -<\/title>\n<meta name=\"description\" content=\"Optimized to map vertical structures, the Oblique Sony \u02516100 allows you to generate high-resolution 3D meshes with centimeter-level absolute accuracy.\" \/>\n<meta name=\"robots\" content=\"index, follow, max-snippet:-1, max-image-preview:large, max-video-preview:-1\" \/>\n<link rel=\"canonical\" href=\"https:\/\/www.ghostysky.com\/fr\/product\/wingtra-oblique-sony-a6100-payload-kit\/\" \/>\n<meta property=\"og:locale\" content=\"fr_FR\" \/>\n<meta property=\"og:type\" content=\"article\" \/>\n<meta property=\"og:title\" content=\"Wingtra Oblique Sony a6100 payload kit -\" \/>\n<meta property=\"og:description\" content=\"Optimized to map vertical structures, the Oblique Sony \u02516100 allows you to generate high-resolution 3D meshes with centimeter-level absolute accuracy.\" \/>\n<meta property=\"og:url\" content=\"https:\/\/www.ghostysky.com\/fr\/product\/wingtra-oblique-sony-a6100-payload-kit\/\" \/>\n<meta property=\"og:site_name\" content=\"Ghostysky\" \/>\n<meta property=\"article:publisher\" content=\"https:\/\/www.facebook.com\/people\/Ghostysky\/100057676170234\/\" \/>\n<meta property=\"article:modified_time\" content=\"2023-12-22T01:11:06+00:00\" \/>\n<meta property=\"og:image\" content=\"https:\/\/www.ghostysky.com\/wp-content\/uploads\/2021\/08\/a6100_Oblique.jpg\" \/>\n\t<meta property=\"og:image:width\" content=\"451\" \/>\n\t<meta property=\"og:image:height\" content=\"451\" \/>\n\t<meta property=\"og:image:type\" content=\"image\/jpeg\" \/>\n<meta name=\"twitter:card\" content=\"summary_large_image\" \/>\n<meta name=\"twitter:site\" content=\"@Gh0stysky\" \/>\n<meta name=\"twitter:label1\" content=\"Dur\u00e9e de lecture estim\u00e9e\" \/>\n\t<meta name=\"twitter:data1\" content=\"1 minute\" \/>\n<script type=\"application\/ld+json\" class=\"yoast-schema-graph\">{\"@context\":\"https:\\\/\\\/schema.org\",\"@graph\":[{\"@type\":\"WebPage\",\"@id\":\"https:\\\/\\\/www.ghostysky.com\\\/product\\\/wingtra-oblique-sony-a6100-payload-kit\\\/\",\"url\":\"https:\\\/\\\/www.ghostysky.com\\\/product\\\/wingtra-oblique-sony-a6100-payload-kit\\\/\",\"name\":\"Wingtra Oblique Sony a6100 payload kit -\",\"isPartOf\":{\"@id\":\"https:\\\/\\\/www.ghostysky.com\\\/#website\"},\"primaryImageOfPage\":{\"@id\":\"https:\\\/\\\/www.ghostysky.com\\\/product\\\/wingtra-oblique-sony-a6100-payload-kit\\\/#primaryimage\"},\"image\":{\"@id\":\"https:\\\/\\\/www.ghostysky.com\\\/product\\\/wingtra-oblique-sony-a6100-payload-kit\\\/#primaryimage\"},\"thumbnailUrl\":\"https:\\\/\\\/www.ghostysky.com\\\/wp-content\\\/uploads\\\/2021\\\/08\\\/a6100_Oblique.jpg\",\"datePublished\":\"2021-08-15T09:51:24+00:00\",\"dateModified\":\"2023-12-22T01:11:06+00:00\",\"description\":\"Optimized to map vertical structures, the Oblique Sony \u02516100 allows you to generate high-resolution 3D meshes with centimeter-level absolute accuracy.\",\"breadcrumb\":{\"@id\":\"https:\\\/\\\/www.ghostysky.com\\\/product\\\/wingtra-oblique-sony-a6100-payload-kit\\\/#breadcrumb\"},\"inLanguage\":\"fr-FR\",\"potentialAction\":[{\"@type\":\"ReadAction\",\"target\":[\"https:\\\/\\\/www.ghostysky.com\\\/product\\\/wingtra-oblique-sony-a6100-payload-kit\\\/\"]}]},{\"@type\":\"ImageObject\",\"inLanguage\":\"fr-FR\",\"@id\":\"https:\\\/\\\/www.ghostysky.com\\\/product\\\/wingtra-oblique-sony-a6100-payload-kit\\\/#primaryimage\",\"url\":\"https:\\\/\\\/www.ghostysky.com\\\/wp-content\\\/uploads\\\/2021\\\/08\\\/a6100_Oblique.jpg\",\"contentUrl\":\"https:\\\/\\\/www.ghostysky.com\\\/wp-content\\\/uploads\\\/2021\\\/08\\\/a6100_Oblique.jpg\",\"width\":451,\"height\":451},{\"@type\":\"BreadcrumbList\",\"@id\":\"https:\\\/\\\/www.ghostysky.com\\\/product\\\/wingtra-oblique-sony-a6100-payload-kit\\\/#breadcrumb\",\"itemListElement\":[{\"@type\":\"ListItem\",\"position\":1,\"name\":\"Home\",\"item\":\"https:\\\/\\\/www.ghostysky.com\\\/\"},{\"@type\":\"ListItem\",\"position\":2,\"name\":\"Shop\",\"item\":\"https:\\\/\\\/www.ghostysky.com\\\/shop\\\/\"},{\"@type\":\"ListItem\",\"position\":3,\"name\":\"Wingtra Oblique Sony a6100 payload kit\"}]},{\"@type\":\"WebSite\",\"@id\":\"https:\\\/\\\/www.ghostysky.com\\\/#website\",\"url\":\"https:\\\/\\\/www.ghostysky.com\\\/\",\"name\":\"Ghostysky\",\"description\":\"Delivering professional drones and services\",\"publisher\":{\"@id\":\"https:\\\/\\\/www.ghostysky.com\\\/#organization\"},\"potentialAction\":[{\"@type\":\"SearchAction\",\"target\":{\"@type\":\"EntryPoint\",\"urlTemplate\":\"https:\\\/\\\/www.ghostysky.com\\\/?s={search_term_string}\"},\"query-input\":{\"@type\":\"PropertyValueSpecification\",\"valueRequired\":true,\"valueName\":\"search_term_string\"}}],\"inLanguage\":\"fr-FR\"},{\"@type\":\"Organization\",\"@id\":\"https:\\\/\\\/www.ghostysky.com\\\/#organization\",\"name\":\"Ghostysky\",\"url\":\"https:\\\/\\\/www.ghostysky.com\\\/\",\"logo\":{\"@type\":\"ImageObject\",\"inLanguage\":\"fr-FR\",\"@id\":\"https:\\\/\\\/www.ghostysky.com\\\/#\\\/schema\\\/logo\\\/image\\\/\",\"url\":\"https:\\\/\\\/www.ghostysky.com\\\/wp-content\\\/uploads\\\/2020\\\/06\\\/cropped-ghostyskylogo_text_white2.png\",\"contentUrl\":\"https:\\\/\\\/www.ghostysky.com\\\/wp-content\\\/uploads\\\/2020\\\/06\\\/cropped-ghostyskylogo_text_white2.png\",\"width\":169,\"height\":56,\"caption\":\"Ghostysky\"},\"image\":{\"@id\":\"https:\\\/\\\/www.ghostysky.com\\\/#\\\/schema\\\/logo\\\/image\\\/\"},\"sameAs\":[\"https:\\\/\\\/www.facebook.com\\\/people\\\/Ghostysky\\\/100057676170234\\\/\",\"https:\\\/\\\/x.com\\\/Gh0stysky\",\"https:\\\/\\\/www.linkedin.com\\\/company\\\/34739653\",\"https:\\\/\\\/www.instagram.com\\\/gh0stysky\"]}]}<\/script>\n<!-- \/ Yoast SEO plugin. -->","yoast_head_json":{"title":"Kit de charge utile Wingtra Oblique Sony a6100 -","description":"Optimis\u00e9 pour cartographier les structures verticales, l&#039;Oblique Sony \u02516100 vous permet de g\u00e9n\u00e9rer des maillages 3D haute r\u00e9solution avec une pr\u00e9cision absolue au centim\u00e8tre pr\u00e8s.","robots":{"index":"index","follow":"follow","max-snippet":"max-snippet:-1","max-image-preview":"max-image-preview:large","max-video-preview":"max-video-preview:-1"},"canonical":"https:\/\/www.ghostysky.com\/fr\/product\/wingtra-oblique-sony-a6100-payload-kit\/","og_locale":"fr_FR","og_type":"article","og_title":"Wingtra Oblique Sony a6100 payload kit -","og_description":"Optimized to map vertical structures, the Oblique Sony \u02516100 allows you to generate high-resolution 3D meshes with centimeter-level absolute accuracy.","og_url":"https:\/\/www.ghostysky.com\/fr\/product\/wingtra-oblique-sony-a6100-payload-kit\/","og_site_name":"Ghostysky","article_publisher":"https:\/\/www.facebook.com\/people\/Ghostysky\/100057676170234\/","article_modified_time":"2023-12-22T01:11:06+00:00","og_image":[{"width":451,"height":451,"url":"https:\/\/www.ghostysky.com\/wp-content\/uploads\/2021\/08\/a6100_Oblique.jpg","type":"image\/jpeg"}],"twitter_card":"summary_large_image","twitter_site":"@Gh0stysky","twitter_misc":{"Dur\u00e9e de lecture estim\u00e9e":"1 minute"},"schema":{"@context":"https:\/\/schema.org","@graph":[{"@type":"WebPage","@id":"https:\/\/www.ghostysky.com\/product\/wingtra-oblique-sony-a6100-payload-kit\/","url":"https:\/\/www.ghostysky.com\/product\/wingtra-oblique-sony-a6100-payload-kit\/","name":"Kit de charge utile Wingtra Oblique Sony a6100 -","isPartOf":{"@id":"https:\/\/www.ghostysky.com\/#website"},"primaryImageOfPage":{"@id":"https:\/\/www.ghostysky.com\/product\/wingtra-oblique-sony-a6100-payload-kit\/#primaryimage"},"image":{"@id":"https:\/\/www.ghostysky.com\/product\/wingtra-oblique-sony-a6100-payload-kit\/#primaryimage"},"thumbnailUrl":"https:\/\/www.ghostysky.com\/wp-content\/uploads\/2021\/08\/a6100_Oblique.jpg","datePublished":"2021-08-15T09:51:24+00:00","dateModified":"2023-12-22T01:11:06+00:00","description":"Optimis\u00e9 pour cartographier les structures verticales, l&#039;Oblique Sony \u02516100 vous permet de g\u00e9n\u00e9rer des maillages 3D haute r\u00e9solution avec une pr\u00e9cision absolue au centim\u00e8tre pr\u00e8s.","breadcrumb":{"@id":"https:\/\/www.ghostysky.com\/product\/wingtra-oblique-sony-a6100-payload-kit\/#breadcrumb"},"inLanguage":"fr-FR","potentialAction":[{"@type":"ReadAction","target":["https:\/\/www.ghostysky.com\/product\/wingtra-oblique-sony-a6100-payload-kit\/"]}]},{"@type":"ImageObject","inLanguage":"fr-FR","@id":"https:\/\/www.ghostysky.com\/product\/wingtra-oblique-sony-a6100-payload-kit\/#primaryimage","url":"https:\/\/www.ghostysky.com\/wp-content\/uploads\/2021\/08\/a6100_Oblique.jpg","contentUrl":"https:\/\/www.ghostysky.com\/wp-content\/uploads\/2021\/08\/a6100_Oblique.jpg","width":451,"height":451},{"@type":"BreadcrumbList","@id":"https:\/\/www.ghostysky.com\/product\/wingtra-oblique-sony-a6100-payload-kit\/#breadcrumb","itemListElement":[{"@type":"ListItem","position":1,"name":"Home","item":"https:\/\/www.ghostysky.com\/"},{"@type":"ListItem","position":2,"name":"Shop","item":"https:\/\/www.ghostysky.com\/shop\/"},{"@type":"ListItem","position":3,"name":"Wingtra Oblique Sony a6100 payload kit"}]},{"@type":"WebSite","@id":"https:\/\/www.ghostysky.com\/#website","url":"https:\/\/www.ghostysky.com\/","name":"Ghostysky","description":"Livraison de drones et de services professionnels","publisher":{"@id":"https:\/\/www.ghostysky.com\/#organization"},"potentialAction":[{"@type":"SearchAction","target":{"@type":"EntryPoint","urlTemplate":"https:\/\/www.ghostysky.com\/?s={search_term_string}"},"query-input":{"@type":"PropertyValueSpecification","valueRequired":true,"valueName":"search_term_string"}}],"inLanguage":"fr-FR"},{"@type":"Organization","@id":"https:\/\/www.ghostysky.com\/#organization","name":"Ghostysky","url":"https:\/\/www.ghostysky.com\/","logo":{"@type":"ImageObject","inLanguage":"fr-FR","@id":"https:\/\/www.ghostysky.com\/#\/schema\/logo\/image\/","url":"https:\/\/www.ghostysky.com\/wp-content\/uploads\/2020\/06\/cropped-ghostyskylogo_text_white2.png","contentUrl":"https:\/\/www.ghostysky.com\/wp-content\/uploads\/2020\/06\/cropped-ghostyskylogo_text_white2.png","width":169,"height":56,"caption":"Ghostysky"},"image":{"@id":"https:\/\/www.ghostysky.com\/#\/schema\/logo\/image\/"},"sameAs":["https:\/\/www.facebook.com\/people\/Ghostysky\/100057676170234\/","https:\/\/x.com\/Gh0stysky","https:\/\/www.linkedin.com\/company\/34739653","https:\/\/www.instagram.com\/gh0stysky"]}]}},"_links":{"self":[{"href":"https:\/\/www.ghostysky.com\/fr\/wp-json\/wp\/v2\/product\/2348","targetHints":{"allow":["GET"]}}],"collection":[{"href":"https:\/\/www.ghostysky.com\/fr\/wp-json\/wp\/v2\/product"}],"about":[{"href":"https:\/\/www.ghostysky.com\/fr\/wp-json\/wp\/v2\/types\/product"}],"replies":[{"embeddable":true,"href":"https:\/\/www.ghostysky.com\/fr\/wp-json\/wp\/v2\/comments?post=2348"}],"version-history":[{"count":0,"href":"https:\/\/www.ghostysky.com\/fr\/wp-json\/wp\/v2\/product\/2348\/revisions"}],"wp:featuredmedia":[{"embeddable":true,"href":"https:\/\/www.ghostysky.com\/fr\/wp-json\/wp\/v2\/media\/2917"}],"wp:attachment":[{"href":"https:\/\/www.ghostysky.com\/fr\/wp-json\/wp\/v2\/media?parent=2348"}],"wp:term":[{"taxonomy":"product_brand","embeddable":true,"href":"https:\/\/www.ghostysky.com\/fr\/wp-json\/wp\/v2\/product_brand?post=2348"},{"taxonomy":"product_cat","embeddable":true,"href":"https:\/\/www.ghostysky.com\/fr\/wp-json\/wp\/v2\/product_cat?post=2348"},{"taxonomy":"product_tag","embeddable":true,"href":"https:\/\/www.ghostysky.com\/fr\/wp-json\/wp\/v2\/product_tag?post=2348"}],"curies":[{"name":"wp","href":"https:\/\/api.w.org\/{rel}","templated":true}]}}