{"id":23541,"date":"2025-12-12T16:34:30","date_gmt":"2025-12-12T16:34:30","guid":{"rendered":"https:\/\/www.ghostysky.com\/?post_type=product&#038;p=23541"},"modified":"2025-12-12T16:48:53","modified_gmt":"2025-12-12T16:48:53","slug":"booster-t1-standard-humanoid-robot","status":"publish","type":"product","link":"https:\/\/www.ghostysky.com\/fr\/product\/booster-t1-standard-humanoid-robot\/","title":{"rendered":"Robot humano\u00efde standard Booster T1"},"content":{"rendered":"<h4><b>Principales caract\u00e9ristiques et points forts<\/b><\/h4>\n<ul>\n<li><strong>Param\u00e8tres mat\u00e9riels\u00a0:<\/strong><br \/>\n1. Dimensions : environ 1,2 m<br \/>\n2. Poids : environ 30 kg<br \/>\n3. DoF : 23 (Jambes : 6 DoF \u00d7 2, Bras : 4 DoF \u00d7 2, Taille : 1 DoF, T\u00eate : 2 DoF)<br \/>\n4. Amplitude de mouvement des grandes articulations\u00a0: Articulation de la taille\u00a0: \u00b158\u00b0\u00a0; Articulation de la hanche\u00a0: P \u00b1118\u00b0, R -21\u00b0~88\u00b0, Y \u00b158\u00b0\u00a0; Articulation du genou\u00a0: 0\u00b0~123\u00b0\u00a0; Articulation de la cheville\u00a0: P -50\u00b0~20\u00b0, R \u00b125\u00b0<br \/>\n5. Calcul : Intel i7 1370p + NVIDIA Jetson AGX Orin 32 Go, offrant une puissance de calcul IA de 200 TOPS.<br \/>\n6. Param\u00e8tres des capteurs\u00a0: cam\u00e9ra de profondeur, r\u00e9seau de microphones, haut-parleur, centrale inertielle \u00e0 9 axes<br \/>\n7. Articulations\u00a0: articulations \u00e0 contr\u00f4le de couple int\u00e9gral, prise en charge du contr\u00f4le hybride couple\/vitesse\/position, modules d\u2019articulation \u00e0 double codeur<\/li>\n<\/ul>\n<h3>Accessoires<\/h3>\n<ul>\n<li>1x t\u00e9l\u00e9commande<\/li>\n<li>1 batterie de 10,5 Ah<\/li>\n<li>1x Chargeur<\/li>\n<li>1 support pour robot<\/li>\n<li>1x Bo\u00eete d&#039;emballage pour robot<\/li>\n<\/ul>\n<p>&nbsp;<\/p>","protected":false},"excerpt":{"rendered":"<p><span class=\"citation-1755\">Le <\/span><b><span class=\"citation-1755\">Booster T1 Version standard<\/span><\/b><span class=\"citation-1755\"> est une plate-forme de robot humano\u00efde open source de pointe d\u00e9velopp\u00e9e par Booster Robotics, sp\u00e9cialement con\u00e7ue pour <\/span><b><span class=\"citation-1755\">d\u00e9veloppeurs, chercheurs et enseignement avanc\u00e9 en robotique<\/span><\/b><span class=\"citation-1755 citation-end-1755\">.<\/span><\/p>","protected":false},"featured_media":22190,"comment_status":"open","ping_status":"closed","template":"","meta":[],"product_brand":[1165],"product_cat":[1162,1163,1038,1037],"product_tag":[1166,1167,467],"class_list":{"0":"post-23541","1":"product","2":"type-product","3":"status-publish","4":"has-post-thumbnail","6":"product_brand-booster-robotics","7":"product_cat-booster-robotics","8":"product_cat-booster-robotics-robots","9":"product_cat-humanoid","10":"product_cat-robotics","11":"product_tag-booster-robotics","12":"product_tag-booster-robotics-robots","13":"product_tag-standard-version","15":"first","16":"onbackorder","17":"taxable","18":"shipping-taxable","19":"purchasable","20":"product-type-simple"},"yoast_head":"<!-- This site is optimized with the Yoast SEO plugin v27.1.1 - https:\/\/yoast.com\/product\/yoast-seo-wordpress\/ -->\n<title>Booster T1 Standard Humanoid Robot - Ghostysky<\/title>\n<meta name=\"description\" content=\"The Booster T1 Standard is a cutting-edge, open-source humanoid robot platform developed by Booster Robotics, specifically engineered for developers, researchers, and advanced robotics education.\" \/>\n<meta name=\"robots\" content=\"index, follow, max-snippet:-1, max-image-preview:large, max-video-preview:-1\" \/>\n<link rel=\"canonical\" href=\"https:\/\/www.ghostysky.com\/fr\/product\/booster-t1-standard-humanoid-robot\/\" \/>\n<meta property=\"og:locale\" content=\"fr_FR\" \/>\n<meta property=\"og:type\" content=\"article\" \/>\n<meta property=\"og:title\" content=\"Booster T1 Standard Humanoid Robot - Ghostysky\" \/>\n<meta property=\"og:description\" content=\"The Booster T1 Standard is a cutting-edge, open-source humanoid robot platform developed by Booster Robotics, specifically engineered for developers, researchers, and advanced robotics education.\" \/>\n<meta property=\"og:url\" content=\"https:\/\/www.ghostysky.com\/fr\/product\/booster-t1-standard-humanoid-robot\/\" \/>\n<meta property=\"og:site_name\" content=\"Ghostysky\" \/>\n<meta property=\"article:publisher\" content=\"https:\/\/www.facebook.com\/people\/Ghostysky\/100057676170234\/\" \/>\n<meta property=\"article:modified_time\" content=\"2025-12-12T16:48:53+00:00\" \/>\n<meta property=\"og:image\" content=\"https:\/\/www.ghostysky.com\/wp-content\/uploads\/2025\/10\/GH_Booster-T1_1.webp\" \/>\n\t<meta property=\"og:image:width\" content=\"700\" \/>\n\t<meta property=\"og:image:height\" content=\"467\" \/>\n\t<meta property=\"og:image:type\" content=\"image\/webp\" \/>\n<meta name=\"twitter:card\" content=\"summary_large_image\" \/>\n<meta name=\"twitter:site\" content=\"@Gh0stysky\" \/>\n<meta name=\"twitter:label1\" content=\"Dur\u00e9e de lecture estim\u00e9e\" \/>\n\t<meta name=\"twitter:data1\" content=\"1 minute\" \/>\n<script type=\"application\/ld+json\" class=\"yoast-schema-graph\">{\"@context\":\"https:\/\/schema.org\",\"@graph\":[{\"@type\":\"WebPage\",\"@id\":\"https:\/\/www.ghostysky.com\/product\/booster-t1-standard-humanoid-robot\/\",\"url\":\"https:\/\/www.ghostysky.com\/product\/booster-t1-standard-humanoid-robot\/\",\"name\":\"Booster T1 Standard Humanoid Robot - Ghostysky\",\"isPartOf\":{\"@id\":\"https:\/\/www.ghostysky.com\/#website\"},\"primaryImageOfPage\":{\"@id\":\"https:\/\/www.ghostysky.com\/product\/booster-t1-standard-humanoid-robot\/#primaryimage\"},\"image\":{\"@id\":\"https:\/\/www.ghostysky.com\/product\/booster-t1-standard-humanoid-robot\/#primaryimage\"},\"thumbnailUrl\":\"https:\/\/www.ghostysky.com\/wp-content\/uploads\/2025\/10\/GH_Booster-T1_1.webp\",\"datePublished\":\"2025-12-12T16:34:30+00:00\",\"dateModified\":\"2025-12-12T16:48:53+00:00\",\"description\":\"The Booster T1 Standard is a cutting-edge, open-source humanoid robot platform developed by Booster Robotics, specifically engineered for developers, researchers, and advanced robotics education.\",\"breadcrumb\":{\"@id\":\"https:\/\/www.ghostysky.com\/product\/booster-t1-standard-humanoid-robot\/#breadcrumb\"},\"inLanguage\":\"fr-FR\",\"potentialAction\":[{\"@type\":\"ReadAction\",\"target\":[\"https:\/\/www.ghostysky.com\/product\/booster-t1-standard-humanoid-robot\/\"]}]},{\"@type\":\"ImageObject\",\"inLanguage\":\"fr-FR\",\"@id\":\"https:\/\/www.ghostysky.com\/product\/booster-t1-standard-humanoid-robot\/#primaryimage\",\"url\":\"https:\/\/www.ghostysky.com\/wp-content\/uploads\/2025\/10\/GH_Booster-T1_1.webp\",\"contentUrl\":\"https:\/\/www.ghostysky.com\/wp-content\/uploads\/2025\/10\/GH_Booster-T1_1.webp\",\"width\":700,\"height\":467},{\"@type\":\"BreadcrumbList\",\"@id\":\"https:\/\/www.ghostysky.com\/product\/booster-t1-standard-humanoid-robot\/#breadcrumb\",\"itemListElement\":[{\"@type\":\"ListItem\",\"position\":1,\"name\":\"Home\",\"item\":\"https:\/\/www.ghostysky.com\/\"},{\"@type\":\"ListItem\",\"position\":2,\"name\":\"Shop\",\"item\":\"https:\/\/www.ghostysky.com\/shop\/\"},{\"@type\":\"ListItem\",\"position\":3,\"name\":\"Booster T1 Standard Humanoid Robot\"}]},{\"@type\":\"WebSite\",\"@id\":\"https:\/\/www.ghostysky.com\/#website\",\"url\":\"https:\/\/www.ghostysky.com\/\",\"name\":\"Ghostysky\",\"description\":\"Delivering professional drones and services\",\"publisher\":{\"@id\":\"https:\/\/www.ghostysky.com\/#organization\"},\"potentialAction\":[{\"@type\":\"SearchAction\",\"target\":{\"@type\":\"EntryPoint\",\"urlTemplate\":\"https:\/\/www.ghostysky.com\/?s={search_term_string}\"},\"query-input\":{\"@type\":\"PropertyValueSpecification\",\"valueRequired\":true,\"valueName\":\"search_term_string\"}}],\"inLanguage\":\"fr-FR\"},{\"@type\":\"Organization\",\"@id\":\"https:\/\/www.ghostysky.com\/#organization\",\"name\":\"Ghostysky\",\"url\":\"https:\/\/www.ghostysky.com\/\",\"logo\":{\"@type\":\"ImageObject\",\"inLanguage\":\"fr-FR\",\"@id\":\"https:\/\/www.ghostysky.com\/#\/schema\/logo\/image\/\",\"url\":\"https:\/\/www.ghostysky.com\/wp-content\/uploads\/2020\/06\/cropped-ghostyskylogo_text_white2.png\",\"contentUrl\":\"https:\/\/www.ghostysky.com\/wp-content\/uploads\/2020\/06\/cropped-ghostyskylogo_text_white2.png\",\"width\":169,\"height\":56,\"caption\":\"Ghostysky\"},\"image\":{\"@id\":\"https:\/\/www.ghostysky.com\/#\/schema\/logo\/image\/\"},\"sameAs\":[\"https:\/\/www.facebook.com\/people\/Ghostysky\/100057676170234\/\",\"https:\/\/x.com\/Gh0stysky\",\"https:\/\/www.linkedin.com\/company\/34739653\",\"https:\/\/www.instagram.com\/gh0stysky\"]}]}<\/script>\n<!-- \/ Yoast SEO plugin. -->","yoast_head_json":{"title":"Robot humano\u00efde standard Booster T1 - Ghostysky","description":"La plateforme Booster T1 Standard est une plateforme robotique humano\u00efde open source de pointe d\u00e9velopp\u00e9e par Booster Robotics, sp\u00e9cialement con\u00e7ue pour les d\u00e9veloppeurs, les chercheurs et l&#039;enseignement avanc\u00e9 en robotique.","robots":{"index":"index","follow":"follow","max-snippet":"max-snippet:-1","max-image-preview":"max-image-preview:large","max-video-preview":"max-video-preview:-1"},"canonical":"https:\/\/www.ghostysky.com\/fr\/product\/booster-t1-standard-humanoid-robot\/","og_locale":"fr_FR","og_type":"article","og_title":"Booster T1 Standard Humanoid Robot - Ghostysky","og_description":"The Booster T1 Standard is a cutting-edge, open-source humanoid robot platform developed by Booster Robotics, specifically engineered for developers, researchers, and advanced robotics education.","og_url":"https:\/\/www.ghostysky.com\/fr\/product\/booster-t1-standard-humanoid-robot\/","og_site_name":"Ghostysky","article_publisher":"https:\/\/www.facebook.com\/people\/Ghostysky\/100057676170234\/","article_modified_time":"2025-12-12T16:48:53+00:00","og_image":[{"width":700,"height":467,"url":"https:\/\/www.ghostysky.com\/wp-content\/uploads\/2025\/10\/GH_Booster-T1_1.webp","type":"image\/webp"}],"twitter_card":"summary_large_image","twitter_site":"@Gh0stysky","twitter_misc":{"Dur\u00e9e de lecture estim\u00e9e":"1 minute"},"schema":{"@context":"https:\/\/schema.org","@graph":[{"@type":"WebPage","@id":"https:\/\/www.ghostysky.com\/product\/booster-t1-standard-humanoid-robot\/","url":"https:\/\/www.ghostysky.com\/product\/booster-t1-standard-humanoid-robot\/","name":"Robot humano\u00efde standard Booster T1 - Ghostysky","isPartOf":{"@id":"https:\/\/www.ghostysky.com\/#website"},"primaryImageOfPage":{"@id":"https:\/\/www.ghostysky.com\/product\/booster-t1-standard-humanoid-robot\/#primaryimage"},"image":{"@id":"https:\/\/www.ghostysky.com\/product\/booster-t1-standard-humanoid-robot\/#primaryimage"},"thumbnailUrl":"https:\/\/www.ghostysky.com\/wp-content\/uploads\/2025\/10\/GH_Booster-T1_1.webp","datePublished":"2025-12-12T16:34:30+00:00","dateModified":"2025-12-12T16:48:53+00:00","description":"La plateforme Booster T1 Standard est une plateforme robotique humano\u00efde open source de pointe d\u00e9velopp\u00e9e par Booster Robotics, sp\u00e9cialement con\u00e7ue pour les d\u00e9veloppeurs, les chercheurs et l&#039;enseignement avanc\u00e9 en robotique.","breadcrumb":{"@id":"https:\/\/www.ghostysky.com\/product\/booster-t1-standard-humanoid-robot\/#breadcrumb"},"inLanguage":"fr-FR","potentialAction":[{"@type":"ReadAction","target":["https:\/\/www.ghostysky.com\/product\/booster-t1-standard-humanoid-robot\/"]}]},{"@type":"ImageObject","inLanguage":"fr-FR","@id":"https:\/\/www.ghostysky.com\/product\/booster-t1-standard-humanoid-robot\/#primaryimage","url":"https:\/\/www.ghostysky.com\/wp-content\/uploads\/2025\/10\/GH_Booster-T1_1.webp","contentUrl":"https:\/\/www.ghostysky.com\/wp-content\/uploads\/2025\/10\/GH_Booster-T1_1.webp","width":700,"height":467},{"@type":"BreadcrumbList","@id":"https:\/\/www.ghostysky.com\/product\/booster-t1-standard-humanoid-robot\/#breadcrumb","itemListElement":[{"@type":"ListItem","position":1,"name":"Home","item":"https:\/\/www.ghostysky.com\/"},{"@type":"ListItem","position":2,"name":"Shop","item":"https:\/\/www.ghostysky.com\/shop\/"},{"@type":"ListItem","position":3,"name":"Booster T1 Standard Humanoid Robot"}]},{"@type":"WebSite","@id":"https:\/\/www.ghostysky.com\/#website","url":"https:\/\/www.ghostysky.com\/","name":"Ghostysky","description":"Livraison de drones et de services professionnels","publisher":{"@id":"https:\/\/www.ghostysky.com\/#organization"},"potentialAction":[{"@type":"SearchAction","target":{"@type":"EntryPoint","urlTemplate":"https:\/\/www.ghostysky.com\/?s={search_term_string}"},"query-input":{"@type":"PropertyValueSpecification","valueRequired":true,"valueName":"search_term_string"}}],"inLanguage":"fr-FR"},{"@type":"Organization","@id":"https:\/\/www.ghostysky.com\/#organization","name":"Ghostysky","url":"https:\/\/www.ghostysky.com\/","logo":{"@type":"ImageObject","inLanguage":"fr-FR","@id":"https:\/\/www.ghostysky.com\/#\/schema\/logo\/image\/","url":"https:\/\/www.ghostysky.com\/wp-content\/uploads\/2020\/06\/cropped-ghostyskylogo_text_white2.png","contentUrl":"https:\/\/www.ghostysky.com\/wp-content\/uploads\/2020\/06\/cropped-ghostyskylogo_text_white2.png","width":169,"height":56,"caption":"Ghostysky"},"image":{"@id":"https:\/\/www.ghostysky.com\/#\/schema\/logo\/image\/"},"sameAs":["https:\/\/www.facebook.com\/people\/Ghostysky\/100057676170234\/","https:\/\/x.com\/Gh0stysky","https:\/\/www.linkedin.com\/company\/34739653","https:\/\/www.instagram.com\/gh0stysky"]}]}},"_links":{"self":[{"href":"https:\/\/www.ghostysky.com\/fr\/wp-json\/wp\/v2\/product\/23541","targetHints":{"allow":["GET"]}}],"collection":[{"href":"https:\/\/www.ghostysky.com\/fr\/wp-json\/wp\/v2\/product"}],"about":[{"href":"https:\/\/www.ghostysky.com\/fr\/wp-json\/wp\/v2\/types\/product"}],"replies":[{"embeddable":true,"href":"https:\/\/www.ghostysky.com\/fr\/wp-json\/wp\/v2\/comments?post=23541"}],"wp:featuredmedia":[{"embeddable":true,"href":"https:\/\/www.ghostysky.com\/fr\/wp-json\/wp\/v2\/media\/22190"}],"wp:attachment":[{"href":"https:\/\/www.ghostysky.com\/fr\/wp-json\/wp\/v2\/media?parent=23541"}],"wp:term":[{"taxonomy":"product_brand","embeddable":true,"href":"https:\/\/www.ghostysky.com\/fr\/wp-json\/wp\/v2\/product_brand?post=23541"},{"taxonomy":"product_cat","embeddable":true,"href":"https:\/\/www.ghostysky.com\/fr\/wp-json\/wp\/v2\/product_cat?post=23541"},{"taxonomy":"product_tag","embeddable":true,"href":"https:\/\/www.ghostysky.com\/fr\/wp-json\/wp\/v2\/product_tag?post=23541"}],"curies":[{"name":"wp","href":"https:\/\/api.w.org\/{rel}","templated":true}]}}