{"id":23566,"date":"2025-12-15T16:20:40","date_gmt":"2025-12-15T16:20:40","guid":{"rendered":"https:\/\/www.ghostysky.com\/?post_type=product&#038;p=23566"},"modified":"2025-12-15T16:42:14","modified_gmt":"2025-12-15T16:42:14","slug":"polypen-rp-410-uvis","status":"publish","type":"product","link":"https:\/\/www.ghostysky.com\/fr\/product\/polypen-rp-410-uvis\/","title":{"rendered":"PolyPen RP 410 UVIS"},"content":{"rendered":"<h4 data-path-to-node=\"2\">Principales caract\u00e9ristiques et fonctionnalit\u00e9s<\/h4>\n<ul data-path-to-node=\"3\">\n<li>\n<p data-path-to-node=\"3,0,0\"><b>Mesure de la r\u00e9flectance spectrale\u00a0:<\/b><span class=\"citation-46 citation-end-46\"> Le PolyPen RP 410 int\u00e8gre une lampe incandescente au x\u00e9non interne pour \u00e9mettre de la lumi\u00e8re (380 \u00e0 1050 nm) et mesure la r\u00e9flectance spectrale de la surface d&#039;une feuille.<\/span><\/p>\n<\/li>\n<li>\n<p data-path-to-node=\"3,1,0\"><b><span class=\"citation-45\">Calcul automatique de l&#039;indice\u00a0:<\/span><\/b><span class=\"citation-45\"> Le micrologiciel de l&#039;appareil calcule automatiquement un large \u00e9ventail de fonctions couramment utilis\u00e9es. <\/span><b><span class=\"citation-45\">indices de r\u00e9flectance<\/span><\/b><span class=\"citation-45 citation-end-45\"> (indices de v\u00e9g\u00e9tation et de stress), tels que\u00a0:<\/span><\/p>\n<ul data-path-to-node=\"3,1,1\">\n<li>\n<p data-path-to-node=\"3,1,1,0,0\"><b>Indice de v\u00e9g\u00e9tation par diff\u00e9rence normalis\u00e9e (NDVI)\u00a0:<\/b> <span class=\"math-inline\" data-math=\"NDVI = (R_{NIR} - R_{RED}) \/ (R_{NIR} + R_{RED})\">NDVI = (R_{NIR} \u2013 R_{RED}) \/ (R_{NIR} + R_{RED})<\/span><\/p>\n<\/li>\n<li>\n<p data-path-to-node=\"3,1,1,1,0\"><b><span class=\"citation-44 citation-end-44\">Indice de r\u00e9flectance photochimique (PRI)<\/span><\/b><\/p>\n<\/li>\n<li>\n<p data-path-to-node=\"3,1,1,2,0\"><b><span class=\"citation-43 citation-end-43\">Indice normalis\u00e9 de chlorophylle pigmentaire (NPCI)<\/span><\/b><\/p>\n<\/li>\n<li>\n<p data-path-to-node=\"3,1,1,3,0\">\u2026et bien d\u2019autres (par exemple, l\u2019indice de rapport simple, les indices de r\u00e9flectance des anthocyanes, les indices de Carter).<\/p>\n<\/li>\n<\/ul>\n<\/li>\n<li>\n<p data-path-to-node=\"3,2,0\"><b>D\u00e9tection du stress :<\/b> En surveillant les variations de la teneur en pigments (comme une diminution de la chlorophylle ou une augmentation des flavono\u00efdes\/anthocyanes), l&#039;appareil peut d\u00e9tecter <b>carences nutritionnelles<\/b> ou <b>stress hydrique<\/b> chez les plantes bien avant que les sympt\u00f4mes ne soient visibles \u00e0 l&#039;\u0153il nu.<\/p>\n<\/li>\n<li>\n<p data-path-to-node=\"3,3,0\"><b>Personnalisation\u00a0:<\/b> Il permet le calcul d&#039;indices personnalis\u00e9s, rendant possible des applications de recherche sp\u00e9cialis\u00e9es.<\/p>\n<\/li>\n<\/ul>\n<h3 data-path-to-node=\"4\"><\/h3>\n<h4 data-path-to-node=\"4\"><a href=\"https:\/\/psi.cz\/support\/downloads\/hd001\/polp001\/RP_2024.pdf\/open\">Sp\u00e9cifications techniques (PolyPen RP 410 UVIS\/NIR)<\/a><\/h4>\n<table data-path-to-node=\"5\">\n<thead>\n<tr>\n<td><strong>Sp\u00e9cification<\/strong><\/td>\n<td><strong>PolyPen RP 410 UVIS<\/strong><\/td>\n<td><strong>PolyPen RP 410 NIR<\/strong><\/td>\n<\/tr>\n<\/thead>\n<tbody>\n<tr>\n<td><span data-path-to-node=\"5,1,0,0\"><b>Gamme spectrale<\/b><\/span><\/td>\n<td><span data-path-to-node=\"5,1,1,0\">380 nm \u2013 790 nm<\/span><\/td>\n<td><span data-path-to-node=\"5,1,2,0\">640 nm \u2013 1050 nm<\/span><\/td>\n<\/tr>\n<tr>\n<td><span data-path-to-node=\"5,2,0,0\"><b>Largeur \u00e0 mi-hauteur de la r\u00e9ponse spectrale<\/b><\/span><\/td>\n<td><span data-path-to-node=\"5,2,1,0\">8 nm<\/span><\/td>\n<td><span data-path-to-node=\"5,2,2,0\">8 nm<\/span><\/td>\n<\/tr>\n<tr>\n<td><span data-path-to-node=\"5,3,0,0\"><b>Vitesse de num\u00e9risation<\/b><\/span><\/td>\n<td><span data-path-to-node=\"5,3,1,0\">Environ 100 ms (quasi instantan\u00e9)<\/span><\/td>\n<td><\/td>\n<\/tr>\n<tr>\n<td><span data-path-to-node=\"5,4,0,0\"><b>Enregistrement des donn\u00e9es<\/b><\/span><\/td>\n<td><span data-path-to-node=\"5,4,1,0\">La m\u00e9moire interne stocke jusqu&#039;\u00e0 4 000 mesures (spectres complets).<\/span><\/td>\n<td><\/td>\n<\/tr>\n<tr>\n<td><span data-path-to-node=\"5,5,0,0\"><b>Source lumineuse<\/b><\/span><\/td>\n<td><span data-path-to-node=\"5,5,1,0\">Lampe incandescente au x\u00e9non interne<\/span><\/td>\n<td><\/td>\n<\/tr>\n<tr>\n<td><span data-path-to-node=\"5,6,0,0\"><b>Afficher<\/b><\/span><\/td>\n<td><span data-path-to-node=\"5,6,1,0\">\u00c9cran tactile (240 x 320 pixels) pour un affichage instantan\u00e9 des donn\u00e9es<\/span><\/td>\n<td><\/td>\n<\/tr>\n<tr>\n<td><span data-path-to-node=\"5,7,0,0\"><b>Portabilit\u00e9<\/b><\/span><\/td>\n<td><span data-path-to-node=\"5,7,1,0\">Bo\u00eetier portable, robuste et r\u00e9sistant aux \u00e9claboussures<\/span><\/td>\n<td><\/td>\n<\/tr>\n<tr>\n<td><span data-path-to-node=\"5,8,0,0\"><b>Connectivit\u00e9<\/b><\/span><\/td>\n<td><span data-path-to-node=\"5,8,1,0\">USB 2.0 pour le transfert de donn\u00e9es PC<\/span><\/td>\n<td><\/td>\n<\/tr>\n<tr>\n<td><span data-path-to-node=\"5,9,0,0\"><b>Emplacement<\/b><\/span><\/td>\n<td><span data-path-to-node=\"5,9,1,0\">Int\u00e9gr\u00e9 <b>module GPS<\/b> pour les mesures de g\u00e9or\u00e9f\u00e9rencement<\/span><\/td>\n<td><\/td>\n<\/tr>\n<tr>\n<td><span data-path-to-node=\"5,10,0,0\"><b>Autonomie de la batterie<\/b><\/span><\/td>\n<td><span data-path-to-node=\"5,10,1,0\">Batterie rechargeable Li-Ion, jusqu&#039;\u00e0 48 heures d&#039;autonomie en fonctionnement normal<\/span><\/td>\n<td><\/td>\n<\/tr>\n<tr>\n<td><span data-path-to-node=\"5,11,0,0\"><b>Porte-\u00e9chantillon<\/b><\/span><\/td>\n<td><span data-path-to-node=\"5,11,1,0\">Pince \u00e0 feuille m\u00e9canique pour une mesure facile et non destructive<\/span><\/td>\n<td><\/td>\n<\/tr>\n<\/tbody>\n<\/table>\n<h4 data-path-to-node=\"6\"><\/h4>\n<h4 data-path-to-node=\"6\">Applications id\u00e9ales<\/h4>\n<p data-path-to-node=\"7\">Le PolyPen RP 410 est un instrument id\u00e9al pour\u00a0:<\/p>\n<ul data-path-to-node=\"8\">\n<li>\n<p data-path-to-node=\"8,0,0\"><b>Recherche en biologie et physiologie v\u00e9g\u00e9tale<\/b><\/p>\n<\/li>\n<li>\n<p data-path-to-node=\"8,1,0\"><b><span class=\"citation-42\">Surveillance pr\u00e9coce du stress<\/span><\/b><span class=\"citation-42 citation-end-42\"> (\u00c9tat nutritionnel et hydrique)<\/span><\/p>\n<\/li>\n<li>\n<p data-path-to-node=\"8,2,0\"><b>Agriculture de pr\u00e9cision<\/b> et <b>Gestion des cultures<\/b><\/p>\n<\/li>\n<li>\n<p data-path-to-node=\"8,3,0\"><b>\u00c9cologie<\/b> et <b>Surveillance environnementale<\/b><\/p>\n<\/li>\n<li>\n<p data-path-to-node=\"8,4,0\"><b>S\u00e9lection des plantes<\/b> et <b>\u00c9tudes de terrain<\/b><\/p>\n<\/li>\n<\/ul>","protected":false},"excerpt":{"rendered":"<p data-path-to-node=\"0\"><span class=\"citation-47\">Le <\/span><b><span class=\"citation-47\">PolyPen RP 410<\/span><\/b><span class=\"citation-47\"> Le spectroradiom\u00e8tre portable sophistiqu\u00e9 de PSI (Photon Systems Instruments) est principalement con\u00e7u comme un <\/span><b><span class=\"citation-47\">Analyseur de feuilles<\/span><\/b><span class=\"citation-47 citation-end-47\"> pour la mesure non destructive de la r\u00e9flectance spectrale sur les feuilles et autres \u00e9chantillons plans.<\/span><\/p>\n<p data-path-to-node=\"1\">C&#039;est un outil essentiel pour la biologie v\u00e9g\u00e9tale, l&#039;agriculture, l&#039;horticulture et la recherche \u00e9cologique, fournissant des donn\u00e9es rapides, portables et pr\u00e9cises pour l&#039;\u00e9valuation de la sant\u00e9 et de l&#039;\u00e9tat physiologique des plantes.<\/p>","protected":false},"featured_media":23563,"comment_status":"open","ping_status":"closed","template":"","meta":[],"product_brand":[1319],"product_cat":[1317,1318,705],"product_tag":[1320,1322],"class_list":{"0":"post-23566","1":"product","2":"type-product","3":"status-publish","4":"has-post-thumbnail","6":"product_brand-polypen","7":"product_cat-handheld-sensors","8":"product_cat-polypen","9":"product_cat-sensors","10":"product_tag-polypen","11":"product_tag-rp410-uvis","13":"first","14":"outofstock","15":"taxable","16":"shipping-taxable","17":"purchasable","18":"product-type-simple"},"yoast_head":"<!-- This site is optimized with the Yoast SEO plugin v27.1.1 - https:\/\/yoast.com\/product\/yoast-seo-wordpress\/ -->\n<title>PolyPen RP 410 UVIS - Ghostysky<\/title>\n<meta name=\"description\" content=\"The PolyPen RP 410 by PSI (Photon Systems Instruments) is a sophisticated, handheld spectroradiometer primarily designed as a Leaf Analyzer for the non-destructive measurement of spectral reflectance on leaves and other planar samples.It is an essential tool for plant science, agriculture, horticulture, and ecological research, providing rapid, portable, and precise data for plant health and physiological status assessment.\" \/>\n<meta name=\"robots\" content=\"index, follow, max-snippet:-1, max-image-preview:large, max-video-preview:-1\" \/>\n<link rel=\"canonical\" href=\"https:\/\/www.ghostysky.com\/fr\/product\/polypen-rp-410-uvis\/\" \/>\n<meta property=\"og:locale\" content=\"fr_FR\" \/>\n<meta property=\"og:type\" content=\"article\" \/>\n<meta property=\"og:title\" content=\"PolyPen RP 410 UVIS - Ghostysky\" \/>\n<meta property=\"og:description\" content=\"The PolyPen RP 410 by PSI (Photon Systems Instruments) is a sophisticated, handheld spectroradiometer primarily designed as a Leaf Analyzer for the non-destructive measurement of spectral reflectance on leaves and other planar samples.It is an essential tool for plant science, agriculture, horticulture, and ecological research, providing rapid, portable, and precise data for plant health and physiological status assessment.\" \/>\n<meta property=\"og:url\" content=\"https:\/\/www.ghostysky.com\/fr\/product\/polypen-rp-410-uvis\/\" \/>\n<meta property=\"og:site_name\" content=\"Ghostysky\" \/>\n<meta property=\"article:publisher\" content=\"https:\/\/www.facebook.com\/people\/Ghostysky\/100057676170234\/\" \/>\n<meta property=\"article:modified_time\" content=\"2025-12-15T16:42:14+00:00\" \/>\n<meta property=\"og:image\" content=\"https:\/\/www.ghostysky.com\/wp-content\/uploads\/2025\/12\/GH_polypen-rp-410_1.jpg\" \/>\n\t<meta property=\"og:image:width\" content=\"458\" \/>\n\t<meta property=\"og:image:height\" content=\"458\" \/>\n\t<meta property=\"og:image:type\" content=\"image\/jpeg\" \/>\n<meta name=\"twitter:card\" content=\"summary_large_image\" \/>\n<meta name=\"twitter:site\" content=\"@Gh0stysky\" \/>\n<meta name=\"twitter:label1\" content=\"Dur\u00e9e de lecture estim\u00e9e\" \/>\n\t<meta name=\"twitter:data1\" content=\"2 minutes\" \/>\n<script type=\"application\/ld+json\" class=\"yoast-schema-graph\">{\"@context\":\"https:\/\/schema.org\",\"@graph\":[{\"@type\":\"WebPage\",\"@id\":\"https:\/\/www.ghostysky.com\/product\/polypen-rp-410-uvis\/\",\"url\":\"https:\/\/www.ghostysky.com\/product\/polypen-rp-410-uvis\/\",\"name\":\"PolyPen RP 410 UVIS - Ghostysky\",\"isPartOf\":{\"@id\":\"https:\/\/www.ghostysky.com\/#website\"},\"primaryImageOfPage\":{\"@id\":\"https:\/\/www.ghostysky.com\/product\/polypen-rp-410-uvis\/#primaryimage\"},\"image\":{\"@id\":\"https:\/\/www.ghostysky.com\/product\/polypen-rp-410-uvis\/#primaryimage\"},\"thumbnailUrl\":\"https:\/\/www.ghostysky.com\/wp-content\/uploads\/2025\/12\/GH_polypen-rp-410_1.jpg\",\"datePublished\":\"2025-12-15T16:20:40+00:00\",\"dateModified\":\"2025-12-15T16:42:14+00:00\",\"description\":\"The PolyPen RP 410 by PSI (Photon Systems Instruments) is a sophisticated, handheld spectroradiometer primarily designed as a Leaf Analyzer for the non-destructive measurement of spectral reflectance on leaves and other planar samples.It is an essential tool for plant science, agriculture, horticulture, and ecological research, providing rapid, portable, and precise data for plant health and physiological status assessment.\",\"breadcrumb\":{\"@id\":\"https:\/\/www.ghostysky.com\/product\/polypen-rp-410-uvis\/#breadcrumb\"},\"inLanguage\":\"fr-FR\",\"potentialAction\":[{\"@type\":\"ReadAction\",\"target\":[\"https:\/\/www.ghostysky.com\/product\/polypen-rp-410-uvis\/\"]}]},{\"@type\":\"ImageObject\",\"inLanguage\":\"fr-FR\",\"@id\":\"https:\/\/www.ghostysky.com\/product\/polypen-rp-410-uvis\/#primaryimage\",\"url\":\"https:\/\/www.ghostysky.com\/wp-content\/uploads\/2025\/12\/GH_polypen-rp-410_1.jpg\",\"contentUrl\":\"https:\/\/www.ghostysky.com\/wp-content\/uploads\/2025\/12\/GH_polypen-rp-410_1.jpg\",\"width\":458,\"height\":458},{\"@type\":\"BreadcrumbList\",\"@id\":\"https:\/\/www.ghostysky.com\/product\/polypen-rp-410-uvis\/#breadcrumb\",\"itemListElement\":[{\"@type\":\"ListItem\",\"position\":1,\"name\":\"Home\",\"item\":\"https:\/\/www.ghostysky.com\/\"},{\"@type\":\"ListItem\",\"position\":2,\"name\":\"Shop\",\"item\":\"https:\/\/www.ghostysky.com\/shop\/\"},{\"@type\":\"ListItem\",\"position\":3,\"name\":\"PolyPen RP 410 UVIS\"}]},{\"@type\":\"WebSite\",\"@id\":\"https:\/\/www.ghostysky.com\/#website\",\"url\":\"https:\/\/www.ghostysky.com\/\",\"name\":\"Ghostysky\",\"description\":\"Delivering professional drones and services\",\"publisher\":{\"@id\":\"https:\/\/www.ghostysky.com\/#organization\"},\"potentialAction\":[{\"@type\":\"SearchAction\",\"target\":{\"@type\":\"EntryPoint\",\"urlTemplate\":\"https:\/\/www.ghostysky.com\/?s={search_term_string}\"},\"query-input\":{\"@type\":\"PropertyValueSpecification\",\"valueRequired\":true,\"valueName\":\"search_term_string\"}}],\"inLanguage\":\"fr-FR\"},{\"@type\":\"Organization\",\"@id\":\"https:\/\/www.ghostysky.com\/#organization\",\"name\":\"Ghostysky\",\"url\":\"https:\/\/www.ghostysky.com\/\",\"logo\":{\"@type\":\"ImageObject\",\"inLanguage\":\"fr-FR\",\"@id\":\"https:\/\/www.ghostysky.com\/#\/schema\/logo\/image\/\",\"url\":\"https:\/\/www.ghostysky.com\/wp-content\/uploads\/2020\/06\/cropped-ghostyskylogo_text_white2.png\",\"contentUrl\":\"https:\/\/www.ghostysky.com\/wp-content\/uploads\/2020\/06\/cropped-ghostyskylogo_text_white2.png\",\"width\":169,\"height\":56,\"caption\":\"Ghostysky\"},\"image\":{\"@id\":\"https:\/\/www.ghostysky.com\/#\/schema\/logo\/image\/\"},\"sameAs\":[\"https:\/\/www.facebook.com\/people\/Ghostysky\/100057676170234\/\",\"https:\/\/x.com\/Gh0stysky\",\"https:\/\/www.linkedin.com\/company\/34739653\",\"https:\/\/www.instagram.com\/gh0stysky\"]}]}<\/script>\n<!-- \/ Yoast SEO plugin. -->","yoast_head_json":{"title":"PolyPen RP 410 UVIS - Ghostysky","description":"Le PolyPen RP 410 de PSI (Photon Systems Instruments) est un spectroradiom\u00e8tre portable sophistiqu\u00e9, con\u00e7u principalement comme analyseur de feuilles pour la mesure non destructive de la r\u00e9flectance spectrale des feuilles et autres \u00e9chantillons plans. C&#039;est un outil essentiel pour la biologie v\u00e9g\u00e9tale, l&#039;agriculture, l&#039;horticulture et la recherche \u00e9cologique, fournissant des donn\u00e9es rapides, portables et pr\u00e9cises pour l&#039;\u00e9valuation de la sant\u00e9 et de l&#039;\u00e9tat physiologique des plantes.","robots":{"index":"index","follow":"follow","max-snippet":"max-snippet:-1","max-image-preview":"max-image-preview:large","max-video-preview":"max-video-preview:-1"},"canonical":"https:\/\/www.ghostysky.com\/fr\/product\/polypen-rp-410-uvis\/","og_locale":"fr_FR","og_type":"article","og_title":"PolyPen RP 410 UVIS - Ghostysky","og_description":"The PolyPen RP 410 by PSI (Photon Systems Instruments) is a sophisticated, handheld spectroradiometer primarily designed as a Leaf Analyzer for the non-destructive measurement of spectral reflectance on leaves and other planar samples.It is an essential tool for plant science, agriculture, horticulture, and ecological research, providing rapid, portable, and precise data for plant health and physiological status assessment.","og_url":"https:\/\/www.ghostysky.com\/fr\/product\/polypen-rp-410-uvis\/","og_site_name":"Ghostysky","article_publisher":"https:\/\/www.facebook.com\/people\/Ghostysky\/100057676170234\/","article_modified_time":"2025-12-15T16:42:14+00:00","og_image":[{"width":458,"height":458,"url":"https:\/\/www.ghostysky.com\/wp-content\/uploads\/2025\/12\/GH_polypen-rp-410_1.jpg","type":"image\/jpeg"}],"twitter_card":"summary_large_image","twitter_site":"@Gh0stysky","twitter_misc":{"Dur\u00e9e de lecture estim\u00e9e":"2 minutes"},"schema":{"@context":"https:\/\/schema.org","@graph":[{"@type":"WebPage","@id":"https:\/\/www.ghostysky.com\/product\/polypen-rp-410-uvis\/","url":"https:\/\/www.ghostysky.com\/product\/polypen-rp-410-uvis\/","name":"PolyPen RP 410 UVIS - Ghostysky","isPartOf":{"@id":"https:\/\/www.ghostysky.com\/#website"},"primaryImageOfPage":{"@id":"https:\/\/www.ghostysky.com\/product\/polypen-rp-410-uvis\/#primaryimage"},"image":{"@id":"https:\/\/www.ghostysky.com\/product\/polypen-rp-410-uvis\/#primaryimage"},"thumbnailUrl":"https:\/\/www.ghostysky.com\/wp-content\/uploads\/2025\/12\/GH_polypen-rp-410_1.jpg","datePublished":"2025-12-15T16:20:40+00:00","dateModified":"2025-12-15T16:42:14+00:00","description":"Le PolyPen RP 410 de PSI (Photon Systems Instruments) est un spectroradiom\u00e8tre portable sophistiqu\u00e9, con\u00e7u principalement comme analyseur de feuilles pour la mesure non destructive de la r\u00e9flectance spectrale des feuilles et autres \u00e9chantillons plans. C&#039;est un outil essentiel pour la biologie v\u00e9g\u00e9tale, l&#039;agriculture, l&#039;horticulture et la recherche \u00e9cologique, fournissant des donn\u00e9es rapides, portables et pr\u00e9cises pour l&#039;\u00e9valuation de la sant\u00e9 et de l&#039;\u00e9tat physiologique des plantes.","breadcrumb":{"@id":"https:\/\/www.ghostysky.com\/product\/polypen-rp-410-uvis\/#breadcrumb"},"inLanguage":"fr-FR","potentialAction":[{"@type":"ReadAction","target":["https:\/\/www.ghostysky.com\/product\/polypen-rp-410-uvis\/"]}]},{"@type":"ImageObject","inLanguage":"fr-FR","@id":"https:\/\/www.ghostysky.com\/product\/polypen-rp-410-uvis\/#primaryimage","url":"https:\/\/www.ghostysky.com\/wp-content\/uploads\/2025\/12\/GH_polypen-rp-410_1.jpg","contentUrl":"https:\/\/www.ghostysky.com\/wp-content\/uploads\/2025\/12\/GH_polypen-rp-410_1.jpg","width":458,"height":458},{"@type":"BreadcrumbList","@id":"https:\/\/www.ghostysky.com\/product\/polypen-rp-410-uvis\/#breadcrumb","itemListElement":[{"@type":"ListItem","position":1,"name":"Home","item":"https:\/\/www.ghostysky.com\/"},{"@type":"ListItem","position":2,"name":"Shop","item":"https:\/\/www.ghostysky.com\/shop\/"},{"@type":"ListItem","position":3,"name":"PolyPen RP 410 UVIS"}]},{"@type":"WebSite","@id":"https:\/\/www.ghostysky.com\/#website","url":"https:\/\/www.ghostysky.com\/","name":"Ghostysky","description":"Livraison de drones et de services professionnels","publisher":{"@id":"https:\/\/www.ghostysky.com\/#organization"},"potentialAction":[{"@type":"SearchAction","target":{"@type":"EntryPoint","urlTemplate":"https:\/\/www.ghostysky.com\/?s={search_term_string}"},"query-input":{"@type":"PropertyValueSpecification","valueRequired":true,"valueName":"search_term_string"}}],"inLanguage":"fr-FR"},{"@type":"Organization","@id":"https:\/\/www.ghostysky.com\/#organization","name":"Ghostysky","url":"https:\/\/www.ghostysky.com\/","logo":{"@type":"ImageObject","inLanguage":"fr-FR","@id":"https:\/\/www.ghostysky.com\/#\/schema\/logo\/image\/","url":"https:\/\/www.ghostysky.com\/wp-content\/uploads\/2020\/06\/cropped-ghostyskylogo_text_white2.png","contentUrl":"https:\/\/www.ghostysky.com\/wp-content\/uploads\/2020\/06\/cropped-ghostyskylogo_text_white2.png","width":169,"height":56,"caption":"Ghostysky"},"image":{"@id":"https:\/\/www.ghostysky.com\/#\/schema\/logo\/image\/"},"sameAs":["https:\/\/www.facebook.com\/people\/Ghostysky\/100057676170234\/","https:\/\/x.com\/Gh0stysky","https:\/\/www.linkedin.com\/company\/34739653","https:\/\/www.instagram.com\/gh0stysky"]}]}},"_links":{"self":[{"href":"https:\/\/www.ghostysky.com\/fr\/wp-json\/wp\/v2\/product\/23566","targetHints":{"allow":["GET"]}}],"collection":[{"href":"https:\/\/www.ghostysky.com\/fr\/wp-json\/wp\/v2\/product"}],"about":[{"href":"https:\/\/www.ghostysky.com\/fr\/wp-json\/wp\/v2\/types\/product"}],"replies":[{"embeddable":true,"href":"https:\/\/www.ghostysky.com\/fr\/wp-json\/wp\/v2\/comments?post=23566"}],"wp:featuredmedia":[{"embeddable":true,"href":"https:\/\/www.ghostysky.com\/fr\/wp-json\/wp\/v2\/media\/23563"}],"wp:attachment":[{"href":"https:\/\/www.ghostysky.com\/fr\/wp-json\/wp\/v2\/media?parent=23566"}],"wp:term":[{"taxonomy":"product_brand","embeddable":true,"href":"https:\/\/www.ghostysky.com\/fr\/wp-json\/wp\/v2\/product_brand?post=23566"},{"taxonomy":"product_cat","embeddable":true,"href":"https:\/\/www.ghostysky.com\/fr\/wp-json\/wp\/v2\/product_cat?post=23566"},{"taxonomy":"product_tag","embeddable":true,"href":"https:\/\/www.ghostysky.com\/fr\/wp-json\/wp\/v2\/product_tag?post=23566"}],"curies":[{"name":"wp","href":"https:\/\/api.w.org\/{rel}","templated":true}]}}