{"id":23648,"date":"2026-01-10T10:38:16","date_gmt":"2026-01-10T10:38:16","guid":{"rendered":"https:\/\/www.ghostysky.com\/?post_type=product&#038;p=23648"},"modified":"2026-01-10T11:02:25","modified_gmt":"2026-01-10T11:02:25","slug":"unitree-r1-charger","status":"publish","type":"product","link":"https:\/\/www.ghostysky.com\/fr\/product\/unitree-r1-charger\/","title":{"rendered":"Chargeur Unitree R1"},"content":{"rendered":"<h4 data-path-to-node=\"5\"><b data-path-to-node=\"5\" data-index-in-node=\"0\">Caract\u00e9ristiques principales<\/b><\/h4>\n<ul data-path-to-node=\"6\">\n<li>\n<p data-path-to-node=\"6,0,0\"><b data-path-to-node=\"6,0,0\" data-index-in-node=\"0\">Gestion intelligente de la charge\u00a0:<\/b> Il est dot\u00e9 d&#039;un protocole de communication int\u00e9gr\u00e9 qui interagit avec le BMS (syst\u00e8me de gestion de la batterie) de la batterie afin d&#039;\u00e9viter la surcharge et d&#039;assurer la long\u00e9vit\u00e9 des cellules.<\/p>\n<\/li>\n<li>\n<p data-path-to-node=\"6,1,0\"><b data-path-to-node=\"6,1,0\" data-index-in-node=\"0\">Compatibilit\u00e9 avec les tensions mondiales\u00a0:<\/b> Prend en charge une large plage d&#039;entr\u00e9e (<span class=\"math-inline\" data-math=\"100V\" data-index-in-node=\"59\">$100V$<\/span>\u2013<span class=\"math-inline\" data-math=\"240V\" data-index-in-node=\"64\">$240V$<\/span>), ce qui le rend utilisable dans diff\u00e9rentes r\u00e9gions sans avoir besoin de convertisseurs de tension externes.<\/p>\n<\/li>\n<li>\n<p data-path-to-node=\"6,2,0\"><b data-path-to-node=\"6,2,0\" data-index-in-node=\"0\">Compact et portable :<\/b> Partageant la m\u00eame philosophie que le R1, \u00e0 savoir \u00eatre \u00ab ultra-l\u00e9ger \u00bb, le chargeur est suffisamment petit pour tenir dans un sac \u00e0 dos standard ou dans l&#039;\u00e9tui de transport d\u00e9di\u00e9 du R1.<\/p>\n<\/li>\n<li>\n<p data-path-to-node=\"6,3,0\"><b data-path-to-node=\"6,3,0\" data-index-in-node=\"0\">Indicateurs d&#039;\u00e9tat\u00a0:<\/b> Des indicateurs LED int\u00e9gr\u00e9s fournissent un retour d&#039;information en temps r\u00e9el sur l&#039;\u00e9tat de charge (par exemple, en charge, compl\u00e8tement charg\u00e9 ou erreur).<\/p>\n<\/li>\n<\/ul>\n<h4 data-path-to-node=\"7\"><b data-path-to-node=\"7\" data-index-in-node=\"0\">Sp\u00e9cifications techniques<\/b><\/h4>\n<table data-path-to-node=\"8\">\n<thead>\n<tr>\n<td><strong>Fonctionnalit\u00e9<\/strong><\/td>\n<td><strong>Sp\u00e9cification<\/strong><\/td>\n<\/tr>\n<\/thead>\n<tbody>\n<tr>\n<td><span data-path-to-node=\"8,1,0,0\"><b data-path-to-node=\"8,1,0,0\" data-index-in-node=\"0\">Puissance d&#039;entr\u00e9e<\/b><\/span><\/td>\n<td><span data-path-to-node=\"8,1,1,0\"><span class=\"math-inline\" data-math=\"100\" data-index-in-node=\"0\">100<\/span>\u2013<span class=\"math-inline\" data-math=\"240V\" data-index-in-node=\"4\">240 V<\/span> ~ <span class=\"math-inline\" data-math=\"50\/60Hz\" data-index-in-node=\"11\">50\/60 Hz<\/span><\/span><\/td>\n<\/tr>\n<tr>\n<td><span data-path-to-node=\"8,2,0,0\"><b data-path-to-node=\"8,2,0,0\" data-index-in-node=\"0\">Tension de sortie<\/b><\/span><\/td>\n<td><span data-path-to-node=\"8,2,1,0\"><span class=\"math-inline\" data-math=\"37.8V\" data-index-in-node=\"0\">37,8 V<\/span>\u00a0(Tension de charge finale)<\/span><\/td>\n<\/tr>\n<tr>\n<td><span data-path-to-node=\"8,3,0,0\"><b data-path-to-node=\"8,3,0,0\" data-index-in-node=\"0\">Puissance nominale<\/b><\/span><\/td>\n<td><span data-path-to-node=\"8,3,1,0\">Env. <span class=\"math-inline\" data-math=\"32.4V\" data-index-in-node=\"8\">32,4 V<\/span> \/ <span class=\"math-inline\" data-math=\"4A\" data-index-in-node=\"16\">4A<\/span>\u2013<span class=\"math-inline\" data-math=\"5A\" data-index-in-node=\"19\">5A<\/span><\/span><\/td>\n<\/tr>\n<tr>\n<td><span data-path-to-node=\"8,4,0,0\"><b data-path-to-node=\"8,4,0,0\" data-index-in-node=\"0\">Temps de charge<\/b><\/span><\/td>\n<td><span data-path-to-node=\"8,4,1,0\">Env. <span class=\"math-inline\" data-math=\"1.5\" data-index-in-node=\"8\">1.5<\/span>\u2013<span class=\"math-inline\" data-math=\"2\" data-index-in-node=\"12\">2<\/span>\u00a0heures (batterie standard)<\/span><\/td>\n<\/tr>\n<tr>\n<td><span data-path-to-node=\"8,5,0,0\"><b data-path-to-node=\"8,5,0,0\" data-index-in-node=\"0\">Type de connecteur<\/b><\/span><\/td>\n<td><span data-path-to-node=\"8,5,1,0\">Prise aviation multipoints propri\u00e9taire<\/span><\/td>\n<\/tr>\n<tr>\n<td><span data-path-to-node=\"8,6,0,0\"><b data-path-to-node=\"8,6,0,0\" data-index-in-node=\"0\">Certifications de s\u00e9curit\u00e9<\/b><\/span><\/td>\n<td><span data-path-to-node=\"8,6,1,0\">Protection contre les surtensions, les surintensit\u00e9s, les courts-circuits et les surchauffes<\/span><\/td>\n<\/tr>\n<\/tbody>\n<\/table>\n<h3 data-path-to-node=\"9\"><b data-path-to-node=\"9\" data-index-in-node=\"0\">Utilisation et entretien<\/b><\/h3>\n<p data-path-to-node=\"10\">Pour garantir une dur\u00e9e de vie maximale \u00e0 votre batterie Unitree R1\u00a0:<\/p>\n<ol start=\"1\" data-path-to-node=\"11\">\n<li>\n<p data-path-to-node=\"11,0,0\"><b data-path-to-node=\"11,0,0\" data-index-in-node=\"0\">Environnement:<\/b> Toujours recharger dans un endroit frais et sec (<span class=\"math-inline\" data-math=\"0\\text{\u00b0C}\" data-index-in-node=\"49\">0\u00b0C<\/span> \u00e0 <span class=\"math-inline\" data-math=\"40\\text{\u00b0C}\" data-index-in-node=\"63\">40\u00b0C<\/span>).<\/p>\n<\/li>\n<li>\n<p data-path-to-node=\"11,1,0\"><b data-path-to-node=\"11,1,0\" data-index-in-node=\"0\">Originalit\u00e9:<\/b> Utilisez uniquement le chargeur officiel Unitree\u00a0; les alimentations tierces peuvent d\u00e9clencher la protection mat\u00e9rielle du robot ou endommager ses composants sensibles. <span class=\"math-inline\" data-math=\"PMSM\" data-index-in-node=\"147\">PMSM<\/span>\u00a0moteurs conjoints.<\/p>\n<\/li>\n<li>\n<p data-path-to-node=\"11,2,0\"><b data-path-to-node=\"11,2,0\" data-index-in-node=\"0\">Stockage:<\/b> Si le robot n&#039;est pas utilis\u00e9 pendant une p\u00e9riode prolong\u00e9e, il est recommand\u00e9 de charger la batterie \u00e0 environ <span class=\"math-inline\" data-math=\"50\\%\" data-index-in-node=\"106\">50% <\/span>et utilisez le mode de maintenance du chargeur s&#039;il est disponible.<\/p>\n<\/li>\n<\/ol>","protected":false},"excerpt":{"rendered":"<p data-path-to-node=\"4\">Le chargeur Unitree R1 fournit une source d&#039;alimentation stable et efficace pour la batterie lithium-ion haute capacit\u00e9 du robot R1. Con\u00e7u pour une utilisation simplifi\u00e9e (\u00ab\u00a0plug-and-play\u00a0\u00bb), il permet aux chercheurs et aux d\u00e9veloppeurs de minimiser les temps d&#039;arr\u00eat entre les essais du robot.<\/p>","protected":false},"featured_media":23649,"comment_status":"open","ping_status":"closed","template":"","meta":[],"product_brand":[1087],"product_cat":[1038,1037,1102],"product_tag":[1088,1325,1113],"class_list":{"0":"post-23648","1":"product","2":"type-product","3":"status-publish","4":"has-post-thumbnail","6":"product_brand-unitree","7":"product_cat-humanoid","8":"product_cat-robotics","9":"product_cat-unitree-hum-accessories","10":"product_tag-unitree","11":"product_tag-unitree-r1-accessories","12":"product_tag-unitree-r1-series","14":"first","15":"onbackorder","16":"taxable","17":"shipping-taxable","18":"product-type-simple"},"yoast_head":"<!-- This site is optimized with the Yoast SEO plugin v27.4 - https:\/\/yoast.com\/product\/yoast-seo-wordpress\/ -->\n<title>Unitree R1 Charger - Ghostysky<\/title>\n<meta name=\"description\" content=\"The Unitree R1 Charger provides a stable and efficient power source for the R1\u2019s high-capacity lithium-ion battery. Designed with a focus on &quot;plug-and-play&quot; simplicity, it allows researchers and developers to minimize downtime between robot trials.\" \/>\n<meta name=\"robots\" content=\"index, follow, max-snippet:-1, max-image-preview:large, max-video-preview:-1\" \/>\n<link rel=\"canonical\" href=\"https:\/\/www.ghostysky.com\/fr\/product\/unitree-r1-charger\/\" \/>\n<meta property=\"og:locale\" content=\"fr_FR\" \/>\n<meta property=\"og:type\" content=\"article\" \/>\n<meta property=\"og:title\" content=\"Unitree R1 Charger - Ghostysky\" \/>\n<meta property=\"og:description\" content=\"The Unitree R1 Charger provides a stable and efficient power source for the R1\u2019s high-capacity lithium-ion battery. Designed with a focus on &quot;plug-and-play&quot; simplicity, it allows researchers and developers to minimize downtime between robot trials.\" \/>\n<meta property=\"og:url\" content=\"https:\/\/www.ghostysky.com\/fr\/product\/unitree-r1-charger\/\" \/>\n<meta property=\"og:site_name\" content=\"Ghostysky\" \/>\n<meta property=\"article:publisher\" content=\"https:\/\/www.facebook.com\/people\/Ghostysky\/100057676170234\/\" \/>\n<meta property=\"article:modified_time\" content=\"2026-01-10T11:02:25+00:00\" \/>\n<meta property=\"og:image\" content=\"https:\/\/www.ghostysky.com\/wp-content\/uploads\/2026\/01\/GH_Unitreer1_Charger_1.jpg\" \/>\n\t<meta property=\"og:image:width\" content=\"225\" \/>\n\t<meta property=\"og:image:height\" content=\"225\" \/>\n\t<meta property=\"og:image:type\" content=\"image\/jpeg\" \/>\n<meta name=\"twitter:card\" content=\"summary_large_image\" \/>\n<meta name=\"twitter:site\" content=\"@Gh0stysky\" \/>\n<meta name=\"twitter:label1\" content=\"Dur\u00e9e de lecture estim\u00e9e\" \/>\n\t<meta name=\"twitter:data1\" content=\"2 minutes\" \/>\n<script type=\"application\/ld+json\" class=\"yoast-schema-graph\">{\"@context\":\"https:\\\/\\\/schema.org\",\"@graph\":[{\"@type\":\"WebPage\",\"@id\":\"https:\\\/\\\/www.ghostysky.com\\\/product\\\/unitree-r1-charger\\\/\",\"url\":\"https:\\\/\\\/www.ghostysky.com\\\/product\\\/unitree-r1-charger\\\/\",\"name\":\"Unitree R1 Charger - Ghostysky\",\"isPartOf\":{\"@id\":\"https:\\\/\\\/www.ghostysky.com\\\/#website\"},\"primaryImageOfPage\":{\"@id\":\"https:\\\/\\\/www.ghostysky.com\\\/product\\\/unitree-r1-charger\\\/#primaryimage\"},\"image\":{\"@id\":\"https:\\\/\\\/www.ghostysky.com\\\/product\\\/unitree-r1-charger\\\/#primaryimage\"},\"thumbnailUrl\":\"https:\\\/\\\/www.ghostysky.com\\\/wp-content\\\/uploads\\\/2026\\\/01\\\/GH_Unitreer1_Charger_1.jpg\",\"datePublished\":\"2026-01-10T10:38:16+00:00\",\"dateModified\":\"2026-01-10T11:02:25+00:00\",\"description\":\"The Unitree R1 Charger provides a stable and efficient power source for the R1\u2019s high-capacity lithium-ion battery. Designed with a focus on \\\"plug-and-play\\\" simplicity, it allows researchers and developers to minimize downtime between robot trials.\",\"breadcrumb\":{\"@id\":\"https:\\\/\\\/www.ghostysky.com\\\/product\\\/unitree-r1-charger\\\/#breadcrumb\"},\"inLanguage\":\"fr-FR\",\"potentialAction\":[{\"@type\":\"ReadAction\",\"target\":[\"https:\\\/\\\/www.ghostysky.com\\\/product\\\/unitree-r1-charger\\\/\"]}]},{\"@type\":\"ImageObject\",\"inLanguage\":\"fr-FR\",\"@id\":\"https:\\\/\\\/www.ghostysky.com\\\/product\\\/unitree-r1-charger\\\/#primaryimage\",\"url\":\"https:\\\/\\\/www.ghostysky.com\\\/wp-content\\\/uploads\\\/2026\\\/01\\\/GH_Unitreer1_Charger_1.jpg\",\"contentUrl\":\"https:\\\/\\\/www.ghostysky.com\\\/wp-content\\\/uploads\\\/2026\\\/01\\\/GH_Unitreer1_Charger_1.jpg\",\"width\":225,\"height\":225},{\"@type\":\"BreadcrumbList\",\"@id\":\"https:\\\/\\\/www.ghostysky.com\\\/product\\\/unitree-r1-charger\\\/#breadcrumb\",\"itemListElement\":[{\"@type\":\"ListItem\",\"position\":1,\"name\":\"Home\",\"item\":\"https:\\\/\\\/www.ghostysky.com\\\/\"},{\"@type\":\"ListItem\",\"position\":2,\"name\":\"Shop\",\"item\":\"https:\\\/\\\/www.ghostysky.com\\\/shop\\\/\"},{\"@type\":\"ListItem\",\"position\":3,\"name\":\"Unitree R1 Charger\"}]},{\"@type\":\"WebSite\",\"@id\":\"https:\\\/\\\/www.ghostysky.com\\\/#website\",\"url\":\"https:\\\/\\\/www.ghostysky.com\\\/\",\"name\":\"Ghostysky\",\"description\":\"Delivering professional drones and services\",\"publisher\":{\"@id\":\"https:\\\/\\\/www.ghostysky.com\\\/#organization\"},\"potentialAction\":[{\"@type\":\"SearchAction\",\"target\":{\"@type\":\"EntryPoint\",\"urlTemplate\":\"https:\\\/\\\/www.ghostysky.com\\\/?s={search_term_string}\"},\"query-input\":{\"@type\":\"PropertyValueSpecification\",\"valueRequired\":true,\"valueName\":\"search_term_string\"}}],\"inLanguage\":\"fr-FR\"},{\"@type\":\"Organization\",\"@id\":\"https:\\\/\\\/www.ghostysky.com\\\/#organization\",\"name\":\"Ghostysky\",\"url\":\"https:\\\/\\\/www.ghostysky.com\\\/\",\"logo\":{\"@type\":\"ImageObject\",\"inLanguage\":\"fr-FR\",\"@id\":\"https:\\\/\\\/www.ghostysky.com\\\/#\\\/schema\\\/logo\\\/image\\\/\",\"url\":\"https:\\\/\\\/www.ghostysky.com\\\/wp-content\\\/uploads\\\/2020\\\/06\\\/cropped-ghostyskylogo_text_white2.png\",\"contentUrl\":\"https:\\\/\\\/www.ghostysky.com\\\/wp-content\\\/uploads\\\/2020\\\/06\\\/cropped-ghostyskylogo_text_white2.png\",\"width\":169,\"height\":56,\"caption\":\"Ghostysky\"},\"image\":{\"@id\":\"https:\\\/\\\/www.ghostysky.com\\\/#\\\/schema\\\/logo\\\/image\\\/\"},\"sameAs\":[\"https:\\\/\\\/www.facebook.com\\\/people\\\/Ghostysky\\\/100057676170234\\\/\",\"https:\\\/\\\/x.com\\\/Gh0stysky\",\"https:\\\/\\\/www.linkedin.com\\\/company\\\/34739653\",\"https:\\\/\\\/www.instagram.com\\\/gh0stysky\"]}]}<\/script>\n<!-- \/ Yoast SEO plugin. -->","yoast_head_json":{"title":"Chargeur Unitree R1 - Ghostysky","description":"Le chargeur Unitree R1 fournit une source d&#039;alimentation stable et efficace pour la batterie lithium-ion haute capacit\u00e9 du robot R1. Con\u00e7u pour une utilisation simplifi\u00e9e (\u00ab\u00a0plug-and-play\u00a0\u00bb), il permet aux chercheurs et aux d\u00e9veloppeurs de minimiser les temps d&#039;arr\u00eat entre les essais du robot.","robots":{"index":"index","follow":"follow","max-snippet":"max-snippet:-1","max-image-preview":"max-image-preview:large","max-video-preview":"max-video-preview:-1"},"canonical":"https:\/\/www.ghostysky.com\/fr\/product\/unitree-r1-charger\/","og_locale":"fr_FR","og_type":"article","og_title":"Unitree R1 Charger - Ghostysky","og_description":"The Unitree R1 Charger provides a stable and efficient power source for the R1\u2019s high-capacity lithium-ion battery. Designed with a focus on \"plug-and-play\" simplicity, it allows researchers and developers to minimize downtime between robot trials.","og_url":"https:\/\/www.ghostysky.com\/fr\/product\/unitree-r1-charger\/","og_site_name":"Ghostysky","article_publisher":"https:\/\/www.facebook.com\/people\/Ghostysky\/100057676170234\/","article_modified_time":"2026-01-10T11:02:25+00:00","og_image":[{"width":225,"height":225,"url":"https:\/\/www.ghostysky.com\/wp-content\/uploads\/2026\/01\/GH_Unitreer1_Charger_1.jpg","type":"image\/jpeg"}],"twitter_card":"summary_large_image","twitter_site":"@Gh0stysky","twitter_misc":{"Dur\u00e9e de lecture estim\u00e9e":"2 minutes"},"schema":{"@context":"https:\/\/schema.org","@graph":[{"@type":"WebPage","@id":"https:\/\/www.ghostysky.com\/product\/unitree-r1-charger\/","url":"https:\/\/www.ghostysky.com\/product\/unitree-r1-charger\/","name":"Chargeur Unitree R1 - Ghostysky","isPartOf":{"@id":"https:\/\/www.ghostysky.com\/#website"},"primaryImageOfPage":{"@id":"https:\/\/www.ghostysky.com\/product\/unitree-r1-charger\/#primaryimage"},"image":{"@id":"https:\/\/www.ghostysky.com\/product\/unitree-r1-charger\/#primaryimage"},"thumbnailUrl":"https:\/\/www.ghostysky.com\/wp-content\/uploads\/2026\/01\/GH_Unitreer1_Charger_1.jpg","datePublished":"2026-01-10T10:38:16+00:00","dateModified":"2026-01-10T11:02:25+00:00","description":"Le chargeur Unitree R1 fournit une source d&#039;alimentation stable et efficace pour la batterie lithium-ion haute capacit\u00e9 du robot R1. Con\u00e7u pour une utilisation simplifi\u00e9e (\u00ab\u00a0plug-and-play\u00a0\u00bb), il permet aux chercheurs et aux d\u00e9veloppeurs de minimiser les temps d&#039;arr\u00eat entre les essais du robot.","breadcrumb":{"@id":"https:\/\/www.ghostysky.com\/product\/unitree-r1-charger\/#breadcrumb"},"inLanguage":"fr-FR","potentialAction":[{"@type":"ReadAction","target":["https:\/\/www.ghostysky.com\/product\/unitree-r1-charger\/"]}]},{"@type":"ImageObject","inLanguage":"fr-FR","@id":"https:\/\/www.ghostysky.com\/product\/unitree-r1-charger\/#primaryimage","url":"https:\/\/www.ghostysky.com\/wp-content\/uploads\/2026\/01\/GH_Unitreer1_Charger_1.jpg","contentUrl":"https:\/\/www.ghostysky.com\/wp-content\/uploads\/2026\/01\/GH_Unitreer1_Charger_1.jpg","width":225,"height":225},{"@type":"BreadcrumbList","@id":"https:\/\/www.ghostysky.com\/product\/unitree-r1-charger\/#breadcrumb","itemListElement":[{"@type":"ListItem","position":1,"name":"Home","item":"https:\/\/www.ghostysky.com\/"},{"@type":"ListItem","position":2,"name":"Shop","item":"https:\/\/www.ghostysky.com\/shop\/"},{"@type":"ListItem","position":3,"name":"Unitree R1 Charger"}]},{"@type":"WebSite","@id":"https:\/\/www.ghostysky.com\/#website","url":"https:\/\/www.ghostysky.com\/","name":"Ghostysky","description":"Livraison de drones et de services professionnels","publisher":{"@id":"https:\/\/www.ghostysky.com\/#organization"},"potentialAction":[{"@type":"SearchAction","target":{"@type":"EntryPoint","urlTemplate":"https:\/\/www.ghostysky.com\/?s={search_term_string}"},"query-input":{"@type":"PropertyValueSpecification","valueRequired":true,"valueName":"search_term_string"}}],"inLanguage":"fr-FR"},{"@type":"Organization","@id":"https:\/\/www.ghostysky.com\/#organization","name":"Ghostysky","url":"https:\/\/www.ghostysky.com\/","logo":{"@type":"ImageObject","inLanguage":"fr-FR","@id":"https:\/\/www.ghostysky.com\/#\/schema\/logo\/image\/","url":"https:\/\/www.ghostysky.com\/wp-content\/uploads\/2020\/06\/cropped-ghostyskylogo_text_white2.png","contentUrl":"https:\/\/www.ghostysky.com\/wp-content\/uploads\/2020\/06\/cropped-ghostyskylogo_text_white2.png","width":169,"height":56,"caption":"Ghostysky"},"image":{"@id":"https:\/\/www.ghostysky.com\/#\/schema\/logo\/image\/"},"sameAs":["https:\/\/www.facebook.com\/people\/Ghostysky\/100057676170234\/","https:\/\/x.com\/Gh0stysky","https:\/\/www.linkedin.com\/company\/34739653","https:\/\/www.instagram.com\/gh0stysky"]}]}},"_links":{"self":[{"href":"https:\/\/www.ghostysky.com\/fr\/wp-json\/wp\/v2\/product\/23648","targetHints":{"allow":["GET"]}}],"collection":[{"href":"https:\/\/www.ghostysky.com\/fr\/wp-json\/wp\/v2\/product"}],"about":[{"href":"https:\/\/www.ghostysky.com\/fr\/wp-json\/wp\/v2\/types\/product"}],"replies":[{"embeddable":true,"href":"https:\/\/www.ghostysky.com\/fr\/wp-json\/wp\/v2\/comments?post=23648"}],"wp:featuredmedia":[{"embeddable":true,"href":"https:\/\/www.ghostysky.com\/fr\/wp-json\/wp\/v2\/media\/23649"}],"wp:attachment":[{"href":"https:\/\/www.ghostysky.com\/fr\/wp-json\/wp\/v2\/media?parent=23648"}],"wp:term":[{"taxonomy":"product_brand","embeddable":true,"href":"https:\/\/www.ghostysky.com\/fr\/wp-json\/wp\/v2\/product_brand?post=23648"},{"taxonomy":"product_cat","embeddable":true,"href":"https:\/\/www.ghostysky.com\/fr\/wp-json\/wp\/v2\/product_cat?post=23648"},{"taxonomy":"product_tag","embeddable":true,"href":"https:\/\/www.ghostysky.com\/fr\/wp-json\/wp\/v2\/product_tag?post=23648"}],"curies":[{"name":"wp","href":"https:\/\/api.w.org\/{rel}","templated":true}]}}