{"id":23655,"date":"2026-01-10T11:11:56","date_gmt":"2026-01-10T11:11:56","guid":{"rendered":"https:\/\/www.ghostysky.com\/?post_type=product&#038;p=23655"},"modified":"2026-01-10T11:22:16","modified_gmt":"2026-01-10T11:22:16","slug":"unitree-h2","status":"publish","type":"product","link":"https:\/\/www.ghostysky.com\/fr\/product\/unitree-h2\/","title":{"rendered":"Unitree H2"},"content":{"rendered":"<h4 data-path-to-node=\"3\">Caract\u00e9ristiques techniques cl\u00e9s<\/h4>\n<table data-path-to-node=\"4\">\n<thead>\n<tr>\n<td><strong>Fonctionnalit\u00e9<\/strong><\/td>\n<td><strong>Sp\u00e9cification<\/strong><\/td>\n<\/tr>\n<\/thead>\n<tbody>\n<tr>\n<td><span data-path-to-node=\"4,1,0,0\"><b data-path-to-node=\"4,1,0,0\" data-index-in-node=\"0\">Hauteur<\/b><\/span><\/td>\n<td><span data-path-to-node=\"4,1,1,0\">182 cm (6\u2032 0\u2033)<\/span><\/td>\n<\/tr>\n<tr>\n<td><span data-path-to-node=\"4,2,0,0\"><b data-path-to-node=\"4,2,0,0\" data-index-in-node=\"0\">Poids<\/b><\/span><\/td>\n<td><span data-path-to-node=\"4,2,1,0\">~70 kg (154 lbs)<\/span><\/td>\n<\/tr>\n<tr>\n<td><span data-path-to-node=\"4,3,0,0\"><b data-path-to-node=\"4,3,0,0\" data-index-in-node=\"0\">Degr\u00e9s de libert\u00e9<\/b><\/span><\/td>\n<td><span data-path-to-node=\"4,3,1,0\">31 articulations (6 par jambe, 7 par bras, 3 \u00e0 la taille, 2 au cou)<\/span><\/td>\n<\/tr>\n<tr>\n<td><span data-path-to-node=\"4,4,0,0\"><b data-path-to-node=\"4,4,0,0\" data-index-in-node=\"0\">Couple maximal<\/b><\/span><\/td>\n<td><span data-path-to-node=\"4,4,1,0\">360 Nm (jambes) \/ 120 Nm (bras)<\/span><\/td>\n<\/tr>\n<tr>\n<td><span data-path-to-node=\"4,5,0,0\"><b data-path-to-node=\"4,5,0,0\" data-index-in-node=\"0\">Charge utile<\/b><\/span><\/td>\n<td><span data-path-to-node=\"4,5,1,0\">Charge nominale de 7 kg \/ Charge maximale de 15 \u00e0 21 kg (par bras)<\/span><\/td>\n<\/tr>\n<tr>\n<td><span data-path-to-node=\"4,6,0,0\"><b data-path-to-node=\"4,6,0,0\" data-index-in-node=\"0\">Autonomie de la batterie<\/b><\/span><\/td>\n<td><span data-path-to-node=\"4,6,1,0\">~3 heures (0,97 kWh \/ 15 Ah)<\/span><\/td>\n<\/tr>\n<tr>\n<td><span data-path-to-node=\"4,7,0,0\"><b data-path-to-node=\"4,7,0,0\" data-index-in-node=\"0\">Informatique<\/b><\/span><\/td>\n<td><span data-path-to-node=\"4,7,1,0\">Intel Core i5\/i7 + carte graphique NVIDIA Jetson Orin (2070 TOPS) en option<\/span><\/td>\n<\/tr>\n<tr>\n<td><span data-path-to-node=\"4,8,0,0\"><b data-path-to-node=\"4,8,0,0\" data-index-in-node=\"0\">Connectivit\u00e9<\/b><\/span><\/td>\n<td><span data-path-to-node=\"4,8,1,0\">Wi-Fi 6, Bluetooth 5.2<\/span><\/td>\n<\/tr>\n<\/tbody>\n<\/table>\n<p>&nbsp;<\/p>\n<h4 data-path-to-node=\"6\">Fonctionnalit\u00e9s et capacit\u00e9s principales<\/h4>\n<ul data-path-to-node=\"7\">\n<li>\n<p data-path-to-node=\"7,0,0\"><b data-path-to-node=\"7,0,0\" data-index-in-node=\"0\">Agilit\u00e9 dynamique\u00a0:<\/b><span class=\"citation-143\"> Le H2 a fait le buzz sur internet gr\u00e2ce \u00e0 ses capacit\u00e9s en mati\u00e8re d&#039;\u00ab arts martiaux \u00bb, notamment <\/span><b data-path-to-node=\"7,0,0\" data-index-in-node=\"98\"><span class=\"citation-143\">coups de pied tournants \u00e0 360 degr\u00e9s<\/span><\/b><span class=\"citation-143 citation-end-143\">, des saltos arri\u00e8re et la frappe de sacs de sable de 60 kg tout en conservant un \u00e9quilibre parfait.<\/span><\/p>\n<\/li>\n<li>\n<p data-path-to-node=\"7,1,0\"><b data-path-to-node=\"7,1,0\" data-index-in-node=\"0\">Esth\u00e9tique bionique :<\/b><span class=\"citation-142 citation-end-142\"> Contrairement \u00e0 l&#039;aspect industriel \u00ab robotique \u00bb du H1, le H2 arbore une face avant \u00e9l\u00e9gante, argent\u00e9e et presque humaine, ainsi qu&#039;une carrosserie raffin\u00e9e, con\u00e7ues pour le rendre plus accessible aux r\u00f4les dans l&#039;h\u00f4tellerie et les services.<\/span><\/p>\n<\/li>\n<li>\n<p data-path-to-node=\"7,2,0\"><b data-path-to-node=\"7,2,0\" data-index-in-node=\"0\"><span class=\"citation-141\">Articulation avanc\u00e9e :<\/span><\/b><span class=\"citation-141 citation-end-141\"> Avec 7 degr\u00e9s de libert\u00e9 par bras et une taille \u00e0 3 degr\u00e9s de libert\u00e9, le H2 peut effectuer des gestes nuanc\u00e9s et des t\u00e2ches n\u00e9cessitant une grande port\u00e9e, ce qui posait probl\u00e8me aux mod\u00e8les pr\u00e9c\u00e9dents.<\/span><\/p>\n<\/li>\n<li>\n<p data-path-to-node=\"7,3,0\"><b data-path-to-node=\"7,3,0\" data-index-in-node=\"0\"><span class=\"citation-140\">IA et perception :<\/span><\/b><span class=\"citation-140 citation-end-140\"> Il est \u00e9quip\u00e9 d&#039;un syst\u00e8me de cam\u00e9ra de profondeur binoculaire et d&#039;un ensemble de microphones pour l&#039;interaction vocale.<sup class=\"superscript\" data-turn-source-index=\"7\">7<\/sup><\/span> <span class=\"citation-139 citation-end-139\">Ses modules de calcul haute performance prennent en charge des mod\u00e8les d&#039;IA \u00e0 grande \u00e9chelle pour la navigation en temps r\u00e9el et la reconnaissance gestuelle.<\/span><\/p>\n<\/li>\n<\/ul>\n<h4 data-path-to-node=\"8\">H2 vs. H1 : Qu&#039;est-ce qui a chang\u00e9 ?<\/h4>\n<ol start=\"1\" data-path-to-node=\"9\">\n<li>\n<p data-path-to-node=\"9,0,0\"><b data-path-to-node=\"9,0,0\" data-index-in-node=\"0\">Vitesse contre <span class=\"citation-138\">Comp\u00e9tence:<\/span><\/b><span class=\"citation-138\"> La H1 a battu des records du monde de vitesse (3,3 m\/s), mais la H2 privil\u00e9gie\u2026 <\/span><b data-path-to-node=\"9,0,0\" data-index-in-node=\"88\"><span class=\"citation-138\">couple et dext\u00e9rit\u00e9<\/span><\/b><span class=\"citation-138 citation-end-138\">, se d\u00e9pla\u00e7ant \u00e0 une vitesse plus stable &lt;2 m\/s.<\/span><\/p>\n<\/li>\n<li>\n<p data-path-to-node=\"9,1,0\"><b data-path-to-node=\"9,1,0\" data-index-in-node=\"0\">Cou et taille :<\/b><span class=\"citation-137 citation-end-137\"> Le H2 ajoute un cou \u00e0 2 degr\u00e9s de libert\u00e9 et une taille \u00e0 3 degr\u00e9s de libert\u00e9 tr\u00e8s flexible, lui permettant de regarder autour de lui et de tordre son torse comme un humain.<\/span><\/p>\n<\/li>\n<li>\n<p data-path-to-node=\"9,2,0\"><b data-path-to-node=\"9,2,0\" data-index-in-node=\"0\"><span class=\"citation-136\">Endurance:<\/span><\/b><span class=\"citation-136 citation-end-136\"> Un syst\u00e8me de batterie \u00e0 tension plus \u00e9lev\u00e9e (75,6 V) offre une meilleure efficacit\u00e9 du moteur et des fen\u00eatres de fonctionnement plus longues.<\/span><\/p>\n<\/li>\n<\/ol>","protected":false},"excerpt":{"rendered":"<p data-path-to-node=\"0\"><span class=\"citation-146\">Le <\/span><b data-path-to-node=\"0\" data-index-in-node=\"4\"><span class=\"citation-146\">Unitree H2<\/span><\/b><span class=\"citation-146 citation-end-146\"> (Souvent appel\u00e9 par l&#039;entreprise \u00ab Destiny Awakening \u00bb) est le dernier robot humano\u00efde grandeur nature phare d&#039;Unitree.<\/span> <span class=\"citation-145\">D\u00e9voil\u00e9 fin 2025, le H2 marque un tournant important par rapport \u00e0 la vitesse brute de son pr\u00e9d\u00e9cesseur, le H1, pour s&#039;orienter vers\u2026 <\/span><b data-path-to-node=\"0\" data-index-in-node=\"239\"><span class=\"citation-145 citation-end-145\">fluidit\u00e9, expression quasi humaine et manipulation complexe.<\/span><\/b><\/p>\n<p data-path-to-node=\"0\"><span class=\"citation-146\">Le <\/span><b data-path-to-node=\"0\" data-index-in-node=\"4\"><span class=\"citation-146\">Unitree H2<\/span><\/b><span class=\"citation-146 citation-end-146\"> (Souvent appel\u00e9 par l&#039;entreprise \u00ab Destiny Awakening \u00bb) est le dernier robot humano\u00efde grandeur nature phare d&#039;Unitree.<\/span> <span class=\"citation-145\">D\u00e9voil\u00e9 fin 2025, le H2 marque un tournant important par rapport \u00e0 la vitesse brute de son pr\u00e9d\u00e9cesseur, le H1, pour s&#039;orienter vers\u2026 <\/span><b data-path-to-node=\"0\" data-index-in-node=\"239\"><span class=\"citation-145 citation-end-145\">fluidit\u00e9, expression quasi humaine et manipulation complexe<\/span><\/b><span class=\"citation-144 citation-end-144\">.<\/span><\/p>","protected":false},"featured_media":23657,"comment_status":"open","ping_status":"closed","template":"","meta":[],"product_brand":[1087],"product_cat":[1038,1037,1103],"product_tag":[1088,1327,1326],"class_list":{"0":"post-23655","1":"product","2":"type-product","3":"status-publish","4":"has-post-thumbnail","6":"product_brand-unitree","7":"product_cat-humanoid","8":"product_cat-robotics","9":"product_cat-unitree-hum-robots","10":"product_tag-unitree","11":"product_tag-unitree-h2-robots","12":"product_tag-unitree-h2-series","14":"first","15":"onbackorder","16":"taxable","17":"shipping-taxable","18":"purchasable","19":"product-type-simple"},"yoast_head":"<!-- This site is optimized with the Yoast SEO plugin v27.1.1 - https:\/\/yoast.com\/product\/yoast-seo-wordpress\/ -->\n<title>Unitree H2 - Ghostysky<\/title>\n<meta name=\"description\" content=\"The Unitree H2 (often referred to by the company as &quot;Destiny Awakening&quot;) is Unitree\u2019s latest flagship full-sized humanoid robot. Unveiled in late 2025, the H2 marks a significant pivot from the raw speed of its predecessor, the H1, toward fluidity, human-like expression, and complex manipulation.+1Standing at roughly 1.8 meters tall, the H2 is designed to operate in human environments, with a focus on service, research, and high-end industrial tasks.\" \/>\n<meta name=\"robots\" content=\"index, follow, max-snippet:-1, max-image-preview:large, max-video-preview:-1\" \/>\n<link rel=\"canonical\" href=\"https:\/\/www.ghostysky.com\/fr\/product\/unitree-h2\/\" \/>\n<meta property=\"og:locale\" content=\"fr_FR\" \/>\n<meta property=\"og:type\" content=\"article\" \/>\n<meta property=\"og:title\" content=\"Unitree H2 - Ghostysky\" \/>\n<meta property=\"og:description\" content=\"The Unitree H2 (often referred to by the company as &quot;Destiny Awakening&quot;) is Unitree\u2019s latest flagship full-sized humanoid robot. Unveiled in late 2025, the H2 marks a significant pivot from the raw speed of its predecessor, the H1, toward fluidity, human-like expression, and complex manipulation.+1Standing at roughly 1.8 meters tall, the H2 is designed to operate in human environments, with a focus on service, research, and high-end industrial tasks.\" \/>\n<meta property=\"og:url\" content=\"https:\/\/www.ghostysky.com\/fr\/product\/unitree-h2\/\" \/>\n<meta property=\"og:site_name\" content=\"Ghostysky\" \/>\n<meta property=\"article:publisher\" content=\"https:\/\/www.facebook.com\/people\/Ghostysky\/100057676170234\/\" \/>\n<meta property=\"article:modified_time\" content=\"2026-01-10T11:22:16+00:00\" \/>\n<meta property=\"og:image\" content=\"https:\/\/www.ghostysky.com\/wp-content\/uploads\/2026\/01\/GH_Unitree_H2.jpg\" \/>\n\t<meta property=\"og:image:width\" content=\"560\" \/>\n\t<meta property=\"og:image:height\" content=\"560\" \/>\n\t<meta property=\"og:image:type\" content=\"image\/jpeg\" \/>\n<meta name=\"twitter:card\" content=\"summary_large_image\" \/>\n<meta name=\"twitter:site\" content=\"@Gh0stysky\" \/>\n<meta name=\"twitter:label1\" content=\"Dur\u00e9e de lecture estim\u00e9e\" \/>\n\t<meta name=\"twitter:data1\" content=\"2 minutes\" \/>\n<script type=\"application\/ld+json\" class=\"yoast-schema-graph\">{\"@context\":\"https:\/\/schema.org\",\"@graph\":[{\"@type\":\"WebPage\",\"@id\":\"https:\/\/www.ghostysky.com\/product\/unitree-h2\/\",\"url\":\"https:\/\/www.ghostysky.com\/product\/unitree-h2\/\",\"name\":\"Unitree H2 - Ghostysky\",\"isPartOf\":{\"@id\":\"https:\/\/www.ghostysky.com\/#website\"},\"primaryImageOfPage\":{\"@id\":\"https:\/\/www.ghostysky.com\/product\/unitree-h2\/#primaryimage\"},\"image\":{\"@id\":\"https:\/\/www.ghostysky.com\/product\/unitree-h2\/#primaryimage\"},\"thumbnailUrl\":\"https:\/\/www.ghostysky.com\/wp-content\/uploads\/2026\/01\/GH_Unitree_H2.jpg\",\"datePublished\":\"2026-01-10T11:11:56+00:00\",\"dateModified\":\"2026-01-10T11:22:16+00:00\",\"description\":\"The Unitree H2 (often referred to by the company as \\\"Destiny Awakening\\\") is Unitree\u2019s latest flagship full-sized humanoid robot. Unveiled in late 2025, the H2 marks a significant pivot from the raw speed of its predecessor, the H1, toward fluidity, human-like expression, and complex manipulation.+1Standing at roughly 1.8 meters tall, the H2 is designed to operate in human environments, with a focus on service, research, and high-end industrial tasks.\",\"breadcrumb\":{\"@id\":\"https:\/\/www.ghostysky.com\/product\/unitree-h2\/#breadcrumb\"},\"inLanguage\":\"fr-FR\",\"potentialAction\":[{\"@type\":\"ReadAction\",\"target\":[\"https:\/\/www.ghostysky.com\/product\/unitree-h2\/\"]}]},{\"@type\":\"ImageObject\",\"inLanguage\":\"fr-FR\",\"@id\":\"https:\/\/www.ghostysky.com\/product\/unitree-h2\/#primaryimage\",\"url\":\"https:\/\/www.ghostysky.com\/wp-content\/uploads\/2026\/01\/GH_Unitree_H2.jpg\",\"contentUrl\":\"https:\/\/www.ghostysky.com\/wp-content\/uploads\/2026\/01\/GH_Unitree_H2.jpg\",\"width\":560,\"height\":560},{\"@type\":\"BreadcrumbList\",\"@id\":\"https:\/\/www.ghostysky.com\/product\/unitree-h2\/#breadcrumb\",\"itemListElement\":[{\"@type\":\"ListItem\",\"position\":1,\"name\":\"Home\",\"item\":\"https:\/\/www.ghostysky.com\/\"},{\"@type\":\"ListItem\",\"position\":2,\"name\":\"Shop\",\"item\":\"https:\/\/www.ghostysky.com\/shop\/\"},{\"@type\":\"ListItem\",\"position\":3,\"name\":\"Unitree H2\"}]},{\"@type\":\"WebSite\",\"@id\":\"https:\/\/www.ghostysky.com\/#website\",\"url\":\"https:\/\/www.ghostysky.com\/\",\"name\":\"Ghostysky\",\"description\":\"Delivering professional drones and services\",\"publisher\":{\"@id\":\"https:\/\/www.ghostysky.com\/#organization\"},\"potentialAction\":[{\"@type\":\"SearchAction\",\"target\":{\"@type\":\"EntryPoint\",\"urlTemplate\":\"https:\/\/www.ghostysky.com\/?s={search_term_string}\"},\"query-input\":{\"@type\":\"PropertyValueSpecification\",\"valueRequired\":true,\"valueName\":\"search_term_string\"}}],\"inLanguage\":\"fr-FR\"},{\"@type\":\"Organization\",\"@id\":\"https:\/\/www.ghostysky.com\/#organization\",\"name\":\"Ghostysky\",\"url\":\"https:\/\/www.ghostysky.com\/\",\"logo\":{\"@type\":\"ImageObject\",\"inLanguage\":\"fr-FR\",\"@id\":\"https:\/\/www.ghostysky.com\/#\/schema\/logo\/image\/\",\"url\":\"https:\/\/www.ghostysky.com\/wp-content\/uploads\/2020\/06\/cropped-ghostyskylogo_text_white2.png\",\"contentUrl\":\"https:\/\/www.ghostysky.com\/wp-content\/uploads\/2020\/06\/cropped-ghostyskylogo_text_white2.png\",\"width\":169,\"height\":56,\"caption\":\"Ghostysky\"},\"image\":{\"@id\":\"https:\/\/www.ghostysky.com\/#\/schema\/logo\/image\/\"},\"sameAs\":[\"https:\/\/www.facebook.com\/people\/Ghostysky\/100057676170234\/\",\"https:\/\/x.com\/Gh0stysky\",\"https:\/\/www.linkedin.com\/company\/34739653\",\"https:\/\/www.instagram.com\/gh0stysky\"]}]}<\/script>\n<!-- \/ Yoast SEO plugin. -->","yoast_head_json":{"title":"Unitree H2 - Ghostysky","description":"L&#039;Unitree H2 (souvent appel\u00e9 \u00ab\u00a0\u00c9veil du destin\u00a0\u00bb par l&#039;entreprise) est le dernier fleuron des robots humano\u00efdes grandeur nature d&#039;Unitree. D\u00e9voil\u00e9 fin 2025, le H2 marque une rupture significative avec la vitesse brute de son pr\u00e9d\u00e9cesseur, le H1, en privil\u00e9giant la fluidit\u00e9, une expression proche de celle de l&#039;humain et une manipulation complexe. Mesurant environ 1,8 m\u00e8tre, le H2 est con\u00e7u pour \u00e9voluer dans des environnements humains, notamment pour les services, la recherche et les t\u00e2ches industrielles de pointe.","robots":{"index":"index","follow":"follow","max-snippet":"max-snippet:-1","max-image-preview":"max-image-preview:large","max-video-preview":"max-video-preview:-1"},"canonical":"https:\/\/www.ghostysky.com\/fr\/product\/unitree-h2\/","og_locale":"fr_FR","og_type":"article","og_title":"Unitree H2 - Ghostysky","og_description":"The Unitree H2 (often referred to by the company as \"Destiny Awakening\") is Unitree\u2019s latest flagship full-sized humanoid robot. Unveiled in late 2025, the H2 marks a significant pivot from the raw speed of its predecessor, the H1, toward fluidity, human-like expression, and complex manipulation.+1Standing at roughly 1.8 meters tall, the H2 is designed to operate in human environments, with a focus on service, research, and high-end industrial tasks.","og_url":"https:\/\/www.ghostysky.com\/fr\/product\/unitree-h2\/","og_site_name":"Ghostysky","article_publisher":"https:\/\/www.facebook.com\/people\/Ghostysky\/100057676170234\/","article_modified_time":"2026-01-10T11:22:16+00:00","og_image":[{"width":560,"height":560,"url":"https:\/\/www.ghostysky.com\/wp-content\/uploads\/2026\/01\/GH_Unitree_H2.jpg","type":"image\/jpeg"}],"twitter_card":"summary_large_image","twitter_site":"@Gh0stysky","twitter_misc":{"Dur\u00e9e de lecture estim\u00e9e":"2 minutes"},"schema":{"@context":"https:\/\/schema.org","@graph":[{"@type":"WebPage","@id":"https:\/\/www.ghostysky.com\/product\/unitree-h2\/","url":"https:\/\/www.ghostysky.com\/product\/unitree-h2\/","name":"Unitree H2 - Ghostysky","isPartOf":{"@id":"https:\/\/www.ghostysky.com\/#website"},"primaryImageOfPage":{"@id":"https:\/\/www.ghostysky.com\/product\/unitree-h2\/#primaryimage"},"image":{"@id":"https:\/\/www.ghostysky.com\/product\/unitree-h2\/#primaryimage"},"thumbnailUrl":"https:\/\/www.ghostysky.com\/wp-content\/uploads\/2026\/01\/GH_Unitree_H2.jpg","datePublished":"2026-01-10T11:11:56+00:00","dateModified":"2026-01-10T11:22:16+00:00","description":"L&#039;Unitree H2 (souvent appel\u00e9 \u00ab\u00a0\u00c9veil du destin\u00a0\u00bb par l&#039;entreprise) est le dernier fleuron des robots humano\u00efdes grandeur nature d&#039;Unitree. D\u00e9voil\u00e9 fin 2025, le H2 marque une rupture significative avec la vitesse brute de son pr\u00e9d\u00e9cesseur, le H1, en privil\u00e9giant la fluidit\u00e9, une expression proche de celle de l&#039;humain et une manipulation complexe. Mesurant environ 1,8 m\u00e8tre, le H2 est con\u00e7u pour \u00e9voluer dans des environnements humains, notamment pour les services, la recherche et les t\u00e2ches industrielles de pointe.","breadcrumb":{"@id":"https:\/\/www.ghostysky.com\/product\/unitree-h2\/#breadcrumb"},"inLanguage":"fr-FR","potentialAction":[{"@type":"ReadAction","target":["https:\/\/www.ghostysky.com\/product\/unitree-h2\/"]}]},{"@type":"ImageObject","inLanguage":"fr-FR","@id":"https:\/\/www.ghostysky.com\/product\/unitree-h2\/#primaryimage","url":"https:\/\/www.ghostysky.com\/wp-content\/uploads\/2026\/01\/GH_Unitree_H2.jpg","contentUrl":"https:\/\/www.ghostysky.com\/wp-content\/uploads\/2026\/01\/GH_Unitree_H2.jpg","width":560,"height":560},{"@type":"BreadcrumbList","@id":"https:\/\/www.ghostysky.com\/product\/unitree-h2\/#breadcrumb","itemListElement":[{"@type":"ListItem","position":1,"name":"Home","item":"https:\/\/www.ghostysky.com\/"},{"@type":"ListItem","position":2,"name":"Shop","item":"https:\/\/www.ghostysky.com\/shop\/"},{"@type":"ListItem","position":3,"name":"Unitree H2"}]},{"@type":"WebSite","@id":"https:\/\/www.ghostysky.com\/#website","url":"https:\/\/www.ghostysky.com\/","name":"Ghostysky","description":"Livraison de drones et de services professionnels","publisher":{"@id":"https:\/\/www.ghostysky.com\/#organization"},"potentialAction":[{"@type":"SearchAction","target":{"@type":"EntryPoint","urlTemplate":"https:\/\/www.ghostysky.com\/?s={search_term_string}"},"query-input":{"@type":"PropertyValueSpecification","valueRequired":true,"valueName":"search_term_string"}}],"inLanguage":"fr-FR"},{"@type":"Organization","@id":"https:\/\/www.ghostysky.com\/#organization","name":"Ghostysky","url":"https:\/\/www.ghostysky.com\/","logo":{"@type":"ImageObject","inLanguage":"fr-FR","@id":"https:\/\/www.ghostysky.com\/#\/schema\/logo\/image\/","url":"https:\/\/www.ghostysky.com\/wp-content\/uploads\/2020\/06\/cropped-ghostyskylogo_text_white2.png","contentUrl":"https:\/\/www.ghostysky.com\/wp-content\/uploads\/2020\/06\/cropped-ghostyskylogo_text_white2.png","width":169,"height":56,"caption":"Ghostysky"},"image":{"@id":"https:\/\/www.ghostysky.com\/#\/schema\/logo\/image\/"},"sameAs":["https:\/\/www.facebook.com\/people\/Ghostysky\/100057676170234\/","https:\/\/x.com\/Gh0stysky","https:\/\/www.linkedin.com\/company\/34739653","https:\/\/www.instagram.com\/gh0stysky"]}]}},"_links":{"self":[{"href":"https:\/\/www.ghostysky.com\/fr\/wp-json\/wp\/v2\/product\/23655","targetHints":{"allow":["GET"]}}],"collection":[{"href":"https:\/\/www.ghostysky.com\/fr\/wp-json\/wp\/v2\/product"}],"about":[{"href":"https:\/\/www.ghostysky.com\/fr\/wp-json\/wp\/v2\/types\/product"}],"replies":[{"embeddable":true,"href":"https:\/\/www.ghostysky.com\/fr\/wp-json\/wp\/v2\/comments?post=23655"}],"wp:featuredmedia":[{"embeddable":true,"href":"https:\/\/www.ghostysky.com\/fr\/wp-json\/wp\/v2\/media\/23657"}],"wp:attachment":[{"href":"https:\/\/www.ghostysky.com\/fr\/wp-json\/wp\/v2\/media?parent=23655"}],"wp:term":[{"taxonomy":"product_brand","embeddable":true,"href":"https:\/\/www.ghostysky.com\/fr\/wp-json\/wp\/v2\/product_brand?post=23655"},{"taxonomy":"product_cat","embeddable":true,"href":"https:\/\/www.ghostysky.com\/fr\/wp-json\/wp\/v2\/product_cat?post=23655"},{"taxonomy":"product_tag","embeddable":true,"href":"https:\/\/www.ghostysky.com\/fr\/wp-json\/wp\/v2\/product_tag?post=23655"}],"curies":[{"name":"wp","href":"https:\/\/api.w.org\/{rel}","templated":true}]}}