{"id":23661,"date":"2026-01-10T11:30:21","date_gmt":"2026-01-10T11:30:21","guid":{"rendered":"https:\/\/www.ghostysky.com\/?post_type=product&#038;p=23661"},"modified":"2026-01-10T12:28:36","modified_gmt":"2026-01-10T12:28:36","slug":"unitree-h2-battery-single-battery","status":"publish","type":"product","link":"https:\/\/www.ghostysky.com\/fr\/product\/unitree-h2-battery-single-battery\/","title":{"rendered":"Batterie Unitree H2 (batterie simple)"},"content":{"rendered":"<h4 data-path-to-node=\"3\">Caract\u00e9ristiques principales<\/h4>\n<ul data-path-to-node=\"4\">\n<li>\n<p data-path-to-node=\"4,0,0\"><b data-path-to-node=\"4,0,0\" data-index-in-node=\"0\"><span class=\"citation-227\">Densit\u00e9 \u00e9nerg\u00e9tique \u00e9lev\u00e9e :<\/span><\/b><span class=\"citation-227\"> Avec un <\/span><b data-path-to-node=\"4,0,0\" data-index-in-node=\"28\"><span class=\"citation-227\">0,972 kWh<\/span><\/b><span class=\"citation-227 citation-end-227\"> Gr\u00e2ce \u00e0 sa capacit\u00e9, cette batterie offre l&#039;un des meilleurs rapports puissance\/poids de sa cat\u00e9gorie, supportant les articulations robustes des jambes du robot, d&#039;une force de 360 Nm.<\/span><\/p>\n<\/li>\n<li>\n<p data-path-to-node=\"4,1,0\"><b data-path-to-node=\"4,1,0\" data-index-in-node=\"0\"><span class=\"citation-226\">Conception \u00e0 d\u00e9gagement rapide :<\/span><\/b><span class=\"citation-226 citation-end-226\"> Con\u00e7us pour des \u00e9changes rapides, permettant aux utilisateurs de minimiser les temps d&#039;arr\u00eat lors d&#039;exp\u00e9riences ou de missions sur le terrain de longue dur\u00e9e.<\/span><\/p>\n<\/li>\n<li>\n<p data-path-to-node=\"4,2,0\"><b data-path-to-node=\"4,2,0\" data-index-in-node=\"0\">BMS intelligent :<\/b><span class=\"citation-225\"> Caract\u00e9ristiques d&#039;une conception auto-d\u00e9velopp\u00e9e <\/span><b data-path-to-node=\"4,2,0\" data-index-in-node=\"43\"><span class=\"citation-225\">Syst\u00e8me de gestion de batterie (BMS)<\/span><\/b><span class=\"citation-225 citation-end-225\"> qui assure une surveillance de la sant\u00e9 en temps r\u00e9el, l&#039;\u00e9quilibrage cellulaire et une protection de s\u00e9curit\u00e9 six fois sup\u00e9rieure.<\/span><\/p>\n<\/li>\n<li>\n<p data-path-to-node=\"4,3,0\"><b data-path-to-node=\"4,3,0\" data-index-in-node=\"0\"><span class=\"citation-224\">Dur\u00e9e d&#039;ex\u00e9cution \u00e9tendue\u00a0:<\/span><\/b><span class=\"citation-224\"> Une seule batterie supporte environ <\/span><b data-path-to-node=\"4,3,0\" data-index-in-node=\"58\"><span class=\"citation-224\">3 heures<\/span><\/b><span class=\"citation-224 citation-end-224\"> de fonctionnement continu (en fonction de l&#039;intensit\u00e9 des t\u00e2ches).<\/span><\/p>\n<\/li>\n<li>\n<p data-path-to-node=\"4,4,0\"><b data-path-to-node=\"4,4,0\" data-index-in-node=\"0\"><span class=\"citation-223\">Stabilit\u00e9 haute tension :<\/span><\/b><span class=\"citation-223\"> Fonctionnant \u00e0 un <\/span><b data-path-to-node=\"4,4,0\" data-index-in-node=\"39\"><span class=\"citation-223\">75,6 V<\/span><\/b><span class=\"citation-223 citation-end-223\"> Gr\u00e2ce \u00e0 sa tension syst\u00e8me, il fournit le courant constant n\u00e9cessaire aux mouvements explosifs comme le saut ou la course.<\/span><\/p>\n<div class=\"source-inline-chip-container ng-star-inserted\"><\/div>\n<\/li>\n<\/ul>\n<h4 data-path-to-node=\"6\">Sp\u00e9cifications techniques<\/h4>\n<table data-path-to-node=\"7\">\n<thead>\n<tr>\n<td><strong>Param\u00e8tre<\/strong><\/td>\n<td><strong>Sp\u00e9cification<\/strong><\/td>\n<\/tr>\n<\/thead>\n<tbody>\n<tr>\n<td><span data-path-to-node=\"7,1,0,0\"><b data-path-to-node=\"7,1,0,0\" data-index-in-node=\"0\">Capacit\u00e9 nominale<\/b><\/span><\/td>\n<td><span data-path-to-node=\"7,1,1,0\">15 000 mAh (15 Ah)<\/span><\/td>\n<\/tr>\n<tr>\n<td><span data-path-to-node=\"7,2,0,0\"><b data-path-to-node=\"7,2,0,0\" data-index-in-node=\"0\">\u00c9nergie totale<\/b><\/span><\/td>\n<td><span data-path-to-node=\"7,2,1,0\">0,972 kWh<\/span><\/td>\n<\/tr>\n<tr>\n<td><span data-path-to-node=\"7,3,0,0\"><b data-path-to-node=\"7,3,0,0\" data-index-in-node=\"0\">Tension du syst\u00e8me<\/b><\/span><\/td>\n<td><span data-path-to-node=\"7,3,1,0\">75,6 V<\/span><\/td>\n<\/tr>\n<tr>\n<td><span data-path-to-node=\"7,4,0,0\"><b data-path-to-node=\"7,4,0,0\" data-index-in-node=\"0\">Dur\u00e9e d&#039;ex\u00e9cution<\/b><\/span><\/td>\n<td><span data-path-to-node=\"7,4,1,0\">~3 heures (utilisation standard)<\/span><\/td>\n<\/tr>\n<tr>\n<td><span data-path-to-node=\"7,5,0,0\"><b data-path-to-node=\"7,5,0,0\" data-index-in-node=\"0\">Certifications de s\u00e9curit\u00e9<\/b><\/span><\/td>\n<td><span data-path-to-node=\"7,5,1,0\">IEC 62133-2 \/ IS 16046 (Partie 2)<\/span><\/td>\n<\/tr>\n<tr>\n<td><span data-path-to-node=\"7,6,0,0\"><b data-path-to-node=\"7,6,0,0\" data-index-in-node=\"0\">Caract\u00e9ristiques de protection<\/b><\/span><\/td>\n<td><span data-path-to-node=\"7,6,1,0\">Surcharge, d\u00e9charge excessive, court-circuit, temp\u00e9rature, surtension<\/span><\/td>\n<\/tr>\n<tr>\n<td><span data-path-to-node=\"7,7,0,0\"><b data-path-to-node=\"7,7,0,0\" data-index-in-node=\"0\">Chargement<\/b><\/span><\/td>\n<td><span data-path-to-node=\"7,7,1,0\">Compatible avec la charge rapide \u00e0 courant \u00e9lev\u00e9<\/span><\/td>\n<\/tr>\n<\/tbody>\n<\/table>\n<p>&nbsp;<\/p>\n<h4 data-path-to-node=\"9\">Pourquoi choisir la batterie officielle H2\u00a0?<\/h4>\n<p data-path-to-node=\"10\">Contrairement aux batteries lithium-ion classiques, la batterie Unitree H2 est con\u00e7ue avec <b data-path-to-node=\"10\" data-index-in-node=\"71\">cellules de qualit\u00e9 industrielle<\/b> Optimis\u00e9e pour les profils de consommation sp\u00e9cifiques \u00e0 la locomotion humano\u00efde, son affichage int\u00e9gr\u00e9 de l&#039;alimentation permet une v\u00e9rification instantan\u00e9e de l&#039;\u00e9tat, tandis que son architecture \u00ab\u00a0Destiny Awakening\u00a0\u00bb garantit une gestion thermique optimale des puissants modules de calcul Intel\/NVIDIA embarqu\u00e9s du H2.<\/p>","protected":false},"excerpt":{"rendered":"<p data-path-to-node=\"0\"><span class=\"citation-229\">Le <\/span><b data-path-to-node=\"0\" data-index-in-node=\"4\"><span class=\"citation-229\">Batterie Unitree H2<\/span><\/b><span class=\"citation-229 citation-end-229\"> est le noyau \u00e9nerg\u00e9tique haute performance con\u00e7u sp\u00e9cifiquement pour le robot humano\u00efde H2.<\/span> Con\u00e7u pour \u00ab Destiny Awakening \u00bb, ce bloc-batterie unique fournit la puissance haute densit\u00e9 n\u00e9cessaire pour alimenter les 31 degr\u00e9s de libert\u00e9 du robot et ses moteurs \u00e0 couple \u00e9lev\u00e9.<\/p>\n<p data-path-to-node=\"1\"><span class=\"citation-228 citation-end-228\">Que vous effectuiez des recherches complexes, des formations d&#039;IA ou des inspections industrielles, cette batterie garantit que votre H2 reste op\u00e9rationnel gr\u00e2ce \u00e0 une source d&#039;alimentation fiable et \u00e0 d\u00e9gagement rapide.<\/span><\/p>","protected":false},"featured_media":21985,"comment_status":"open","ping_status":"closed","template":"","meta":[],"product_brand":[1087],"product_cat":[1038,1037,1102],"product_tag":[1088,1328,1329,1326],"class_list":{"0":"post-23661","1":"product","2":"type-product","3":"status-publish","4":"has-post-thumbnail","6":"product_brand-unitree","7":"product_cat-humanoid","8":"product_cat-robotics","9":"product_cat-unitree-hum-accessories","10":"product_tag-unitree","11":"product_tag-unitree-h2","12":"product_tag-unitree-h2-accessories","13":"product_tag-unitree-h2-series","15":"first","16":"onbackorder","17":"taxable","18":"shipping-taxable","19":"purchasable","20":"product-type-simple"},"yoast_head":"<!-- This site is optimized with the Yoast SEO plugin v27.1.1 - https:\/\/yoast.com\/product\/yoast-seo-wordpress\/ -->\n<title>Unitree H2 Battery (Single Battery) - Ghostysky<\/title>\n<meta name=\"description\" content=\"The Unitree H2 Battery is the high-performance energy core designed specifically for the H2 humanoid robot. Engineered for &quot;Destiny Awakening,&quot; this single battery pack provides the high-density power required to fuel the robot\u2019s 31 degrees of freedom and its high-torque motors.Whether you are performing complex research, AI training, or industrial inspections, this battery ensures your H2 remains operational with a reliable, quick-release power source.\" \/>\n<meta name=\"robots\" content=\"index, follow, max-snippet:-1, max-image-preview:large, max-video-preview:-1\" \/>\n<link rel=\"canonical\" href=\"https:\/\/www.ghostysky.com\/fr\/product\/unitree-h2-battery-single-battery\/\" \/>\n<meta property=\"og:locale\" content=\"fr_FR\" \/>\n<meta property=\"og:type\" content=\"article\" \/>\n<meta property=\"og:title\" content=\"Unitree H2 Battery (Single Battery) - Ghostysky\" \/>\n<meta property=\"og:description\" content=\"The Unitree H2 Battery is the high-performance energy core designed specifically for the H2 humanoid robot. Engineered for &quot;Destiny Awakening,&quot; this single battery pack provides the high-density power required to fuel the robot\u2019s 31 degrees of freedom and its high-torque motors.Whether you are performing complex research, AI training, or industrial inspections, this battery ensures your H2 remains operational with a reliable, quick-release power source.\" \/>\n<meta property=\"og:url\" content=\"https:\/\/www.ghostysky.com\/fr\/product\/unitree-h2-battery-single-battery\/\" \/>\n<meta property=\"og:site_name\" content=\"Ghostysky\" \/>\n<meta property=\"article:publisher\" content=\"https:\/\/www.facebook.com\/people\/Ghostysky\/100057676170234\/\" \/>\n<meta property=\"article:modified_time\" content=\"2026-01-10T12:28:36+00:00\" \/>\n<meta property=\"og:image\" content=\"https:\/\/www.ghostysky.com\/wp-content\/uploads\/2025\/10\/GH_Unitree.svg_logo_1.png\" \/>\n\t<meta property=\"og:image:width\" content=\"2560\" \/>\n\t<meta property=\"og:image:height\" content=\"577\" \/>\n\t<meta property=\"og:image:type\" content=\"image\/png\" \/>\n<meta name=\"twitter:card\" content=\"summary_large_image\" \/>\n<meta name=\"twitter:site\" content=\"@Gh0stysky\" \/>\n<meta name=\"twitter:label1\" content=\"Dur\u00e9e de lecture estim\u00e9e\" \/>\n\t<meta name=\"twitter:data1\" content=\"2 minutes\" \/>\n<script type=\"application\/ld+json\" class=\"yoast-schema-graph\">{\"@context\":\"https:\/\/schema.org\",\"@graph\":[{\"@type\":\"WebPage\",\"@id\":\"https:\/\/www.ghostysky.com\/product\/unitree-h2-battery-single-battery\/\",\"url\":\"https:\/\/www.ghostysky.com\/product\/unitree-h2-battery-single-battery\/\",\"name\":\"Unitree H2 Battery (Single Battery) - Ghostysky\",\"isPartOf\":{\"@id\":\"https:\/\/www.ghostysky.com\/#website\"},\"primaryImageOfPage\":{\"@id\":\"https:\/\/www.ghostysky.com\/product\/unitree-h2-battery-single-battery\/#primaryimage\"},\"image\":{\"@id\":\"https:\/\/www.ghostysky.com\/product\/unitree-h2-battery-single-battery\/#primaryimage\"},\"thumbnailUrl\":\"https:\/\/www.ghostysky.com\/wp-content\/uploads\/2025\/10\/GH_Unitree.svg_logo_1.png\",\"datePublished\":\"2026-01-10T11:30:21+00:00\",\"dateModified\":\"2026-01-10T12:28:36+00:00\",\"description\":\"The Unitree H2 Battery is the high-performance energy core designed specifically for the H2 humanoid robot. Engineered for \\\"Destiny Awakening,\\\" this single battery pack provides the high-density power required to fuel the robot\u2019s 31 degrees of freedom and its high-torque motors.Whether you are performing complex research, AI training, or industrial inspections, this battery ensures your H2 remains operational with a reliable, quick-release power source.\",\"breadcrumb\":{\"@id\":\"https:\/\/www.ghostysky.com\/product\/unitree-h2-battery-single-battery\/#breadcrumb\"},\"inLanguage\":\"fr-FR\",\"potentialAction\":[{\"@type\":\"ReadAction\",\"target\":[\"https:\/\/www.ghostysky.com\/product\/unitree-h2-battery-single-battery\/\"]}]},{\"@type\":\"ImageObject\",\"inLanguage\":\"fr-FR\",\"@id\":\"https:\/\/www.ghostysky.com\/product\/unitree-h2-battery-single-battery\/#primaryimage\",\"url\":\"https:\/\/www.ghostysky.com\/wp-content\/uploads\/2025\/10\/GH_Unitree.svg_logo_1.png\",\"contentUrl\":\"https:\/\/www.ghostysky.com\/wp-content\/uploads\/2025\/10\/GH_Unitree.svg_logo_1.png\",\"width\":2560,\"height\":577},{\"@type\":\"BreadcrumbList\",\"@id\":\"https:\/\/www.ghostysky.com\/product\/unitree-h2-battery-single-battery\/#breadcrumb\",\"itemListElement\":[{\"@type\":\"ListItem\",\"position\":1,\"name\":\"Home\",\"item\":\"https:\/\/www.ghostysky.com\/\"},{\"@type\":\"ListItem\",\"position\":2,\"name\":\"Shop\",\"item\":\"https:\/\/www.ghostysky.com\/shop\/\"},{\"@type\":\"ListItem\",\"position\":3,\"name\":\"Unitree H2 Battery (Single Battery)\"}]},{\"@type\":\"WebSite\",\"@id\":\"https:\/\/www.ghostysky.com\/#website\",\"url\":\"https:\/\/www.ghostysky.com\/\",\"name\":\"Ghostysky\",\"description\":\"Delivering professional drones and services\",\"publisher\":{\"@id\":\"https:\/\/www.ghostysky.com\/#organization\"},\"potentialAction\":[{\"@type\":\"SearchAction\",\"target\":{\"@type\":\"EntryPoint\",\"urlTemplate\":\"https:\/\/www.ghostysky.com\/?s={search_term_string}\"},\"query-input\":{\"@type\":\"PropertyValueSpecification\",\"valueRequired\":true,\"valueName\":\"search_term_string\"}}],\"inLanguage\":\"fr-FR\"},{\"@type\":\"Organization\",\"@id\":\"https:\/\/www.ghostysky.com\/#organization\",\"name\":\"Ghostysky\",\"url\":\"https:\/\/www.ghostysky.com\/\",\"logo\":{\"@type\":\"ImageObject\",\"inLanguage\":\"fr-FR\",\"@id\":\"https:\/\/www.ghostysky.com\/#\/schema\/logo\/image\/\",\"url\":\"https:\/\/www.ghostysky.com\/wp-content\/uploads\/2020\/06\/cropped-ghostyskylogo_text_white2.png\",\"contentUrl\":\"https:\/\/www.ghostysky.com\/wp-content\/uploads\/2020\/06\/cropped-ghostyskylogo_text_white2.png\",\"width\":169,\"height\":56,\"caption\":\"Ghostysky\"},\"image\":{\"@id\":\"https:\/\/www.ghostysky.com\/#\/schema\/logo\/image\/\"},\"sameAs\":[\"https:\/\/www.facebook.com\/people\/Ghostysky\/100057676170234\/\",\"https:\/\/x.com\/Gh0stysky\",\"https:\/\/www.linkedin.com\/company\/34739653\",\"https:\/\/www.instagram.com\/gh0stysky\"]}]}<\/script>\n<!-- \/ Yoast SEO plugin. -->","yoast_head_json":{"title":"Batterie Unitree H2 (batterie simple) - Ghostysky","description":"La batterie Unitree H2 est le bloc d&#039;alimentation haute performance con\u00e7u sp\u00e9cifiquement pour le robot humano\u00efde H2. Con\u00e7u pour \u00ab\u00a0Destiny Awakening\u00a0\u00bb, ce bloc-batterie unique fournit la puissance haute densit\u00e9 n\u00e9cessaire pour alimenter les 31 degr\u00e9s de libert\u00e9 du robot et ses moteurs \u00e0 couple \u00e9lev\u00e9. Que ce soit pour des recherches complexes, l&#039;entra\u00eenement d&#039;une IA ou des inspections industrielles, cette batterie garantit le fonctionnement continu de votre H2 gr\u00e2ce \u00e0 une source d&#039;\u00e9nergie fiable et facile \u00e0 installer.","robots":{"index":"index","follow":"follow","max-snippet":"max-snippet:-1","max-image-preview":"max-image-preview:large","max-video-preview":"max-video-preview:-1"},"canonical":"https:\/\/www.ghostysky.com\/fr\/product\/unitree-h2-battery-single-battery\/","og_locale":"fr_FR","og_type":"article","og_title":"Unitree H2 Battery (Single Battery) - Ghostysky","og_description":"The Unitree H2 Battery is the high-performance energy core designed specifically for the H2 humanoid robot. Engineered for \"Destiny Awakening,\" this single battery pack provides the high-density power required to fuel the robot\u2019s 31 degrees of freedom and its high-torque motors.Whether you are performing complex research, AI training, or industrial inspections, this battery ensures your H2 remains operational with a reliable, quick-release power source.","og_url":"https:\/\/www.ghostysky.com\/fr\/product\/unitree-h2-battery-single-battery\/","og_site_name":"Ghostysky","article_publisher":"https:\/\/www.facebook.com\/people\/Ghostysky\/100057676170234\/","article_modified_time":"2026-01-10T12:28:36+00:00","og_image":[{"width":2560,"height":577,"url":"https:\/\/www.ghostysky.com\/wp-content\/uploads\/2025\/10\/GH_Unitree.svg_logo_1.png","type":"image\/png"}],"twitter_card":"summary_large_image","twitter_site":"@Gh0stysky","twitter_misc":{"Dur\u00e9e de lecture estim\u00e9e":"2 minutes"},"schema":{"@context":"https:\/\/schema.org","@graph":[{"@type":"WebPage","@id":"https:\/\/www.ghostysky.com\/product\/unitree-h2-battery-single-battery\/","url":"https:\/\/www.ghostysky.com\/product\/unitree-h2-battery-single-battery\/","name":"Batterie Unitree H2 (batterie simple) - Ghostysky","isPartOf":{"@id":"https:\/\/www.ghostysky.com\/#website"},"primaryImageOfPage":{"@id":"https:\/\/www.ghostysky.com\/product\/unitree-h2-battery-single-battery\/#primaryimage"},"image":{"@id":"https:\/\/www.ghostysky.com\/product\/unitree-h2-battery-single-battery\/#primaryimage"},"thumbnailUrl":"https:\/\/www.ghostysky.com\/wp-content\/uploads\/2025\/10\/GH_Unitree.svg_logo_1.png","datePublished":"2026-01-10T11:30:21+00:00","dateModified":"2026-01-10T12:28:36+00:00","description":"La batterie Unitree H2 est le bloc d&#039;alimentation haute performance con\u00e7u sp\u00e9cifiquement pour le robot humano\u00efde H2. Con\u00e7u pour \u00ab\u00a0Destiny Awakening\u00a0\u00bb, ce bloc-batterie unique fournit la puissance haute densit\u00e9 n\u00e9cessaire pour alimenter les 31 degr\u00e9s de libert\u00e9 du robot et ses moteurs \u00e0 couple \u00e9lev\u00e9. Que ce soit pour des recherches complexes, l&#039;entra\u00eenement d&#039;une IA ou des inspections industrielles, cette batterie garantit le fonctionnement continu de votre H2 gr\u00e2ce \u00e0 une source d&#039;\u00e9nergie fiable et facile \u00e0 installer.","breadcrumb":{"@id":"https:\/\/www.ghostysky.com\/product\/unitree-h2-battery-single-battery\/#breadcrumb"},"inLanguage":"fr-FR","potentialAction":[{"@type":"ReadAction","target":["https:\/\/www.ghostysky.com\/product\/unitree-h2-battery-single-battery\/"]}]},{"@type":"ImageObject","inLanguage":"fr-FR","@id":"https:\/\/www.ghostysky.com\/product\/unitree-h2-battery-single-battery\/#primaryimage","url":"https:\/\/www.ghostysky.com\/wp-content\/uploads\/2025\/10\/GH_Unitree.svg_logo_1.png","contentUrl":"https:\/\/www.ghostysky.com\/wp-content\/uploads\/2025\/10\/GH_Unitree.svg_logo_1.png","width":2560,"height":577},{"@type":"BreadcrumbList","@id":"https:\/\/www.ghostysky.com\/product\/unitree-h2-battery-single-battery\/#breadcrumb","itemListElement":[{"@type":"ListItem","position":1,"name":"Home","item":"https:\/\/www.ghostysky.com\/"},{"@type":"ListItem","position":2,"name":"Shop","item":"https:\/\/www.ghostysky.com\/shop\/"},{"@type":"ListItem","position":3,"name":"Unitree H2 Battery (Single Battery)"}]},{"@type":"WebSite","@id":"https:\/\/www.ghostysky.com\/#website","url":"https:\/\/www.ghostysky.com\/","name":"Ghostysky","description":"Livraison de drones et de services professionnels","publisher":{"@id":"https:\/\/www.ghostysky.com\/#organization"},"potentialAction":[{"@type":"SearchAction","target":{"@type":"EntryPoint","urlTemplate":"https:\/\/www.ghostysky.com\/?s={search_term_string}"},"query-input":{"@type":"PropertyValueSpecification","valueRequired":true,"valueName":"search_term_string"}}],"inLanguage":"fr-FR"},{"@type":"Organization","@id":"https:\/\/www.ghostysky.com\/#organization","name":"Ghostysky","url":"https:\/\/www.ghostysky.com\/","logo":{"@type":"ImageObject","inLanguage":"fr-FR","@id":"https:\/\/www.ghostysky.com\/#\/schema\/logo\/image\/","url":"https:\/\/www.ghostysky.com\/wp-content\/uploads\/2020\/06\/cropped-ghostyskylogo_text_white2.png","contentUrl":"https:\/\/www.ghostysky.com\/wp-content\/uploads\/2020\/06\/cropped-ghostyskylogo_text_white2.png","width":169,"height":56,"caption":"Ghostysky"},"image":{"@id":"https:\/\/www.ghostysky.com\/#\/schema\/logo\/image\/"},"sameAs":["https:\/\/www.facebook.com\/people\/Ghostysky\/100057676170234\/","https:\/\/x.com\/Gh0stysky","https:\/\/www.linkedin.com\/company\/34739653","https:\/\/www.instagram.com\/gh0stysky"]}]}},"_links":{"self":[{"href":"https:\/\/www.ghostysky.com\/fr\/wp-json\/wp\/v2\/product\/23661","targetHints":{"allow":["GET"]}}],"collection":[{"href":"https:\/\/www.ghostysky.com\/fr\/wp-json\/wp\/v2\/product"}],"about":[{"href":"https:\/\/www.ghostysky.com\/fr\/wp-json\/wp\/v2\/types\/product"}],"replies":[{"embeddable":true,"href":"https:\/\/www.ghostysky.com\/fr\/wp-json\/wp\/v2\/comments?post=23661"}],"wp:featuredmedia":[{"embeddable":true,"href":"https:\/\/www.ghostysky.com\/fr\/wp-json\/wp\/v2\/media\/21985"}],"wp:attachment":[{"href":"https:\/\/www.ghostysky.com\/fr\/wp-json\/wp\/v2\/media?parent=23661"}],"wp:term":[{"taxonomy":"product_brand","embeddable":true,"href":"https:\/\/www.ghostysky.com\/fr\/wp-json\/wp\/v2\/product_brand?post=23661"},{"taxonomy":"product_cat","embeddable":true,"href":"https:\/\/www.ghostysky.com\/fr\/wp-json\/wp\/v2\/product_cat?post=23661"},{"taxonomy":"product_tag","embeddable":true,"href":"https:\/\/www.ghostysky.com\/fr\/wp-json\/wp\/v2\/product_tag?post=23661"}],"curies":[{"name":"wp","href":"https:\/\/api.w.org\/{rel}","templated":true}]}}