{"id":23677,"date":"2026-01-11T08:58:20","date_gmt":"2026-01-11T08:58:20","guid":{"rendered":"https:\/\/www.ghostysky.com\/?post_type=product&#038;p=23677"},"modified":"2026-01-11T09:24:18","modified_gmt":"2026-01-11T09:24:18","slug":"unitree-go2-enterprise-ent-u2","status":"publish","type":"product","link":"https:\/\/www.ghostysky.com\/fr\/product\/unitree-go2-enterprise-ent-u2\/","title":{"rendered":"Unitree Go2 Enterprise (U2)"},"content":{"rendered":"<h4 data-path-to-node=\"2\">Capacit\u00e9s cl\u00e9s de performance<\/h4>\n<p data-path-to-node=\"3\"><span class=\"citation-489 citation-end-489\">Le Go2 ENT U2 comble le foss\u00e9 entre un outil de recherche et un actif industriel fonctionnel.<\/span><\/p>\n<ul data-path-to-node=\"4\">\n<li>\n<p data-path-to-node=\"4,0,0\"><b data-path-to-node=\"4,0,0\" data-index-in-node=\"0\"><span class=\"citation-488\">Vitesse et agilit\u00e9 :<\/span><\/b><span class=\"citation-488\"> Atteint une vitesse de pointe d&#039;environ <\/span><b data-path-to-node=\"4,0,0\" data-index-in-node=\"54\"><span class=\"citation-488\">3,7 m\/s<\/span><\/b><span class=\"citation-488 citation-end-488\"> (jusqu&#039;\u00e0 5 m\/s dans les tests limites) avec la capacit\u00e9 de monter des escaliers et de traverser des pentes de 40\u00b0.<\/span><\/p>\n<\/li>\n<li>\n<p data-path-to-node=\"4,1,0\"><b data-path-to-node=\"4,1,0\" data-index-in-node=\"0\"><span class=\"citation-487\">Perception avanc\u00e9e :<\/span><\/b><span class=\"citation-487\"> Dot\u00e9 du syst\u00e8me d\u00e9velopp\u00e9 en interne par Unitree <\/span><b data-path-to-node=\"4,1,0\" data-index-in-node=\"60\"><span class=\"citation-487\">LiDAR 4D L1<\/span><\/b><span class=\"citation-487 citation-end-487\">, fournissant un <\/span><span class=\"math-inline\" data-math=\"360^{\\circ} \\times 90^{\\circ}\" data-index-in-node=\"85\">360\u00ba x 90\u00ba<\/span><span class=\"citation-486 citation-end-486\"> Champ de vision h\u00e9misph\u00e9rique avec un angle mort ultra-r\u00e9duit (jusqu&#039;\u00e0 0,05 m).<\/span><\/p>\n<\/li>\n<li>\n<p data-path-to-node=\"4,2,0\"><b data-path-to-node=\"4,2,0\" data-index-in-node=\"0\">Capacit\u00e9 de charge utile :<\/b> Supporte une charge standard de <b data-path-to-node=\"4,2,0\" data-index-in-node=\"46\">8 kg<\/b>, avec une limite maximale de <b data-path-to-node=\"4,2,0\" data-index-in-node=\"76\">12 kg<\/b>, permettant la fixation de capteurs ou d&#039;outils sp\u00e9cialis\u00e9s.<\/p>\n<\/li>\n<li>\n<p data-path-to-node=\"4,3,0\"><b data-path-to-node=\"4,3,0\" data-index-in-node=\"0\"><span class=\"citation-485\">Endurance prolong\u00e9e :<\/span><\/b><span class=\"citation-485\"> Aliment\u00e9 par une batterie haute capacit\u00e9 <\/span><b data-path-to-node=\"4,3,0\" data-index-in-node=\"47\"><span class=\"citation-485\">15 000 mAh<\/span><\/b><span class=\"citation-485 citation-end-485\"> batterie, offrant 2 \u00e0 4 heures de fonctionnement continu (variable selon la t\u00e2che).<\/span><\/p>\n<p>&nbsp;<\/li>\n<\/ul>\n<h4 data-path-to-node=\"6\">Fonctionnalit\u00e9s sp\u00e9cialis\u00e9es pour entreprises<\/h4>\n<p data-path-to-node=\"7\">La d\u00e9signation \u00ab U2 \u00bb met particuli\u00e8rement en \u00e9vidence sa suite avanc\u00e9e de communication et de connaissance de la situation\u00a0:<\/p>\n<ul data-path-to-node=\"8\">\n<li>\n<p data-path-to-node=\"8,0,0\"><b data-path-to-node=\"8,0,0\" data-index-in-node=\"0\"><span class=\"citation-484\">Communication \u00e0 double liaison\u00a0:<\/span><\/b><span class=\"citation-484\"> Il comporte une fonction principale <\/span><b data-path-to-node=\"8,0,0\" data-index-in-node=\"44\"><span class=\"citation-484\">5,8G<\/span><\/b><span class=\"citation-484\"> Liaison t\u00e9l\u00e9m\u00e9trie\/vid\u00e9o avec un <\/span><b data-path-to-node=\"8,0,0\" data-index-in-node=\"77\"><span class=\"citation-484\">Sauvegarde 4G\/5G<\/span><\/b><span class=\"citation-484 citation-end-484\"> basculement automatique, garantissant que le robot reste connect\u00e9 m\u00eame dans les zones industrielles \u00e0 fortes interf\u00e9rences.<\/span><\/p>\n<\/li>\n<li>\n<p data-path-to-node=\"8,1,0\"><b data-path-to-node=\"8,1,0\" data-index-in-node=\"0\"><span class=\"citation-483\">T\u00e9l\u00e9commande avec \u00e9cran :<\/span><\/b><span class=\"citation-483 citation-end-483\"> Livr\u00e9 de s\u00e9rie avec une manette d\u00e9di\u00e9e dot\u00e9e d&#039;un \u00e9cran haute luminosit\u00e9 int\u00e9gr\u00e9, \u00e9liminant ainsi le besoin d&#039;un appareil mobile s\u00e9par\u00e9.<\/span><\/p>\n<\/li>\n<li>\n<p data-path-to-node=\"8,2,0\"><b data-path-to-node=\"8,2,0\" data-index-in-node=\"0\"><span class=\"citation-482 citation-end-482\">Deux cam\u00e9ras 1080p\u00a0:<\/span><\/b><span class=\"citation-481 citation-end-481\">\u00a0Contrairement aux mod\u00e8les standard, l&#039;ENT U2 utilise un syst\u00e8me de d\u00e9tection \u00e0 double cam\u00e9ra avec un <sup class=\"superscript\" data-turn-source-index=\"10\">10<\/sup><\/span><span class=\"math-inline\" data-math=\"120^{\\circ}\" data-index-in-node=\"96\">$120^{\\circ}$<\/span><span class=\"citation-480\"> grand angle, optimis\u00e9 pour une faible latence (<\/span><b data-path-to-node=\"8,2,0\" data-index-in-node=\"147\"><span class=\"citation-480\">180 ms<\/span><\/b><span class=\"citation-480 citation-end-480\">) Transmission vid\u00e9o HD.<\/span><\/p>\n<\/li>\n<li>\n<p data-path-to-node=\"8,3,0\"><b data-path-to-node=\"8,3,0\" data-index-in-node=\"0\"><span class=\"citation-479\">Syst\u00e8me de recherche et d&#039;alerte\u00a0:<\/span><\/b><span class=\"citation-479\"> Comprend un <\/span><b data-path-to-node=\"8,3,0\" data-index-in-node=\"36\"><span class=\"citation-479\">Projecteur 30W<\/span><\/b><span class=\"citation-479 citation-end-479\"> (3000 lumens) et un syst\u00e8me d&#039;avertissement stroboscopique rouge\/bleu pour les patrouilles et les interventions d&#039;urgence.<\/span><\/p>\n<\/li>\n<li>\n<p data-path-to-node=\"8,4,0\"><b data-path-to-node=\"8,4,0\" data-index-in-node=\"0\"><span class=\"citation-478\">Interphone vocal :<\/span><\/b><span class=\"citation-478 citation-end-478\"> Le syst\u00e8me int\u00e9gr\u00e9 de diffusion vocale num\u00e9rique permet de crier en temps r\u00e9el, de convertir du texte en parole et de lire de l&#039;audio sur des distances allant jusqu&#039;\u00e0 800 m\u00e8tres.<\/span><\/p>\n<p>&nbsp;<\/li>\n<\/ul>\n<h4 data-path-to-node=\"10\">Sp\u00e9cifications techniques<\/h4>\n<table data-path-to-node=\"11\">\n<thead>\n<tr>\n<td><strong>Fonctionnalit\u00e9<\/strong><\/td>\n<td><strong>Sp\u00e9cification<\/strong><\/td>\n<\/tr>\n<\/thead>\n<tbody>\n<tr>\n<td><span data-path-to-node=\"11,1,0,0\"><b data-path-to-node=\"11,1,0,0\" data-index-in-node=\"0\">Mat\u00e9riel<\/b><\/span><\/td>\n<td><span data-path-to-node=\"11,1,1,0\">Alliage d&#039;aluminium + plastique technique haute r\u00e9sistance<\/span><\/td>\n<\/tr>\n<tr>\n<td><span data-path-to-node=\"11,2,0,0\"><b data-path-to-node=\"11,2,0,0\" data-index-in-node=\"0\">Dimensions (debout)<\/b><\/span><\/td>\n<td><span data-path-to-node=\"11,2,1,0\">700 x 310 x 400 mm<\/span><\/td>\n<\/tr>\n<tr>\n<td><span data-path-to-node=\"11,3,0,0\"><b data-path-to-node=\"11,3,0,0\" data-index-in-node=\"0\">Poids<\/b><\/span><\/td>\n<td><span data-path-to-node=\"11,3,1,0\">~15 kg (batterie comprise)<\/span><\/td>\n<\/tr>\n<tr>\n<td><span data-path-to-node=\"11,4,0,0\"><b data-path-to-node=\"11,4,0,0\" data-index-in-node=\"0\">Couple de serrage articulaire<\/b><\/span><\/td>\n<td><span data-path-to-node=\"11,4,1,0\">45 N\u00b7m (Pic)<\/span><\/td>\n<\/tr>\n<tr>\n<td><span data-path-to-node=\"11,5,0,0\"><b data-path-to-node=\"11,5,0,0\" data-index-in-node=\"0\">Connectivit\u00e9<\/b><\/span><\/td>\n<td><span data-path-to-node=\"11,5,1,0\">Wi-Fi 6, Bluetooth 5.2, 4G\/LTE (avec GPS)<\/span><\/td>\n<\/tr>\n<tr>\n<td><span data-path-to-node=\"11,6,0,0\"><b data-path-to-node=\"11,6,0,0\" data-index-in-node=\"0\">Sortie vid\u00e9o<\/b><\/span><\/td>\n<td><span data-path-to-node=\"11,6,1,0\">Double canal 1080p HD<\/span><\/td>\n<\/tr>\n<tr>\n<td><span data-path-to-node=\"11,7,0,0\"><b data-path-to-node=\"11,7,0,0\" data-index-in-node=\"0\">Temp\u00e9rature de fonctionnement<\/b><\/span><\/td>\n<td><span data-path-to-node=\"11,7,1,0\">-10\u00b0C \u00e0 45\u00b0C (estimation)<\/span><\/td>\n<\/tr>\n<\/tbody>\n<\/table>\n<p>&nbsp;<\/p>\n<h4 data-path-to-node=\"13\">Meilleurs cas d&#039;utilisation<\/h4>\n<ul data-path-to-node=\"14\">\n<li>\n<p data-path-to-node=\"14,0,0\"><b data-path-to-node=\"14,0,0\" data-index-in-node=\"0\">Inspection des infrastructures :<\/b> Se d\u00e9placer dans des zones dangereuses comme les sous-stations \u00e9lectriques ou les chantiers de construction.<\/p>\n<\/li>\n<li>\n<p data-path-to-node=\"14,1,0\"><b data-path-to-node=\"14,1,0\" data-index-in-node=\"0\">S\u00e9curit\u00e9 publique :<\/b> Offrir une \u00ab premi\u00e8re impression \u00bb lors d&#039;op\u00e9rations de recherche et de sauvetage ou de surveillance sans mettre en danger le personnel humain.<\/p>\n<\/li>\n<li>\n<p data-path-to-node=\"14,2,0\"><b data-path-to-node=\"14,2,0\" data-index-in-node=\"0\">Recherche et d\u00e9veloppement :<\/b> Une plateforme robuste pour les d\u00e9veloppeurs qui ont besoin de donn\u00e9es \u00e0 haut d\u00e9bit et de mat\u00e9riel fiable.<\/p>\n<\/li>\n<\/ul>","protected":false},"excerpt":{"rendered":"<p><span class=\"citation-490\">Le <\/span><b data-path-to-node=\"0\" data-index-in-node=\"4\"><span class=\"citation-490\">Unitree Go2 Enterprise (ENT) U2<\/span><\/b><span class=\"citation-490 citation-end-490\"> est un robot quadrup\u00e8de de qualit\u00e9 professionnelle con\u00e7u pour l&#039;inspection industrielle, la surveillance de s\u00e9curit\u00e9 et les op\u00e9rations de recherche et de sauvetage.<\/span> Contrairement aux mod\u00e8les \u00ab Air \u00bb ou \u00ab Pro \u00bb destin\u00e9s au grand public, la variante U2 est optimis\u00e9e pour les op\u00e9rations sur le terrain \u00e0 distance et une fiabilit\u00e9 \u00e0 toute \u00e9preuve.<\/p>","protected":false},"featured_media":23676,"comment_status":"open","ping_status":"closed","template":"","meta":[],"product_brand":[1087],"product_cat":[1039,1037,1085],"product_tag":[1088,1092,1089,1090],"class_list":{"0":"post-23677","1":"product","2":"type-product","3":"status-publish","4":"has-post-thumbnail","6":"product_brand-unitree","7":"product_cat-quadruped","8":"product_cat-robotics","9":"product_cat-unitree-quad-robots","10":"product_tag-unitree","11":"product_tag-unitree-go2-series","12":"product_tag-unitree-quadruped","13":"product_tag-unitree-quadruped-robots","15":"first","16":"onbackorder","17":"taxable","18":"shipping-taxable","19":"purchasable","20":"product-type-simple"},"yoast_head":"<!-- This site is optimized with the Yoast SEO plugin v27.1.1 - https:\/\/yoast.com\/product\/yoast-seo-wordpress\/ -->\n<title>Unitree Go2 Enterprise (U2) - Ghostysky<\/title>\n<meta name=\"description\" content=\"The Unitree Go2 Enterprise (ENT) U2 is a professional-grade quadruped robot engineered for industrial inspection, security surveillance, and search-and-rescue operations. Unlike the consumer-oriented &quot;Air&quot; or &quot;Pro&quot; models, the U2 variant is optimized for remote field operations and high-stakes reliability.\" \/>\n<meta name=\"robots\" content=\"index, follow, max-snippet:-1, max-image-preview:large, max-video-preview:-1\" \/>\n<link rel=\"canonical\" href=\"https:\/\/www.ghostysky.com\/fr\/product\/unitree-go2-enterprise-ent-u2\/\" \/>\n<meta property=\"og:locale\" content=\"fr_FR\" \/>\n<meta property=\"og:type\" content=\"article\" \/>\n<meta property=\"og:title\" content=\"Unitree Go2 Enterprise (U2) - Ghostysky\" \/>\n<meta property=\"og:description\" content=\"The Unitree Go2 Enterprise (ENT) U2 is a professional-grade quadruped robot engineered for industrial inspection, security surveillance, and search-and-rescue operations. Unlike the consumer-oriented &quot;Air&quot; or &quot;Pro&quot; models, the U2 variant is optimized for remote field operations and high-stakes reliability.\" \/>\n<meta property=\"og:url\" content=\"https:\/\/www.ghostysky.com\/fr\/product\/unitree-go2-enterprise-ent-u2\/\" \/>\n<meta property=\"og:site_name\" content=\"Ghostysky\" \/>\n<meta property=\"article:publisher\" content=\"https:\/\/www.facebook.com\/people\/Ghostysky\/100057676170234\/\" \/>\n<meta property=\"article:modified_time\" content=\"2026-01-11T09:24:18+00:00\" \/>\n<meta property=\"og:image\" content=\"https:\/\/www.ghostysky.com\/wp-content\/uploads\/2026\/01\/GH_Unitree_GO2_Ent_Ver.jpg\" \/>\n\t<meta property=\"og:image:width\" content=\"800\" \/>\n\t<meta property=\"og:image:height\" content=\"800\" \/>\n\t<meta property=\"og:image:type\" content=\"image\/jpeg\" \/>\n<meta name=\"twitter:card\" content=\"summary_large_image\" \/>\n<meta name=\"twitter:site\" content=\"@Gh0stysky\" \/>\n<meta name=\"twitter:label1\" content=\"Dur\u00e9e de lecture estim\u00e9e\" \/>\n\t<meta name=\"twitter:data1\" content=\"2 minutes\" \/>\n<script type=\"application\/ld+json\" class=\"yoast-schema-graph\">{\"@context\":\"https:\/\/schema.org\",\"@graph\":[{\"@type\":\"WebPage\",\"@id\":\"https:\/\/www.ghostysky.com\/product\/unitree-go2-enterprise-ent-u2\/\",\"url\":\"https:\/\/www.ghostysky.com\/product\/unitree-go2-enterprise-ent-u2\/\",\"name\":\"Unitree Go2 Enterprise (U2) - Ghostysky\",\"isPartOf\":{\"@id\":\"https:\/\/www.ghostysky.com\/#website\"},\"primaryImageOfPage\":{\"@id\":\"https:\/\/www.ghostysky.com\/product\/unitree-go2-enterprise-ent-u2\/#primaryimage\"},\"image\":{\"@id\":\"https:\/\/www.ghostysky.com\/product\/unitree-go2-enterprise-ent-u2\/#primaryimage\"},\"thumbnailUrl\":\"https:\/\/www.ghostysky.com\/wp-content\/uploads\/2026\/01\/GH_Unitree_GO2_Ent_Ver.jpg\",\"datePublished\":\"2026-01-11T08:58:20+00:00\",\"dateModified\":\"2026-01-11T09:24:18+00:00\",\"description\":\"The Unitree Go2 Enterprise (ENT) U2 is a professional-grade quadruped robot engineered for industrial inspection, security surveillance, and search-and-rescue operations. Unlike the consumer-oriented \\\"Air\\\" or \\\"Pro\\\" models, the U2 variant is optimized for remote field operations and high-stakes reliability.\",\"breadcrumb\":{\"@id\":\"https:\/\/www.ghostysky.com\/product\/unitree-go2-enterprise-ent-u2\/#breadcrumb\"},\"inLanguage\":\"fr-FR\",\"potentialAction\":[{\"@type\":\"ReadAction\",\"target\":[\"https:\/\/www.ghostysky.com\/product\/unitree-go2-enterprise-ent-u2\/\"]}]},{\"@type\":\"ImageObject\",\"inLanguage\":\"fr-FR\",\"@id\":\"https:\/\/www.ghostysky.com\/product\/unitree-go2-enterprise-ent-u2\/#primaryimage\",\"url\":\"https:\/\/www.ghostysky.com\/wp-content\/uploads\/2026\/01\/GH_Unitree_GO2_Ent_Ver.jpg\",\"contentUrl\":\"https:\/\/www.ghostysky.com\/wp-content\/uploads\/2026\/01\/GH_Unitree_GO2_Ent_Ver.jpg\",\"width\":800,\"height\":800},{\"@type\":\"BreadcrumbList\",\"@id\":\"https:\/\/www.ghostysky.com\/product\/unitree-go2-enterprise-ent-u2\/#breadcrumb\",\"itemListElement\":[{\"@type\":\"ListItem\",\"position\":1,\"name\":\"Home\",\"item\":\"https:\/\/www.ghostysky.com\/\"},{\"@type\":\"ListItem\",\"position\":2,\"name\":\"Shop\",\"item\":\"https:\/\/www.ghostysky.com\/shop\/\"},{\"@type\":\"ListItem\",\"position\":3,\"name\":\"Unitree Go2 Enterprise (U2)\"}]},{\"@type\":\"WebSite\",\"@id\":\"https:\/\/www.ghostysky.com\/#website\",\"url\":\"https:\/\/www.ghostysky.com\/\",\"name\":\"Ghostysky\",\"description\":\"Delivering professional drones and services\",\"publisher\":{\"@id\":\"https:\/\/www.ghostysky.com\/#organization\"},\"potentialAction\":[{\"@type\":\"SearchAction\",\"target\":{\"@type\":\"EntryPoint\",\"urlTemplate\":\"https:\/\/www.ghostysky.com\/?s={search_term_string}\"},\"query-input\":{\"@type\":\"PropertyValueSpecification\",\"valueRequired\":true,\"valueName\":\"search_term_string\"}}],\"inLanguage\":\"fr-FR\"},{\"@type\":\"Organization\",\"@id\":\"https:\/\/www.ghostysky.com\/#organization\",\"name\":\"Ghostysky\",\"url\":\"https:\/\/www.ghostysky.com\/\",\"logo\":{\"@type\":\"ImageObject\",\"inLanguage\":\"fr-FR\",\"@id\":\"https:\/\/www.ghostysky.com\/#\/schema\/logo\/image\/\",\"url\":\"https:\/\/www.ghostysky.com\/wp-content\/uploads\/2020\/06\/cropped-ghostyskylogo_text_white2.png\",\"contentUrl\":\"https:\/\/www.ghostysky.com\/wp-content\/uploads\/2020\/06\/cropped-ghostyskylogo_text_white2.png\",\"width\":169,\"height\":56,\"caption\":\"Ghostysky\"},\"image\":{\"@id\":\"https:\/\/www.ghostysky.com\/#\/schema\/logo\/image\/\"},\"sameAs\":[\"https:\/\/www.facebook.com\/people\/Ghostysky\/100057676170234\/\",\"https:\/\/x.com\/Gh0stysky\",\"https:\/\/www.linkedin.com\/company\/34739653\",\"https:\/\/www.instagram.com\/gh0stysky\"]}]}<\/script>\n<!-- \/ Yoast SEO plugin. -->","yoast_head_json":{"title":"Unitree Go2 Enterprise (U2) - Ghostysky","description":"L&#039;Unitree Go2 Enterprise (ENT) U2 est un robot quadrup\u00e8de professionnel con\u00e7u pour l&#039;inspection industrielle, la surveillance de s\u00e9curit\u00e9 et les op\u00e9rations de recherche et de sauvetage. Contrairement aux mod\u00e8les grand public \u00ab\u00a0Air\u00a0\u00bb ou \u00ab\u00a0Pro\u00a0\u00bb, la version U2 est optimis\u00e9e pour les interventions sur le terrain en zones isol\u00e9es et offre une fiabilit\u00e9 \u00e0 toute \u00e9preuve.","robots":{"index":"index","follow":"follow","max-snippet":"max-snippet:-1","max-image-preview":"max-image-preview:large","max-video-preview":"max-video-preview:-1"},"canonical":"https:\/\/www.ghostysky.com\/fr\/product\/unitree-go2-enterprise-ent-u2\/","og_locale":"fr_FR","og_type":"article","og_title":"Unitree Go2 Enterprise (U2) - Ghostysky","og_description":"The Unitree Go2 Enterprise (ENT) U2 is a professional-grade quadruped robot engineered for industrial inspection, security surveillance, and search-and-rescue operations. Unlike the consumer-oriented \"Air\" or \"Pro\" models, the U2 variant is optimized for remote field operations and high-stakes reliability.","og_url":"https:\/\/www.ghostysky.com\/fr\/product\/unitree-go2-enterprise-ent-u2\/","og_site_name":"Ghostysky","article_publisher":"https:\/\/www.facebook.com\/people\/Ghostysky\/100057676170234\/","article_modified_time":"2026-01-11T09:24:18+00:00","og_image":[{"width":800,"height":800,"url":"https:\/\/www.ghostysky.com\/wp-content\/uploads\/2026\/01\/GH_Unitree_GO2_Ent_Ver.jpg","type":"image\/jpeg"}],"twitter_card":"summary_large_image","twitter_site":"@Gh0stysky","twitter_misc":{"Dur\u00e9e de lecture estim\u00e9e":"2 minutes"},"schema":{"@context":"https:\/\/schema.org","@graph":[{"@type":"WebPage","@id":"https:\/\/www.ghostysky.com\/product\/unitree-go2-enterprise-ent-u2\/","url":"https:\/\/www.ghostysky.com\/product\/unitree-go2-enterprise-ent-u2\/","name":"Unitree Go2 Enterprise (U2) - Ghostysky","isPartOf":{"@id":"https:\/\/www.ghostysky.com\/#website"},"primaryImageOfPage":{"@id":"https:\/\/www.ghostysky.com\/product\/unitree-go2-enterprise-ent-u2\/#primaryimage"},"image":{"@id":"https:\/\/www.ghostysky.com\/product\/unitree-go2-enterprise-ent-u2\/#primaryimage"},"thumbnailUrl":"https:\/\/www.ghostysky.com\/wp-content\/uploads\/2026\/01\/GH_Unitree_GO2_Ent_Ver.jpg","datePublished":"2026-01-11T08:58:20+00:00","dateModified":"2026-01-11T09:24:18+00:00","description":"L&#039;Unitree Go2 Enterprise (ENT) U2 est un robot quadrup\u00e8de professionnel con\u00e7u pour l&#039;inspection industrielle, la surveillance de s\u00e9curit\u00e9 et les op\u00e9rations de recherche et de sauvetage. Contrairement aux mod\u00e8les grand public \u00ab\u00a0Air\u00a0\u00bb ou \u00ab\u00a0Pro\u00a0\u00bb, la version U2 est optimis\u00e9e pour les interventions sur le terrain en zones isol\u00e9es et offre une fiabilit\u00e9 \u00e0 toute \u00e9preuve.","breadcrumb":{"@id":"https:\/\/www.ghostysky.com\/product\/unitree-go2-enterprise-ent-u2\/#breadcrumb"},"inLanguage":"fr-FR","potentialAction":[{"@type":"ReadAction","target":["https:\/\/www.ghostysky.com\/product\/unitree-go2-enterprise-ent-u2\/"]}]},{"@type":"ImageObject","inLanguage":"fr-FR","@id":"https:\/\/www.ghostysky.com\/product\/unitree-go2-enterprise-ent-u2\/#primaryimage","url":"https:\/\/www.ghostysky.com\/wp-content\/uploads\/2026\/01\/GH_Unitree_GO2_Ent_Ver.jpg","contentUrl":"https:\/\/www.ghostysky.com\/wp-content\/uploads\/2026\/01\/GH_Unitree_GO2_Ent_Ver.jpg","width":800,"height":800},{"@type":"BreadcrumbList","@id":"https:\/\/www.ghostysky.com\/product\/unitree-go2-enterprise-ent-u2\/#breadcrumb","itemListElement":[{"@type":"ListItem","position":1,"name":"Home","item":"https:\/\/www.ghostysky.com\/"},{"@type":"ListItem","position":2,"name":"Shop","item":"https:\/\/www.ghostysky.com\/shop\/"},{"@type":"ListItem","position":3,"name":"Unitree Go2 Enterprise (U2)"}]},{"@type":"WebSite","@id":"https:\/\/www.ghostysky.com\/#website","url":"https:\/\/www.ghostysky.com\/","name":"Ghostysky","description":"Livraison de drones et de services professionnels","publisher":{"@id":"https:\/\/www.ghostysky.com\/#organization"},"potentialAction":[{"@type":"SearchAction","target":{"@type":"EntryPoint","urlTemplate":"https:\/\/www.ghostysky.com\/?s={search_term_string}"},"query-input":{"@type":"PropertyValueSpecification","valueRequired":true,"valueName":"search_term_string"}}],"inLanguage":"fr-FR"},{"@type":"Organization","@id":"https:\/\/www.ghostysky.com\/#organization","name":"Ghostysky","url":"https:\/\/www.ghostysky.com\/","logo":{"@type":"ImageObject","inLanguage":"fr-FR","@id":"https:\/\/www.ghostysky.com\/#\/schema\/logo\/image\/","url":"https:\/\/www.ghostysky.com\/wp-content\/uploads\/2020\/06\/cropped-ghostyskylogo_text_white2.png","contentUrl":"https:\/\/www.ghostysky.com\/wp-content\/uploads\/2020\/06\/cropped-ghostyskylogo_text_white2.png","width":169,"height":56,"caption":"Ghostysky"},"image":{"@id":"https:\/\/www.ghostysky.com\/#\/schema\/logo\/image\/"},"sameAs":["https:\/\/www.facebook.com\/people\/Ghostysky\/100057676170234\/","https:\/\/x.com\/Gh0stysky","https:\/\/www.linkedin.com\/company\/34739653","https:\/\/www.instagram.com\/gh0stysky"]}]}},"_links":{"self":[{"href":"https:\/\/www.ghostysky.com\/fr\/wp-json\/wp\/v2\/product\/23677","targetHints":{"allow":["GET"]}}],"collection":[{"href":"https:\/\/www.ghostysky.com\/fr\/wp-json\/wp\/v2\/product"}],"about":[{"href":"https:\/\/www.ghostysky.com\/fr\/wp-json\/wp\/v2\/types\/product"}],"replies":[{"embeddable":true,"href":"https:\/\/www.ghostysky.com\/fr\/wp-json\/wp\/v2\/comments?post=23677"}],"wp:featuredmedia":[{"embeddable":true,"href":"https:\/\/www.ghostysky.com\/fr\/wp-json\/wp\/v2\/media\/23676"}],"wp:attachment":[{"href":"https:\/\/www.ghostysky.com\/fr\/wp-json\/wp\/v2\/media?parent=23677"}],"wp:term":[{"taxonomy":"product_brand","embeddable":true,"href":"https:\/\/www.ghostysky.com\/fr\/wp-json\/wp\/v2\/product_brand?post=23677"},{"taxonomy":"product_cat","embeddable":true,"href":"https:\/\/www.ghostysky.com\/fr\/wp-json\/wp\/v2\/product_cat?post=23677"},{"taxonomy":"product_tag","embeddable":true,"href":"https:\/\/www.ghostysky.com\/fr\/wp-json\/wp\/v2\/product_tag?post=23677"}],"curies":[{"name":"wp","href":"https:\/\/api.w.org\/{rel}","templated":true}]}}