{"id":23680,"date":"2026-01-11T09:07:02","date_gmt":"2026-01-11T09:07:02","guid":{"rendered":"https:\/\/www.ghostysky.com\/?post_type=product&#038;p=23680"},"modified":"2026-01-11T09:25:14","modified_gmt":"2026-01-11T09:25:14","slug":"unitree-go2-enterprise-u5","status":"publish","type":"product","link":"https:\/\/www.ghostysky.com\/fr\/product\/unitree-go2-enterprise-u5\/","title":{"rendered":"Unitree Go2 Enterprise (U5)"},"content":{"rendered":"<h4 data-path-to-node=\"2\">Principales fonctionnalit\u00e9s et capacit\u00e9s<\/h4>\n<h4 data-path-to-node=\"3\">1. <span class=\"citation-575 citation-end-575\">Perception optique double avanc\u00e9e (givrage)<\/span><\/h4>\n<p data-path-to-node=\"4\"><span class=\"citation-574 citation-end-574\">La caract\u00e9ristique remarquable du U5 est sa nacelle stabilis\u00e9e sur 3 axes, qui abrite\u00a0:<\/span><\/p>\n<ul data-path-to-node=\"5\">\n<li>\n<p data-path-to-node=\"5,0,0\"><b data-path-to-node=\"5,0,0\" data-index-in-node=\"0\"><span class=\"citation-573\">Capteur d&#039;imagerie thermique :<\/span><\/b><span class=\"citation-573 citation-end-573\"> Cam\u00e9ra thermique haute r\u00e9solution 640\u00d7512 pour la d\u00e9tection des signatures thermiques, des fuites de gaz ou des \u00e9quipements en surchauffe.<\/span> <span class=\"citation-572\">Il supporte une large plage de temp\u00e9ratures de <\/span><b data-path-to-node=\"5,0,0\" data-index-in-node=\"175\"><span class=\"citation-572\">-20\u00b0C \u00e0 +550\u00b0C<\/span><\/b><span class=\"citation-572 citation-end-572\">.<\/span><\/p>\n<\/li>\n<li>\n<p data-path-to-node=\"5,1,0\"><b data-path-to-node=\"5,1,0\" data-index-in-node=\"0\"><span class=\"citation-571\">Cam\u00e9ra visuelle HD :<\/span><\/b><span class=\"citation-571 citation-end-571\"> Transmission vid\u00e9o haute d\u00e9finition 1080P avec une latence ultra-faible (~180 ms), offrant une connaissance situationnelle d&#039;une clart\u00e9 cristalline aux op\u00e9rateurs distants.<\/span><\/p>\n<\/li>\n<\/ul>\n<h4 data-path-to-node=\"6\">2. Navigation et mobilit\u00e9 sup\u00e9rieures<\/h4>\n<ul data-path-to-node=\"7\">\n<li>\n<p data-path-to-node=\"7,0,0\"><b data-path-to-node=\"7,0,0\" data-index-in-node=\"0\"><span class=\"citation-570\">LIDAR 4D L1\u00a0:<\/span><\/b><span class=\"citation-570 citation-end-570\"> Il est dot\u00e9 du LIDAR h\u00e9misph\u00e9rique 360\u00b0\u00d790\u00b0 d\u00e9velopp\u00e9 par Unitree, offrant une am\u00e9lioration de la reconnaissance de 200% par rapport aux mod\u00e8les pr\u00e9c\u00e9dents et une distance de d\u00e9tection minimale de seulement 0,05 m.<\/span><\/p>\n<\/li>\n<li>\n<p data-path-to-node=\"7,1,0\"><b data-path-to-node=\"7,1,0\" data-index-in-node=\"0\">Adaptabilit\u00e9 au terrain :<\/b><span class=\"citation-569\"> Gr\u00e2ce \u00e0 la commande de mouvement pilot\u00e9e par l&#039;IA, le U5 peut franchir des escaliers, du gravier et des pentes jusqu&#039;\u00e0 40\u00b0, atteignant des vitesses de <\/span><b data-path-to-node=\"7,1,0\" data-index-in-node=\"135\"><span class=\"citation-569\">3,7 m\/s \u00e0 5 m\/s<\/span><\/b><span class=\"citation-569 citation-end-569\">.<\/span><\/p>\n<\/li>\n<li>\n<p data-path-to-node=\"7,2,0\"><b data-path-to-node=\"7,2,0\" data-index-in-node=\"0\">ISS 2.0 (Suivi lat\u00e9ral intelligent) :<\/b><span class=\"citation-568 citation-end-568\"> Technologie de positionnement am\u00e9lior\u00e9e permettant au robot de suivre le personnel avec plus de pr\u00e9cision tout en maintenant une distance de s\u00e9curit\u00e9 et en \u00e9vitant les obstacles.<\/span><\/p>\n<\/li>\n<\/ul>\n<h4 data-path-to-node=\"8\">3. Communication de niveau industriel<\/h4>\n<ul data-path-to-node=\"9\">\n<li>\n<p data-path-to-node=\"9,0,0\"><b data-path-to-node=\"9,0,0\" data-index-in-node=\"0\"><span class=\"citation-567\">Sauvegarde \u00e0 double liaison\u00a0:<\/span><\/b><span class=\"citation-567 citation-end-567\"> Utilise une liaison principale 5,8G pour les donn\u00e9es \u00e0 haut d\u00e9bit et une liaison de secours 4G\/eSIM pour assurer la connectivit\u00e9 dans les environnements isol\u00e9s ou obstru\u00e9s.<\/span><\/p>\n<\/li>\n<li>\n<p data-path-to-node=\"9,1,0\"><b data-path-to-node=\"9,1,0\" data-index-in-node=\"0\"><span class=\"citation-566\">T\u00e9l\u00e9commande avec \u00e9cran :<\/span><\/b><span class=\"citation-566 citation-end-566\"> Livr\u00e9 de s\u00e9rie avec une t\u00e9l\u00e9commande professionnelle dot\u00e9e d&#039;un \u00e9cran int\u00e9gr\u00e9 pour les flux vid\u00e9o et la t\u00e9l\u00e9m\u00e9trie en temps r\u00e9el.<\/span><\/p>\n<p>&nbsp;<\/li>\n<\/ul>\n<h4 data-path-to-node=\"11\">Sp\u00e9cifications techniques<\/h4>\n<table data-path-to-node=\"12\">\n<thead>\n<tr>\n<td><strong>Fonctionnalit\u00e9<\/strong><\/td>\n<td><strong>Sp\u00e9cification<\/strong><\/td>\n<\/tr>\n<\/thead>\n<tbody>\n<tr>\n<td><span data-path-to-node=\"12,1,0,0\"><b data-path-to-node=\"12,1,0,0\" data-index-in-node=\"0\">Poids<\/b><\/span><\/td>\n<td><span data-path-to-node=\"12,1,1,0\">~15 kg (avec batterie)<\/span><\/td>\n<\/tr>\n<tr>\n<td><span data-path-to-node=\"12,2,0,0\"><b data-path-to-node=\"12,2,0,0\" data-index-in-node=\"0\">Capacit\u00e9 de charge utile<\/b><\/span><\/td>\n<td><span data-path-to-node=\"12,2,1,0\">8 kg (standard) \u00e0 12 kg (max)<\/span><\/td>\n<\/tr>\n<tr>\n<td><span data-path-to-node=\"12,3,0,0\"><b data-path-to-node=\"12,3,0,0\" data-index-in-node=\"0\">Autonomie de la batterie<\/b><\/span><\/td>\n<td><span data-path-to-node=\"12,3,1,0\">2 \u00e0 4 heures (batterie longue dur\u00e9e de 15\u00a0000 mAh)<\/span><\/td>\n<\/tr>\n<tr>\n<td><span data-path-to-node=\"12,4,0,0\"><b data-path-to-node=\"12,4,0,0\" data-index-in-node=\"0\">Couple de serrage articulaire<\/b><\/span><\/td>\n<td><span data-path-to-node=\"12,4,1,0\">Couple maximal de 45 Nm avec refroidissement par caloduc<\/span><\/td>\n<\/tr>\n<tr>\n<td><span data-path-to-node=\"12,5,0,0\"><b data-path-to-node=\"12,5,0,0\" data-index-in-node=\"0\">Gamme de cardan<\/b><\/span><\/td>\n<td><span data-path-to-node=\"12,5,1,0\">Tangage : -90\u00b0 \u00e0 +25\u00b0 ; Lacet : -270\u00b0 \u00e0 +270\u00b0<\/span><\/td>\n<\/tr>\n<tr>\n<td><span data-path-to-node=\"12,6,0,0\"><b data-path-to-node=\"12,6,0,0\" data-index-in-node=\"0\">Protection<\/b><\/span><\/td>\n<td><span data-path-to-node=\"12,6,1,0\">Construction en alliage d&#039;aluminium et en plastique technique haute r\u00e9sistance<\/span><\/td>\n<\/tr>\n<\/tbody>\n<\/table>\n<p>&nbsp;<\/p>\n<h4 data-path-to-node=\"14\">Applications principales<\/h4>\n<ul data-path-to-node=\"15\">\n<li>\n<p data-path-to-node=\"15,0,0\"><b data-path-to-node=\"15,0,0\" data-index-in-node=\"0\">Inspection industrielle :<\/b> Surveillance des r\u00e9seaux \u00e9lectriques, des sous-stations et des installations p\u00e9troli\u00e8res et gazi\u00e8res par imagerie thermique pour identifier les points chauds.<\/p>\n<\/li>\n<li>\n<p data-path-to-node=\"15,1,0\"><b data-path-to-node=\"15,1,0\" data-index-in-node=\"0\">Recherche et sauvetage :<\/b> Localiser les personnes disparues dans des environnements \u00e0 faible visibilit\u00e9 ou dans des zones dangereuses o\u00f9 l&#039;entr\u00e9e humaine est risqu\u00e9e.<\/p>\n<\/li>\n<li>\n<p data-path-to-node=\"15,2,0\"><b data-path-to-node=\"15,2,0\" data-index-in-node=\"0\">S\u00e9curit\u00e9 publique :<\/b><span class=\"citation-565 citation-end-565\"> Patrouilles de s\u00e9curit\u00e9, surveillance automatis\u00e9e et \u00e9valuation de la situation pour les forces de l&#039;ordre.<\/span><\/p>\n<\/li>\n<\/ul>","protected":false},"excerpt":{"rendered":"<p><span class=\"citation-577\">Le <\/span><b data-path-to-node=\"0\" data-index-in-node=\"4\"><span class=\"citation-577\">Unitree Go2 Enterprise (Ent) U5<\/span><\/b><span class=\"citation-577 citation-end-577\"> est un robot quadrup\u00e8de haute performance sp\u00e9cialement con\u00e7u pour l&#039;inspection industrielle, la s\u00e9curit\u00e9 publique et les interventions d&#039;urgence.<\/span> <span class=\"citation-576\">Mod\u00e8le phare de la s\u00e9rie Go2 Enterprise, la configuration U5 se distingue par son syst\u00e8me int\u00e9gr\u00e9 <\/span><b data-path-to-node=\"0\" data-index-in-node=\"266\"><span class=\"citation-576\">nacelle \u00e0 double optique<\/span><\/b><span class=\"citation-576 citation-end-576\">, qui combine l&#039;imagerie visuelle haute d\u00e9finition avec la d\u00e9tection thermique de qualit\u00e9 professionnelle.<\/span><\/p>","protected":false},"featured_media":23676,"comment_status":"open","ping_status":"closed","template":"","meta":[],"product_brand":[1087],"product_cat":[1039,1037,1085],"product_tag":[1088,1092,1089,1090],"class_list":{"0":"post-23680","1":"product","2":"type-product","3":"status-publish","4":"has-post-thumbnail","6":"product_brand-unitree","7":"product_cat-quadruped","8":"product_cat-robotics","9":"product_cat-unitree-quad-robots","10":"product_tag-unitree","11":"product_tag-unitree-go2-series","12":"product_tag-unitree-quadruped","13":"product_tag-unitree-quadruped-robots","15":"first","16":"onbackorder","17":"taxable","18":"shipping-taxable","19":"purchasable","20":"product-type-simple"},"yoast_head":"<!-- This site is optimized with the Yoast SEO plugin v27.1.1 - https:\/\/yoast.com\/product\/yoast-seo-wordpress\/ -->\n<title>Unitree Go2 Enterprise (U5) - Ghostysky<\/title>\n<meta name=\"description\" content=\"The Unitree Go2 Enterprise (Ent) U5 is a high-performance quadruped robot specifically engineered for industrial inspection, public safety, and emergency response. As the flagship of the Go2 Enterprise series, the U5 configuration is distinguished by its integrated dual-optical gimbal, which combines high-definition visual imaging with professional-grade thermal sensing.\" \/>\n<meta name=\"robots\" content=\"index, follow, max-snippet:-1, max-image-preview:large, max-video-preview:-1\" \/>\n<link rel=\"canonical\" href=\"https:\/\/www.ghostysky.com\/fr\/product\/unitree-go2-enterprise-u5\/\" \/>\n<meta property=\"og:locale\" content=\"fr_FR\" \/>\n<meta property=\"og:type\" content=\"article\" \/>\n<meta property=\"og:title\" content=\"Unitree Go2 Enterprise (U5) - Ghostysky\" \/>\n<meta property=\"og:description\" content=\"The Unitree Go2 Enterprise (Ent) U5 is a high-performance quadruped robot specifically engineered for industrial inspection, public safety, and emergency response. As the flagship of the Go2 Enterprise series, the U5 configuration is distinguished by its integrated dual-optical gimbal, which combines high-definition visual imaging with professional-grade thermal sensing.\" \/>\n<meta property=\"og:url\" content=\"https:\/\/www.ghostysky.com\/fr\/product\/unitree-go2-enterprise-u5\/\" \/>\n<meta property=\"og:site_name\" content=\"Ghostysky\" \/>\n<meta property=\"article:publisher\" content=\"https:\/\/www.facebook.com\/people\/Ghostysky\/100057676170234\/\" \/>\n<meta property=\"article:modified_time\" content=\"2026-01-11T09:25:14+00:00\" \/>\n<meta property=\"og:image\" content=\"https:\/\/www.ghostysky.com\/wp-content\/uploads\/2026\/01\/GH_Unitree_GO2_Ent_Ver.jpg\" \/>\n\t<meta property=\"og:image:width\" content=\"800\" \/>\n\t<meta property=\"og:image:height\" content=\"800\" \/>\n\t<meta property=\"og:image:type\" content=\"image\/jpeg\" \/>\n<meta name=\"twitter:card\" content=\"summary_large_image\" \/>\n<meta name=\"twitter:site\" content=\"@Gh0stysky\" \/>\n<meta name=\"twitter:label1\" content=\"Dur\u00e9e de lecture estim\u00e9e\" \/>\n\t<meta name=\"twitter:data1\" content=\"2 minutes\" \/>\n<script type=\"application\/ld+json\" class=\"yoast-schema-graph\">{\"@context\":\"https:\/\/schema.org\",\"@graph\":[{\"@type\":\"WebPage\",\"@id\":\"https:\/\/www.ghostysky.com\/product\/unitree-go2-enterprise-u5\/\",\"url\":\"https:\/\/www.ghostysky.com\/product\/unitree-go2-enterprise-u5\/\",\"name\":\"Unitree Go2 Enterprise (U5) - Ghostysky\",\"isPartOf\":{\"@id\":\"https:\/\/www.ghostysky.com\/#website\"},\"primaryImageOfPage\":{\"@id\":\"https:\/\/www.ghostysky.com\/product\/unitree-go2-enterprise-u5\/#primaryimage\"},\"image\":{\"@id\":\"https:\/\/www.ghostysky.com\/product\/unitree-go2-enterprise-u5\/#primaryimage\"},\"thumbnailUrl\":\"https:\/\/www.ghostysky.com\/wp-content\/uploads\/2026\/01\/GH_Unitree_GO2_Ent_Ver.jpg\",\"datePublished\":\"2026-01-11T09:07:02+00:00\",\"dateModified\":\"2026-01-11T09:25:14+00:00\",\"description\":\"The Unitree Go2 Enterprise (Ent) U5 is a high-performance quadruped robot specifically engineered for industrial inspection, public safety, and emergency response. As the flagship of the Go2 Enterprise series, the U5 configuration is distinguished by its integrated dual-optical gimbal, which combines high-definition visual imaging with professional-grade thermal sensing.\",\"breadcrumb\":{\"@id\":\"https:\/\/www.ghostysky.com\/product\/unitree-go2-enterprise-u5\/#breadcrumb\"},\"inLanguage\":\"fr-FR\",\"potentialAction\":[{\"@type\":\"ReadAction\",\"target\":[\"https:\/\/www.ghostysky.com\/product\/unitree-go2-enterprise-u5\/\"]}]},{\"@type\":\"ImageObject\",\"inLanguage\":\"fr-FR\",\"@id\":\"https:\/\/www.ghostysky.com\/product\/unitree-go2-enterprise-u5\/#primaryimage\",\"url\":\"https:\/\/www.ghostysky.com\/wp-content\/uploads\/2026\/01\/GH_Unitree_GO2_Ent_Ver.jpg\",\"contentUrl\":\"https:\/\/www.ghostysky.com\/wp-content\/uploads\/2026\/01\/GH_Unitree_GO2_Ent_Ver.jpg\",\"width\":800,\"height\":800},{\"@type\":\"BreadcrumbList\",\"@id\":\"https:\/\/www.ghostysky.com\/product\/unitree-go2-enterprise-u5\/#breadcrumb\",\"itemListElement\":[{\"@type\":\"ListItem\",\"position\":1,\"name\":\"Home\",\"item\":\"https:\/\/www.ghostysky.com\/\"},{\"@type\":\"ListItem\",\"position\":2,\"name\":\"Shop\",\"item\":\"https:\/\/www.ghostysky.com\/shop\/\"},{\"@type\":\"ListItem\",\"position\":3,\"name\":\"Unitree Go2 Enterprise (U5)\"}]},{\"@type\":\"WebSite\",\"@id\":\"https:\/\/www.ghostysky.com\/#website\",\"url\":\"https:\/\/www.ghostysky.com\/\",\"name\":\"Ghostysky\",\"description\":\"Delivering professional drones and services\",\"publisher\":{\"@id\":\"https:\/\/www.ghostysky.com\/#organization\"},\"potentialAction\":[{\"@type\":\"SearchAction\",\"target\":{\"@type\":\"EntryPoint\",\"urlTemplate\":\"https:\/\/www.ghostysky.com\/?s={search_term_string}\"},\"query-input\":{\"@type\":\"PropertyValueSpecification\",\"valueRequired\":true,\"valueName\":\"search_term_string\"}}],\"inLanguage\":\"fr-FR\"},{\"@type\":\"Organization\",\"@id\":\"https:\/\/www.ghostysky.com\/#organization\",\"name\":\"Ghostysky\",\"url\":\"https:\/\/www.ghostysky.com\/\",\"logo\":{\"@type\":\"ImageObject\",\"inLanguage\":\"fr-FR\",\"@id\":\"https:\/\/www.ghostysky.com\/#\/schema\/logo\/image\/\",\"url\":\"https:\/\/www.ghostysky.com\/wp-content\/uploads\/2020\/06\/cropped-ghostyskylogo_text_white2.png\",\"contentUrl\":\"https:\/\/www.ghostysky.com\/wp-content\/uploads\/2020\/06\/cropped-ghostyskylogo_text_white2.png\",\"width\":169,\"height\":56,\"caption\":\"Ghostysky\"},\"image\":{\"@id\":\"https:\/\/www.ghostysky.com\/#\/schema\/logo\/image\/\"},\"sameAs\":[\"https:\/\/www.facebook.com\/people\/Ghostysky\/100057676170234\/\",\"https:\/\/x.com\/Gh0stysky\",\"https:\/\/www.linkedin.com\/company\/34739653\",\"https:\/\/www.instagram.com\/gh0stysky\"]}]}<\/script>\n<!-- \/ Yoast SEO plugin. -->","yoast_head_json":{"title":"Unitree Go2 Enterprise (U5) - Ghostysky","description":"Le Unitree Go2 Enterprise (Ent) U5 est un robot quadrup\u00e8de haute performance con\u00e7u sp\u00e9cifiquement pour l&#039;inspection industrielle, la s\u00e9curit\u00e9 publique et les interventions d&#039;urgence. Mod\u00e8le phare de la gamme Go2 Enterprise, le U5 se distingue par sa nacelle optique double int\u00e9gr\u00e9e, qui combine l&#039;imagerie visuelle haute d\u00e9finition et la d\u00e9tection thermique de qualit\u00e9 professionnelle.","robots":{"index":"index","follow":"follow","max-snippet":"max-snippet:-1","max-image-preview":"max-image-preview:large","max-video-preview":"max-video-preview:-1"},"canonical":"https:\/\/www.ghostysky.com\/fr\/product\/unitree-go2-enterprise-u5\/","og_locale":"fr_FR","og_type":"article","og_title":"Unitree Go2 Enterprise (U5) - Ghostysky","og_description":"The Unitree Go2 Enterprise (Ent) U5 is a high-performance quadruped robot specifically engineered for industrial inspection, public safety, and emergency response. As the flagship of the Go2 Enterprise series, the U5 configuration is distinguished by its integrated dual-optical gimbal, which combines high-definition visual imaging with professional-grade thermal sensing.","og_url":"https:\/\/www.ghostysky.com\/fr\/product\/unitree-go2-enterprise-u5\/","og_site_name":"Ghostysky","article_publisher":"https:\/\/www.facebook.com\/people\/Ghostysky\/100057676170234\/","article_modified_time":"2026-01-11T09:25:14+00:00","og_image":[{"width":800,"height":800,"url":"https:\/\/www.ghostysky.com\/wp-content\/uploads\/2026\/01\/GH_Unitree_GO2_Ent_Ver.jpg","type":"image\/jpeg"}],"twitter_card":"summary_large_image","twitter_site":"@Gh0stysky","twitter_misc":{"Dur\u00e9e de lecture estim\u00e9e":"2 minutes"},"schema":{"@context":"https:\/\/schema.org","@graph":[{"@type":"WebPage","@id":"https:\/\/www.ghostysky.com\/product\/unitree-go2-enterprise-u5\/","url":"https:\/\/www.ghostysky.com\/product\/unitree-go2-enterprise-u5\/","name":"Unitree Go2 Enterprise (U5) - Ghostysky","isPartOf":{"@id":"https:\/\/www.ghostysky.com\/#website"},"primaryImageOfPage":{"@id":"https:\/\/www.ghostysky.com\/product\/unitree-go2-enterprise-u5\/#primaryimage"},"image":{"@id":"https:\/\/www.ghostysky.com\/product\/unitree-go2-enterprise-u5\/#primaryimage"},"thumbnailUrl":"https:\/\/www.ghostysky.com\/wp-content\/uploads\/2026\/01\/GH_Unitree_GO2_Ent_Ver.jpg","datePublished":"2026-01-11T09:07:02+00:00","dateModified":"2026-01-11T09:25:14+00:00","description":"Le Unitree Go2 Enterprise (Ent) U5 est un robot quadrup\u00e8de haute performance con\u00e7u sp\u00e9cifiquement pour l&#039;inspection industrielle, la s\u00e9curit\u00e9 publique et les interventions d&#039;urgence. Mod\u00e8le phare de la gamme Go2 Enterprise, le U5 se distingue par sa nacelle optique double int\u00e9gr\u00e9e, qui combine l&#039;imagerie visuelle haute d\u00e9finition et la d\u00e9tection thermique de qualit\u00e9 professionnelle.","breadcrumb":{"@id":"https:\/\/www.ghostysky.com\/product\/unitree-go2-enterprise-u5\/#breadcrumb"},"inLanguage":"fr-FR","potentialAction":[{"@type":"ReadAction","target":["https:\/\/www.ghostysky.com\/product\/unitree-go2-enterprise-u5\/"]}]},{"@type":"ImageObject","inLanguage":"fr-FR","@id":"https:\/\/www.ghostysky.com\/product\/unitree-go2-enterprise-u5\/#primaryimage","url":"https:\/\/www.ghostysky.com\/wp-content\/uploads\/2026\/01\/GH_Unitree_GO2_Ent_Ver.jpg","contentUrl":"https:\/\/www.ghostysky.com\/wp-content\/uploads\/2026\/01\/GH_Unitree_GO2_Ent_Ver.jpg","width":800,"height":800},{"@type":"BreadcrumbList","@id":"https:\/\/www.ghostysky.com\/product\/unitree-go2-enterprise-u5\/#breadcrumb","itemListElement":[{"@type":"ListItem","position":1,"name":"Home","item":"https:\/\/www.ghostysky.com\/"},{"@type":"ListItem","position":2,"name":"Shop","item":"https:\/\/www.ghostysky.com\/shop\/"},{"@type":"ListItem","position":3,"name":"Unitree Go2 Enterprise (U5)"}]},{"@type":"WebSite","@id":"https:\/\/www.ghostysky.com\/#website","url":"https:\/\/www.ghostysky.com\/","name":"Ghostysky","description":"Livraison de drones et de services professionnels","publisher":{"@id":"https:\/\/www.ghostysky.com\/#organization"},"potentialAction":[{"@type":"SearchAction","target":{"@type":"EntryPoint","urlTemplate":"https:\/\/www.ghostysky.com\/?s={search_term_string}"},"query-input":{"@type":"PropertyValueSpecification","valueRequired":true,"valueName":"search_term_string"}}],"inLanguage":"fr-FR"},{"@type":"Organization","@id":"https:\/\/www.ghostysky.com\/#organization","name":"Ghostysky","url":"https:\/\/www.ghostysky.com\/","logo":{"@type":"ImageObject","inLanguage":"fr-FR","@id":"https:\/\/www.ghostysky.com\/#\/schema\/logo\/image\/","url":"https:\/\/www.ghostysky.com\/wp-content\/uploads\/2020\/06\/cropped-ghostyskylogo_text_white2.png","contentUrl":"https:\/\/www.ghostysky.com\/wp-content\/uploads\/2020\/06\/cropped-ghostyskylogo_text_white2.png","width":169,"height":56,"caption":"Ghostysky"},"image":{"@id":"https:\/\/www.ghostysky.com\/#\/schema\/logo\/image\/"},"sameAs":["https:\/\/www.facebook.com\/people\/Ghostysky\/100057676170234\/","https:\/\/x.com\/Gh0stysky","https:\/\/www.linkedin.com\/company\/34739653","https:\/\/www.instagram.com\/gh0stysky"]}]}},"_links":{"self":[{"href":"https:\/\/www.ghostysky.com\/fr\/wp-json\/wp\/v2\/product\/23680","targetHints":{"allow":["GET"]}}],"collection":[{"href":"https:\/\/www.ghostysky.com\/fr\/wp-json\/wp\/v2\/product"}],"about":[{"href":"https:\/\/www.ghostysky.com\/fr\/wp-json\/wp\/v2\/types\/product"}],"replies":[{"embeddable":true,"href":"https:\/\/www.ghostysky.com\/fr\/wp-json\/wp\/v2\/comments?post=23680"}],"wp:featuredmedia":[{"embeddable":true,"href":"https:\/\/www.ghostysky.com\/fr\/wp-json\/wp\/v2\/media\/23676"}],"wp:attachment":[{"href":"https:\/\/www.ghostysky.com\/fr\/wp-json\/wp\/v2\/media?parent=23680"}],"wp:term":[{"taxonomy":"product_brand","embeddable":true,"href":"https:\/\/www.ghostysky.com\/fr\/wp-json\/wp\/v2\/product_brand?post=23680"},{"taxonomy":"product_cat","embeddable":true,"href":"https:\/\/www.ghostysky.com\/fr\/wp-json\/wp\/v2\/product_cat?post=23680"},{"taxonomy":"product_tag","embeddable":true,"href":"https:\/\/www.ghostysky.com\/fr\/wp-json\/wp\/v2\/product_tag?post=23680"}],"curies":[{"name":"wp","href":"https:\/\/api.w.org\/{rel}","templated":true}]}}