{"id":23702,"date":"2026-01-12T16:50:16","date_gmt":"2026-01-12T16:50:16","guid":{"rendered":"https:\/\/www.ghostysky.com\/?post_type=product&#038;p=23702"},"modified":"2026-01-12T16:59:46","modified_gmt":"2026-01-12T16:59:46","slug":"agilex-ranger-series-air-delta","status":"publish","type":"product","link":"https:\/\/www.ghostysky.com\/fr\/product\/agilex-ranger-series-air-delta\/","title":{"rendered":"S\u00e9rie AgileX Ranger (Air et Delta)"},"content":{"rendered":"<h4 data-path-to-node=\"3\">1. AgileX Ranger (Plateforme principale)<\/h4>\n<p data-path-to-node=\"4\"><span class=\"citation-29 citation-end-29\">Mod\u00e8le phare de la s\u00e9rie, le Ranger est un robot robuste \u00e0 quatre roues motrices et directrices, con\u00e7u pour des applications industrielles.<\/span><\/p>\n<ul data-path-to-node=\"5\">\n<li>\n<p data-path-to-node=\"5,0,0\"><b data-path-to-node=\"5,0,0\" data-index-in-node=\"0\"><span class=\"citation-28\">Mobilit\u00e9:<\/span><\/b><span class=\"citation-28 citation-end-28\"> Il est dot\u00e9 d&#039;une direction et d&#039;une suspension ind\u00e9pendantes aux 4 roues, permettant une rotation sur place \u00e0 360\u00b0 et un mouvement de translation (lat\u00e9ral).<\/span><\/p>\n<\/li>\n<li>\n<p data-path-to-node=\"5,1,0\"><b data-path-to-node=\"5,1,0\" data-index-in-node=\"0\"><span class=\"citation-27\">Charge utile et puissance :<\/span><\/b><span class=\"citation-27\"> Une machine puissante capable de transporter jusqu&#039;\u00e0 <\/span><b data-path-to-node=\"5,1,0\" data-index-in-node=\"56\"><span class=\"citation-27\">150 kg<\/span><\/b><span class=\"citation-27 citation-end-27\">.<\/span> <span class=\"citation-26 citation-end-26\">Il utilise un syst\u00e8me de batteries modulaires rempla\u00e7ables \u00e0 chaud pour garantir un fonctionnement 24h\/24 et 7j\/7 avec un temps d&#039;arr\u00eat minimal.<\/span><\/p>\n<\/li>\n<li>\n<p data-path-to-node=\"5,2,0\"><b data-path-to-node=\"5,2,0\" data-index-in-node=\"0\"><span class=\"citation-25\">Durabilit\u00e9:<\/span><\/b><span class=\"citation-25\"> Not\u00e9 <\/span><b data-path-to-node=\"5,2,0\" data-index-in-node=\"18\"><span class=\"citation-25\">IP55<\/span><\/b><span class=\"citation-25 citation-end-25\">ce qui le rend r\u00e9sistant \u00e0 la poussi\u00e8re et \u00e0 l&#039;eau, id\u00e9al pour les chantiers de construction, l&#039;agriculture et les zones industrielles.<\/span><\/p>\n<\/li>\n<li>\n<p data-path-to-node=\"5,3,0\"><b data-path-to-node=\"5,3,0\" data-index-in-node=\"0\">Id\u00e9al pour :<\/b><span class=\"citation-24 citation-end-24\"> Inspections approfondies, distribution logistique et transport de grands r\u00e9seaux de capteurs ou de bras robotis\u00e9s sur des terrains complexes.<\/span><\/p>\n<p>&nbsp;<\/li>\n<\/ul>\n<h4 data-path-to-node=\"7\">2. AgileX Ranger Air<\/h4>\n<p data-path-to-node=\"8\"><span class=\"citation-23\">Le <\/span><b data-path-to-node=\"8\" data-index-in-node=\"4\"><span class=\"citation-23\">Ranger Air<\/span><\/b><span class=\"citation-23 citation-end-23\"> est la version compacte \u00e0 4 roues des plateformes fondamentales de nouvelle g\u00e9n\u00e9ration.<\/span> <span class=\"citation-22 citation-end-22\">Elle est sp\u00e9cifiquement con\u00e7ue pour servir de base \u00ab compatible avec les humano\u00efdes \u00bb ou de plateforme mobile collaborative.<\/span><\/p>\n<ul data-path-to-node=\"9\">\n<li>\n<p data-path-to-node=\"9,0,0\"><b data-path-to-node=\"9,0,0\" data-index-in-node=\"0\"><span class=\"citation-21\">Structure:<\/span><\/b><span class=\"citation-21\"> Un ch\u00e2ssis omnidirectionnel \u00e0 4 roues qui met l&#039;accent sur <\/span><b data-path-to-node=\"9,0,0\" data-index-in-node=\"61\"><span class=\"citation-21\">stabilit\u00e9 et \u00e9quilibre<\/span><\/b><span class=\"citation-21 citation-end-21\">.<\/span><\/p>\n<\/li>\n<li>\n<p data-path-to-node=\"9,1,0\"><b data-path-to-node=\"9,1,0\" data-index-in-node=\"0\"><span class=\"citation-20\">Conception compacte :<\/span><\/b><span class=\"citation-20 citation-end-20\"> Avec une longueur d&#039;environ 552 mm et un poids d&#039;environ 45 kg, il est nettement plus portable que le Ranger standard.<\/span><\/p>\n<\/li>\n<li>\n<p data-path-to-node=\"9,2,0\"><b data-path-to-node=\"9,2,0\" data-index-in-node=\"0\"><span class=\"citation-19\">Capacit\u00e9s :<\/span><\/b><span class=\"citation-19 citation-end-19\"> Elle offre une autonomie de 25 km et prend en charge la recharge autonome en option.<\/span><\/p>\n<\/li>\n<li>\n<p data-path-to-node=\"9,3,0\"><b data-path-to-node=\"9,3,0\" data-index-in-node=\"0\">Id\u00e9al pour :<\/b><span class=\"citation-18 citation-end-18\"> Sc\u00e9narios hybrides int\u00e9rieur-ext\u00e9rieur, recherche sur l&#039;IA incarn\u00e9e et utilisation comme base pour les robots humano\u00efdes ou les configurations collaboratives \u00e0 deux bras.<\/span><\/p>\n<p>&nbsp;<\/li>\n<\/ul>\n<h4 data-path-to-node=\"11\">3. AgileX Ranger Delta<\/h4>\n<p data-path-to-node=\"12\"><span class=\"citation-17\">Le <\/span><b data-path-to-node=\"12\" data-index-in-node=\"4\"><span class=\"citation-17\">Ranger Delta<\/span><\/b><span class=\"citation-17\"> est la variante \u00e0 3 roues de la s\u00e9rie compacte, ax\u00e9e sur <\/span><b data-path-to-node=\"12\" data-index-in-node=\"75\"><span class=\"citation-17\">agilit\u00e9 maximale<\/span><\/b><span class=\"citation-17 citation-end-17\"> et une r\u00e9ponse rapide dans des espaces restreints.<\/span><\/p>\n<ul data-path-to-node=\"13\">\n<li>\n<p data-path-to-node=\"13,0,0\"><b data-path-to-node=\"13,0,0\" data-index-in-node=\"0\">Structure:<\/b> Un syst\u00e8me de transmission omnidirectionnelle \u00e0 3 roues. Son empattement triangulaire permet des virages plus serr\u00e9s et un rayon de braquage plus court que les mod\u00e8les \u00e0 4 roues.<\/p>\n<\/li>\n<li>\n<p data-path-to-node=\"13,1,0\"><b data-path-to-node=\"13,1,0\" data-index-in-node=\"0\">Performance:<\/b> Elle partage la m\u00eame technologie de base que l&#039;Air (autonomie de 25 km, cadre compact de 552 mm) mais offre un centre de gravit\u00e9 et un profil de maniabilit\u00e9 diff\u00e9rents.<\/p>\n<\/li>\n<li>\n<p data-path-to-node=\"13,2,0\"><b data-path-to-node=\"13,2,0\" data-index-in-node=\"0\">Intelligence:<\/b><span class=\"citation-16 citation-end-16\"> Con\u00e7u dans le but de favoriser une \u00ab collaboration intelligente \u00bb, il est hautement compatible avec ROS\/ROS2 et les SDK open-source.<\/span><\/p>\n<\/li>\n<li>\n<p data-path-to-node=\"13,3,0\"><b data-path-to-node=\"13,3,0\" data-index-in-node=\"0\">Id\u00e9al pour :<\/b> Prototypage rapide, recherche en robotique en essaim et navigation dans des environnements int\u00e9rieurs \u00e0 haute densit\u00e9 o\u00f9 l&#039;espace est pr\u00e9cieux.<\/p>\n<\/li>\n<\/ul>\n<h4 data-path-to-node=\"15\">Comparaison en un coup d&#039;\u0153il<\/h4>\n<table data-path-to-node=\"16\">\n<thead>\n<tr>\n<td><strong>Fonctionnalit\u00e9<\/strong><\/td>\n<td><strong>Ranger (Standard)<\/strong><\/td>\n<td><strong>Ranger Air<\/strong><\/td>\n<td><strong>Ranger Delta<\/strong><\/td>\n<\/tr>\n<\/thead>\n<tbody>\n<tr>\n<td><span data-path-to-node=\"16,1,0,0\"><b data-path-to-node=\"16,1,0,0\" data-index-in-node=\"0\">Roues<\/b><\/span><\/td>\n<td><span data-path-to-node=\"16,1,1,0\">4 roues<\/span><\/td>\n<td><span data-path-to-node=\"16,1,2,0\">4 roues<\/span><\/td>\n<td><span data-path-to-node=\"16,1,3,0\">3 roues<\/span><\/td>\n<\/tr>\n<tr>\n<td><span data-path-to-node=\"16,2,0,0\"><b data-path-to-node=\"16,2,0,0\" data-index-in-node=\"0\">Charge utile maximale<\/b><\/span><\/td>\n<td><span data-path-to-node=\"16,2,1,0\">150 kg<\/span><\/td>\n<td><span data-path-to-node=\"16,2,2,0\">~50-80 kg*<\/span><\/td>\n<td><span data-path-to-node=\"16,2,3,0\">~50 kg*<\/span><\/td>\n<\/tr>\n<tr>\n<td><span data-path-to-node=\"16,3,0,0\"><b data-path-to-node=\"16,3,0,0\" data-index-in-node=\"0\">Mobilit\u00e9<\/b><\/span><\/td>\n<td><span data-path-to-node=\"16,3,1,0\">4 roues motrices \/ 4 roues motrices<\/span><\/td>\n<td><span data-path-to-node=\"16,3,2,0\">Omnidirectionnel<\/span><\/td>\n<td><span data-path-to-node=\"16,3,3,0\">Omnidirectionnel<\/span><\/td>\n<\/tr>\n<tr>\n<td><span data-path-to-node=\"16,4,0,0\"><b data-path-to-node=\"16,4,0,0\" data-index-in-node=\"0\">Environnement primaire<\/b><\/span><\/td>\n<td><span data-path-to-node=\"16,4,1,0\">Industriel \/ Tout-terrain<\/span><\/td>\n<td><span data-path-to-node=\"16,4,2,0\">Hybride int\u00e9rieur-ext\u00e9rieur<\/span><\/td>\n<td><span data-path-to-node=\"16,4,3,0\">Int\u00e9rieur exigu \/ Hybride<\/span><\/td>\n<\/tr>\n<tr>\n<td><span data-path-to-node=\"16,5,0,0\"><b data-path-to-node=\"16,5,0,0\" data-index-in-node=\"0\">Atout cl\u00e9<\/b><\/span><\/td>\n<td><span data-path-to-node=\"16,5,1,0\">Charge utile \u00e9lev\u00e9e et suspension<\/span><\/td>\n<td><span data-path-to-node=\"16,5,2,0\">Stabilit\u00e9 pour les kits du haut du corps<\/span><\/td>\n<td><span data-path-to-node=\"16,5,3,0\">Agilit\u00e9 et r\u00e9activit\u00e9<\/span><\/td>\n<\/tr>\n<\/tbody>\n<\/table>\n<p data-path-to-node=\"17\">","protected":false},"excerpt":{"rendered":"<p data-path-to-node=\"0\"><span class=\"citation-31\">Le <\/span><b data-path-to-node=\"0\" data-index-in-node=\"4\"><span class=\"citation-31\">S\u00e9rie AgileX Ranger<\/span><\/b><span class=\"citation-31 citation-end-31\"> repr\u00e9sente un bond en avant sophistiqu\u00e9 dans le domaine des v\u00e9hicules terrestres sans pilote omnidirectionnels (UGV).<\/span> <span class=\"citation-30 citation-end-30\">Con\u00e7ues pour combler le foss\u00e9 entre la pr\u00e9cision en int\u00e9rieur et la robustesse en ext\u00e9rieur, ces plateformes utilisent un syst\u00e8me de commande \u00e9lectrique unique qui permet des mouvements multimodaux, notamment la rotation sur place, la marche en crabe et la direction Ackermann.<\/span><\/p>\n<p data-path-to-node=\"1\">Vous trouverez ci-dessous une description d\u00e9taill\u00e9e de la plateforme Ranger de base et des deux mod\u00e8les compacts de base\u00a0: <b data-path-to-node=\"1\" data-index-in-node=\"91\">Ranger Air<\/b> et <b data-path-to-node=\"1\" data-index-in-node=\"106\">Ranger Delta<\/b>.<\/p>","protected":false},"featured_media":23706,"comment_status":"open","ping_status":"closed","template":"","meta":[],"product_brand":[1046],"product_cat":[1043,1044,1042,1037],"product_tag":[1047,1334,1335,1333,1052],"class_list":{"0":"post-23702","1":"product","2":"type-product","3":"status-publish","4":"has-post-thumbnail","6":"product_brand-agilex","7":"product_cat-agilex","8":"product_cat-agilex-robots","9":"product_cat-chassis","10":"product_cat-robotics","11":"product_tag-agilex","12":"product_tag-agilex-ranger-air","13":"product_tag-agilex-ranger-delta","14":"product_tag-agilex-ranger-series","15":"product_tag-agilex-robots","17":"first","18":"onbackorder","19":"taxable","20":"shipping-taxable","21":"purchasable","22":"product-type-simple"},"yoast_head":"<!-- This site is optimized with the Yoast SEO plugin v27.1.1 - https:\/\/yoast.com\/product\/yoast-seo-wordpress\/ -->\n<title>AgileX Ranger Series (Air &amp; Delta) - Ghostysky<\/title>\n<meta name=\"description\" content=\"The AgileX Ranger Series represents a sophisticated leap in omnidirectional Unmanned Ground Vehicles (UGVs). Designed to bridge the gap between indoor precision and outdoor ruggedness, these platforms utilize a unique drive-by-wire system that allows for multi-modal movement, including spinning in place, crab walking, and Ackermann steering.Below is a breakdown of the core Ranger platform and the two compact, foundational models: Ranger Air and Ranger Delta.\" \/>\n<meta name=\"robots\" content=\"index, follow, max-snippet:-1, max-image-preview:large, max-video-preview:-1\" \/>\n<link rel=\"canonical\" href=\"https:\/\/www.ghostysky.com\/fr\/product\/agilex-ranger-series-air-delta\/\" \/>\n<meta property=\"og:locale\" content=\"fr_FR\" \/>\n<meta property=\"og:type\" content=\"article\" \/>\n<meta property=\"og:title\" content=\"AgileX Ranger Series (Air &amp; Delta) - Ghostysky\" \/>\n<meta property=\"og:description\" content=\"The AgileX Ranger Series represents a sophisticated leap in omnidirectional Unmanned Ground Vehicles (UGVs). Designed to bridge the gap between indoor precision and outdoor ruggedness, these platforms utilize a unique drive-by-wire system that allows for multi-modal movement, including spinning in place, crab walking, and Ackermann steering.Below is a breakdown of the core Ranger platform and the two compact, foundational models: Ranger Air and Ranger Delta.\" \/>\n<meta property=\"og:url\" content=\"https:\/\/www.ghostysky.com\/fr\/product\/agilex-ranger-series-air-delta\/\" \/>\n<meta property=\"og:site_name\" content=\"Ghostysky\" \/>\n<meta property=\"article:publisher\" content=\"https:\/\/www.facebook.com\/people\/Ghostysky\/100057676170234\/\" \/>\n<meta property=\"article:modified_time\" content=\"2026-01-12T16:59:46+00:00\" \/>\n<meta property=\"og:image\" content=\"https:\/\/www.ghostysky.com\/wp-content\/uploads\/2026\/01\/GH_Agilex_Ranger_Air_Delta_1.jpg\" \/>\n\t<meta property=\"og:image:width\" content=\"1200\" \/>\n\t<meta property=\"og:image:height\" content=\"674\" \/>\n\t<meta property=\"og:image:type\" content=\"image\/jpeg\" \/>\n<meta name=\"twitter:card\" content=\"summary_large_image\" \/>\n<meta name=\"twitter:site\" content=\"@Gh0stysky\" \/>\n<meta name=\"twitter:label1\" content=\"Dur\u00e9e de lecture estim\u00e9e\" \/>\n\t<meta name=\"twitter:data1\" content=\"2 minutes\" \/>\n<script type=\"application\/ld+json\" class=\"yoast-schema-graph\">{\"@context\":\"https:\/\/schema.org\",\"@graph\":[{\"@type\":\"WebPage\",\"@id\":\"https:\/\/www.ghostysky.com\/product\/agilex-ranger-series-air-delta\/\",\"url\":\"https:\/\/www.ghostysky.com\/product\/agilex-ranger-series-air-delta\/\",\"name\":\"AgileX Ranger Series (Air & Delta) - Ghostysky\",\"isPartOf\":{\"@id\":\"https:\/\/www.ghostysky.com\/#website\"},\"primaryImageOfPage\":{\"@id\":\"https:\/\/www.ghostysky.com\/product\/agilex-ranger-series-air-delta\/#primaryimage\"},\"image\":{\"@id\":\"https:\/\/www.ghostysky.com\/product\/agilex-ranger-series-air-delta\/#primaryimage\"},\"thumbnailUrl\":\"https:\/\/www.ghostysky.com\/wp-content\/uploads\/2026\/01\/GH_Agilex_Ranger_Air_Delta_1.jpg\",\"datePublished\":\"2026-01-12T16:50:16+00:00\",\"dateModified\":\"2026-01-12T16:59:46+00:00\",\"description\":\"The AgileX Ranger Series represents a sophisticated leap in omnidirectional Unmanned Ground Vehicles (UGVs). Designed to bridge the gap between indoor precision and outdoor ruggedness, these platforms utilize a unique drive-by-wire system that allows for multi-modal movement, including spinning in place, crab walking, and Ackermann steering.Below is a breakdown of the core Ranger platform and the two compact, foundational models: Ranger Air and Ranger Delta.\",\"breadcrumb\":{\"@id\":\"https:\/\/www.ghostysky.com\/product\/agilex-ranger-series-air-delta\/#breadcrumb\"},\"inLanguage\":\"fr-FR\",\"potentialAction\":[{\"@type\":\"ReadAction\",\"target\":[\"https:\/\/www.ghostysky.com\/product\/agilex-ranger-series-air-delta\/\"]}]},{\"@type\":\"ImageObject\",\"inLanguage\":\"fr-FR\",\"@id\":\"https:\/\/www.ghostysky.com\/product\/agilex-ranger-series-air-delta\/#primaryimage\",\"url\":\"https:\/\/www.ghostysky.com\/wp-content\/uploads\/2026\/01\/GH_Agilex_Ranger_Air_Delta_1.jpg\",\"contentUrl\":\"https:\/\/www.ghostysky.com\/wp-content\/uploads\/2026\/01\/GH_Agilex_Ranger_Air_Delta_1.jpg\",\"width\":1200,\"height\":674},{\"@type\":\"BreadcrumbList\",\"@id\":\"https:\/\/www.ghostysky.com\/product\/agilex-ranger-series-air-delta\/#breadcrumb\",\"itemListElement\":[{\"@type\":\"ListItem\",\"position\":1,\"name\":\"Home\",\"item\":\"https:\/\/www.ghostysky.com\/\"},{\"@type\":\"ListItem\",\"position\":2,\"name\":\"Shop\",\"item\":\"https:\/\/www.ghostysky.com\/shop\/\"},{\"@type\":\"ListItem\",\"position\":3,\"name\":\"AgileX Ranger Series (Air &#038; Delta)\"}]},{\"@type\":\"WebSite\",\"@id\":\"https:\/\/www.ghostysky.com\/#website\",\"url\":\"https:\/\/www.ghostysky.com\/\",\"name\":\"Ghostysky\",\"description\":\"Delivering professional drones and services\",\"publisher\":{\"@id\":\"https:\/\/www.ghostysky.com\/#organization\"},\"potentialAction\":[{\"@type\":\"SearchAction\",\"target\":{\"@type\":\"EntryPoint\",\"urlTemplate\":\"https:\/\/www.ghostysky.com\/?s={search_term_string}\"},\"query-input\":{\"@type\":\"PropertyValueSpecification\",\"valueRequired\":true,\"valueName\":\"search_term_string\"}}],\"inLanguage\":\"fr-FR\"},{\"@type\":\"Organization\",\"@id\":\"https:\/\/www.ghostysky.com\/#organization\",\"name\":\"Ghostysky\",\"url\":\"https:\/\/www.ghostysky.com\/\",\"logo\":{\"@type\":\"ImageObject\",\"inLanguage\":\"fr-FR\",\"@id\":\"https:\/\/www.ghostysky.com\/#\/schema\/logo\/image\/\",\"url\":\"https:\/\/www.ghostysky.com\/wp-content\/uploads\/2020\/06\/cropped-ghostyskylogo_text_white2.png\",\"contentUrl\":\"https:\/\/www.ghostysky.com\/wp-content\/uploads\/2020\/06\/cropped-ghostyskylogo_text_white2.png\",\"width\":169,\"height\":56,\"caption\":\"Ghostysky\"},\"image\":{\"@id\":\"https:\/\/www.ghostysky.com\/#\/schema\/logo\/image\/\"},\"sameAs\":[\"https:\/\/www.facebook.com\/people\/Ghostysky\/100057676170234\/\",\"https:\/\/x.com\/Gh0stysky\",\"https:\/\/www.linkedin.com\/company\/34739653\",\"https:\/\/www.instagram.com\/gh0stysky\"]}]}<\/script>\n<!-- \/ Yoast SEO plugin. -->","yoast_head_json":{"title":"S\u00e9rie AgileX Ranger (Air et Delta) - Ghostysky","description":"La gamme AgileX Ranger repr\u00e9sente une avanc\u00e9e majeure dans le domaine des v\u00e9hicules terrestres sans pilote (UGV) omnidirectionnels. Con\u00e7ues pour allier pr\u00e9cision en int\u00e9rieur et robustesse en ext\u00e9rieur, ces plateformes utilisent un syst\u00e8me de commande \u00e9lectrique unique permettant des mouvements multimodaux, notamment la rotation sur place, le d\u00e9placement en crabe et la direction Ackermann. Vous trouverez ci-dessous une description d\u00e9taill\u00e9e de la plateforme Ranger et des deux mod\u00e8les compacts de base\u00a0: Ranger Air et Ranger Delta.","robots":{"index":"index","follow":"follow","max-snippet":"max-snippet:-1","max-image-preview":"max-image-preview:large","max-video-preview":"max-video-preview:-1"},"canonical":"https:\/\/www.ghostysky.com\/fr\/product\/agilex-ranger-series-air-delta\/","og_locale":"fr_FR","og_type":"article","og_title":"AgileX Ranger Series (Air & Delta) - Ghostysky","og_description":"The AgileX Ranger Series represents a sophisticated leap in omnidirectional Unmanned Ground Vehicles (UGVs). Designed to bridge the gap between indoor precision and outdoor ruggedness, these platforms utilize a unique drive-by-wire system that allows for multi-modal movement, including spinning in place, crab walking, and Ackermann steering.Below is a breakdown of the core Ranger platform and the two compact, foundational models: Ranger Air and Ranger Delta.","og_url":"https:\/\/www.ghostysky.com\/fr\/product\/agilex-ranger-series-air-delta\/","og_site_name":"Ghostysky","article_publisher":"https:\/\/www.facebook.com\/people\/Ghostysky\/100057676170234\/","article_modified_time":"2026-01-12T16:59:46+00:00","og_image":[{"width":1200,"height":674,"url":"https:\/\/www.ghostysky.com\/wp-content\/uploads\/2026\/01\/GH_Agilex_Ranger_Air_Delta_1.jpg","type":"image\/jpeg"}],"twitter_card":"summary_large_image","twitter_site":"@Gh0stysky","twitter_misc":{"Dur\u00e9e de lecture estim\u00e9e":"2 minutes"},"schema":{"@context":"https:\/\/schema.org","@graph":[{"@type":"WebPage","@id":"https:\/\/www.ghostysky.com\/product\/agilex-ranger-series-air-delta\/","url":"https:\/\/www.ghostysky.com\/product\/agilex-ranger-series-air-delta\/","name":"S\u00e9rie AgileX Ranger (Air et Delta) - Ghostysky","isPartOf":{"@id":"https:\/\/www.ghostysky.com\/#website"},"primaryImageOfPage":{"@id":"https:\/\/www.ghostysky.com\/product\/agilex-ranger-series-air-delta\/#primaryimage"},"image":{"@id":"https:\/\/www.ghostysky.com\/product\/agilex-ranger-series-air-delta\/#primaryimage"},"thumbnailUrl":"https:\/\/www.ghostysky.com\/wp-content\/uploads\/2026\/01\/GH_Agilex_Ranger_Air_Delta_1.jpg","datePublished":"2026-01-12T16:50:16+00:00","dateModified":"2026-01-12T16:59:46+00:00","description":"La gamme AgileX Ranger repr\u00e9sente une avanc\u00e9e majeure dans le domaine des v\u00e9hicules terrestres sans pilote (UGV) omnidirectionnels. Con\u00e7ues pour allier pr\u00e9cision en int\u00e9rieur et robustesse en ext\u00e9rieur, ces plateformes utilisent un syst\u00e8me de commande \u00e9lectrique unique permettant des mouvements multimodaux, notamment la rotation sur place, le d\u00e9placement en crabe et la direction Ackermann. Vous trouverez ci-dessous une description d\u00e9taill\u00e9e de la plateforme Ranger et des deux mod\u00e8les compacts de base\u00a0: Ranger Air et Ranger Delta.","breadcrumb":{"@id":"https:\/\/www.ghostysky.com\/product\/agilex-ranger-series-air-delta\/#breadcrumb"},"inLanguage":"fr-FR","potentialAction":[{"@type":"ReadAction","target":["https:\/\/www.ghostysky.com\/product\/agilex-ranger-series-air-delta\/"]}]},{"@type":"ImageObject","inLanguage":"fr-FR","@id":"https:\/\/www.ghostysky.com\/product\/agilex-ranger-series-air-delta\/#primaryimage","url":"https:\/\/www.ghostysky.com\/wp-content\/uploads\/2026\/01\/GH_Agilex_Ranger_Air_Delta_1.jpg","contentUrl":"https:\/\/www.ghostysky.com\/wp-content\/uploads\/2026\/01\/GH_Agilex_Ranger_Air_Delta_1.jpg","width":1200,"height":674},{"@type":"BreadcrumbList","@id":"https:\/\/www.ghostysky.com\/product\/agilex-ranger-series-air-delta\/#breadcrumb","itemListElement":[{"@type":"ListItem","position":1,"name":"Home","item":"https:\/\/www.ghostysky.com\/"},{"@type":"ListItem","position":2,"name":"Shop","item":"https:\/\/www.ghostysky.com\/shop\/"},{"@type":"ListItem","position":3,"name":"AgileX Ranger Series (Air &#038; Delta)"}]},{"@type":"WebSite","@id":"https:\/\/www.ghostysky.com\/#website","url":"https:\/\/www.ghostysky.com\/","name":"Ghostysky","description":"Livraison de drones et de services professionnels","publisher":{"@id":"https:\/\/www.ghostysky.com\/#organization"},"potentialAction":[{"@type":"SearchAction","target":{"@type":"EntryPoint","urlTemplate":"https:\/\/www.ghostysky.com\/?s={search_term_string}"},"query-input":{"@type":"PropertyValueSpecification","valueRequired":true,"valueName":"search_term_string"}}],"inLanguage":"fr-FR"},{"@type":"Organization","@id":"https:\/\/www.ghostysky.com\/#organization","name":"Ghostysky","url":"https:\/\/www.ghostysky.com\/","logo":{"@type":"ImageObject","inLanguage":"fr-FR","@id":"https:\/\/www.ghostysky.com\/#\/schema\/logo\/image\/","url":"https:\/\/www.ghostysky.com\/wp-content\/uploads\/2020\/06\/cropped-ghostyskylogo_text_white2.png","contentUrl":"https:\/\/www.ghostysky.com\/wp-content\/uploads\/2020\/06\/cropped-ghostyskylogo_text_white2.png","width":169,"height":56,"caption":"Ghostysky"},"image":{"@id":"https:\/\/www.ghostysky.com\/#\/schema\/logo\/image\/"},"sameAs":["https:\/\/www.facebook.com\/people\/Ghostysky\/100057676170234\/","https:\/\/x.com\/Gh0stysky","https:\/\/www.linkedin.com\/company\/34739653","https:\/\/www.instagram.com\/gh0stysky"]}]}},"_links":{"self":[{"href":"https:\/\/www.ghostysky.com\/fr\/wp-json\/wp\/v2\/product\/23702","targetHints":{"allow":["GET"]}}],"collection":[{"href":"https:\/\/www.ghostysky.com\/fr\/wp-json\/wp\/v2\/product"}],"about":[{"href":"https:\/\/www.ghostysky.com\/fr\/wp-json\/wp\/v2\/types\/product"}],"replies":[{"embeddable":true,"href":"https:\/\/www.ghostysky.com\/fr\/wp-json\/wp\/v2\/comments?post=23702"}],"wp:featuredmedia":[{"embeddable":true,"href":"https:\/\/www.ghostysky.com\/fr\/wp-json\/wp\/v2\/media\/23706"}],"wp:attachment":[{"href":"https:\/\/www.ghostysky.com\/fr\/wp-json\/wp\/v2\/media?parent=23702"}],"wp:term":[{"taxonomy":"product_brand","embeddable":true,"href":"https:\/\/www.ghostysky.com\/fr\/wp-json\/wp\/v2\/product_brand?post=23702"},{"taxonomy":"product_cat","embeddable":true,"href":"https:\/\/www.ghostysky.com\/fr\/wp-json\/wp\/v2\/product_cat?post=23702"},{"taxonomy":"product_tag","embeddable":true,"href":"https:\/\/www.ghostysky.com\/fr\/wp-json\/wp\/v2\/product_tag?post=23702"}],"curies":[{"name":"wp","href":"https:\/\/api.w.org\/{rel}","templated":true}]}}