{"id":23746,"date":"2026-01-24T12:08:27","date_gmt":"2026-01-24T12:08:27","guid":{"rendered":"https:\/\/www.ghostysky.com\/?post_type=product&#038;p=23746"},"modified":"2026-04-07T14:08:14","modified_gmt":"2026-04-07T14:08:14","slug":"hesai-at128p","status":"publish","type":"product","link":"https:\/\/www.ghostysky.com\/fr\/product\/hesai-at128p\/","title":{"rendered":"Hesai AT128P"},"content":{"rendered":"<h3 data-path-to-node=\"2\">Principales caract\u00e9ristiques et performances<\/h3>\n<ul data-path-to-node=\"3\">\n<li>\n<p data-path-to-node=\"3,0,0\"><b data-path-to-node=\"3,0,0\" data-index-in-node=\"0\"><span class=\"citation-14\">Ultra-haute r\u00e9solution :<\/span><\/b><span class=\"citation-14 citation-end-14\"> Il comporte 128 canaux de v\u00e9ritable num\u00e9risation \u00e9lectronique, fournissant un nuage de points \u00ab semblable \u00e0 une image \u00bb.<\/span> Ce niveau de d\u00e9tail permet au syst\u00e8me de perception de distinguer les petits objets (comme les c\u00f4nes de signalisation ou les d\u00e9bris) des pi\u00e9tons \u00e0 des distances importantes.<\/p>\n<\/li>\n<li>\n<p data-path-to-node=\"3,1,0\"><b data-path-to-node=\"3,1,0\" data-index-in-node=\"0\">Port\u00e9e sup\u00e9rieure :<\/b><span class=\"citation-13\"> Il peut d\u00e9tecter des objets ayant une r\u00e9flectivit\u00e9 10% (comme des v\u00eatements sombres ou des pneus) \u00e0 une distance de <\/span><b data-path-to-node=\"3,1,0\" data-index-in-node=\"109\"><span class=\"citation-13\">210 m\u00e8tres<\/span><\/b><span class=\"citation-13 citation-end-13\">, ce qui donne au v\u00e9hicule plus de temps pour r\u00e9agir aux vitesses autorouti\u00e8res.<\/span><\/p>\n<\/li>\n<li>\n<p data-path-to-node=\"3,2,0\"><b data-path-to-node=\"3,2,0\" data-index-in-node=\"0\">D\u00e9bit de donn\u00e9es \u00e9lev\u00e9\u00a0:<\/b><span class=\"citation-12\"> G\u00e9n\u00e8re plus de <\/span><b data-path-to-node=\"3,2,0\" data-index-in-node=\"37\"><span class=\"citation-12\">1,53 million de points par seconde<\/span><\/b><span class=\"citation-12 citation-end-12\"> (retour unique), garantissant l&#039;absence d&#039;interruptions dans le champ de vision horizontal ou vertical.<\/span><\/p>\n<\/li>\n<li>\n<p data-path-to-node=\"3,3,0\"><b data-path-to-node=\"3,3,0\" data-index-in-node=\"0\"><span class=\"citation-11\">Fiabilit\u00e9 de niveau automobile\u00a0:<\/span><\/b><span class=\"citation-11 citation-end-11\"> Con\u00e7u pour la production de masse, il r\u00e9pond aux normes strictes AEC-Q et a pass\u00e9 plus de 50 tests de validation de conception, y compris des cycles de temp\u00e9rature extr\u00eames et une r\u00e9sistance \u00e0 l&#039;eau haute pression (IP6K7 et IP6K9K).<\/span><\/p>\n<p>&nbsp;<\/li>\n<\/ul>\n<h3 data-path-to-node=\"5\">Sp\u00e9cifications techniques<\/h3>\n<table data-path-to-node=\"6\">\n<thead>\n<tr>\n<td><strong>Param\u00e8tre<\/strong><\/td>\n<td><strong>Sp\u00e9cification<\/strong><\/td>\n<\/tr>\n<\/thead>\n<tbody>\n<tr>\n<td><span data-path-to-node=\"6,1,0,0\"><b data-path-to-node=\"6,1,0,0\" data-index-in-node=\"0\">M\u00e9thode de num\u00e9risation<\/b><\/span><\/td>\n<td><span data-path-to-node=\"6,1,1,0\">Miroir rotatif unidimensionnel (hybride \u00e0 semi-conducteurs)<\/span><\/td>\n<\/tr>\n<tr>\n<td><span data-path-to-node=\"6,2,0,0\"><b data-path-to-node=\"6,2,0,0\" data-index-in-node=\"0\">Champ de vision (FOV)<\/b><\/span><\/td>\n<td><span data-path-to-node=\"6,2,1,0\">120\u00b0 (Horizontal) \u00d7 25,4\u00b0 (Vertical)<\/span><\/td>\n<\/tr>\n<tr>\n<td><span data-path-to-node=\"6,3,0,0\"><b data-path-to-node=\"6,3,0,0\" data-index-in-node=\"0\">R\u00e9solution angulaire<\/b><\/span><\/td>\n<td><span data-path-to-node=\"6,3,1,0\">0,1\u00b0 (H) \u00d7 0,2\u00b0 (V)<\/span><\/td>\n<\/tr>\n<tr>\n<td><span data-path-to-node=\"6,4,0,0\"><b data-path-to-node=\"6,4,0,0\" data-index-in-node=\"0\">Fr\u00e9quence d&#039;images<\/b><\/span><\/td>\n<td><span data-path-to-node=\"6,4,1,0\">10 Hz \/ 20 Hz<\/span><\/td>\n<\/tr>\n<tr>\n<td><span data-path-to-node=\"6,5,0,0\"><b data-path-to-node=\"6,5,0,0\" data-index-in-node=\"0\">Capacit\u00e9 de port\u00e9e<\/b><\/span><\/td>\n<td><span data-path-to-node=\"6,5,1,0\">210 m @ r\u00e9flectivit\u00e9 10% (jusqu&#039;\u00e0 260 m max)<\/span><\/td>\n<\/tr>\n<tr>\n<td><span data-path-to-node=\"6,6,0,0\"><b data-path-to-node=\"6,6,0,0\" data-index-in-node=\"0\">Consommation d&#039;\u00e9nergie<\/b><\/span><\/td>\n<td><span data-path-to-node=\"6,6,1,0\">13,5 W<\/span><\/td>\n<\/tr>\n<tr>\n<td><span data-path-to-node=\"6,7,0,0\"><b data-path-to-node=\"6,7,0,0\" data-index-in-node=\"0\">Dimensions<\/b><\/span><\/td>\n<td><span data-path-to-node=\"6,7,1,0\">136 mm \u00d7 114 mm \u00d7 49 mm<\/span><\/td>\n<\/tr>\n<tr>\n<td><span data-path-to-node=\"6,8,0,0\"><b data-path-to-node=\"6,8,0,0\" data-index-in-node=\"0\">Poids<\/b><\/span><\/td>\n<td><span data-path-to-node=\"6,8,1,0\">~940 g<\/span><\/td>\n<\/tr>\n<\/tbody>\n<\/table>\n<p>&nbsp;<\/p>\n<h3 data-path-to-node=\"8\">Ce qui le distingue<\/h3>\n<p data-path-to-node=\"9\"><span class=\"citation-10\">Contrairement aux LiDAR m\u00e9caniques traditionnels qui utilisent des ensembles rotatifs encombrants, l&#039;AT128P utilise un <\/span><b data-path-to-node=\"9\" data-index-in-node=\"95\"><span class=\"citation-10\">conception hybride compacte<\/span><\/b><span class=\"citation-10 citation-end-10\"> qui est plus facile \u00e0 int\u00e9grer \u00e0 la ligne de toit ou \u00e0 la calandre d&#039;un v\u00e9hicule.<\/span> Il comporte \u00e9galement des fonctionnalit\u00e9s exclusives <b data-path-to-node=\"9\" data-index-in-node=\"211\">rejet des interf\u00e9rences<\/b>, ce qui emp\u00eache le capteur d&#039;\u00eatre \u00ab aveugl\u00e9 \u00bb par les signaux LiDAR d&#039;autres v\u00e9hicules \u00e0 proximit\u00e9.<\/p>\n<blockquote data-path-to-node=\"10\">\n<p data-path-to-node=\"10,0\"><b data-path-to-node=\"10,0\" data-index-in-node=\"0\">Note:<\/b> L&#039;AT128P est largement utilis\u00e9e par les principaux constructeurs automobiles (tels que Li Auto et Lotus) car elle allie des performances haut de gamme \u00e0 un format qui ne compromet pas l&#039;esth\u00e9tique du v\u00e9hicule.<\/p>\n<\/blockquote>","protected":false},"excerpt":{"rendered":"<p><span class=\"citation-16\">Le <\/span><b data-path-to-node=\"0\" data-index-in-node=\"4\"><span class=\"citation-16\">Hesai AT128P<\/span><\/b><span class=\"citation-16 citation-end-16\"> est un LiDAR hybride \u00e0 semi-conducteurs haute performance de qualit\u00e9 automobile, con\u00e7u sp\u00e9cifiquement pour les syst\u00e8mes avanc\u00e9s d&#039;aide \u00e0 la conduite (ADAS) et la conduite autonome.<\/span> <span class=\"citation-15 citation-end-15\">\u00c9volution de la s\u00e9rie AT, le mod\u00e8le \u00ab P \u00bb met l\u2019accent sur une ultra-haute r\u00e9solution et une d\u00e9tection \u00e0 longue port\u00e9e, agissant comme les \u00ab yeux \u00bb des v\u00e9hicules autonomes L3+.<\/span><\/p>","protected":false},"featured_media":23750,"comment_status":"open","ping_status":"closed","template":"","meta":[],"product_brand":[1338],"product_cat":[1337,1037,1040],"product_tag":[1339,1340],"class_list":{"0":"post-23746","1":"product","2":"type-product","3":"status-publish","4":"has-post-thumbnail","6":"product_brand-hesai","7":"product_cat-hesai-lidars","8":"product_cat-robotics","9":"product_cat-sensors-robotics","10":"product_tag-hesai","11":"product_tag-hesai-lidars","13":"first","14":"onbackorder","15":"taxable","16":"shipping-taxable","17":"purchasable","18":"product-type-simple"},"yoast_head":"<!-- This site is optimized with the Yoast SEO plugin v27.4 - https:\/\/yoast.com\/product\/yoast-seo-wordpress\/ -->\n<title>Hesai AT128P - Ghostysky<\/title>\n<meta name=\"description\" content=\"The Hesai AT128P is a high-performance, automotive-grade hybrid solid-state LiDAR designed specifically for Advanced Driver Assistance Systems (ADAS) and autonomous driving. As an evolution within the AT series, the &quot;P&quot; model emphasizes ultra-high resolution and long-range detection, acting as the &quot;eyes&quot; for L3+ autonomous vehicles.\" \/>\n<meta name=\"robots\" content=\"index, follow, max-snippet:-1, max-image-preview:large, max-video-preview:-1\" \/>\n<link rel=\"canonical\" href=\"https:\/\/www.ghostysky.com\/fr\/product\/hesai-at128p\/\" \/>\n<meta property=\"og:locale\" content=\"fr_FR\" \/>\n<meta property=\"og:type\" content=\"article\" \/>\n<meta property=\"og:title\" content=\"Hesai AT128P - Ghostysky\" \/>\n<meta property=\"og:description\" content=\"The Hesai AT128P is a high-performance, automotive-grade hybrid solid-state LiDAR designed specifically for Advanced Driver Assistance Systems (ADAS) and autonomous driving. As an evolution within the AT series, the &quot;P&quot; model emphasizes ultra-high resolution and long-range detection, acting as the &quot;eyes&quot; for L3+ autonomous vehicles.\" \/>\n<meta property=\"og:url\" content=\"https:\/\/www.ghostysky.com\/fr\/product\/hesai-at128p\/\" \/>\n<meta property=\"og:site_name\" content=\"Ghostysky\" \/>\n<meta property=\"article:publisher\" content=\"https:\/\/www.facebook.com\/people\/Ghostysky\/100057676170234\/\" \/>\n<meta property=\"article:modified_time\" content=\"2026-04-07T14:08:14+00:00\" \/>\n<meta property=\"og:image\" content=\"https:\/\/www.ghostysky.com\/wp-content\/uploads\/2026\/01\/GH_Hesai_AT128P_1.jpg\" \/>\n\t<meta property=\"og:image:width\" content=\"1920\" \/>\n\t<meta property=\"og:image:height\" content=\"1920\" \/>\n\t<meta property=\"og:image:type\" content=\"image\/jpeg\" \/>\n<meta name=\"twitter:card\" content=\"summary_large_image\" \/>\n<meta name=\"twitter:site\" content=\"@Gh0stysky\" \/>\n<meta name=\"twitter:label1\" content=\"Dur\u00e9e de lecture estim\u00e9e\" \/>\n\t<meta name=\"twitter:data1\" content=\"2 minutes\" \/>\n<script type=\"application\/ld+json\" class=\"yoast-schema-graph\">{\"@context\":\"https:\\\/\\\/schema.org\",\"@graph\":[{\"@type\":\"WebPage\",\"@id\":\"https:\\\/\\\/www.ghostysky.com\\\/product\\\/hesai-at128p\\\/\",\"url\":\"https:\\\/\\\/www.ghostysky.com\\\/product\\\/hesai-at128p\\\/\",\"name\":\"Hesai AT128P - Ghostysky\",\"isPartOf\":{\"@id\":\"https:\\\/\\\/www.ghostysky.com\\\/#website\"},\"primaryImageOfPage\":{\"@id\":\"https:\\\/\\\/www.ghostysky.com\\\/product\\\/hesai-at128p\\\/#primaryimage\"},\"image\":{\"@id\":\"https:\\\/\\\/www.ghostysky.com\\\/product\\\/hesai-at128p\\\/#primaryimage\"},\"thumbnailUrl\":\"https:\\\/\\\/www.ghostysky.com\\\/wp-content\\\/uploads\\\/2026\\\/01\\\/GH_Hesai_AT128P_1.jpg\",\"datePublished\":\"2026-01-24T12:08:27+00:00\",\"dateModified\":\"2026-04-07T14:08:14+00:00\",\"description\":\"The Hesai AT128P is a high-performance, automotive-grade hybrid solid-state LiDAR designed specifically for Advanced Driver Assistance Systems (ADAS) and autonomous driving. As an evolution within the AT series, the \\\"P\\\" model emphasizes ultra-high resolution and long-range detection, acting as the \\\"eyes\\\" for L3+ autonomous vehicles.\",\"breadcrumb\":{\"@id\":\"https:\\\/\\\/www.ghostysky.com\\\/product\\\/hesai-at128p\\\/#breadcrumb\"},\"inLanguage\":\"fr-FR\",\"potentialAction\":[{\"@type\":\"ReadAction\",\"target\":[\"https:\\\/\\\/www.ghostysky.com\\\/product\\\/hesai-at128p\\\/\"]}]},{\"@type\":\"ImageObject\",\"inLanguage\":\"fr-FR\",\"@id\":\"https:\\\/\\\/www.ghostysky.com\\\/product\\\/hesai-at128p\\\/#primaryimage\",\"url\":\"https:\\\/\\\/www.ghostysky.com\\\/wp-content\\\/uploads\\\/2026\\\/01\\\/GH_Hesai_AT128P_1.jpg\",\"contentUrl\":\"https:\\\/\\\/www.ghostysky.com\\\/wp-content\\\/uploads\\\/2026\\\/01\\\/GH_Hesai_AT128P_1.jpg\",\"width\":1920,\"height\":1920},{\"@type\":\"BreadcrumbList\",\"@id\":\"https:\\\/\\\/www.ghostysky.com\\\/product\\\/hesai-at128p\\\/#breadcrumb\",\"itemListElement\":[{\"@type\":\"ListItem\",\"position\":1,\"name\":\"Home\",\"item\":\"https:\\\/\\\/www.ghostysky.com\\\/\"},{\"@type\":\"ListItem\",\"position\":2,\"name\":\"Shop\",\"item\":\"https:\\\/\\\/www.ghostysky.com\\\/shop\\\/\"},{\"@type\":\"ListItem\",\"position\":3,\"name\":\"Hesai AT128P\"}]},{\"@type\":\"WebSite\",\"@id\":\"https:\\\/\\\/www.ghostysky.com\\\/#website\",\"url\":\"https:\\\/\\\/www.ghostysky.com\\\/\",\"name\":\"Ghostysky\",\"description\":\"Delivering professional drones and services\",\"publisher\":{\"@id\":\"https:\\\/\\\/www.ghostysky.com\\\/#organization\"},\"potentialAction\":[{\"@type\":\"SearchAction\",\"target\":{\"@type\":\"EntryPoint\",\"urlTemplate\":\"https:\\\/\\\/www.ghostysky.com\\\/?s={search_term_string}\"},\"query-input\":{\"@type\":\"PropertyValueSpecification\",\"valueRequired\":true,\"valueName\":\"search_term_string\"}}],\"inLanguage\":\"fr-FR\"},{\"@type\":\"Organization\",\"@id\":\"https:\\\/\\\/www.ghostysky.com\\\/#organization\",\"name\":\"Ghostysky\",\"url\":\"https:\\\/\\\/www.ghostysky.com\\\/\",\"logo\":{\"@type\":\"ImageObject\",\"inLanguage\":\"fr-FR\",\"@id\":\"https:\\\/\\\/www.ghostysky.com\\\/#\\\/schema\\\/logo\\\/image\\\/\",\"url\":\"https:\\\/\\\/www.ghostysky.com\\\/wp-content\\\/uploads\\\/2020\\\/06\\\/cropped-ghostyskylogo_text_white2.png\",\"contentUrl\":\"https:\\\/\\\/www.ghostysky.com\\\/wp-content\\\/uploads\\\/2020\\\/06\\\/cropped-ghostyskylogo_text_white2.png\",\"width\":169,\"height\":56,\"caption\":\"Ghostysky\"},\"image\":{\"@id\":\"https:\\\/\\\/www.ghostysky.com\\\/#\\\/schema\\\/logo\\\/image\\\/\"},\"sameAs\":[\"https:\\\/\\\/www.facebook.com\\\/people\\\/Ghostysky\\\/100057676170234\\\/\",\"https:\\\/\\\/x.com\\\/Gh0stysky\",\"https:\\\/\\\/www.linkedin.com\\\/company\\\/34739653\",\"https:\\\/\\\/www.instagram.com\\\/gh0stysky\"]}]}<\/script>\n<!-- \/ Yoast SEO plugin. -->","yoast_head_json":{"title":"Hesai AT128P - Ghostysky","description":"Le Hesai AT128P est un LiDAR hybride \u00e0 semi-conducteurs haute performance, de qualit\u00e9 automobile, con\u00e7u sp\u00e9cifiquement pour les syst\u00e8mes avanc\u00e9s d&#039;aide \u00e0 la conduite (ADAS) et la conduite autonome. \u00c9volution de la s\u00e9rie AT, le mod\u00e8le \u00ab\u00a0P\u00a0\u00bb privil\u00e9gie l&#039;ultra-haute r\u00e9solution et la d\u00e9tection \u00e0 longue port\u00e9e, jouant le r\u00f4le d&#039;\u00ab\u00a0yeux\u00a0\u00bb pour les v\u00e9hicules autonomes de niveau\u00a03 et plus.","robots":{"index":"index","follow":"follow","max-snippet":"max-snippet:-1","max-image-preview":"max-image-preview:large","max-video-preview":"max-video-preview:-1"},"canonical":"https:\/\/www.ghostysky.com\/fr\/product\/hesai-at128p\/","og_locale":"fr_FR","og_type":"article","og_title":"Hesai AT128P - Ghostysky","og_description":"The Hesai AT128P is a high-performance, automotive-grade hybrid solid-state LiDAR designed specifically for Advanced Driver Assistance Systems (ADAS) and autonomous driving. As an evolution within the AT series, the \"P\" model emphasizes ultra-high resolution and long-range detection, acting as the \"eyes\" for L3+ autonomous vehicles.","og_url":"https:\/\/www.ghostysky.com\/fr\/product\/hesai-at128p\/","og_site_name":"Ghostysky","article_publisher":"https:\/\/www.facebook.com\/people\/Ghostysky\/100057676170234\/","article_modified_time":"2026-04-07T14:08:14+00:00","og_image":[{"width":1920,"height":1920,"url":"https:\/\/www.ghostysky.com\/wp-content\/uploads\/2026\/01\/GH_Hesai_AT128P_1.jpg","type":"image\/jpeg"}],"twitter_card":"summary_large_image","twitter_site":"@Gh0stysky","twitter_misc":{"Dur\u00e9e de lecture estim\u00e9e":"2 minutes"},"schema":{"@context":"https:\/\/schema.org","@graph":[{"@type":"WebPage","@id":"https:\/\/www.ghostysky.com\/product\/hesai-at128p\/","url":"https:\/\/www.ghostysky.com\/product\/hesai-at128p\/","name":"Hesai AT128P - Ghostysky","isPartOf":{"@id":"https:\/\/www.ghostysky.com\/#website"},"primaryImageOfPage":{"@id":"https:\/\/www.ghostysky.com\/product\/hesai-at128p\/#primaryimage"},"image":{"@id":"https:\/\/www.ghostysky.com\/product\/hesai-at128p\/#primaryimage"},"thumbnailUrl":"https:\/\/www.ghostysky.com\/wp-content\/uploads\/2026\/01\/GH_Hesai_AT128P_1.jpg","datePublished":"2026-01-24T12:08:27+00:00","dateModified":"2026-04-07T14:08:14+00:00","description":"Le Hesai AT128P est un LiDAR hybride \u00e0 semi-conducteurs haute performance, de qualit\u00e9 automobile, con\u00e7u sp\u00e9cifiquement pour les syst\u00e8mes avanc\u00e9s d&#039;aide \u00e0 la conduite (ADAS) et la conduite autonome. \u00c9volution de la s\u00e9rie AT, le mod\u00e8le \u00ab\u00a0P\u00a0\u00bb privil\u00e9gie l&#039;ultra-haute r\u00e9solution et la d\u00e9tection \u00e0 longue port\u00e9e, jouant le r\u00f4le d&#039;\u00ab\u00a0yeux\u00a0\u00bb pour les v\u00e9hicules autonomes de niveau\u00a03 et plus.","breadcrumb":{"@id":"https:\/\/www.ghostysky.com\/product\/hesai-at128p\/#breadcrumb"},"inLanguage":"fr-FR","potentialAction":[{"@type":"ReadAction","target":["https:\/\/www.ghostysky.com\/product\/hesai-at128p\/"]}]},{"@type":"ImageObject","inLanguage":"fr-FR","@id":"https:\/\/www.ghostysky.com\/product\/hesai-at128p\/#primaryimage","url":"https:\/\/www.ghostysky.com\/wp-content\/uploads\/2026\/01\/GH_Hesai_AT128P_1.jpg","contentUrl":"https:\/\/www.ghostysky.com\/wp-content\/uploads\/2026\/01\/GH_Hesai_AT128P_1.jpg","width":1920,"height":1920},{"@type":"BreadcrumbList","@id":"https:\/\/www.ghostysky.com\/product\/hesai-at128p\/#breadcrumb","itemListElement":[{"@type":"ListItem","position":1,"name":"Home","item":"https:\/\/www.ghostysky.com\/"},{"@type":"ListItem","position":2,"name":"Shop","item":"https:\/\/www.ghostysky.com\/shop\/"},{"@type":"ListItem","position":3,"name":"Hesai AT128P"}]},{"@type":"WebSite","@id":"https:\/\/www.ghostysky.com\/#website","url":"https:\/\/www.ghostysky.com\/","name":"Ghostysky","description":"Livraison de drones et de services professionnels","publisher":{"@id":"https:\/\/www.ghostysky.com\/#organization"},"potentialAction":[{"@type":"SearchAction","target":{"@type":"EntryPoint","urlTemplate":"https:\/\/www.ghostysky.com\/?s={search_term_string}"},"query-input":{"@type":"PropertyValueSpecification","valueRequired":true,"valueName":"search_term_string"}}],"inLanguage":"fr-FR"},{"@type":"Organization","@id":"https:\/\/www.ghostysky.com\/#organization","name":"Ghostysky","url":"https:\/\/www.ghostysky.com\/","logo":{"@type":"ImageObject","inLanguage":"fr-FR","@id":"https:\/\/www.ghostysky.com\/#\/schema\/logo\/image\/","url":"https:\/\/www.ghostysky.com\/wp-content\/uploads\/2020\/06\/cropped-ghostyskylogo_text_white2.png","contentUrl":"https:\/\/www.ghostysky.com\/wp-content\/uploads\/2020\/06\/cropped-ghostyskylogo_text_white2.png","width":169,"height":56,"caption":"Ghostysky"},"image":{"@id":"https:\/\/www.ghostysky.com\/#\/schema\/logo\/image\/"},"sameAs":["https:\/\/www.facebook.com\/people\/Ghostysky\/100057676170234\/","https:\/\/x.com\/Gh0stysky","https:\/\/www.linkedin.com\/company\/34739653","https:\/\/www.instagram.com\/gh0stysky"]}]}},"_links":{"self":[{"href":"https:\/\/www.ghostysky.com\/fr\/wp-json\/wp\/v2\/product\/23746","targetHints":{"allow":["GET"]}}],"collection":[{"href":"https:\/\/www.ghostysky.com\/fr\/wp-json\/wp\/v2\/product"}],"about":[{"href":"https:\/\/www.ghostysky.com\/fr\/wp-json\/wp\/v2\/types\/product"}],"replies":[{"embeddable":true,"href":"https:\/\/www.ghostysky.com\/fr\/wp-json\/wp\/v2\/comments?post=23746"}],"version-history":[{"count":0,"href":"https:\/\/www.ghostysky.com\/fr\/wp-json\/wp\/v2\/product\/23746\/revisions"}],"wp:featuredmedia":[{"embeddable":true,"href":"https:\/\/www.ghostysky.com\/fr\/wp-json\/wp\/v2\/media\/23750"}],"wp:attachment":[{"href":"https:\/\/www.ghostysky.com\/fr\/wp-json\/wp\/v2\/media?parent=23746"}],"wp:term":[{"taxonomy":"product_brand","embeddable":true,"href":"https:\/\/www.ghostysky.com\/fr\/wp-json\/wp\/v2\/product_brand?post=23746"},{"taxonomy":"product_cat","embeddable":true,"href":"https:\/\/www.ghostysky.com\/fr\/wp-json\/wp\/v2\/product_cat?post=23746"},{"taxonomy":"product_tag","embeddable":true,"href":"https:\/\/www.ghostysky.com\/fr\/wp-json\/wp\/v2\/product_tag?post=23746"}],"curies":[{"name":"wp","href":"https:\/\/api.w.org\/{rel}","templated":true}]}}