{"id":23758,"date":"2026-01-24T12:24:07","date_gmt":"2026-01-24T12:24:07","guid":{"rendered":"https:\/\/www.ghostysky.com\/?post_type=product&#038;p=23758"},"modified":"2026-04-07T14:03:54","modified_gmt":"2026-04-07T14:03:54","slug":"hesai-jt16","status":"publish","type":"product","link":"https:\/\/www.ghostysky.com\/fr\/product\/hesai-jt16\/","title":{"rendered":"Hesai JT16"},"content":{"rendered":"<h3 data-path-to-node=\"2\">Principales fonctionnalit\u00e9s et capacit\u00e9s<\/h3>\n<ul data-path-to-node=\"3\">\n<li>\n<p data-path-to-node=\"3,0,0\"><b data-path-to-node=\"3,0,0\" data-index-in-node=\"0\">Format ultra-compact :<\/b><span class=\"citation-78\"> Le JT16 mesure environ <\/span><b data-path-to-node=\"3,0,0\" data-index-in-node=\"47\"><span class=\"citation-78\">70% plus petit<\/span><\/b><span class=\"citation-78\"> en volume et <\/span><b data-path-to-node=\"3,0,0\" data-index-in-node=\"73\"><span class=\"citation-78\">Briquet 47%<\/span><\/b><span class=\"citation-78 citation-end-78\"> que les produits comparables.<\/span> <span class=\"citation-77 citation-end-77\">Sa taille miniature (seulement 55 mm de diam\u00e8tre) lui permet d&#039;\u00eatre int\u00e9gr\u00e9e dans de petits robots de service, des tondeuses \u00e0 gazon ou des \u00e9quipements industriels avec une hauteur de fen\u00eatre expos\u00e9e de seulement 20 mm.<\/span><\/p>\n<\/li>\n<li>\n<p data-path-to-node=\"3,1,0\"><b data-path-to-node=\"3,1,0\" data-index-in-node=\"0\"><span class=\"citation-76\">Perception \u00e0 360\u00b0 \u00d7 40\u00b0 :<\/span><\/b><span class=\"citation-76 citation-end-76\"> Il offre un champ de vision horizontal complet de 360\u00b0 et un champ de vision vertical de 40\u00b0, am\u00e9liorant ainsi la perception du robot d&#039;un simple plan 2D \u00e0 un environnement 3D riche pour une meilleure \u00e9vitement des obstacles.<\/span><\/p>\n<\/li>\n<li>\n<p data-path-to-node=\"3,2,0\"><b data-path-to-node=\"3,2,0\" data-index-in-node=\"0\"><span class=\"citation-75\">D\u00e9tection minimale \u00ab z\u00e9ro \u00bb :<\/span><\/b><span class=\"citation-75 citation-end-75\"> Le capteur ne pr\u00e9sente quasiment aucun angle mort, ce qui signifie qu&#039;il peut d\u00e9tecter les objets \u00e0 proximit\u00e9 imm\u00e9diate, un point crucial pour les robots naviguant dans des espaces restreints comme les all\u00e9es d&#039;entrep\u00f4ts ou les trottoirs encombr\u00e9s.<\/span><\/p>\n<\/li>\n<li>\n<p data-path-to-node=\"3,3,0\"><b data-path-to-node=\"3,3,0\" data-index-in-node=\"0\">Fiabilit\u00e9 par tous les temps :<\/b><span class=\"citation-74\"> Dot\u00e9 d&#039;un syst\u00e8me de traitement de forme d&#039;onde exclusif, il peut filtrer <\/span><b data-path-to-node=\"3,3,0\" data-index-in-node=\"90\"><span class=\"citation-74\">99,9% de bruit<\/span><\/b><span class=\"citation-74 citation-end-74\"> de la pluie et du brouillard.<\/span> <span class=\"citation-73 citation-end-73\">Il est \u00e9galement dot\u00e9 d&#039;une fonction d&#039;\u00ab inspection intelligente \u00bb qui d\u00e9tecte la contamination de la lentille de protection (boue, glace ou poussi\u00e8re) et alerte le syst\u00e8me.<\/span><\/p>\n<\/li>\n<li>\n<p data-path-to-node=\"3,4,0\"><b data-path-to-node=\"3,4,0\" data-index-in-node=\"0\"><span class=\"citation-72\">IMU int\u00e9gr\u00e9 :<\/span><\/b><span class=\"citation-72 citation-end-72\"> Comprend une centrale inertielle interne pour assurer la compensation des mouvements et faciliter la localisation et la cartographie simultan\u00e9es (SLAM).<\/span><\/p>\n<div class=\"source-inline-chip-container ng-star-inserted\"><\/div>\n<p>&nbsp;<\/li>\n<\/ul>\n<h3 data-path-to-node=\"5\">Sp\u00e9cifications techniques<\/h3>\n<table data-path-to-node=\"6\">\n<thead>\n<tr>\n<td><strong>Fonctionnalit\u00e9<\/strong><\/td>\n<td><strong>Sp\u00e9cification<\/strong><\/td>\n<\/tr>\n<\/thead>\n<tbody>\n<tr>\n<td><span data-path-to-node=\"6,1,0,0\"><b data-path-to-node=\"6,1,0,0\" data-index-in-node=\"0\">Cha\u00eenes<\/b><\/span><\/td>\n<td><span data-path-to-node=\"6,1,1,0\">16<\/span><\/td>\n<\/tr>\n<tr>\n<td><span data-path-to-node=\"6,2,0,0\"><b data-path-to-node=\"6,2,0,0\" data-index-in-node=\"0\">Plage de d\u00e9tection<\/b><\/span><\/td>\n<td><span data-path-to-node=\"6,2,1,0\">0,1 m \u00e0 100 m (30 m \u00e0 r\u00e9flectivit\u00e9 10%)<\/span><\/td>\n<\/tr>\n<tr>\n<td><span data-path-to-node=\"6,3,0,0\"><b data-path-to-node=\"6,3,0,0\" data-index-in-node=\"0\">Pr\u00e9cision de la port\u00e9e<\/b><\/span><\/td>\n<td><span data-path-to-node=\"6,3,1,0\">\u00b13 cm (typique)<\/span><\/td>\n<\/tr>\n<tr>\n<td><span data-path-to-node=\"6,4,0,0\"><b data-path-to-node=\"6,4,0,0\" data-index-in-node=\"0\">Champ de vision horizontal<\/b><\/span><\/td>\n<td><span data-path-to-node=\"6,4,1,0\">360\u00b0<\/span><\/td>\n<\/tr>\n<tr>\n<td><span data-path-to-node=\"6,5,0,0\"><b data-path-to-node=\"6,5,0,0\" data-index-in-node=\"0\">Champ de vision vertical<\/b><\/span><\/td>\n<td><span data-path-to-node=\"6,5,1,0\">40\u00b0 (0\u00b0 \u00e0 40\u00b0)<\/span><\/td>\n<\/tr>\n<tr>\n<td><span data-path-to-node=\"6,6,0,0\"><b data-path-to-node=\"6,6,0,0\" data-index-in-node=\"0\">R\u00e9solution angulaire<\/b><\/span><\/td>\n<td><span data-path-to-node=\"6,6,1,0\">0,6\u00b0 (H) \u00d7 2,67\u00b0 (V)<\/span><\/td>\n<\/tr>\n<tr>\n<td><span data-path-to-node=\"6,7,0,0\"><b data-path-to-node=\"6,7,0,0\" data-index-in-node=\"0\">Consommation d&#039;\u00e9nergie<\/b><\/span><\/td>\n<td><span data-path-to-node=\"6,7,1,0\">~4,3 W<\/span><\/td>\n<\/tr>\n<tr>\n<td><span data-path-to-node=\"6,8,0,0\"><b data-path-to-node=\"6,8,0,0\" data-index-in-node=\"0\">Dimensions<\/b><\/span><\/td>\n<td><span data-path-to-node=\"6,8,1,0\">\u03a6 55 mm \u00d7 H 64 mm<\/span><\/td>\n<\/tr>\n<tr>\n<td><span data-path-to-node=\"6,9,0,0\"><b data-path-to-node=\"6,9,0,0\" data-index-in-node=\"0\">Poids<\/b><\/span><\/td>\n<td><span data-path-to-node=\"6,9,1,0\">&lt; 200 g<\/span><\/td>\n<\/tr>\n<tr>\n<td><span data-path-to-node=\"6,10,0,0\"><b data-path-to-node=\"6,10,0,0\" data-index-in-node=\"0\">Indice de protection<\/b><\/span><\/td>\n<td><span data-path-to-node=\"6,10,1,0\">IP6K7 \/ IP6K9K (\u00c9tanch\u00e9it\u00e9 \u00e0 la poussi\u00e8re\/\u00e0 l&#039;eau)<\/span><\/td>\n<\/tr>\n<\/tbody>\n<\/table>\n<p>&nbsp;<\/p>\n<p>&nbsp;<\/p>\n<h3 data-path-to-node=\"8\">Applications principales<\/h3>\n<p data-path-to-node=\"9\">Le JT16 est extr\u00eamement polyvalent, mais il excelle particuli\u00e8rement dans les secteurs \u00ab intelligents \u00bb suivants\u00a0:<\/p>\n<ul data-path-to-node=\"10\">\n<li>\n<p data-path-to-node=\"10,0,0\"><b data-path-to-node=\"10,0,0\" data-index-in-node=\"0\">Livraison du dernier kilom\u00e8tre\u00a0:<\/b> Petites capsules et drones autonomes.<\/p>\n<\/li>\n<li>\n<p data-path-to-node=\"10,1,0\"><b data-path-to-node=\"10,1,0\" data-index-in-node=\"0\"><span class=\"citation-71\">Maison et jardin intelligents\u00a0:<\/span><\/b><span class=\"citation-71 citation-end-71\"> Tondeuses \u00e0 gazon robotis\u00e9es (rempla\u00e7ant ou compl\u00e9tant le GPS\/RTK).<\/span><\/p>\n<\/li>\n<li>\n<p data-path-to-node=\"10,2,0\"><b data-path-to-node=\"10,2,0\" data-index-in-node=\"0\">Logistique et entreposage :<\/b><span class=\"citation-70 citation-end-70\"> AGV (v\u00e9hicules \u00e0 guidage automatique) et AMR (robots mobiles autonomes).<\/span><\/p>\n<\/li>\n<li>\n<p data-path-to-node=\"10,3,0\"><b data-path-to-node=\"10,3,0\" data-index-in-node=\"0\"><span class=\"citation-69\">Robotique de service :<\/span><\/b><span class=\"citation-69 citation-end-69\"> Nettoyeurs de sols commerciaux et robots de livraison pour h\u00f4tels.<\/span><\/p>\n<\/li>\n<\/ul>\n<blockquote data-path-to-node=\"11\">\n<p data-path-to-node=\"11,0\"><b data-path-to-node=\"11,0\" data-index-in-node=\"0\">Note de l&#039;expert\u00a0:<\/b> Contrairement au JT128 haut de gamme, qui offre un champ de vision vertical \u00ab hyper-h\u00e9misph\u00e9rique \u00bb massif de 187\u00b0, le JT16 se concentre sur la rentabilit\u00e9 et les \u00e9conomies d&#039;\u00e9nergie pour les robots qui ont principalement besoin de voir ce qui se trouve directement devant et autour d&#039;eux.<\/p>\n<\/blockquote>","protected":false},"excerpt":{"rendered":"<p><span class=\"citation-80\">Le <\/span><b data-path-to-node=\"0\" data-index-in-node=\"4\"><span class=\"citation-80\">Hesai JT16<\/span><\/b><span class=\"citation-80 citation-end-80\"> est un capteur LiDAR 3D miniature haute performance, sp\u00e9cialement con\u00e7u pour la robotique et l&#039;automatisation industrielle.<\/span> <span class=\"citation-79 citation-end-79\">Lanc\u00e9 dans le cadre de la s\u00e9rie JT de Hesai, il est con\u00e7u pour combler le foss\u00e9 entre les scanners 2D traditionnels et les LiDAR 3D encombrants, offrant une solution compacte et \u00e9conomique pour la perception \u00e0 courte port\u00e9e.<\/span><\/p>","protected":false},"featured_media":23760,"comment_status":"open","ping_status":"closed","template":"","meta":[],"product_brand":[1338],"product_cat":[1337,1037,1040],"product_tag":[1339,1340],"class_list":{"0":"post-23758","1":"product","2":"type-product","3":"status-publish","4":"has-post-thumbnail","6":"product_brand-hesai","7":"product_cat-hesai-lidars","8":"product_cat-robotics","9":"product_cat-sensors-robotics","10":"product_tag-hesai","11":"product_tag-hesai-lidars","13":"first","14":"onbackorder","15":"taxable","16":"shipping-taxable","17":"purchasable","18":"product-type-simple"},"yoast_head":"<!-- This site is optimized with the Yoast SEO plugin v27.1.1 - https:\/\/yoast.com\/product\/yoast-seo-wordpress\/ -->\n<title>Hesai JT16 - Ghostysky<\/title>\n<meta name=\"description\" content=\"The Hesai JT16 is a high-performance, mini 3D LiDAR sensor specifically engineered for robotics and industrial automation. Launched as part of Hesai&#039;s JT series, it is designed to bridge the gap between traditional 2D scanners and bulky 3D LiDARs, offering a compact, cost-effective solution for short-range perception.\" \/>\n<meta name=\"robots\" content=\"index, follow, max-snippet:-1, max-image-preview:large, max-video-preview:-1\" \/>\n<link rel=\"canonical\" href=\"https:\/\/www.ghostysky.com\/fr\/product\/hesai-jt16\/\" \/>\n<meta property=\"og:locale\" content=\"fr_FR\" \/>\n<meta property=\"og:type\" content=\"article\" \/>\n<meta property=\"og:title\" content=\"Hesai JT16 - Ghostysky\" \/>\n<meta property=\"og:description\" content=\"The Hesai JT16 is a high-performance, mini 3D LiDAR sensor specifically engineered for robotics and industrial automation. Launched as part of Hesai&#039;s JT series, it is designed to bridge the gap between traditional 2D scanners and bulky 3D LiDARs, offering a compact, cost-effective solution for short-range perception.\" \/>\n<meta property=\"og:url\" content=\"https:\/\/www.ghostysky.com\/fr\/product\/hesai-jt16\/\" \/>\n<meta property=\"og:site_name\" content=\"Ghostysky\" \/>\n<meta property=\"article:publisher\" content=\"https:\/\/www.facebook.com\/people\/Ghostysky\/100057676170234\/\" \/>\n<meta property=\"article:modified_time\" content=\"2026-04-07T14:03:54+00:00\" \/>\n<meta property=\"og:image\" content=\"https:\/\/www.ghostysky.com\/wp-content\/uploads\/2026\/01\/GH_Hesai_JT16_0.webp\" \/>\n\t<meta property=\"og:image:width\" content=\"600\" \/>\n\t<meta property=\"og:image:height\" content=\"600\" \/>\n\t<meta property=\"og:image:type\" content=\"image\/webp\" \/>\n<meta name=\"twitter:card\" content=\"summary_large_image\" \/>\n<meta name=\"twitter:site\" content=\"@Gh0stysky\" \/>\n<meta name=\"twitter:label1\" content=\"Dur\u00e9e de lecture estim\u00e9e\" \/>\n\t<meta name=\"twitter:data1\" content=\"2 minutes\" \/>\n<script type=\"application\/ld+json\" class=\"yoast-schema-graph\">{\"@context\":\"https:\/\/schema.org\",\"@graph\":[{\"@type\":\"WebPage\",\"@id\":\"https:\/\/www.ghostysky.com\/product\/hesai-jt16\/\",\"url\":\"https:\/\/www.ghostysky.com\/product\/hesai-jt16\/\",\"name\":\"Hesai JT16 - Ghostysky\",\"isPartOf\":{\"@id\":\"https:\/\/www.ghostysky.com\/#website\"},\"primaryImageOfPage\":{\"@id\":\"https:\/\/www.ghostysky.com\/product\/hesai-jt16\/#primaryimage\"},\"image\":{\"@id\":\"https:\/\/www.ghostysky.com\/product\/hesai-jt16\/#primaryimage\"},\"thumbnailUrl\":\"https:\/\/www.ghostysky.com\/wp-content\/uploads\/2026\/01\/GH_Hesai_JT16_0.webp\",\"datePublished\":\"2026-01-24T12:24:07+00:00\",\"dateModified\":\"2026-04-07T14:03:54+00:00\",\"description\":\"The Hesai JT16 is a high-performance, mini 3D LiDAR sensor specifically engineered for robotics and industrial automation. Launched as part of Hesai's JT series, it is designed to bridge the gap between traditional 2D scanners and bulky 3D LiDARs, offering a compact, cost-effective solution for short-range perception.\",\"breadcrumb\":{\"@id\":\"https:\/\/www.ghostysky.com\/product\/hesai-jt16\/#breadcrumb\"},\"inLanguage\":\"fr-FR\",\"potentialAction\":[{\"@type\":\"ReadAction\",\"target\":[\"https:\/\/www.ghostysky.com\/product\/hesai-jt16\/\"]}]},{\"@type\":\"ImageObject\",\"inLanguage\":\"fr-FR\",\"@id\":\"https:\/\/www.ghostysky.com\/product\/hesai-jt16\/#primaryimage\",\"url\":\"https:\/\/www.ghostysky.com\/wp-content\/uploads\/2026\/01\/GH_Hesai_JT16_0.webp\",\"contentUrl\":\"https:\/\/www.ghostysky.com\/wp-content\/uploads\/2026\/01\/GH_Hesai_JT16_0.webp\",\"width\":600,\"height\":600},{\"@type\":\"BreadcrumbList\",\"@id\":\"https:\/\/www.ghostysky.com\/product\/hesai-jt16\/#breadcrumb\",\"itemListElement\":[{\"@type\":\"ListItem\",\"position\":1,\"name\":\"Home\",\"item\":\"https:\/\/www.ghostysky.com\/\"},{\"@type\":\"ListItem\",\"position\":2,\"name\":\"Shop\",\"item\":\"https:\/\/www.ghostysky.com\/shop\/\"},{\"@type\":\"ListItem\",\"position\":3,\"name\":\"Hesai JT16\"}]},{\"@type\":\"WebSite\",\"@id\":\"https:\/\/www.ghostysky.com\/#website\",\"url\":\"https:\/\/www.ghostysky.com\/\",\"name\":\"Ghostysky\",\"description\":\"Delivering professional drones and services\",\"publisher\":{\"@id\":\"https:\/\/www.ghostysky.com\/#organization\"},\"potentialAction\":[{\"@type\":\"SearchAction\",\"target\":{\"@type\":\"EntryPoint\",\"urlTemplate\":\"https:\/\/www.ghostysky.com\/?s={search_term_string}\"},\"query-input\":{\"@type\":\"PropertyValueSpecification\",\"valueRequired\":true,\"valueName\":\"search_term_string\"}}],\"inLanguage\":\"fr-FR\"},{\"@type\":\"Organization\",\"@id\":\"https:\/\/www.ghostysky.com\/#organization\",\"name\":\"Ghostysky\",\"url\":\"https:\/\/www.ghostysky.com\/\",\"logo\":{\"@type\":\"ImageObject\",\"inLanguage\":\"fr-FR\",\"@id\":\"https:\/\/www.ghostysky.com\/#\/schema\/logo\/image\/\",\"url\":\"https:\/\/www.ghostysky.com\/wp-content\/uploads\/2020\/06\/cropped-ghostyskylogo_text_white2.png\",\"contentUrl\":\"https:\/\/www.ghostysky.com\/wp-content\/uploads\/2020\/06\/cropped-ghostyskylogo_text_white2.png\",\"width\":169,\"height\":56,\"caption\":\"Ghostysky\"},\"image\":{\"@id\":\"https:\/\/www.ghostysky.com\/#\/schema\/logo\/image\/\"},\"sameAs\":[\"https:\/\/www.facebook.com\/people\/Ghostysky\/100057676170234\/\",\"https:\/\/x.com\/Gh0stysky\",\"https:\/\/www.linkedin.com\/company\/34739653\",\"https:\/\/www.instagram.com\/gh0stysky\"]}]}<\/script>\n<!-- \/ Yoast SEO plugin. -->","yoast_head_json":{"title":"Hesai JT16 - Ghostysky","description":"Le Hesai JT16 est un capteur LiDAR 3D miniature haute performance, sp\u00e9cialement con\u00e7u pour la robotique et l&#039;automatisation industrielle. Lanc\u00e9 au sein de la s\u00e9rie JT de Hesai, il vise \u00e0 combler le foss\u00e9 entre les scanners 2D traditionnels et les LiDAR 3D encombrants, en offrant une solution compacte et \u00e9conomique pour la perception \u00e0 courte port\u00e9e.","robots":{"index":"index","follow":"follow","max-snippet":"max-snippet:-1","max-image-preview":"max-image-preview:large","max-video-preview":"max-video-preview:-1"},"canonical":"https:\/\/www.ghostysky.com\/fr\/product\/hesai-jt16\/","og_locale":"fr_FR","og_type":"article","og_title":"Hesai JT16 - Ghostysky","og_description":"The Hesai JT16 is a high-performance, mini 3D LiDAR sensor specifically engineered for robotics and industrial automation. Launched as part of Hesai's JT series, it is designed to bridge the gap between traditional 2D scanners and bulky 3D LiDARs, offering a compact, cost-effective solution for short-range perception.","og_url":"https:\/\/www.ghostysky.com\/fr\/product\/hesai-jt16\/","og_site_name":"Ghostysky","article_publisher":"https:\/\/www.facebook.com\/people\/Ghostysky\/100057676170234\/","article_modified_time":"2026-04-07T14:03:54+00:00","og_image":[{"width":600,"height":600,"url":"https:\/\/www.ghostysky.com\/wp-content\/uploads\/2026\/01\/GH_Hesai_JT16_0.webp","type":"image\/webp"}],"twitter_card":"summary_large_image","twitter_site":"@Gh0stysky","twitter_misc":{"Dur\u00e9e de lecture estim\u00e9e":"2 minutes"},"schema":{"@context":"https:\/\/schema.org","@graph":[{"@type":"WebPage","@id":"https:\/\/www.ghostysky.com\/product\/hesai-jt16\/","url":"https:\/\/www.ghostysky.com\/product\/hesai-jt16\/","name":"Hesai JT16 - Ghostysky","isPartOf":{"@id":"https:\/\/www.ghostysky.com\/#website"},"primaryImageOfPage":{"@id":"https:\/\/www.ghostysky.com\/product\/hesai-jt16\/#primaryimage"},"image":{"@id":"https:\/\/www.ghostysky.com\/product\/hesai-jt16\/#primaryimage"},"thumbnailUrl":"https:\/\/www.ghostysky.com\/wp-content\/uploads\/2026\/01\/GH_Hesai_JT16_0.webp","datePublished":"2026-01-24T12:24:07+00:00","dateModified":"2026-04-07T14:03:54+00:00","description":"Le Hesai JT16 est un capteur LiDAR 3D miniature haute performance, sp\u00e9cialement con\u00e7u pour la robotique et l&#039;automatisation industrielle. Lanc\u00e9 au sein de la s\u00e9rie JT de Hesai, il vise \u00e0 combler le foss\u00e9 entre les scanners 2D traditionnels et les LiDAR 3D encombrants, en offrant une solution compacte et \u00e9conomique pour la perception \u00e0 courte port\u00e9e.","breadcrumb":{"@id":"https:\/\/www.ghostysky.com\/product\/hesai-jt16\/#breadcrumb"},"inLanguage":"fr-FR","potentialAction":[{"@type":"ReadAction","target":["https:\/\/www.ghostysky.com\/product\/hesai-jt16\/"]}]},{"@type":"ImageObject","inLanguage":"fr-FR","@id":"https:\/\/www.ghostysky.com\/product\/hesai-jt16\/#primaryimage","url":"https:\/\/www.ghostysky.com\/wp-content\/uploads\/2026\/01\/GH_Hesai_JT16_0.webp","contentUrl":"https:\/\/www.ghostysky.com\/wp-content\/uploads\/2026\/01\/GH_Hesai_JT16_0.webp","width":600,"height":600},{"@type":"BreadcrumbList","@id":"https:\/\/www.ghostysky.com\/product\/hesai-jt16\/#breadcrumb","itemListElement":[{"@type":"ListItem","position":1,"name":"Home","item":"https:\/\/www.ghostysky.com\/"},{"@type":"ListItem","position":2,"name":"Shop","item":"https:\/\/www.ghostysky.com\/shop\/"},{"@type":"ListItem","position":3,"name":"Hesai JT16"}]},{"@type":"WebSite","@id":"https:\/\/www.ghostysky.com\/#website","url":"https:\/\/www.ghostysky.com\/","name":"Ghostysky","description":"Livraison de drones et de services professionnels","publisher":{"@id":"https:\/\/www.ghostysky.com\/#organization"},"potentialAction":[{"@type":"SearchAction","target":{"@type":"EntryPoint","urlTemplate":"https:\/\/www.ghostysky.com\/?s={search_term_string}"},"query-input":{"@type":"PropertyValueSpecification","valueRequired":true,"valueName":"search_term_string"}}],"inLanguage":"fr-FR"},{"@type":"Organization","@id":"https:\/\/www.ghostysky.com\/#organization","name":"Ghostysky","url":"https:\/\/www.ghostysky.com\/","logo":{"@type":"ImageObject","inLanguage":"fr-FR","@id":"https:\/\/www.ghostysky.com\/#\/schema\/logo\/image\/","url":"https:\/\/www.ghostysky.com\/wp-content\/uploads\/2020\/06\/cropped-ghostyskylogo_text_white2.png","contentUrl":"https:\/\/www.ghostysky.com\/wp-content\/uploads\/2020\/06\/cropped-ghostyskylogo_text_white2.png","width":169,"height":56,"caption":"Ghostysky"},"image":{"@id":"https:\/\/www.ghostysky.com\/#\/schema\/logo\/image\/"},"sameAs":["https:\/\/www.facebook.com\/people\/Ghostysky\/100057676170234\/","https:\/\/x.com\/Gh0stysky","https:\/\/www.linkedin.com\/company\/34739653","https:\/\/www.instagram.com\/gh0stysky"]}]}},"_links":{"self":[{"href":"https:\/\/www.ghostysky.com\/fr\/wp-json\/wp\/v2\/product\/23758","targetHints":{"allow":["GET"]}}],"collection":[{"href":"https:\/\/www.ghostysky.com\/fr\/wp-json\/wp\/v2\/product"}],"about":[{"href":"https:\/\/www.ghostysky.com\/fr\/wp-json\/wp\/v2\/types\/product"}],"replies":[{"embeddable":true,"href":"https:\/\/www.ghostysky.com\/fr\/wp-json\/wp\/v2\/comments?post=23758"}],"wp:featuredmedia":[{"embeddable":true,"href":"https:\/\/www.ghostysky.com\/fr\/wp-json\/wp\/v2\/media\/23760"}],"wp:attachment":[{"href":"https:\/\/www.ghostysky.com\/fr\/wp-json\/wp\/v2\/media?parent=23758"}],"wp:term":[{"taxonomy":"product_brand","embeddable":true,"href":"https:\/\/www.ghostysky.com\/fr\/wp-json\/wp\/v2\/product_brand?post=23758"},{"taxonomy":"product_cat","embeddable":true,"href":"https:\/\/www.ghostysky.com\/fr\/wp-json\/wp\/v2\/product_cat?post=23758"},{"taxonomy":"product_tag","embeddable":true,"href":"https:\/\/www.ghostysky.com\/fr\/wp-json\/wp\/v2\/product_tag?post=23758"}],"curies":[{"name":"wp","href":"https:\/\/api.w.org\/{rel}","templated":true}]}}