{"id":23765,"date":"2026-01-24T13:40:27","date_gmt":"2026-01-24T13:40:27","guid":{"rendered":"https:\/\/www.ghostysky.com\/?post_type=product&#038;p=23765"},"modified":"2026-04-07T14:04:09","modified_gmt":"2026-04-07T14:04:09","slug":"hesai-jt128","status":"publish","type":"product","link":"https:\/\/www.ghostysky.com\/fr\/product\/hesai-jt128\/","title":{"rendered":"Hesai JT128"},"content":{"rendered":"<h3 data-path-to-node=\"2\">Principales caract\u00e9ristiques et performances<\/h3>\n<h3 data-path-to-node=\"3\">1. <b data-path-to-node=\"3\" data-index-in-node=\"3\">Champ de vision hyper-h\u00e9misph\u00e9rique<\/b><\/h3>\n<p data-path-to-node=\"4\"><span class=\"citation-118\">La caract\u00e9ristique marquante du JT128 est son imposante\u2026 <\/span><b data-path-to-node=\"4\" data-index-in-node=\"49\"><span class=\"citation-118\">360\u00b0 x 189\u00b0<\/span><\/b><span class=\"citation-118 citation-end-118\"> champ de vision.<\/span><\/p>\n<ul data-path-to-node=\"5\">\n<li>\n<p data-path-to-node=\"5,0,0\"><b data-path-to-node=\"5,0,0\" data-index-in-node=\"0\"><span class=\"citation-117\">Aucun angle mort :<\/span><\/b><span class=\"citation-117 citation-end-117\"> Un seul appareil peut d\u00e9tecter simultan\u00e9ment le sol, la zone situ\u00e9e directement devant et les obstacles en hauteur.<\/span><\/p>\n<\/li>\n<li>\n<p data-path-to-node=\"5,1,0\"><b data-path-to-node=\"5,1,0\" data-index-in-node=\"0\"><span class=\"citation-116\">Conscience totale :<\/span><\/b><span class=\"citation-116 citation-end-116\"> Il offre un champ de vision vertical plus large que la plupart des capteurs h\u00e9misph\u00e9riques comparables, ce qui le rend id\u00e9al pour naviguer dans des environnements int\u00e9rieurs complexes ou sous des structures basses.<\/span><\/p>\n<\/li>\n<\/ul>\n<h3 data-path-to-node=\"6\">2. <b data-path-to-node=\"6\" data-index-in-node=\"3\">R\u00e9solution haute densit\u00e9 \u00e0 128 canaux<\/b><\/h3>\n<p data-path-to-node=\"7\"><span class=\"citation-115 citation-end-115\">Malgr\u00e9 son appellation \u00ab mini \u00bb, le JT128 ne fait aucun compromis sur la densit\u00e9 de donn\u00e9es\u00a0:<\/span><\/p>\n<ul data-path-to-node=\"8\">\n<li>\n<p data-path-to-node=\"8,0,0\"><b data-path-to-node=\"8,0,0\" data-index-in-node=\"0\">128 canaux verticaux\u00a0:<\/b><span class=\"citation-114 citation-end-114\"> G\u00e9n\u00e8re des nuages de points semblables \u00e0 des images pour une reconnaissance pr\u00e9cise des obstacles.<\/span><\/p>\n<\/li>\n<li>\n<p data-path-to-node=\"8,1,0\"><b data-path-to-node=\"8,1,0\" data-index-in-node=\"0\">Taux de points \u00e9lev\u00e9s\u00a0:<\/b><span class=\"citation-113\"> Capture jusqu&#039;\u00e0 <\/span><b data-path-to-node=\"8,1,0\" data-index-in-node=\"32\"><span class=\"citation-113\">1,15 million de points par seconde<\/span><\/b><span class=\"citation-113 citation-end-113\"> (retour unique), prenant en charge la localisation et la cartographie simultan\u00e9es 3D (SLAM) rapides et la navigation en temps r\u00e9el.<\/span><\/p>\n<\/li>\n<\/ul>\n<h3 data-path-to-node=\"9\">3. <b data-path-to-node=\"9\" data-index-in-node=\"3\">Conception compacte et int\u00e9gr\u00e9e<\/b><\/h3>\n<p data-path-to-node=\"10\"><span class=\"citation-112 citation-end-112\">Hesai a privil\u00e9gi\u00e9 la facilit\u00e9 d&#039;int\u00e9gration pour les concepteurs de mat\u00e9riel\u00a0:<\/span><\/p>\n<ul data-path-to-node=\"11\">\n<li>\n<p data-path-to-node=\"11,0,0\"><b data-path-to-node=\"11,0,0\" data-index-in-node=\"0\">Empreinte r\u00e9duite :<\/b><span class=\"citation-111\"> Il est environ 70% plus petit que les capteurs h\u00e9misph\u00e9riques de g\u00e9n\u00e9ration pr\u00e9c\u00e9dente, et ne p\u00e8se que <\/span><b data-path-to-node=\"11,0,0\" data-index-in-node=\"105\"><span class=\"citation-111\">250 g<\/span><\/b><span class=\"citation-111 citation-end-111\">.<\/span><\/p>\n<\/li>\n<li>\n<p data-path-to-node=\"11,1,0\"><b data-path-to-node=\"11,1,0\" data-index-in-node=\"0\"><span class=\"citation-110\">Profil bas :<\/span><\/b><span class=\"citation-110\"> Une fois install\u00e9e, la hauteur de la fen\u00eatre apparente peut \u00eatre aussi faible que <\/span><b data-path-to-node=\"11,1,0\" data-index-in-node=\"72\"><span class=\"citation-110\">23,8 mm<\/span><\/b><span class=\"citation-110 citation-end-110\">, ce qui permet de l&#039;int\u00e9grer parfaitement au ch\u00e2ssis d&#039;un robot ou d&#039;un AGV.<\/span><\/p>\n<div class=\"source-inline-chip-container ng-star-inserted\"><\/div>\n<\/li>\n<\/ul>\n<h3 data-path-to-node=\"13\">Sp\u00e9cifications techniques<\/h3>\n<table data-path-to-node=\"14\">\n<thead>\n<tr>\n<td><strong>Fonctionnalit\u00e9<\/strong><\/td>\n<td><strong>Sp\u00e9cification<\/strong><\/td>\n<\/tr>\n<\/thead>\n<tbody>\n<tr>\n<td><span data-path-to-node=\"14,1,0,0\"><b data-path-to-node=\"14,1,0,0\" data-index-in-node=\"0\">Champ de vision horizontal<\/b><\/span><\/td>\n<td><span data-path-to-node=\"14,1,1,0\">360\u00b0<\/span><\/td>\n<\/tr>\n<tr>\n<td><span data-path-to-node=\"14,2,0,0\"><b data-path-to-node=\"14,2,0,0\" data-index-in-node=\"0\">Champ de vision vertical<\/b><\/span><\/td>\n<td><span data-path-to-node=\"14,2,1,0\">189\u00b0 (Hyper-h\u00e9misph\u00e9rique)<\/span><\/td>\n<\/tr>\n<tr>\n<td><span data-path-to-node=\"14,3,0,0\"><b data-path-to-node=\"14,3,0,0\" data-index-in-node=\"0\">Cha\u00eenes<\/b><\/span><\/td>\n<td><span data-path-to-node=\"14,3,1,0\">128<\/span><\/td>\n<\/tr>\n<tr>\n<td><span data-path-to-node=\"14,4,0,0\"><b data-path-to-node=\"14,4,0,0\" data-index-in-node=\"0\">Port\u00e9e (r\u00e9flectivit\u00e9 10%)<\/b><\/span><\/td>\n<td><span data-path-to-node=\"14,4,1,0\">40 m (60 m maximum)<\/span><\/td>\n<\/tr>\n<tr>\n<td><span data-path-to-node=\"14,5,0,0\"><b data-path-to-node=\"14,5,0,0\" data-index-in-node=\"0\">Taux de points<\/b><\/span><\/td>\n<td><span data-path-to-node=\"14,5,1,0\">~1 152 000 pts\/s (Simple) \/ 2 304 000 pts\/s (Double)<\/span><\/td>\n<\/tr>\n<tr>\n<td><span data-path-to-node=\"14,6,0,0\"><b data-path-to-node=\"14,6,0,0\" data-index-in-node=\"0\">Dimensions<\/b><\/span><\/td>\n<td><span data-path-to-node=\"14,6,1,0\">\u00a0Phi 62,5 mm x H 73 mm<\/span><\/td>\n<\/tr>\n<tr>\n<td><span data-path-to-node=\"14,7,0,0\"><b data-path-to-node=\"14,7,0,0\" data-index-in-node=\"0\">Protection contre les intrusions<\/b><\/span><\/td>\n<td><span data-path-to-node=\"14,7,1,0\">IP6K7 et IP6K9K<\/span><\/td>\n<\/tr>\n<tr>\n<td><span data-path-to-node=\"14,8,0,0\"><b data-path-to-node=\"14,8,0,0\" data-index-in-node=\"0\">Consommation d&#039;\u00e9nergie<\/b><\/span><\/td>\n<td><span data-path-to-node=\"14,8,1,0\">Faible consommation d&#039;\u00e9nergie optimis\u00e9e pour les plateformes mobiles<\/span><\/td>\n<\/tr>\n<\/tbody>\n<\/table>\n<h2 data-path-to-node=\"16\"><\/h2>\n<h3 data-path-to-node=\"16\">Applications id\u00e9ales<\/h3>\n<p data-path-to-node=\"17\"><span class=\"citation-109 citation-end-109\">Le JT128 est positionn\u00e9 comme un capteur principal pour \u00ab l&#039;intelligence incarn\u00e9e \u00bb et les syst\u00e8mes autonomes qui n\u00e9cessitent une perception spatiale 3D dans des espaces restreints ou dynamiques\u00a0:<\/span><\/p>\n<ul data-path-to-node=\"18\">\n<li>\n<p data-path-to-node=\"18,0,0\"><b data-path-to-node=\"18,0,0\" data-index-in-node=\"0\">Robots de livraison et de service\u00a0:<\/b> Se d\u00e9placer sur les trottoirs et dans les halls d&#039;immeubles.<\/p>\n<\/li>\n<li>\n<p data-path-to-node=\"18,1,0\"><b data-path-to-node=\"18,1,0\" data-index-in-node=\"0\"><span class=\"citation-108\">AGV et AMR\u00a0:<\/span><\/b><span class=\"citation-108 citation-end-108\"> Logistique d&#039;entrep\u00f4t et manutention des palettes efficaces.<\/span><\/p>\n<\/li>\n<li>\n<p data-path-to-node=\"18,2,0\"><b data-path-to-node=\"18,2,0\" data-index-in-node=\"0\">Robots de nettoyage :<\/b><span class=\"citation-107 citation-end-107\"> D\u00e9tection simultan\u00e9e des d\u00e9bris au sol et des obstacles en hauteur.<\/span><\/p>\n<\/li>\n<li>\n<p data-path-to-node=\"18,3,0\"><b data-path-to-node=\"18,3,0\" data-index-in-node=\"0\">Robotique humano\u00efde :<\/b> Offrir une large vision p\u00e9riph\u00e9rique pour l&#039;interaction avec l&#039;environnement.<\/p>\n<\/li>\n<\/ul>","protected":false},"excerpt":{"rendered":"<p><span class=\"citation-120\">Le <\/span><b data-path-to-node=\"0\" data-index-in-node=\"4\"><span class=\"citation-120\">Hesai JT128<\/span><\/b><span class=\"citation-120 citation-end-120\"> Il s&#039;agit d&#039;un mini LiDAR 3D hyper-h\u00e9misph\u00e9rique sp\u00e9cialement con\u00e7u pour la prochaine g\u00e9n\u00e9ration de robotique et d&#039;automatisation industrielle.<\/span> <span class=\"citation-119 citation-end-119\">Pr\u00e9sent\u00e9 au CES 2025, il est con\u00e7u pour r\u00e9soudre le probl\u00e8me de \u00ab l&#039;angle mort \u00bb courant en robotique mobile en offrant un champ de vision ultra-large dans un format remarquablement compact.<\/span><\/p>","protected":false},"featured_media":23769,"comment_status":"open","ping_status":"closed","template":"","meta":[],"product_brand":[1338],"product_cat":[1337,1037,1040],"product_tag":[1339,1340],"class_list":{"0":"post-23765","1":"product","2":"type-product","3":"status-publish","4":"has-post-thumbnail","6":"product_brand-hesai","7":"product_cat-hesai-lidars","8":"product_cat-robotics","9":"product_cat-sensors-robotics","10":"product_tag-hesai","11":"product_tag-hesai-lidars","13":"first","14":"onbackorder","15":"taxable","16":"shipping-taxable","17":"purchasable","18":"product-type-simple"},"yoast_head":"<!-- This site is optimized with the Yoast SEO plugin v27.1.1 - https:\/\/yoast.com\/product\/yoast-seo-wordpress\/ -->\n<title>Hesai JT128 - Ghostysky<\/title>\n<meta name=\"description\" content=\"The Hesai JT128 is a mini hyper-hemispherical 3D LiDAR specifically engineered for the next generation of robotics and industrial automation. Launched at CES 2025, it is designed to solve the &quot;blind spot&quot; problem common in mobile robotics by providing an ultra-wide field of view in a remarkably compact form factor.\" \/>\n<meta name=\"robots\" content=\"index, follow, max-snippet:-1, max-image-preview:large, max-video-preview:-1\" \/>\n<link rel=\"canonical\" href=\"https:\/\/www.ghostysky.com\/fr\/product\/hesai-jt128\/\" \/>\n<meta property=\"og:locale\" content=\"fr_FR\" \/>\n<meta property=\"og:type\" content=\"article\" \/>\n<meta property=\"og:title\" content=\"Hesai JT128 - Ghostysky\" \/>\n<meta property=\"og:description\" content=\"The Hesai JT128 is a mini hyper-hemispherical 3D LiDAR specifically engineered for the next generation of robotics and industrial automation. Launched at CES 2025, it is designed to solve the &quot;blind spot&quot; problem common in mobile robotics by providing an ultra-wide field of view in a remarkably compact form factor.\" \/>\n<meta property=\"og:url\" content=\"https:\/\/www.ghostysky.com\/fr\/product\/hesai-jt128\/\" \/>\n<meta property=\"og:site_name\" content=\"Ghostysky\" \/>\n<meta property=\"article:publisher\" content=\"https:\/\/www.facebook.com\/people\/Ghostysky\/100057676170234\/\" \/>\n<meta property=\"article:modified_time\" content=\"2026-04-07T14:04:09+00:00\" \/>\n<meta property=\"og:image\" content=\"https:\/\/www.ghostysky.com\/wp-content\/uploads\/2026\/01\/GH_Hesai_Jt128_1.jpg\" \/>\n\t<meta property=\"og:image:width\" content=\"2160\" \/>\n\t<meta property=\"og:image:height\" content=\"2160\" \/>\n\t<meta property=\"og:image:type\" content=\"image\/jpeg\" \/>\n<meta name=\"twitter:card\" content=\"summary_large_image\" \/>\n<meta name=\"twitter:site\" content=\"@Gh0stysky\" \/>\n<meta name=\"twitter:label1\" content=\"Dur\u00e9e de lecture estim\u00e9e\" \/>\n\t<meta name=\"twitter:data1\" content=\"2 minutes\" \/>\n<script type=\"application\/ld+json\" class=\"yoast-schema-graph\">{\"@context\":\"https:\/\/schema.org\",\"@graph\":[{\"@type\":\"WebPage\",\"@id\":\"https:\/\/www.ghostysky.com\/product\/hesai-jt128\/\",\"url\":\"https:\/\/www.ghostysky.com\/product\/hesai-jt128\/\",\"name\":\"Hesai JT128 - Ghostysky\",\"isPartOf\":{\"@id\":\"https:\/\/www.ghostysky.com\/#website\"},\"primaryImageOfPage\":{\"@id\":\"https:\/\/www.ghostysky.com\/product\/hesai-jt128\/#primaryimage\"},\"image\":{\"@id\":\"https:\/\/www.ghostysky.com\/product\/hesai-jt128\/#primaryimage\"},\"thumbnailUrl\":\"https:\/\/www.ghostysky.com\/wp-content\/uploads\/2026\/01\/GH_Hesai_Jt128_1.jpg\",\"datePublished\":\"2026-01-24T13:40:27+00:00\",\"dateModified\":\"2026-04-07T14:04:09+00:00\",\"description\":\"The Hesai JT128 is a mini hyper-hemispherical 3D LiDAR specifically engineered for the next generation of robotics and industrial automation. Launched at CES 2025, it is designed to solve the \\\"blind spot\\\" problem common in mobile robotics by providing an ultra-wide field of view in a remarkably compact form factor.\",\"breadcrumb\":{\"@id\":\"https:\/\/www.ghostysky.com\/product\/hesai-jt128\/#breadcrumb\"},\"inLanguage\":\"fr-FR\",\"potentialAction\":[{\"@type\":\"ReadAction\",\"target\":[\"https:\/\/www.ghostysky.com\/product\/hesai-jt128\/\"]}]},{\"@type\":\"ImageObject\",\"inLanguage\":\"fr-FR\",\"@id\":\"https:\/\/www.ghostysky.com\/product\/hesai-jt128\/#primaryimage\",\"url\":\"https:\/\/www.ghostysky.com\/wp-content\/uploads\/2026\/01\/GH_Hesai_Jt128_1.jpg\",\"contentUrl\":\"https:\/\/www.ghostysky.com\/wp-content\/uploads\/2026\/01\/GH_Hesai_Jt128_1.jpg\",\"width\":2160,\"height\":2160},{\"@type\":\"BreadcrumbList\",\"@id\":\"https:\/\/www.ghostysky.com\/product\/hesai-jt128\/#breadcrumb\",\"itemListElement\":[{\"@type\":\"ListItem\",\"position\":1,\"name\":\"Home\",\"item\":\"https:\/\/www.ghostysky.com\/\"},{\"@type\":\"ListItem\",\"position\":2,\"name\":\"Shop\",\"item\":\"https:\/\/www.ghostysky.com\/shop\/\"},{\"@type\":\"ListItem\",\"position\":3,\"name\":\"Hesai JT128\"}]},{\"@type\":\"WebSite\",\"@id\":\"https:\/\/www.ghostysky.com\/#website\",\"url\":\"https:\/\/www.ghostysky.com\/\",\"name\":\"Ghostysky\",\"description\":\"Delivering professional drones and services\",\"publisher\":{\"@id\":\"https:\/\/www.ghostysky.com\/#organization\"},\"potentialAction\":[{\"@type\":\"SearchAction\",\"target\":{\"@type\":\"EntryPoint\",\"urlTemplate\":\"https:\/\/www.ghostysky.com\/?s={search_term_string}\"},\"query-input\":{\"@type\":\"PropertyValueSpecification\",\"valueRequired\":true,\"valueName\":\"search_term_string\"}}],\"inLanguage\":\"fr-FR\"},{\"@type\":\"Organization\",\"@id\":\"https:\/\/www.ghostysky.com\/#organization\",\"name\":\"Ghostysky\",\"url\":\"https:\/\/www.ghostysky.com\/\",\"logo\":{\"@type\":\"ImageObject\",\"inLanguage\":\"fr-FR\",\"@id\":\"https:\/\/www.ghostysky.com\/#\/schema\/logo\/image\/\",\"url\":\"https:\/\/www.ghostysky.com\/wp-content\/uploads\/2020\/06\/cropped-ghostyskylogo_text_white2.png\",\"contentUrl\":\"https:\/\/www.ghostysky.com\/wp-content\/uploads\/2020\/06\/cropped-ghostyskylogo_text_white2.png\",\"width\":169,\"height\":56,\"caption\":\"Ghostysky\"},\"image\":{\"@id\":\"https:\/\/www.ghostysky.com\/#\/schema\/logo\/image\/\"},\"sameAs\":[\"https:\/\/www.facebook.com\/people\/Ghostysky\/100057676170234\/\",\"https:\/\/x.com\/Gh0stysky\",\"https:\/\/www.linkedin.com\/company\/34739653\",\"https:\/\/www.instagram.com\/gh0stysky\"]}]}<\/script>\n<!-- \/ Yoast SEO plugin. -->","yoast_head_json":{"title":"Hesai JT128 - Ghostysky","description":"Le Hesai JT128 est un mini LiDAR 3D hyper-h\u00e9misph\u00e9rique con\u00e7u sp\u00e9cifiquement pour la robotique et l&#039;automatisation industrielle de nouvelle g\u00e9n\u00e9ration. Lanc\u00e9 au CES 2025, il vise \u00e0 r\u00e9soudre le probl\u00e8me des angles morts, fr\u00e9quent en robotique mobile, en offrant un champ de vision ultra-large dans un format remarquablement compact.","robots":{"index":"index","follow":"follow","max-snippet":"max-snippet:-1","max-image-preview":"max-image-preview:large","max-video-preview":"max-video-preview:-1"},"canonical":"https:\/\/www.ghostysky.com\/fr\/product\/hesai-jt128\/","og_locale":"fr_FR","og_type":"article","og_title":"Hesai JT128 - Ghostysky","og_description":"The Hesai JT128 is a mini hyper-hemispherical 3D LiDAR specifically engineered for the next generation of robotics and industrial automation. Launched at CES 2025, it is designed to solve the \"blind spot\" problem common in mobile robotics by providing an ultra-wide field of view in a remarkably compact form factor.","og_url":"https:\/\/www.ghostysky.com\/fr\/product\/hesai-jt128\/","og_site_name":"Ghostysky","article_publisher":"https:\/\/www.facebook.com\/people\/Ghostysky\/100057676170234\/","article_modified_time":"2026-04-07T14:04:09+00:00","og_image":[{"width":2160,"height":2160,"url":"https:\/\/www.ghostysky.com\/wp-content\/uploads\/2026\/01\/GH_Hesai_Jt128_1.jpg","type":"image\/jpeg"}],"twitter_card":"summary_large_image","twitter_site":"@Gh0stysky","twitter_misc":{"Dur\u00e9e de lecture estim\u00e9e":"2 minutes"},"schema":{"@context":"https:\/\/schema.org","@graph":[{"@type":"WebPage","@id":"https:\/\/www.ghostysky.com\/product\/hesai-jt128\/","url":"https:\/\/www.ghostysky.com\/product\/hesai-jt128\/","name":"Hesai JT128 - Ghostysky","isPartOf":{"@id":"https:\/\/www.ghostysky.com\/#website"},"primaryImageOfPage":{"@id":"https:\/\/www.ghostysky.com\/product\/hesai-jt128\/#primaryimage"},"image":{"@id":"https:\/\/www.ghostysky.com\/product\/hesai-jt128\/#primaryimage"},"thumbnailUrl":"https:\/\/www.ghostysky.com\/wp-content\/uploads\/2026\/01\/GH_Hesai_Jt128_1.jpg","datePublished":"2026-01-24T13:40:27+00:00","dateModified":"2026-04-07T14:04:09+00:00","description":"Le Hesai JT128 est un mini LiDAR 3D hyper-h\u00e9misph\u00e9rique con\u00e7u sp\u00e9cifiquement pour la robotique et l&#039;automatisation industrielle de nouvelle g\u00e9n\u00e9ration. Lanc\u00e9 au CES 2025, il vise \u00e0 r\u00e9soudre le probl\u00e8me des angles morts, fr\u00e9quent en robotique mobile, en offrant un champ de vision ultra-large dans un format remarquablement compact.","breadcrumb":{"@id":"https:\/\/www.ghostysky.com\/product\/hesai-jt128\/#breadcrumb"},"inLanguage":"fr-FR","potentialAction":[{"@type":"ReadAction","target":["https:\/\/www.ghostysky.com\/product\/hesai-jt128\/"]}]},{"@type":"ImageObject","inLanguage":"fr-FR","@id":"https:\/\/www.ghostysky.com\/product\/hesai-jt128\/#primaryimage","url":"https:\/\/www.ghostysky.com\/wp-content\/uploads\/2026\/01\/GH_Hesai_Jt128_1.jpg","contentUrl":"https:\/\/www.ghostysky.com\/wp-content\/uploads\/2026\/01\/GH_Hesai_Jt128_1.jpg","width":2160,"height":2160},{"@type":"BreadcrumbList","@id":"https:\/\/www.ghostysky.com\/product\/hesai-jt128\/#breadcrumb","itemListElement":[{"@type":"ListItem","position":1,"name":"Home","item":"https:\/\/www.ghostysky.com\/"},{"@type":"ListItem","position":2,"name":"Shop","item":"https:\/\/www.ghostysky.com\/shop\/"},{"@type":"ListItem","position":3,"name":"Hesai JT128"}]},{"@type":"WebSite","@id":"https:\/\/www.ghostysky.com\/#website","url":"https:\/\/www.ghostysky.com\/","name":"Ghostysky","description":"Livraison de drones et de services professionnels","publisher":{"@id":"https:\/\/www.ghostysky.com\/#organization"},"potentialAction":[{"@type":"SearchAction","target":{"@type":"EntryPoint","urlTemplate":"https:\/\/www.ghostysky.com\/?s={search_term_string}"},"query-input":{"@type":"PropertyValueSpecification","valueRequired":true,"valueName":"search_term_string"}}],"inLanguage":"fr-FR"},{"@type":"Organization","@id":"https:\/\/www.ghostysky.com\/#organization","name":"Ghostysky","url":"https:\/\/www.ghostysky.com\/","logo":{"@type":"ImageObject","inLanguage":"fr-FR","@id":"https:\/\/www.ghostysky.com\/#\/schema\/logo\/image\/","url":"https:\/\/www.ghostysky.com\/wp-content\/uploads\/2020\/06\/cropped-ghostyskylogo_text_white2.png","contentUrl":"https:\/\/www.ghostysky.com\/wp-content\/uploads\/2020\/06\/cropped-ghostyskylogo_text_white2.png","width":169,"height":56,"caption":"Ghostysky"},"image":{"@id":"https:\/\/www.ghostysky.com\/#\/schema\/logo\/image\/"},"sameAs":["https:\/\/www.facebook.com\/people\/Ghostysky\/100057676170234\/","https:\/\/x.com\/Gh0stysky","https:\/\/www.linkedin.com\/company\/34739653","https:\/\/www.instagram.com\/gh0stysky"]}]}},"_links":{"self":[{"href":"https:\/\/www.ghostysky.com\/fr\/wp-json\/wp\/v2\/product\/23765","targetHints":{"allow":["GET"]}}],"collection":[{"href":"https:\/\/www.ghostysky.com\/fr\/wp-json\/wp\/v2\/product"}],"about":[{"href":"https:\/\/www.ghostysky.com\/fr\/wp-json\/wp\/v2\/types\/product"}],"replies":[{"embeddable":true,"href":"https:\/\/www.ghostysky.com\/fr\/wp-json\/wp\/v2\/comments?post=23765"}],"wp:featuredmedia":[{"embeddable":true,"href":"https:\/\/www.ghostysky.com\/fr\/wp-json\/wp\/v2\/media\/23769"}],"wp:attachment":[{"href":"https:\/\/www.ghostysky.com\/fr\/wp-json\/wp\/v2\/media?parent=23765"}],"wp:term":[{"taxonomy":"product_brand","embeddable":true,"href":"https:\/\/www.ghostysky.com\/fr\/wp-json\/wp\/v2\/product_brand?post=23765"},{"taxonomy":"product_cat","embeddable":true,"href":"https:\/\/www.ghostysky.com\/fr\/wp-json\/wp\/v2\/product_cat?post=23765"},{"taxonomy":"product_tag","embeddable":true,"href":"https:\/\/www.ghostysky.com\/fr\/wp-json\/wp\/v2\/product_tag?post=23765"}],"curies":[{"name":"wp","href":"https:\/\/api.w.org\/{rel}","templated":true}]}}