{"id":23770,"date":"2026-01-24T13:55:51","date_gmt":"2026-01-24T13:55:51","guid":{"rendered":"https:\/\/www.ghostysky.com\/?post_type=product&#038;p=23770"},"modified":"2026-04-07T14:11:25","modified_gmt":"2026-04-07T14:11:25","slug":"hesai-ot128","status":"publish","type":"product","link":"https:\/\/www.ghostysky.com\/fr\/product\/hesai-ot128\/","title":{"rendered":"Hesai OT128"},"content":{"rendered":"<h3 data-path-to-node=\"1\"><b data-path-to-node=\"1\" data-index-in-node=\"0\">Sp\u00e9cifications de base<\/b><\/h3>\n<table data-path-to-node=\"2\">\n<thead>\n<tr>\n<td><strong>Fonctionnalit\u00e9<\/strong><\/td>\n<td><strong>Sp\u00e9cification<\/strong><\/td>\n<\/tr>\n<\/thead>\n<tbody>\n<tr>\n<td><span data-path-to-node=\"2,1,0,0\"><b data-path-to-node=\"2,1,0,0\" data-index-in-node=\"0\">Cha\u00eenes<\/b><\/span><\/td>\n<td><span data-path-to-node=\"2,1,1,0\">128<\/span><\/td>\n<\/tr>\n<tr>\n<td><span data-path-to-node=\"2,2,0,0\"><b data-path-to-node=\"2,2,0,0\" data-index-in-node=\"0\">Plage de d\u00e9tection<\/b><\/span><\/td>\n<td><span data-path-to-node=\"2,2,1,0\">200 m (r\u00e9flectivit\u00e9 \u00e0 10%) ; 230 m max.<\/span><\/td>\n<\/tr>\n<tr>\n<td><span data-path-to-node=\"2,3,0,0\"><b data-path-to-node=\"2,3,0,0\" data-index-in-node=\"0\">Champ de vision (FOV)<\/b><\/span><\/td>\n<td><span data-path-to-node=\"2,3,1,0\">360\u00b0 (Horizontal) x 40\u00b0 (Vertical)<\/span><\/td>\n<\/tr>\n<tr>\n<td><span data-path-to-node=\"2,4,0,0\"><b data-path-to-node=\"2,4,0,0\" data-index-in-node=\"0\">R\u00e9solution angulaire<\/b><\/span><\/td>\n<td><span data-path-to-node=\"2,4,1,0\">Jusqu&#039;\u00e0 <span class=\"math-inline\" data-math=\"0.1^\\circ\" data-index-in-node=\"6\">0,1\u00ba<\/span> (H) x <span class=\"math-inline\" data-math=\"0.125^\\circ\" data-index-in-node=\"22\">0,125\u00ba<\/span> (V)<\/span><\/td>\n<\/tr>\n<tr>\n<td><span data-path-to-node=\"2,5,0,0\"><b data-path-to-node=\"2,5,0,0\" data-index-in-node=\"0\">Taux de points<\/b><\/span><\/td>\n<td><span data-path-to-node=\"2,5,1,0\">Jusqu&#039;\u00e0 6,91 millions de points\/s (double retour)<\/span><\/td>\n<\/tr>\n<tr>\n<td><span data-path-to-node=\"2,6,0,0\"><b data-path-to-node=\"2,6,0,0\" data-index-in-node=\"0\">Fr\u00e9quence d&#039;images<\/b><\/span><\/td>\n<td><span data-path-to-node=\"2,6,1,0\">10 Hz ou 20 Hz (configurable)<\/span><\/td>\n<\/tr>\n<tr>\n<td><span data-path-to-node=\"2,7,0,0\"><b data-path-to-node=\"2,7,0,0\" data-index-in-node=\"0\">Consommation d&#039;\u00e9nergie<\/b><\/span><\/td>\n<td><span data-path-to-node=\"2,7,1,0\">29 W<\/span><\/td>\n<\/tr>\n<tr>\n<td><span data-path-to-node=\"2,8,0,0\"><b data-path-to-node=\"2,8,0,0\" data-index-in-node=\"0\">Protection contre les intrusions<\/b><\/span><\/td>\n<td><span data-path-to-node=\"2,8,1,0\">IP6K7 et IP6K9K<\/span><\/td>\n<\/tr>\n<\/tbody>\n<\/table>\n<p>&nbsp;<\/p>\n<h3><b data-path-to-node=\"4\" data-index-in-node=\"0\">Points forts du produit<\/b><\/h3>\n<ul data-path-to-node=\"5\">\n<li>\n<p data-path-to-node=\"5,0,0\"><b data-path-to-node=\"5,0,0\" data-index-in-node=\"0\">R\u00e9solution \u00ab semblable \u00e0 une image \u00bb :<\/b> Avec une r\u00e9solution aussi fine que <span class=\"math-inline\" data-math=\"0.1^\\circ \\times 0.125^\\circ\" data-index-in-node=\"54\">$0,1^\\circ \\times 0,125^\\circ$<\/span>, l&#039;OT128 produit un nuage de points dense et haute d\u00e9finition. <span class=\"citation-156 citation-end-156\">Cela permet aux syst\u00e8mes autonomes de reconna\u00eetre avec une extr\u00eame clart\u00e9 de petits objets, tels que des c\u00f4nes de signalisation ou des pi\u00e9tons \u00e9loign\u00e9s, m\u00eame \u00e0 une distance de 200 m.<\/span><\/p>\n<\/li>\n<li>\n<p data-path-to-node=\"5,1,0\"><b data-path-to-node=\"5,1,0\" data-index-in-node=\"0\">Conception int\u00e9gr\u00e9e pour l&#039;\u00e9volutivit\u00e9\u00a0:<\/b><span class=\"citation-155 citation-end-155\"> En r\u00e9duisant le nombre de composants internes de 66% par rapport aux g\u00e9n\u00e9rations pr\u00e9c\u00e9dentes, Hesai a rendu l&#039;OT128 beaucoup plus facile \u00e0 produire en masse.<\/span> <span class=\"citation-154 citation-end-154\">Il partage 95% de ses modules \u00e9metteurs-r\u00e9cepteurs de base avec l&#039;AT128, tirant parti d&#039;une plateforme \u00e9prouv\u00e9e de qualit\u00e9 automobile.<\/span><\/p>\n<\/li>\n<li>\n<p data-path-to-node=\"5,2,0\"><b data-path-to-node=\"5,2,0\" data-index-in-node=\"0\"><span class=\"citation-153\">Perception par tous les temps (IPE) :<\/span><\/b><span class=\"citation-153\"> Le capteur comporte un <\/span><b data-path-to-node=\"5,2,0\" data-index-in-node=\"53\"><span class=\"citation-153\">Moteur intelligent de nuages de points (IPE)<\/span><\/b><span class=\"citation-153 citation-end-153\">.<\/span> <span class=\"citation-152 citation-end-152\">Cette technologie d\u00e9tecte et signale en temps r\u00e9el les \u00ab bruits \u00bb environnementaux tels que la pluie, le brouillard, les gaz d&#039;\u00e9chappement et les \u00e9claboussures d&#039;eau, permettant ainsi au logiciel de les filtrer et de maintenir la visibilit\u00e9 dans des conditions difficiles.<\/span><\/p>\n<\/li>\n<li>\n<p data-path-to-node=\"5,3,0\"><b data-path-to-node=\"5,3,0\" data-index-in-node=\"0\">Couverture \u00e0 360\u00b0 sans couture :<\/b><span class=\"citation-151 citation-end-151\"> Contrairement aux capteurs \u00e0 semi-conducteurs qui n\u00e9cessitent l&#039;assemblage de plusieurs unit\u00e9s (ce qui engendre des probl\u00e8mes d&#039;\u00e9talonnage), un seul OT128 offre une vue \u00e0 360\u00b0 sans interruption, simplifiant ainsi la configuration mat\u00e9rielle et les algorithmes de perception.<\/span><\/p>\n<\/li>\n<li>\n<p data-path-to-node=\"5,4,0\"><b data-path-to-node=\"5,4,0\" data-index-in-node=\"0\">Fiabilit\u00e9 et s\u00e9curit\u00e9 :<\/b><span class=\"citation-150\"> Il est con\u00e7u pour une dur\u00e9e de vie de plus de 30\u00a0000 heures et r\u00e9pond aux normes. <\/span><b data-path-to-node=\"5,4,0\" data-index-in-node=\"87\"><span class=\"citation-150\">ISO 26262 ASIL B<\/span><\/b><span class=\"citation-150\"> s\u00e9curit\u00e9 fonctionnelle et <\/span><b data-path-to-node=\"5,4,0\" data-index-in-node=\"126\"><span class=\"citation-150\">ISO 21434<\/span><\/b><span class=\"citation-150 citation-end-150\"> normes de cybers\u00e9curit\u00e9.<\/span><\/p>\n<p>&nbsp;<\/li>\n<\/ul>\n<h3><b data-path-to-node=\"7\" data-index-in-node=\"0\">Applications principales<\/b><\/h3>\n<ul data-path-to-node=\"8\">\n<li>\n<p data-path-to-node=\"8,0,0\"><b data-path-to-node=\"8,0,0\" data-index-in-node=\"0\"><span class=\"citation-149\">V\u00e9hicules autonomes de niveau 4\u00a0:<\/span><\/b><span class=\"citation-149 citation-end-149\"> Robotaxis, Robobus et camions autonomes.<\/span><\/p>\n<\/li>\n<li>\n<p data-path-to-node=\"8,1,0\"><b data-path-to-node=\"8,1,0\" data-index-in-node=\"0\"><span class=\"citation-148\">Automatisation industrielle :<\/span><\/b><span class=\"citation-148 citation-end-148\"> Automatisation portuaire (AGV), camions de terminal et logistique d&#039;entrep\u00f4t \u00e0 grande \u00e9chelle.<\/span><\/p>\n<\/li>\n<li>\n<p data-path-to-node=\"8,2,0\"><b data-path-to-node=\"8,2,0\" data-index-in-node=\"0\"><span class=\"citation-147\">Infrastructure intelligente :<\/span><\/b><span class=\"citation-147 citation-end-147\"> Communication V2X (v\u00e9hicule-\u00e0-tout) et surveillance du trafic en ville intelligente.<\/span><\/p>\n<\/li>\n<\/ul>","protected":false},"excerpt":{"rendered":"<p><span class=\"citation-158\">Le <\/span><b data-path-to-node=\"0\" data-index-in-node=\"4\"><span class=\"citation-158\">Hesai OT128<\/span><\/b><span class=\"citation-158 citation-end-158\"> est un LiDAR m\u00e9canique de qualit\u00e9 automobile \u00e0 128 canaux con\u00e7u pour \u00eatre le capteur 360\u00b0 \u00ab phare \u00bb pour la conduite autonome L4 et la robotique industrielle haut de gamme.<\/span> <span class=\"citation-157 citation-end-157\">Il comble le foss\u00e9 entre les capteurs de recherche haute performance et la production de masse rentable en utilisant une architecture d&#039;\u00e9metteur-r\u00e9cepteur sur puce partag\u00e9e avec le populaire AT128.<\/span><\/p>","protected":false},"featured_media":23772,"comment_status":"open","ping_status":"closed","template":"","meta":[],"product_brand":[1338],"product_cat":[1337,1037,1040],"product_tag":[1339,1340],"class_list":{"0":"post-23770","1":"product","2":"type-product","3":"status-publish","4":"has-post-thumbnail","6":"product_brand-hesai","7":"product_cat-hesai-lidars","8":"product_cat-robotics","9":"product_cat-sensors-robotics","10":"product_tag-hesai","11":"product_tag-hesai-lidars","13":"first","14":"onbackorder","15":"taxable","16":"shipping-taxable","17":"product-type-simple"},"yoast_head":"<!-- This site is optimized with the Yoast SEO plugin v27.1.1 - https:\/\/yoast.com\/product\/yoast-seo-wordpress\/ -->\n<title>Hesai OT128 - Ghostysky<\/title>\n<meta name=\"description\" content=\"The Hesai OT128 is an automotive-grade, 128-channel mechanical LiDAR designed to be the &quot;flagship&quot; 360\u00b0 sensor for L4 autonomous driving and high-end industrial robotics. It bridges the gap between high-performance research sensors and cost-effective mass production by utilizing a chip-based transceiver architecture shared with the popular AT128.\" \/>\n<meta name=\"robots\" content=\"index, follow, max-snippet:-1, max-image-preview:large, max-video-preview:-1\" \/>\n<link rel=\"canonical\" href=\"https:\/\/www.ghostysky.com\/fr\/product\/hesai-ot128\/\" \/>\n<meta property=\"og:locale\" content=\"fr_FR\" \/>\n<meta property=\"og:type\" content=\"article\" \/>\n<meta property=\"og:title\" content=\"Hesai OT128 - Ghostysky\" \/>\n<meta property=\"og:description\" content=\"The Hesai OT128 is an automotive-grade, 128-channel mechanical LiDAR designed to be the &quot;flagship&quot; 360\u00b0 sensor for L4 autonomous driving and high-end industrial robotics. It bridges the gap between high-performance research sensors and cost-effective mass production by utilizing a chip-based transceiver architecture shared with the popular AT128.\" \/>\n<meta property=\"og:url\" content=\"https:\/\/www.ghostysky.com\/fr\/product\/hesai-ot128\/\" \/>\n<meta property=\"og:site_name\" content=\"Ghostysky\" \/>\n<meta property=\"article:publisher\" content=\"https:\/\/www.facebook.com\/people\/Ghostysky\/100057676170234\/\" \/>\n<meta property=\"article:modified_time\" content=\"2026-04-07T14:11:25+00:00\" \/>\n<meta property=\"og:image\" content=\"https:\/\/www.ghostysky.com\/wp-content\/uploads\/2026\/01\/GH_Hesai_OT128_1.jpg\" \/>\n\t<meta property=\"og:image:width\" content=\"225\" \/>\n\t<meta property=\"og:image:height\" content=\"225\" \/>\n\t<meta property=\"og:image:type\" content=\"image\/jpeg\" \/>\n<meta name=\"twitter:card\" content=\"summary_large_image\" \/>\n<meta name=\"twitter:site\" content=\"@Gh0stysky\" \/>\n<meta name=\"twitter:label1\" content=\"Dur\u00e9e de lecture estim\u00e9e\" \/>\n\t<meta name=\"twitter:data1\" content=\"2 minutes\" \/>\n<script type=\"application\/ld+json\" class=\"yoast-schema-graph\">{\"@context\":\"https:\/\/schema.org\",\"@graph\":[{\"@type\":\"WebPage\",\"@id\":\"https:\/\/www.ghostysky.com\/product\/hesai-ot128\/\",\"url\":\"https:\/\/www.ghostysky.com\/product\/hesai-ot128\/\",\"name\":\"Hesai OT128 - Ghostysky\",\"isPartOf\":{\"@id\":\"https:\/\/www.ghostysky.com\/#website\"},\"primaryImageOfPage\":{\"@id\":\"https:\/\/www.ghostysky.com\/product\/hesai-ot128\/#primaryimage\"},\"image\":{\"@id\":\"https:\/\/www.ghostysky.com\/product\/hesai-ot128\/#primaryimage\"},\"thumbnailUrl\":\"https:\/\/www.ghostysky.com\/wp-content\/uploads\/2026\/01\/GH_Hesai_OT128_1.jpg\",\"datePublished\":\"2026-01-24T13:55:51+00:00\",\"dateModified\":\"2026-04-07T14:11:25+00:00\",\"description\":\"The Hesai OT128 is an automotive-grade, 128-channel mechanical LiDAR designed to be the \\\"flagship\\\" 360\u00b0 sensor for L4 autonomous driving and high-end industrial robotics. It bridges the gap between high-performance research sensors and cost-effective mass production by utilizing a chip-based transceiver architecture shared with the popular AT128.\",\"breadcrumb\":{\"@id\":\"https:\/\/www.ghostysky.com\/product\/hesai-ot128\/#breadcrumb\"},\"inLanguage\":\"fr-FR\",\"potentialAction\":[{\"@type\":\"ReadAction\",\"target\":[\"https:\/\/www.ghostysky.com\/product\/hesai-ot128\/\"]}]},{\"@type\":\"ImageObject\",\"inLanguage\":\"fr-FR\",\"@id\":\"https:\/\/www.ghostysky.com\/product\/hesai-ot128\/#primaryimage\",\"url\":\"https:\/\/www.ghostysky.com\/wp-content\/uploads\/2026\/01\/GH_Hesai_OT128_1.jpg\",\"contentUrl\":\"https:\/\/www.ghostysky.com\/wp-content\/uploads\/2026\/01\/GH_Hesai_OT128_1.jpg\",\"width\":225,\"height\":225},{\"@type\":\"BreadcrumbList\",\"@id\":\"https:\/\/www.ghostysky.com\/product\/hesai-ot128\/#breadcrumb\",\"itemListElement\":[{\"@type\":\"ListItem\",\"position\":1,\"name\":\"Home\",\"item\":\"https:\/\/www.ghostysky.com\/\"},{\"@type\":\"ListItem\",\"position\":2,\"name\":\"Shop\",\"item\":\"https:\/\/www.ghostysky.com\/shop\/\"},{\"@type\":\"ListItem\",\"position\":3,\"name\":\"Hesai OT128\"}]},{\"@type\":\"WebSite\",\"@id\":\"https:\/\/www.ghostysky.com\/#website\",\"url\":\"https:\/\/www.ghostysky.com\/\",\"name\":\"Ghostysky\",\"description\":\"Delivering professional drones and services\",\"publisher\":{\"@id\":\"https:\/\/www.ghostysky.com\/#organization\"},\"potentialAction\":[{\"@type\":\"SearchAction\",\"target\":{\"@type\":\"EntryPoint\",\"urlTemplate\":\"https:\/\/www.ghostysky.com\/?s={search_term_string}\"},\"query-input\":{\"@type\":\"PropertyValueSpecification\",\"valueRequired\":true,\"valueName\":\"search_term_string\"}}],\"inLanguage\":\"fr-FR\"},{\"@type\":\"Organization\",\"@id\":\"https:\/\/www.ghostysky.com\/#organization\",\"name\":\"Ghostysky\",\"url\":\"https:\/\/www.ghostysky.com\/\",\"logo\":{\"@type\":\"ImageObject\",\"inLanguage\":\"fr-FR\",\"@id\":\"https:\/\/www.ghostysky.com\/#\/schema\/logo\/image\/\",\"url\":\"https:\/\/www.ghostysky.com\/wp-content\/uploads\/2020\/06\/cropped-ghostyskylogo_text_white2.png\",\"contentUrl\":\"https:\/\/www.ghostysky.com\/wp-content\/uploads\/2020\/06\/cropped-ghostyskylogo_text_white2.png\",\"width\":169,\"height\":56,\"caption\":\"Ghostysky\"},\"image\":{\"@id\":\"https:\/\/www.ghostysky.com\/#\/schema\/logo\/image\/\"},\"sameAs\":[\"https:\/\/www.facebook.com\/people\/Ghostysky\/100057676170234\/\",\"https:\/\/x.com\/Gh0stysky\",\"https:\/\/www.linkedin.com\/company\/34739653\",\"https:\/\/www.instagram.com\/gh0stysky\"]}]}<\/script>\n<!-- \/ Yoast SEO plugin. -->","yoast_head_json":{"title":"Hesai OT128 - Ghostysky","description":"Le Hesai OT128 est un LiDAR m\u00e9canique 128 canaux de qualit\u00e9 automobile, con\u00e7u pour \u00eatre le capteur 360\u00b0 de r\u00e9f\u00e9rence pour la conduite autonome de niveau 4 et la robotique industrielle haut de gamme. Il comble le foss\u00e9 entre les capteurs de recherche haute performance et la production de masse \u00e9conomique gr\u00e2ce \u00e0 une architecture d&#039;\u00e9metteur-r\u00e9cepteur sur puce partag\u00e9e avec le populaire AT128.","robots":{"index":"index","follow":"follow","max-snippet":"max-snippet:-1","max-image-preview":"max-image-preview:large","max-video-preview":"max-video-preview:-1"},"canonical":"https:\/\/www.ghostysky.com\/fr\/product\/hesai-ot128\/","og_locale":"fr_FR","og_type":"article","og_title":"Hesai OT128 - Ghostysky","og_description":"The Hesai OT128 is an automotive-grade, 128-channel mechanical LiDAR designed to be the \"flagship\" 360\u00b0 sensor for L4 autonomous driving and high-end industrial robotics. It bridges the gap between high-performance research sensors and cost-effective mass production by utilizing a chip-based transceiver architecture shared with the popular AT128.","og_url":"https:\/\/www.ghostysky.com\/fr\/product\/hesai-ot128\/","og_site_name":"Ghostysky","article_publisher":"https:\/\/www.facebook.com\/people\/Ghostysky\/100057676170234\/","article_modified_time":"2026-04-07T14:11:25+00:00","og_image":[{"width":225,"height":225,"url":"https:\/\/www.ghostysky.com\/wp-content\/uploads\/2026\/01\/GH_Hesai_OT128_1.jpg","type":"image\/jpeg"}],"twitter_card":"summary_large_image","twitter_site":"@Gh0stysky","twitter_misc":{"Dur\u00e9e de lecture estim\u00e9e":"2 minutes"},"schema":{"@context":"https:\/\/schema.org","@graph":[{"@type":"WebPage","@id":"https:\/\/www.ghostysky.com\/product\/hesai-ot128\/","url":"https:\/\/www.ghostysky.com\/product\/hesai-ot128\/","name":"Hesai OT128 - Ghostysky","isPartOf":{"@id":"https:\/\/www.ghostysky.com\/#website"},"primaryImageOfPage":{"@id":"https:\/\/www.ghostysky.com\/product\/hesai-ot128\/#primaryimage"},"image":{"@id":"https:\/\/www.ghostysky.com\/product\/hesai-ot128\/#primaryimage"},"thumbnailUrl":"https:\/\/www.ghostysky.com\/wp-content\/uploads\/2026\/01\/GH_Hesai_OT128_1.jpg","datePublished":"2026-01-24T13:55:51+00:00","dateModified":"2026-04-07T14:11:25+00:00","description":"Le Hesai OT128 est un LiDAR m\u00e9canique 128 canaux de qualit\u00e9 automobile, con\u00e7u pour \u00eatre le capteur 360\u00b0 de r\u00e9f\u00e9rence pour la conduite autonome de niveau 4 et la robotique industrielle haut de gamme. Il comble le foss\u00e9 entre les capteurs de recherche haute performance et la production de masse \u00e9conomique gr\u00e2ce \u00e0 une architecture d&#039;\u00e9metteur-r\u00e9cepteur sur puce partag\u00e9e avec le populaire AT128.","breadcrumb":{"@id":"https:\/\/www.ghostysky.com\/product\/hesai-ot128\/#breadcrumb"},"inLanguage":"fr-FR","potentialAction":[{"@type":"ReadAction","target":["https:\/\/www.ghostysky.com\/product\/hesai-ot128\/"]}]},{"@type":"ImageObject","inLanguage":"fr-FR","@id":"https:\/\/www.ghostysky.com\/product\/hesai-ot128\/#primaryimage","url":"https:\/\/www.ghostysky.com\/wp-content\/uploads\/2026\/01\/GH_Hesai_OT128_1.jpg","contentUrl":"https:\/\/www.ghostysky.com\/wp-content\/uploads\/2026\/01\/GH_Hesai_OT128_1.jpg","width":225,"height":225},{"@type":"BreadcrumbList","@id":"https:\/\/www.ghostysky.com\/product\/hesai-ot128\/#breadcrumb","itemListElement":[{"@type":"ListItem","position":1,"name":"Home","item":"https:\/\/www.ghostysky.com\/"},{"@type":"ListItem","position":2,"name":"Shop","item":"https:\/\/www.ghostysky.com\/shop\/"},{"@type":"ListItem","position":3,"name":"Hesai OT128"}]},{"@type":"WebSite","@id":"https:\/\/www.ghostysky.com\/#website","url":"https:\/\/www.ghostysky.com\/","name":"Ghostysky","description":"Livraison de drones et de services professionnels","publisher":{"@id":"https:\/\/www.ghostysky.com\/#organization"},"potentialAction":[{"@type":"SearchAction","target":{"@type":"EntryPoint","urlTemplate":"https:\/\/www.ghostysky.com\/?s={search_term_string}"},"query-input":{"@type":"PropertyValueSpecification","valueRequired":true,"valueName":"search_term_string"}}],"inLanguage":"fr-FR"},{"@type":"Organization","@id":"https:\/\/www.ghostysky.com\/#organization","name":"Ghostysky","url":"https:\/\/www.ghostysky.com\/","logo":{"@type":"ImageObject","inLanguage":"fr-FR","@id":"https:\/\/www.ghostysky.com\/#\/schema\/logo\/image\/","url":"https:\/\/www.ghostysky.com\/wp-content\/uploads\/2020\/06\/cropped-ghostyskylogo_text_white2.png","contentUrl":"https:\/\/www.ghostysky.com\/wp-content\/uploads\/2020\/06\/cropped-ghostyskylogo_text_white2.png","width":169,"height":56,"caption":"Ghostysky"},"image":{"@id":"https:\/\/www.ghostysky.com\/#\/schema\/logo\/image\/"},"sameAs":["https:\/\/www.facebook.com\/people\/Ghostysky\/100057676170234\/","https:\/\/x.com\/Gh0stysky","https:\/\/www.linkedin.com\/company\/34739653","https:\/\/www.instagram.com\/gh0stysky"]}]}},"_links":{"self":[{"href":"https:\/\/www.ghostysky.com\/fr\/wp-json\/wp\/v2\/product\/23770","targetHints":{"allow":["GET"]}}],"collection":[{"href":"https:\/\/www.ghostysky.com\/fr\/wp-json\/wp\/v2\/product"}],"about":[{"href":"https:\/\/www.ghostysky.com\/fr\/wp-json\/wp\/v2\/types\/product"}],"replies":[{"embeddable":true,"href":"https:\/\/www.ghostysky.com\/fr\/wp-json\/wp\/v2\/comments?post=23770"}],"wp:featuredmedia":[{"embeddable":true,"href":"https:\/\/www.ghostysky.com\/fr\/wp-json\/wp\/v2\/media\/23772"}],"wp:attachment":[{"href":"https:\/\/www.ghostysky.com\/fr\/wp-json\/wp\/v2\/media?parent=23770"}],"wp:term":[{"taxonomy":"product_brand","embeddable":true,"href":"https:\/\/www.ghostysky.com\/fr\/wp-json\/wp\/v2\/product_brand?post=23770"},{"taxonomy":"product_cat","embeddable":true,"href":"https:\/\/www.ghostysky.com\/fr\/wp-json\/wp\/v2\/product_cat?post=23770"},{"taxonomy":"product_tag","embeddable":true,"href":"https:\/\/www.ghostysky.com\/fr\/wp-json\/wp\/v2\/product_tag?post=23770"}],"curies":[{"name":"wp","href":"https:\/\/api.w.org\/{rel}","templated":true}]}}