{"id":23774,"date":"2026-01-24T14:10:29","date_gmt":"2026-01-24T14:10:29","guid":{"rendered":"https:\/\/www.ghostysky.com\/?post_type=product&#038;p=23774"},"modified":"2026-04-07T14:11:19","modified_gmt":"2026-04-07T14:11:19","slug":"hesai-pandar128","status":"publish","type":"product","link":"https:\/\/www.ghostysky.com\/fr\/product\/hesai-pandar128\/","title":{"rendered":"Hesai Pandar128"},"content":{"rendered":"<h3 data-path-to-node=\"3\">Caract\u00e9ristiques principales<\/h3>\n<ul data-path-to-node=\"4\">\n<li>\n<p data-path-to-node=\"4,0,0\"><b data-path-to-node=\"4,0,0\" data-index-in-node=\"0\"><span class=\"citation-227\">R\u00e9solution comparable \u00e0 une image\u00a0:<\/span><\/b><span class=\"citation-227\"> Avec 128 canaux laser et une r\u00e9solution verticale aussi fine que <\/span><b data-path-to-node=\"4,0,0\" data-index-in-node=\"84\"><span class=\"citation-227\">0,125\u00b0<\/span><\/b><span class=\"citation-227 citation-end-227\">Il cr\u00e9e un nuage de points dense capable de distinguer clairement, \u00e0 longue distance, les pi\u00e9tons, les cyclistes et les petits d\u00e9bris de la chauss\u00e9e.<\/span><\/p>\n<\/li>\n<li>\n<p data-path-to-node=\"4,1,0\"><b data-path-to-node=\"4,1,0\" data-index-in-node=\"0\">Capacit\u00e9 \u00e0 longue port\u00e9e :<\/b><span class=\"citation-226\"> Il peut d\u00e9tecter des objets \u00e0 faible r\u00e9flectivit\u00e9 (10%) \u00e0 des distances allant jusqu&#039;\u00e0 <\/span><b data-path-to-node=\"4,1,0\" data-index-in-node=\"92\"><span class=\"citation-226\">200 m\u00e8tres<\/span><\/b><span class=\"citation-226 citation-end-226\">, offrant aux v\u00e9hicules le temps de r\u00e9action n\u00e9cessaire \u00e0 la conduite \u00e0 grande vitesse sur autoroute.<\/span><\/p>\n<\/li>\n<li>\n<p data-path-to-node=\"4,2,0\"><b data-path-to-node=\"4,2,0\" data-index-in-node=\"0\"><span class=\"citation-225\">Rejet des interf\u00e9rences :<\/span><\/b><span class=\"citation-225 citation-end-225\"> Hesai utilise une technologie exclusive d&#039;\u00ab empreinte digitale \u00bb pour chaque impulsion, garantissant ainsi que le capteur n&#039;est pas \u00ab aveugl\u00e9 \u00bb ou perturb\u00e9 par d&#039;autres unit\u00e9s LiDAR dans un trafic dense ou par une forte lumi\u00e8re ambiante.<\/span><\/p>\n<\/li>\n<li>\n<p data-path-to-node=\"4,3,0\"><b data-path-to-node=\"4,3,0\" data-index-in-node=\"0\">Cybers\u00e9curit\u00e9 et s\u00e9curit\u00e9 :<\/b><span class=\"citation-224\"> C&#039;\u00e9tait le premier LiDAR \u00e0 obtenir <\/span><b data-path-to-node=\"4,3,0\" data-index-in-node=\"57\"><span class=\"citation-224\">ISO\/SAE 21434<\/span><\/b><span class=\"citation-224 citation-end-224\"> Certification en cybers\u00e9curit\u00e9, avec transmission de donn\u00e9es crypt\u00e9es pour emp\u00eacher toute falsification ou usurpation d&#039;identit\u00e9.<\/span><\/p>\n<\/li>\n<li>\n<p data-path-to-node=\"4,4,0\"><b data-path-to-node=\"4,4,0\" data-index-in-node=\"0\"><span class=\"citation-223\">Conception robuste :<\/span><\/b><span class=\"citation-223\"> Con\u00e7u pour la production de masse, il est class\u00e9 <\/span><b data-path-to-node=\"4,4,0\" data-index-in-node=\"54\"><span class=\"citation-223\">IP6K7 et IP6K9K<\/span><\/b><span class=\"citation-223 citation-end-223\">, ce qui le rend r\u00e9sistant aux jets d&#039;eau \u00e0 haute pression, \u00e0 la poussi\u00e8re et aux temp\u00e9ratures extr\u00eames (<\/span><span class=\"math-inline\" data-math=\"-40^\\circ C\" data-index-in-node=\"153\">-40 \u00b0C<\/span><span class=\"citation-222 citation-end-222\"> \u00e0 <\/span><span class=\"math-inline\" data-math=\"85^\\circ C\" data-index-in-node=\"168\">85\u00ba C<\/span><span class=\"citation-221 citation-end-221\">).<\/span><\/p>\n<p>&nbsp;<\/li>\n<\/ul>\n<h3 data-path-to-node=\"6\">Sp\u00e9cifications techniques<\/h3>\n<table data-path-to-node=\"7\">\n<thead>\n<tr>\n<td><strong>Param\u00e8tre<\/strong><\/td>\n<td><strong>Sp\u00e9cification<\/strong><\/td>\n<\/tr>\n<\/thead>\n<tbody>\n<tr>\n<td><span data-path-to-node=\"7,1,0,0\"><b data-path-to-node=\"7,1,0,0\" data-index-in-node=\"0\">Cha\u00eenes<\/b><\/span><\/td>\n<td><span data-path-to-node=\"7,1,1,0\">128<\/span><\/td>\n<\/tr>\n<tr>\n<td><span data-path-to-node=\"7,2,0,0\"><b data-path-to-node=\"7,2,0,0\" data-index-in-node=\"0\">Plage de d\u00e9tection<\/b><\/span><\/td>\n<td><span data-path-to-node=\"7,2,1,0\">0,3 m \u00e0 200 m (\u00e0 une r\u00e9flectivit\u00e9 de 10%)<\/span><\/td>\n<\/tr>\n<tr>\n<td><span data-path-to-node=\"7,3,0,0\"><b data-path-to-node=\"7,3,0,0\" data-index-in-node=\"0\">Pr\u00e9cision de la port\u00e9e<\/b><\/span><\/td>\n<td><span data-path-to-node=\"7,3,1,0\"><span class=\"math-inline\" data-math=\"\\pm 2\" data-index-in-node=\"0\">+-2<\/span>\u00a0cm (typique)<\/span><\/td>\n<\/tr>\n<tr>\n<td><span data-path-to-node=\"7,4,0,0\"><b data-path-to-node=\"7,4,0,0\" data-index-in-node=\"0\">Champ de vision (horizontal)<\/b><\/span><\/td>\n<td><span data-path-to-node=\"7,4,1,0\"><span class=\"math-inline\" data-math=\"360^\\circ\" data-index-in-node=\"0\">360\u00ba<\/span><\/span><\/td>\n<\/tr>\n<tr>\n<td><span data-path-to-node=\"7,5,0,0\"><b data-path-to-node=\"7,5,0,0\" data-index-in-node=\"0\">Champ de vision (vertical)<\/b><\/span><\/td>\n<td><span data-path-to-node=\"7,5,1,0\"><span class=\"math-inline\" data-math=\"40^\\circ\" data-index-in-node=\"0\">40\u00ba<\/span> (<span class=\"math-inline\" data-math=\"-25^\\circ\" data-index-in-node=\"10\">-25\u00ba<\/span> \u00e0 <span class=\"math-inline\" data-math=\"+15^\\circ\" data-index-in-node=\"23\">+15\u00ba<\/span>)<\/span><\/td>\n<\/tr>\n<tr>\n<td><span data-path-to-node=\"7,6,0,0\"><b data-path-to-node=\"7,6,0,0\" data-index-in-node=\"0\">R\u00e9solution angulaire (H)<\/b><\/span><\/td>\n<td><span data-path-to-node=\"7,6,1,0\"><span class=\"math-inline\" data-math=\"0.1^\\circ\" data-index-in-node=\"0\">0,1\u00ba<\/span> (\u00e0 10 Hz) \/ <span class=\"math-inline\" data-math=\"0.2^\\circ\" data-index-in-node=\"23\">0,2\u00ba<\/span> (\u00e0 20 Hz)<\/span><\/td>\n<\/tr>\n<tr>\n<td><span data-path-to-node=\"7,7,0,0\"><b data-path-to-node=\"7,7,0,0\" data-index-in-node=\"0\">R\u00e9solution angulaire (V)<\/b><\/span><\/td>\n<td><span data-path-to-node=\"7,7,1,0\"><span class=\"math-inline\" data-math=\"0.125^\\circ\" data-index-in-node=\"0\">0,125\u00ba<\/span> (centre) \u00e0 <span class=\"math-inline\" data-math=\"1^\\circ\" data-index-in-node=\"24\">1\u00ba<\/span> (p\u00e9riph\u00e9rie)<\/span><\/td>\n<\/tr>\n<tr>\n<td><span data-path-to-node=\"7,8,0,0\"><b data-path-to-node=\"7,8,0,0\" data-index-in-node=\"0\">Taux de points<\/b><\/span><\/td>\n<td><span data-path-to-node=\"7,8,1,0\">3,45 millions de points\/seconde (simple) \/ 6,91 millions de points\/seconde (double)<\/span><\/td>\n<\/tr>\n<tr>\n<td><span data-path-to-node=\"7,9,0,0\"><b data-path-to-node=\"7,9,0,0\" data-index-in-node=\"0\">Consommation d&#039;\u00e9nergie<\/b><\/span><\/td>\n<td><span data-path-to-node=\"7,9,1,0\">27 W (mode haute r\u00e9solution)<\/span><\/td>\n<\/tr>\n<tr>\n<td><span data-path-to-node=\"7,10,0,0\"><b data-path-to-node=\"7,10,0,0\" data-index-in-node=\"0\">Poids<\/b><\/span><\/td>\n<td><span data-path-to-node=\"7,10,1,0\">~1,63 kg<\/span><\/td>\n<\/tr>\n<\/tbody>\n<\/table>\n<p>&nbsp;<\/p>\n<h3 data-path-to-node=\"9\">Applications principales<\/h3>\n<ol start=\"1\" data-path-to-node=\"10\">\n<li>\n<p data-path-to-node=\"10,0,0\"><b data-path-to-node=\"10,0,0\" data-index-in-node=\"0\">Robotaxis et navettes autonomes\u00a0:<\/b> Fournit la cartographie environnementale haute densit\u00e9 requise pour la navigation urbaine sans conducteur.<\/p>\n<\/li>\n<li>\n<p data-path-to-node=\"10,1,0\"><b data-path-to-node=\"10,1,0\" data-index-in-node=\"0\">Camionnage autonome\u00a0:<\/b> La capacit\u00e9 de freinage \u00e0 longue distance est essentielle pour les poids lourds qui n\u00e9cessitent des distances de freinage plus longues.<\/p>\n<\/li>\n<li>\n<p data-path-to-node=\"10,2,0\"><b data-path-to-node=\"10,2,0\" data-index-in-node=\"0\">Cartographie HD :<\/b> Utilis\u00e9 pour la cartographie 3D de haute pr\u00e9cision des villes et des infrastructures.<\/p>\n<\/li>\n<li>\n<p data-path-to-node=\"10,3,0\"><b data-path-to-node=\"10,3,0\" data-index-in-node=\"0\"><span class=\"citation-220\">Villes intelligentes\u00a0:<\/span><\/b><span class=\"citation-220 citation-end-220\"> Surveillance du trafic et de la s\u00e9curit\u00e9 des pi\u00e9tons aux intersections complexes.<\/span><\/p>\n<\/li>\n<\/ol>","protected":false},"excerpt":{"rendered":"<p><span class=\"citation-229\">Le <\/span><b data-path-to-node=\"0\" data-index-in-node=\"4\"><span class=\"citation-229\">Hesai Pandar128<\/span><\/b><span class=\"citation-229 citation-end-229\"> est un capteur LiDAR m\u00e9canique de pointe, de qualit\u00e9 automobile, con\u00e7u sp\u00e9cifiquement pour les applications de conduite autonome de niveau 4 et 5.<\/span> <span class=\"citation-228 citation-end-228\">Il est largement consid\u00e9r\u00e9 comme l&#039;un des capteurs \u00e0 128 canaux les plus avanc\u00e9s du march\u00e9, offrant un nuage de points \u00ab quasi photographique \u00bb qui permet une d\u00e9tection et une classification d&#039;objets \u00e0 grande vitesse.<\/span><\/p>","protected":false},"featured_media":23772,"comment_status":"open","ping_status":"closed","template":"","meta":[],"product_brand":[1338],"product_cat":[1337,1037,1040],"product_tag":[1339,1340],"class_list":{"0":"post-23774","1":"product","2":"type-product","3":"status-publish","4":"has-post-thumbnail","6":"product_brand-hesai","7":"product_cat-hesai-lidars","8":"product_cat-robotics","9":"product_cat-sensors-robotics","10":"product_tag-hesai","11":"product_tag-hesai-lidars","13":"first","14":"onbackorder","15":"taxable","16":"shipping-taxable","17":"product-type-simple"},"yoast_head":"<!-- This site is optimized with the Yoast SEO plugin v27.4 - https:\/\/yoast.com\/product\/yoast-seo-wordpress\/ -->\n<title>Hesai Pandar128 - Ghostysky<\/title>\n<meta name=\"description\" content=\"The Hesai Pandar128 is a flagship, automotive-grade mechanical LiDAR sensor designed specifically for L4 and L5 autonomous driving applications. It is widely regarded as one of the most advanced 128-channel sensors on the market, offering a &quot;near-photographic&quot; point cloud that allows for high-speed object detection and classification.\" \/>\n<meta name=\"robots\" content=\"index, follow, max-snippet:-1, max-image-preview:large, max-video-preview:-1\" \/>\n<link rel=\"canonical\" href=\"https:\/\/www.ghostysky.com\/fr\/product\/hesai-pandar128\/\" \/>\n<meta property=\"og:locale\" content=\"fr_FR\" \/>\n<meta property=\"og:type\" content=\"article\" \/>\n<meta property=\"og:title\" content=\"Hesai Pandar128 - Ghostysky\" \/>\n<meta property=\"og:description\" content=\"The Hesai Pandar128 is a flagship, automotive-grade mechanical LiDAR sensor designed specifically for L4 and L5 autonomous driving applications. It is widely regarded as one of the most advanced 128-channel sensors on the market, offering a &quot;near-photographic&quot; point cloud that allows for high-speed object detection and classification.\" \/>\n<meta property=\"og:url\" content=\"https:\/\/www.ghostysky.com\/fr\/product\/hesai-pandar128\/\" \/>\n<meta property=\"og:site_name\" content=\"Ghostysky\" \/>\n<meta property=\"article:publisher\" content=\"https:\/\/www.facebook.com\/people\/Ghostysky\/100057676170234\/\" \/>\n<meta property=\"article:modified_time\" content=\"2026-04-07T14:11:19+00:00\" \/>\n<meta property=\"og:image\" content=\"https:\/\/www.ghostysky.com\/wp-content\/uploads\/2026\/01\/GH_Hesai_OT128_1.jpg\" \/>\n\t<meta property=\"og:image:width\" content=\"225\" \/>\n\t<meta property=\"og:image:height\" content=\"225\" \/>\n\t<meta property=\"og:image:type\" content=\"image\/jpeg\" \/>\n<meta name=\"twitter:card\" content=\"summary_large_image\" \/>\n<meta name=\"twitter:site\" content=\"@Gh0stysky\" \/>\n<meta name=\"twitter:label1\" content=\"Dur\u00e9e de lecture estim\u00e9e\" \/>\n\t<meta name=\"twitter:data1\" content=\"2 minutes\" \/>\n<script type=\"application\/ld+json\" class=\"yoast-schema-graph\">{\"@context\":\"https:\\\/\\\/schema.org\",\"@graph\":[{\"@type\":\"WebPage\",\"@id\":\"https:\\\/\\\/www.ghostysky.com\\\/product\\\/hesai-pandar128\\\/\",\"url\":\"https:\\\/\\\/www.ghostysky.com\\\/product\\\/hesai-pandar128\\\/\",\"name\":\"Hesai Pandar128 - Ghostysky\",\"isPartOf\":{\"@id\":\"https:\\\/\\\/www.ghostysky.com\\\/#website\"},\"primaryImageOfPage\":{\"@id\":\"https:\\\/\\\/www.ghostysky.com\\\/product\\\/hesai-pandar128\\\/#primaryimage\"},\"image\":{\"@id\":\"https:\\\/\\\/www.ghostysky.com\\\/product\\\/hesai-pandar128\\\/#primaryimage\"},\"thumbnailUrl\":\"https:\\\/\\\/www.ghostysky.com\\\/wp-content\\\/uploads\\\/2026\\\/01\\\/GH_Hesai_OT128_1.jpg\",\"datePublished\":\"2026-01-24T14:10:29+00:00\",\"dateModified\":\"2026-04-07T14:11:19+00:00\",\"description\":\"The Hesai Pandar128 is a flagship, automotive-grade mechanical LiDAR sensor designed specifically for L4 and L5 autonomous driving applications. It is widely regarded as one of the most advanced 128-channel sensors on the market, offering a \\\"near-photographic\\\" point cloud that allows for high-speed object detection and classification.\",\"breadcrumb\":{\"@id\":\"https:\\\/\\\/www.ghostysky.com\\\/product\\\/hesai-pandar128\\\/#breadcrumb\"},\"inLanguage\":\"fr-FR\",\"potentialAction\":[{\"@type\":\"ReadAction\",\"target\":[\"https:\\\/\\\/www.ghostysky.com\\\/product\\\/hesai-pandar128\\\/\"]}]},{\"@type\":\"ImageObject\",\"inLanguage\":\"fr-FR\",\"@id\":\"https:\\\/\\\/www.ghostysky.com\\\/product\\\/hesai-pandar128\\\/#primaryimage\",\"url\":\"https:\\\/\\\/www.ghostysky.com\\\/wp-content\\\/uploads\\\/2026\\\/01\\\/GH_Hesai_OT128_1.jpg\",\"contentUrl\":\"https:\\\/\\\/www.ghostysky.com\\\/wp-content\\\/uploads\\\/2026\\\/01\\\/GH_Hesai_OT128_1.jpg\",\"width\":225,\"height\":225},{\"@type\":\"BreadcrumbList\",\"@id\":\"https:\\\/\\\/www.ghostysky.com\\\/product\\\/hesai-pandar128\\\/#breadcrumb\",\"itemListElement\":[{\"@type\":\"ListItem\",\"position\":1,\"name\":\"Home\",\"item\":\"https:\\\/\\\/www.ghostysky.com\\\/\"},{\"@type\":\"ListItem\",\"position\":2,\"name\":\"Shop\",\"item\":\"https:\\\/\\\/www.ghostysky.com\\\/shop\\\/\"},{\"@type\":\"ListItem\",\"position\":3,\"name\":\"Hesai Pandar128\"}]},{\"@type\":\"WebSite\",\"@id\":\"https:\\\/\\\/www.ghostysky.com\\\/#website\",\"url\":\"https:\\\/\\\/www.ghostysky.com\\\/\",\"name\":\"Ghostysky\",\"description\":\"Delivering professional drones and robotics solutions\",\"publisher\":{\"@id\":\"https:\\\/\\\/www.ghostysky.com\\\/#organization\"},\"potentialAction\":[{\"@type\":\"SearchAction\",\"target\":{\"@type\":\"EntryPoint\",\"urlTemplate\":\"https:\\\/\\\/www.ghostysky.com\\\/?s={search_term_string}\"},\"query-input\":{\"@type\":\"PropertyValueSpecification\",\"valueRequired\":true,\"valueName\":\"search_term_string\"}}],\"inLanguage\":\"fr-FR\"},{\"@type\":\"Organization\",\"@id\":\"https:\\\/\\\/www.ghostysky.com\\\/#organization\",\"name\":\"Ghostysky\",\"url\":\"https:\\\/\\\/www.ghostysky.com\\\/\",\"logo\":{\"@type\":\"ImageObject\",\"inLanguage\":\"fr-FR\",\"@id\":\"https:\\\/\\\/www.ghostysky.com\\\/#\\\/schema\\\/logo\\\/image\\\/\",\"url\":\"https:\\\/\\\/www.ghostysky.com\\\/wp-content\\\/uploads\\\/2020\\\/06\\\/cropped-ghostyskylogo_text_white2.png\",\"contentUrl\":\"https:\\\/\\\/www.ghostysky.com\\\/wp-content\\\/uploads\\\/2020\\\/06\\\/cropped-ghostyskylogo_text_white2.png\",\"width\":169,\"height\":56,\"caption\":\"Ghostysky\"},\"image\":{\"@id\":\"https:\\\/\\\/www.ghostysky.com\\\/#\\\/schema\\\/logo\\\/image\\\/\"},\"sameAs\":[\"https:\\\/\\\/www.facebook.com\\\/people\\\/Ghostysky\\\/100057676170234\\\/\",\"https:\\\/\\\/x.com\\\/Gh0stysky\",\"https:\\\/\\\/www.linkedin.com\\\/company\\\/34739653\",\"https:\\\/\\\/www.instagram.com\\\/gh0stysky\"]}]}<\/script>\n<!-- \/ Yoast SEO plugin. -->","yoast_head_json":{"title":"Hesai Pandar128 - Ghostysky","description":"Le Hesai Pandar128 est un capteur LiDAR m\u00e9canique haut de gamme, con\u00e7u sp\u00e9cifiquement pour les applications de conduite autonome de niveau 4 et 5. Il est largement reconnu comme l&#039;un des capteurs 128 canaux les plus performants du march\u00e9, offrant un nuage de points quasi photographique permettant une d\u00e9tection et une classification d&#039;objets \u00e0 haute vitesse.","robots":{"index":"index","follow":"follow","max-snippet":"max-snippet:-1","max-image-preview":"max-image-preview:large","max-video-preview":"max-video-preview:-1"},"canonical":"https:\/\/www.ghostysky.com\/fr\/product\/hesai-pandar128\/","og_locale":"fr_FR","og_type":"article","og_title":"Hesai Pandar128 - Ghostysky","og_description":"The Hesai Pandar128 is a flagship, automotive-grade mechanical LiDAR sensor designed specifically for L4 and L5 autonomous driving applications. It is widely regarded as one of the most advanced 128-channel sensors on the market, offering a \"near-photographic\" point cloud that allows for high-speed object detection and classification.","og_url":"https:\/\/www.ghostysky.com\/fr\/product\/hesai-pandar128\/","og_site_name":"Ghostysky","article_publisher":"https:\/\/www.facebook.com\/people\/Ghostysky\/100057676170234\/","article_modified_time":"2026-04-07T14:11:19+00:00","og_image":[{"width":225,"height":225,"url":"https:\/\/www.ghostysky.com\/wp-content\/uploads\/2026\/01\/GH_Hesai_OT128_1.jpg","type":"image\/jpeg"}],"twitter_card":"summary_large_image","twitter_site":"@Gh0stysky","twitter_misc":{"Dur\u00e9e de lecture estim\u00e9e":"2 minutes"},"schema":{"@context":"https:\/\/schema.org","@graph":[{"@type":"WebPage","@id":"https:\/\/www.ghostysky.com\/product\/hesai-pandar128\/","url":"https:\/\/www.ghostysky.com\/product\/hesai-pandar128\/","name":"Hesai Pandar128 - Ghostysky","isPartOf":{"@id":"https:\/\/www.ghostysky.com\/#website"},"primaryImageOfPage":{"@id":"https:\/\/www.ghostysky.com\/product\/hesai-pandar128\/#primaryimage"},"image":{"@id":"https:\/\/www.ghostysky.com\/product\/hesai-pandar128\/#primaryimage"},"thumbnailUrl":"https:\/\/www.ghostysky.com\/wp-content\/uploads\/2026\/01\/GH_Hesai_OT128_1.jpg","datePublished":"2026-01-24T14:10:29+00:00","dateModified":"2026-04-07T14:11:19+00:00","description":"Le Hesai Pandar128 est un capteur LiDAR m\u00e9canique haut de gamme, con\u00e7u sp\u00e9cifiquement pour les applications de conduite autonome de niveau 4 et 5. Il est largement reconnu comme l&#039;un des capteurs 128 canaux les plus performants du march\u00e9, offrant un nuage de points quasi photographique permettant une d\u00e9tection et une classification d&#039;objets \u00e0 haute vitesse.","breadcrumb":{"@id":"https:\/\/www.ghostysky.com\/product\/hesai-pandar128\/#breadcrumb"},"inLanguage":"fr-FR","potentialAction":[{"@type":"ReadAction","target":["https:\/\/www.ghostysky.com\/product\/hesai-pandar128\/"]}]},{"@type":"ImageObject","inLanguage":"fr-FR","@id":"https:\/\/www.ghostysky.com\/product\/hesai-pandar128\/#primaryimage","url":"https:\/\/www.ghostysky.com\/wp-content\/uploads\/2026\/01\/GH_Hesai_OT128_1.jpg","contentUrl":"https:\/\/www.ghostysky.com\/wp-content\/uploads\/2026\/01\/GH_Hesai_OT128_1.jpg","width":225,"height":225},{"@type":"BreadcrumbList","@id":"https:\/\/www.ghostysky.com\/product\/hesai-pandar128\/#breadcrumb","itemListElement":[{"@type":"ListItem","position":1,"name":"Home","item":"https:\/\/www.ghostysky.com\/"},{"@type":"ListItem","position":2,"name":"Shop","item":"https:\/\/www.ghostysky.com\/shop\/"},{"@type":"ListItem","position":3,"name":"Hesai Pandar128"}]},{"@type":"WebSite","@id":"https:\/\/www.ghostysky.com\/#website","url":"https:\/\/www.ghostysky.com\/","name":"Ghostysky","description":"Fourniture de solutions professionnelles en mati\u00e8re de drones et de robotique","publisher":{"@id":"https:\/\/www.ghostysky.com\/#organization"},"potentialAction":[{"@type":"SearchAction","target":{"@type":"EntryPoint","urlTemplate":"https:\/\/www.ghostysky.com\/?s={search_term_string}"},"query-input":{"@type":"PropertyValueSpecification","valueRequired":true,"valueName":"search_term_string"}}],"inLanguage":"fr-FR"},{"@type":"Organization","@id":"https:\/\/www.ghostysky.com\/#organization","name":"Ghostysky","url":"https:\/\/www.ghostysky.com\/","logo":{"@type":"ImageObject","inLanguage":"fr-FR","@id":"https:\/\/www.ghostysky.com\/#\/schema\/logo\/image\/","url":"https:\/\/www.ghostysky.com\/wp-content\/uploads\/2020\/06\/cropped-ghostyskylogo_text_white2.png","contentUrl":"https:\/\/www.ghostysky.com\/wp-content\/uploads\/2020\/06\/cropped-ghostyskylogo_text_white2.png","width":169,"height":56,"caption":"Ghostysky"},"image":{"@id":"https:\/\/www.ghostysky.com\/#\/schema\/logo\/image\/"},"sameAs":["https:\/\/www.facebook.com\/people\/Ghostysky\/100057676170234\/","https:\/\/x.com\/Gh0stysky","https:\/\/www.linkedin.com\/company\/34739653","https:\/\/www.instagram.com\/gh0stysky"]}]}},"_links":{"self":[{"href":"https:\/\/www.ghostysky.com\/fr\/wp-json\/wp\/v2\/product\/23774","targetHints":{"allow":["GET"]}}],"collection":[{"href":"https:\/\/www.ghostysky.com\/fr\/wp-json\/wp\/v2\/product"}],"about":[{"href":"https:\/\/www.ghostysky.com\/fr\/wp-json\/wp\/v2\/types\/product"}],"replies":[{"embeddable":true,"href":"https:\/\/www.ghostysky.com\/fr\/wp-json\/wp\/v2\/comments?post=23774"}],"version-history":[{"count":0,"href":"https:\/\/www.ghostysky.com\/fr\/wp-json\/wp\/v2\/product\/23774\/revisions"}],"wp:featuredmedia":[{"embeddable":true,"href":"https:\/\/www.ghostysky.com\/fr\/wp-json\/wp\/v2\/media\/23772"}],"wp:attachment":[{"href":"https:\/\/www.ghostysky.com\/fr\/wp-json\/wp\/v2\/media?parent=23774"}],"wp:term":[{"taxonomy":"product_brand","embeddable":true,"href":"https:\/\/www.ghostysky.com\/fr\/wp-json\/wp\/v2\/product_brand?post=23774"},{"taxonomy":"product_cat","embeddable":true,"href":"https:\/\/www.ghostysky.com\/fr\/wp-json\/wp\/v2\/product_cat?post=23774"},{"taxonomy":"product_tag","embeddable":true,"href":"https:\/\/www.ghostysky.com\/fr\/wp-json\/wp\/v2\/product_tag?post=23774"}],"curies":[{"name":"wp","href":"https:\/\/api.w.org\/{rel}","templated":true}]}}