{"id":23776,"date":"2026-01-24T14:19:58","date_gmt":"2026-01-24T14:19:58","guid":{"rendered":"https:\/\/www.ghostysky.com\/?post_type=product&#038;p=23776"},"modified":"2026-04-07T14:11:33","modified_gmt":"2026-04-07T14:11:33","slug":"hesai-qt128","status":"publish","type":"product","link":"https:\/\/www.ghostysky.com\/fr\/product\/hesai-qt128\/","title":{"rendered":"Hesai QT128"},"content":{"rendered":"<h3 data-path-to-node=\"2\">Caract\u00e9ristiques principales<\/h3>\n<ul data-path-to-node=\"3\">\n<li>\n<p data-path-to-node=\"3,0,0\"><b data-path-to-node=\"3,0,0\" data-index-in-node=\"0\"><span class=\"citation-261\">Vision verticale ultra-large\u00a0:<\/span><\/b><span class=\"citation-261 citation-end-261\"> Avec un <\/span><span class=\"math-inline\" data-math=\"105.2^\\circ\" data-index-in-node=\"35\">$105,2^\\circ$<\/span><span class=\"citation-260 citation-end-260\"> Gr\u00e2ce \u00e0 son champ de vision vertical, il peut voir simultan\u00e9ment le sol entourant imm\u00e9diatement un v\u00e9hicule et les obstacles situ\u00e9s en hauteur, offrant une couverture compl\u00e8te que les LiDAR standard ne permettent pas d&#039;obtenir.<\/span><\/p>\n<\/li>\n<li>\n<p data-path-to-node=\"3,1,0\"><b data-path-to-node=\"3,1,0\" data-index-in-node=\"0\">Cartographie haute r\u00e9solution\u00a0:<\/b><span class=\"citation-259\"> Bien qu&#039;il s&#039;agisse d&#039;un capteur \u00e0 courte port\u00e9e, ses 128 canaux g\u00e9n\u00e8rent jusqu&#039;\u00e0 <\/span><b data-path-to-node=\"3,1,0\" data-index-in-node=\"93\"><span class=\"citation-259\">1,15 million de points par seconde<\/span><\/b><span class=\"citation-259 citation-end-259\">, cr\u00e9ant un nuage de points 3D dense et haute d\u00e9finition.<\/span><\/p>\n<\/li>\n<li>\n<p data-path-to-node=\"3,2,0\"><b data-path-to-node=\"3,2,0\" data-index-in-node=\"0\">Ma\u00eetre des angles morts :<\/b><span class=\"citation-258 citation-end-258\"> Il est optimis\u00e9 pour d\u00e9tecter les petits objets, les pi\u00e9tons et les animaux domestiques \u00e0 tr\u00e8s courte distance (jusqu&#039;\u00e0 0,05 m).<\/span><\/p>\n<\/li>\n<li>\n<p data-path-to-node=\"3,3,0\"><b data-path-to-node=\"3,3,0\" data-index-in-node=\"0\">Fiabilit\u00e9 de niveau automobile\u00a0:<\/b><span class=\"citation-257\"> Con\u00e7u pour r\u00e9sister aux environnements difficiles avec <\/span><b data-path-to-node=\"3,3,0\" data-index-in-node=\"73\"><span class=\"citation-257\">IP6K7<\/span><\/b><span class=\"citation-257\"> et <\/span><b data-path-to-node=\"3,3,0\" data-index-in-node=\"83\"><span class=\"citation-257\">IP6K9K<\/span><\/b><span class=\"citation-257 citation-end-257\"> valeurs nominales et une plage de temp\u00e9ratures de fonctionnement de <\/span><span class=\"math-inline\" data-math=\"-40^\\circ\\text{C}\" data-index-in-node=\"137\">-40\u00b0C<\/span><span class=\"citation-256 citation-end-256\"> \u00e0 <\/span><span class=\"math-inline\" data-math=\"85^\\circ\\text{C}\" data-index-in-node=\"158\">85\u00baC<\/span><span class=\"citation-255 citation-end-255\">.<\/span><\/p>\n<p>&nbsp;<\/li>\n<\/ul>\n<h3 data-path-to-node=\"5\">Sp\u00e9cifications techniques<\/h3>\n<table data-path-to-node=\"6\">\n<thead>\n<tr>\n<td><strong>Param\u00e8tre<\/strong><\/td>\n<td><strong>Sp\u00e9cification<\/strong><\/td>\n<\/tr>\n<\/thead>\n<tbody>\n<tr>\n<td><span data-path-to-node=\"6,1,0,0\"><b data-path-to-node=\"6,1,0,0\" data-index-in-node=\"0\">Cha\u00eenes<\/b><\/span><\/td>\n<td><span data-path-to-node=\"6,1,1,0\">128<\/span><\/td>\n<\/tr>\n<tr>\n<td><span data-path-to-node=\"6,2,0,0\"><b data-path-to-node=\"6,2,0,0\" data-index-in-node=\"0\">Champ de vision horizontal<\/b><\/span><\/td>\n<td><span data-path-to-node=\"6,2,1,0\"><span class=\"math-inline\" data-math=\"360^\\circ\" data-index-in-node=\"0\">360\u00ba<\/span><\/span><\/td>\n<\/tr>\n<tr>\n<td><span data-path-to-node=\"6,3,0,0\"><b data-path-to-node=\"6,3,0,0\" data-index-in-node=\"0\">Champ de vision vertical<\/b><\/span><\/td>\n<td><span data-path-to-node=\"6,3,1,0\"><span class=\"math-inline\" data-math=\"105.2^\\circ\" data-index-in-node=\"0\">105,2\u00ba<\/span> (<span class=\"math-inline\" data-math=\"-52.6^\\circ\" data-index-in-node=\"13\">-52,6\u00ba<\/span> \u00e0 <span class=\"math-inline\" data-math=\"+52.6^\\circ\" data-index-in-node=\"28\">+52,6\u00ba<\/span>)<\/span><\/td>\n<\/tr>\n<tr>\n<td><span data-path-to-node=\"6,4,0,0\"><b data-path-to-node=\"6,4,0,0\" data-index-in-node=\"0\">Port\u00e9e maximale<\/b><\/span><\/td>\n<td><span data-path-to-node=\"6,4,1,0\">50 m (20 m \u00e0 r\u00e9flectivit\u00e9 10%)<\/span><\/td>\n<\/tr>\n<tr>\n<td><span data-path-to-node=\"6,5,0,0\"><b data-path-to-node=\"6,5,0,0\" data-index-in-node=\"0\">Plage minimale<\/b><\/span><\/td>\n<td><span data-path-to-node=\"6,5,1,0\">0,05 m<\/span><\/td>\n<\/tr>\n<tr>\n<td><span data-path-to-node=\"6,6,0,0\"><b data-path-to-node=\"6,6,0,0\" data-index-in-node=\"0\">R\u00e9solution angulaire<\/b><\/span><\/td>\n<td><span data-path-to-node=\"6,6,1,0\"><span class=\"math-inline\" data-math=\"0.4^\\circ\" data-index-in-node=\"0\">0,4\u00ba<\/span> (Horizontal et vertical)<\/span><\/td>\n<\/tr>\n<tr>\n<td><span data-path-to-node=\"6,7,0,0\"><b data-path-to-node=\"6,7,0,0\" data-index-in-node=\"0\">Pr\u00e9cision de la port\u00e9e<\/b><\/span><\/td>\n<td><span data-path-to-node=\"6,7,1,0\"><span class=\"math-inline\" data-math=\"\\pm 3\" data-index-in-node=\"0\">+- 3 <\/span>cm (typique)<\/span><\/td>\n<\/tr>\n<tr>\n<td><span data-path-to-node=\"6,8,0,0\"><b data-path-to-node=\"6,8,0,0\" data-index-in-node=\"0\">Consommation d&#039;\u00e9nergie<\/b><\/span><\/td>\n<td><span data-path-to-node=\"6,8,1,0\">12 W<\/span><\/td>\n<\/tr>\n<tr>\n<td><span data-path-to-node=\"6,9,0,0\"><b data-path-to-node=\"6,9,0,0\" data-index-in-node=\"0\">Poids<\/b><\/span><\/td>\n<td><span data-path-to-node=\"6,9,1,0\">700 g<\/span><\/td>\n<\/tr>\n<\/tbody>\n<\/table>\n<p>&nbsp;<\/p>\n<h3 data-path-to-node=\"8\">Applications recommand\u00e9es<\/h3>\n<ul data-path-to-node=\"9\">\n<li>\n<p data-path-to-node=\"9,0,0\"><b data-path-to-node=\"9,0,0\" data-index-in-node=\"0\">Robotaxis et robots-camions\u00a0:<\/b><span class=\"citation-254 citation-end-254\"> Utilis\u00e9 comme capteur secondaire pour couvrir les \u00ab zones mortes \u00bb autour de la carrosserie du v\u00e9hicule.<\/span><\/p>\n<\/li>\n<li>\n<p data-path-to-node=\"9,1,0\"><b data-path-to-node=\"9,1,0\" data-index-in-node=\"0\">Livraison du dernier kilom\u00e8tre\u00a0:<\/b> Se d\u00e9placer dans des environnements pi\u00e9tonniers complexes et \u00e9viter les obstacles bas.<\/p>\n<\/li>\n<li>\n<p data-path-to-node=\"9,2,0\"><b data-path-to-node=\"9,2,0\" data-index-in-node=\"0\"><span class=\"citation-253\">Entreposage et logistique :<\/span><\/b><span class=\"citation-253 citation-end-253\"> Man\u0153uvres de pr\u00e9cision pour les AGV (v\u00e9hicules \u00e0 guidage automatique) dans des all\u00e9es \u00e9troites.<\/span><\/p>\n<\/li>\n<li>\n<p data-path-to-node=\"9,3,0\"><b data-path-to-node=\"9,3,0\" data-index-in-node=\"0\">Infrastructure intelligente :<\/b> Surveillance du flux pi\u00e9tonnier et de la s\u00e9curit\u00e9 des intersections.<\/p>\n<\/li>\n<\/ul>","protected":false},"excerpt":{"rendered":"<p><span class=\"citation-263\">Le <\/span><b data-path-to-node=\"0\" data-index-in-node=\"4\"><span class=\"citation-263\">Hesai QT128<\/span><\/b><span class=\"citation-263 citation-end-263\"> Il s&#039;agit d&#039;un LiDAR \u00e0 courte port\u00e9e de qualit\u00e9 automobile, \u00e0 128 canaux, sp\u00e9cialement con\u00e7u pour \u00e9liminer les angles morts.<\/span> <span class=\"citation-262 citation-end-262\">Contrairement aux capteurs \u00e0 longue port\u00e9e qui se concentrent sur l&#039;horizon, le QT128 dispose d&#039;un champ de vision vertical ultra-large, une premi\u00e8re dans l&#039;industrie, ce qui en fait l&#039;\u0153il \u00ab de champ proche \u00bb id\u00e9al pour les v\u00e9hicules autonomes, les robotaxis et la robotique industrielle.<\/span><\/p>","protected":false},"featured_media":23780,"comment_status":"open","ping_status":"closed","template":"","meta":[],"product_brand":[1338],"product_cat":[1337,1037,1040],"product_tag":[1339,1340],"class_list":{"0":"post-23776","1":"product","2":"type-product","3":"status-publish","4":"has-post-thumbnail","6":"product_brand-hesai","7":"product_cat-hesai-lidars","8":"product_cat-robotics","9":"product_cat-sensors-robotics","10":"product_tag-hesai","11":"product_tag-hesai-lidars","13":"first","14":"onbackorder","15":"taxable","16":"shipping-taxable","17":"product-type-simple"},"yoast_head":"<!-- This site is optimized with the Yoast SEO plugin v27.1.1 - https:\/\/yoast.com\/product\/yoast-seo-wordpress\/ -->\n<title>Hesai QT128 - Ghostysky<\/title>\n<meta name=\"description\" content=\"The Hesai QT128 is an automotive-grade, 128-channel short-range LiDAR specifically designed to eliminate blind spots. Unlike long-range sensors that focus on the horizon, the QT128 features an industry-leading ultra-wide vertical field of view, making it the ideal &quot;near-field&quot; eye for autonomous vehicles, robotaxis, and industrial robotics.\" \/>\n<meta name=\"robots\" content=\"index, follow, max-snippet:-1, max-image-preview:large, max-video-preview:-1\" \/>\n<link rel=\"canonical\" href=\"https:\/\/www.ghostysky.com\/fr\/product\/hesai-qt128\/\" \/>\n<meta property=\"og:locale\" content=\"fr_FR\" \/>\n<meta property=\"og:type\" content=\"article\" \/>\n<meta property=\"og:title\" content=\"Hesai QT128 - Ghostysky\" \/>\n<meta property=\"og:description\" content=\"The Hesai QT128 is an automotive-grade, 128-channel short-range LiDAR specifically designed to eliminate blind spots. Unlike long-range sensors that focus on the horizon, the QT128 features an industry-leading ultra-wide vertical field of view, making it the ideal &quot;near-field&quot; eye for autonomous vehicles, robotaxis, and industrial robotics.\" \/>\n<meta property=\"og:url\" content=\"https:\/\/www.ghostysky.com\/fr\/product\/hesai-qt128\/\" \/>\n<meta property=\"og:site_name\" content=\"Ghostysky\" \/>\n<meta property=\"article:publisher\" content=\"https:\/\/www.facebook.com\/people\/Ghostysky\/100057676170234\/\" \/>\n<meta property=\"article:modified_time\" content=\"2026-04-07T14:11:33+00:00\" \/>\n<meta property=\"og:image\" content=\"https:\/\/www.ghostysky.com\/wp-content\/uploads\/2026\/01\/GH_HesaiQT128_1.png\" \/>\n\t<meta property=\"og:image:width\" content=\"480\" \/>\n\t<meta property=\"og:image:height\" content=\"270\" \/>\n\t<meta property=\"og:image:type\" content=\"image\/png\" \/>\n<meta name=\"twitter:card\" content=\"summary_large_image\" \/>\n<meta name=\"twitter:site\" content=\"@Gh0stysky\" \/>\n<meta name=\"twitter:label1\" content=\"Dur\u00e9e de lecture estim\u00e9e\" \/>\n\t<meta name=\"twitter:data1\" content=\"2 minutes\" \/>\n<script type=\"application\/ld+json\" class=\"yoast-schema-graph\">{\"@context\":\"https:\/\/schema.org\",\"@graph\":[{\"@type\":\"WebPage\",\"@id\":\"https:\/\/www.ghostysky.com\/product\/hesai-qt128\/\",\"url\":\"https:\/\/www.ghostysky.com\/product\/hesai-qt128\/\",\"name\":\"Hesai QT128 - Ghostysky\",\"isPartOf\":{\"@id\":\"https:\/\/www.ghostysky.com\/#website\"},\"primaryImageOfPage\":{\"@id\":\"https:\/\/www.ghostysky.com\/product\/hesai-qt128\/#primaryimage\"},\"image\":{\"@id\":\"https:\/\/www.ghostysky.com\/product\/hesai-qt128\/#primaryimage\"},\"thumbnailUrl\":\"https:\/\/www.ghostysky.com\/wp-content\/uploads\/2026\/01\/GH_HesaiQT128_1.png\",\"datePublished\":\"2026-01-24T14:19:58+00:00\",\"dateModified\":\"2026-04-07T14:11:33+00:00\",\"description\":\"The Hesai QT128 is an automotive-grade, 128-channel short-range LiDAR specifically designed to eliminate blind spots. Unlike long-range sensors that focus on the horizon, the QT128 features an industry-leading ultra-wide vertical field of view, making it the ideal \\\"near-field\\\" eye for autonomous vehicles, robotaxis, and industrial robotics.\",\"breadcrumb\":{\"@id\":\"https:\/\/www.ghostysky.com\/product\/hesai-qt128\/#breadcrumb\"},\"inLanguage\":\"fr-FR\",\"potentialAction\":[{\"@type\":\"ReadAction\",\"target\":[\"https:\/\/www.ghostysky.com\/product\/hesai-qt128\/\"]}]},{\"@type\":\"ImageObject\",\"inLanguage\":\"fr-FR\",\"@id\":\"https:\/\/www.ghostysky.com\/product\/hesai-qt128\/#primaryimage\",\"url\":\"https:\/\/www.ghostysky.com\/wp-content\/uploads\/2026\/01\/GH_HesaiQT128_1.png\",\"contentUrl\":\"https:\/\/www.ghostysky.com\/wp-content\/uploads\/2026\/01\/GH_HesaiQT128_1.png\",\"width\":480,\"height\":270},{\"@type\":\"BreadcrumbList\",\"@id\":\"https:\/\/www.ghostysky.com\/product\/hesai-qt128\/#breadcrumb\",\"itemListElement\":[{\"@type\":\"ListItem\",\"position\":1,\"name\":\"Home\",\"item\":\"https:\/\/www.ghostysky.com\/\"},{\"@type\":\"ListItem\",\"position\":2,\"name\":\"Shop\",\"item\":\"https:\/\/www.ghostysky.com\/shop\/\"},{\"@type\":\"ListItem\",\"position\":3,\"name\":\"Hesai QT128\"}]},{\"@type\":\"WebSite\",\"@id\":\"https:\/\/www.ghostysky.com\/#website\",\"url\":\"https:\/\/www.ghostysky.com\/\",\"name\":\"Ghostysky\",\"description\":\"Delivering professional drones and services\",\"publisher\":{\"@id\":\"https:\/\/www.ghostysky.com\/#organization\"},\"potentialAction\":[{\"@type\":\"SearchAction\",\"target\":{\"@type\":\"EntryPoint\",\"urlTemplate\":\"https:\/\/www.ghostysky.com\/?s={search_term_string}\"},\"query-input\":{\"@type\":\"PropertyValueSpecification\",\"valueRequired\":true,\"valueName\":\"search_term_string\"}}],\"inLanguage\":\"fr-FR\"},{\"@type\":\"Organization\",\"@id\":\"https:\/\/www.ghostysky.com\/#organization\",\"name\":\"Ghostysky\",\"url\":\"https:\/\/www.ghostysky.com\/\",\"logo\":{\"@type\":\"ImageObject\",\"inLanguage\":\"fr-FR\",\"@id\":\"https:\/\/www.ghostysky.com\/#\/schema\/logo\/image\/\",\"url\":\"https:\/\/www.ghostysky.com\/wp-content\/uploads\/2020\/06\/cropped-ghostyskylogo_text_white2.png\",\"contentUrl\":\"https:\/\/www.ghostysky.com\/wp-content\/uploads\/2020\/06\/cropped-ghostyskylogo_text_white2.png\",\"width\":169,\"height\":56,\"caption\":\"Ghostysky\"},\"image\":{\"@id\":\"https:\/\/www.ghostysky.com\/#\/schema\/logo\/image\/\"},\"sameAs\":[\"https:\/\/www.facebook.com\/people\/Ghostysky\/100057676170234\/\",\"https:\/\/x.com\/Gh0stysky\",\"https:\/\/www.linkedin.com\/company\/34739653\",\"https:\/\/www.instagram.com\/gh0stysky\"]}]}<\/script>\n<!-- \/ Yoast SEO plugin. -->","yoast_head_json":{"title":"Hesai QT128 - Ghostysky","description":"Le Hesai QT128 est un LiDAR courte port\u00e9e \u00e0 128 canaux de qualit\u00e9 automobile, con\u00e7u sp\u00e9cifiquement pour \u00e9liminer les angles morts. Contrairement aux capteurs longue port\u00e9e qui se concentrent sur l&#039;horizon, le QT128 offre un champ de vision vertical ultra-large, une premi\u00e8re sur le march\u00e9, ce qui en fait l&#039;\u0153il \u00ab\u00a0de proximit\u00e9\u00a0\u00bb id\u00e9al pour les v\u00e9hicules autonomes, les robotaxis et la robotique industrielle.","robots":{"index":"index","follow":"follow","max-snippet":"max-snippet:-1","max-image-preview":"max-image-preview:large","max-video-preview":"max-video-preview:-1"},"canonical":"https:\/\/www.ghostysky.com\/fr\/product\/hesai-qt128\/","og_locale":"fr_FR","og_type":"article","og_title":"Hesai QT128 - Ghostysky","og_description":"The Hesai QT128 is an automotive-grade, 128-channel short-range LiDAR specifically designed to eliminate blind spots. Unlike long-range sensors that focus on the horizon, the QT128 features an industry-leading ultra-wide vertical field of view, making it the ideal \"near-field\" eye for autonomous vehicles, robotaxis, and industrial robotics.","og_url":"https:\/\/www.ghostysky.com\/fr\/product\/hesai-qt128\/","og_site_name":"Ghostysky","article_publisher":"https:\/\/www.facebook.com\/people\/Ghostysky\/100057676170234\/","article_modified_time":"2026-04-07T14:11:33+00:00","og_image":[{"width":480,"height":270,"url":"https:\/\/www.ghostysky.com\/wp-content\/uploads\/2026\/01\/GH_HesaiQT128_1.png","type":"image\/png"}],"twitter_card":"summary_large_image","twitter_site":"@Gh0stysky","twitter_misc":{"Dur\u00e9e de lecture estim\u00e9e":"2 minutes"},"schema":{"@context":"https:\/\/schema.org","@graph":[{"@type":"WebPage","@id":"https:\/\/www.ghostysky.com\/product\/hesai-qt128\/","url":"https:\/\/www.ghostysky.com\/product\/hesai-qt128\/","name":"Hesai QT128 - Ghostysky","isPartOf":{"@id":"https:\/\/www.ghostysky.com\/#website"},"primaryImageOfPage":{"@id":"https:\/\/www.ghostysky.com\/product\/hesai-qt128\/#primaryimage"},"image":{"@id":"https:\/\/www.ghostysky.com\/product\/hesai-qt128\/#primaryimage"},"thumbnailUrl":"https:\/\/www.ghostysky.com\/wp-content\/uploads\/2026\/01\/GH_HesaiQT128_1.png","datePublished":"2026-01-24T14:19:58+00:00","dateModified":"2026-04-07T14:11:33+00:00","description":"Le Hesai QT128 est un LiDAR courte port\u00e9e \u00e0 128 canaux de qualit\u00e9 automobile, con\u00e7u sp\u00e9cifiquement pour \u00e9liminer les angles morts. Contrairement aux capteurs longue port\u00e9e qui se concentrent sur l&#039;horizon, le QT128 offre un champ de vision vertical ultra-large, une premi\u00e8re sur le march\u00e9, ce qui en fait l&#039;\u0153il \u00ab\u00a0de proximit\u00e9\u00a0\u00bb id\u00e9al pour les v\u00e9hicules autonomes, les robotaxis et la robotique industrielle.","breadcrumb":{"@id":"https:\/\/www.ghostysky.com\/product\/hesai-qt128\/#breadcrumb"},"inLanguage":"fr-FR","potentialAction":[{"@type":"ReadAction","target":["https:\/\/www.ghostysky.com\/product\/hesai-qt128\/"]}]},{"@type":"ImageObject","inLanguage":"fr-FR","@id":"https:\/\/www.ghostysky.com\/product\/hesai-qt128\/#primaryimage","url":"https:\/\/www.ghostysky.com\/wp-content\/uploads\/2026\/01\/GH_HesaiQT128_1.png","contentUrl":"https:\/\/www.ghostysky.com\/wp-content\/uploads\/2026\/01\/GH_HesaiQT128_1.png","width":480,"height":270},{"@type":"BreadcrumbList","@id":"https:\/\/www.ghostysky.com\/product\/hesai-qt128\/#breadcrumb","itemListElement":[{"@type":"ListItem","position":1,"name":"Home","item":"https:\/\/www.ghostysky.com\/"},{"@type":"ListItem","position":2,"name":"Shop","item":"https:\/\/www.ghostysky.com\/shop\/"},{"@type":"ListItem","position":3,"name":"Hesai QT128"}]},{"@type":"WebSite","@id":"https:\/\/www.ghostysky.com\/#website","url":"https:\/\/www.ghostysky.com\/","name":"Ghostysky","description":"Livraison de drones et de services professionnels","publisher":{"@id":"https:\/\/www.ghostysky.com\/#organization"},"potentialAction":[{"@type":"SearchAction","target":{"@type":"EntryPoint","urlTemplate":"https:\/\/www.ghostysky.com\/?s={search_term_string}"},"query-input":{"@type":"PropertyValueSpecification","valueRequired":true,"valueName":"search_term_string"}}],"inLanguage":"fr-FR"},{"@type":"Organization","@id":"https:\/\/www.ghostysky.com\/#organization","name":"Ghostysky","url":"https:\/\/www.ghostysky.com\/","logo":{"@type":"ImageObject","inLanguage":"fr-FR","@id":"https:\/\/www.ghostysky.com\/#\/schema\/logo\/image\/","url":"https:\/\/www.ghostysky.com\/wp-content\/uploads\/2020\/06\/cropped-ghostyskylogo_text_white2.png","contentUrl":"https:\/\/www.ghostysky.com\/wp-content\/uploads\/2020\/06\/cropped-ghostyskylogo_text_white2.png","width":169,"height":56,"caption":"Ghostysky"},"image":{"@id":"https:\/\/www.ghostysky.com\/#\/schema\/logo\/image\/"},"sameAs":["https:\/\/www.facebook.com\/people\/Ghostysky\/100057676170234\/","https:\/\/x.com\/Gh0stysky","https:\/\/www.linkedin.com\/company\/34739653","https:\/\/www.instagram.com\/gh0stysky"]}]}},"_links":{"self":[{"href":"https:\/\/www.ghostysky.com\/fr\/wp-json\/wp\/v2\/product\/23776","targetHints":{"allow":["GET"]}}],"collection":[{"href":"https:\/\/www.ghostysky.com\/fr\/wp-json\/wp\/v2\/product"}],"about":[{"href":"https:\/\/www.ghostysky.com\/fr\/wp-json\/wp\/v2\/types\/product"}],"replies":[{"embeddable":true,"href":"https:\/\/www.ghostysky.com\/fr\/wp-json\/wp\/v2\/comments?post=23776"}],"wp:featuredmedia":[{"embeddable":true,"href":"https:\/\/www.ghostysky.com\/fr\/wp-json\/wp\/v2\/media\/23780"}],"wp:attachment":[{"href":"https:\/\/www.ghostysky.com\/fr\/wp-json\/wp\/v2\/media?parent=23776"}],"wp:term":[{"taxonomy":"product_brand","embeddable":true,"href":"https:\/\/www.ghostysky.com\/fr\/wp-json\/wp\/v2\/product_brand?post=23776"},{"taxonomy":"product_cat","embeddable":true,"href":"https:\/\/www.ghostysky.com\/fr\/wp-json\/wp\/v2\/product_cat?post=23776"},{"taxonomy":"product_tag","embeddable":true,"href":"https:\/\/www.ghostysky.com\/fr\/wp-json\/wp\/v2\/product_tag?post=23776"}],"curies":[{"name":"wp","href":"https:\/\/api.w.org\/{rel}","templated":true}]}}