{"id":23787,"date":"2026-01-24T14:36:16","date_gmt":"2026-01-24T14:36:16","guid":{"rendered":"https:\/\/www.ghostysky.com\/?post_type=product&#038;p=23787"},"modified":"2026-04-07T14:11:43","modified_gmt":"2026-04-07T14:11:43","slug":"hesai-xt32m1x","status":"publish","type":"product","link":"https:\/\/www.ghostysky.com\/fr\/product\/hesai-xt32m1x\/","title":{"rendered":"Hesai XT32M1X"},"content":{"rendered":"<h3 data-path-to-node=\"3\"><b data-path-to-node=\"3\" data-index-in-node=\"0\">Pr\u00e9sentation du produit<\/b><\/h3>\n<p data-path-to-node=\"4\">Le XT32M1X appartient \u00e0 la s\u00e9rie \u00ab\u00a0XT\u00a0\u00bb (Extended) de Hesai, qui utilise une technologie ASIC (circuit int\u00e9gr\u00e9 sp\u00e9cifique \u00e0 une application) propri\u00e9taire. Cette conception simplifie le mat\u00e9riel interne, r\u00e9duisant consid\u00e9rablement le poids et la consommation d&#039;\u00e9nergie tout en am\u00e9liorant la fiabilit\u00e9 et la qualit\u00e9 des donn\u00e9es par rapport aux capteurs traditionnels \u00e0 16 ou 32 canaux.<\/p>\n<p data-path-to-node=\"5\"><span class=\"citation-322\">Sa caract\u00e9ristique principale est le <\/span><b data-path-to-node=\"5\" data-index-in-node=\"28\"><span class=\"citation-322\">\u00abZone sans angle mort\u00bb<\/span><\/b><span class=\"citation-322 citation-end-322\"> Cette capacit\u00e9 lui permet de d\u00e9tecter des objets m\u00eame lorsqu&#039;ils sont en contact direct avec le bo\u00eetier du capteur, un avantage crucial pour la robotique d&#039;int\u00e9rieur et les man\u0153uvres d&#039;amarrage.<\/span><\/p>\n<p>&nbsp;<\/p>\n<h3 data-path-to-node=\"7\"><b data-path-to-node=\"7\" data-index-in-node=\"0\">Caract\u00e9ristiques principales<\/b><\/h3>\n<ul data-path-to-node=\"8\">\n<li>\n<p data-path-to-node=\"8,0,0\"><b data-path-to-node=\"8,0,0\" data-index-in-node=\"0\">Haute densit\u00e9 laser\u00a0:<\/b> Il est dot\u00e9 de 32 canaux laser, offrant une r\u00e9solution verticale deux fois sup\u00e9rieure \u00e0 celle des capteurs standard de milieu de gamme.<\/p>\n<\/li>\n<li>\n<p data-path-to-node=\"8,1,0\"><b data-path-to-node=\"8,1,0\" data-index-in-node=\"0\">Plage minimale nulle\u00a0:<\/b> Capable d&#039;effectuer des d\u00e9tections valides de 0 m \u00e0 120 m, \u00e9liminant ainsi l&#039;angle mort typique de 0,5 m que l&#039;on retrouve chez de nombreux concurrents.<\/p>\n<\/li>\n<li>\n<p data-path-to-node=\"8,2,0\"><b data-path-to-node=\"8,2,0\" data-index-in-node=\"0\"><span class=\"citation-321\">Pr\u00e9cision de niveau topographique :<\/span><\/b><span class=\"citation-321\"> Offre une gamme de pr\u00e9cision de <\/span><b data-path-to-node=\"8,2,0\" data-index-in-node=\"52\"><span class=\"citation-321 citation-end-321\">0,5 cm (<\/span><span class=\"math-inline\" data-math=\"1\\sigma\" data-index-in-node=\"60\">$1\\sigma$<\/span><span class=\"citation-320\">)<\/span><\/b><span class=\"citation-320\"> et une pr\u00e9cision globale de <\/span><b data-path-to-node=\"8,2,0\" data-index-in-node=\"96\"><span class=\"citation-320\">\u00b11 cm<\/span><\/b><span class=\"citation-320 citation-end-320\">ce qui le rend adapt\u00e9 \u00e0 la mod\u00e9lisation 3D haute fid\u00e9lit\u00e9.<\/span><\/p>\n<\/li>\n<li>\n<p data-path-to-node=\"8,3,0\"><b data-path-to-node=\"8,3,0\" data-index-in-node=\"0\"><span class=\"citation-319\">Robustesse :<\/span><\/b><span class=\"citation-319 citation-end-319\"> Indice de protection IP6K7 et IP6K9K contre l&#039;eau et la poussi\u00e8re, avec une dur\u00e9e de vie op\u00e9rationnelle test\u00e9e sup\u00e9rieure \u00e0 30 000 heures.<\/span><\/p>\n<p>&nbsp;<\/li>\n<\/ul>\n<h3 data-path-to-node=\"10\"><b data-path-to-node=\"10\" data-index-in-node=\"0\">Sp\u00e9cifications techniques<\/b><\/h3>\n<table data-path-to-node=\"11\">\n<thead>\n<tr>\n<td><strong>Fonctionnalit\u00e9<\/strong><\/td>\n<td><strong>Sp\u00e9cification<\/strong><\/td>\n<\/tr>\n<\/thead>\n<tbody>\n<tr>\n<td><span data-path-to-node=\"11,1,0,0\"><b data-path-to-node=\"11,1,0,0\" data-index-in-node=\"0\">Canaux laser<\/b><\/span><\/td>\n<td><span data-path-to-node=\"11,1,1,0\">32<\/span><\/td>\n<\/tr>\n<tr>\n<td><span data-path-to-node=\"11,2,0,0\"><b data-path-to-node=\"11,2,0,0\" data-index-in-node=\"0\">Plage de d\u00e9tection<\/b><\/span><\/td>\n<td><span data-path-to-node=\"11,2,1,0\">0,05 m \u00e0 120 m (80 m \u00e0 r\u00e9flectivit\u00e9 10%)<\/span><\/td>\n<\/tr>\n<tr>\n<td><span data-path-to-node=\"11,3,0,0\"><b data-path-to-node=\"11,3,0,0\" data-index-in-node=\"0\">Pr\u00e9cision de la port\u00e9e<\/b><\/span><\/td>\n<td><span data-path-to-node=\"11,3,1,0\">\u00b11 cm<\/span><\/td>\n<\/tr>\n<tr>\n<td><span data-path-to-node=\"11,4,0,0\"><b data-path-to-node=\"11,4,0,0\" data-index-in-node=\"0\">Pr\u00e9cision de la port\u00e9e<\/b><\/span><\/td>\n<td><span data-path-to-node=\"11,4,1,0\">0,5 cm (<span class=\"math-inline\" data-math=\"1\\sigma\" data-index-in-node=\"8\">$1\\sigma$<\/span>)<\/span><\/td>\n<\/tr>\n<tr>\n<td><span data-path-to-node=\"11,5,0,0\"><b data-path-to-node=\"11,5,0,0\" data-index-in-node=\"0\">Champ de vision horizontal<\/b><\/span><\/td>\n<td><span data-path-to-node=\"11,5,1,0\">360\u00b0<\/span><\/td>\n<\/tr>\n<tr>\n<td><span data-path-to-node=\"11,6,0,0\"><b data-path-to-node=\"11,6,0,0\" data-index-in-node=\"0\">Champ de vision vertical<\/b><\/span><\/td>\n<td><span data-path-to-node=\"11,6,1,0\">31\u00b0 ou 40,3\u00b0 (selon la variante du mod\u00e8le)<\/span><\/td>\n<\/tr>\n<tr>\n<td><span data-path-to-node=\"11,7,0,0\"><b data-path-to-node=\"11,7,0,0\" data-index-in-node=\"0\">R\u00e9solution angulaire<\/b><\/span><\/td>\n<td><span data-path-to-node=\"11,7,1,0\">0,18\u00b0 (horizontal) x 1,0\u00b0 (vertical)<\/span><\/td>\n<\/tr>\n<tr>\n<td><span data-path-to-node=\"11,8,0,0\"><b data-path-to-node=\"11,8,0,0\" data-index-in-node=\"0\">Taux de points<\/b><\/span><\/td>\n<td><span data-path-to-node=\"11,8,1,0\">640\u00a0000 points\/s (retour simple)<\/span><\/td>\n<\/tr>\n<tr>\n<td><span data-path-to-node=\"11,9,0,0\"><b data-path-to-node=\"11,9,0,0\" data-index-in-node=\"0\">Retours de donn\u00e9es<\/b><\/span><\/td>\n<td><span data-path-to-node=\"11,9,1,0\">Jusqu&#039;\u00e0 2 (simple\/double)<\/span><\/td>\n<\/tr>\n<tr>\n<td><span data-path-to-node=\"11,10,0,0\"><b data-path-to-node=\"11,10,0,0\" data-index-in-node=\"0\">Consommation d&#039;\u00e9nergie<\/b><\/span><\/td>\n<td><span data-path-to-node=\"11,10,1,0\">~10 W<\/span><\/td>\n<\/tr>\n<tr>\n<td><span data-path-to-node=\"11,11,0,0\"><b data-path-to-node=\"11,11,0,0\" data-index-in-node=\"0\">Poids<\/b><\/span><\/td>\n<td><span data-path-to-node=\"11,11,1,0\">~800 g<\/span><\/td>\n<\/tr>\n<\/tbody>\n<\/table>\n<p>&nbsp;<\/p>\n<h3 data-path-to-node=\"13\"><b data-path-to-node=\"13\" data-index-in-node=\"0\">Applications courantes<\/b><\/h3>\n<ul data-path-to-node=\"14\">\n<li>\n<p data-path-to-node=\"14,0,0\"><b data-path-to-node=\"14,0,0\" data-index-in-node=\"0\">Cartographie et lev\u00e9s topographiques par drones\u00a0:<\/b><span class=\"citation-318\"> Int\u00e9gr\u00e9s dans des syst\u00e8mes comme le <\/span><i data-path-to-node=\"14,0,0\" data-index-in-node=\"58\"><span class=\"citation-318\">Laboratoires inertiels RESEPI<\/span><\/i><span class=\"citation-318 citation-end-318\"> pour la cr\u00e9ation de cartes topographiques et l&#039;inspection des infrastructures.<\/span><\/p>\n<\/li>\n<li>\n<p data-path-to-node=\"14,1,0\"><b data-path-to-node=\"14,1,0\" data-index-in-node=\"0\">Robots mobiles autonomes (AMR)\u00a0:<\/b><span class=\"citation-317 citation-end-317\"> Utilis\u00e9 dans la logistique et les robots de service pour la navigation et l&#039;\u00e9vitement d&#039;obstacles dans des espaces restreints.<\/span><\/p>\n<\/li>\n<li>\n<p data-path-to-node=\"14,2,0\"><b data-path-to-node=\"14,2,0\" data-index-in-node=\"0\"><span class=\"citation-316\">Automatisation industrielle :<\/span><\/b><span class=\"citation-316 citation-end-316\"> Mesure du volume des stocks ou des cargaisons et surveillance de la s\u00e9curit\u00e9 dans les usines intelligentes.<\/span><\/p>\n<\/li>\n<li>\n<p data-path-to-node=\"14,3,0\"><b data-path-to-node=\"14,3,0\" data-index-in-node=\"0\">Villes intelligentes\u00a0:<\/b> Mont\u00e9s sur des v\u00e9hicules utilitaires ou des poteaux fixes pour la surveillance du trafic routier et pi\u00e9tonnier.<\/p>\n<\/li>\n<\/ul>\n<blockquote data-path-to-node=\"16\">\n<p data-path-to-node=\"16,0\"><b data-path-to-node=\"16,0\" data-index-in-node=\"0\">Note:<\/b><span class=\"citation-315\"> Si vous recherchez la version \u00e0 plus grande autonomie, vous pourriez \u00eatre int\u00e9ress\u00e9 par le <\/span><b data-path-to-node=\"16,0\" data-index-in-node=\"84\"><span class=\"citation-315\">XT32M2X<\/span><\/b><span class=\"citation-315\">, ce qui \u00e9tend la port\u00e9e de d\u00e9tection jusqu&#039;\u00e0 <\/span><b data-path-to-node=\"16,0\" data-index-in-node=\"133\"><span class=\"citation-315\">300 m\u00e8tres<\/span><\/b><span class=\"citation-315 citation-end-315\"> et est fr\u00e9quemment utilis\u00e9 pour la cartographie par drone \u00e0 haute altitude.<\/span><\/p>\n<\/blockquote>","protected":false},"excerpt":{"rendered":"<p><span class=\"citation-323\">Le <\/span><b data-path-to-node=\"0\" data-index-in-node=\"4\"><span class=\"citation-323\">Hesai XT32M1X<\/span><\/b><span class=\"citation-323\"> (souvent d\u00e9sign\u00e9 comme faisant partie de la <\/span><b data-path-to-node=\"0\" data-index-in-node=\"52\"><span class=\"citation-323\">S\u00e9rie XT32<\/span><\/b><span class=\"citation-323 citation-end-323\">) est un capteur LiDAR 3D de haute pr\u00e9cision et de moyenne port\u00e9e, con\u00e7u sp\u00e9cifiquement pour les applications o\u00f9 la pr\u00e9cision et la densit\u00e9 de points sont primordiales, telles que la cartographie par drone, la robotique industrielle et les lev\u00e9s topographiques.<\/span><\/p>","protected":false},"featured_media":23785,"comment_status":"open","ping_status":"closed","template":"","meta":[],"product_brand":[1338],"product_cat":[1337,1037,1040],"product_tag":[1339,1340],"class_list":{"0":"post-23787","1":"product","2":"type-product","3":"status-publish","4":"has-post-thumbnail","6":"product_brand-hesai","7":"product_cat-hesai-lidars","8":"product_cat-robotics","9":"product_cat-sensors-robotics","10":"product_tag-hesai","11":"product_tag-hesai-lidars","13":"first","14":"onbackorder","15":"taxable","16":"shipping-taxable","17":"product-type-simple"},"yoast_head":"<!-- This site is optimized with the Yoast SEO plugin v27.4 - https:\/\/yoast.com\/product\/yoast-seo-wordpress\/ -->\n<title>Hesai XT32M1X - Ghostysky<\/title>\n<meta name=\"description\" content=\"The Hesai XT32M1X (often referred to as part of the XT32 series) is a high-precision, mid-range 3D LiDAR sensor designed specifically for applications where accuracy and point density are paramount, such as UAV mapping, industrial robotics, and surveying.\" \/>\n<meta name=\"robots\" content=\"index, follow, max-snippet:-1, max-image-preview:large, max-video-preview:-1\" \/>\n<link rel=\"canonical\" href=\"https:\/\/www.ghostysky.com\/fr\/product\/hesai-xt32m1x\/\" \/>\n<meta property=\"og:locale\" content=\"fr_FR\" \/>\n<meta property=\"og:type\" content=\"article\" \/>\n<meta property=\"og:title\" content=\"Hesai XT32M1X - Ghostysky\" \/>\n<meta property=\"og:description\" content=\"The Hesai XT32M1X (often referred to as part of the XT32 series) is a high-precision, mid-range 3D LiDAR sensor designed specifically for applications where accuracy and point density are paramount, such as UAV mapping, industrial robotics, and surveying.\" \/>\n<meta property=\"og:url\" content=\"https:\/\/www.ghostysky.com\/fr\/product\/hesai-xt32m1x\/\" \/>\n<meta property=\"og:site_name\" content=\"Ghostysky\" \/>\n<meta property=\"article:publisher\" content=\"https:\/\/www.facebook.com\/people\/Ghostysky\/100057676170234\/\" \/>\n<meta property=\"article:modified_time\" content=\"2026-04-07T14:11:43+00:00\" \/>\n<meta property=\"og:image\" content=\"https:\/\/www.ghostysky.com\/wp-content\/uploads\/2026\/01\/GH_Hesai_XT16_1.png\" \/>\n\t<meta property=\"og:image:width\" content=\"480\" \/>\n\t<meta property=\"og:image:height\" content=\"270\" \/>\n\t<meta property=\"og:image:type\" content=\"image\/png\" \/>\n<meta name=\"twitter:card\" content=\"summary_large_image\" \/>\n<meta name=\"twitter:site\" content=\"@Gh0stysky\" \/>\n<meta name=\"twitter:label1\" content=\"Dur\u00e9e de lecture estim\u00e9e\" \/>\n\t<meta name=\"twitter:data1\" content=\"2 minutes\" \/>\n<script type=\"application\/ld+json\" class=\"yoast-schema-graph\">{\"@context\":\"https:\\\/\\\/schema.org\",\"@graph\":[{\"@type\":\"WebPage\",\"@id\":\"https:\\\/\\\/www.ghostysky.com\\\/product\\\/hesai-xt32m1x\\\/\",\"url\":\"https:\\\/\\\/www.ghostysky.com\\\/product\\\/hesai-xt32m1x\\\/\",\"name\":\"Hesai XT32M1X - Ghostysky\",\"isPartOf\":{\"@id\":\"https:\\\/\\\/www.ghostysky.com\\\/#website\"},\"primaryImageOfPage\":{\"@id\":\"https:\\\/\\\/www.ghostysky.com\\\/product\\\/hesai-xt32m1x\\\/#primaryimage\"},\"image\":{\"@id\":\"https:\\\/\\\/www.ghostysky.com\\\/product\\\/hesai-xt32m1x\\\/#primaryimage\"},\"thumbnailUrl\":\"https:\\\/\\\/www.ghostysky.com\\\/wp-content\\\/uploads\\\/2026\\\/01\\\/GH_Hesai_XT16_1.png\",\"datePublished\":\"2026-01-24T14:36:16+00:00\",\"dateModified\":\"2026-04-07T14:11:43+00:00\",\"description\":\"The Hesai XT32M1X (often referred to as part of the XT32 series) is a high-precision, mid-range 3D LiDAR sensor designed specifically for applications where accuracy and point density are paramount, such as UAV mapping, industrial robotics, and surveying.\",\"breadcrumb\":{\"@id\":\"https:\\\/\\\/www.ghostysky.com\\\/product\\\/hesai-xt32m1x\\\/#breadcrumb\"},\"inLanguage\":\"fr-FR\",\"potentialAction\":[{\"@type\":\"ReadAction\",\"target\":[\"https:\\\/\\\/www.ghostysky.com\\\/product\\\/hesai-xt32m1x\\\/\"]}]},{\"@type\":\"ImageObject\",\"inLanguage\":\"fr-FR\",\"@id\":\"https:\\\/\\\/www.ghostysky.com\\\/product\\\/hesai-xt32m1x\\\/#primaryimage\",\"url\":\"https:\\\/\\\/www.ghostysky.com\\\/wp-content\\\/uploads\\\/2026\\\/01\\\/GH_Hesai_XT16_1.png\",\"contentUrl\":\"https:\\\/\\\/www.ghostysky.com\\\/wp-content\\\/uploads\\\/2026\\\/01\\\/GH_Hesai_XT16_1.png\",\"width\":480,\"height\":270},{\"@type\":\"BreadcrumbList\",\"@id\":\"https:\\\/\\\/www.ghostysky.com\\\/product\\\/hesai-xt32m1x\\\/#breadcrumb\",\"itemListElement\":[{\"@type\":\"ListItem\",\"position\":1,\"name\":\"Home\",\"item\":\"https:\\\/\\\/www.ghostysky.com\\\/\"},{\"@type\":\"ListItem\",\"position\":2,\"name\":\"Shop\",\"item\":\"https:\\\/\\\/www.ghostysky.com\\\/shop\\\/\"},{\"@type\":\"ListItem\",\"position\":3,\"name\":\"Hesai XT32M1X\"}]},{\"@type\":\"WebSite\",\"@id\":\"https:\\\/\\\/www.ghostysky.com\\\/#website\",\"url\":\"https:\\\/\\\/www.ghostysky.com\\\/\",\"name\":\"Ghostysky\",\"description\":\"Delivering professional drones and services\",\"publisher\":{\"@id\":\"https:\\\/\\\/www.ghostysky.com\\\/#organization\"},\"potentialAction\":[{\"@type\":\"SearchAction\",\"target\":{\"@type\":\"EntryPoint\",\"urlTemplate\":\"https:\\\/\\\/www.ghostysky.com\\\/?s={search_term_string}\"},\"query-input\":{\"@type\":\"PropertyValueSpecification\",\"valueRequired\":true,\"valueName\":\"search_term_string\"}}],\"inLanguage\":\"fr-FR\"},{\"@type\":\"Organization\",\"@id\":\"https:\\\/\\\/www.ghostysky.com\\\/#organization\",\"name\":\"Ghostysky\",\"url\":\"https:\\\/\\\/www.ghostysky.com\\\/\",\"logo\":{\"@type\":\"ImageObject\",\"inLanguage\":\"fr-FR\",\"@id\":\"https:\\\/\\\/www.ghostysky.com\\\/#\\\/schema\\\/logo\\\/image\\\/\",\"url\":\"https:\\\/\\\/www.ghostysky.com\\\/wp-content\\\/uploads\\\/2020\\\/06\\\/cropped-ghostyskylogo_text_white2.png\",\"contentUrl\":\"https:\\\/\\\/www.ghostysky.com\\\/wp-content\\\/uploads\\\/2020\\\/06\\\/cropped-ghostyskylogo_text_white2.png\",\"width\":169,\"height\":56,\"caption\":\"Ghostysky\"},\"image\":{\"@id\":\"https:\\\/\\\/www.ghostysky.com\\\/#\\\/schema\\\/logo\\\/image\\\/\"},\"sameAs\":[\"https:\\\/\\\/www.facebook.com\\\/people\\\/Ghostysky\\\/100057676170234\\\/\",\"https:\\\/\\\/x.com\\\/Gh0stysky\",\"https:\\\/\\\/www.linkedin.com\\\/company\\\/34739653\",\"https:\\\/\\\/www.instagram.com\\\/gh0stysky\"]}]}<\/script>\n<!-- \/ Yoast SEO plugin. -->","yoast_head_json":{"title":"Hesai XT32M1X - Ghostysky","description":"Le Hesai XT32M1X (souvent appel\u00e9 comme faisant partie de la s\u00e9rie XT32) est un capteur LiDAR 3D de haute pr\u00e9cision et de milieu de gamme con\u00e7u sp\u00e9cifiquement pour les applications o\u00f9 la pr\u00e9cision et la densit\u00e9 de points sont primordiales, telles que la cartographie par drone, la robotique industrielle et les lev\u00e9s topographiques.","robots":{"index":"index","follow":"follow","max-snippet":"max-snippet:-1","max-image-preview":"max-image-preview:large","max-video-preview":"max-video-preview:-1"},"canonical":"https:\/\/www.ghostysky.com\/fr\/product\/hesai-xt32m1x\/","og_locale":"fr_FR","og_type":"article","og_title":"Hesai XT32M1X - Ghostysky","og_description":"The Hesai XT32M1X (often referred to as part of the XT32 series) is a high-precision, mid-range 3D LiDAR sensor designed specifically for applications where accuracy and point density are paramount, such as UAV mapping, industrial robotics, and surveying.","og_url":"https:\/\/www.ghostysky.com\/fr\/product\/hesai-xt32m1x\/","og_site_name":"Ghostysky","article_publisher":"https:\/\/www.facebook.com\/people\/Ghostysky\/100057676170234\/","article_modified_time":"2026-04-07T14:11:43+00:00","og_image":[{"width":480,"height":270,"url":"https:\/\/www.ghostysky.com\/wp-content\/uploads\/2026\/01\/GH_Hesai_XT16_1.png","type":"image\/png"}],"twitter_card":"summary_large_image","twitter_site":"@Gh0stysky","twitter_misc":{"Dur\u00e9e de lecture estim\u00e9e":"2 minutes"},"schema":{"@context":"https:\/\/schema.org","@graph":[{"@type":"WebPage","@id":"https:\/\/www.ghostysky.com\/product\/hesai-xt32m1x\/","url":"https:\/\/www.ghostysky.com\/product\/hesai-xt32m1x\/","name":"Hesai XT32M1X - Ghostysky","isPartOf":{"@id":"https:\/\/www.ghostysky.com\/#website"},"primaryImageOfPage":{"@id":"https:\/\/www.ghostysky.com\/product\/hesai-xt32m1x\/#primaryimage"},"image":{"@id":"https:\/\/www.ghostysky.com\/product\/hesai-xt32m1x\/#primaryimage"},"thumbnailUrl":"https:\/\/www.ghostysky.com\/wp-content\/uploads\/2026\/01\/GH_Hesai_XT16_1.png","datePublished":"2026-01-24T14:36:16+00:00","dateModified":"2026-04-07T14:11:43+00:00","description":"Le Hesai XT32M1X (souvent appel\u00e9 comme faisant partie de la s\u00e9rie XT32) est un capteur LiDAR 3D de haute pr\u00e9cision et de milieu de gamme con\u00e7u sp\u00e9cifiquement pour les applications o\u00f9 la pr\u00e9cision et la densit\u00e9 de points sont primordiales, telles que la cartographie par drone, la robotique industrielle et les lev\u00e9s topographiques.","breadcrumb":{"@id":"https:\/\/www.ghostysky.com\/product\/hesai-xt32m1x\/#breadcrumb"},"inLanguage":"fr-FR","potentialAction":[{"@type":"ReadAction","target":["https:\/\/www.ghostysky.com\/product\/hesai-xt32m1x\/"]}]},{"@type":"ImageObject","inLanguage":"fr-FR","@id":"https:\/\/www.ghostysky.com\/product\/hesai-xt32m1x\/#primaryimage","url":"https:\/\/www.ghostysky.com\/wp-content\/uploads\/2026\/01\/GH_Hesai_XT16_1.png","contentUrl":"https:\/\/www.ghostysky.com\/wp-content\/uploads\/2026\/01\/GH_Hesai_XT16_1.png","width":480,"height":270},{"@type":"BreadcrumbList","@id":"https:\/\/www.ghostysky.com\/product\/hesai-xt32m1x\/#breadcrumb","itemListElement":[{"@type":"ListItem","position":1,"name":"Home","item":"https:\/\/www.ghostysky.com\/"},{"@type":"ListItem","position":2,"name":"Shop","item":"https:\/\/www.ghostysky.com\/shop\/"},{"@type":"ListItem","position":3,"name":"Hesai XT32M1X"}]},{"@type":"WebSite","@id":"https:\/\/www.ghostysky.com\/#website","url":"https:\/\/www.ghostysky.com\/","name":"Ghostysky","description":"Livraison de drones et de services professionnels","publisher":{"@id":"https:\/\/www.ghostysky.com\/#organization"},"potentialAction":[{"@type":"SearchAction","target":{"@type":"EntryPoint","urlTemplate":"https:\/\/www.ghostysky.com\/?s={search_term_string}"},"query-input":{"@type":"PropertyValueSpecification","valueRequired":true,"valueName":"search_term_string"}}],"inLanguage":"fr-FR"},{"@type":"Organization","@id":"https:\/\/www.ghostysky.com\/#organization","name":"Ghostysky","url":"https:\/\/www.ghostysky.com\/","logo":{"@type":"ImageObject","inLanguage":"fr-FR","@id":"https:\/\/www.ghostysky.com\/#\/schema\/logo\/image\/","url":"https:\/\/www.ghostysky.com\/wp-content\/uploads\/2020\/06\/cropped-ghostyskylogo_text_white2.png","contentUrl":"https:\/\/www.ghostysky.com\/wp-content\/uploads\/2020\/06\/cropped-ghostyskylogo_text_white2.png","width":169,"height":56,"caption":"Ghostysky"},"image":{"@id":"https:\/\/www.ghostysky.com\/#\/schema\/logo\/image\/"},"sameAs":["https:\/\/www.facebook.com\/people\/Ghostysky\/100057676170234\/","https:\/\/x.com\/Gh0stysky","https:\/\/www.linkedin.com\/company\/34739653","https:\/\/www.instagram.com\/gh0stysky"]}]}},"_links":{"self":[{"href":"https:\/\/www.ghostysky.com\/fr\/wp-json\/wp\/v2\/product\/23787","targetHints":{"allow":["GET"]}}],"collection":[{"href":"https:\/\/www.ghostysky.com\/fr\/wp-json\/wp\/v2\/product"}],"about":[{"href":"https:\/\/www.ghostysky.com\/fr\/wp-json\/wp\/v2\/types\/product"}],"replies":[{"embeddable":true,"href":"https:\/\/www.ghostysky.com\/fr\/wp-json\/wp\/v2\/comments?post=23787"}],"version-history":[{"count":0,"href":"https:\/\/www.ghostysky.com\/fr\/wp-json\/wp\/v2\/product\/23787\/revisions"}],"wp:featuredmedia":[{"embeddable":true,"href":"https:\/\/www.ghostysky.com\/fr\/wp-json\/wp\/v2\/media\/23785"}],"wp:attachment":[{"href":"https:\/\/www.ghostysky.com\/fr\/wp-json\/wp\/v2\/media?parent=23787"}],"wp:term":[{"taxonomy":"product_brand","embeddable":true,"href":"https:\/\/www.ghostysky.com\/fr\/wp-json\/wp\/v2\/product_brand?post=23787"},{"taxonomy":"product_cat","embeddable":true,"href":"https:\/\/www.ghostysky.com\/fr\/wp-json\/wp\/v2\/product_cat?post=23787"},{"taxonomy":"product_tag","embeddable":true,"href":"https:\/\/www.ghostysky.com\/fr\/wp-json\/wp\/v2\/product_tag?post=23787"}],"curies":[{"name":"wp","href":"https:\/\/api.w.org\/{rel}","templated":true}]}}