{"id":23788,"date":"2026-01-24T14:43:30","date_gmt":"2026-01-24T14:43:30","guid":{"rendered":"https:\/\/www.ghostysky.com\/?post_type=product&#038;p=23788"},"modified":"2026-04-07T14:11:33","modified_gmt":"2026-04-07T14:11:33","slug":"hesai-xt32m2x","status":"publish","type":"product","link":"https:\/\/www.ghostysky.com\/fr\/product\/hesai-xt32m2x\/","title":{"rendered":"Hesai XT32M2X"},"content":{"rendered":"<h3 data-path-to-node=\"1\">Principales caract\u00e9ristiques et avanc\u00e9es<\/h3>\n<ul data-path-to-node=\"2\">\n<li>\n<p data-path-to-node=\"2,0,0\"><b data-path-to-node=\"2,0,0\" data-index-in-node=\"0\">Port\u00e9e de d\u00e9tection \u00e9tendue\u00a0:<\/b><span class=\"citation-350\"> Capable de d\u00e9tecter des objets jusqu&#039;\u00e0 <\/span><b data-path-to-node=\"2,0,0\" data-index-in-node=\"61\"><span class=\"citation-350\">300 m\u00e8tres<\/span><\/b><span class=\"citation-350 citation-end-350\"> \u00e0 distance, avec une port\u00e9e fiable de 80 m\u00e8tres m\u00eame pour les cibles \u00e0 faible r\u00e9flectivit\u00e9 (10%) sur tous les canaux.<\/span><\/p>\n<\/li>\n<li>\n<p data-path-to-node=\"2,1,0\"><b data-path-to-node=\"2,1,0\" data-index-in-node=\"0\">Conception ultra-l\u00e9g\u00e8re\u00a0:<\/b> Pes\u00e9e uniquement <b data-path-to-node=\"2,1,0\" data-index-in-node=\"40\">490 g<\/b>, il est environ 40% plus l\u00e9ger que ses pr\u00e9d\u00e9cesseurs, permettant des temps de vol plus longs pour le drone et une meilleure stabilit\u00e9.<\/p>\n<\/li>\n<li>\n<p data-path-to-node=\"2,2,0\"><b data-path-to-node=\"2,2,0\" data-index-in-node=\"0\">Technologie \u00e0 triple retour\u00a0:<\/b><span class=\"citation-349 citation-end-349\"> Prend en charge jusqu&#039;\u00e0 3 retours par impulsion, ce qui est essentiel pour p\u00e9n\u00e9trer la v\u00e9g\u00e9tation dense afin de cartographier la surface du sol (g\u00e9n\u00e9ration de MNT) dans les applications foresti\u00e8res et agricoles.<\/span><\/p>\n<\/li>\n<li>\n<p data-path-to-node=\"2,3,0\"><b data-path-to-node=\"2,3,0\" data-index-in-node=\"0\">Zone d&#039;angle mort z\u00e9ro :<\/b><span class=\"citation-348 citation-end-348\"> Con\u00e7u de mani\u00e8re unique pour d\u00e9tecter les objets m\u00eame lorsqu&#039;ils sont en contact direct avec le bo\u00eetier du capteur, il est id\u00e9al pour la cartographie int\u00e9rieure en espaces restreints ou la robotique d&#039;entrep\u00f4t.<\/span><\/p>\n<\/li>\n<li>\n<p data-path-to-node=\"2,4,0\"><b data-path-to-node=\"2,4,0\" data-index-in-node=\"0\">Champ de vision \u00e9largi\u00a0:<\/b><span class=\"citation-347\"> Comprend un <\/span><b data-path-to-node=\"2,4,0\" data-index-in-node=\"35\"><span class=\"citation-347\">Champ de vision vertical de 40,3\u00b0<\/span><\/b><span class=\"citation-347 citation-end-347\">, une augmentation significative par rapport aux 31\u00b0 standard des mod\u00e8les XT pr\u00e9c\u00e9dents, permettant une couverture au sol plus large par passage de vol.<\/span><\/p>\n<p>&nbsp;<\/li>\n<\/ul>\n<h3 data-path-to-node=\"4\">Sp\u00e9cifications techniques<\/h3>\n<table data-path-to-node=\"5\">\n<thead>\n<tr>\n<td><strong>Fonctionnalit\u00e9<\/strong><\/td>\n<td><strong>Sp\u00e9cification<\/strong><\/td>\n<\/tr>\n<\/thead>\n<tbody>\n<tr>\n<td><span data-path-to-node=\"5,1,0,0\"><b data-path-to-node=\"5,1,0,0\" data-index-in-node=\"0\">Canaux laser<\/b><\/span><\/td>\n<td><span data-path-to-node=\"5,1,1,0\">32<\/span><\/td>\n<\/tr>\n<tr>\n<td><span data-path-to-node=\"5,2,0,0\"><b data-path-to-node=\"5,2,0,0\" data-index-in-node=\"0\">M\u00e9thode de num\u00e9risation<\/b><\/span><\/td>\n<td><span data-path-to-node=\"5,2,1,0\">Rotation m\u00e9canique \u00e0 360\u00b0<\/span><\/td>\n<\/tr>\n<tr>\n<td><span data-path-to-node=\"5,3,0,0\"><b data-path-to-node=\"5,3,0,0\" data-index-in-node=\"0\">Port\u00e9e maximale<\/b><\/span><\/td>\n<td><span data-path-to-node=\"5,3,1,0\">300 m<\/span><\/td>\n<\/tr>\n<tr>\n<td><span data-path-to-node=\"5,4,0,0\"><b data-path-to-node=\"5,4,0,0\" data-index-in-node=\"0\">Pr\u00e9cision de la port\u00e9e<\/b><\/span><\/td>\n<td><span data-path-to-node=\"5,4,1,0\">\u00b11 cm<\/span><\/td>\n<\/tr>\n<tr>\n<td><span data-path-to-node=\"5,5,0,0\"><b data-path-to-node=\"5,5,0,0\" data-index-in-node=\"0\">Champ de vision vertical<\/b><\/span><\/td>\n<td><span data-path-to-node=\"5,5,1,0\">40,3\u00b0 (-20,8\u00b0 \u00e0 +19,5\u00b0)<\/span><\/td>\n<\/tr>\n<tr>\n<td><span data-path-to-node=\"5,6,0,0\"><b data-path-to-node=\"5,6,0,0\" data-index-in-node=\"0\">R\u00e9solution horizontale<\/b><\/span><\/td>\n<td><span data-path-to-node=\"5,6,1,0\">0,09\u00b0 \u00e0 0,36\u00b0 (variable en fonction de la vitesse de rotation)<\/span><\/td>\n<\/tr>\n<tr>\n<td><span data-path-to-node=\"5,7,0,0\"><b data-path-to-node=\"5,7,0,0\" data-index-in-node=\"0\">D\u00e9bit de donn\u00e9es<\/b><\/span><\/td>\n<td><span data-path-to-node=\"5,7,1,0\">Jusqu&#039;\u00e0 1,92 million de points\/seconde (retour triple)<\/span><\/td>\n<\/tr>\n<tr>\n<td><span data-path-to-node=\"5,8,0,0\"><b data-path-to-node=\"5,8,0,0\" data-index-in-node=\"0\">Protection contre les intrusions<\/b><\/span><\/td>\n<td><span data-path-to-node=\"5,8,1,0\">IP6K7 et IP6K9K (\u00e9tanche \u00e0 la poussi\u00e8re et \u00e0 l&#039;eau)<\/span><\/td>\n<\/tr>\n<tr>\n<td><span data-path-to-node=\"5,9,0,0\"><b data-path-to-node=\"5,9,0,0\" data-index-in-node=\"0\">Consommation d&#039;\u00e9nergie<\/b><\/span><\/td>\n<td><span data-path-to-node=\"5,9,1,0\">~10W \u2013 12W<\/span><\/td>\n<\/tr>\n<\/tbody>\n<\/table>\n<p>&nbsp;<\/p>\n<h3 data-path-to-node=\"7\">Applications principales<\/h3>\n<ul data-path-to-node=\"8\">\n<li>\n<p data-path-to-node=\"8,0,0\"><b data-path-to-node=\"8,0,0\" data-index-in-node=\"0\">Lev\u00e9s topographiques et cartographie par drones\u00a0:<\/b><span class=\"citation-346\"> Souvent int\u00e9gr\u00e9es dans des charges utiles professionnelles comme le <\/span><i data-path-to-node=\"8,0,0\" data-index-in-node=\"75\"><span class=\"citation-346\">Laboratoires inertiels RESEPI<\/span><\/i><span class=\"citation-346\"> ou <\/span><i data-path-to-node=\"8,0,0\" data-index-in-node=\"99\"><span class=\"citation-346\">YellowScan Surveyor Ultra<\/span><\/i><span class=\"citation-346 citation-end-346\"> pour la cartographie topographique de haute pr\u00e9cision.<\/span><\/p>\n<\/li>\n<li>\n<p data-path-to-node=\"8,1,0\"><b data-path-to-node=\"8,1,0\" data-index-in-node=\"0\"><span class=\"citation-345\">Inspection des lignes \u00e9lectriques :<\/span><\/b><span class=\"citation-345 citation-end-345\"> La forte densit\u00e9 de points de mesure et la port\u00e9e de 300 m permettent une inspection s\u00fbre et d\u00e9taill\u00e9e des lignes de transport d&#039;\u00e9lectricit\u00e9 depuis des altitudes plus \u00e9lev\u00e9es.<\/span><\/p>\n<\/li>\n<li>\n<p data-path-to-node=\"8,2,0\"><b data-path-to-node=\"8,2,0\" data-index-in-node=\"0\">Capture de la r\u00e9alit\u00e9 et BIM\u00a0:<\/b><span class=\"citation-344\"> S\u00e9lectionn\u00e9 par des leaders du secteur comme <\/span><i data-path-to-node=\"8,2,0\" data-index-in-node=\"57\"><span class=\"citation-344\">NavVis<\/span><\/i><span class=\"citation-344 citation-end-344\"> (sp\u00e9cifiquement pour le scanner portable VLX 3) pour la cr\u00e9ation de jumeaux num\u00e9riques et de mod\u00e8les d&#039;information du b\u00e2timent.<\/span><\/p>\n<\/li>\n<li>\n<p data-path-to-node=\"8,3,0\"><b data-path-to-node=\"8,3,0\" data-index-in-node=\"0\">Robotique industrielle :<\/b> Utilis\u00e9 dans les AGV et les AMR qui n\u00e9cessitent une navigation de haute pr\u00e9cision dans des environnements complexes et encombr\u00e9s.<\/p>\n<\/li>\n<\/ul>\n<blockquote data-path-to-node=\"9\">\n<p data-path-to-node=\"9,0\"><b data-path-to-node=\"9,0\" data-index-in-node=\"0\">Note de l&#039;expert\u00a0:<\/b><span class=\"citation-343 citation-end-343\"> Le XT32M2X utilise les ASIC (circuits int\u00e9gr\u00e9s sp\u00e9cifiques \u00e0 l&#039;application) propri\u00e9taires de Hesai, ce qui r\u00e9duit la complexit\u00e9 interne et les taux de d\u00e9faillance tout en am\u00e9liorant la \u00ab propret\u00e9 \u00bb des donn\u00e9es du nuage de points (niveaux de bruit plus faibles) par rapport aux capteurs g\u00e9n\u00e9riques \u00e0 16 ou 32 canaux.<\/span><\/p>\n<\/blockquote>","protected":false},"excerpt":{"rendered":"<p><span class=\"citation-352\">Le <\/span><b data-path-to-node=\"0\" data-index-in-node=\"4\"><span class=\"citation-352\">Hesai XT32M2X<\/span><\/b><span class=\"citation-352 citation-end-352\"> Il s&#039;agit d&#039;un capteur LiDAR de moyenne port\u00e9e \u00e0 32 canaux de haute pr\u00e9cision, sp\u00e9cialement con\u00e7u pour la cartographie de pr\u00e9cision et l&#039;automatisation industrielle haut de gamme.<\/span> <span class=\"citation-351 citation-end-351\">Il s&#039;agit de la deuxi\u00e8me g\u00e9n\u00e9ration de l&#039;\u00e9volution de la populaire s\u00e9rie XT32, caract\u00e9ris\u00e9e par un poids consid\u00e9rablement r\u00e9duit et des capacit\u00e9s de port\u00e9e am\u00e9lior\u00e9es, adapt\u00e9es \u00e0 l&#039;int\u00e9gration des drones.<\/span><\/p>","protected":false},"featured_media":23785,"comment_status":"open","ping_status":"closed","template":"","meta":[],"product_brand":[1338],"product_cat":[1337,1037,1040],"product_tag":[1339,1340],"class_list":{"0":"post-23788","1":"product","2":"type-product","3":"status-publish","4":"has-post-thumbnail","6":"product_brand-hesai","7":"product_cat-hesai-lidars","8":"product_cat-robotics","9":"product_cat-sensors-robotics","10":"product_tag-hesai","11":"product_tag-hesai-lidars","13":"first","14":"onbackorder","15":"taxable","16":"shipping-taxable","17":"product-type-simple"},"yoast_head":"<!-- This site is optimized with the Yoast SEO plugin v27.4 - https:\/\/yoast.com\/product\/yoast-seo-wordpress\/ -->\n<title>Hesai XT32M2X - Ghostysky<\/title>\n<meta name=\"description\" content=\"The Hesai XT32M2X is a high-precision, 32-channel mid-range LiDAR sensor specifically engineered for survey-grade mapping and high-end industrial automation. It is the second-generation evolution of the popular XT32 series, featuring a significantly reduced weight and enhanced range capabilities tailored for UAV (drone) integration.\" \/>\n<meta name=\"robots\" content=\"index, follow, max-snippet:-1, max-image-preview:large, max-video-preview:-1\" \/>\n<link rel=\"canonical\" href=\"https:\/\/www.ghostysky.com\/fr\/product\/hesai-xt32m2x\/\" \/>\n<meta property=\"og:locale\" content=\"fr_FR\" \/>\n<meta property=\"og:type\" content=\"article\" \/>\n<meta property=\"og:title\" content=\"Hesai XT32M2X - Ghostysky\" \/>\n<meta property=\"og:description\" content=\"The Hesai XT32M2X is a high-precision, 32-channel mid-range LiDAR sensor specifically engineered for survey-grade mapping and high-end industrial automation. It is the second-generation evolution of the popular XT32 series, featuring a significantly reduced weight and enhanced range capabilities tailored for UAV (drone) integration.\" \/>\n<meta property=\"og:url\" content=\"https:\/\/www.ghostysky.com\/fr\/product\/hesai-xt32m2x\/\" \/>\n<meta property=\"og:site_name\" content=\"Ghostysky\" \/>\n<meta property=\"article:publisher\" content=\"https:\/\/www.facebook.com\/people\/Ghostysky\/100057676170234\/\" \/>\n<meta property=\"article:modified_time\" content=\"2026-04-07T14:11:33+00:00\" \/>\n<meta property=\"og:image\" content=\"https:\/\/www.ghostysky.com\/wp-content\/uploads\/2026\/01\/GH_Hesai_XT16_1.png\" \/>\n\t<meta property=\"og:image:width\" content=\"480\" \/>\n\t<meta property=\"og:image:height\" content=\"270\" \/>\n\t<meta property=\"og:image:type\" content=\"image\/png\" \/>\n<meta name=\"twitter:card\" content=\"summary_large_image\" \/>\n<meta name=\"twitter:site\" content=\"@Gh0stysky\" \/>\n<meta name=\"twitter:label1\" content=\"Dur\u00e9e de lecture estim\u00e9e\" \/>\n\t<meta name=\"twitter:data1\" content=\"2 minutes\" \/>\n<script type=\"application\/ld+json\" class=\"yoast-schema-graph\">{\"@context\":\"https:\\\/\\\/schema.org\",\"@graph\":[{\"@type\":\"WebPage\",\"@id\":\"https:\\\/\\\/www.ghostysky.com\\\/product\\\/hesai-xt32m2x\\\/\",\"url\":\"https:\\\/\\\/www.ghostysky.com\\\/product\\\/hesai-xt32m2x\\\/\",\"name\":\"Hesai XT32M2X - Ghostysky\",\"isPartOf\":{\"@id\":\"https:\\\/\\\/www.ghostysky.com\\\/#website\"},\"primaryImageOfPage\":{\"@id\":\"https:\\\/\\\/www.ghostysky.com\\\/product\\\/hesai-xt32m2x\\\/#primaryimage\"},\"image\":{\"@id\":\"https:\\\/\\\/www.ghostysky.com\\\/product\\\/hesai-xt32m2x\\\/#primaryimage\"},\"thumbnailUrl\":\"https:\\\/\\\/www.ghostysky.com\\\/wp-content\\\/uploads\\\/2026\\\/01\\\/GH_Hesai_XT16_1.png\",\"datePublished\":\"2026-01-24T14:43:30+00:00\",\"dateModified\":\"2026-04-07T14:11:33+00:00\",\"description\":\"The Hesai XT32M2X is a high-precision, 32-channel mid-range LiDAR sensor specifically engineered for survey-grade mapping and high-end industrial automation. It is the second-generation evolution of the popular XT32 series, featuring a significantly reduced weight and enhanced range capabilities tailored for UAV (drone) integration.\",\"breadcrumb\":{\"@id\":\"https:\\\/\\\/www.ghostysky.com\\\/product\\\/hesai-xt32m2x\\\/#breadcrumb\"},\"inLanguage\":\"fr-FR\",\"potentialAction\":[{\"@type\":\"ReadAction\",\"target\":[\"https:\\\/\\\/www.ghostysky.com\\\/product\\\/hesai-xt32m2x\\\/\"]}]},{\"@type\":\"ImageObject\",\"inLanguage\":\"fr-FR\",\"@id\":\"https:\\\/\\\/www.ghostysky.com\\\/product\\\/hesai-xt32m2x\\\/#primaryimage\",\"url\":\"https:\\\/\\\/www.ghostysky.com\\\/wp-content\\\/uploads\\\/2026\\\/01\\\/GH_Hesai_XT16_1.png\",\"contentUrl\":\"https:\\\/\\\/www.ghostysky.com\\\/wp-content\\\/uploads\\\/2026\\\/01\\\/GH_Hesai_XT16_1.png\",\"width\":480,\"height\":270},{\"@type\":\"BreadcrumbList\",\"@id\":\"https:\\\/\\\/www.ghostysky.com\\\/product\\\/hesai-xt32m2x\\\/#breadcrumb\",\"itemListElement\":[{\"@type\":\"ListItem\",\"position\":1,\"name\":\"Home\",\"item\":\"https:\\\/\\\/www.ghostysky.com\\\/\"},{\"@type\":\"ListItem\",\"position\":2,\"name\":\"Shop\",\"item\":\"https:\\\/\\\/www.ghostysky.com\\\/shop\\\/\"},{\"@type\":\"ListItem\",\"position\":3,\"name\":\"Hesai XT32M2X\"}]},{\"@type\":\"WebSite\",\"@id\":\"https:\\\/\\\/www.ghostysky.com\\\/#website\",\"url\":\"https:\\\/\\\/www.ghostysky.com\\\/\",\"name\":\"Ghostysky\",\"description\":\"Delivering professional drones and services\",\"publisher\":{\"@id\":\"https:\\\/\\\/www.ghostysky.com\\\/#organization\"},\"potentialAction\":[{\"@type\":\"SearchAction\",\"target\":{\"@type\":\"EntryPoint\",\"urlTemplate\":\"https:\\\/\\\/www.ghostysky.com\\\/?s={search_term_string}\"},\"query-input\":{\"@type\":\"PropertyValueSpecification\",\"valueRequired\":true,\"valueName\":\"search_term_string\"}}],\"inLanguage\":\"fr-FR\"},{\"@type\":\"Organization\",\"@id\":\"https:\\\/\\\/www.ghostysky.com\\\/#organization\",\"name\":\"Ghostysky\",\"url\":\"https:\\\/\\\/www.ghostysky.com\\\/\",\"logo\":{\"@type\":\"ImageObject\",\"inLanguage\":\"fr-FR\",\"@id\":\"https:\\\/\\\/www.ghostysky.com\\\/#\\\/schema\\\/logo\\\/image\\\/\",\"url\":\"https:\\\/\\\/www.ghostysky.com\\\/wp-content\\\/uploads\\\/2020\\\/06\\\/cropped-ghostyskylogo_text_white2.png\",\"contentUrl\":\"https:\\\/\\\/www.ghostysky.com\\\/wp-content\\\/uploads\\\/2020\\\/06\\\/cropped-ghostyskylogo_text_white2.png\",\"width\":169,\"height\":56,\"caption\":\"Ghostysky\"},\"image\":{\"@id\":\"https:\\\/\\\/www.ghostysky.com\\\/#\\\/schema\\\/logo\\\/image\\\/\"},\"sameAs\":[\"https:\\\/\\\/www.facebook.com\\\/people\\\/Ghostysky\\\/100057676170234\\\/\",\"https:\\\/\\\/x.com\\\/Gh0stysky\",\"https:\\\/\\\/www.linkedin.com\\\/company\\\/34739653\",\"https:\\\/\\\/www.instagram.com\\\/gh0stysky\"]}]}<\/script>\n<!-- \/ Yoast SEO plugin. -->","yoast_head_json":{"title":"Hesai XT32M2X - Ghostysky","description":"Le Hesai XT32M2X est un capteur LiDAR de moyenne port\u00e9e \u00e0 32 canaux de haute pr\u00e9cision, con\u00e7u sp\u00e9cifiquement pour la cartographie topographique et l&#039;automatisation industrielle de pointe. Il s&#039;agit de la deuxi\u00e8me g\u00e9n\u00e9ration de la populaire s\u00e9rie XT32, offrant un poids consid\u00e9rablement r\u00e9duit et une port\u00e9e accrue, id\u00e9ale pour l&#039;int\u00e9gration aux drones.","robots":{"index":"index","follow":"follow","max-snippet":"max-snippet:-1","max-image-preview":"max-image-preview:large","max-video-preview":"max-video-preview:-1"},"canonical":"https:\/\/www.ghostysky.com\/fr\/product\/hesai-xt32m2x\/","og_locale":"fr_FR","og_type":"article","og_title":"Hesai XT32M2X - Ghostysky","og_description":"The Hesai XT32M2X is a high-precision, 32-channel mid-range LiDAR sensor specifically engineered for survey-grade mapping and high-end industrial automation. It is the second-generation evolution of the popular XT32 series, featuring a significantly reduced weight and enhanced range capabilities tailored for UAV (drone) integration.","og_url":"https:\/\/www.ghostysky.com\/fr\/product\/hesai-xt32m2x\/","og_site_name":"Ghostysky","article_publisher":"https:\/\/www.facebook.com\/people\/Ghostysky\/100057676170234\/","article_modified_time":"2026-04-07T14:11:33+00:00","og_image":[{"width":480,"height":270,"url":"https:\/\/www.ghostysky.com\/wp-content\/uploads\/2026\/01\/GH_Hesai_XT16_1.png","type":"image\/png"}],"twitter_card":"summary_large_image","twitter_site":"@Gh0stysky","twitter_misc":{"Dur\u00e9e de lecture estim\u00e9e":"2 minutes"},"schema":{"@context":"https:\/\/schema.org","@graph":[{"@type":"WebPage","@id":"https:\/\/www.ghostysky.com\/product\/hesai-xt32m2x\/","url":"https:\/\/www.ghostysky.com\/product\/hesai-xt32m2x\/","name":"Hesai XT32M2X - Ghostysky","isPartOf":{"@id":"https:\/\/www.ghostysky.com\/#website"},"primaryImageOfPage":{"@id":"https:\/\/www.ghostysky.com\/product\/hesai-xt32m2x\/#primaryimage"},"image":{"@id":"https:\/\/www.ghostysky.com\/product\/hesai-xt32m2x\/#primaryimage"},"thumbnailUrl":"https:\/\/www.ghostysky.com\/wp-content\/uploads\/2026\/01\/GH_Hesai_XT16_1.png","datePublished":"2026-01-24T14:43:30+00:00","dateModified":"2026-04-07T14:11:33+00:00","description":"Le Hesai XT32M2X est un capteur LiDAR de moyenne port\u00e9e \u00e0 32 canaux de haute pr\u00e9cision, con\u00e7u sp\u00e9cifiquement pour la cartographie topographique et l&#039;automatisation industrielle de pointe. Il s&#039;agit de la deuxi\u00e8me g\u00e9n\u00e9ration de la populaire s\u00e9rie XT32, offrant un poids consid\u00e9rablement r\u00e9duit et une port\u00e9e accrue, id\u00e9ale pour l&#039;int\u00e9gration aux drones.","breadcrumb":{"@id":"https:\/\/www.ghostysky.com\/product\/hesai-xt32m2x\/#breadcrumb"},"inLanguage":"fr-FR","potentialAction":[{"@type":"ReadAction","target":["https:\/\/www.ghostysky.com\/product\/hesai-xt32m2x\/"]}]},{"@type":"ImageObject","inLanguage":"fr-FR","@id":"https:\/\/www.ghostysky.com\/product\/hesai-xt32m2x\/#primaryimage","url":"https:\/\/www.ghostysky.com\/wp-content\/uploads\/2026\/01\/GH_Hesai_XT16_1.png","contentUrl":"https:\/\/www.ghostysky.com\/wp-content\/uploads\/2026\/01\/GH_Hesai_XT16_1.png","width":480,"height":270},{"@type":"BreadcrumbList","@id":"https:\/\/www.ghostysky.com\/product\/hesai-xt32m2x\/#breadcrumb","itemListElement":[{"@type":"ListItem","position":1,"name":"Home","item":"https:\/\/www.ghostysky.com\/"},{"@type":"ListItem","position":2,"name":"Shop","item":"https:\/\/www.ghostysky.com\/shop\/"},{"@type":"ListItem","position":3,"name":"Hesai XT32M2X"}]},{"@type":"WebSite","@id":"https:\/\/www.ghostysky.com\/#website","url":"https:\/\/www.ghostysky.com\/","name":"Ghostysky","description":"Livraison de drones et de services professionnels","publisher":{"@id":"https:\/\/www.ghostysky.com\/#organization"},"potentialAction":[{"@type":"SearchAction","target":{"@type":"EntryPoint","urlTemplate":"https:\/\/www.ghostysky.com\/?s={search_term_string}"},"query-input":{"@type":"PropertyValueSpecification","valueRequired":true,"valueName":"search_term_string"}}],"inLanguage":"fr-FR"},{"@type":"Organization","@id":"https:\/\/www.ghostysky.com\/#organization","name":"Ghostysky","url":"https:\/\/www.ghostysky.com\/","logo":{"@type":"ImageObject","inLanguage":"fr-FR","@id":"https:\/\/www.ghostysky.com\/#\/schema\/logo\/image\/","url":"https:\/\/www.ghostysky.com\/wp-content\/uploads\/2020\/06\/cropped-ghostyskylogo_text_white2.png","contentUrl":"https:\/\/www.ghostysky.com\/wp-content\/uploads\/2020\/06\/cropped-ghostyskylogo_text_white2.png","width":169,"height":56,"caption":"Ghostysky"},"image":{"@id":"https:\/\/www.ghostysky.com\/#\/schema\/logo\/image\/"},"sameAs":["https:\/\/www.facebook.com\/people\/Ghostysky\/100057676170234\/","https:\/\/x.com\/Gh0stysky","https:\/\/www.linkedin.com\/company\/34739653","https:\/\/www.instagram.com\/gh0stysky"]}]}},"_links":{"self":[{"href":"https:\/\/www.ghostysky.com\/fr\/wp-json\/wp\/v2\/product\/23788","targetHints":{"allow":["GET"]}}],"collection":[{"href":"https:\/\/www.ghostysky.com\/fr\/wp-json\/wp\/v2\/product"}],"about":[{"href":"https:\/\/www.ghostysky.com\/fr\/wp-json\/wp\/v2\/types\/product"}],"replies":[{"embeddable":true,"href":"https:\/\/www.ghostysky.com\/fr\/wp-json\/wp\/v2\/comments?post=23788"}],"version-history":[{"count":0,"href":"https:\/\/www.ghostysky.com\/fr\/wp-json\/wp\/v2\/product\/23788\/revisions"}],"wp:featuredmedia":[{"embeddable":true,"href":"https:\/\/www.ghostysky.com\/fr\/wp-json\/wp\/v2\/media\/23785"}],"wp:attachment":[{"href":"https:\/\/www.ghostysky.com\/fr\/wp-json\/wp\/v2\/media?parent=23788"}],"wp:term":[{"taxonomy":"product_brand","embeddable":true,"href":"https:\/\/www.ghostysky.com\/fr\/wp-json\/wp\/v2\/product_brand?post=23788"},{"taxonomy":"product_cat","embeddable":true,"href":"https:\/\/www.ghostysky.com\/fr\/wp-json\/wp\/v2\/product_cat?post=23788"},{"taxonomy":"product_tag","embeddable":true,"href":"https:\/\/www.ghostysky.com\/fr\/wp-json\/wp\/v2\/product_tag?post=23788"}],"curies":[{"name":"wp","href":"https:\/\/api.w.org\/{rel}","templated":true}]}}