{"id":23801,"date":"2026-01-26T15:10:09","date_gmt":"2026-01-26T15:10:09","guid":{"rendered":"https:\/\/www.ghostysky.com\/?post_type=product&#038;p=23801"},"modified":"2026-01-26T15:32:42","modified_gmt":"2026-01-26T15:32:42","slug":"agibot-x2","status":"publish","type":"product","link":"https:\/\/www.ghostysky.com\/fr\/product\/agibot-x2\/","title":{"rendered":"Agibot X2"},"content":{"rendered":"<h3 data-path-to-node=\"3\"><b style=\"font-size: 16px;\" data-path-to-node=\"6\" data-index-in-node=\"0\">Capacit\u00e9s de base<\/b><\/h3>\n<ul data-path-to-node=\"7\">\n<li>\n<p data-path-to-node=\"7,0,0\"><b data-path-to-node=\"7,0,0\" data-index-in-node=\"0\">Prouesses athl\u00e9tiques :<\/b><span class=\"citation-25 citation-end-25\"> Contrairement \u00e0 de nombreux humano\u00efdes rigides, le X2 est dot\u00e9 d&#039;une \u00ab cheville bionique \u00bb et d&#039;une cin\u00e9matique fluide comme un liquide.<\/span> <span class=\"citation-24\">Il a acquis une notori\u00e9t\u00e9 virale pour \u00eatre le premier humano\u00efde \u00e0 atterrir sur un <\/span><b data-path-to-node=\"7,0,0\" data-index-in-node=\"174\"><span class=\"citation-24\">Webster Flip<\/span><\/b><span class=\"citation-24 citation-end-24\">et il peut ex\u00e9cuter des chor\u00e9graphies complexes, faire du v\u00e9lo et ex\u00e9cuter des s\u00e9quences d&#039;arts martiaux avec une pr\u00e9cision \u00e0 toute \u00e9preuve.<\/span><\/p>\n<\/li>\n<li>\n<p data-path-to-node=\"7,1,0\"><b data-path-to-node=\"7,1,0\" data-index-in-node=\"0\"><span class=\"citation-23\">Interaction multimodale :<\/span><\/b><span class=\"citation-23\"> Propuls\u00e9 par le <\/span><b data-path-to-node=\"7,1,0\" data-index-in-node=\"39\"><span class=\"citation-23\">Mod\u00e8le de fondation GO-1<\/span><\/b><span class=\"citation-23 citation-end-23\">Le X2 est un robot \u00ab expressif \u00bb.<\/span> <span class=\"citation-22 citation-end-22\">Il utilise un mod\u00e8le de langage visuel (VLM) pour comprendre son environnement en quelques millisecondes, ce qui lui permet de lire des instructions \u00e0 voix haute, de reconna\u00eetre les expressions faciales et d&#039;imiter la respiration humaine et les gestes subtils.<\/span><\/p>\n<\/li>\n<li>\n<p data-path-to-node=\"7,2,0\"><b data-path-to-node=\"7,2,0\" data-index-in-node=\"0\"><span class=\"citation-21\">G\u00e9n\u00e9ralisation sans exemple :<\/span><\/b><span class=\"citation-21\"> Par son <\/span><b data-path-to-node=\"7,2,0\" data-index-in-node=\"38\"><span class=\"citation-21\">ViLLA (Vision-Langage-Locomotion-Action)<\/span><\/b><span class=\"citation-21 citation-end-21\"> Gr\u00e2ce \u00e0 sa pile logicielle, le X2 peut g\u00e9rer des outils et des t\u00e2ches pour lesquels il n&#039;a pas \u00e9t\u00e9 explicitement programm\u00e9, ce qui en fait une machine \u00ab g\u00e9n\u00e9raliste \u00bb plut\u00f4t qu&#039;une machine \u00e0 usage unique.<\/span><\/p>\n<\/li>\n<li>\n<p data-path-to-node=\"7,3,0\"><b data-path-to-node=\"7,3,0\" data-index-in-node=\"0\"><span class=\"citation-20\">Conception ax\u00e9e sur la s\u00e9curit\u00e9 :<\/span><\/b><span class=\"citation-20 citation-end-20\"> L&#039;ext\u00e9rieur est recouvert de mousse TPU r\u00e9sistante aux chocs, et les articulations sont \u00e0 force limit\u00e9e, ce qui le rend s\u00fbr pour une interaction rapproch\u00e9e dans les espaces publics ou domestiques.<\/span><\/p>\n<p>&nbsp;<\/li>\n<\/ul>\n<h3 data-path-to-node=\"9\"><b data-path-to-node=\"9\" data-index-in-node=\"0\">Principaux cas d&#039;utilisation<\/b><\/h3>\n<ol start=\"1\" data-path-to-node=\"10\">\n<li>\n<p data-path-to-node=\"10,0,0\"><b data-path-to-node=\"10,0,0\" data-index-in-node=\"0\">Divertissement et spectacles :<\/b><span class=\"citation-19\"> Id\u00e9al comme ambassadeur de marque ou \u00ab compagnon TikTok \u00bb, le X2 peut reproduire les mouvements humains t\u00e9l\u00e9charg\u00e9s via vid\u00e9o gr\u00e2ce \u00e0 <\/span><b data-path-to-node=\"10,0,0\" data-index-in-node=\"146\"><span class=\"citation-19\">LinkCraft<\/span><\/b><span class=\"citation-19 citation-end-19\"> plate-forme.<\/span><\/p>\n<\/li>\n<li>\n<p data-path-to-node=\"10,1,0\"><b data-path-to-node=\"10,1,0\" data-index-in-node=\"0\"><span class=\"citation-18\">\u00c9ducation et recherche :<\/span><\/b><span class=\"citation-18 citation-end-18\"> Gr\u00e2ce \u00e0 sa compatibilit\u00e9 open source et \u00e0 sa conception modulaire, elle constitue une plateforme robuste pour les d\u00e9veloppeurs d&#039;IA et les universit\u00e9s.<\/span><\/p>\n<\/li>\n<li>\n<p data-path-to-node=\"10,2,0\"><b data-path-to-node=\"10,2,0\" data-index-in-node=\"0\">Service interactif\u00a0:<\/b><span class=\"citation-17 citation-end-17\"> Sa taille compacte et son intelligence artificielle \u00e9motionnelle la rendent id\u00e9ale pour l&#039;assistance aux personnes \u00e2g\u00e9es, l&#039;accueil et les visites guid\u00e9es.<\/span><\/p>\n<\/li>\n<li>\n<p data-path-to-node=\"10,3,0\"><b data-path-to-node=\"10,3,0\" data-index-in-node=\"0\"><span class=\"citation-16\">Industrie l\u00e9g\u00e8re\/S\u00e9curit\u00e9 :<\/span><\/b><span class=\"citation-16 citation-end-16\"> Capable de navigation autonome, de cartographie 3D (via LiDAR et cam\u00e9ras RGB-D) et de manipulation d&#039;objets l\u00e9gers pour des t\u00e2ches de patrouille ou de rassemblement.<\/span><\/p>\n<p>&nbsp;<\/li>\n<\/ol>\n<h3 data-path-to-node=\"12\"><b data-path-to-node=\"12\" data-index-in-node=\"0\">Pourquoi le X2 se d\u00e9marque<\/b><\/h3>\n<p data-path-to-node=\"13\"><span class=\"citation-15 citation-end-15\">L&#039;Agibot X2 n&#039;est pas qu&#039;un prototype ; c&#039;est un syst\u00e8me pr\u00eat pour la production.<\/span> <span class=\"citation-14\">En \u00e9quilibrant <\/span><b data-path-to-node=\"13\" data-index-in-node=\"83\"><span class=\"citation-14\">\u00ab 1 corps + 3 intelligences \u00bb<\/span><\/b><span class=\"citation-14 citation-end-14\"> (Interaction, Manipulation et Locomotion) : Agibot a cr\u00e9\u00e9 un robot qui ressemble moins \u00e0 une machine et plus \u00e0 un compagnon r\u00e9actif et intelligent.<\/span><\/p>\n<h3 data-path-to-node=\"3\"><b data-path-to-node=\"3\" data-index-in-node=\"0\">Caract\u00e9ristiques techniques cl\u00e9s<\/b><\/h3>\n<p><a href=\"https:\/\/www.ghostysky.com\/wp-content\/uploads\/2026\/01\/GH_Agibot_X2_TSpecs.png\"><img fetchpriority=\"high\" decoding=\"async\" class=\"alignnone wp-image-23815 size-full lazyload\" src=\"data:image\/gif;base64,R0lGODlhAQABAAAAACH5BAEKAAEALAAAAAABAAEAAAICTAEAOw==\" alt=\"\" width=\"1109\" height=\"2444\" sizes=\"(max-width: 1109px) 100vw, 1109px\" data-src=\"data:image\/gif;base64,R0lGODlhAQABAAAAACH5BAEKAAEALAAAAAABAAEAAAICTAEAOw==\" data-srcset=\"\" srcset=\"\"><\/a><\/p>","protected":false},"excerpt":{"rendered":"<p><span class=\"citation-27\">Le <\/span><b data-path-to-node=\"1\" data-index-in-node=\"4\"><span class=\"citation-27\">Agibot X2<\/span><\/b><span class=\"citation-27 citation-end-27\"> (Faisant partie de la s\u00e9rie Lingxi) repr\u00e9sente une avanc\u00e9e majeure dans le domaine de la robotique humano\u00efde \u00ab demi-taille \u00bb, con\u00e7ue pour combler le foss\u00e9 entre la recherche complexe et le d\u00e9ploiement commercial dans le monde r\u00e9el.<\/span> <span class=\"citation-26 citation-end-26\">D\u00e9voil\u00e9 comme un agent extr\u00eamement agile et expressif, le X2 est con\u00e7u pour la polyvalence, capable de tout, des interactions humaines d\u00e9licates aux exploits athl\u00e9tiques de haute intensit\u00e9 comme le kung-fu et les saltos arri\u00e8re.<\/span><\/p>","protected":false},"featured_media":23806,"comment_status":"open","ping_status":"closed","template":"","meta":[],"product_brand":[1345],"product_cat":[1342,1343,1038,1037],"product_tag":[1346,1348,1347],"class_list":{"0":"post-23801","1":"product","2":"type-product","3":"status-publish","4":"has-post-thumbnail","6":"product_brand-agibot","7":"product_cat-agibot","8":"product_cat-agibot-robots","9":"product_cat-humanoid","10":"product_cat-robotics","11":"product_tag-agibot","12":"product_tag-agibot-x2-humanoid","13":"product_tag-agibot-x2-series","15":"first","16":"outofstock","17":"taxable","18":"shipping-taxable","19":"purchasable","20":"product-type-simple"},"yoast_head":"<!-- This site is optimized with the Yoast SEO plugin v27.4 - https:\/\/yoast.com\/product\/yoast-seo-wordpress\/ -->\n<title>Agibot X2 - Ghostysky<\/title>\n<meta name=\"description\" content=\"The Agibot X2 (part of the Lingxi series) represents a breakthrough in &quot;half-sized&quot; humanoid robotics, designed to bridge the gap between complex research and real-world commercial deployment. Unveiled as a highly agile and expressive agent, the X2 is engineered for versatility\u2014capable of everything from delicate human interaction to high-intensity athletic feats like kung fu and backflips.\" \/>\n<meta name=\"robots\" content=\"index, follow, max-snippet:-1, max-image-preview:large, max-video-preview:-1\" \/>\n<link rel=\"canonical\" href=\"https:\/\/www.ghostysky.com\/fr\/product\/agibot-x2\/\" \/>\n<meta property=\"og:locale\" content=\"fr_FR\" \/>\n<meta property=\"og:type\" content=\"article\" \/>\n<meta property=\"og:title\" content=\"Agibot X2 - Ghostysky\" \/>\n<meta property=\"og:description\" content=\"The Agibot X2 (part of the Lingxi series) represents a breakthrough in &quot;half-sized&quot; humanoid robotics, designed to bridge the gap between complex research and real-world commercial deployment. Unveiled as a highly agile and expressive agent, the X2 is engineered for versatility\u2014capable of everything from delicate human interaction to high-intensity athletic feats like kung fu and backflips.\" \/>\n<meta property=\"og:url\" content=\"https:\/\/www.ghostysky.com\/fr\/product\/agibot-x2\/\" \/>\n<meta property=\"og:site_name\" content=\"Ghostysky\" \/>\n<meta property=\"article:publisher\" content=\"https:\/\/www.facebook.com\/people\/Ghostysky\/100057676170234\/\" \/>\n<meta property=\"article:modified_time\" content=\"2026-01-26T15:32:42+00:00\" \/>\n<meta property=\"og:image\" content=\"https:\/\/www.ghostysky.com\/wp-content\/uploads\/2026\/01\/GH_Agibot_X2_1.jpg\" \/>\n\t<meta property=\"og:image:width\" content=\"700\" \/>\n\t<meta property=\"og:image:height\" content=\"700\" \/>\n\t<meta property=\"og:image:type\" content=\"image\/jpeg\" \/>\n<meta name=\"twitter:card\" content=\"summary_large_image\" \/>\n<meta name=\"twitter:site\" content=\"@Gh0stysky\" \/>\n<meta name=\"twitter:label1\" content=\"Dur\u00e9e de lecture estim\u00e9e\" \/>\n\t<meta name=\"twitter:data1\" content=\"2 minutes\" \/>\n<script type=\"application\/ld+json\" class=\"yoast-schema-graph\">{\"@context\":\"https:\\\/\\\/schema.org\",\"@graph\":[{\"@type\":\"WebPage\",\"@id\":\"https:\\\/\\\/www.ghostysky.com\\\/product\\\/agibot-x2\\\/\",\"url\":\"https:\\\/\\\/www.ghostysky.com\\\/product\\\/agibot-x2\\\/\",\"name\":\"Agibot X2 - Ghostysky\",\"isPartOf\":{\"@id\":\"https:\\\/\\\/www.ghostysky.com\\\/#website\"},\"primaryImageOfPage\":{\"@id\":\"https:\\\/\\\/www.ghostysky.com\\\/product\\\/agibot-x2\\\/#primaryimage\"},\"image\":{\"@id\":\"https:\\\/\\\/www.ghostysky.com\\\/product\\\/agibot-x2\\\/#primaryimage\"},\"thumbnailUrl\":\"https:\\\/\\\/www.ghostysky.com\\\/wp-content\\\/uploads\\\/2026\\\/01\\\/GH_Agibot_X2_1.jpg\",\"datePublished\":\"2026-01-26T15:10:09+00:00\",\"dateModified\":\"2026-01-26T15:32:42+00:00\",\"description\":\"The Agibot X2 (part of the Lingxi series) represents a breakthrough in \\\"half-sized\\\" humanoid robotics, designed to bridge the gap between complex research and real-world commercial deployment. Unveiled as a highly agile and expressive agent, the X2 is engineered for versatility\u2014capable of everything from delicate human interaction to high-intensity athletic feats like kung fu and backflips.\",\"breadcrumb\":{\"@id\":\"https:\\\/\\\/www.ghostysky.com\\\/product\\\/agibot-x2\\\/#breadcrumb\"},\"inLanguage\":\"fr-FR\",\"potentialAction\":[{\"@type\":\"ReadAction\",\"target\":[\"https:\\\/\\\/www.ghostysky.com\\\/product\\\/agibot-x2\\\/\"]}]},{\"@type\":\"ImageObject\",\"inLanguage\":\"fr-FR\",\"@id\":\"https:\\\/\\\/www.ghostysky.com\\\/product\\\/agibot-x2\\\/#primaryimage\",\"url\":\"https:\\\/\\\/www.ghostysky.com\\\/wp-content\\\/uploads\\\/2026\\\/01\\\/GH_Agibot_X2_1.jpg\",\"contentUrl\":\"https:\\\/\\\/www.ghostysky.com\\\/wp-content\\\/uploads\\\/2026\\\/01\\\/GH_Agibot_X2_1.jpg\",\"width\":700,\"height\":700},{\"@type\":\"BreadcrumbList\",\"@id\":\"https:\\\/\\\/www.ghostysky.com\\\/product\\\/agibot-x2\\\/#breadcrumb\",\"itemListElement\":[{\"@type\":\"ListItem\",\"position\":1,\"name\":\"Home\",\"item\":\"https:\\\/\\\/www.ghostysky.com\\\/\"},{\"@type\":\"ListItem\",\"position\":2,\"name\":\"Shop\",\"item\":\"https:\\\/\\\/www.ghostysky.com\\\/shop\\\/\"},{\"@type\":\"ListItem\",\"position\":3,\"name\":\"Agibot X2\"}]},{\"@type\":\"WebSite\",\"@id\":\"https:\\\/\\\/www.ghostysky.com\\\/#website\",\"url\":\"https:\\\/\\\/www.ghostysky.com\\\/\",\"name\":\"Ghostysky\",\"description\":\"Delivering professional drones and services\",\"publisher\":{\"@id\":\"https:\\\/\\\/www.ghostysky.com\\\/#organization\"},\"potentialAction\":[{\"@type\":\"SearchAction\",\"target\":{\"@type\":\"EntryPoint\",\"urlTemplate\":\"https:\\\/\\\/www.ghostysky.com\\\/?s={search_term_string}\"},\"query-input\":{\"@type\":\"PropertyValueSpecification\",\"valueRequired\":true,\"valueName\":\"search_term_string\"}}],\"inLanguage\":\"fr-FR\"},{\"@type\":\"Organization\",\"@id\":\"https:\\\/\\\/www.ghostysky.com\\\/#organization\",\"name\":\"Ghostysky\",\"url\":\"https:\\\/\\\/www.ghostysky.com\\\/\",\"logo\":{\"@type\":\"ImageObject\",\"inLanguage\":\"fr-FR\",\"@id\":\"https:\\\/\\\/www.ghostysky.com\\\/#\\\/schema\\\/logo\\\/image\\\/\",\"url\":\"https:\\\/\\\/www.ghostysky.com\\\/wp-content\\\/uploads\\\/2020\\\/06\\\/cropped-ghostyskylogo_text_white2.png\",\"contentUrl\":\"https:\\\/\\\/www.ghostysky.com\\\/wp-content\\\/uploads\\\/2020\\\/06\\\/cropped-ghostyskylogo_text_white2.png\",\"width\":169,\"height\":56,\"caption\":\"Ghostysky\"},\"image\":{\"@id\":\"https:\\\/\\\/www.ghostysky.com\\\/#\\\/schema\\\/logo\\\/image\\\/\"},\"sameAs\":[\"https:\\\/\\\/www.facebook.com\\\/people\\\/Ghostysky\\\/100057676170234\\\/\",\"https:\\\/\\\/x.com\\\/Gh0stysky\",\"https:\\\/\\\/www.linkedin.com\\\/company\\\/34739653\",\"https:\\\/\\\/www.instagram.com\\\/gh0stysky\"]}]}<\/script>\n<!-- \/ Yoast SEO plugin. -->","yoast_head_json":{"title":"Agibot X2 - Ghostysky","description":"L&#039;Agibot X2 (de la gamme Lingxi) repr\u00e9sente une avanc\u00e9e majeure dans le domaine de la robotique humano\u00efde \u00ab\u00a0demi-taille\u00a0\u00bb, con\u00e7ue pour faciliter la transition entre la recherche fondamentale et les applications commerciales concr\u00e8tes. Pr\u00e9sent\u00e9 comme un agent extr\u00eamement agile et expressif, le X2 est con\u00e7u pour une grande polyvalence\u00a0: il est capable d&#039;interagir avec les humains de mani\u00e8re subtile et de r\u00e9aliser des prouesses athl\u00e9tiques intenses telles que le kung-fu et les saltos arri\u00e8re.","robots":{"index":"index","follow":"follow","max-snippet":"max-snippet:-1","max-image-preview":"max-image-preview:large","max-video-preview":"max-video-preview:-1"},"canonical":"https:\/\/www.ghostysky.com\/fr\/product\/agibot-x2\/","og_locale":"fr_FR","og_type":"article","og_title":"Agibot X2 - Ghostysky","og_description":"The Agibot X2 (part of the Lingxi series) represents a breakthrough in \"half-sized\" humanoid robotics, designed to bridge the gap between complex research and real-world commercial deployment. Unveiled as a highly agile and expressive agent, the X2 is engineered for versatility\u2014capable of everything from delicate human interaction to high-intensity athletic feats like kung fu and backflips.","og_url":"https:\/\/www.ghostysky.com\/fr\/product\/agibot-x2\/","og_site_name":"Ghostysky","article_publisher":"https:\/\/www.facebook.com\/people\/Ghostysky\/100057676170234\/","article_modified_time":"2026-01-26T15:32:42+00:00","og_image":[{"width":700,"height":700,"url":"https:\/\/www.ghostysky.com\/wp-content\/uploads\/2026\/01\/GH_Agibot_X2_1.jpg","type":"image\/jpeg"}],"twitter_card":"summary_large_image","twitter_site":"@Gh0stysky","twitter_misc":{"Dur\u00e9e de lecture estim\u00e9e":"2 minutes"},"schema":{"@context":"https:\/\/schema.org","@graph":[{"@type":"WebPage","@id":"https:\/\/www.ghostysky.com\/product\/agibot-x2\/","url":"https:\/\/www.ghostysky.com\/product\/agibot-x2\/","name":"Agibot X2 - Ghostysky","isPartOf":{"@id":"https:\/\/www.ghostysky.com\/#website"},"primaryImageOfPage":{"@id":"https:\/\/www.ghostysky.com\/product\/agibot-x2\/#primaryimage"},"image":{"@id":"https:\/\/www.ghostysky.com\/product\/agibot-x2\/#primaryimage"},"thumbnailUrl":"https:\/\/www.ghostysky.com\/wp-content\/uploads\/2026\/01\/GH_Agibot_X2_1.jpg","datePublished":"2026-01-26T15:10:09+00:00","dateModified":"2026-01-26T15:32:42+00:00","description":"L&#039;Agibot X2 (de la gamme Lingxi) repr\u00e9sente une avanc\u00e9e majeure dans le domaine de la robotique humano\u00efde \u00ab\u00a0demi-taille\u00a0\u00bb, con\u00e7ue pour faciliter la transition entre la recherche fondamentale et les applications commerciales concr\u00e8tes. Pr\u00e9sent\u00e9 comme un agent extr\u00eamement agile et expressif, le X2 est con\u00e7u pour une grande polyvalence\u00a0: il est capable d&#039;interagir avec les humains de mani\u00e8re subtile et de r\u00e9aliser des prouesses athl\u00e9tiques intenses telles que le kung-fu et les saltos arri\u00e8re.","breadcrumb":{"@id":"https:\/\/www.ghostysky.com\/product\/agibot-x2\/#breadcrumb"},"inLanguage":"fr-FR","potentialAction":[{"@type":"ReadAction","target":["https:\/\/www.ghostysky.com\/product\/agibot-x2\/"]}]},{"@type":"ImageObject","inLanguage":"fr-FR","@id":"https:\/\/www.ghostysky.com\/product\/agibot-x2\/#primaryimage","url":"https:\/\/www.ghostysky.com\/wp-content\/uploads\/2026\/01\/GH_Agibot_X2_1.jpg","contentUrl":"https:\/\/www.ghostysky.com\/wp-content\/uploads\/2026\/01\/GH_Agibot_X2_1.jpg","width":700,"height":700},{"@type":"BreadcrumbList","@id":"https:\/\/www.ghostysky.com\/product\/agibot-x2\/#breadcrumb","itemListElement":[{"@type":"ListItem","position":1,"name":"Home","item":"https:\/\/www.ghostysky.com\/"},{"@type":"ListItem","position":2,"name":"Shop","item":"https:\/\/www.ghostysky.com\/shop\/"},{"@type":"ListItem","position":3,"name":"Agibot X2"}]},{"@type":"WebSite","@id":"https:\/\/www.ghostysky.com\/#website","url":"https:\/\/www.ghostysky.com\/","name":"Ghostysky","description":"Livraison de drones et de services professionnels","publisher":{"@id":"https:\/\/www.ghostysky.com\/#organization"},"potentialAction":[{"@type":"SearchAction","target":{"@type":"EntryPoint","urlTemplate":"https:\/\/www.ghostysky.com\/?s={search_term_string}"},"query-input":{"@type":"PropertyValueSpecification","valueRequired":true,"valueName":"search_term_string"}}],"inLanguage":"fr-FR"},{"@type":"Organization","@id":"https:\/\/www.ghostysky.com\/#organization","name":"Ghostysky","url":"https:\/\/www.ghostysky.com\/","logo":{"@type":"ImageObject","inLanguage":"fr-FR","@id":"https:\/\/www.ghostysky.com\/#\/schema\/logo\/image\/","url":"https:\/\/www.ghostysky.com\/wp-content\/uploads\/2020\/06\/cropped-ghostyskylogo_text_white2.png","contentUrl":"https:\/\/www.ghostysky.com\/wp-content\/uploads\/2020\/06\/cropped-ghostyskylogo_text_white2.png","width":169,"height":56,"caption":"Ghostysky"},"image":{"@id":"https:\/\/www.ghostysky.com\/#\/schema\/logo\/image\/"},"sameAs":["https:\/\/www.facebook.com\/people\/Ghostysky\/100057676170234\/","https:\/\/x.com\/Gh0stysky","https:\/\/www.linkedin.com\/company\/34739653","https:\/\/www.instagram.com\/gh0stysky"]}]}},"_links":{"self":[{"href":"https:\/\/www.ghostysky.com\/fr\/wp-json\/wp\/v2\/product\/23801","targetHints":{"allow":["GET"]}}],"collection":[{"href":"https:\/\/www.ghostysky.com\/fr\/wp-json\/wp\/v2\/product"}],"about":[{"href":"https:\/\/www.ghostysky.com\/fr\/wp-json\/wp\/v2\/types\/product"}],"replies":[{"embeddable":true,"href":"https:\/\/www.ghostysky.com\/fr\/wp-json\/wp\/v2\/comments?post=23801"}],"version-history":[{"count":0,"href":"https:\/\/www.ghostysky.com\/fr\/wp-json\/wp\/v2\/product\/23801\/revisions"}],"wp:featuredmedia":[{"embeddable":true,"href":"https:\/\/www.ghostysky.com\/fr\/wp-json\/wp\/v2\/media\/23806"}],"wp:attachment":[{"href":"https:\/\/www.ghostysky.com\/fr\/wp-json\/wp\/v2\/media?parent=23801"}],"wp:term":[{"taxonomy":"product_brand","embeddable":true,"href":"https:\/\/www.ghostysky.com\/fr\/wp-json\/wp\/v2\/product_brand?post=23801"},{"taxonomy":"product_cat","embeddable":true,"href":"https:\/\/www.ghostysky.com\/fr\/wp-json\/wp\/v2\/product_cat?post=23801"},{"taxonomy":"product_tag","embeddable":true,"href":"https:\/\/www.ghostysky.com\/fr\/wp-json\/wp\/v2\/product_tag?post=23801"}],"curies":[{"name":"wp","href":"https:\/\/api.w.org\/{rel}","templated":true}]}}