{"id":23818,"date":"2026-01-26T15:34:18","date_gmt":"2026-01-26T15:34:18","guid":{"rendered":"https:\/\/www.ghostysky.com\/?post_type=product&#038;p=23818"},"modified":"2026-01-26T15:43:49","modified_gmt":"2026-01-26T15:43:49","slug":"agibot-x2-ultra","status":"publish","type":"product","link":"https:\/\/www.ghostysky.com\/fr\/product\/agibot-x2-ultra\/","title":{"rendered":"Agibot X2 Ultra"},"content":{"rendered":"<h3><b data-path-to-node=\"3\" data-index-in-node=\"0\">Principales fonctionnalit\u00e9s et capacit\u00e9s<\/b><\/h3>\n<ul data-path-to-node=\"4\">\n<li>\n<p data-path-to-node=\"4,0,0\"><b data-path-to-node=\"4,0,0\" data-index-in-node=\"0\"><span class=\"citation-65\">Agilit\u00e9 in\u00e9gal\u00e9e :<\/span><\/b><span class=\"citation-65\"> Avec jusqu&#039;\u00e0 <\/span><b data-path-to-node=\"4,0,0\" data-index-in-node=\"30\"><span class=\"citation-65\">31 degr\u00e9s de libert\u00e9 (DoF)<\/span><\/b><span class=\"citation-65\"> et des modules d&#039;articulation \u00e0 couple \u00e9lev\u00e9 (couple de pointe de <\/span><b data-path-to-node=\"4,0,0\" data-index-in-node=\"104\"><span class=\"citation-65\">120 Nm<\/span><\/b><span class=\"citation-65 citation-end-65\">), le X2 Ultra n&#039;est pas qu&#039;un simple d\u00e9ambulateur.<\/span> <span class=\"citation-64\">Il peut fonctionner \u00e0 des vitesses allant jusqu&#039;\u00e0 <\/span><b data-path-to-node=\"4,0,0\" data-index-in-node=\"174\"><span class=\"citation-64\">1,5 m\/s<\/span><\/b><span class=\"citation-64\">, danser, monter des escaliers et m\u00eame effectuer des man\u0153uvres complexes comme faire du v\u00e9lo ou ex\u00e9cuter un <\/span><b data-path-to-node=\"4,0,0\" data-index-in-node=\"276\"><span class=\"citation-64\">Webster Flip<\/span><\/b><span class=\"citation-64 citation-end-64\">.<\/span><\/p>\n<\/li>\n<li>\n<p data-path-to-node=\"4,1,0\"><b data-path-to-node=\"4,1,0\" data-index-in-node=\"0\"><span class=\"citation-63\">Architecture d&#039;IA avanc\u00e9e\u00a0:<\/span><\/b><span class=\"citation-63\"> Au c\u0153ur de l&#039;Ultra se trouve le <\/span><b data-path-to-node=\"4,1,0\" data-index-in-node=\"58\"><span class=\"citation-63\">Mod\u00e8le de fondation incarn\u00e9e GO-1<\/span><\/b><span class=\"citation-63 citation-end-63\">.<\/span> <span class=\"citation-62\">En utilisant <\/span><b data-path-to-node=\"4,1,0\" data-index-in-node=\"104\"><span class=\"citation-62\">ViLLA (Vision-Langage-Locomotion-Action)<\/span><\/b><span class=\"citation-62\"> framework, il traite sur <\/span><b data-path-to-node=\"4,1,0\" data-index-in-node=\"175\"><span class=\"citation-62\">10 000 interactions par seconde<\/span><\/b><span class=\"citation-62 citation-end-62\">, permettant des temps de r\u00e9action de l&#039;ordre de la milliseconde et l&#039;ex\u00e9cution de t\u00e2ches \u00ab z\u00e9ro coup \u00bb (r\u00e9alisation de t\u00e2ches pour lesquelles il n&#039;a pas \u00e9t\u00e9 sp\u00e9cifiquement programm\u00e9).<\/span><\/p>\n<\/li>\n<li>\n<p data-path-to-node=\"4,2,0\"><b data-path-to-node=\"4,2,0\" data-index-in-node=\"0\"><span class=\"citation-61\">Interaction hyperr\u00e9aliste\u00a0:<\/span><\/b><span class=\"citation-61\"> Le robot est dot\u00e9 d&#039;une couche d&#039;intelligence \u00e9motionnelle qui simule <\/span><b data-path-to-node=\"4,2,0\" data-index-in-node=\"95\"><span class=\"citation-61\">respiration et gestes semblables \u00e0 ceux des humains<\/span><\/b><span class=\"citation-61 citation-end-61\">.<\/span> <span class=\"citation-60 citation-end-60\">Associ\u00e9 \u00e0 un affichage 3D visible \u00e0 l&#039;\u0153il nu et \u00e0 une synth\u00e8se vocale haute fid\u00e9lit\u00e9, il constitue un compagnon interactif ou un agent de service tr\u00e8s accessible.<\/span><\/p>\n<\/li>\n<li>\n<p data-path-to-node=\"4,3,0\"><b data-path-to-node=\"4,3,0\" data-index-in-node=\"0\">\u00ab Cervelet \u00bb optimis\u00e9 par NVIDIA :<\/b><span class=\"citation-59\"> Contrairement \u00e0 la version standard, l&#039;Ultra est \u00e9quip\u00e9e d&#039;un <\/span><b data-path-to-node=\"4,3,0\" data-index-in-node=\"88\"><span class=\"citation-59\">NVIDIA Orin NX<\/span><\/b><span class=\"citation-59\"> module de calcul fournissant <\/span><b data-path-to-node=\"4,3,0\" data-index-in-node=\"129\"><span class=\"citation-59\">157 TOPS<\/span><\/b><span class=\"citation-59 citation-end-59\"> des performances de l&#039;IA, permettant une cartographie spatiale complexe et un raisonnement sur l&#039;environnement en temps r\u00e9el.<\/span><\/p>\n<\/li>\n<li>\n<p data-path-to-node=\"4,4,0\"><b data-path-to-node=\"4,4,0\" data-index-in-node=\"0\">Mat\u00e9riel bionique :<\/b><span class=\"citation-58\"> Caract\u00e9ristiques <\/span><b data-path-to-node=\"4,4,0\" data-index-in-node=\"26\"><span class=\"citation-58\">OmniHand<\/span><\/b><span class=\"citation-58 citation-end-58\"> Une technologie dot\u00e9e de 7 degr\u00e9s de libert\u00e9 par bras, permettant une manipulation d\u00e9licate des objets.<\/span> <span class=\"citation-57 citation-end-57\">Ses \u00ab chevilles bioniques \u00bb et son enveloppe ext\u00e9rieure en mousse TPU garantissent une utilisation en toute s\u00e9curit\u00e9 aux c\u00f4t\u00e9s des humains.<\/span><\/p>\n<\/li>\n<\/ul>\n<h3 data-path-to-node=\"9\"><b data-path-to-node=\"9\" data-index-in-node=\"0\">Principaux cas d&#039;utilisation<\/b><\/h3>\n<ul data-path-to-node=\"10\">\n<li>\n<p data-path-to-node=\"10,0,0\"><b data-path-to-node=\"10,0,0\" data-index-in-node=\"0\">Service interactif\u00a0:<\/b> H\u00f4tellerie haut de gamme, accueil et repr\u00e9sentation de marque.<\/p>\n<\/li>\n<li>\n<p data-path-to-node=\"10,1,0\"><b data-path-to-node=\"10,1,0\" data-index-in-node=\"0\">Recherche et d\u00e9veloppement :<\/b> Une plateforme open-stack pour les \u00e9tudes d&#039;IA et de locomotion.<\/p>\n<\/li>\n<li>\n<p data-path-to-node=\"10,2,0\"><b data-path-to-node=\"10,2,0\" data-index-in-node=\"0\">Assistance \u00e0 domicile :<\/b><span class=\"citation-56 citation-end-56\"> Travaux m\u00e9nagers l\u00e9gers, compagnie aux personnes \u00e2g\u00e9es et s\u00e9curit\u00e9 du domicile.<\/span><\/p>\n<\/li>\n<li>\n<p data-path-to-node=\"10,3,0\"><b data-path-to-node=\"10,3,0\" data-index-in-node=\"0\">Art de la performance :<\/b><span class=\"citation-55 citation-end-55\"> Utilis\u00e9e lors de galas et de spectacles commerciaux en raison de ses mouvements fluides, semblables \u00e0 de la danse.<\/span><\/p>\n<\/li>\n<\/ul>\n<h3 data-path-to-node=\"3\"><b data-path-to-node=\"3\" data-index-in-node=\"0\">Caract\u00e9ristiques techniques cl\u00e9s<\/b><\/h3>\n<p><a href=\"https:\/\/www.ghostysky.com\/wp-content\/uploads\/2026\/01\/GH_Agibot_X2_TSpecs.png\"><img fetchpriority=\"high\" decoding=\"async\" class=\"alignnone wp-image-23815 size-full lazyload\" src=\"data:image\/gif;base64,R0lGODlhAQABAAAAACH5BAEKAAEALAAAAAABAAEAAAICTAEAOw==\" alt=\"\" width=\"1109\" height=\"2444\" sizes=\"(max-width: 1109px) 100vw, 1109px\" data-src=\"data:image\/gif;base64,R0lGODlhAQABAAAAACH5BAEKAAEALAAAAAABAAEAAAICTAEAOw==\" data-srcset=\"\" srcset=\"\"><\/a><\/p>","protected":false},"excerpt":{"rendered":"<p><span class=\"citation-67\">Le <\/span><b data-path-to-node=\"1\" data-index-in-node=\"4\"><span class=\"citation-67\">Agibot X2 Ultra<\/span><\/b><span class=\"citation-67 citation-end-67\"> repr\u00e9sente le fleuron haut de gamme de la s\u00e9rie Lingxi X2 \u2014 un humano\u00efde bip\u00e8de r\u00e9volutionnaire con\u00e7u pour combler le foss\u00e9 entre l&#039;agilit\u00e9 de niveau recherche et l&#039;utilit\u00e9 de niveau commercial.<\/span> <span class=\"citation-66\">Alors que le X2 de base privil\u00e9gie la polyvalence, le <\/span><b data-path-to-node=\"1\" data-index-in-node=\"244\"><span class=\"citation-66\">Ultra<\/span><\/b><span class=\"citation-66\"> Cette variante est con\u00e7ue pour les utilisateurs avanc\u00e9s, les chercheurs et les environnements de service \u00e0 enjeux \u00e9lev\u00e9s, et int\u00e8gre un \u00ab cerveau \u00bb am\u00e9lior\u00e9 aliment\u00e9 par <\/span><b data-path-to-node=\"1\" data-index-in-node=\"381\"><span class=\"citation-66\">NVIDIA Orin NX<\/span><\/b><span class=\"citation-66 citation-end-66\"> et une amplitude de mouvement consid\u00e9rablement accrue.<\/span><\/p>","protected":false},"featured_media":23806,"comment_status":"open","ping_status":"closed","template":"","meta":[],"product_brand":[1345],"product_cat":[1342,1343,1038,1037],"product_tag":[1346,1348,1347],"class_list":{"0":"post-23818","1":"product","2":"type-product","3":"status-publish","4":"has-post-thumbnail","6":"product_brand-agibot","7":"product_cat-agibot","8":"product_cat-agibot-robots","9":"product_cat-humanoid","10":"product_cat-robotics","11":"product_tag-agibot","12":"product_tag-agibot-x2-humanoid","13":"product_tag-agibot-x2-series","15":"first","16":"outofstock","17":"taxable","18":"shipping-taxable","19":"purchasable","20":"product-type-simple"},"yoast_head":"<!-- This site is optimized with the Yoast SEO plugin v27.4 - https:\/\/yoast.com\/product\/yoast-seo-wordpress\/ -->\n<title>Agibot X2 Ultra - Ghostysky<\/title>\n<meta name=\"description\" content=\"The Agibot X2 Ultra represents the high-end flagship of the Lingxi X2 series\u2014a revolutionary bipedal humanoid designed to bridge the gap between research-grade agility and commercial-grade utility. While the base X2 focuses on versatility, the Ultra variant is engineered for power users, researchers, and high-stakes service environments, featuring an upgraded &quot;brain&quot; powered by NVIDIA Orin NX and a significantly expanded range of motion.\" \/>\n<meta name=\"robots\" content=\"index, follow, max-snippet:-1, max-image-preview:large, max-video-preview:-1\" \/>\n<link rel=\"canonical\" href=\"https:\/\/www.ghostysky.com\/fr\/product\/agibot-x2-ultra\/\" \/>\n<meta property=\"og:locale\" content=\"fr_FR\" \/>\n<meta property=\"og:type\" content=\"article\" \/>\n<meta property=\"og:title\" content=\"Agibot X2 Ultra - Ghostysky\" \/>\n<meta property=\"og:description\" content=\"The Agibot X2 Ultra represents the high-end flagship of the Lingxi X2 series\u2014a revolutionary bipedal humanoid designed to bridge the gap between research-grade agility and commercial-grade utility. While the base X2 focuses on versatility, the Ultra variant is engineered for power users, researchers, and high-stakes service environments, featuring an upgraded &quot;brain&quot; powered by NVIDIA Orin NX and a significantly expanded range of motion.\" \/>\n<meta property=\"og:url\" content=\"https:\/\/www.ghostysky.com\/fr\/product\/agibot-x2-ultra\/\" \/>\n<meta property=\"og:site_name\" content=\"Ghostysky\" \/>\n<meta property=\"article:publisher\" content=\"https:\/\/www.facebook.com\/people\/Ghostysky\/100057676170234\/\" \/>\n<meta property=\"article:modified_time\" content=\"2026-01-26T15:43:49+00:00\" \/>\n<meta property=\"og:image\" content=\"https:\/\/www.ghostysky.com\/wp-content\/uploads\/2026\/01\/GH_Agibot_X2_1.jpg\" \/>\n\t<meta property=\"og:image:width\" content=\"700\" \/>\n\t<meta property=\"og:image:height\" content=\"700\" \/>\n\t<meta property=\"og:image:type\" content=\"image\/jpeg\" \/>\n<meta name=\"twitter:card\" content=\"summary_large_image\" \/>\n<meta name=\"twitter:site\" content=\"@Gh0stysky\" \/>\n<meta name=\"twitter:label1\" content=\"Dur\u00e9e de lecture estim\u00e9e\" \/>\n\t<meta name=\"twitter:data1\" content=\"2 minutes\" \/>\n<script type=\"application\/ld+json\" class=\"yoast-schema-graph\">{\"@context\":\"https:\\\/\\\/schema.org\",\"@graph\":[{\"@type\":\"WebPage\",\"@id\":\"https:\\\/\\\/www.ghostysky.com\\\/product\\\/agibot-x2-ultra\\\/\",\"url\":\"https:\\\/\\\/www.ghostysky.com\\\/product\\\/agibot-x2-ultra\\\/\",\"name\":\"Agibot X2 Ultra - Ghostysky\",\"isPartOf\":{\"@id\":\"https:\\\/\\\/www.ghostysky.com\\\/#website\"},\"primaryImageOfPage\":{\"@id\":\"https:\\\/\\\/www.ghostysky.com\\\/product\\\/agibot-x2-ultra\\\/#primaryimage\"},\"image\":{\"@id\":\"https:\\\/\\\/www.ghostysky.com\\\/product\\\/agibot-x2-ultra\\\/#primaryimage\"},\"thumbnailUrl\":\"https:\\\/\\\/www.ghostysky.com\\\/wp-content\\\/uploads\\\/2026\\\/01\\\/GH_Agibot_X2_1.jpg\",\"datePublished\":\"2026-01-26T15:34:18+00:00\",\"dateModified\":\"2026-01-26T15:43:49+00:00\",\"description\":\"The Agibot X2 Ultra represents the high-end flagship of the Lingxi X2 series\u2014a revolutionary bipedal humanoid designed to bridge the gap between research-grade agility and commercial-grade utility. While the base X2 focuses on versatility, the Ultra variant is engineered for power users, researchers, and high-stakes service environments, featuring an upgraded \\\"brain\\\" powered by NVIDIA Orin NX and a significantly expanded range of motion.\",\"breadcrumb\":{\"@id\":\"https:\\\/\\\/www.ghostysky.com\\\/product\\\/agibot-x2-ultra\\\/#breadcrumb\"},\"inLanguage\":\"fr-FR\",\"potentialAction\":[{\"@type\":\"ReadAction\",\"target\":[\"https:\\\/\\\/www.ghostysky.com\\\/product\\\/agibot-x2-ultra\\\/\"]}]},{\"@type\":\"ImageObject\",\"inLanguage\":\"fr-FR\",\"@id\":\"https:\\\/\\\/www.ghostysky.com\\\/product\\\/agibot-x2-ultra\\\/#primaryimage\",\"url\":\"https:\\\/\\\/www.ghostysky.com\\\/wp-content\\\/uploads\\\/2026\\\/01\\\/GH_Agibot_X2_1.jpg\",\"contentUrl\":\"https:\\\/\\\/www.ghostysky.com\\\/wp-content\\\/uploads\\\/2026\\\/01\\\/GH_Agibot_X2_1.jpg\",\"width\":700,\"height\":700},{\"@type\":\"BreadcrumbList\",\"@id\":\"https:\\\/\\\/www.ghostysky.com\\\/product\\\/agibot-x2-ultra\\\/#breadcrumb\",\"itemListElement\":[{\"@type\":\"ListItem\",\"position\":1,\"name\":\"Home\",\"item\":\"https:\\\/\\\/www.ghostysky.com\\\/\"},{\"@type\":\"ListItem\",\"position\":2,\"name\":\"Shop\",\"item\":\"https:\\\/\\\/www.ghostysky.com\\\/shop\\\/\"},{\"@type\":\"ListItem\",\"position\":3,\"name\":\"Agibot X2 Ultra\"}]},{\"@type\":\"WebSite\",\"@id\":\"https:\\\/\\\/www.ghostysky.com\\\/#website\",\"url\":\"https:\\\/\\\/www.ghostysky.com\\\/\",\"name\":\"Ghostysky\",\"description\":\"Delivering professional drones and services\",\"publisher\":{\"@id\":\"https:\\\/\\\/www.ghostysky.com\\\/#organization\"},\"potentialAction\":[{\"@type\":\"SearchAction\",\"target\":{\"@type\":\"EntryPoint\",\"urlTemplate\":\"https:\\\/\\\/www.ghostysky.com\\\/?s={search_term_string}\"},\"query-input\":{\"@type\":\"PropertyValueSpecification\",\"valueRequired\":true,\"valueName\":\"search_term_string\"}}],\"inLanguage\":\"fr-FR\"},{\"@type\":\"Organization\",\"@id\":\"https:\\\/\\\/www.ghostysky.com\\\/#organization\",\"name\":\"Ghostysky\",\"url\":\"https:\\\/\\\/www.ghostysky.com\\\/\",\"logo\":{\"@type\":\"ImageObject\",\"inLanguage\":\"fr-FR\",\"@id\":\"https:\\\/\\\/www.ghostysky.com\\\/#\\\/schema\\\/logo\\\/image\\\/\",\"url\":\"https:\\\/\\\/www.ghostysky.com\\\/wp-content\\\/uploads\\\/2020\\\/06\\\/cropped-ghostyskylogo_text_white2.png\",\"contentUrl\":\"https:\\\/\\\/www.ghostysky.com\\\/wp-content\\\/uploads\\\/2020\\\/06\\\/cropped-ghostyskylogo_text_white2.png\",\"width\":169,\"height\":56,\"caption\":\"Ghostysky\"},\"image\":{\"@id\":\"https:\\\/\\\/www.ghostysky.com\\\/#\\\/schema\\\/logo\\\/image\\\/\"},\"sameAs\":[\"https:\\\/\\\/www.facebook.com\\\/people\\\/Ghostysky\\\/100057676170234\\\/\",\"https:\\\/\\\/x.com\\\/Gh0stysky\",\"https:\\\/\\\/www.linkedin.com\\\/company\\\/34739653\",\"https:\\\/\\\/www.instagram.com\\\/gh0stysky\"]}]}<\/script>\n<!-- \/ Yoast SEO plugin. -->","yoast_head_json":{"title":"Agibot X2 Ultra - Ghostysky","description":"L&#039;Agibot X2 Ultra repr\u00e9sente le fleuron haut de gamme de la s\u00e9rie Lingxi X2\u00a0: un humano\u00efde bip\u00e8de r\u00e9volutionnaire con\u00e7u pour allier l&#039;agilit\u00e9 n\u00e9cessaire \u00e0 la recherche et l&#039;utilit\u00e9 \u00e0 un usage commercial. Tandis que le X2 de base privil\u00e9gie la polyvalence, la version Ultra est con\u00e7ue pour les utilisateurs exigeants, les chercheurs et les environnements de service \u00e0 haut risque. Elle int\u00e8gre un \u00ab\u00a0cerveau\u00a0\u00bb am\u00e9lior\u00e9, bas\u00e9 sur NVIDIA Orin NX, et une amplitude de mouvement consid\u00e9rablement accrue.","robots":{"index":"index","follow":"follow","max-snippet":"max-snippet:-1","max-image-preview":"max-image-preview:large","max-video-preview":"max-video-preview:-1"},"canonical":"https:\/\/www.ghostysky.com\/fr\/product\/agibot-x2-ultra\/","og_locale":"fr_FR","og_type":"article","og_title":"Agibot X2 Ultra - Ghostysky","og_description":"The Agibot X2 Ultra represents the high-end flagship of the Lingxi X2 series\u2014a revolutionary bipedal humanoid designed to bridge the gap between research-grade agility and commercial-grade utility. While the base X2 focuses on versatility, the Ultra variant is engineered for power users, researchers, and high-stakes service environments, featuring an upgraded \"brain\" powered by NVIDIA Orin NX and a significantly expanded range of motion.","og_url":"https:\/\/www.ghostysky.com\/fr\/product\/agibot-x2-ultra\/","og_site_name":"Ghostysky","article_publisher":"https:\/\/www.facebook.com\/people\/Ghostysky\/100057676170234\/","article_modified_time":"2026-01-26T15:43:49+00:00","og_image":[{"width":700,"height":700,"url":"https:\/\/www.ghostysky.com\/wp-content\/uploads\/2026\/01\/GH_Agibot_X2_1.jpg","type":"image\/jpeg"}],"twitter_card":"summary_large_image","twitter_site":"@Gh0stysky","twitter_misc":{"Dur\u00e9e de lecture estim\u00e9e":"2 minutes"},"schema":{"@context":"https:\/\/schema.org","@graph":[{"@type":"WebPage","@id":"https:\/\/www.ghostysky.com\/product\/agibot-x2-ultra\/","url":"https:\/\/www.ghostysky.com\/product\/agibot-x2-ultra\/","name":"Agibot X2 Ultra - Ghostysky","isPartOf":{"@id":"https:\/\/www.ghostysky.com\/#website"},"primaryImageOfPage":{"@id":"https:\/\/www.ghostysky.com\/product\/agibot-x2-ultra\/#primaryimage"},"image":{"@id":"https:\/\/www.ghostysky.com\/product\/agibot-x2-ultra\/#primaryimage"},"thumbnailUrl":"https:\/\/www.ghostysky.com\/wp-content\/uploads\/2026\/01\/GH_Agibot_X2_1.jpg","datePublished":"2026-01-26T15:34:18+00:00","dateModified":"2026-01-26T15:43:49+00:00","description":"L&#039;Agibot X2 Ultra repr\u00e9sente le fleuron haut de gamme de la s\u00e9rie Lingxi X2\u00a0: un humano\u00efde bip\u00e8de r\u00e9volutionnaire con\u00e7u pour allier l&#039;agilit\u00e9 n\u00e9cessaire \u00e0 la recherche et l&#039;utilit\u00e9 \u00e0 un usage commercial. Tandis que le X2 de base privil\u00e9gie la polyvalence, la version Ultra est con\u00e7ue pour les utilisateurs exigeants, les chercheurs et les environnements de service \u00e0 haut risque. Elle int\u00e8gre un \u00ab\u00a0cerveau\u00a0\u00bb am\u00e9lior\u00e9, bas\u00e9 sur NVIDIA Orin NX, et une amplitude de mouvement consid\u00e9rablement accrue.","breadcrumb":{"@id":"https:\/\/www.ghostysky.com\/product\/agibot-x2-ultra\/#breadcrumb"},"inLanguage":"fr-FR","potentialAction":[{"@type":"ReadAction","target":["https:\/\/www.ghostysky.com\/product\/agibot-x2-ultra\/"]}]},{"@type":"ImageObject","inLanguage":"fr-FR","@id":"https:\/\/www.ghostysky.com\/product\/agibot-x2-ultra\/#primaryimage","url":"https:\/\/www.ghostysky.com\/wp-content\/uploads\/2026\/01\/GH_Agibot_X2_1.jpg","contentUrl":"https:\/\/www.ghostysky.com\/wp-content\/uploads\/2026\/01\/GH_Agibot_X2_1.jpg","width":700,"height":700},{"@type":"BreadcrumbList","@id":"https:\/\/www.ghostysky.com\/product\/agibot-x2-ultra\/#breadcrumb","itemListElement":[{"@type":"ListItem","position":1,"name":"Home","item":"https:\/\/www.ghostysky.com\/"},{"@type":"ListItem","position":2,"name":"Shop","item":"https:\/\/www.ghostysky.com\/shop\/"},{"@type":"ListItem","position":3,"name":"Agibot X2 Ultra"}]},{"@type":"WebSite","@id":"https:\/\/www.ghostysky.com\/#website","url":"https:\/\/www.ghostysky.com\/","name":"Ghostysky","description":"Livraison de drones et de services professionnels","publisher":{"@id":"https:\/\/www.ghostysky.com\/#organization"},"potentialAction":[{"@type":"SearchAction","target":{"@type":"EntryPoint","urlTemplate":"https:\/\/www.ghostysky.com\/?s={search_term_string}"},"query-input":{"@type":"PropertyValueSpecification","valueRequired":true,"valueName":"search_term_string"}}],"inLanguage":"fr-FR"},{"@type":"Organization","@id":"https:\/\/www.ghostysky.com\/#organization","name":"Ghostysky","url":"https:\/\/www.ghostysky.com\/","logo":{"@type":"ImageObject","inLanguage":"fr-FR","@id":"https:\/\/www.ghostysky.com\/#\/schema\/logo\/image\/","url":"https:\/\/www.ghostysky.com\/wp-content\/uploads\/2020\/06\/cropped-ghostyskylogo_text_white2.png","contentUrl":"https:\/\/www.ghostysky.com\/wp-content\/uploads\/2020\/06\/cropped-ghostyskylogo_text_white2.png","width":169,"height":56,"caption":"Ghostysky"},"image":{"@id":"https:\/\/www.ghostysky.com\/#\/schema\/logo\/image\/"},"sameAs":["https:\/\/www.facebook.com\/people\/Ghostysky\/100057676170234\/","https:\/\/x.com\/Gh0stysky","https:\/\/www.linkedin.com\/company\/34739653","https:\/\/www.instagram.com\/gh0stysky"]}]}},"_links":{"self":[{"href":"https:\/\/www.ghostysky.com\/fr\/wp-json\/wp\/v2\/product\/23818","targetHints":{"allow":["GET"]}}],"collection":[{"href":"https:\/\/www.ghostysky.com\/fr\/wp-json\/wp\/v2\/product"}],"about":[{"href":"https:\/\/www.ghostysky.com\/fr\/wp-json\/wp\/v2\/types\/product"}],"replies":[{"embeddable":true,"href":"https:\/\/www.ghostysky.com\/fr\/wp-json\/wp\/v2\/comments?post=23818"}],"wp:featuredmedia":[{"embeddable":true,"href":"https:\/\/www.ghostysky.com\/fr\/wp-json\/wp\/v2\/media\/23806"}],"wp:attachment":[{"href":"https:\/\/www.ghostysky.com\/fr\/wp-json\/wp\/v2\/media?parent=23818"}],"wp:term":[{"taxonomy":"product_brand","embeddable":true,"href":"https:\/\/www.ghostysky.com\/fr\/wp-json\/wp\/v2\/product_brand?post=23818"},{"taxonomy":"product_cat","embeddable":true,"href":"https:\/\/www.ghostysky.com\/fr\/wp-json\/wp\/v2\/product_cat?post=23818"},{"taxonomy":"product_tag","embeddable":true,"href":"https:\/\/www.ghostysky.com\/fr\/wp-json\/wp\/v2\/product_tag?post=23818"}],"curies":[{"name":"wp","href":"https:\/\/api.w.org\/{rel}","templated":true}]}}