{"id":23826,"date":"2026-01-26T15:57:09","date_gmt":"2026-01-26T15:57:09","guid":{"rendered":"https:\/\/www.ghostysky.com\/?post_type=product&#038;p=23826"},"modified":"2026-01-26T16:08:51","modified_gmt":"2026-01-26T16:08:51","slug":"agibot-a2-lite","status":"publish","type":"product","link":"https:\/\/www.ghostysky.com\/fr\/product\/agibot-a2-lite\/","title":{"rendered":"Agibot A2 Lite"},"content":{"rendered":"<p data-path-to-node=\"3\">Tandis que ses homologues se chargent du levage industriel lourd, le <b data-path-to-node=\"3\" data-index-in-node=\"56\">A2 Lite<\/b> Optimis\u00e9 pour la vitesse, la pr\u00e9cision et l&#039;interaction, ce robot humano\u00efde grandeur nature allie une esth\u00e9tique \u00e9l\u00e9gante et futuriste \u00e0 une structure squelettique robuste, ce qui en fait l&#039;ambassadeur de marque id\u00e9al pour les environnements \u00e0 fort trafic.<\/p>\n<div class=\"source-inline-chip-container ng-star-inserted\"><\/div>\n<h3 data-path-to-node=\"7\">Intelligence et interaction<\/h3>\n<p data-path-to-node=\"8\"><span class=\"citation-110\">L&#039;A2 Lite n&#039;est pas qu&#039;une simple machine ; c&#039;est un <\/span><b data-path-to-node=\"8\" data-index-in-node=\"42\"><span class=\"citation-110\">IA incarn\u00e9e<\/span><\/b><span class=\"citation-110 citation-end-110\"> centrale.<\/span> <span class=\"citation-109\">Aliment\u00e9 par un syst\u00e8me informatique de 200 TOPS et le <\/span><b data-path-to-node=\"8\" data-index-in-node=\"113\"><span class=\"citation-109\">WorkGPT<\/span><\/b><span class=\"citation-109 citation-end-109\"> Mod\u00e8le multimodal, il per\u00e7oit le monde avec une nuance quasi humaine.<\/span><\/p>\n<ul data-path-to-node=\"9\">\n<li>\n<p data-path-to-node=\"9,0,0\"><b data-path-to-node=\"9,0,0\" data-index-in-node=\"0\"><span class=\"citation-108\">Perception multimodale :<\/span><\/b><span class=\"citation-108 citation-end-108\"> Int\u00e9gr\u00e9 avec un LiDAR \u00e0 360\u00b0, des cam\u00e9ras RGB-D et un r\u00e9seau de microphones haute fid\u00e9lit\u00e9.<\/span><\/p>\n<\/li>\n<li>\n<p data-path-to-node=\"9,1,0\"><b data-path-to-node=\"9,1,0\" data-index-in-node=\"0\">Dialogue naturel :<\/b><span class=\"citation-107 citation-end-107\"> Prend en charge les conversations bidirectionnelles en temps r\u00e9el.<\/span> <span class=\"citation-106\">Il peut filtrer le bruit de fond avec une pr\u00e9cision de 96% et utilise <\/span><b data-path-to-node=\"9,1,0\" data-index-in-node=\"122\"><span class=\"citation-106\">lecture sur les l\u00e8vres<\/span><\/b><span class=\"citation-106 citation-end-106\"> se concentrer sur la personne qui parle.<\/span><\/p>\n<\/li>\n<li>\n<p data-path-to-node=\"9,2,0\"><b data-path-to-node=\"9,2,0\" data-index-in-node=\"0\"><span class=\"citation-105\">Reconnaissance faciale :<\/span><\/b><span class=\"citation-105 citation-end-105\"> Il affiche un taux de \u00ab r\u00e9veil facial \u00bb de 99%, lui permettant d&#039;accueillir de mani\u00e8re proactive les clients ou les membres du personnel qui reviennent.<\/span><\/p>\n<div class=\"source-inline-chip-container ng-star-inserted\"><\/div>\n<\/li>\n<\/ul>\n<h3 data-path-to-node=\"11\">Cas d&#039;utilisation id\u00e9aux<\/h3>\n<p data-path-to-node=\"12\"><span class=\"citation-104 citation-end-104\">L&#039;A2 Lite est con\u00e7ue pour exceller dans les r\u00f4les de \u00ab service interactif \u00bb o\u00f9 la pr\u00e9sentation et la fiabilit\u00e9 sont essentielles\u00a0:<\/span><\/p>\n<ul data-path-to-node=\"13\">\n<li>\n<p data-path-to-node=\"13,0,0\"><b data-path-to-node=\"13,0,0\" data-index-in-node=\"0\"><span class=\"citation-103\">H\u00f4tellerie et commerce de d\u00e9tail\u00a0:<\/span><\/b><span class=\"citation-103 citation-end-103\"> Accueillir les clients, fournir des services de conciergerie ou guider les acheteurs dans les centres commerciaux.<\/span><\/p>\n<\/li>\n<li>\n<p data-path-to-node=\"13,1,0\"><b data-path-to-node=\"13,1,0\" data-index-in-node=\"0\">Exposition et marketing :<\/b> Animer des pr\u00e9sentations lors de salons professionnels ou agir en tant que porte-parole dans le secteur des hautes technologies.<\/p>\n<\/li>\n<li>\n<p data-path-to-node=\"13,2,0\"><b data-path-to-node=\"13,2,0\" data-index-in-node=\"0\"><span class=\"citation-102\">R\u00e9ception d&#039;entreprise :<\/span><\/b><span class=\"citation-102 citation-end-102\"> G\u00e9rer les demandes de renseignements \u00e0 la r\u00e9ception et orienter les visiteurs dans les complexes de bureaux.<\/span><\/p>\n<\/li>\n<li>\n<p data-path-to-node=\"13,3,0\"><b data-path-to-node=\"13,3,0\" data-index-in-node=\"0\">Recherche et d\u00e9veloppement :<\/b> Une version \u00e0 plateforme ouverte (souvent associ\u00e9e aux variantes Lite\/Youth) permet aux d\u00e9veloppeurs de tester de nouveaux comportements d&#039;IA incarn\u00e9e.<\/p>\n<\/li>\n<\/ul>\n<h3 data-path-to-node=\"15\">S\u00e9curit\u00e9 et endurance<\/h3>\n<ul data-path-to-node=\"16\">\n<li>\n<p data-path-to-node=\"16,0,0\"><b data-path-to-node=\"16,0,0\" data-index-in-node=\"0\">Mobilit\u00e9 autonome de niveau 4\u00a0:<\/b><span class=\"citation-101 citation-end-101\"> Utilise l&#039;algorithme HIMUS 3D-SLAM pour une navigation \u00e0 faible latence dans des espaces dynamiques et encombr\u00e9s.<\/span><\/p>\n<\/li>\n<li>\n<p data-path-to-node=\"16,1,0\"><b data-path-to-node=\"16,1,0\" data-index-in-node=\"0\"><span class=\"citation-100\">Batterie rempla\u00e7able \u00e0 chaud\u00a0:<\/span><\/b><span class=\"citation-100 citation-end-100\"> Con\u00e7u pour une disponibilit\u00e9 quasi continue gr\u00e2ce \u00e0 sa batterie \u00e0 changement rapide.<\/span><\/p>\n<\/li>\n<li>\n<p data-path-to-node=\"16,2,0\"><b data-path-to-node=\"16,2,0\" data-index-in-node=\"0\">Niveau de s\u00e9curit\u00e9 :<\/b><span class=\"citation-99 citation-end-99\"> Dot\u00e9 d&#039;une protection de s\u00e9curit\u00e9 de niveau PLd avec surveillance \u00e0 triple couche, il peut fonctionner en toute s\u00e9curit\u00e9 aux c\u00f4t\u00e9s des humains.<\/span><\/p>\n<\/li>\n<\/ul>\n<blockquote data-path-to-node=\"17\">\n<p data-path-to-node=\"17,0\"><b data-path-to-node=\"17,0\" data-index-in-node=\"0\">Anecdote amusante\u00a0:<\/b><span class=\"citation-98\"> La s\u00e9rie A2 d\u00e9tient un record du monde Guinness d&#039;endurance, un exemplaire d&#039;A2 ayant r\u00e9ussi \u00e0 marcher <\/span><b data-path-to-node=\"17,0\" data-index-in-node=\"106\"><span class=\"citation-98\">plus de 100 kilom\u00e8tres<\/span><\/b><span class=\"citation-98 citation-end-98\"> (de Suzhou \u00e0 Shanghai) en toute autonomie.<\/span><\/p>\n<\/blockquote>\n<h3 data-path-to-node=\"4\">Caract\u00e9ristiques techniques et mat\u00e9riel principaux<\/h3>\n<p><a href=\"https:\/\/www.ghostysky.com\/wp-content\/uploads\/2026\/01\/GH_AgibotA2_Specs_Comp.png\"><img fetchpriority=\"high\" decoding=\"async\" class=\"alignnone wp-image-23830 size-full lazyload\" src=\"data:image\/gif;base64,R0lGODlhAQABAAAAACH5BAEKAAEALAAAAAABAAEAAAICTAEAOw==\" alt=\"\" width=\"1109\" height=\"1882\" sizes=\"(max-width: 1109px) 100vw, 1109px\" data-src=\"data:image\/gif;base64,R0lGODlhAQABAAAAACH5BAEKAAEALAAAAAABAAEAAAICTAEAOw==\" data-srcset=\"\" srcset=\"\"><\/a><\/p>","protected":false},"excerpt":{"rendered":"<p>Rencontrez le <b data-path-to-node=\"0\" data-index-in-node=\"9\">Agibot A2 Lite<\/b>Ce robot humano\u00efde interactif haute performance a \u00e9t\u00e9 con\u00e7u pour combler le foss\u00e9 entre la robotique de laboratoire avanc\u00e9e et les applications commerciales concr\u00e8tes. D\u00e9velopp\u00e9 par Agibot (Zhiyuan Robotics), ce mod\u00e8le fait partie de la s\u00e9rie A2, une gamme r\u00e9volutionnaire sp\u00e9cialement con\u00e7ue pour les environnements o\u00f9 une interaction de type humain et une grande agilit\u00e9 de mouvement sont essentielles.<\/p>","protected":false},"featured_media":23828,"comment_status":"open","ping_status":"closed","template":"","meta":[],"product_brand":[1345],"product_cat":[1342,1343,1038,1037],"product_tag":[1346,1350,1349],"class_list":{"0":"post-23826","1":"product","2":"type-product","3":"status-publish","4":"has-post-thumbnail","6":"product_brand-agibot","7":"product_cat-agibot","8":"product_cat-agibot-robots","9":"product_cat-humanoid","10":"product_cat-robotics","11":"product_tag-agibot","12":"product_tag-agibot-a2-humanoid","13":"product_tag-agibot-a2-series","15":"first","16":"outofstock","17":"taxable","18":"shipping-taxable","19":"purchasable","20":"product-type-simple"},"yoast_head":"<!-- This site is optimized with the Yoast SEO plugin v27.1.1 - https:\/\/yoast.com\/product\/yoast-seo-wordpress\/ -->\n<title>Agibot A2 Lite - Ghostysky<\/title>\n<meta name=\"description\" content=\"Meet the Agibot A2 Lite, the high-performance, interactive humanoid designed to bridge the gap between advanced lab robotics and real-world commercial application. Developed by Agibot (Zhiyuan Robotics), this model is part of the groundbreaking A2 series, engineered specifically for environments where human-like interaction and agile movement are paramount.\" \/>\n<meta name=\"robots\" content=\"index, follow, max-snippet:-1, max-image-preview:large, max-video-preview:-1\" \/>\n<link rel=\"canonical\" href=\"https:\/\/www.ghostysky.com\/fr\/product\/agibot-a2-lite\/\" \/>\n<meta property=\"og:locale\" content=\"fr_FR\" \/>\n<meta property=\"og:type\" content=\"article\" \/>\n<meta property=\"og:title\" content=\"Agibot A2 Lite - Ghostysky\" \/>\n<meta property=\"og:description\" content=\"Meet the Agibot A2 Lite, the high-performance, interactive humanoid designed to bridge the gap between advanced lab robotics and real-world commercial application. Developed by Agibot (Zhiyuan Robotics), this model is part of the groundbreaking A2 series, engineered specifically for environments where human-like interaction and agile movement are paramount.\" \/>\n<meta property=\"og:url\" content=\"https:\/\/www.ghostysky.com\/fr\/product\/agibot-a2-lite\/\" \/>\n<meta property=\"og:site_name\" content=\"Ghostysky\" \/>\n<meta property=\"article:publisher\" content=\"https:\/\/www.facebook.com\/people\/Ghostysky\/100057676170234\/\" \/>\n<meta property=\"article:modified_time\" content=\"2026-01-26T16:08:51+00:00\" \/>\n<meta property=\"og:image\" content=\"https:\/\/www.ghostysky.com\/wp-content\/uploads\/2026\/01\/GH_Agibot_A2_Lite_1_1.png\" \/>\n\t<meta property=\"og:image:width\" content=\"320\" \/>\n\t<meta property=\"og:image:height\" content=\"426\" \/>\n\t<meta property=\"og:image:type\" content=\"image\/png\" \/>\n<meta name=\"twitter:card\" content=\"summary_large_image\" \/>\n<meta name=\"twitter:site\" content=\"@Gh0stysky\" \/>\n<meta name=\"twitter:label1\" content=\"Dur\u00e9e de lecture estim\u00e9e\" \/>\n\t<meta name=\"twitter:data1\" content=\"2 minutes\" \/>\n<script type=\"application\/ld+json\" class=\"yoast-schema-graph\">{\"@context\":\"https:\/\/schema.org\",\"@graph\":[{\"@type\":\"WebPage\",\"@id\":\"https:\/\/www.ghostysky.com\/product\/agibot-a2-lite\/\",\"url\":\"https:\/\/www.ghostysky.com\/product\/agibot-a2-lite\/\",\"name\":\"Agibot A2 Lite - Ghostysky\",\"isPartOf\":{\"@id\":\"https:\/\/www.ghostysky.com\/#website\"},\"primaryImageOfPage\":{\"@id\":\"https:\/\/www.ghostysky.com\/product\/agibot-a2-lite\/#primaryimage\"},\"image\":{\"@id\":\"https:\/\/www.ghostysky.com\/product\/agibot-a2-lite\/#primaryimage\"},\"thumbnailUrl\":\"https:\/\/www.ghostysky.com\/wp-content\/uploads\/2026\/01\/GH_Agibot_A2_Lite_1_1.png\",\"datePublished\":\"2026-01-26T15:57:09+00:00\",\"dateModified\":\"2026-01-26T16:08:51+00:00\",\"description\":\"Meet the Agibot A2 Lite, the high-performance, interactive humanoid designed to bridge the gap between advanced lab robotics and real-world commercial application. Developed by Agibot (Zhiyuan Robotics), this model is part of the groundbreaking A2 series, engineered specifically for environments where human-like interaction and agile movement are paramount.\",\"breadcrumb\":{\"@id\":\"https:\/\/www.ghostysky.com\/product\/agibot-a2-lite\/#breadcrumb\"},\"inLanguage\":\"fr-FR\",\"potentialAction\":[{\"@type\":\"ReadAction\",\"target\":[\"https:\/\/www.ghostysky.com\/product\/agibot-a2-lite\/\"]}]},{\"@type\":\"ImageObject\",\"inLanguage\":\"fr-FR\",\"@id\":\"https:\/\/www.ghostysky.com\/product\/agibot-a2-lite\/#primaryimage\",\"url\":\"https:\/\/www.ghostysky.com\/wp-content\/uploads\/2026\/01\/GH_Agibot_A2_Lite_1_1.png\",\"contentUrl\":\"https:\/\/www.ghostysky.com\/wp-content\/uploads\/2026\/01\/GH_Agibot_A2_Lite_1_1.png\",\"width\":320,\"height\":426},{\"@type\":\"BreadcrumbList\",\"@id\":\"https:\/\/www.ghostysky.com\/product\/agibot-a2-lite\/#breadcrumb\",\"itemListElement\":[{\"@type\":\"ListItem\",\"position\":1,\"name\":\"Home\",\"item\":\"https:\/\/www.ghostysky.com\/\"},{\"@type\":\"ListItem\",\"position\":2,\"name\":\"Shop\",\"item\":\"https:\/\/www.ghostysky.com\/shop\/\"},{\"@type\":\"ListItem\",\"position\":3,\"name\":\"Agibot A2 Lite\"}]},{\"@type\":\"WebSite\",\"@id\":\"https:\/\/www.ghostysky.com\/#website\",\"url\":\"https:\/\/www.ghostysky.com\/\",\"name\":\"Ghostysky\",\"description\":\"Delivering professional drones and services\",\"publisher\":{\"@id\":\"https:\/\/www.ghostysky.com\/#organization\"},\"potentialAction\":[{\"@type\":\"SearchAction\",\"target\":{\"@type\":\"EntryPoint\",\"urlTemplate\":\"https:\/\/www.ghostysky.com\/?s={search_term_string}\"},\"query-input\":{\"@type\":\"PropertyValueSpecification\",\"valueRequired\":true,\"valueName\":\"search_term_string\"}}],\"inLanguage\":\"fr-FR\"},{\"@type\":\"Organization\",\"@id\":\"https:\/\/www.ghostysky.com\/#organization\",\"name\":\"Ghostysky\",\"url\":\"https:\/\/www.ghostysky.com\/\",\"logo\":{\"@type\":\"ImageObject\",\"inLanguage\":\"fr-FR\",\"@id\":\"https:\/\/www.ghostysky.com\/#\/schema\/logo\/image\/\",\"url\":\"https:\/\/www.ghostysky.com\/wp-content\/uploads\/2020\/06\/cropped-ghostyskylogo_text_white2.png\",\"contentUrl\":\"https:\/\/www.ghostysky.com\/wp-content\/uploads\/2020\/06\/cropped-ghostyskylogo_text_white2.png\",\"width\":169,\"height\":56,\"caption\":\"Ghostysky\"},\"image\":{\"@id\":\"https:\/\/www.ghostysky.com\/#\/schema\/logo\/image\/\"},\"sameAs\":[\"https:\/\/www.facebook.com\/people\/Ghostysky\/100057676170234\/\",\"https:\/\/x.com\/Gh0stysky\",\"https:\/\/www.linkedin.com\/company\/34739653\",\"https:\/\/www.instagram.com\/gh0stysky\"]}]}<\/script>\n<!-- \/ Yoast SEO plugin. -->","yoast_head_json":{"title":"Agibot A2 Lite - Ghostysky","description":"D\u00e9couvrez l&#039;Agibot A2 Lite, un humano\u00efde interactif haute performance con\u00e7u pour faire le lien entre la robotique de laboratoire avanc\u00e9e et les applications commerciales concr\u00e8tes. D\u00e9velopp\u00e9 par Agibot (Zhiyuan Robotics), ce mod\u00e8le fait partie de la gamme r\u00e9volutionnaire A2, sp\u00e9cialement con\u00e7ue pour les environnements o\u00f9 une interaction proche de celle de l&#039;humain et une grande agilit\u00e9 de mouvement sont essentielles.","robots":{"index":"index","follow":"follow","max-snippet":"max-snippet:-1","max-image-preview":"max-image-preview:large","max-video-preview":"max-video-preview:-1"},"canonical":"https:\/\/www.ghostysky.com\/fr\/product\/agibot-a2-lite\/","og_locale":"fr_FR","og_type":"article","og_title":"Agibot A2 Lite - Ghostysky","og_description":"Meet the Agibot A2 Lite, the high-performance, interactive humanoid designed to bridge the gap between advanced lab robotics and real-world commercial application. Developed by Agibot (Zhiyuan Robotics), this model is part of the groundbreaking A2 series, engineered specifically for environments where human-like interaction and agile movement are paramount.","og_url":"https:\/\/www.ghostysky.com\/fr\/product\/agibot-a2-lite\/","og_site_name":"Ghostysky","article_publisher":"https:\/\/www.facebook.com\/people\/Ghostysky\/100057676170234\/","article_modified_time":"2026-01-26T16:08:51+00:00","og_image":[{"width":320,"height":426,"url":"https:\/\/www.ghostysky.com\/wp-content\/uploads\/2026\/01\/GH_Agibot_A2_Lite_1_1.png","type":"image\/png"}],"twitter_card":"summary_large_image","twitter_site":"@Gh0stysky","twitter_misc":{"Dur\u00e9e de lecture estim\u00e9e":"2 minutes"},"schema":{"@context":"https:\/\/schema.org","@graph":[{"@type":"WebPage","@id":"https:\/\/www.ghostysky.com\/product\/agibot-a2-lite\/","url":"https:\/\/www.ghostysky.com\/product\/agibot-a2-lite\/","name":"Agibot A2 Lite - Ghostysky","isPartOf":{"@id":"https:\/\/www.ghostysky.com\/#website"},"primaryImageOfPage":{"@id":"https:\/\/www.ghostysky.com\/product\/agibot-a2-lite\/#primaryimage"},"image":{"@id":"https:\/\/www.ghostysky.com\/product\/agibot-a2-lite\/#primaryimage"},"thumbnailUrl":"https:\/\/www.ghostysky.com\/wp-content\/uploads\/2026\/01\/GH_Agibot_A2_Lite_1_1.png","datePublished":"2026-01-26T15:57:09+00:00","dateModified":"2026-01-26T16:08:51+00:00","description":"D\u00e9couvrez l&#039;Agibot A2 Lite, un humano\u00efde interactif haute performance con\u00e7u pour faire le lien entre la robotique de laboratoire avanc\u00e9e et les applications commerciales concr\u00e8tes. D\u00e9velopp\u00e9 par Agibot (Zhiyuan Robotics), ce mod\u00e8le fait partie de la gamme r\u00e9volutionnaire A2, sp\u00e9cialement con\u00e7ue pour les environnements o\u00f9 une interaction proche de celle de l&#039;humain et une grande agilit\u00e9 de mouvement sont essentielles.","breadcrumb":{"@id":"https:\/\/www.ghostysky.com\/product\/agibot-a2-lite\/#breadcrumb"},"inLanguage":"fr-FR","potentialAction":[{"@type":"ReadAction","target":["https:\/\/www.ghostysky.com\/product\/agibot-a2-lite\/"]}]},{"@type":"ImageObject","inLanguage":"fr-FR","@id":"https:\/\/www.ghostysky.com\/product\/agibot-a2-lite\/#primaryimage","url":"https:\/\/www.ghostysky.com\/wp-content\/uploads\/2026\/01\/GH_Agibot_A2_Lite_1_1.png","contentUrl":"https:\/\/www.ghostysky.com\/wp-content\/uploads\/2026\/01\/GH_Agibot_A2_Lite_1_1.png","width":320,"height":426},{"@type":"BreadcrumbList","@id":"https:\/\/www.ghostysky.com\/product\/agibot-a2-lite\/#breadcrumb","itemListElement":[{"@type":"ListItem","position":1,"name":"Home","item":"https:\/\/www.ghostysky.com\/"},{"@type":"ListItem","position":2,"name":"Shop","item":"https:\/\/www.ghostysky.com\/shop\/"},{"@type":"ListItem","position":3,"name":"Agibot A2 Lite"}]},{"@type":"WebSite","@id":"https:\/\/www.ghostysky.com\/#website","url":"https:\/\/www.ghostysky.com\/","name":"Ghostysky","description":"Livraison de drones et de services professionnels","publisher":{"@id":"https:\/\/www.ghostysky.com\/#organization"},"potentialAction":[{"@type":"SearchAction","target":{"@type":"EntryPoint","urlTemplate":"https:\/\/www.ghostysky.com\/?s={search_term_string}"},"query-input":{"@type":"PropertyValueSpecification","valueRequired":true,"valueName":"search_term_string"}}],"inLanguage":"fr-FR"},{"@type":"Organization","@id":"https:\/\/www.ghostysky.com\/#organization","name":"Ghostysky","url":"https:\/\/www.ghostysky.com\/","logo":{"@type":"ImageObject","inLanguage":"fr-FR","@id":"https:\/\/www.ghostysky.com\/#\/schema\/logo\/image\/","url":"https:\/\/www.ghostysky.com\/wp-content\/uploads\/2020\/06\/cropped-ghostyskylogo_text_white2.png","contentUrl":"https:\/\/www.ghostysky.com\/wp-content\/uploads\/2020\/06\/cropped-ghostyskylogo_text_white2.png","width":169,"height":56,"caption":"Ghostysky"},"image":{"@id":"https:\/\/www.ghostysky.com\/#\/schema\/logo\/image\/"},"sameAs":["https:\/\/www.facebook.com\/people\/Ghostysky\/100057676170234\/","https:\/\/x.com\/Gh0stysky","https:\/\/www.linkedin.com\/company\/34739653","https:\/\/www.instagram.com\/gh0stysky"]}]}},"_links":{"self":[{"href":"https:\/\/www.ghostysky.com\/fr\/wp-json\/wp\/v2\/product\/23826","targetHints":{"allow":["GET"]}}],"collection":[{"href":"https:\/\/www.ghostysky.com\/fr\/wp-json\/wp\/v2\/product"}],"about":[{"href":"https:\/\/www.ghostysky.com\/fr\/wp-json\/wp\/v2\/types\/product"}],"replies":[{"embeddable":true,"href":"https:\/\/www.ghostysky.com\/fr\/wp-json\/wp\/v2\/comments?post=23826"}],"wp:featuredmedia":[{"embeddable":true,"href":"https:\/\/www.ghostysky.com\/fr\/wp-json\/wp\/v2\/media\/23828"}],"wp:attachment":[{"href":"https:\/\/www.ghostysky.com\/fr\/wp-json\/wp\/v2\/media?parent=23826"}],"wp:term":[{"taxonomy":"product_brand","embeddable":true,"href":"https:\/\/www.ghostysky.com\/fr\/wp-json\/wp\/v2\/product_brand?post=23826"},{"taxonomy":"product_cat","embeddable":true,"href":"https:\/\/www.ghostysky.com\/fr\/wp-json\/wp\/v2\/product_cat?post=23826"},{"taxonomy":"product_tag","embeddable":true,"href":"https:\/\/www.ghostysky.com\/fr\/wp-json\/wp\/v2\/product_tag?post=23826"}],"curies":[{"name":"wp","href":"https:\/\/api.w.org\/{rel}","templated":true}]}}