{"id":23832,"date":"2026-01-26T16:10:21","date_gmt":"2026-01-26T16:10:21","guid":{"rendered":"https:\/\/www.ghostysky.com\/?post_type=product&#038;p=23832"},"modified":"2026-01-26T16:25:07","modified_gmt":"2026-01-26T16:25:07","slug":"agibot-a2-ultra","status":"publish","type":"product","link":"https:\/\/www.ghostysky.com\/fr\/product\/agibot-a2-ultra\/","title":{"rendered":"Agibot A2 Ultra"},"content":{"rendered":"<h3 data-path-to-node=\"3\">La nouvelle norme d&#039;excellence pour les humano\u00efdes<\/h3>\n<p data-path-to-node=\"4\"><span class=\"citation-156 citation-end-156\">L&#039;A2 Ultra n&#039;est pas qu&#039;un prototype, c&#039;est un \u00ab joueur d&#039;\u00e9quipe \u00bb produit en s\u00e9rie.<\/span> Debout \u00e0 <b data-path-to-node=\"4\" data-index-in-node=\"84\">169 cm<\/b> (environ <span class=\"citation-155\">5&#039;6\u2033) et pesant <\/span><b data-path-to-node=\"4\" data-index-in-node=\"118\"><span class=\"citation-155\">69 kg<\/span><\/b><span class=\"citation-155 citation-end-155\">Ses proportions sont volontairement humaines afin qu&#039;il s&#039;int\u00e8gre parfaitement dans les environnements con\u00e7us pour les personnes, des centres commerciaux aux halls d&#039;entreprises.<\/span><\/p>\n<h3 data-path-to-node=\"5\">Principales caract\u00e9ristiques et performances<\/h3>\n<ul data-path-to-node=\"6\">\n<li>\n<p data-path-to-node=\"6,0,0\"><b data-path-to-node=\"6,0,0\" data-index-in-node=\"0\">Record du monde d&#039;endurance :<\/b><span class=\"citation-154\"> L&#039;A2 Ultra d\u00e9tient le record du monde Guinness de la plus longue distance parcourue par un humano\u00efde, couvrant <\/span><b data-path-to-node=\"6,0,0\" data-index-in-node=\"125\"><span class=\"citation-154\">106,28 km<\/span><\/b><span class=\"citation-154 citation-end-154\"> de mani\u00e8re autonome.<\/span> Il est con\u00e7u pour un fonctionnement 24h\/24 et 7j\/7 avec prise en charge de <b data-path-to-node=\"6,0,0\" data-index-in-node=\"198\">batteries rempla\u00e7ables \u00e0 chaud<\/b>.<\/p>\n<\/li>\n<li>\n<p data-path-to-node=\"6,1,0\"><b data-path-to-node=\"6,1,0\" data-index-in-node=\"0\"><span class=\"citation-153\">Interaction haute fid\u00e9lit\u00e9\u00a0:<\/span><\/b><span class=\"citation-153\"> Aliment\u00e9 par <\/span><b data-path-to-node=\"6,1,0\" data-index-in-node=\"38\"><span class=\"citation-153\">WorkGPT<\/span><\/b><span class=\"citation-153 citation-end-153\"> (un mod\u00e8le de langage propri\u00e9taire \u00e9tendu), l&#039;A2 Ultra offre une pr\u00e9cision de 96% en reconnaissance vocale m\u00eame dans des environnements bruyants et un taux de r\u00e9veil facial de 99%.<\/span><\/p>\n<\/li>\n<li>\n<p data-path-to-node=\"6,2,0\"><b data-path-to-node=\"6,2,0\" data-index-in-node=\"0\"><span class=\"citation-152\">Manipulation adroite :<\/span><\/b><span class=\"citation-152\"> Equip\u00e9 d&#039;un <\/span><b data-path-to-node=\"6,2,0\" data-index-in-node=\"40\"><span class=\"citation-152\">main habile \u00e0 6 degr\u00e9s de libert\u00e9<\/span><\/b><span class=\"citation-152 citation-end-152\">Il peut effectuer des t\u00e2ches op\u00e9rationnelles l\u00e9g\u00e8res et des gestes qui semblent naturels et empreints d&#039;empathie.<\/span><\/p>\n<\/li>\n<li>\n<p data-path-to-node=\"6,3,0\"><b data-path-to-node=\"6,3,0\" data-index-in-node=\"0\"><span class=\"citation-151\">Navigation autonome\u00a0:<\/span><\/b><span class=\"citation-151\"> En utilisant <\/span><b data-path-to-node=\"6,3,0\" data-index-in-node=\"33\"><span class=\"citation-151\">HIMUS 3D-SLAM<\/span><\/b><span class=\"citation-151 citation-end-151\"> Gr\u00e2ce \u00e0 son syst\u00e8me et \u00e0 son Lidar \u00e0 360\u00b0, le robot atteint une mobilit\u00e9 autonome de niveau L4, naviguant dans des espaces complexes et encombr\u00e9s sans intervention humaine.<\/span><\/p>\n<p>&nbsp;<\/li>\n<\/ul>\n<h3 data-path-to-node=\"11\">Polyvalence dans tous les secteurs d&#039;activit\u00e9<\/h3>\n<p data-path-to-node=\"12\"><span class=\"citation-150\">L&#039;A2 Ultra est un \u00ab cam\u00e9l\u00e9on \u00bb sur le march\u00e9 du travail, adaptable gr\u00e2ce \u00e0 sa <\/span><b data-path-to-node=\"12\" data-index-in-node=\"70\"><span class=\"citation-150\">Plateforme Linksoul<\/span><\/b><span class=\"citation-150 citation-end-150\">, qui permet aux entreprises de personnaliser leur base de connaissances, leur ton et leur image.<\/span><\/p>\n<ul data-path-to-node=\"13\">\n<li>\n<p data-path-to-node=\"13,0,0\"><b data-path-to-node=\"13,0,0\" data-index-in-node=\"0\"><span class=\"citation-149\">H\u00f4tellerie et tourisme :<\/span><\/b><span class=\"citation-149 citation-end-149\"> Accueil proactif, indications d&#039;itin\u00e9raire et conseils aux entreprises multilingues.<\/span><\/p>\n<\/li>\n<li>\n<p data-path-to-node=\"13,1,0\"><b data-path-to-node=\"13,1,0\" data-index-in-node=\"0\"><span class=\"citation-148\">Marketing et \u00e9v\u00e9nements :<\/span><\/b><span class=\"citation-148 citation-end-148\"> Des ambassadeurs de marque personnalis\u00e9s en mati\u00e8re de propri\u00e9t\u00e9 intellectuelle pour les expositions et les galas t\u00e9l\u00e9vis\u00e9s.<\/span><\/p>\n<\/li>\n<li>\n<p data-path-to-node=\"13,2,0\"><b data-path-to-node=\"13,2,0\" data-index-in-node=\"0\">Performance commerciale :<\/b><span class=\"citation-147 citation-end-147\"> Capable d&#039;ex\u00e9cuter des danses programm\u00e9es et des mouvements synchronis\u00e9s en \u00ab essaim \u00bb \u00e0 des fins de divertissement.<\/span><\/p>\n<\/li>\n<\/ul>\n<blockquote data-path-to-node=\"14\">\n<p data-path-to-node=\"14,0\"><b data-path-to-node=\"14,0\" data-index-in-node=\"0\">Anecdote amusante\u00a0:<\/b><span class=\"citation-146\"> Le A2 Ultra a r\u00e9cemment fait ses d\u00e9buts aux \u00c9tats-Unis lors de <\/span><b data-path-to-node=\"14,0\" data-index-in-node=\"55\"><span class=\"citation-146\">CES 2026<\/span><\/b><span class=\"citation-146 citation-end-146\">, o\u00f9 il a ex\u00e9cut\u00e9 une performance de Tai Chi sur sc\u00e8ne pour d\u00e9montrer son \u00e9quilibre et son contr\u00f4le moteur exceptionnels.<\/span><\/p>\n<\/blockquote>\n<h3 data-path-to-node=\"4\">Caract\u00e9ristiques techniques et mat\u00e9riel principaux<\/h3>\n<p><a href=\"https:\/\/www.ghostysky.com\/wp-content\/uploads\/2026\/01\/GH_AgibotA2_Specs_Comp.png\"><img fetchpriority=\"high\" decoding=\"async\" class=\"alignnone wp-image-23830 size-full lazyload\" src=\"data:image\/gif;base64,R0lGODlhAQABAAAAACH5BAEKAAEALAAAAAABAAEAAAICTAEAOw==\" alt=\"\" width=\"1109\" height=\"1882\" sizes=\"(max-width: 1109px) 100vw, 1109px\" data-src=\"data:image\/gif;base64,R0lGODlhAQABAAAAACH5BAEKAAEALAAAAAABAAEAAAICTAEAOw==\" data-srcset=\"\" srcset=\"\"><\/a><\/p>","protected":false},"excerpt":{"rendered":"<p data-path-to-node=\"0\"><span class=\"citation-159\">Rencontrez le <\/span><b data-path-to-node=\"0\" data-index-in-node=\"9\"><span class=\"citation-159\">Agibot A2 Ultra<\/span><\/b><span class=\"citation-159 citation-end-159\">, le fleuron de la s\u00e9rie A2 et d\u00e9tenteur d&#039;un record du monde Guinness.<\/span> <span class=\"citation-158 citation-end-158\">Construit par Agibot (Shanghai) Technology, il s&#039;agit d&#039;un robot humano\u00efde grandeur nature con\u00e7u pour combler le foss\u00e9 entre la technologie futuriste et la fiabilit\u00e9 commerciale du monde r\u00e9el.<\/span><\/p>\n<p data-path-to-node=\"1\"><span class=\"citation-157 citation-end-157\">Qu&#039;il s&#039;agisse d&#039;accueillir des clients \u00e0 la r\u00e9ception ou de parcourir plus de 100 kilom\u00e8tres \u00e0 travers les villes, l&#039;A2 Ultra est con\u00e7u pour l&#039;endurance et une interaction intelligente.<\/span><\/p>","protected":false},"featured_media":23837,"comment_status":"open","ping_status":"closed","template":"","meta":[],"product_brand":[1345],"product_cat":[1342,1343,1038,1037],"product_tag":[1346,1350,1349],"class_list":{"0":"post-23832","1":"product","2":"type-product","3":"status-publish","4":"has-post-thumbnail","6":"product_brand-agibot","7":"product_cat-agibot","8":"product_cat-agibot-robots","9":"product_cat-humanoid","10":"product_cat-robotics","11":"product_tag-agibot","12":"product_tag-agibot-a2-humanoid","13":"product_tag-agibot-a2-series","15":"first","16":"outofstock","17":"taxable","18":"shipping-taxable","19":"product-type-simple"},"yoast_head":"<!-- This site is optimized with the Yoast SEO plugin v27.1.1 - https:\/\/yoast.com\/product\/yoast-seo-wordpress\/ -->\n<title>Agibot A2 Ultra - Ghostysky<\/title>\n<meta name=\"description\" content=\"Meet the Agibot A2 Ultra, the powerhouse of the A2 series and a Guinness World Record holder. Built by Agibot (Shanghai) Technology, this is a full-size humanoid robot designed to bridge the gap between futuristic tech and real-world commercial reliability.Whether it\u2019s greeting guests at a front desk or walking 100+ kilometers across cities, the A2 Ultra is engineered for endurance and intelligent interaction.\" \/>\n<meta name=\"robots\" content=\"index, follow, max-snippet:-1, max-image-preview:large, max-video-preview:-1\" \/>\n<link rel=\"canonical\" href=\"https:\/\/www.ghostysky.com\/fr\/product\/agibot-a2-ultra\/\" \/>\n<meta property=\"og:locale\" content=\"fr_FR\" \/>\n<meta property=\"og:type\" content=\"article\" \/>\n<meta property=\"og:title\" content=\"Agibot A2 Ultra - Ghostysky\" \/>\n<meta property=\"og:description\" content=\"Meet the Agibot A2 Ultra, the powerhouse of the A2 series and a Guinness World Record holder. Built by Agibot (Shanghai) Technology, this is a full-size humanoid robot designed to bridge the gap between futuristic tech and real-world commercial reliability.Whether it\u2019s greeting guests at a front desk or walking 100+ kilometers across cities, the A2 Ultra is engineered for endurance and intelligent interaction.\" \/>\n<meta property=\"og:url\" content=\"https:\/\/www.ghostysky.com\/fr\/product\/agibot-a2-ultra\/\" \/>\n<meta property=\"og:site_name\" content=\"Ghostysky\" \/>\n<meta property=\"article:publisher\" content=\"https:\/\/www.facebook.com\/people\/Ghostysky\/100057676170234\/\" \/>\n<meta property=\"article:modified_time\" content=\"2026-01-26T16:25:07+00:00\" \/>\n<meta property=\"og:image\" content=\"https:\/\/www.ghostysky.com\/wp-content\/uploads\/2026\/01\/GH_Agibot_A2_Ultra_1_1.png\" \/>\n\t<meta property=\"og:image:width\" content=\"1137\" \/>\n\t<meta property=\"og:image:height\" content=\"1298\" \/>\n\t<meta property=\"og:image:type\" content=\"image\/png\" \/>\n<meta name=\"twitter:card\" content=\"summary_large_image\" \/>\n<meta name=\"twitter:site\" content=\"@Gh0stysky\" \/>\n<meta name=\"twitter:label1\" content=\"Dur\u00e9e de lecture estim\u00e9e\" \/>\n\t<meta name=\"twitter:data1\" content=\"2 minutes\" \/>\n<script type=\"application\/ld+json\" class=\"yoast-schema-graph\">{\"@context\":\"https:\/\/schema.org\",\"@graph\":[{\"@type\":\"WebPage\",\"@id\":\"https:\/\/www.ghostysky.com\/product\/agibot-a2-ultra\/\",\"url\":\"https:\/\/www.ghostysky.com\/product\/agibot-a2-ultra\/\",\"name\":\"Agibot A2 Ultra - Ghostysky\",\"isPartOf\":{\"@id\":\"https:\/\/www.ghostysky.com\/#website\"},\"primaryImageOfPage\":{\"@id\":\"https:\/\/www.ghostysky.com\/product\/agibot-a2-ultra\/#primaryimage\"},\"image\":{\"@id\":\"https:\/\/www.ghostysky.com\/product\/agibot-a2-ultra\/#primaryimage\"},\"thumbnailUrl\":\"https:\/\/www.ghostysky.com\/wp-content\/uploads\/2026\/01\/GH_Agibot_A2_Ultra_1_1.png\",\"datePublished\":\"2026-01-26T16:10:21+00:00\",\"dateModified\":\"2026-01-26T16:25:07+00:00\",\"description\":\"Meet the Agibot A2 Ultra, the powerhouse of the A2 series and a Guinness World Record holder. Built by Agibot (Shanghai) Technology, this is a full-size humanoid robot designed to bridge the gap between futuristic tech and real-world commercial reliability.Whether it\u2019s greeting guests at a front desk or walking 100+ kilometers across cities, the A2 Ultra is engineered for endurance and intelligent interaction.\",\"breadcrumb\":{\"@id\":\"https:\/\/www.ghostysky.com\/product\/agibot-a2-ultra\/#breadcrumb\"},\"inLanguage\":\"fr-FR\",\"potentialAction\":[{\"@type\":\"ReadAction\",\"target\":[\"https:\/\/www.ghostysky.com\/product\/agibot-a2-ultra\/\"]}]},{\"@type\":\"ImageObject\",\"inLanguage\":\"fr-FR\",\"@id\":\"https:\/\/www.ghostysky.com\/product\/agibot-a2-ultra\/#primaryimage\",\"url\":\"https:\/\/www.ghostysky.com\/wp-content\/uploads\/2026\/01\/GH_Agibot_A2_Ultra_1_1.png\",\"contentUrl\":\"https:\/\/www.ghostysky.com\/wp-content\/uploads\/2026\/01\/GH_Agibot_A2_Ultra_1_1.png\",\"width\":1137,\"height\":1298},{\"@type\":\"BreadcrumbList\",\"@id\":\"https:\/\/www.ghostysky.com\/product\/agibot-a2-ultra\/#breadcrumb\",\"itemListElement\":[{\"@type\":\"ListItem\",\"position\":1,\"name\":\"Home\",\"item\":\"https:\/\/www.ghostysky.com\/\"},{\"@type\":\"ListItem\",\"position\":2,\"name\":\"Shop\",\"item\":\"https:\/\/www.ghostysky.com\/shop\/\"},{\"@type\":\"ListItem\",\"position\":3,\"name\":\"Agibot A2 Ultra\"}]},{\"@type\":\"WebSite\",\"@id\":\"https:\/\/www.ghostysky.com\/#website\",\"url\":\"https:\/\/www.ghostysky.com\/\",\"name\":\"Ghostysky\",\"description\":\"Delivering professional drones and services\",\"publisher\":{\"@id\":\"https:\/\/www.ghostysky.com\/#organization\"},\"potentialAction\":[{\"@type\":\"SearchAction\",\"target\":{\"@type\":\"EntryPoint\",\"urlTemplate\":\"https:\/\/www.ghostysky.com\/?s={search_term_string}\"},\"query-input\":{\"@type\":\"PropertyValueSpecification\",\"valueRequired\":true,\"valueName\":\"search_term_string\"}}],\"inLanguage\":\"fr-FR\"},{\"@type\":\"Organization\",\"@id\":\"https:\/\/www.ghostysky.com\/#organization\",\"name\":\"Ghostysky\",\"url\":\"https:\/\/www.ghostysky.com\/\",\"logo\":{\"@type\":\"ImageObject\",\"inLanguage\":\"fr-FR\",\"@id\":\"https:\/\/www.ghostysky.com\/#\/schema\/logo\/image\/\",\"url\":\"https:\/\/www.ghostysky.com\/wp-content\/uploads\/2020\/06\/cropped-ghostyskylogo_text_white2.png\",\"contentUrl\":\"https:\/\/www.ghostysky.com\/wp-content\/uploads\/2020\/06\/cropped-ghostyskylogo_text_white2.png\",\"width\":169,\"height\":56,\"caption\":\"Ghostysky\"},\"image\":{\"@id\":\"https:\/\/www.ghostysky.com\/#\/schema\/logo\/image\/\"},\"sameAs\":[\"https:\/\/www.facebook.com\/people\/Ghostysky\/100057676170234\/\",\"https:\/\/x.com\/Gh0stysky\",\"https:\/\/www.linkedin.com\/company\/34739653\",\"https:\/\/www.instagram.com\/gh0stysky\"]}]}<\/script>\n<!-- \/ Yoast SEO plugin. -->","yoast_head_json":{"title":"Agibot A2 Ultra - Ghostysky","description":"D\u00e9couvrez l&#039;Agibot A2 Ultra, fleuron de la gamme A2 et d\u00e9tenteur d&#039;un record du monde Guinness. Con\u00e7u par Agibot (Shanghai) Technology, ce robot humano\u00efde grandeur nature allie technologie futuriste et fiabilit\u00e9 \u00e0 toute \u00e9preuve. Qu&#039;il s&#039;agisse d&#039;accueillir des clients \u00e0 la r\u00e9ception ou de parcourir plus de 100 kilom\u00e8tres en ville, l&#039;A2 Ultra est con\u00e7u pour l&#039;endurance et l&#039;interaction intelligente.","robots":{"index":"index","follow":"follow","max-snippet":"max-snippet:-1","max-image-preview":"max-image-preview:large","max-video-preview":"max-video-preview:-1"},"canonical":"https:\/\/www.ghostysky.com\/fr\/product\/agibot-a2-ultra\/","og_locale":"fr_FR","og_type":"article","og_title":"Agibot A2 Ultra - Ghostysky","og_description":"Meet the Agibot A2 Ultra, the powerhouse of the A2 series and a Guinness World Record holder. Built by Agibot (Shanghai) Technology, this is a full-size humanoid robot designed to bridge the gap between futuristic tech and real-world commercial reliability.Whether it\u2019s greeting guests at a front desk or walking 100+ kilometers across cities, the A2 Ultra is engineered for endurance and intelligent interaction.","og_url":"https:\/\/www.ghostysky.com\/fr\/product\/agibot-a2-ultra\/","og_site_name":"Ghostysky","article_publisher":"https:\/\/www.facebook.com\/people\/Ghostysky\/100057676170234\/","article_modified_time":"2026-01-26T16:25:07+00:00","og_image":[{"width":1137,"height":1298,"url":"https:\/\/www.ghostysky.com\/wp-content\/uploads\/2026\/01\/GH_Agibot_A2_Ultra_1_1.png","type":"image\/png"}],"twitter_card":"summary_large_image","twitter_site":"@Gh0stysky","twitter_misc":{"Dur\u00e9e de lecture estim\u00e9e":"2 minutes"},"schema":{"@context":"https:\/\/schema.org","@graph":[{"@type":"WebPage","@id":"https:\/\/www.ghostysky.com\/product\/agibot-a2-ultra\/","url":"https:\/\/www.ghostysky.com\/product\/agibot-a2-ultra\/","name":"Agibot A2 Ultra - Ghostysky","isPartOf":{"@id":"https:\/\/www.ghostysky.com\/#website"},"primaryImageOfPage":{"@id":"https:\/\/www.ghostysky.com\/product\/agibot-a2-ultra\/#primaryimage"},"image":{"@id":"https:\/\/www.ghostysky.com\/product\/agibot-a2-ultra\/#primaryimage"},"thumbnailUrl":"https:\/\/www.ghostysky.com\/wp-content\/uploads\/2026\/01\/GH_Agibot_A2_Ultra_1_1.png","datePublished":"2026-01-26T16:10:21+00:00","dateModified":"2026-01-26T16:25:07+00:00","description":"D\u00e9couvrez l&#039;Agibot A2 Ultra, fleuron de la gamme A2 et d\u00e9tenteur d&#039;un record du monde Guinness. Con\u00e7u par Agibot (Shanghai) Technology, ce robot humano\u00efde grandeur nature allie technologie futuriste et fiabilit\u00e9 \u00e0 toute \u00e9preuve. Qu&#039;il s&#039;agisse d&#039;accueillir des clients \u00e0 la r\u00e9ception ou de parcourir plus de 100 kilom\u00e8tres en ville, l&#039;A2 Ultra est con\u00e7u pour l&#039;endurance et l&#039;interaction intelligente.","breadcrumb":{"@id":"https:\/\/www.ghostysky.com\/product\/agibot-a2-ultra\/#breadcrumb"},"inLanguage":"fr-FR","potentialAction":[{"@type":"ReadAction","target":["https:\/\/www.ghostysky.com\/product\/agibot-a2-ultra\/"]}]},{"@type":"ImageObject","inLanguage":"fr-FR","@id":"https:\/\/www.ghostysky.com\/product\/agibot-a2-ultra\/#primaryimage","url":"https:\/\/www.ghostysky.com\/wp-content\/uploads\/2026\/01\/GH_Agibot_A2_Ultra_1_1.png","contentUrl":"https:\/\/www.ghostysky.com\/wp-content\/uploads\/2026\/01\/GH_Agibot_A2_Ultra_1_1.png","width":1137,"height":1298},{"@type":"BreadcrumbList","@id":"https:\/\/www.ghostysky.com\/product\/agibot-a2-ultra\/#breadcrumb","itemListElement":[{"@type":"ListItem","position":1,"name":"Home","item":"https:\/\/www.ghostysky.com\/"},{"@type":"ListItem","position":2,"name":"Shop","item":"https:\/\/www.ghostysky.com\/shop\/"},{"@type":"ListItem","position":3,"name":"Agibot A2 Ultra"}]},{"@type":"WebSite","@id":"https:\/\/www.ghostysky.com\/#website","url":"https:\/\/www.ghostysky.com\/","name":"Ghostysky","description":"Livraison de drones et de services professionnels","publisher":{"@id":"https:\/\/www.ghostysky.com\/#organization"},"potentialAction":[{"@type":"SearchAction","target":{"@type":"EntryPoint","urlTemplate":"https:\/\/www.ghostysky.com\/?s={search_term_string}"},"query-input":{"@type":"PropertyValueSpecification","valueRequired":true,"valueName":"search_term_string"}}],"inLanguage":"fr-FR"},{"@type":"Organization","@id":"https:\/\/www.ghostysky.com\/#organization","name":"Ghostysky","url":"https:\/\/www.ghostysky.com\/","logo":{"@type":"ImageObject","inLanguage":"fr-FR","@id":"https:\/\/www.ghostysky.com\/#\/schema\/logo\/image\/","url":"https:\/\/www.ghostysky.com\/wp-content\/uploads\/2020\/06\/cropped-ghostyskylogo_text_white2.png","contentUrl":"https:\/\/www.ghostysky.com\/wp-content\/uploads\/2020\/06\/cropped-ghostyskylogo_text_white2.png","width":169,"height":56,"caption":"Ghostysky"},"image":{"@id":"https:\/\/www.ghostysky.com\/#\/schema\/logo\/image\/"},"sameAs":["https:\/\/www.facebook.com\/people\/Ghostysky\/100057676170234\/","https:\/\/x.com\/Gh0stysky","https:\/\/www.linkedin.com\/company\/34739653","https:\/\/www.instagram.com\/gh0stysky"]}]}},"_links":{"self":[{"href":"https:\/\/www.ghostysky.com\/fr\/wp-json\/wp\/v2\/product\/23832","targetHints":{"allow":["GET"]}}],"collection":[{"href":"https:\/\/www.ghostysky.com\/fr\/wp-json\/wp\/v2\/product"}],"about":[{"href":"https:\/\/www.ghostysky.com\/fr\/wp-json\/wp\/v2\/types\/product"}],"replies":[{"embeddable":true,"href":"https:\/\/www.ghostysky.com\/fr\/wp-json\/wp\/v2\/comments?post=23832"}],"wp:featuredmedia":[{"embeddable":true,"href":"https:\/\/www.ghostysky.com\/fr\/wp-json\/wp\/v2\/media\/23837"}],"wp:attachment":[{"href":"https:\/\/www.ghostysky.com\/fr\/wp-json\/wp\/v2\/media?parent=23832"}],"wp:term":[{"taxonomy":"product_brand","embeddable":true,"href":"https:\/\/www.ghostysky.com\/fr\/wp-json\/wp\/v2\/product_brand?post=23832"},{"taxonomy":"product_cat","embeddable":true,"href":"https:\/\/www.ghostysky.com\/fr\/wp-json\/wp\/v2\/product_cat?post=23832"},{"taxonomy":"product_tag","embeddable":true,"href":"https:\/\/www.ghostysky.com\/fr\/wp-json\/wp\/v2\/product_tag?post=23832"}],"curies":[{"name":"wp","href":"https:\/\/api.w.org\/{rel}","templated":true}]}}