{"id":23843,"date":"2026-01-26T16:40:36","date_gmt":"2026-01-26T16:40:36","guid":{"rendered":"https:\/\/www.ghostysky.com\/?post_type=product&#038;p=23843"},"modified":"2026-01-26T17:03:04","modified_gmt":"2026-01-26T17:03:04","slug":"agibot-a2-w","status":"publish","type":"product","link":"https:\/\/www.ghostysky.com\/fr\/product\/agibot-a2-w\/","title":{"rendered":"Agibot A2 W"},"content":{"rendered":"<h3 data-path-to-node=\"3\"><b data-path-to-node=\"3\" data-index-in-node=\"3\">Agibot A2-W : Le sp\u00e9cialiste de la fabrication flexible<\/b><\/h3>\n<p data-path-to-node=\"4\"><span class=\"citation-201 citation-end-201\">L&#039;A2-W se d\u00e9finit par son \u00ab intelligence incarn\u00e9e \u00bb, combinant deux bras de haute pr\u00e9cision et une base agile sur roues.<\/span> <span class=\"citation-200\">Il est con\u00e7u pour remplacer ou assister les humains dans des t\u00e2ches complexes telles que <\/span><b data-path-to-node=\"4\" data-index-in-node=\"180\"><span class=\"citation-200 citation-end-200\">saisie, branchement pr\u00e9cis, transport de composants et assemblage asynchrone.<\/span><\/b><\/p>\n<h3 data-path-to-node=\"5\"><b data-path-to-node=\"5\" data-index-in-node=\"0\">Caract\u00e9ristiques techniques cl\u00e9s<\/b><\/h3>\n<table data-path-to-node=\"6\">\n<thead>\n<tr>\n<td><strong>Fonctionnalit\u00e9<\/strong><\/td>\n<td><strong>Sp\u00e9cification<\/strong><\/td>\n<\/tr>\n<\/thead>\n<tbody>\n<tr>\n<td><span data-path-to-node=\"6,1,0,0\"><b data-path-to-node=\"6,1,0,0\" data-index-in-node=\"0\">Taille \/ Poids<\/b><\/span><\/td>\n<td><span data-path-to-node=\"6,1,1,0\">163 cm<\/span><\/td>\n<\/tr>\n<tr>\n<td><span data-path-to-node=\"6,2,0,0\"><b data-path-to-node=\"6,2,0,0\" data-index-in-node=\"0\">Locomotion<\/b><\/span><\/td>\n<td><span data-path-to-node=\"6,2,1,0\">Transmission int\u00e9grale (d\u00e9placement en crabe et rayon de braquage nul)<\/span><\/td>\n<\/tr>\n<tr>\n<td><span data-path-to-node=\"6,3,0,0\"><b data-path-to-node=\"6,3,0,0\" data-index-in-node=\"0\">Vitesse maximale<\/b><\/span><\/td>\n<td><span data-path-to-node=\"6,3,1,0\">Jusqu&#039;\u00e0 5 m\/s<\/span><\/td>\n<\/tr>\n<tr>\n<td><span data-path-to-node=\"6,4,0,0\"><b data-path-to-node=\"6,4,0,0\" data-index-in-node=\"0\">Degr\u00e9s de libert\u00e9<\/b><\/span><\/td>\n<td><span data-path-to-node=\"6,4,1,0\">22 au total (7 degr\u00e9s de libert\u00e9 par bras + \u00e9l\u00e9vation\/inclinaison de la taille)<\/span><\/td>\n<\/tr>\n<tr>\n<td><span data-path-to-node=\"6,5,0,0\"><b data-path-to-node=\"6,5,0,0\" data-index-in-node=\"0\">Capacit\u00e9 de charge utile<\/b><\/span><\/td>\n<td><span data-path-to-node=\"6,5,1,0\">5 kg par bras<\/span><\/td>\n<\/tr>\n<tr>\n<td><span data-path-to-node=\"6,6,0,0\"><b data-path-to-node=\"6,6,0,0\" data-index-in-node=\"0\">Autonomie de la batterie<\/b><\/span><\/td>\n<td><span data-path-to-node=\"6,6,1,0\">2 kWh \/ 5 heures (Compatible avec le remplacement \u00e0 chaud)<\/span><\/td>\n<\/tr>\n<tr>\n<td><span data-path-to-node=\"6,7,0,0\"><b data-path-to-node=\"6,7,0,0\" data-index-in-node=\"0\">Informatique IA<\/b><\/span><\/td>\n<td><span data-path-to-node=\"6,7,1,0\">275 TOPS (Intelligence Incarn\u00e9e)<\/span><\/td>\n<\/tr>\n<\/tbody>\n<\/table>\n<p><a href=\"https:\/\/www.ghostysky.com\/wp-content\/uploads\/2026\/01\/GH_Agibot_A2_W-main1.png\"><img fetchpriority=\"high\" decoding=\"async\" class=\"alignnone wp-image-23857 size-full lazyload\" src=\"data:image\/gif;base64,R0lGODlhAQABAAAAACH5BAEKAAEALAAAAAABAAEAAAICTAEAOw==\" alt=\"\" width=\"1206\" height=\"554\" sizes=\"(max-width: 1206px) 100vw, 1206px\" data-src=\"data:image\/gif;base64,R0lGODlhAQABAAAAACH5BAEKAAEALAAAAAABAAEAAAICTAEAOw==\" data-srcset=\"\" srcset=\"\"><\/a><\/p>\n<p>&nbsp;<\/p>\n<h3 data-path-to-node=\"8\"><b data-path-to-node=\"8\" data-index-in-node=\"0\">Caract\u00e9ristiques et capacit\u00e9s principales<\/b><\/h3>\n<ul data-path-to-node=\"9\">\n<li>\n<p data-path-to-node=\"9,0,0\"><b data-path-to-node=\"9,0,0\" data-index-in-node=\"0\">Collaboration bionique \u00e0 double bras :<\/b><\/p>\n<p data-path-to-node=\"9,0,0\"><span class=\"citation-199 citation-end-199\">Dot\u00e9 de bras \u00e0 sept degr\u00e9s de libert\u00e9, l&#039;A2-W peut effectuer des mouvements parall\u00e8les ou asynchrones.<\/span> <span class=\"citation-198 citation-end-198\">Cela permet des man\u0153uvres de \u00ab transfert \u00bb complexes et la possibilit\u00e9 de manipuler des pi\u00e8ces en l&#039;air avec une pr\u00e9cision de niveau industriel.<\/span><\/p>\n<\/li>\n<li>\n<p data-path-to-node=\"9,1,0\"><b data-path-to-node=\"9,1,0\" data-index-in-node=\"0\">Maniabilit\u00e9 sup\u00e9rieure :<\/b><\/p>\n<p data-path-to-node=\"9,1,0\"><span class=\"citation-197\">Le ch\u00e2ssis \u00e0 roues supporte <\/span><b data-path-to-node=\"9,1,0\" data-index-in-node=\"55\"><span class=\"citation-197\">Virage \u00e0 rayon nul \u00e0 360\u00b0<\/span><\/b><span class=\"citation-197\"> et <\/span><b data-path-to-node=\"9,1,0\" data-index-in-node=\"84\"><span class=\"citation-197\">marche du crabe<\/span><\/b><span class=\"citation-197 citation-end-197\">.<\/span> <span class=\"citation-196 citation-end-196\">Cela permet au robot de se d\u00e9placer beaucoup plus efficacement que les mod\u00e8les bip\u00e8des dans les cha\u00eenes de production \u00e9troites et les all\u00e9es encombr\u00e9es des entrep\u00f4ts.<\/span><\/p>\n<\/li>\n<li>\n<p data-path-to-node=\"9,2,0\"><b data-path-to-node=\"9,2,0\" data-index-in-node=\"0\">Perception avanc\u00e9e et s\u00e9curit\u00e9 :<\/b><\/p>\n<p data-path-to-node=\"9,2,0\"><span class=\"citation-195\">La s\u00e9curit\u00e9 est assur\u00e9e par un syst\u00e8me de fusion multi-capteurs comprenant <\/span><b data-path-to-node=\"9,2,0\" data-index-in-node=\"90\"><span class=\"citation-195\">Lidar \u00e0 360\u00b0, quatre capteurs de vision IA (RGBD\/Fisheye) et capteurs de force 6D<\/span><\/b><span class=\"citation-195 citation-end-195\">.<\/span> <span class=\"citation-194 citation-end-194\">Il est dot\u00e9 d&#039;un syst\u00e8me d&#039;\u00e9vitement d&#039;obstacles et de d\u00e9tection de collision des bras au niveau de la milliseconde, permettant de travailler en toute s\u00e9curit\u00e9 aux c\u00f4t\u00e9s du personnel humain.<\/span><\/p>\n<\/li>\n<li>\n<p data-path-to-node=\"9,3,0\"><b data-path-to-node=\"9,3,0\" data-index-in-node=\"0\">Adaptation rapide aux t\u00e2ches :<\/b><\/p>\n<p data-path-to-node=\"9,3,0\"><span class=\"citation-193\">Propuls\u00e9 par la technologie d\u00e9velopp\u00e9e en interne par Agibot <\/span><b data-path-to-node=\"9,3,0\" data-index-in-node=\"58\"><span class=\"citation-193\">ActionGPT<\/span><\/b><span class=\"citation-193\"> et <\/span><b data-path-to-node=\"9,3,0\" data-index-in-node=\"72\"><span class=\"citation-193\">UniGrasp\/UniPlug<\/span><\/b><span class=\"citation-193 citation-end-193\"> Gr\u00e2ce \u00e0 des algorithmes, l&#039;A2-W peut apprendre \u00e0 g\u00e9rer de nouveaux objets ou t\u00e2ches en quelques heures gr\u00e2ce \u00e0 la synth\u00e8se de mod\u00e8les 3D et \u00e0 l&#039;apprentissage par renforcement.<\/span><\/p>\n<\/li>\n<li>\n<p data-path-to-node=\"9,4,0\"><b data-path-to-node=\"9,4,0\" data-index-in-node=\"0\">Disponibilit\u00e9 op\u00e9rationnelle 24h\/24 et 7j\/7\u00a0:<\/b><\/p>\n<p data-path-to-node=\"9,4,0\"><span class=\"citation-192\">Avec un <\/span><b data-path-to-node=\"9,4,0\" data-index-in-node=\"35\"><span class=\"citation-192\">syst\u00e8me de batterie rempla\u00e7able \u00e0 chaud<\/span><\/b><span class=\"citation-192 citation-end-192\"> Gr\u00e2ce \u00e0 ses capacit\u00e9s de recharge autonome, l&#039;A2-W minimise les temps d&#039;arr\u00eat, garantissant ainsi son fonctionnement continu pendant plusieurs quarts de travail.<\/span><\/p>\n<p>&nbsp;<\/li>\n<\/ul>\n<h3 data-path-to-node=\"11\"><b data-path-to-node=\"11\" data-index-in-node=\"0\">Principaux cas d&#039;utilisation<\/b><\/h3>\n<ul data-path-to-node=\"12\">\n<li>\n<p data-path-to-node=\"12,0,0\"><b data-path-to-node=\"12,0,0\" data-index-in-node=\"0\">Assemblage \u00e9lectronique :<\/b><span class=\"citation-191 citation-end-191\"> Raccordement et montage des composants de haute pr\u00e9cision.<\/span><\/p>\n<\/li>\n<li>\n<p data-path-to-node=\"12,1,0\"><b data-path-to-node=\"12,1,0\" data-index-in-node=\"0\">Logistique et tri :<\/b> Transport et organisation autonomes au sein d&#039;un \u00e9cosyst\u00e8me d&#039;usine.<\/p>\n<\/li>\n<li>\n<p data-path-to-node=\"12,2,0\"><b data-path-to-node=\"12,2,0\" data-index-in-node=\"0\"><span class=\"citation-190\">Inspection industrielle :<\/span><\/b><span class=\"citation-190 citation-end-190\"> Surveillance mobile avec vision IA haute d\u00e9finition.<\/span><\/p>\n<\/li>\n<li>\n<p data-path-to-node=\"12,3,0\"><b data-path-to-node=\"12,3,0\" data-index-in-node=\"0\">Automatisation des laboratoires\u00a0:<\/b> Manipulation d&#039;\u00e9chantillons d\u00e9licats et utilisation d&#039;\u00e9quipements.<\/p>\n<\/li>\n<\/ul>\n<blockquote data-path-to-node=\"14\">\n<p data-path-to-node=\"14,0\"><b data-path-to-node=\"14,0\" data-index-in-node=\"0\">Note:<\/b><span class=\"citation-189\"> L&#039;A2-W fait partie d&#039;un ensemble plus vaste. <\/span><b data-path-to-node=\"14,0\" data-index-in-node=\"38\"><span class=\"citation-189\">Exp\u00e9dition A2<\/span><\/b><span class=\"citation-189 citation-end-189\"> s\u00e9rie.<\/span> Alors que le A2 standard est un robot de service interactif (bip\u00e8de), le A2-W est le \u00ab cheval de trait \u00bb industriel robuste de la famille.<\/p>\n<\/blockquote>","protected":false},"excerpt":{"rendered":"<p class=\"first-token\" data-path-to-node=\"0\"><span class=\"\">Le <\/span><b class=\"\" data-path-to-node=\"0\" data-index-in-node=\"4\">Agibot A2-W<\/b><span class=\"\"> est un robot humano\u00efde \u00e0 roues haute performance sp\u00e9cialement con\u00e7u pour r\u00e9pondre aux exigences de <\/span><b class=\"\" data-path-to-node=\"0\" data-index-in-node=\"104\">fabrication flexible et automatisation industrielle<\/b><span class=\"\">.<\/span><span class=\"\"> Contrairement \u00e0 ses cong\u00e9n\u00e8res bip\u00e8des,<\/span><span class=\"\"> L&#039;A2-W troque la marche contre la grande vitesse,<\/span><span class=\"\"> ch\u00e2ssis \u00e0 quatre roues motrices,<\/span><span class=\"\"> ce qui en fait un outil indispensable pour les cha\u00eenes de production o\u00f9 la stabilit\u00e9 et la rapidit\u00e9 sont primordiales.<\/span><\/p>","protected":false},"featured_media":23856,"comment_status":"open","ping_status":"closed","template":"","meta":[],"product_brand":[1345],"product_cat":[1342,1343,1038,1037],"product_tag":[1346,1350,1349],"class_list":{"0":"post-23843","1":"product","2":"type-product","3":"status-publish","4":"has-post-thumbnail","6":"product_brand-agibot","7":"product_cat-agibot","8":"product_cat-agibot-robots","9":"product_cat-humanoid","10":"product_cat-robotics","11":"product_tag-agibot","12":"product_tag-agibot-a2-humanoid","13":"product_tag-agibot-a2-series","15":"first","16":"outofstock","17":"taxable","18":"shipping-taxable","19":"product-type-simple"},"yoast_head":"<!-- This site is optimized with the Yoast SEO plugin v27.1.1 - https:\/\/yoast.com\/product\/yoast-seo-wordpress\/ -->\n<title>Agibot A2 W - Ghostysky<\/title>\n<meta name=\"description\" content=\"The Agibot A2-W is a high-performance wheeled humanoid robot specifically engineered for the demands of flexible manufacturing and industrial automation. Unlike its bipedal siblings, the A2-W trades walking for a high-speed, four-wheel-drive chassis, making it a powerhouse for factory floors where stability and speed are paramount.\" \/>\n<meta name=\"robots\" content=\"index, follow, max-snippet:-1, max-image-preview:large, max-video-preview:-1\" \/>\n<link rel=\"canonical\" href=\"https:\/\/www.ghostysky.com\/fr\/product\/agibot-a2-w\/\" \/>\n<meta property=\"og:locale\" content=\"fr_FR\" \/>\n<meta property=\"og:type\" content=\"article\" \/>\n<meta property=\"og:title\" content=\"Agibot A2 W - Ghostysky\" \/>\n<meta property=\"og:description\" content=\"The Agibot A2-W is a high-performance wheeled humanoid robot specifically engineered for the demands of flexible manufacturing and industrial automation. Unlike its bipedal siblings, the A2-W trades walking for a high-speed, four-wheel-drive chassis, making it a powerhouse for factory floors where stability and speed are paramount.\" \/>\n<meta property=\"og:url\" content=\"https:\/\/www.ghostysky.com\/fr\/product\/agibot-a2-w\/\" \/>\n<meta property=\"og:site_name\" content=\"Ghostysky\" \/>\n<meta property=\"article:publisher\" content=\"https:\/\/www.facebook.com\/people\/Ghostysky\/100057676170234\/\" \/>\n<meta property=\"article:modified_time\" content=\"2026-01-26T17:03:04+00:00\" \/>\n<meta property=\"og:image\" content=\"https:\/\/www.ghostysky.com\/wp-content\/uploads\/2026\/01\/GH_Agibot_A2_W_1.png\" \/>\n\t<meta property=\"og:image:width\" content=\"451\" \/>\n\t<meta property=\"og:image:height\" content=\"654\" \/>\n\t<meta property=\"og:image:type\" content=\"image\/png\" \/>\n<meta name=\"twitter:card\" content=\"summary_large_image\" \/>\n<meta name=\"twitter:site\" content=\"@Gh0stysky\" \/>\n<meta name=\"twitter:label1\" content=\"Dur\u00e9e de lecture estim\u00e9e\" \/>\n\t<meta name=\"twitter:data1\" content=\"2 minutes\" \/>\n<script type=\"application\/ld+json\" class=\"yoast-schema-graph\">{\"@context\":\"https:\/\/schema.org\",\"@graph\":[{\"@type\":\"WebPage\",\"@id\":\"https:\/\/www.ghostysky.com\/product\/agibot-a2-w\/\",\"url\":\"https:\/\/www.ghostysky.com\/product\/agibot-a2-w\/\",\"name\":\"Agibot A2 W - Ghostysky\",\"isPartOf\":{\"@id\":\"https:\/\/www.ghostysky.com\/#website\"},\"primaryImageOfPage\":{\"@id\":\"https:\/\/www.ghostysky.com\/product\/agibot-a2-w\/#primaryimage\"},\"image\":{\"@id\":\"https:\/\/www.ghostysky.com\/product\/agibot-a2-w\/#primaryimage\"},\"thumbnailUrl\":\"https:\/\/www.ghostysky.com\/wp-content\/uploads\/2026\/01\/GH_Agibot_A2_W_1.png\",\"datePublished\":\"2026-01-26T16:40:36+00:00\",\"dateModified\":\"2026-01-26T17:03:04+00:00\",\"description\":\"The Agibot A2-W is a high-performance wheeled humanoid robot specifically engineered for the demands of flexible manufacturing and industrial automation. Unlike its bipedal siblings, the A2-W trades walking for a high-speed, four-wheel-drive chassis, making it a powerhouse for factory floors where stability and speed are paramount.\",\"breadcrumb\":{\"@id\":\"https:\/\/www.ghostysky.com\/product\/agibot-a2-w\/#breadcrumb\"},\"inLanguage\":\"fr-FR\",\"potentialAction\":[{\"@type\":\"ReadAction\",\"target\":[\"https:\/\/www.ghostysky.com\/product\/agibot-a2-w\/\"]}]},{\"@type\":\"ImageObject\",\"inLanguage\":\"fr-FR\",\"@id\":\"https:\/\/www.ghostysky.com\/product\/agibot-a2-w\/#primaryimage\",\"url\":\"https:\/\/www.ghostysky.com\/wp-content\/uploads\/2026\/01\/GH_Agibot_A2_W_1.png\",\"contentUrl\":\"https:\/\/www.ghostysky.com\/wp-content\/uploads\/2026\/01\/GH_Agibot_A2_W_1.png\",\"width\":451,\"height\":654},{\"@type\":\"BreadcrumbList\",\"@id\":\"https:\/\/www.ghostysky.com\/product\/agibot-a2-w\/#breadcrumb\",\"itemListElement\":[{\"@type\":\"ListItem\",\"position\":1,\"name\":\"Home\",\"item\":\"https:\/\/www.ghostysky.com\/\"},{\"@type\":\"ListItem\",\"position\":2,\"name\":\"Shop\",\"item\":\"https:\/\/www.ghostysky.com\/shop\/\"},{\"@type\":\"ListItem\",\"position\":3,\"name\":\"Agibot A2 W\"}]},{\"@type\":\"WebSite\",\"@id\":\"https:\/\/www.ghostysky.com\/#website\",\"url\":\"https:\/\/www.ghostysky.com\/\",\"name\":\"Ghostysky\",\"description\":\"Delivering professional drones and services\",\"publisher\":{\"@id\":\"https:\/\/www.ghostysky.com\/#organization\"},\"potentialAction\":[{\"@type\":\"SearchAction\",\"target\":{\"@type\":\"EntryPoint\",\"urlTemplate\":\"https:\/\/www.ghostysky.com\/?s={search_term_string}\"},\"query-input\":{\"@type\":\"PropertyValueSpecification\",\"valueRequired\":true,\"valueName\":\"search_term_string\"}}],\"inLanguage\":\"fr-FR\"},{\"@type\":\"Organization\",\"@id\":\"https:\/\/www.ghostysky.com\/#organization\",\"name\":\"Ghostysky\",\"url\":\"https:\/\/www.ghostysky.com\/\",\"logo\":{\"@type\":\"ImageObject\",\"inLanguage\":\"fr-FR\",\"@id\":\"https:\/\/www.ghostysky.com\/#\/schema\/logo\/image\/\",\"url\":\"https:\/\/www.ghostysky.com\/wp-content\/uploads\/2020\/06\/cropped-ghostyskylogo_text_white2.png\",\"contentUrl\":\"https:\/\/www.ghostysky.com\/wp-content\/uploads\/2020\/06\/cropped-ghostyskylogo_text_white2.png\",\"width\":169,\"height\":56,\"caption\":\"Ghostysky\"},\"image\":{\"@id\":\"https:\/\/www.ghostysky.com\/#\/schema\/logo\/image\/\"},\"sameAs\":[\"https:\/\/www.facebook.com\/people\/Ghostysky\/100057676170234\/\",\"https:\/\/x.com\/Gh0stysky\",\"https:\/\/www.linkedin.com\/company\/34739653\",\"https:\/\/www.instagram.com\/gh0stysky\"]}]}<\/script>\n<!-- \/ Yoast SEO plugin. -->","yoast_head_json":{"title":"Agibot A2 W - Ghostysky","description":"L&#039;Agibot A2-W est un robot humano\u00efde \u00e0 roues hautes performances, con\u00e7u sp\u00e9cifiquement pour r\u00e9pondre aux exigences de la production flexible et de l&#039;automatisation industrielle. Contrairement \u00e0 ses homologues bip\u00e8des, l&#039;A2-W privil\u00e9gie un ch\u00e2ssis \u00e0 quatre roues motrices \u00e0 grande vitesse, ce qui en fait un atout majeur pour les ateliers o\u00f9 stabilit\u00e9 et rapidit\u00e9 sont essentielles.","robots":{"index":"index","follow":"follow","max-snippet":"max-snippet:-1","max-image-preview":"max-image-preview:large","max-video-preview":"max-video-preview:-1"},"canonical":"https:\/\/www.ghostysky.com\/fr\/product\/agibot-a2-w\/","og_locale":"fr_FR","og_type":"article","og_title":"Agibot A2 W - Ghostysky","og_description":"The Agibot A2-W is a high-performance wheeled humanoid robot specifically engineered for the demands of flexible manufacturing and industrial automation. Unlike its bipedal siblings, the A2-W trades walking for a high-speed, four-wheel-drive chassis, making it a powerhouse for factory floors where stability and speed are paramount.","og_url":"https:\/\/www.ghostysky.com\/fr\/product\/agibot-a2-w\/","og_site_name":"Ghostysky","article_publisher":"https:\/\/www.facebook.com\/people\/Ghostysky\/100057676170234\/","article_modified_time":"2026-01-26T17:03:04+00:00","og_image":[{"width":451,"height":654,"url":"https:\/\/www.ghostysky.com\/wp-content\/uploads\/2026\/01\/GH_Agibot_A2_W_1.png","type":"image\/png"}],"twitter_card":"summary_large_image","twitter_site":"@Gh0stysky","twitter_misc":{"Dur\u00e9e de lecture estim\u00e9e":"2 minutes"},"schema":{"@context":"https:\/\/schema.org","@graph":[{"@type":"WebPage","@id":"https:\/\/www.ghostysky.com\/product\/agibot-a2-w\/","url":"https:\/\/www.ghostysky.com\/product\/agibot-a2-w\/","name":"Agibot A2 W - Ghostysky","isPartOf":{"@id":"https:\/\/www.ghostysky.com\/#website"},"primaryImageOfPage":{"@id":"https:\/\/www.ghostysky.com\/product\/agibot-a2-w\/#primaryimage"},"image":{"@id":"https:\/\/www.ghostysky.com\/product\/agibot-a2-w\/#primaryimage"},"thumbnailUrl":"https:\/\/www.ghostysky.com\/wp-content\/uploads\/2026\/01\/GH_Agibot_A2_W_1.png","datePublished":"2026-01-26T16:40:36+00:00","dateModified":"2026-01-26T17:03:04+00:00","description":"L&#039;Agibot A2-W est un robot humano\u00efde \u00e0 roues hautes performances, con\u00e7u sp\u00e9cifiquement pour r\u00e9pondre aux exigences de la production flexible et de l&#039;automatisation industrielle. Contrairement \u00e0 ses homologues bip\u00e8des, l&#039;A2-W privil\u00e9gie un ch\u00e2ssis \u00e0 quatre roues motrices \u00e0 grande vitesse, ce qui en fait un atout majeur pour les ateliers o\u00f9 stabilit\u00e9 et rapidit\u00e9 sont essentielles.","breadcrumb":{"@id":"https:\/\/www.ghostysky.com\/product\/agibot-a2-w\/#breadcrumb"},"inLanguage":"fr-FR","potentialAction":[{"@type":"ReadAction","target":["https:\/\/www.ghostysky.com\/product\/agibot-a2-w\/"]}]},{"@type":"ImageObject","inLanguage":"fr-FR","@id":"https:\/\/www.ghostysky.com\/product\/agibot-a2-w\/#primaryimage","url":"https:\/\/www.ghostysky.com\/wp-content\/uploads\/2026\/01\/GH_Agibot_A2_W_1.png","contentUrl":"https:\/\/www.ghostysky.com\/wp-content\/uploads\/2026\/01\/GH_Agibot_A2_W_1.png","width":451,"height":654},{"@type":"BreadcrumbList","@id":"https:\/\/www.ghostysky.com\/product\/agibot-a2-w\/#breadcrumb","itemListElement":[{"@type":"ListItem","position":1,"name":"Home","item":"https:\/\/www.ghostysky.com\/"},{"@type":"ListItem","position":2,"name":"Shop","item":"https:\/\/www.ghostysky.com\/shop\/"},{"@type":"ListItem","position":3,"name":"Agibot A2 W"}]},{"@type":"WebSite","@id":"https:\/\/www.ghostysky.com\/#website","url":"https:\/\/www.ghostysky.com\/","name":"Ghostysky","description":"Livraison de drones et de services professionnels","publisher":{"@id":"https:\/\/www.ghostysky.com\/#organization"},"potentialAction":[{"@type":"SearchAction","target":{"@type":"EntryPoint","urlTemplate":"https:\/\/www.ghostysky.com\/?s={search_term_string}"},"query-input":{"@type":"PropertyValueSpecification","valueRequired":true,"valueName":"search_term_string"}}],"inLanguage":"fr-FR"},{"@type":"Organization","@id":"https:\/\/www.ghostysky.com\/#organization","name":"Ghostysky","url":"https:\/\/www.ghostysky.com\/","logo":{"@type":"ImageObject","inLanguage":"fr-FR","@id":"https:\/\/www.ghostysky.com\/#\/schema\/logo\/image\/","url":"https:\/\/www.ghostysky.com\/wp-content\/uploads\/2020\/06\/cropped-ghostyskylogo_text_white2.png","contentUrl":"https:\/\/www.ghostysky.com\/wp-content\/uploads\/2020\/06\/cropped-ghostyskylogo_text_white2.png","width":169,"height":56,"caption":"Ghostysky"},"image":{"@id":"https:\/\/www.ghostysky.com\/#\/schema\/logo\/image\/"},"sameAs":["https:\/\/www.facebook.com\/people\/Ghostysky\/100057676170234\/","https:\/\/x.com\/Gh0stysky","https:\/\/www.linkedin.com\/company\/34739653","https:\/\/www.instagram.com\/gh0stysky"]}]}},"_links":{"self":[{"href":"https:\/\/www.ghostysky.com\/fr\/wp-json\/wp\/v2\/product\/23843","targetHints":{"allow":["GET"]}}],"collection":[{"href":"https:\/\/www.ghostysky.com\/fr\/wp-json\/wp\/v2\/product"}],"about":[{"href":"https:\/\/www.ghostysky.com\/fr\/wp-json\/wp\/v2\/types\/product"}],"replies":[{"embeddable":true,"href":"https:\/\/www.ghostysky.com\/fr\/wp-json\/wp\/v2\/comments?post=23843"}],"wp:featuredmedia":[{"embeddable":true,"href":"https:\/\/www.ghostysky.com\/fr\/wp-json\/wp\/v2\/media\/23856"}],"wp:attachment":[{"href":"https:\/\/www.ghostysky.com\/fr\/wp-json\/wp\/v2\/media?parent=23843"}],"wp:term":[{"taxonomy":"product_brand","embeddable":true,"href":"https:\/\/www.ghostysky.com\/fr\/wp-json\/wp\/v2\/product_brand?post=23843"},{"taxonomy":"product_cat","embeddable":true,"href":"https:\/\/www.ghostysky.com\/fr\/wp-json\/wp\/v2\/product_cat?post=23843"},{"taxonomy":"product_tag","embeddable":true,"href":"https:\/\/www.ghostysky.com\/fr\/wp-json\/wp\/v2\/product_tag?post=23843"}],"curies":[{"name":"wp","href":"https:\/\/api.w.org\/{rel}","templated":true}]}}