{"id":23858,"date":"2026-01-26T17:08:36","date_gmt":"2026-01-26T17:08:36","guid":{"rendered":"https:\/\/www.ghostysky.com\/?post_type=product&#038;p=23858"},"modified":"2026-01-26T17:18:38","modified_gmt":"2026-01-26T17:18:38","slug":"agibot-c5-cleaning-robot","status":"publish","type":"product","link":"https:\/\/www.ghostysky.com\/fr\/product\/agibot-c5-cleaning-robot\/","title":{"rendered":"Robot nettoyeur Agibot C5"},"content":{"rendered":"<h3 data-path-to-node=\"4\"><b data-path-to-node=\"4\" data-index-in-node=\"4\">Principales fonctionnalit\u00e9s et capacit\u00e9s<\/b><\/h3>\n<ul data-path-to-node=\"5\">\n<li>\n<p data-path-to-node=\"5,0,0\"><b data-path-to-node=\"5,0,0\" data-index-in-node=\"0\">Polyvalence 3 en 1\u00a0:<\/b><span class=\"citation-243\"> S&#039;int\u00e8gre parfaitement <\/span><b data-path-to-node=\"5,0,0\" data-index-in-node=\"42\"><span class=\"citation-243\">balayer, frotter et d\u00e9poussi\u00e9rer<\/span><\/b><span class=\"citation-243 citation-end-243\">.<\/span> Il est \u00e9quip\u00e9 d&#039;une structure \u00e0 double brosse rotative qui permet d&#039;aspirer et de frotter en un seul passage.<\/p>\n<\/li>\n<li>\n<p data-path-to-node=\"5,1,0\"><b data-path-to-node=\"5,1,0\" data-index-in-node=\"0\"><span class=\"citation-242\">Performances \u00e0 toute \u00e9preuve\u00a0:<\/span><\/b><span class=\"citation-242\"> D\u00e9livre une puissance <\/span><b data-path-to-node=\"5,1,0\" data-index-in-node=\"44\"><span class=\"citation-242\">pression de lavage de 25 kg<\/span><\/b><span class=\"citation-242 citation-end-242\"> et est dot\u00e9e d&#039;une raclette \u00e0 double chambre, une premi\u00e8re dans l&#039;industrie, garantissant des sols secs et sans traces.<\/span><\/p>\n<\/li>\n<li>\n<p data-path-to-node=\"5,2,0\"><b data-path-to-node=\"5,2,0\" data-index-in-node=\"0\"><span class=\"citation-241\">Autonomie intelligente :<\/span><\/b><span class=\"citation-241\"> Propuls\u00e9 par \u00ab Agibot Autonomy \u00bb, il utilise <\/span><b data-path-to-node=\"5,2,0\" data-index-in-node=\"60\"><span class=\"citation-241\">Fusion de vision laser<\/span><\/b><span class=\"citation-241 citation-end-241\"> et la perception visuelle des nuages de points pour naviguer dans des agencements complexes et \u00e9viter les obstacles en temps r\u00e9el.<\/span><\/p>\n<\/li>\n<li>\n<p data-path-to-node=\"5,3,0\"><b data-path-to-node=\"5,3,0\" data-index-in-node=\"0\"><span class=\"citation-240\">Poste de travail de maintenance intelligent\u00a0:<\/span><\/b><span class=\"citation-240 citation-end-240\"> La station d&#039;accueil optionnelle automatise les t\u00e2ches ingrates.<\/span> <span class=\"citation-239\">Il g\u00e8re <\/span><b data-path-to-node=\"5,3,0\" data-index-in-node=\"99\"><span class=\"citation-239\">Recharge automatique, remplissage d&#039;eau, \u00e9vacuation des eaux us\u00e9es<\/span><\/b><span class=\"citation-239 citation-end-239\">et rince m\u00eame la fosse septique pour \u00e9viter les odeurs.<\/span><\/p>\n<\/li>\n<li>\n<p data-path-to-node=\"5,4,0\"><b data-path-to-node=\"5,4,0\" data-index-in-node=\"0\"><span class=\"citation-238\">Haute efficacit\u00e9 :<\/span><\/b><span class=\"citation-238\"> Avec une largeur de nettoyage de <\/span><b data-path-to-node=\"5,4,0\" data-index-in-node=\"42\"><span class=\"citation-238\">550 mm<\/span><\/b><span class=\"citation-238\">, il peut couvrir jusqu&#039;\u00e0 <\/span><b data-path-to-node=\"5,4,0\" data-index-in-node=\"68\"><span class=\"citation-238 citation-end-238\">1,980 <\/span><span class=\"math-inline\" data-math=\"m^2\/h\" data-index-in-node=\"74\">$m^2\/h$<\/span><\/b><span class=\"citation-237 citation-end-237\">ce qui le rend id\u00e9al pour les zones \u00e0 fort trafic.<\/span><\/p>\n<\/li>\n<li>\n<p data-path-to-node=\"5,5,0\"><b data-path-to-node=\"5,5,0\" data-index-in-node=\"0\"><span class=\"citation-236\">Int\u00e9gration intelligente\u00a0:<\/span><\/b><span class=\"citation-236\"> Soutient <\/span><b data-path-to-node=\"5,5,0\" data-index-in-node=\"28\"><span class=\"citation-236\">Liaison d&#039;ascenseur et contr\u00f4le d&#039;acc\u00e8s<\/span><\/b><span class=\"citation-236 citation-end-236\">, permettant au robot de se d\u00e9placer entre les \u00e9tages et de franchir les portes s\u00e9curis\u00e9es de mani\u00e8re autonome.<\/span><\/p>\n<p>&nbsp;<\/li>\n<\/ul>\n<h3 data-path-to-node=\"7\"><b data-path-to-node=\"7\" data-index-in-node=\"4\">Sp\u00e9cifications techniques<\/b><\/h3>\n<table data-path-to-node=\"8\">\n<thead>\n<tr>\n<td><strong>Fonctionnalit\u00e9<\/strong><\/td>\n<td><strong>Sp\u00e9cification<\/strong><\/td>\n<\/tr>\n<\/thead>\n<tbody>\n<tr>\n<td><span data-path-to-node=\"8,1,0,0\"><b data-path-to-node=\"8,1,0,0\" data-index-in-node=\"0\">Fonctions de nettoyage<\/b><\/span><\/td>\n<td><span data-path-to-node=\"8,1,1,0\">Balayer, frotter, d\u00e9poussi\u00e9rer<\/span><\/td>\n<\/tr>\n<tr>\n<td><span data-path-to-node=\"8,2,0,0\"><b data-path-to-node=\"8,2,0,0\" data-index-in-node=\"0\">Efficacit\u00e9 de nettoyage<\/b><\/span><\/td>\n<td><span data-path-to-node=\"8,2,1,0\">Jusqu&#039;\u00e0 1 980 <span class=\"math-inline\" data-math=\"m^2\/h\" data-index-in-node=\"12\">m\u00b2\/h<\/span><\/span><\/td>\n<\/tr>\n<tr>\n<td><span data-path-to-node=\"8,3,0,0\"><b data-path-to-node=\"8,3,0,0\" data-index-in-node=\"0\">Capacit\u00e9 du r\u00e9servoir d&#039;eau<\/b><\/span><\/td>\n<td><span data-path-to-node=\"8,3,1,0\">90 L (total) \/ 45 L propres + 45 L d&#039;eaux us\u00e9es<\/span><\/td>\n<\/tr>\n<tr>\n<td><span data-path-to-node=\"8,4,0,0\"><b data-path-to-node=\"8,4,0,0\" data-index-in-node=\"0\">Pression de nettoyage<\/b><\/span><\/td>\n<td><span data-path-to-node=\"8,4,1,0\">25 kg<\/span><\/td>\n<\/tr>\n<tr>\n<td><span data-path-to-node=\"8,5,0,0\"><b data-path-to-node=\"8,5,0,0\" data-index-in-node=\"0\">Autonomie de la batterie<\/b><\/span><\/td>\n<td><span data-path-to-node=\"8,5,1,0\">~3 heures (Nettoyage) \/ ~8 heures (Lavage)<\/span><\/td>\n<\/tr>\n<tr>\n<td><span data-path-to-node=\"8,6,0,0\"><b data-path-to-node=\"8,6,0,0\" data-index-in-node=\"0\">Temps de charge<\/b><\/span><\/td>\n<td><span data-path-to-node=\"8,6,1,0\">1,5 heure (charge rapide)<\/span><\/td>\n<\/tr>\n<tr>\n<td><span data-path-to-node=\"8,7,0,0\"><b data-path-to-node=\"8,7,0,0\" data-index-in-node=\"0\">Dur\u00e9e de vie du ventilateur<\/b><\/span><\/td>\n<td><span data-path-to-node=\"8,7,1,0\">10 000 heures<\/span><\/td>\n<\/tr>\n<tr>\n<td><span data-path-to-node=\"8,8,0,0\"><b data-path-to-node=\"8,8,0,0\" data-index-in-node=\"0\">Vitesse maximale<\/b><\/span><\/td>\n<td><span data-path-to-node=\"8,8,1,0\">1,2 m\/s<\/span><\/td>\n<\/tr>\n<tr>\n<td><span data-path-to-node=\"8,9,0,0\"><b data-path-to-node=\"8,9,0,0\" data-index-in-node=\"0\">Navigation<\/b><\/span><\/td>\n<td><span data-path-to-node=\"8,9,1,0\">Fusion LiDAR + vision st\u00e9r\u00e9oscopique<\/span><\/td>\n<\/tr>\n<\/tbody>\n<\/table>\n<p>&nbsp;<\/p>\n<h3 data-path-to-node=\"10\"><b data-path-to-node=\"10\" data-index-in-node=\"4\">Pourquoi choisir l&#039;Agibot C5 ?<\/b><\/h3>\n<p data-path-to-node=\"11\">L&#039;Agibot C5 n&#039;est pas qu&#039;un simple aspirateur ; c&#039;est un <b data-path-to-node=\"11\" data-index-in-node=\"42\">multiplicateur de main-d&#039;\u0153uvre<\/b>. <span class=\"citation-235 citation-end-235\">En automatisant l&#039;entretien r\u00e9gulier des sols, il permet aux \u00e9tablissements de r\u00e9duire leurs co\u00fbts de main-d&#039;\u0153uvre de plus de 70% dans les grands espaces.<\/span> <span class=\"citation-234 citation-end-234\">Sa conception robuste \u2014 avec un ventilateur con\u00e7u pour 10\u00a0000 heures d\u2019utilisation \u2014 garantit un faible co\u00fbt total de possession et un retour sur investissement rapide.<\/span><\/p>\n<blockquote data-path-to-node=\"12\">\n<p data-path-to-node=\"12,0\"><b data-path-to-node=\"12,0\" data-index-in-node=\"0\"><span class=\"citation-233\">Conseil de pro\u00a0:<\/span><\/b><span class=\"citation-233\"> Pour les installations o\u00f9 l&#039;acc\u00e8s \u00e0 la plomberie est difficile, le C5 peut \u00eatre \u00e9quip\u00e9 d&#039;un <\/span><b data-path-to-node=\"12,0\" data-index-in-node=\"87\"><span class=\"citation-233\">r\u00e9servoir d&#039;eau mobile<\/span><\/b><span class=\"citation-233 citation-end-233\">, vous permettant de d\u00e9ployer un syst\u00e8me de nettoyage autonome sans r\u00e9novations co\u00fbteuses.<\/span><\/p>\n<\/blockquote>","protected":false},"excerpt":{"rendered":"<p data-path-to-node=\"1\"><span class=\"\">Le <\/span><b class=\"\" data-path-to-node=\"1\" data-index-in-node=\"4\">Agibot C5<\/b><span class=\"\"> est un produit haute performance,<\/span><span class=\"\"> Robot de nettoyage industriel con\u00e7u pour les environnements de moyenne \u00e0 grande \u00e9chelle.<\/span><span class=\"\"> En combinant le balayage,<\/span><span class=\"\"> lavage,<\/span><span class=\"\"> et le d\u00e9poussi\u00e9rage en une seule unit\u00e9 autonome,<\/span><span class=\"\"> Le C5 est con\u00e7u pour s&#039;attaquer aux salet\u00e9s les plus tenaces tout en fonctionnant avec une intervention humaine minimale.<\/span><\/p>\n<p data-path-to-node=\"2\"><span class=\"\">Qu&#039;il s&#039;agisse d&#039;un terminal d&#039;a\u00e9roport,<\/span><span class=\"\"> un couloir d&#039;h\u00f4pital tr\u00e8s fr\u00e9quent\u00e9,<\/span><span class=\"\"> ou un immense entrep\u00f4t industriel,<\/span><span class=\"\"> L&#039;Agibot C5 offre une performance constante,<\/span><span class=\"\"> Un nettoyage professionnel qu&#039;aucune m\u00e9thode traditionnelle ne peut \u00e9galer.<\/span><\/p>","protected":false},"featured_media":23864,"comment_status":"open","ping_status":"closed","template":"","meta":[],"product_brand":[1345],"product_cat":[1342,1343,1038,1037],"product_tag":[1346,1352],"class_list":{"0":"post-23858","1":"product","2":"type-product","3":"status-publish","4":"has-post-thumbnail","6":"product_brand-agibot","7":"product_cat-agibot","8":"product_cat-agibot-robots","9":"product_cat-humanoid","10":"product_cat-robotics","11":"product_tag-agibot","12":"product_tag-agibot-c5-series","14":"first","15":"outofstock","16":"taxable","17":"shipping-taxable","18":"product-type-simple"},"yoast_head":"<!-- This site is optimized with the Yoast SEO plugin v27.1.1 - https:\/\/yoast.com\/product\/yoast-seo-wordpress\/ -->\n<title>Agibot C5 Cleaning Robot - Ghostysky<\/title>\n<meta name=\"description\" content=\"The Agibot C5 is a high-performance, industrial-grade cleaning robot designed for medium to large-scale environments. Combining sweeping, scrubbing, and dust mopping into a single autonomous unit, the C5 is engineered to tackle heavy-duty grime while operating with minimal human intervention.Whether it&#039;s an airport terminal, a busy hospital corridor, or a massive industrial warehouse, the Agibot C5 delivers a consistent, professional clean that traditional methods simply can\u2019t match.\" \/>\n<meta name=\"robots\" content=\"index, follow, max-snippet:-1, max-image-preview:large, max-video-preview:-1\" \/>\n<link rel=\"canonical\" href=\"https:\/\/www.ghostysky.com\/fr\/product\/agibot-c5-cleaning-robot\/\" \/>\n<meta property=\"og:locale\" content=\"fr_FR\" \/>\n<meta property=\"og:type\" content=\"article\" \/>\n<meta property=\"og:title\" content=\"Agibot C5 Cleaning Robot - Ghostysky\" \/>\n<meta property=\"og:description\" content=\"The Agibot C5 is a high-performance, industrial-grade cleaning robot designed for medium to large-scale environments. Combining sweeping, scrubbing, and dust mopping into a single autonomous unit, the C5 is engineered to tackle heavy-duty grime while operating with minimal human intervention.Whether it&#039;s an airport terminal, a busy hospital corridor, or a massive industrial warehouse, the Agibot C5 delivers a consistent, professional clean that traditional methods simply can\u2019t match.\" \/>\n<meta property=\"og:url\" content=\"https:\/\/www.ghostysky.com\/fr\/product\/agibot-c5-cleaning-robot\/\" \/>\n<meta property=\"og:site_name\" content=\"Ghostysky\" \/>\n<meta property=\"article:publisher\" content=\"https:\/\/www.facebook.com\/people\/Ghostysky\/100057676170234\/\" \/>\n<meta property=\"article:modified_time\" content=\"2026-01-26T17:18:38+00:00\" \/>\n<meta property=\"og:image\" content=\"https:\/\/www.ghostysky.com\/wp-content\/uploads\/2026\/01\/GH_Agibot_C5_1.png\" \/>\n\t<meta property=\"og:image:width\" content=\"451\" \/>\n\t<meta property=\"og:image:height\" content=\"654\" \/>\n\t<meta property=\"og:image:type\" content=\"image\/png\" \/>\n<meta name=\"twitter:card\" content=\"summary_large_image\" \/>\n<meta name=\"twitter:site\" content=\"@Gh0stysky\" \/>\n<meta name=\"twitter:label1\" content=\"Dur\u00e9e de lecture estim\u00e9e\" \/>\n\t<meta name=\"twitter:data1\" content=\"2 minutes\" \/>\n<script type=\"application\/ld+json\" class=\"yoast-schema-graph\">{\"@context\":\"https:\/\/schema.org\",\"@graph\":[{\"@type\":\"WebPage\",\"@id\":\"https:\/\/www.ghostysky.com\/product\/agibot-c5-cleaning-robot\/\",\"url\":\"https:\/\/www.ghostysky.com\/product\/agibot-c5-cleaning-robot\/\",\"name\":\"Agibot C5 Cleaning Robot - Ghostysky\",\"isPartOf\":{\"@id\":\"https:\/\/www.ghostysky.com\/#website\"},\"primaryImageOfPage\":{\"@id\":\"https:\/\/www.ghostysky.com\/product\/agibot-c5-cleaning-robot\/#primaryimage\"},\"image\":{\"@id\":\"https:\/\/www.ghostysky.com\/product\/agibot-c5-cleaning-robot\/#primaryimage\"},\"thumbnailUrl\":\"https:\/\/www.ghostysky.com\/wp-content\/uploads\/2026\/01\/GH_Agibot_C5_1.png\",\"datePublished\":\"2026-01-26T17:08:36+00:00\",\"dateModified\":\"2026-01-26T17:18:38+00:00\",\"description\":\"The Agibot C5 is a high-performance, industrial-grade cleaning robot designed for medium to large-scale environments. Combining sweeping, scrubbing, and dust mopping into a single autonomous unit, the C5 is engineered to tackle heavy-duty grime while operating with minimal human intervention.Whether it's an airport terminal, a busy hospital corridor, or a massive industrial warehouse, the Agibot C5 delivers a consistent, professional clean that traditional methods simply can\u2019t match.\",\"breadcrumb\":{\"@id\":\"https:\/\/www.ghostysky.com\/product\/agibot-c5-cleaning-robot\/#breadcrumb\"},\"inLanguage\":\"fr-FR\",\"potentialAction\":[{\"@type\":\"ReadAction\",\"target\":[\"https:\/\/www.ghostysky.com\/product\/agibot-c5-cleaning-robot\/\"]}]},{\"@type\":\"ImageObject\",\"inLanguage\":\"fr-FR\",\"@id\":\"https:\/\/www.ghostysky.com\/product\/agibot-c5-cleaning-robot\/#primaryimage\",\"url\":\"https:\/\/www.ghostysky.com\/wp-content\/uploads\/2026\/01\/GH_Agibot_C5_1.png\",\"contentUrl\":\"https:\/\/www.ghostysky.com\/wp-content\/uploads\/2026\/01\/GH_Agibot_C5_1.png\",\"width\":451,\"height\":654},{\"@type\":\"BreadcrumbList\",\"@id\":\"https:\/\/www.ghostysky.com\/product\/agibot-c5-cleaning-robot\/#breadcrumb\",\"itemListElement\":[{\"@type\":\"ListItem\",\"position\":1,\"name\":\"Home\",\"item\":\"https:\/\/www.ghostysky.com\/\"},{\"@type\":\"ListItem\",\"position\":2,\"name\":\"Shop\",\"item\":\"https:\/\/www.ghostysky.com\/shop\/\"},{\"@type\":\"ListItem\",\"position\":3,\"name\":\"Agibot C5 Cleaning Robot\"}]},{\"@type\":\"WebSite\",\"@id\":\"https:\/\/www.ghostysky.com\/#website\",\"url\":\"https:\/\/www.ghostysky.com\/\",\"name\":\"Ghostysky\",\"description\":\"Delivering professional drones and services\",\"publisher\":{\"@id\":\"https:\/\/www.ghostysky.com\/#organization\"},\"potentialAction\":[{\"@type\":\"SearchAction\",\"target\":{\"@type\":\"EntryPoint\",\"urlTemplate\":\"https:\/\/www.ghostysky.com\/?s={search_term_string}\"},\"query-input\":{\"@type\":\"PropertyValueSpecification\",\"valueRequired\":true,\"valueName\":\"search_term_string\"}}],\"inLanguage\":\"fr-FR\"},{\"@type\":\"Organization\",\"@id\":\"https:\/\/www.ghostysky.com\/#organization\",\"name\":\"Ghostysky\",\"url\":\"https:\/\/www.ghostysky.com\/\",\"logo\":{\"@type\":\"ImageObject\",\"inLanguage\":\"fr-FR\",\"@id\":\"https:\/\/www.ghostysky.com\/#\/schema\/logo\/image\/\",\"url\":\"https:\/\/www.ghostysky.com\/wp-content\/uploads\/2020\/06\/cropped-ghostyskylogo_text_white2.png\",\"contentUrl\":\"https:\/\/www.ghostysky.com\/wp-content\/uploads\/2020\/06\/cropped-ghostyskylogo_text_white2.png\",\"width\":169,\"height\":56,\"caption\":\"Ghostysky\"},\"image\":{\"@id\":\"https:\/\/www.ghostysky.com\/#\/schema\/logo\/image\/\"},\"sameAs\":[\"https:\/\/www.facebook.com\/people\/Ghostysky\/100057676170234\/\",\"https:\/\/x.com\/Gh0stysky\",\"https:\/\/www.linkedin.com\/company\/34739653\",\"https:\/\/www.instagram.com\/gh0stysky\"]}]}<\/script>\n<!-- \/ Yoast SEO plugin. -->","yoast_head_json":{"title":"Robot de nettoyage Agibot C5 - Ghostysky","description":"L&#039;Agibot C5 est un robot de nettoyage industriel haute performance con\u00e7u pour les environnements de moyenne et grande envergure. Combinant balayage, lavage et d\u00e9poussi\u00e9rage en une seule unit\u00e9 autonome, le C5 est con\u00e7u pour venir \u00e0 bout des salet\u00e9s les plus tenaces tout en fonctionnant avec une intervention humaine minimale. Qu&#039;il s&#039;agisse d&#039;un terminal d&#039;a\u00e9roport, d&#039;un couloir d&#039;h\u00f4pital tr\u00e8s fr\u00e9quent\u00e9 ou d&#039;un vaste entrep\u00f4t industriel, l&#039;Agibot C5 offre un nettoyage constant et professionnel qu&#039;aucune m\u00e9thode traditionnelle ne peut \u00e9galer.","robots":{"index":"index","follow":"follow","max-snippet":"max-snippet:-1","max-image-preview":"max-image-preview:large","max-video-preview":"max-video-preview:-1"},"canonical":"https:\/\/www.ghostysky.com\/fr\/product\/agibot-c5-cleaning-robot\/","og_locale":"fr_FR","og_type":"article","og_title":"Agibot C5 Cleaning Robot - Ghostysky","og_description":"The Agibot C5 is a high-performance, industrial-grade cleaning robot designed for medium to large-scale environments. Combining sweeping, scrubbing, and dust mopping into a single autonomous unit, the C5 is engineered to tackle heavy-duty grime while operating with minimal human intervention.Whether it's an airport terminal, a busy hospital corridor, or a massive industrial warehouse, the Agibot C5 delivers a consistent, professional clean that traditional methods simply can\u2019t match.","og_url":"https:\/\/www.ghostysky.com\/fr\/product\/agibot-c5-cleaning-robot\/","og_site_name":"Ghostysky","article_publisher":"https:\/\/www.facebook.com\/people\/Ghostysky\/100057676170234\/","article_modified_time":"2026-01-26T17:18:38+00:00","og_image":[{"width":451,"height":654,"url":"https:\/\/www.ghostysky.com\/wp-content\/uploads\/2026\/01\/GH_Agibot_C5_1.png","type":"image\/png"}],"twitter_card":"summary_large_image","twitter_site":"@Gh0stysky","twitter_misc":{"Dur\u00e9e de lecture estim\u00e9e":"2 minutes"},"schema":{"@context":"https:\/\/schema.org","@graph":[{"@type":"WebPage","@id":"https:\/\/www.ghostysky.com\/product\/agibot-c5-cleaning-robot\/","url":"https:\/\/www.ghostysky.com\/product\/agibot-c5-cleaning-robot\/","name":"Robot de nettoyage Agibot C5 - Ghostysky","isPartOf":{"@id":"https:\/\/www.ghostysky.com\/#website"},"primaryImageOfPage":{"@id":"https:\/\/www.ghostysky.com\/product\/agibot-c5-cleaning-robot\/#primaryimage"},"image":{"@id":"https:\/\/www.ghostysky.com\/product\/agibot-c5-cleaning-robot\/#primaryimage"},"thumbnailUrl":"https:\/\/www.ghostysky.com\/wp-content\/uploads\/2026\/01\/GH_Agibot_C5_1.png","datePublished":"2026-01-26T17:08:36+00:00","dateModified":"2026-01-26T17:18:38+00:00","description":"L&#039;Agibot C5 est un robot de nettoyage industriel haute performance con\u00e7u pour les environnements de moyenne et grande envergure. Combinant balayage, lavage et d\u00e9poussi\u00e9rage en une seule unit\u00e9 autonome, le C5 est con\u00e7u pour venir \u00e0 bout des salet\u00e9s les plus tenaces tout en fonctionnant avec une intervention humaine minimale. Qu&#039;il s&#039;agisse d&#039;un terminal d&#039;a\u00e9roport, d&#039;un couloir d&#039;h\u00f4pital tr\u00e8s fr\u00e9quent\u00e9 ou d&#039;un vaste entrep\u00f4t industriel, l&#039;Agibot C5 offre un nettoyage constant et professionnel qu&#039;aucune m\u00e9thode traditionnelle ne peut \u00e9galer.","breadcrumb":{"@id":"https:\/\/www.ghostysky.com\/product\/agibot-c5-cleaning-robot\/#breadcrumb"},"inLanguage":"fr-FR","potentialAction":[{"@type":"ReadAction","target":["https:\/\/www.ghostysky.com\/product\/agibot-c5-cleaning-robot\/"]}]},{"@type":"ImageObject","inLanguage":"fr-FR","@id":"https:\/\/www.ghostysky.com\/product\/agibot-c5-cleaning-robot\/#primaryimage","url":"https:\/\/www.ghostysky.com\/wp-content\/uploads\/2026\/01\/GH_Agibot_C5_1.png","contentUrl":"https:\/\/www.ghostysky.com\/wp-content\/uploads\/2026\/01\/GH_Agibot_C5_1.png","width":451,"height":654},{"@type":"BreadcrumbList","@id":"https:\/\/www.ghostysky.com\/product\/agibot-c5-cleaning-robot\/#breadcrumb","itemListElement":[{"@type":"ListItem","position":1,"name":"Home","item":"https:\/\/www.ghostysky.com\/"},{"@type":"ListItem","position":2,"name":"Shop","item":"https:\/\/www.ghostysky.com\/shop\/"},{"@type":"ListItem","position":3,"name":"Agibot C5 Cleaning Robot"}]},{"@type":"WebSite","@id":"https:\/\/www.ghostysky.com\/#website","url":"https:\/\/www.ghostysky.com\/","name":"Ghostysky","description":"Livraison de drones et de services professionnels","publisher":{"@id":"https:\/\/www.ghostysky.com\/#organization"},"potentialAction":[{"@type":"SearchAction","target":{"@type":"EntryPoint","urlTemplate":"https:\/\/www.ghostysky.com\/?s={search_term_string}"},"query-input":{"@type":"PropertyValueSpecification","valueRequired":true,"valueName":"search_term_string"}}],"inLanguage":"fr-FR"},{"@type":"Organization","@id":"https:\/\/www.ghostysky.com\/#organization","name":"Ghostysky","url":"https:\/\/www.ghostysky.com\/","logo":{"@type":"ImageObject","inLanguage":"fr-FR","@id":"https:\/\/www.ghostysky.com\/#\/schema\/logo\/image\/","url":"https:\/\/www.ghostysky.com\/wp-content\/uploads\/2020\/06\/cropped-ghostyskylogo_text_white2.png","contentUrl":"https:\/\/www.ghostysky.com\/wp-content\/uploads\/2020\/06\/cropped-ghostyskylogo_text_white2.png","width":169,"height":56,"caption":"Ghostysky"},"image":{"@id":"https:\/\/www.ghostysky.com\/#\/schema\/logo\/image\/"},"sameAs":["https:\/\/www.facebook.com\/people\/Ghostysky\/100057676170234\/","https:\/\/x.com\/Gh0stysky","https:\/\/www.linkedin.com\/company\/34739653","https:\/\/www.instagram.com\/gh0stysky"]}]}},"_links":{"self":[{"href":"https:\/\/www.ghostysky.com\/fr\/wp-json\/wp\/v2\/product\/23858","targetHints":{"allow":["GET"]}}],"collection":[{"href":"https:\/\/www.ghostysky.com\/fr\/wp-json\/wp\/v2\/product"}],"about":[{"href":"https:\/\/www.ghostysky.com\/fr\/wp-json\/wp\/v2\/types\/product"}],"replies":[{"embeddable":true,"href":"https:\/\/www.ghostysky.com\/fr\/wp-json\/wp\/v2\/comments?post=23858"}],"wp:featuredmedia":[{"embeddable":true,"href":"https:\/\/www.ghostysky.com\/fr\/wp-json\/wp\/v2\/media\/23864"}],"wp:attachment":[{"href":"https:\/\/www.ghostysky.com\/fr\/wp-json\/wp\/v2\/media?parent=23858"}],"wp:term":[{"taxonomy":"product_brand","embeddable":true,"href":"https:\/\/www.ghostysky.com\/fr\/wp-json\/wp\/v2\/product_brand?post=23858"},{"taxonomy":"product_cat","embeddable":true,"href":"https:\/\/www.ghostysky.com\/fr\/wp-json\/wp\/v2\/product_cat?post=23858"},{"taxonomy":"product_tag","embeddable":true,"href":"https:\/\/www.ghostysky.com\/fr\/wp-json\/wp\/v2\/product_tag?post=23858"}],"curies":[{"name":"wp","href":"https:\/\/api.w.org\/{rel}","templated":true}]}}