{"id":23884,"date":"2026-01-26T17:47:49","date_gmt":"2026-01-26T17:47:49","guid":{"rendered":"https:\/\/www.ghostysky.com\/?post_type=product&#038;p=23884"},"modified":"2026-01-26T18:01:22","modified_gmt":"2026-01-26T18:01:22","slug":"agibot-omnihand-pro-2025","status":"publish","type":"product","link":"https:\/\/www.ghostysky.com\/fr\/product\/agibot-omnihand-pro-2025\/","title":{"rendered":"Agibot OmniHand Pro 2025"},"content":{"rendered":"<h3 data-path-to-node=\"6\"><b data-path-to-node=\"6\" data-index-in-node=\"0\">Caract\u00e9ristiques et capacit\u00e9s principales<\/b><\/h3>\n<ul data-path-to-node=\"7\">\n<li>\n<p data-path-to-node=\"7,0,0\"><b data-path-to-node=\"7,0,0\" data-index-in-node=\"0\">Dext\u00e9rit\u00e9 de niveau humain\u00a0:<\/b> Avec ses 19 degr\u00e9s de libert\u00e9, l&#039;OmniHand Pro peut ex\u00e9cuter des gestes ultra-r\u00e9alistes, notamment des mouvements complexes du dos de la main et des pincements pr\u00e9cis. Con\u00e7ue pour imiter la physiologie complexe de la main humaine, elle permet d&#039;utiliser des outils standard comme des tournevis ou des pipettes sans adaptateurs sp\u00e9cifiques.<\/p>\n<\/li>\n<li>\n<p data-path-to-node=\"7,1,0\"><b data-path-to-node=\"7,1,0\" data-index-in-node=\"0\">Intelligence sensorielle avanc\u00e9e\u00a0:<\/b><span class=\"citation-307 citation-end-307\"> Contrairement aux pinces standard, le mod\u00e8le Pro est dot\u00e9 de capacit\u00e9s de \u00ab haute perception \u00bb.<\/span> C&#039;est <b data-path-to-node=\"7,1,0\" data-index-in-node=\"116\">Capteurs sensibles \u00e0 0,01 N<\/b> permettre \u00e0 la main de d\u00e9tecter la moindre r\u00e9sistance, la rendant capable de manipuler des objets d\u00e9licats comme la verrerie ou les composants \u00e9lectroniques sans les endommager.<\/p>\n<\/li>\n<li>\n<p data-path-to-node=\"7,2,0\"><b data-path-to-node=\"7,2,0\" data-index-in-node=\"0\">Intelligence incarn\u00e9e pilot\u00e9e par l&#039;IA\u00a0:<\/b> Aliment\u00e9e par la plateforme d&#039;IA propri\u00e9taire d&#039;Agibot, la main prend en charge <b data-path-to-node=\"7,2,0\" data-index-in-node=\"93\">UniGrasp<\/b> et <b data-path-to-node=\"7,2,0\" data-index-in-node=\"106\">UniPlug<\/b> Des algorithmes permettent \u00e0 l&#039;OmniHand Pro d&#039;effectuer une pr\u00e9hension \u00ab \u00e0 l&#039;aveugle \u00bb et une estimation de pose en temps r\u00e9el, en s&#039;adaptant \u00e0 de nouveaux objets en quelques heures gr\u00e2ce \u00e0 l&#039;apprentissage par renforcement.<\/p>\n<\/li>\n<li>\n<p data-path-to-node=\"7,3,0\"><b data-path-to-node=\"7,3,0\" data-index-in-node=\"0\">Compatibilit\u00e9 universelle :<\/b> Con\u00e7u avec une bride modulaire, l&#039;OmniHand Pro est compatible avec la propre s\u00e9rie humano\u00efde d&#039;Agibot (comme l&#039;A2-W et le X2) et les bras robotiques industriels courants, permettant une int\u00e9gration transparente dans les flux de travail existants.<\/p>\n<\/li>\n<\/ul>\n<h3 data-path-to-node=\"9\"><b data-path-to-node=\"9\" data-index-in-node=\"0\">Cas d&#039;utilisation id\u00e9aux<\/b><\/h3>\n<ol start=\"1\" data-path-to-node=\"10\">\n<li>\n<p data-path-to-node=\"10,0,0\"><b data-path-to-node=\"10,0,0\" data-index-in-node=\"0\"><span class=\"citation-306\">Pr\u00e9cision industrielle :<\/span><\/b><span class=\"citation-306 citation-end-306\"> Micro-assemblage, raccordement de bornes et tri de composants vari\u00e9s.<\/span><\/p>\n<\/li>\n<li>\n<p data-path-to-node=\"10,1,0\"><b data-path-to-node=\"10,1,0\" data-index-in-node=\"0\">Recherche scientifique :<\/b> \u00c9tude de l&#039;apprentissage tactile et de l&#039;interaction homme-robot.<\/p>\n<\/li>\n<li>\n<p data-path-to-node=\"10,2,0\"><b data-path-to-node=\"10,2,0\" data-index-in-node=\"0\">Services et soins de sant\u00e9 :<\/b> Assister dans des environnements de laboratoire d\u00e9licats ou dans des r\u00f4les de service haut de gamme exigeant une grande d\u00e9licatesse.<\/p>\n<\/li>\n<li>\n<p data-path-to-node=\"10,3,0\"><b data-path-to-node=\"10,3,0\" data-index-in-node=\"0\"><span class=\"citation-305\">T\u00e9l\u00e9op\u00e9ration en r\u00e9alit\u00e9 virtuelle\u00a0:<\/span><\/b><span class=\"citation-305 citation-end-305\"> \u00c0 associer au kit Agibot VR pour un contr\u00f4le \u00e0 distance et de haute pr\u00e9cision dans les environnements dangereux.<\/span><\/p>\n<\/li>\n<\/ol>\n<h3>D\u00e9tails techniques<\/h3>\n<p><a href=\"https:\/\/www.ghostysky.com\/wp-content\/uploads\/2026\/01\/GH_Agibot_OmniHand_Pro1_.png\"><img fetchpriority=\"high\" decoding=\"async\" class=\"alignnone wp-image-23886 size-full lazyload\" src=\"data:image\/gif;base64,R0lGODlhAQABAAAAACH5BAEKAAEALAAAAAABAAEAAAICTAEAOw==\" alt=\"\" width=\"1580\" height=\"587\" sizes=\"(max-width: 1580px) 100vw, 1580px\" data-src=\"data:image\/gif;base64,R0lGODlhAQABAAAAACH5BAEKAAEALAAAAAABAAEAAAICTAEAOw==\" data-srcset=\"\" srcset=\"\"><\/a><\/p>\n<p><a href=\"https:\/\/www.ghostysky.com\/wp-content\/uploads\/2026\/01\/GH_Agibot_OmniHand_Pro2__1.png\"><img decoding=\"async\" class=\"alignnone wp-image-23891 size-full lazyload\" src=\"data:image\/gif;base64,R0lGODlhAQABAAAAACH5BAEKAAEALAAAAAABAAEAAAICTAEAOw==\" alt=\"\" width=\"1109\" height=\"1460\" sizes=\"(max-width: 1109px) 100vw, 1109px\" data-src=\"data:image\/gif;base64,R0lGODlhAQABAAAAACH5BAEKAAEALAAAAAABAAEAAAICTAEAOw==\" data-srcset=\"\" srcset=\"\"><\/a><\/p>","protected":false},"excerpt":{"rendered":"<p><span class=\"citation-309\">Le <\/span><b data-path-to-node=\"1\" data-index-in-node=\"4\"><span class=\"citation-309\">Agibot OmniHand Pro 2025<\/span><\/b><span class=\"citation-309 citation-end-309\"> est un effecteur terminal de pointe, d&#039;une grande dext\u00e9rit\u00e9, con\u00e7u pour combler le foss\u00e9 entre l&#039;automatisation industrielle et la manipulation de type humain.<\/span> <span class=\"citation-308 citation-end-308\">Con\u00e7ue pour le paysage robotique de 2025, la variante \u00ab Pro \u00bb est la pi\u00e8ce ma\u00eetresse haute performance de la s\u00e9rie OmniHand, sp\u00e9cialement adapt\u00e9e aux t\u00e2ches industrielles complexes, \u00e0 la recherche avanc\u00e9e et \u00e0 la t\u00e9l\u00e9op\u00e9ration haute fid\u00e9lit\u00e9.<\/span><\/p>","protected":false},"featured_media":23890,"comment_status":"open","ping_status":"closed","template":"","meta":[],"product_brand":[1345],"product_cat":[1342,1344,1038,1037],"product_tag":[1346,1353],"class_list":{"0":"post-23884","1":"product","2":"type-product","3":"status-publish","4":"has-post-thumbnail","6":"product_brand-agibot","7":"product_cat-agibot","8":"product_cat-agibot-accessories","9":"product_cat-humanoid","10":"product_cat-robotics","11":"product_tag-agibot","12":"product_tag-agibot-accessories","14":"first","15":"outofstock","16":"taxable","17":"shipping-taxable","18":"product-type-simple"},"yoast_head":"<!-- This site is optimized with the Yoast SEO plugin v27.4 - https:\/\/yoast.com\/product\/yoast-seo-wordpress\/ -->\n<title>Agibot OmniHand Pro 2025 - Ghostysky<\/title>\n<meta name=\"description\" content=\"The Agibot OmniHand Pro 2025 is a state-of-the-art dexterous end-effector designed to bridge the gap between industrial automation and human-like manipulation. Engineered for the 2025 robotics landscape, the &quot;Pro&quot; variant is the high-performance centerpiece of the OmniHand series, specifically tailored for complex industrial tasks, advanced research, and high-fidelity teleoperation.\" \/>\n<meta name=\"robots\" content=\"index, follow, max-snippet:-1, max-image-preview:large, max-video-preview:-1\" \/>\n<link rel=\"canonical\" href=\"https:\/\/www.ghostysky.com\/fr\/product\/agibot-omnihand-pro-2025\/\" \/>\n<meta property=\"og:locale\" content=\"fr_FR\" \/>\n<meta property=\"og:type\" content=\"article\" \/>\n<meta property=\"og:title\" content=\"Agibot OmniHand Pro 2025 - Ghostysky\" \/>\n<meta property=\"og:description\" content=\"The Agibot OmniHand Pro 2025 is a state-of-the-art dexterous end-effector designed to bridge the gap between industrial automation and human-like manipulation. Engineered for the 2025 robotics landscape, the &quot;Pro&quot; variant is the high-performance centerpiece of the OmniHand series, specifically tailored for complex industrial tasks, advanced research, and high-fidelity teleoperation.\" \/>\n<meta property=\"og:url\" content=\"https:\/\/www.ghostysky.com\/fr\/product\/agibot-omnihand-pro-2025\/\" \/>\n<meta property=\"og:site_name\" content=\"Ghostysky\" \/>\n<meta property=\"article:publisher\" content=\"https:\/\/www.facebook.com\/people\/Ghostysky\/100057676170234\/\" \/>\n<meta property=\"article:modified_time\" content=\"2026-01-26T18:01:22+00:00\" \/>\n<meta property=\"og:image\" content=\"https:\/\/www.ghostysky.com\/wp-content\/uploads\/2026\/01\/GH_Agibot_OmniHand-Pro-2025_1_.jpg\" \/>\n\t<meta property=\"og:image:width\" content=\"700\" \/>\n\t<meta property=\"og:image:height\" content=\"700\" \/>\n\t<meta property=\"og:image:type\" content=\"image\/jpeg\" \/>\n<meta name=\"twitter:card\" content=\"summary_large_image\" \/>\n<meta name=\"twitter:site\" content=\"@Gh0stysky\" \/>\n<meta name=\"twitter:label1\" content=\"Dur\u00e9e de lecture estim\u00e9e\" \/>\n\t<meta name=\"twitter:data1\" content=\"2 minutes\" \/>\n<script type=\"application\/ld+json\" class=\"yoast-schema-graph\">{\"@context\":\"https:\\\/\\\/schema.org\",\"@graph\":[{\"@type\":\"WebPage\",\"@id\":\"https:\\\/\\\/www.ghostysky.com\\\/product\\\/agibot-omnihand-pro-2025\\\/\",\"url\":\"https:\\\/\\\/www.ghostysky.com\\\/product\\\/agibot-omnihand-pro-2025\\\/\",\"name\":\"Agibot OmniHand Pro 2025 - Ghostysky\",\"isPartOf\":{\"@id\":\"https:\\\/\\\/www.ghostysky.com\\\/#website\"},\"primaryImageOfPage\":{\"@id\":\"https:\\\/\\\/www.ghostysky.com\\\/product\\\/agibot-omnihand-pro-2025\\\/#primaryimage\"},\"image\":{\"@id\":\"https:\\\/\\\/www.ghostysky.com\\\/product\\\/agibot-omnihand-pro-2025\\\/#primaryimage\"},\"thumbnailUrl\":\"https:\\\/\\\/www.ghostysky.com\\\/wp-content\\\/uploads\\\/2026\\\/01\\\/GH_Agibot_OmniHand-Pro-2025_1_.jpg\",\"datePublished\":\"2026-01-26T17:47:49+00:00\",\"dateModified\":\"2026-01-26T18:01:22+00:00\",\"description\":\"The Agibot OmniHand Pro 2025 is a state-of-the-art dexterous end-effector designed to bridge the gap between industrial automation and human-like manipulation. Engineered for the 2025 robotics landscape, the \\\"Pro\\\" variant is the high-performance centerpiece of the OmniHand series, specifically tailored for complex industrial tasks, advanced research, and high-fidelity teleoperation.\",\"breadcrumb\":{\"@id\":\"https:\\\/\\\/www.ghostysky.com\\\/product\\\/agibot-omnihand-pro-2025\\\/#breadcrumb\"},\"inLanguage\":\"fr-FR\",\"potentialAction\":[{\"@type\":\"ReadAction\",\"target\":[\"https:\\\/\\\/www.ghostysky.com\\\/product\\\/agibot-omnihand-pro-2025\\\/\"]}]},{\"@type\":\"ImageObject\",\"inLanguage\":\"fr-FR\",\"@id\":\"https:\\\/\\\/www.ghostysky.com\\\/product\\\/agibot-omnihand-pro-2025\\\/#primaryimage\",\"url\":\"https:\\\/\\\/www.ghostysky.com\\\/wp-content\\\/uploads\\\/2026\\\/01\\\/GH_Agibot_OmniHand-Pro-2025_1_.jpg\",\"contentUrl\":\"https:\\\/\\\/www.ghostysky.com\\\/wp-content\\\/uploads\\\/2026\\\/01\\\/GH_Agibot_OmniHand-Pro-2025_1_.jpg\",\"width\":700,\"height\":700},{\"@type\":\"BreadcrumbList\",\"@id\":\"https:\\\/\\\/www.ghostysky.com\\\/product\\\/agibot-omnihand-pro-2025\\\/#breadcrumb\",\"itemListElement\":[{\"@type\":\"ListItem\",\"position\":1,\"name\":\"Home\",\"item\":\"https:\\\/\\\/www.ghostysky.com\\\/\"},{\"@type\":\"ListItem\",\"position\":2,\"name\":\"Shop\",\"item\":\"https:\\\/\\\/www.ghostysky.com\\\/shop\\\/\"},{\"@type\":\"ListItem\",\"position\":3,\"name\":\"Agibot OmniHand Pro 2025\"}]},{\"@type\":\"WebSite\",\"@id\":\"https:\\\/\\\/www.ghostysky.com\\\/#website\",\"url\":\"https:\\\/\\\/www.ghostysky.com\\\/\",\"name\":\"Ghostysky\",\"description\":\"Delivering professional drones and services\",\"publisher\":{\"@id\":\"https:\\\/\\\/www.ghostysky.com\\\/#organization\"},\"potentialAction\":[{\"@type\":\"SearchAction\",\"target\":{\"@type\":\"EntryPoint\",\"urlTemplate\":\"https:\\\/\\\/www.ghostysky.com\\\/?s={search_term_string}\"},\"query-input\":{\"@type\":\"PropertyValueSpecification\",\"valueRequired\":true,\"valueName\":\"search_term_string\"}}],\"inLanguage\":\"fr-FR\"},{\"@type\":\"Organization\",\"@id\":\"https:\\\/\\\/www.ghostysky.com\\\/#organization\",\"name\":\"Ghostysky\",\"url\":\"https:\\\/\\\/www.ghostysky.com\\\/\",\"logo\":{\"@type\":\"ImageObject\",\"inLanguage\":\"fr-FR\",\"@id\":\"https:\\\/\\\/www.ghostysky.com\\\/#\\\/schema\\\/logo\\\/image\\\/\",\"url\":\"https:\\\/\\\/www.ghostysky.com\\\/wp-content\\\/uploads\\\/2020\\\/06\\\/cropped-ghostyskylogo_text_white2.png\",\"contentUrl\":\"https:\\\/\\\/www.ghostysky.com\\\/wp-content\\\/uploads\\\/2020\\\/06\\\/cropped-ghostyskylogo_text_white2.png\",\"width\":169,\"height\":56,\"caption\":\"Ghostysky\"},\"image\":{\"@id\":\"https:\\\/\\\/www.ghostysky.com\\\/#\\\/schema\\\/logo\\\/image\\\/\"},\"sameAs\":[\"https:\\\/\\\/www.facebook.com\\\/people\\\/Ghostysky\\\/100057676170234\\\/\",\"https:\\\/\\\/x.com\\\/Gh0stysky\",\"https:\\\/\\\/www.linkedin.com\\\/company\\\/34739653\",\"https:\\\/\\\/www.instagram.com\\\/gh0stysky\"]}]}<\/script>\n<!-- \/ Yoast SEO plugin. -->","yoast_head_json":{"title":"Agibot OmniHand Pro 2025 - Ghostysky","description":"L&#039;Agibot OmniHand Pro 2025 est un effecteur terminal de pointe, d&#039;une grande dext\u00e9rit\u00e9, con\u00e7u pour combler le foss\u00e9 entre l&#039;automatisation industrielle et la manipulation quasi humaine. Pens\u00e9e pour le paysage robotique de 2025, la version \u00ab\u00a0Pro\u00a0\u00bb est la pi\u00e8ce ma\u00eetresse haute performance de la s\u00e9rie OmniHand, sp\u00e9cifiquement adapt\u00e9e aux t\u00e2ches industrielles complexes, \u00e0 la recherche avanc\u00e9e et \u00e0 la t\u00e9l\u00e9op\u00e9ration de haute pr\u00e9cision.","robots":{"index":"index","follow":"follow","max-snippet":"max-snippet:-1","max-image-preview":"max-image-preview:large","max-video-preview":"max-video-preview:-1"},"canonical":"https:\/\/www.ghostysky.com\/fr\/product\/agibot-omnihand-pro-2025\/","og_locale":"fr_FR","og_type":"article","og_title":"Agibot OmniHand Pro 2025 - Ghostysky","og_description":"The Agibot OmniHand Pro 2025 is a state-of-the-art dexterous end-effector designed to bridge the gap between industrial automation and human-like manipulation. Engineered for the 2025 robotics landscape, the \"Pro\" variant is the high-performance centerpiece of the OmniHand series, specifically tailored for complex industrial tasks, advanced research, and high-fidelity teleoperation.","og_url":"https:\/\/www.ghostysky.com\/fr\/product\/agibot-omnihand-pro-2025\/","og_site_name":"Ghostysky","article_publisher":"https:\/\/www.facebook.com\/people\/Ghostysky\/100057676170234\/","article_modified_time":"2026-01-26T18:01:22+00:00","og_image":[{"width":700,"height":700,"url":"https:\/\/www.ghostysky.com\/wp-content\/uploads\/2026\/01\/GH_Agibot_OmniHand-Pro-2025_1_.jpg","type":"image\/jpeg"}],"twitter_card":"summary_large_image","twitter_site":"@Gh0stysky","twitter_misc":{"Dur\u00e9e de lecture estim\u00e9e":"2 minutes"},"schema":{"@context":"https:\/\/schema.org","@graph":[{"@type":"WebPage","@id":"https:\/\/www.ghostysky.com\/product\/agibot-omnihand-pro-2025\/","url":"https:\/\/www.ghostysky.com\/product\/agibot-omnihand-pro-2025\/","name":"Agibot OmniHand Pro 2025 - Ghostysky","isPartOf":{"@id":"https:\/\/www.ghostysky.com\/#website"},"primaryImageOfPage":{"@id":"https:\/\/www.ghostysky.com\/product\/agibot-omnihand-pro-2025\/#primaryimage"},"image":{"@id":"https:\/\/www.ghostysky.com\/product\/agibot-omnihand-pro-2025\/#primaryimage"},"thumbnailUrl":"https:\/\/www.ghostysky.com\/wp-content\/uploads\/2026\/01\/GH_Agibot_OmniHand-Pro-2025_1_.jpg","datePublished":"2026-01-26T17:47:49+00:00","dateModified":"2026-01-26T18:01:22+00:00","description":"L&#039;Agibot OmniHand Pro 2025 est un effecteur terminal de pointe, d&#039;une grande dext\u00e9rit\u00e9, con\u00e7u pour combler le foss\u00e9 entre l&#039;automatisation industrielle et la manipulation quasi humaine. Pens\u00e9e pour le paysage robotique de 2025, la version \u00ab\u00a0Pro\u00a0\u00bb est la pi\u00e8ce ma\u00eetresse haute performance de la s\u00e9rie OmniHand, sp\u00e9cifiquement adapt\u00e9e aux t\u00e2ches industrielles complexes, \u00e0 la recherche avanc\u00e9e et \u00e0 la t\u00e9l\u00e9op\u00e9ration de haute pr\u00e9cision.","breadcrumb":{"@id":"https:\/\/www.ghostysky.com\/product\/agibot-omnihand-pro-2025\/#breadcrumb"},"inLanguage":"fr-FR","potentialAction":[{"@type":"ReadAction","target":["https:\/\/www.ghostysky.com\/product\/agibot-omnihand-pro-2025\/"]}]},{"@type":"ImageObject","inLanguage":"fr-FR","@id":"https:\/\/www.ghostysky.com\/product\/agibot-omnihand-pro-2025\/#primaryimage","url":"https:\/\/www.ghostysky.com\/wp-content\/uploads\/2026\/01\/GH_Agibot_OmniHand-Pro-2025_1_.jpg","contentUrl":"https:\/\/www.ghostysky.com\/wp-content\/uploads\/2026\/01\/GH_Agibot_OmniHand-Pro-2025_1_.jpg","width":700,"height":700},{"@type":"BreadcrumbList","@id":"https:\/\/www.ghostysky.com\/product\/agibot-omnihand-pro-2025\/#breadcrumb","itemListElement":[{"@type":"ListItem","position":1,"name":"Home","item":"https:\/\/www.ghostysky.com\/"},{"@type":"ListItem","position":2,"name":"Shop","item":"https:\/\/www.ghostysky.com\/shop\/"},{"@type":"ListItem","position":3,"name":"Agibot OmniHand Pro 2025"}]},{"@type":"WebSite","@id":"https:\/\/www.ghostysky.com\/#website","url":"https:\/\/www.ghostysky.com\/","name":"Ghostysky","description":"Livraison de drones et de services professionnels","publisher":{"@id":"https:\/\/www.ghostysky.com\/#organization"},"potentialAction":[{"@type":"SearchAction","target":{"@type":"EntryPoint","urlTemplate":"https:\/\/www.ghostysky.com\/?s={search_term_string}"},"query-input":{"@type":"PropertyValueSpecification","valueRequired":true,"valueName":"search_term_string"}}],"inLanguage":"fr-FR"},{"@type":"Organization","@id":"https:\/\/www.ghostysky.com\/#organization","name":"Ghostysky","url":"https:\/\/www.ghostysky.com\/","logo":{"@type":"ImageObject","inLanguage":"fr-FR","@id":"https:\/\/www.ghostysky.com\/#\/schema\/logo\/image\/","url":"https:\/\/www.ghostysky.com\/wp-content\/uploads\/2020\/06\/cropped-ghostyskylogo_text_white2.png","contentUrl":"https:\/\/www.ghostysky.com\/wp-content\/uploads\/2020\/06\/cropped-ghostyskylogo_text_white2.png","width":169,"height":56,"caption":"Ghostysky"},"image":{"@id":"https:\/\/www.ghostysky.com\/#\/schema\/logo\/image\/"},"sameAs":["https:\/\/www.facebook.com\/people\/Ghostysky\/100057676170234\/","https:\/\/x.com\/Gh0stysky","https:\/\/www.linkedin.com\/company\/34739653","https:\/\/www.instagram.com\/gh0stysky"]}]}},"_links":{"self":[{"href":"https:\/\/www.ghostysky.com\/fr\/wp-json\/wp\/v2\/product\/23884","targetHints":{"allow":["GET"]}}],"collection":[{"href":"https:\/\/www.ghostysky.com\/fr\/wp-json\/wp\/v2\/product"}],"about":[{"href":"https:\/\/www.ghostysky.com\/fr\/wp-json\/wp\/v2\/types\/product"}],"replies":[{"embeddable":true,"href":"https:\/\/www.ghostysky.com\/fr\/wp-json\/wp\/v2\/comments?post=23884"}],"version-history":[{"count":0,"href":"https:\/\/www.ghostysky.com\/fr\/wp-json\/wp\/v2\/product\/23884\/revisions"}],"wp:featuredmedia":[{"embeddable":true,"href":"https:\/\/www.ghostysky.com\/fr\/wp-json\/wp\/v2\/media\/23890"}],"wp:attachment":[{"href":"https:\/\/www.ghostysky.com\/fr\/wp-json\/wp\/v2\/media?parent=23884"}],"wp:term":[{"taxonomy":"product_brand","embeddable":true,"href":"https:\/\/www.ghostysky.com\/fr\/wp-json\/wp\/v2\/product_brand?post=23884"},{"taxonomy":"product_cat","embeddable":true,"href":"https:\/\/www.ghostysky.com\/fr\/wp-json\/wp\/v2\/product_cat?post=23884"},{"taxonomy":"product_tag","embeddable":true,"href":"https:\/\/www.ghostysky.com\/fr\/wp-json\/wp\/v2\/product_tag?post=23884"}],"curies":[{"name":"wp","href":"https:\/\/api.w.org\/{rel}","templated":true}]}}