{"id":23893,"date":"2026-01-27T08:17:14","date_gmt":"2026-01-27T08:17:14","guid":{"rendered":"https:\/\/www.ghostysky.com\/?post_type=product&#038;p=23893"},"modified":"2026-01-27T08:32:18","modified_gmt":"2026-01-27T08:32:18","slug":"agibot-a2-vr-teleoperation-kit","status":"publish","type":"product","link":"https:\/\/www.ghostysky.com\/fr\/product\/agibot-a2-vr-teleoperation-kit\/","title":{"rendered":"Kit de t\u00e9l\u00e9op\u00e9ration VR Agibot A2"},"content":{"rendered":"<h3 data-path-to-node=\"4\">Fonctionnalit\u00e9s principales<\/h3>\n<ul data-path-to-node=\"5\">\n<li>\n<p data-path-to-node=\"5,0,0\"><b data-path-to-node=\"5,0,0\" data-index-in-node=\"0\">Effet miroir 1:1\u00a0:<\/b><span class=\"citation-349 citation-end-349\"> Utilisant des algorithmes d&#039;interpolation cin\u00e9matique propri\u00e9taires, le kit transpose directement les mouvements de votre t\u00eate, de votre torse et de vos bras sur l&#039;Agibot A2.<\/span> Si vous inclinez la t\u00eate ou tendez la main vers un objet, le robot fait de m\u00eame avec une latence inf\u00e9rieure \u00e0 20 ms.<\/p>\n<\/li>\n<li>\n<p data-path-to-node=\"5,1,0\"><b data-path-to-node=\"5,1,0\" data-index-in-node=\"0\"><span class=\"citation-348\">Retour haptique tactile par \u00e9cho :<\/span><\/b><span class=\"citation-348 citation-end-348\"> Int\u00e9gr\u00e9 aux gants de commande, ce syst\u00e8me utilise des micro-vibrateurs qui r\u00e9agissent aux mesures de force et de couple provenant des articulations du robot.<\/span> Vous ne voyez pas seulement le robot toucher un objet ; vous sentez la r\u00e9sistance.<\/p>\n<\/li>\n<li>\n<p data-path-to-node=\"5,2,0\"><b data-path-to-node=\"5,2,0\" data-index-in-node=\"0\">Vue immersive \u00e0 la premi\u00e8re personne (FPV)\u00a0:<\/b> Le casque de r\u00e9alit\u00e9 virtuelle haute r\u00e9solution diffuse en temps r\u00e9el des donn\u00e9es provenant des cam\u00e9ras \u00e0 double vision et fisheye du A2, offrant une vue grand angle et pr\u00e9cise en profondeur de l&#039;environnement du robot.<\/p>\n<\/li>\n<li>\n<p data-path-to-node=\"5,3,0\"><b data-path-to-node=\"5,3,0\" data-index-in-node=\"0\">Connectivit\u00e9 Plug-and-Play\u00a0:<\/b><span class=\"citation-347 citation-end-347\"> Con\u00e7u autour d&#039;une infrastructure Wi-Fi 6E \u00e0 double fr\u00e9quence, le kit s&#039;associe automatiquement \u00e0 l&#039;A2, assurant une connexion stable et r\u00e9sistante aux interf\u00e9rences m\u00eame dans des environnements industriels encombr\u00e9s.<\/span><\/p>\n<\/li>\n<li>\n<p data-path-to-node=\"5,4,0\"><b data-path-to-node=\"5,4,0\" data-index-in-node=\"0\">Barri\u00e8re z\u00e9ro codage\u00a0:<\/b><span class=\"citation-346 citation-end-346\"> Con\u00e7ue pour \u00eatre accessible, l&#039;interface permet aux utilisateurs sans aucune connaissance en robotique de devenir des op\u00e9rateurs \u00e0 distance comp\u00e9tents en seulement deux heures.<\/span><\/p>\n<\/li>\n<\/ul>\n<h3 data-path-to-node=\"9\">Pourquoi choisir le kit A2 VR ?<\/h3>\n<ol start=\"1\" data-path-to-node=\"10\">\n<li>\n<p data-path-to-node=\"10,0,0\"><b data-path-to-node=\"10,0,0\" data-index-in-node=\"0\"><span class=\"citation-345\">Interaction de pr\u00e9cision\u00a0:<\/span><\/b><span class=\"citation-345 citation-end-345\"> Con\u00e7ue pour des t\u00e2ches d\u00e9licates comme la manipulation de petits composants \u00e9lectroniques ou la navigation dans des vannes industrielles complexes, o\u00f9 l&#039;IA autonome peut encore n\u00e9cessiter une intervention humaine.<\/span><\/p>\n<\/li>\n<li>\n<p data-path-to-node=\"10,1,0\"><b data-path-to-node=\"10,1,0\" data-index-in-node=\"0\">T\u00e9l\u00e9pr\u00e9sence s\u00e9curis\u00e9e\u00a0:<\/b> D\u00e9ployez l&#039;Agibot A2 dans des environnements dangereux ou st\u00e9riles tandis que l&#039;op\u00e9rateur reste dans un endroit s\u00fbr et confortable.<\/p>\n<\/li>\n<li>\n<p data-path-to-node=\"10,2,0\"><b data-path-to-node=\"10,2,0\" data-index-in-node=\"0\">G\u00e9n\u00e9ration de donn\u00e9es\u00a0:<\/b> Un outil essentiel pour les d\u00e9veloppeurs utilisant <b data-path-to-node=\"10,2,0\" data-index-in-node=\"56\">AIDEA<\/b> (Solution de donn\u00e9es d&#039;Agibot). Utilisez le kit de r\u00e9alit\u00e9 virtuelle pour effectuer des t\u00e2ches et enregistrer des donn\u00e9es haute fid\u00e9lit\u00e9 \u00ab avec intervention humaine \u00bb afin d&#039;entra\u00eener de futurs mod\u00e8les autonomes.<\/p>\n<\/li>\n<\/ol>\n<blockquote data-path-to-node=\"11\">\n<p data-path-to-node=\"11,0\"><b data-path-to-node=\"11,0\" data-index-in-node=\"0\">Note:<\/b> Ce kit est un accessoire officiel et n\u00e9cessite une unit\u00e9 humano\u00efde Agibot A2 pour fonctionner. Il comprend le casque de r\u00e9alit\u00e9 virtuelle, les gants haptiques et le pont de communication n\u00e9cessaire.<\/p>\n<\/blockquote>\n<h3 data-path-to-node=\"11,0\">Sp\u00e9cifications techniques<\/h3>\n<p><a href=\"https:\/\/www.ghostysky.com\/wp-content\/uploads\/2026\/01\/GH_Agibot_A2_VR_Table.png\"><img fetchpriority=\"high\" decoding=\"async\" class=\"alignnone wp-image-23896 size-full lazyload\" src=\"data:image\/gif;base64,R0lGODlhAQABAAAAACH5BAEKAAEALAAAAAABAAEAAAICTAEAOw==\" alt=\"\" width=\"1236\" height=\"1970\" sizes=\"(max-width: 1236px) 100vw, 1236px\" data-src=\"data:image\/gif;base64,R0lGODlhAQABAAAAACH5BAEKAAEALAAAAAABAAEAAAICTAEAOw==\" data-srcset=\"\" srcset=\"\"><\/a><\/p>","protected":false},"excerpt":{"rendered":"<p data-path-to-node=\"1\"><span class=\"citation-350\">Le <\/span><b data-path-to-node=\"1\" data-index-in-node=\"4\"><span class=\"citation-350\">Kit de t\u00e9l\u00e9op\u00e9ration VR Agibot A2<\/span><\/b><span class=\"citation-350 citation-end-350\"> est une interface de contr\u00f4le de pointe con\u00e7ue sp\u00e9cifiquement pour le robot humano\u00efde Agibot A2.<\/span> En s&#039;affranchissant des joysticks traditionnels et des interfaces complexes n\u00e9cessitant du code, ce kit permet aux utilisateurs de \u00ab p\u00e9n\u00e9trer \u00bb dans le robot, en contr\u00f4lant ses mouvements complexes gr\u00e2ce \u00e0 des mouvements humains intuitifs.<\/p>\n<p data-path-to-node=\"2\">Qu\u2019il soit utilis\u00e9 pour la maintenance industrielle \u00e0 enjeux \u00e9lev\u00e9s, la recherche \u00e0 distance ou la collecte de donn\u00e9es d\u2019entra\u00eenement de haute qualit\u00e9 pour l\u2019IA incarn\u00e9e, le kit A2 VR transforme l\u2019op\u00e9ration \u00e0 distance en une exp\u00e9rience immersive et sans faille.<\/p>\n<p data-path-to-node=\"2\">(Compatible uniquement avec AGIBOT A2 Ultra et AGIBOT A2 Lite)<\/p>","protected":false},"featured_media":23895,"comment_status":"open","ping_status":"closed","template":"","meta":[],"product_brand":[1345],"product_cat":[1342,1344,1038,1037],"product_tag":[1346,1353],"class_list":{"0":"post-23893","1":"product","2":"type-product","3":"status-publish","4":"has-post-thumbnail","6":"product_brand-agibot","7":"product_cat-agibot","8":"product_cat-agibot-accessories","9":"product_cat-humanoid","10":"product_cat-robotics","11":"product_tag-agibot","12":"product_tag-agibot-accessories","14":"first","15":"outofstock","16":"taxable","17":"shipping-taxable","18":"product-type-simple"},"yoast_head":"<!-- This site is optimized with the Yoast SEO plugin v27.1.1 - https:\/\/yoast.com\/product\/yoast-seo-wordpress\/ -->\n<title>Agibot A2 VR Teleoperation Kit - Ghostysky<\/title>\n<meta name=\"description\" content=\"The Agibot A2 VR Teleoperation Kit is a state-of-the-art control interface designed specifically for the Agibot A2 humanoid robot. By moving beyond traditional joysticks and code-heavy interfaces, this kit allows users to &quot;step inside&quot; the robot, controlling its complex movements through intuitive human motion.Whether used for high-stakes industrial maintenance, remote research, or gathering high-quality training data for Embodied AI, the A2 VR Kit transforms remote operation into a seamless, first-person experience.\" \/>\n<meta name=\"robots\" content=\"index, follow, max-snippet:-1, max-image-preview:large, max-video-preview:-1\" \/>\n<link rel=\"canonical\" href=\"https:\/\/www.ghostysky.com\/fr\/product\/agibot-a2-vr-teleoperation-kit\/\" \/>\n<meta property=\"og:locale\" content=\"fr_FR\" \/>\n<meta property=\"og:type\" content=\"article\" \/>\n<meta property=\"og:title\" content=\"Agibot A2 VR Teleoperation Kit - Ghostysky\" \/>\n<meta property=\"og:description\" content=\"The Agibot A2 VR Teleoperation Kit is a state-of-the-art control interface designed specifically for the Agibot A2 humanoid robot. By moving beyond traditional joysticks and code-heavy interfaces, this kit allows users to &quot;step inside&quot; the robot, controlling its complex movements through intuitive human motion.Whether used for high-stakes industrial maintenance, remote research, or gathering high-quality training data for Embodied AI, the A2 VR Kit transforms remote operation into a seamless, first-person experience.\" \/>\n<meta property=\"og:url\" content=\"https:\/\/www.ghostysky.com\/fr\/product\/agibot-a2-vr-teleoperation-kit\/\" \/>\n<meta property=\"og:site_name\" content=\"Ghostysky\" \/>\n<meta property=\"article:publisher\" content=\"https:\/\/www.facebook.com\/people\/Ghostysky\/100057676170234\/\" \/>\n<meta property=\"article:modified_time\" content=\"2026-01-27T08:32:18+00:00\" \/>\n<meta property=\"og:image\" content=\"https:\/\/www.ghostysky.com\/wp-content\/uploads\/2026\/01\/GH_Agibot_A2_VR_Kit_1.png\" \/>\n\t<meta property=\"og:image:width\" content=\"883\" \/>\n\t<meta property=\"og:image:height\" content=\"552\" \/>\n\t<meta property=\"og:image:type\" content=\"image\/png\" \/>\n<meta name=\"twitter:card\" content=\"summary_large_image\" \/>\n<meta name=\"twitter:site\" content=\"@Gh0stysky\" \/>\n<meta name=\"twitter:label1\" content=\"Dur\u00e9e de lecture estim\u00e9e\" \/>\n\t<meta name=\"twitter:data1\" content=\"2 minutes\" \/>\n<script type=\"application\/ld+json\" class=\"yoast-schema-graph\">{\"@context\":\"https:\/\/schema.org\",\"@graph\":[{\"@type\":\"WebPage\",\"@id\":\"https:\/\/www.ghostysky.com\/product\/agibot-a2-vr-teleoperation-kit\/\",\"url\":\"https:\/\/www.ghostysky.com\/product\/agibot-a2-vr-teleoperation-kit\/\",\"name\":\"Agibot A2 VR Teleoperation Kit - Ghostysky\",\"isPartOf\":{\"@id\":\"https:\/\/www.ghostysky.com\/#website\"},\"primaryImageOfPage\":{\"@id\":\"https:\/\/www.ghostysky.com\/product\/agibot-a2-vr-teleoperation-kit\/#primaryimage\"},\"image\":{\"@id\":\"https:\/\/www.ghostysky.com\/product\/agibot-a2-vr-teleoperation-kit\/#primaryimage\"},\"thumbnailUrl\":\"https:\/\/www.ghostysky.com\/wp-content\/uploads\/2026\/01\/GH_Agibot_A2_VR_Kit_1.png\",\"datePublished\":\"2026-01-27T08:17:14+00:00\",\"dateModified\":\"2026-01-27T08:32:18+00:00\",\"description\":\"The Agibot A2 VR Teleoperation Kit is a state-of-the-art control interface designed specifically for the Agibot A2 humanoid robot. By moving beyond traditional joysticks and code-heavy interfaces, this kit allows users to \\\"step inside\\\" the robot, controlling its complex movements through intuitive human motion.Whether used for high-stakes industrial maintenance, remote research, or gathering high-quality training data for Embodied AI, the A2 VR Kit transforms remote operation into a seamless, first-person experience.\",\"breadcrumb\":{\"@id\":\"https:\/\/www.ghostysky.com\/product\/agibot-a2-vr-teleoperation-kit\/#breadcrumb\"},\"inLanguage\":\"fr-FR\",\"potentialAction\":[{\"@type\":\"ReadAction\",\"target\":[\"https:\/\/www.ghostysky.com\/product\/agibot-a2-vr-teleoperation-kit\/\"]}]},{\"@type\":\"ImageObject\",\"inLanguage\":\"fr-FR\",\"@id\":\"https:\/\/www.ghostysky.com\/product\/agibot-a2-vr-teleoperation-kit\/#primaryimage\",\"url\":\"https:\/\/www.ghostysky.com\/wp-content\/uploads\/2026\/01\/GH_Agibot_A2_VR_Kit_1.png\",\"contentUrl\":\"https:\/\/www.ghostysky.com\/wp-content\/uploads\/2026\/01\/GH_Agibot_A2_VR_Kit_1.png\",\"width\":883,\"height\":552},{\"@type\":\"BreadcrumbList\",\"@id\":\"https:\/\/www.ghostysky.com\/product\/agibot-a2-vr-teleoperation-kit\/#breadcrumb\",\"itemListElement\":[{\"@type\":\"ListItem\",\"position\":1,\"name\":\"Home\",\"item\":\"https:\/\/www.ghostysky.com\/\"},{\"@type\":\"ListItem\",\"position\":2,\"name\":\"Shop\",\"item\":\"https:\/\/www.ghostysky.com\/shop\/\"},{\"@type\":\"ListItem\",\"position\":3,\"name\":\"Agibot A2 VR Teleoperation Kit\"}]},{\"@type\":\"WebSite\",\"@id\":\"https:\/\/www.ghostysky.com\/#website\",\"url\":\"https:\/\/www.ghostysky.com\/\",\"name\":\"Ghostysky\",\"description\":\"Delivering professional drones and services\",\"publisher\":{\"@id\":\"https:\/\/www.ghostysky.com\/#organization\"},\"potentialAction\":[{\"@type\":\"SearchAction\",\"target\":{\"@type\":\"EntryPoint\",\"urlTemplate\":\"https:\/\/www.ghostysky.com\/?s={search_term_string}\"},\"query-input\":{\"@type\":\"PropertyValueSpecification\",\"valueRequired\":true,\"valueName\":\"search_term_string\"}}],\"inLanguage\":\"fr-FR\"},{\"@type\":\"Organization\",\"@id\":\"https:\/\/www.ghostysky.com\/#organization\",\"name\":\"Ghostysky\",\"url\":\"https:\/\/www.ghostysky.com\/\",\"logo\":{\"@type\":\"ImageObject\",\"inLanguage\":\"fr-FR\",\"@id\":\"https:\/\/www.ghostysky.com\/#\/schema\/logo\/image\/\",\"url\":\"https:\/\/www.ghostysky.com\/wp-content\/uploads\/2020\/06\/cropped-ghostyskylogo_text_white2.png\",\"contentUrl\":\"https:\/\/www.ghostysky.com\/wp-content\/uploads\/2020\/06\/cropped-ghostyskylogo_text_white2.png\",\"width\":169,\"height\":56,\"caption\":\"Ghostysky\"},\"image\":{\"@id\":\"https:\/\/www.ghostysky.com\/#\/schema\/logo\/image\/\"},\"sameAs\":[\"https:\/\/www.facebook.com\/people\/Ghostysky\/100057676170234\/\",\"https:\/\/x.com\/Gh0stysky\",\"https:\/\/www.linkedin.com\/company\/34739653\",\"https:\/\/www.instagram.com\/gh0stysky\"]}]}<\/script>\n<!-- \/ Yoast SEO plugin. -->","yoast_head_json":{"title":"Kit de t\u00e9l\u00e9op\u00e9ration Agibot A2 VR - Ghostysky","description":"Le kit de t\u00e9l\u00e9op\u00e9ration VR Agibot A2 est une interface de contr\u00f4le de pointe con\u00e7ue sp\u00e9cifiquement pour le robot humano\u00efde Agibot A2. En s&#039;affranchissant des joysticks traditionnels et des interfaces complexes n\u00e9cessitant une programmation pouss\u00e9e, ce kit permet aux utilisateurs de s&#039;immerger totalement dans le robot et de contr\u00f4ler ses mouvements complexes gr\u00e2ce \u00e0 des gestes humains intuitifs. Que ce soit pour la maintenance industrielle \u00e0 enjeux \u00e9lev\u00e9s, la recherche \u00e0 distance ou la collecte de donn\u00e9es d&#039;entra\u00eenement de haute qualit\u00e9 pour l&#039;IA incarn\u00e9e, le kit VR A2 transforme le pilotage \u00e0 distance en une exp\u00e9rience immersive et fluide.","robots":{"index":"index","follow":"follow","max-snippet":"max-snippet:-1","max-image-preview":"max-image-preview:large","max-video-preview":"max-video-preview:-1"},"canonical":"https:\/\/www.ghostysky.com\/fr\/product\/agibot-a2-vr-teleoperation-kit\/","og_locale":"fr_FR","og_type":"article","og_title":"Agibot A2 VR Teleoperation Kit - Ghostysky","og_description":"The Agibot A2 VR Teleoperation Kit is a state-of-the-art control interface designed specifically for the Agibot A2 humanoid robot. By moving beyond traditional joysticks and code-heavy interfaces, this kit allows users to \"step inside\" the robot, controlling its complex movements through intuitive human motion.Whether used for high-stakes industrial maintenance, remote research, or gathering high-quality training data for Embodied AI, the A2 VR Kit transforms remote operation into a seamless, first-person experience.","og_url":"https:\/\/www.ghostysky.com\/fr\/product\/agibot-a2-vr-teleoperation-kit\/","og_site_name":"Ghostysky","article_publisher":"https:\/\/www.facebook.com\/people\/Ghostysky\/100057676170234\/","article_modified_time":"2026-01-27T08:32:18+00:00","og_image":[{"width":883,"height":552,"url":"https:\/\/www.ghostysky.com\/wp-content\/uploads\/2026\/01\/GH_Agibot_A2_VR_Kit_1.png","type":"image\/png"}],"twitter_card":"summary_large_image","twitter_site":"@Gh0stysky","twitter_misc":{"Dur\u00e9e de lecture estim\u00e9e":"2 minutes"},"schema":{"@context":"https:\/\/schema.org","@graph":[{"@type":"WebPage","@id":"https:\/\/www.ghostysky.com\/product\/agibot-a2-vr-teleoperation-kit\/","url":"https:\/\/www.ghostysky.com\/product\/agibot-a2-vr-teleoperation-kit\/","name":"Kit de t\u00e9l\u00e9op\u00e9ration Agibot A2 VR - Ghostysky","isPartOf":{"@id":"https:\/\/www.ghostysky.com\/#website"},"primaryImageOfPage":{"@id":"https:\/\/www.ghostysky.com\/product\/agibot-a2-vr-teleoperation-kit\/#primaryimage"},"image":{"@id":"https:\/\/www.ghostysky.com\/product\/agibot-a2-vr-teleoperation-kit\/#primaryimage"},"thumbnailUrl":"https:\/\/www.ghostysky.com\/wp-content\/uploads\/2026\/01\/GH_Agibot_A2_VR_Kit_1.png","datePublished":"2026-01-27T08:17:14+00:00","dateModified":"2026-01-27T08:32:18+00:00","description":"Le kit de t\u00e9l\u00e9op\u00e9ration VR Agibot A2 est une interface de contr\u00f4le de pointe con\u00e7ue sp\u00e9cifiquement pour le robot humano\u00efde Agibot A2. En s&#039;affranchissant des joysticks traditionnels et des interfaces complexes n\u00e9cessitant une programmation pouss\u00e9e, ce kit permet aux utilisateurs de s&#039;immerger totalement dans le robot et de contr\u00f4ler ses mouvements complexes gr\u00e2ce \u00e0 des gestes humains intuitifs. Que ce soit pour la maintenance industrielle \u00e0 enjeux \u00e9lev\u00e9s, la recherche \u00e0 distance ou la collecte de donn\u00e9es d&#039;entra\u00eenement de haute qualit\u00e9 pour l&#039;IA incarn\u00e9e, le kit VR A2 transforme le pilotage \u00e0 distance en une exp\u00e9rience immersive et fluide.","breadcrumb":{"@id":"https:\/\/www.ghostysky.com\/product\/agibot-a2-vr-teleoperation-kit\/#breadcrumb"},"inLanguage":"fr-FR","potentialAction":[{"@type":"ReadAction","target":["https:\/\/www.ghostysky.com\/product\/agibot-a2-vr-teleoperation-kit\/"]}]},{"@type":"ImageObject","inLanguage":"fr-FR","@id":"https:\/\/www.ghostysky.com\/product\/agibot-a2-vr-teleoperation-kit\/#primaryimage","url":"https:\/\/www.ghostysky.com\/wp-content\/uploads\/2026\/01\/GH_Agibot_A2_VR_Kit_1.png","contentUrl":"https:\/\/www.ghostysky.com\/wp-content\/uploads\/2026\/01\/GH_Agibot_A2_VR_Kit_1.png","width":883,"height":552},{"@type":"BreadcrumbList","@id":"https:\/\/www.ghostysky.com\/product\/agibot-a2-vr-teleoperation-kit\/#breadcrumb","itemListElement":[{"@type":"ListItem","position":1,"name":"Home","item":"https:\/\/www.ghostysky.com\/"},{"@type":"ListItem","position":2,"name":"Shop","item":"https:\/\/www.ghostysky.com\/shop\/"},{"@type":"ListItem","position":3,"name":"Agibot A2 VR Teleoperation Kit"}]},{"@type":"WebSite","@id":"https:\/\/www.ghostysky.com\/#website","url":"https:\/\/www.ghostysky.com\/","name":"Ghostysky","description":"Livraison de drones et de services professionnels","publisher":{"@id":"https:\/\/www.ghostysky.com\/#organization"},"potentialAction":[{"@type":"SearchAction","target":{"@type":"EntryPoint","urlTemplate":"https:\/\/www.ghostysky.com\/?s={search_term_string}"},"query-input":{"@type":"PropertyValueSpecification","valueRequired":true,"valueName":"search_term_string"}}],"inLanguage":"fr-FR"},{"@type":"Organization","@id":"https:\/\/www.ghostysky.com\/#organization","name":"Ghostysky","url":"https:\/\/www.ghostysky.com\/","logo":{"@type":"ImageObject","inLanguage":"fr-FR","@id":"https:\/\/www.ghostysky.com\/#\/schema\/logo\/image\/","url":"https:\/\/www.ghostysky.com\/wp-content\/uploads\/2020\/06\/cropped-ghostyskylogo_text_white2.png","contentUrl":"https:\/\/www.ghostysky.com\/wp-content\/uploads\/2020\/06\/cropped-ghostyskylogo_text_white2.png","width":169,"height":56,"caption":"Ghostysky"},"image":{"@id":"https:\/\/www.ghostysky.com\/#\/schema\/logo\/image\/"},"sameAs":["https:\/\/www.facebook.com\/people\/Ghostysky\/100057676170234\/","https:\/\/x.com\/Gh0stysky","https:\/\/www.linkedin.com\/company\/34739653","https:\/\/www.instagram.com\/gh0stysky"]}]}},"_links":{"self":[{"href":"https:\/\/www.ghostysky.com\/fr\/wp-json\/wp\/v2\/product\/23893","targetHints":{"allow":["GET"]}}],"collection":[{"href":"https:\/\/www.ghostysky.com\/fr\/wp-json\/wp\/v2\/product"}],"about":[{"href":"https:\/\/www.ghostysky.com\/fr\/wp-json\/wp\/v2\/types\/product"}],"replies":[{"embeddable":true,"href":"https:\/\/www.ghostysky.com\/fr\/wp-json\/wp\/v2\/comments?post=23893"}],"wp:featuredmedia":[{"embeddable":true,"href":"https:\/\/www.ghostysky.com\/fr\/wp-json\/wp\/v2\/media\/23895"}],"wp:attachment":[{"href":"https:\/\/www.ghostysky.com\/fr\/wp-json\/wp\/v2\/media?parent=23893"}],"wp:term":[{"taxonomy":"product_brand","embeddable":true,"href":"https:\/\/www.ghostysky.com\/fr\/wp-json\/wp\/v2\/product_brand?post=23893"},{"taxonomy":"product_cat","embeddable":true,"href":"https:\/\/www.ghostysky.com\/fr\/wp-json\/wp\/v2\/product_cat?post=23893"},{"taxonomy":"product_tag","embeddable":true,"href":"https:\/\/www.ghostysky.com\/fr\/wp-json\/wp\/v2\/product_tag?post=23893"}],"curies":[{"name":"wp","href":"https:\/\/api.w.org\/{rel}","templated":true}]}}