{"id":23898,"date":"2026-01-27T08:37:52","date_gmt":"2026-01-27T08:37:52","guid":{"rendered":"https:\/\/www.ghostysky.com\/?post_type=product&#038;p=23898"},"modified":"2026-01-27T08:55:18","modified_gmt":"2026-01-27T08:55:18","slug":"agibot-g2","status":"publish","type":"product","link":"https:\/\/www.ghostysky.com\/fr\/product\/agibot-g2\/","title":{"rendered":"Agibot G2"},"content":{"rendered":"<h3 data-path-to-node=\"3\">Principales fonctionnalit\u00e9s et capacit\u00e9s<\/h3>\n<ul data-path-to-node=\"4\">\n<li>\n<p data-path-to-node=\"4,0,0\"><b data-path-to-node=\"4,0,0\" data-index-in-node=\"0\">Dext\u00e9rit\u00e9 quasi humaine\u00a0:<\/b><span class=\"citation-386\"> Dot\u00e9 du premier <\/span><b data-path-to-node=\"4,0,0\" data-index-in-node=\"54\"><span class=\"citation-386\">bras \u00e0 commande de force en forme de croix au poignet<\/span><\/b><span class=\"citation-386 citation-end-386\"> et 7 degr\u00e9s de libert\u00e9 (DoF) par bras.<\/span> <span class=\"citation-385 citation-end-385\">Il est dot\u00e9 de capteurs de couple de haute pr\u00e9cision qui lui permettent de manipuler des objets d\u00e9licats, comme des \u0153ufs crus ou des composants \u00e9lectroniques, sans les endommager.<\/span><\/p>\n<\/li>\n<li>\n<p data-path-to-node=\"4,1,0\"><b data-path-to-node=\"4,1,0\" data-index-in-node=\"0\">Mobilit\u00e9 omnidirectionnelle :<\/b><span class=\"citation-384\"> Contrairement aux robots bip\u00e8des traditionnels qui peuvent avoir des difficult\u00e9s \u00e0 atteindre une vitesse \u00e9lev\u00e9e, le G2 utilise un <\/span><b data-path-to-node=\"4,1,0\" data-index-in-node=\"108\"><span class=\"citation-384\">base humano\u00efde \u00e0 roues<\/span><\/b><span class=\"citation-384 citation-end-384\">.<\/span> <span class=\"citation-383\">Cela permet des mouvements agiles \u00e0 360 degr\u00e9s \u00e0 des vitesses allant jusqu&#039;\u00e0 <\/span><b data-path-to-node=\"4,1,0\" data-index-in-node=\"190\"><span class=\"citation-383\">1,5 m\/s<\/span><\/b><span class=\"citation-383 citation-end-383\">ce qui le rend id\u00e9al pour se d\u00e9placer dans les all\u00e9es tr\u00e8s fr\u00e9quent\u00e9es des entrep\u00f4ts.<\/span><\/p>\n<\/li>\n<li>\n<p data-path-to-node=\"4,2,0\"><b data-path-to-node=\"4,2,0\" data-index-in-node=\"0\"><span class=\"citation-382\">IA incarn\u00e9e (GO-1 et GE-1)\u00a0:<\/span><\/b><span class=\"citation-382 citation-end-382\"> Propuls\u00e9 par l&#039;architecture exclusive \u00ab cerveau \u00e0 3 couches \u00bb d&#039;Agibot.<\/span> <span class=\"citation-381\">Le <\/span><b data-path-to-node=\"4,2,0\" data-index-in-node=\"93\"><span class=\"citation-381\">Mod\u00e8le GO-1<\/span><\/b><span class=\"citation-381\"> g\u00e8re la perception et la planification, tandis que le <\/span><b data-path-to-node=\"4,2,0\" data-index-in-node=\"147\"><span class=\"citation-381\">Mod\u00e8le mondial GE-1<\/span><\/b><span class=\"citation-381 citation-end-381\"> permet au robot de \u00ab r\u00e9p\u00e9ter \u00bb des t\u00e2ches dans un espace virtuel avant leur ex\u00e9cution physique, r\u00e9duisant ainsi consid\u00e9rablement les essais et erreurs.<\/span><\/p>\n<\/li>\n<li>\n<p data-path-to-node=\"4,3,0\"><b data-path-to-node=\"4,3,0\" data-index-in-node=\"0\"><span class=\"citation-380\">Fonctionnement continu 24h\/24 et 7j\/7\u00a0:<\/span><\/b><span class=\"citation-380\"> Con\u00e7u pour r\u00e9sister aux rigueurs des quarts de travail industriels, le G2 est dot\u00e9 d&#039;un <\/span><b data-path-to-node=\"4,3,0\" data-index-in-node=\"91\"><span class=\"citation-380\">conception \u00e0 double batterie rempla\u00e7able \u00e0 chaud<\/span><\/b><span class=\"citation-380 citation-end-380\"> et des capacit\u00e9s de recharge autonomes, garantissant une interruption de service nulle.<\/span><\/p>\n<\/li>\n<li>\n<p data-path-to-node=\"4,4,0\"><b data-path-to-node=\"4,4,0\" data-index-in-node=\"0\">Puissance de calcul embarqu\u00e9e massive\u00a0:<\/b><span class=\"citation-379\"> Int\u00e9gr\u00e9 avec le <\/span><b data-path-to-node=\"4,4,0\" data-index-in-node=\"46\"><span class=\"citation-379\">NVIDIA Jetson Thor T5000<\/span><\/b><span class=\"citation-379\">, fournissant jusqu&#039;\u00e0 <\/span><b data-path-to-node=\"4,4,0\" data-index-in-node=\"88\"><span class=\"citation-379\">2070 TFLOPS<\/span><\/b><span class=\"citation-379 citation-end-379\"> de la puissance de l&#039;IA.<\/span> <span class=\"citation-378 citation-end-378\">Cela permet une prise de d\u00e9cision en temps r\u00e9el avec une latence inf\u00e9rieure \u00e0 10 ms.<\/span><\/p>\n<p>&nbsp;<\/li>\n<\/ul>\n<h3 data-path-to-node=\"6\">Sp\u00e9cifications techniques<\/h3>\n<table data-path-to-node=\"7\">\n<thead>\n<tr>\n<td><strong>Fonctionnalit\u00e9<\/strong><\/td>\n<td><strong>Sp\u00e9cification<\/strong><\/td>\n<\/tr>\n<\/thead>\n<tbody>\n<tr>\n<td><span data-path-to-node=\"7,1,0,0\"><b data-path-to-node=\"7,1,0,0\" data-index-in-node=\"0\">Hauteur<\/b><\/span><\/td>\n<td><span data-path-to-node=\"7,1,1,0\">1,2 m \u00e0 1,8 m (variable\/r\u00e9glable)<\/span><\/td>\n<\/tr>\n<tr>\n<td><span data-path-to-node=\"7,2,0,0\"><b data-path-to-node=\"7,2,0,0\" data-index-in-node=\"0\">Poids<\/b><\/span><\/td>\n<td><span data-path-to-node=\"7,2,1,0\">185 kg<\/span><\/td>\n<\/tr>\n<tr>\n<td><span data-path-to-node=\"7,3,0,0\"><b data-path-to-node=\"7,3,0,0\" data-index-in-node=\"0\">Charge utile<\/b><\/span><\/td>\n<td><span data-path-to-node=\"7,3,1,0\">5 kg par bras<\/span><\/td>\n<\/tr>\n<tr>\n<td><span data-path-to-node=\"7,4,0,0\"><b data-path-to-node=\"7,4,0,0\" data-index-in-node=\"0\">Degr\u00e9s de libert\u00e9<\/b><\/span><\/td>\n<td><span data-path-to-node=\"7,4,1,0\">26+ (corps entier) ; 7 par bras<\/span><\/td>\n<\/tr>\n<tr>\n<td><span data-path-to-node=\"7,5,0,0\"><b data-path-to-node=\"7,5,0,0\" data-index-in-node=\"0\">Capteurs<\/b><\/span><\/td>\n<td><span data-path-to-node=\"7,5,1,0\">Double LiDAR, cam\u00e9ras st\u00e9r\u00e9oscopiques, vision \u00e0 360\u00b0, r\u00e9seau de microphones<\/span><\/td>\n<\/tr>\n<tr>\n<td><span data-path-to-node=\"7,6,0,0\"><b data-path-to-node=\"7,6,0,0\" data-index-in-node=\"0\">Protection contre les intrusions<\/b><\/span><\/td>\n<td><span data-path-to-node=\"7,6,1,0\">IP42 (Corps) \/ IP50 (Bras)<\/span><\/td>\n<\/tr>\n<tr>\n<td><span data-path-to-node=\"7,7,0,0\"><b data-path-to-node=\"7,7,0,0\" data-index-in-node=\"0\">Vitesse maximale<\/b><\/span><\/td>\n<td><span data-path-to-node=\"7,7,1,0\">1,5 m\/s (environ 5,4 km\/h)<\/span><\/td>\n<\/tr>\n<tr>\n<td><span data-path-to-node=\"7,8,0,0\"><b data-path-to-node=\"7,8,0,0\" data-index-in-node=\"0\">Capacit\u00e9 de la batterie<\/b><\/span><\/td>\n<td><span data-path-to-node=\"7,8,1,0\">1\u00a0652 Wh (double batterie rempla\u00e7able \u00e0 chaud)<\/span><\/td>\n<\/tr>\n<\/tbody>\n<\/table>\n<p><a href=\"https:\/\/www.ghostysky.com\/wp-content\/uploads\/2026\/01\/GH_Agibot_G2_Prod_desc_2-scaled.jpg\"><img fetchpriority=\"high\" decoding=\"async\" class=\"alignnone wp-image-23905 size-full lazyload\" src=\"data:image\/gif;base64,R0lGODlhAQABAAAAACH5BAEKAAEALAAAAAABAAEAAAICTAEAOw==\" alt=\"\" width=\"2560\" height=\"1333\" sizes=\"(max-width: 2560px) 100vw, 2560px\" data-src=\"data:image\/gif;base64,R0lGODlhAQABAAAAACH5BAEKAAEALAAAAAABAAEAAAICTAEAOw==\" data-srcset=\"\" srcset=\"\"><\/a><\/p>\n<p><a href=\"https:\/\/www.ghostysky.com\/wp-content\/uploads\/2026\/01\/GH_Agibot_G2_Prod_desc_1-scaled.jpg\"><img decoding=\"async\" class=\"alignnone wp-image-23906 size-full lazyload\" src=\"data:image\/gif;base64,R0lGODlhAQABAAAAACH5BAEKAAEALAAAAAABAAEAAAICTAEAOw==\" alt=\"\" width=\"1882\" height=\"2560\" sizes=\"(max-width: 1882px) 100vw, 1882px\" data-src=\"data:image\/gif;base64,R0lGODlhAQABAAAAACH5BAEKAAEALAAAAAABAAEAAAICTAEAOw==\" data-srcset=\"\" srcset=\"\"><\/a><\/p>\n<h3 data-path-to-node=\"9\">Principaux cas d&#039;utilisation<\/h3>\n<ol start=\"1\" data-path-to-node=\"10\">\n<li>\n<p data-path-to-node=\"10,0,0\"><b data-path-to-node=\"10,0,0\" data-index-in-node=\"0\">Fabrication:<\/b><span class=\"citation-377 citation-end-377\"> T\u00e2ches sur une cha\u00eene de montage, comme l&#039;insertion de barrettes de RAM dans des cartes m\u00e8res ou la manutention de pi\u00e8ces automobiles.<\/span><\/p>\n<\/li>\n<li>\n<p data-path-to-node=\"10,1,0\"><b data-path-to-node=\"10,1,0\" data-index-in-node=\"0\">Logistique:<\/b><span class=\"citation-376 citation-end-376\"> Tri et d\u00e9placement de colis de tailles diverses \u00e0 l&#039;aide des pinces de pr\u00e9hension \u00ab OmniHand \u00bb.<\/span><\/p>\n<\/li>\n<li>\n<p data-path-to-node=\"10,2,0\"><b data-path-to-node=\"10,2,0\" data-index-in-node=\"0\"><span class=\"citation-375\">Services interactifs\u00a0:<\/span><\/b><span class=\"citation-375 citation-end-375\"> Il agit comme un guide high-tech dans les mus\u00e9es ou les salles d&#039;exposition d&#039;entreprises, utilisant son interaction vocale multimodale et son langage corporel semblable \u00e0 celui d&#039;un humain.<\/span><\/p>\n<\/li>\n<li>\n<p data-path-to-node=\"10,3,0\"><b data-path-to-node=\"10,3,0\" data-index-in-node=\"0\">Recherche et d\u00e9veloppement :<\/b><span class=\"citation-374 citation-end-374\"> Elle sert de plateforme robuste aux universit\u00e9s et aux laboratoires d&#039;IA pour tester l&#039;intelligence incarn\u00e9e.<\/span><\/p>\n<\/li>\n<\/ol>","protected":false},"excerpt":{"rendered":"<p><span class=\"citation-388\">Le <\/span><b data-path-to-node=\"1\" data-index-in-node=\"4\"><span class=\"citation-388\">Agibot G2<\/span><\/b><span class=\"citation-388 citation-end-388\"> (\u00e9galement connu sous le nom de \u00ab G\u00e9nie \u00bb) est un robot humano\u00efde interactif de nouvelle g\u00e9n\u00e9ration, de qualit\u00e9 industrielle, con\u00e7u pour combler le foss\u00e9 entre la dext\u00e9rit\u00e9 humaine et la pr\u00e9cision robotique.<\/span> <span class=\"citation-387 citation-end-387\">Pr\u00e9sent\u00e9 comme une avanc\u00e9e majeure par rapport \u00e0 ses pr\u00e9d\u00e9cesseurs, le G2 est con\u00e7u pour g\u00e9rer des t\u00e2ches complexes et r\u00e9p\u00e9titives dans des environnements dynamiques tels que les ateliers de production, les centres logistiques et les salles d&#039;exposition commerciales.<\/span><\/p>","protected":false},"featured_media":23902,"comment_status":"open","ping_status":"closed","template":"","meta":[],"product_brand":[1345],"product_cat":[1342,1343,1038,1037],"product_tag":[1346,1354],"class_list":{"0":"post-23898","1":"product","2":"type-product","3":"status-publish","4":"has-post-thumbnail","6":"product_brand-agibot","7":"product_cat-agibot","8":"product_cat-agibot-robots","9":"product_cat-humanoid","10":"product_cat-robotics","11":"product_tag-agibot","12":"product_tag-agibot-genie-series","14":"first","15":"outofstock","16":"taxable","17":"shipping-taxable","18":"product-type-simple"},"yoast_head":"<!-- This site is optimized with the Yoast SEO plugin v27.1.1 - https:\/\/yoast.com\/product\/yoast-seo-wordpress\/ -->\n<title>Agibot G2 - Ghostysky<\/title>\n<meta name=\"description\" content=\"The Agibot G2 (also known as the &quot;Genie&quot;) is a next-generation, industrial-grade interactive humanoid robot designed to bridge the gap between human dexterity and robotic precision. Unveiled as a major leap from its predecessors, the G2 is built to handle complex, long-sequence tasks in dynamic environments like factory floors, logistics centers, and commercial showrooms.\" \/>\n<meta name=\"robots\" content=\"index, follow, max-snippet:-1, max-image-preview:large, max-video-preview:-1\" \/>\n<link rel=\"canonical\" href=\"https:\/\/www.ghostysky.com\/fr\/product\/agibot-g2\/\" \/>\n<meta property=\"og:locale\" content=\"fr_FR\" \/>\n<meta property=\"og:type\" content=\"article\" \/>\n<meta property=\"og:title\" content=\"Agibot G2 - Ghostysky\" \/>\n<meta property=\"og:description\" content=\"The Agibot G2 (also known as the &quot;Genie&quot;) is a next-generation, industrial-grade interactive humanoid robot designed to bridge the gap between human dexterity and robotic precision. Unveiled as a major leap from its predecessors, the G2 is built to handle complex, long-sequence tasks in dynamic environments like factory floors, logistics centers, and commercial showrooms.\" \/>\n<meta property=\"og:url\" content=\"https:\/\/www.ghostysky.com\/fr\/product\/agibot-g2\/\" \/>\n<meta property=\"og:site_name\" content=\"Ghostysky\" \/>\n<meta property=\"article:publisher\" content=\"https:\/\/www.facebook.com\/people\/Ghostysky\/100057676170234\/\" \/>\n<meta property=\"article:modified_time\" content=\"2026-01-27T08:55:18+00:00\" \/>\n<meta property=\"og:image\" content=\"https:\/\/www.ghostysky.com\/wp-content\/uploads\/2026\/01\/GH_Agibot_G2_1.png\" \/>\n\t<meta property=\"og:image:width\" content=\"467\" \/>\n\t<meta property=\"og:image:height\" content=\"855\" \/>\n\t<meta property=\"og:image:type\" content=\"image\/png\" \/>\n<meta name=\"twitter:card\" content=\"summary_large_image\" \/>\n<meta name=\"twitter:site\" content=\"@Gh0stysky\" \/>\n<meta name=\"twitter:label1\" content=\"Dur\u00e9e de lecture estim\u00e9e\" \/>\n\t<meta name=\"twitter:data1\" content=\"2 minutes\" \/>\n<script type=\"application\/ld+json\" class=\"yoast-schema-graph\">{\"@context\":\"https:\/\/schema.org\",\"@graph\":[{\"@type\":\"WebPage\",\"@id\":\"https:\/\/www.ghostysky.com\/product\/agibot-g2\/\",\"url\":\"https:\/\/www.ghostysky.com\/product\/agibot-g2\/\",\"name\":\"Agibot G2 - Ghostysky\",\"isPartOf\":{\"@id\":\"https:\/\/www.ghostysky.com\/#website\"},\"primaryImageOfPage\":{\"@id\":\"https:\/\/www.ghostysky.com\/product\/agibot-g2\/#primaryimage\"},\"image\":{\"@id\":\"https:\/\/www.ghostysky.com\/product\/agibot-g2\/#primaryimage\"},\"thumbnailUrl\":\"https:\/\/www.ghostysky.com\/wp-content\/uploads\/2026\/01\/GH_Agibot_G2_1.png\",\"datePublished\":\"2026-01-27T08:37:52+00:00\",\"dateModified\":\"2026-01-27T08:55:18+00:00\",\"description\":\"The Agibot G2 (also known as the \\\"Genie\\\") is a next-generation, industrial-grade interactive humanoid robot designed to bridge the gap between human dexterity and robotic precision. Unveiled as a major leap from its predecessors, the G2 is built to handle complex, long-sequence tasks in dynamic environments like factory floors, logistics centers, and commercial showrooms.\",\"breadcrumb\":{\"@id\":\"https:\/\/www.ghostysky.com\/product\/agibot-g2\/#breadcrumb\"},\"inLanguage\":\"fr-FR\",\"potentialAction\":[{\"@type\":\"ReadAction\",\"target\":[\"https:\/\/www.ghostysky.com\/product\/agibot-g2\/\"]}]},{\"@type\":\"ImageObject\",\"inLanguage\":\"fr-FR\",\"@id\":\"https:\/\/www.ghostysky.com\/product\/agibot-g2\/#primaryimage\",\"url\":\"https:\/\/www.ghostysky.com\/wp-content\/uploads\/2026\/01\/GH_Agibot_G2_1.png\",\"contentUrl\":\"https:\/\/www.ghostysky.com\/wp-content\/uploads\/2026\/01\/GH_Agibot_G2_1.png\",\"width\":467,\"height\":855},{\"@type\":\"BreadcrumbList\",\"@id\":\"https:\/\/www.ghostysky.com\/product\/agibot-g2\/#breadcrumb\",\"itemListElement\":[{\"@type\":\"ListItem\",\"position\":1,\"name\":\"Home\",\"item\":\"https:\/\/www.ghostysky.com\/\"},{\"@type\":\"ListItem\",\"position\":2,\"name\":\"Shop\",\"item\":\"https:\/\/www.ghostysky.com\/shop\/\"},{\"@type\":\"ListItem\",\"position\":3,\"name\":\"Agibot G2\"}]},{\"@type\":\"WebSite\",\"@id\":\"https:\/\/www.ghostysky.com\/#website\",\"url\":\"https:\/\/www.ghostysky.com\/\",\"name\":\"Ghostysky\",\"description\":\"Delivering professional drones and services\",\"publisher\":{\"@id\":\"https:\/\/www.ghostysky.com\/#organization\"},\"potentialAction\":[{\"@type\":\"SearchAction\",\"target\":{\"@type\":\"EntryPoint\",\"urlTemplate\":\"https:\/\/www.ghostysky.com\/?s={search_term_string}\"},\"query-input\":{\"@type\":\"PropertyValueSpecification\",\"valueRequired\":true,\"valueName\":\"search_term_string\"}}],\"inLanguage\":\"fr-FR\"},{\"@type\":\"Organization\",\"@id\":\"https:\/\/www.ghostysky.com\/#organization\",\"name\":\"Ghostysky\",\"url\":\"https:\/\/www.ghostysky.com\/\",\"logo\":{\"@type\":\"ImageObject\",\"inLanguage\":\"fr-FR\",\"@id\":\"https:\/\/www.ghostysky.com\/#\/schema\/logo\/image\/\",\"url\":\"https:\/\/www.ghostysky.com\/wp-content\/uploads\/2020\/06\/cropped-ghostyskylogo_text_white2.png\",\"contentUrl\":\"https:\/\/www.ghostysky.com\/wp-content\/uploads\/2020\/06\/cropped-ghostyskylogo_text_white2.png\",\"width\":169,\"height\":56,\"caption\":\"Ghostysky\"},\"image\":{\"@id\":\"https:\/\/www.ghostysky.com\/#\/schema\/logo\/image\/\"},\"sameAs\":[\"https:\/\/www.facebook.com\/people\/Ghostysky\/100057676170234\/\",\"https:\/\/x.com\/Gh0stysky\",\"https:\/\/www.linkedin.com\/company\/34739653\",\"https:\/\/www.instagram.com\/gh0stysky\"]}]}<\/script>\n<!-- \/ Yoast SEO plugin. -->","yoast_head_json":{"title":"Agibot G2 - Ghostysky","description":"L&#039;Agibot G2 (\u00e9galement connu sous le nom de \u00ab\u00a0G\u00e9nie\u00a0\u00bb) est un robot humano\u00efde interactif de nouvelle g\u00e9n\u00e9ration, con\u00e7u pour allier la dext\u00e9rit\u00e9 humaine \u00e0 la pr\u00e9cision robotique. Repr\u00e9sentant une avanc\u00e9e majeure par rapport \u00e0 ses pr\u00e9d\u00e9cesseurs, le G2 est capable de g\u00e9rer des t\u00e2ches complexes et r\u00e9p\u00e9titives dans des environnements dynamiques tels que les cha\u00eenes de production, les centres logistiques et les salles d&#039;exposition.","robots":{"index":"index","follow":"follow","max-snippet":"max-snippet:-1","max-image-preview":"max-image-preview:large","max-video-preview":"max-video-preview:-1"},"canonical":"https:\/\/www.ghostysky.com\/fr\/product\/agibot-g2\/","og_locale":"fr_FR","og_type":"article","og_title":"Agibot G2 - Ghostysky","og_description":"The Agibot G2 (also known as the \"Genie\") is a next-generation, industrial-grade interactive humanoid robot designed to bridge the gap between human dexterity and robotic precision. Unveiled as a major leap from its predecessors, the G2 is built to handle complex, long-sequence tasks in dynamic environments like factory floors, logistics centers, and commercial showrooms.","og_url":"https:\/\/www.ghostysky.com\/fr\/product\/agibot-g2\/","og_site_name":"Ghostysky","article_publisher":"https:\/\/www.facebook.com\/people\/Ghostysky\/100057676170234\/","article_modified_time":"2026-01-27T08:55:18+00:00","og_image":[{"width":467,"height":855,"url":"https:\/\/www.ghostysky.com\/wp-content\/uploads\/2026\/01\/GH_Agibot_G2_1.png","type":"image\/png"}],"twitter_card":"summary_large_image","twitter_site":"@Gh0stysky","twitter_misc":{"Dur\u00e9e de lecture estim\u00e9e":"2 minutes"},"schema":{"@context":"https:\/\/schema.org","@graph":[{"@type":"WebPage","@id":"https:\/\/www.ghostysky.com\/product\/agibot-g2\/","url":"https:\/\/www.ghostysky.com\/product\/agibot-g2\/","name":"Agibot G2 - Ghostysky","isPartOf":{"@id":"https:\/\/www.ghostysky.com\/#website"},"primaryImageOfPage":{"@id":"https:\/\/www.ghostysky.com\/product\/agibot-g2\/#primaryimage"},"image":{"@id":"https:\/\/www.ghostysky.com\/product\/agibot-g2\/#primaryimage"},"thumbnailUrl":"https:\/\/www.ghostysky.com\/wp-content\/uploads\/2026\/01\/GH_Agibot_G2_1.png","datePublished":"2026-01-27T08:37:52+00:00","dateModified":"2026-01-27T08:55:18+00:00","description":"L&#039;Agibot G2 (\u00e9galement connu sous le nom de \u00ab\u00a0G\u00e9nie\u00a0\u00bb) est un robot humano\u00efde interactif de nouvelle g\u00e9n\u00e9ration, con\u00e7u pour allier la dext\u00e9rit\u00e9 humaine \u00e0 la pr\u00e9cision robotique. Repr\u00e9sentant une avanc\u00e9e majeure par rapport \u00e0 ses pr\u00e9d\u00e9cesseurs, le G2 est capable de g\u00e9rer des t\u00e2ches complexes et r\u00e9p\u00e9titives dans des environnements dynamiques tels que les cha\u00eenes de production, les centres logistiques et les salles d&#039;exposition.","breadcrumb":{"@id":"https:\/\/www.ghostysky.com\/product\/agibot-g2\/#breadcrumb"},"inLanguage":"fr-FR","potentialAction":[{"@type":"ReadAction","target":["https:\/\/www.ghostysky.com\/product\/agibot-g2\/"]}]},{"@type":"ImageObject","inLanguage":"fr-FR","@id":"https:\/\/www.ghostysky.com\/product\/agibot-g2\/#primaryimage","url":"https:\/\/www.ghostysky.com\/wp-content\/uploads\/2026\/01\/GH_Agibot_G2_1.png","contentUrl":"https:\/\/www.ghostysky.com\/wp-content\/uploads\/2026\/01\/GH_Agibot_G2_1.png","width":467,"height":855},{"@type":"BreadcrumbList","@id":"https:\/\/www.ghostysky.com\/product\/agibot-g2\/#breadcrumb","itemListElement":[{"@type":"ListItem","position":1,"name":"Home","item":"https:\/\/www.ghostysky.com\/"},{"@type":"ListItem","position":2,"name":"Shop","item":"https:\/\/www.ghostysky.com\/shop\/"},{"@type":"ListItem","position":3,"name":"Agibot G2"}]},{"@type":"WebSite","@id":"https:\/\/www.ghostysky.com\/#website","url":"https:\/\/www.ghostysky.com\/","name":"Ghostysky","description":"Livraison de drones et de services professionnels","publisher":{"@id":"https:\/\/www.ghostysky.com\/#organization"},"potentialAction":[{"@type":"SearchAction","target":{"@type":"EntryPoint","urlTemplate":"https:\/\/www.ghostysky.com\/?s={search_term_string}"},"query-input":{"@type":"PropertyValueSpecification","valueRequired":true,"valueName":"search_term_string"}}],"inLanguage":"fr-FR"},{"@type":"Organization","@id":"https:\/\/www.ghostysky.com\/#organization","name":"Ghostysky","url":"https:\/\/www.ghostysky.com\/","logo":{"@type":"ImageObject","inLanguage":"fr-FR","@id":"https:\/\/www.ghostysky.com\/#\/schema\/logo\/image\/","url":"https:\/\/www.ghostysky.com\/wp-content\/uploads\/2020\/06\/cropped-ghostyskylogo_text_white2.png","contentUrl":"https:\/\/www.ghostysky.com\/wp-content\/uploads\/2020\/06\/cropped-ghostyskylogo_text_white2.png","width":169,"height":56,"caption":"Ghostysky"},"image":{"@id":"https:\/\/www.ghostysky.com\/#\/schema\/logo\/image\/"},"sameAs":["https:\/\/www.facebook.com\/people\/Ghostysky\/100057676170234\/","https:\/\/x.com\/Gh0stysky","https:\/\/www.linkedin.com\/company\/34739653","https:\/\/www.instagram.com\/gh0stysky"]}]}},"_links":{"self":[{"href":"https:\/\/www.ghostysky.com\/fr\/wp-json\/wp\/v2\/product\/23898","targetHints":{"allow":["GET"]}}],"collection":[{"href":"https:\/\/www.ghostysky.com\/fr\/wp-json\/wp\/v2\/product"}],"about":[{"href":"https:\/\/www.ghostysky.com\/fr\/wp-json\/wp\/v2\/types\/product"}],"replies":[{"embeddable":true,"href":"https:\/\/www.ghostysky.com\/fr\/wp-json\/wp\/v2\/comments?post=23898"}],"wp:featuredmedia":[{"embeddable":true,"href":"https:\/\/www.ghostysky.com\/fr\/wp-json\/wp\/v2\/media\/23902"}],"wp:attachment":[{"href":"https:\/\/www.ghostysky.com\/fr\/wp-json\/wp\/v2\/media?parent=23898"}],"wp:term":[{"taxonomy":"product_brand","embeddable":true,"href":"https:\/\/www.ghostysky.com\/fr\/wp-json\/wp\/v2\/product_brand?post=23898"},{"taxonomy":"product_cat","embeddable":true,"href":"https:\/\/www.ghostysky.com\/fr\/wp-json\/wp\/v2\/product_cat?post=23898"},{"taxonomy":"product_tag","embeddable":true,"href":"https:\/\/www.ghostysky.com\/fr\/wp-json\/wp\/v2\/product_tag?post=23898"}],"curies":[{"name":"wp","href":"https:\/\/api.w.org\/{rel}","templated":true}]}}