{"id":23911,"date":"2026-01-27T09:04:51","date_gmt":"2026-01-27T09:04:51","guid":{"rendered":"https:\/\/www.ghostysky.com\/?post_type=product&#038;p=23911"},"modified":"2026-01-27T09:19:58","modified_gmt":"2026-01-27T09:19:58","slug":"agibot-g1","status":"publish","type":"product","link":"https:\/\/www.ghostysky.com\/fr\/product\/agibot-g1\/","title":{"rendered":"Agibot G1"},"content":{"rendered":"<h3 data-path-to-node=\"3\">Caract\u00e9ristiques principales et conception<\/h3>\n<p data-path-to-node=\"4\"><span class=\"citation-416\">Le G1 n&#039;est pas qu&#039;un simple appareil de marche ; c&#039;est un mat\u00e9riel sophistiqu\u00e9 con\u00e7u pour <\/span><b data-path-to-node=\"4\" data-index-in-node=\"89\"><span class=\"citation-416\">performances dynamiques \u00e9lev\u00e9es<\/span><\/b><span class=\"citation-416 citation-end-416\"> et la modularit\u00e9.<\/span><\/p>\n<ul data-path-to-node=\"5\">\n<li>\n<p data-path-to-node=\"5,0,0\"><b data-path-to-node=\"5,0,0\" data-index-in-node=\"0\">Proportions centr\u00e9es sur l&#039;humain :<\/b><span class=\"citation-415 citation-end-415\"> D&#039;une hauteur correspondant \u00e0 celle d&#039;un \u00eatre humain moyen, le G1 est con\u00e7u pour \u00e9voluer dans des environnements con\u00e7us pour les personnes, des couloirs de bureaux aux ateliers d&#039;usine.<\/span><\/p>\n<\/li>\n<li>\n<p data-path-to-node=\"5,1,0\"><b data-path-to-node=\"5,1,0\" data-index-in-node=\"0\">Architecture modulaire :<\/b> Le robot pr\u00e9sente une conception hautement modulaire, permettant des r\u00e9parations rapides ou l&#039;ajout de membres sp\u00e9cialis\u00e9s en fonction de la t\u00e2che \u00e0 accomplir.<\/p>\n<\/li>\n<li>\n<p data-path-to-node=\"5,2,0\"><b data-path-to-node=\"5,2,0\" data-index-in-node=\"0\"><span class=\"citation-414\">Actionnement avanc\u00e9\u00a0:<\/span><\/b><span class=\"citation-414 citation-end-414\"> Dot\u00e9 de moteurs articulaires \u00e0 couple \u00e9lev\u00e9 exclusifs, le G1 peut effectuer des mouvements fluides et semblables \u00e0 ceux d&#039;un humain avec une stabilit\u00e9 et une vitesse impressionnantes.<\/span><\/p>\n<\/li>\n<\/ul>\n<h3 data-path-to-node=\"6\">Intelligence et perception<\/h3>\n<p data-path-to-node=\"7\"><span class=\"citation-413 citation-end-413\">Au c\u0153ur de l&#039;Agibot G1 se trouve un \u00ab cerveau IA \u00bb capable de comprendre et de r\u00e9agir \u00e0 son environnement en temps r\u00e9el.<\/span><\/p>\n<ul data-path-to-node=\"8\">\n<li>\n<p data-path-to-node=\"8,0,0\"><b data-path-to-node=\"8,0,0\" data-index-in-node=\"0\">EI (Intelligence Incarn\u00e9e) :<\/b><span class=\"citation-412 citation-end-412\"> Contrairement aux chatbots classiques, le G1 utilise une IA incarn\u00e9e pour percevoir le monde physique, ce qui lui permet de manipuler des objets avec pr\u00e9cision et d&#039;apprendre de nouvelles t\u00e2ches par l&#039;observation.<\/span><\/p>\n<\/li>\n<li>\n<p data-path-to-node=\"8,1,0\"><b data-path-to-node=\"8,1,0\" data-index-in-node=\"0\">SLAM et suite sensorielle\u00a0:<\/b> Gr\u00e2ce \u00e0 une combinaison de LiDAR, de cam\u00e9ras de profondeur et de microphones haute fid\u00e9lit\u00e9, le G1 conserve une conscience \u00e0 360 degr\u00e9s de son environnement, garantissant un fonctionnement s\u00fbr \u00e0 proximit\u00e9 des personnes.<\/p>\n<\/li>\n<\/ul>\n<h3 data-path-to-node=\"9\">Sp\u00e9cifications techniques<\/h3>\n<table data-path-to-node=\"10\">\n<thead>\n<tr>\n<td><strong>Fonctionnalit\u00e9<\/strong><\/td>\n<td><strong>Sp\u00e9cification<\/strong><\/td>\n<\/tr>\n<\/thead>\n<tbody>\n<tr>\n<td><span data-path-to-node=\"10,1,0,0\"><b data-path-to-node=\"10,1,0,0\" data-index-in-node=\"0\">Hauteur<\/b><\/span><\/td>\n<td><span data-path-to-node=\"10,1,1,0\">Environ 130 cm \u2013 180 cm<\/span><\/td>\n<\/tr>\n<tr>\n<td><span data-path-to-node=\"10,2,0,0\"><b data-path-to-node=\"10,2,0,0\" data-index-in-node=\"0\">Poids<\/b><\/span><\/td>\n<td><span data-path-to-node=\"10,2,1,0\">~150 kg<\/span><\/td>\n<\/tr>\n<tr>\n<td><span data-path-to-node=\"10,3,0,0\"><b data-path-to-node=\"10,3,0,0\" data-index-in-node=\"0\">Port\u00e9e<\/b><\/span><\/td>\n<td><span data-path-to-node=\"10,3,1,0\">70 cm<\/span><\/td>\n<\/tr>\n<tr>\n<td><span data-path-to-node=\"10,4,0,0\"><b data-path-to-node=\"10,4,0,0\" data-index-in-node=\"0\">Facteur final<\/b><\/span><\/td>\n<td><span data-path-to-node=\"10,4,1,0\">6 degr\u00e9s de libert\u00e9<\/span><\/td>\n<\/tr>\n<tr>\n<td><span data-path-to-node=\"10,5,0,0\"><b data-path-to-node=\"10,5,0,0\" data-index-in-node=\"0\">DOF (hors facteur d&#039;extr\u00e9mit\u00e9)<\/b><\/span><\/td>\n<td><span data-path-to-node=\"10,5,1,0\">20 degr\u00e9s de libert\u00e9<\/span><\/td>\n<\/tr>\n<tr>\n<td><span data-path-to-node=\"10,6,0,0\"><b data-path-to-node=\"10,6,0,0\" data-index-in-node=\"0\">Plateforme informatique<\/b><\/span><\/td>\n<td><span data-path-to-node=\"10,6,1,0\">Jetson AGX Orin 64 Go<\/span><\/td>\n<\/tr>\n<\/tbody>\n<\/table>\n<p>&nbsp;<\/p>\n<h3 data-path-to-node=\"12\">Pourquoi le G1 est important<\/h3>\n<p data-path-to-node=\"13\">L&#039;Agibot G1 est positionn\u00e9 comme un <b data-path-to-node=\"13\" data-index-in-node=\"33\">rentable<\/b> Agibot, concurrent sur le march\u00e9 des humano\u00efdes, mise sur la \u00ab\u00a0fabrication intelligente\u00a0\u00bb et l\u2019optimisation de la cha\u00eene d\u2019approvisionnement pour r\u00e9duire consid\u00e9rablement les prix et rendre possible un d\u00e9ploiement \u00e0 grande \u00e9chelle dans la logistique, la manutention de mati\u00e8res dangereuses et les soins aux personnes \u00e2g\u00e9es, au lieu de le consid\u00e9rer comme un r\u00eave de science-fiction.<\/p>","protected":false},"excerpt":{"rendered":"<p><span class=\"citation-418\">Le <\/span><b data-path-to-node=\"1\" data-index-in-node=\"4\"><span class=\"citation-418\">Agibot G1<\/span><\/b><span class=\"citation-418 citation-end-418\"> (Faisant partie de la s\u00e9rie \u00ab Great \u00bb) repr\u00e9sente un bond en avant consid\u00e9rable dans le domaine de la robotique, passant de prototypes de laboratoire exp\u00e9rimentaux \u00e0 un humano\u00efde pratique, \u00ab pr\u00eat pour la production de masse \u00bb.<\/span> <span class=\"citation-417 citation-end-417\">Con\u00e7u par Agibot, l&#039;entreprise fond\u00e9e par Peng Zhihui, ancien \u00ab jeune prodige \u00bb de Huawei, ce robot est con\u00e7u pour combler le foss\u00e9 entre l&#039;efficacit\u00e9 industrielle et la polyvalence des services \u00e0 domicile.<\/span><\/p>","protected":false},"featured_media":23913,"comment_status":"open","ping_status":"closed","template":"","meta":[],"product_brand":[1345],"product_cat":[1342,1343,1038,1037],"product_tag":[1346,1354],"class_list":{"0":"post-23911","1":"product","2":"type-product","3":"status-publish","4":"has-post-thumbnail","6":"product_brand-agibot","7":"product_cat-agibot","8":"product_cat-agibot-robots","9":"product_cat-humanoid","10":"product_cat-robotics","11":"product_tag-agibot","12":"product_tag-agibot-genie-series","14":"first","15":"outofstock","16":"taxable","17":"shipping-taxable","18":"product-type-simple"},"yoast_head":"<!-- This site is optimized with the Yoast SEO plugin v27.1.1 - https:\/\/yoast.com\/product\/yoast-seo-wordpress\/ -->\n<title>Agibot G1 - Ghostysky<\/title>\n<meta name=\"description\" content=\"The Agibot G1 (part of the &quot;Great&quot; series) represents a massive leap forward in robotics, transitioning from experimental lab prototypes to a practical, &quot;mass-production ready&quot; humanoid. Designed by Agibot\u2014the firm founded by former Huawei &quot;genius youth&quot; Peng Zhihui\u2014this robot is built to bridge the gap between industrial efficiency and home-service versatility.\" \/>\n<meta name=\"robots\" content=\"index, follow, max-snippet:-1, max-image-preview:large, max-video-preview:-1\" \/>\n<link rel=\"canonical\" href=\"https:\/\/www.ghostysky.com\/fr\/product\/agibot-g1\/\" \/>\n<meta property=\"og:locale\" content=\"fr_FR\" \/>\n<meta property=\"og:type\" content=\"article\" \/>\n<meta property=\"og:title\" content=\"Agibot G1 - Ghostysky\" \/>\n<meta property=\"og:description\" content=\"The Agibot G1 (part of the &quot;Great&quot; series) represents a massive leap forward in robotics, transitioning from experimental lab prototypes to a practical, &quot;mass-production ready&quot; humanoid. Designed by Agibot\u2014the firm founded by former Huawei &quot;genius youth&quot; Peng Zhihui\u2014this robot is built to bridge the gap between industrial efficiency and home-service versatility.\" \/>\n<meta property=\"og:url\" content=\"https:\/\/www.ghostysky.com\/fr\/product\/agibot-g1\/\" \/>\n<meta property=\"og:site_name\" content=\"Ghostysky\" \/>\n<meta property=\"article:publisher\" content=\"https:\/\/www.facebook.com\/people\/Ghostysky\/100057676170234\/\" \/>\n<meta property=\"article:modified_time\" content=\"2026-01-27T09:19:58+00:00\" \/>\n<meta property=\"og:image\" content=\"https:\/\/www.ghostysky.com\/wp-content\/uploads\/2026\/01\/GH_Agibot_G1_4.webp\" \/>\n\t<meta property=\"og:image:width\" content=\"1200\" \/>\n\t<meta property=\"og:image:height\" content=\"1200\" \/>\n\t<meta property=\"og:image:type\" content=\"image\/webp\" \/>\n<meta name=\"twitter:card\" content=\"summary_large_image\" \/>\n<meta name=\"twitter:site\" content=\"@Gh0stysky\" \/>\n<meta name=\"twitter:label1\" content=\"Dur\u00e9e de lecture estim\u00e9e\" \/>\n\t<meta name=\"twitter:data1\" content=\"2 minutes\" \/>\n<script type=\"application\/ld+json\" class=\"yoast-schema-graph\">{\"@context\":\"https:\/\/schema.org\",\"@graph\":[{\"@type\":\"WebPage\",\"@id\":\"https:\/\/www.ghostysky.com\/product\/agibot-g1\/\",\"url\":\"https:\/\/www.ghostysky.com\/product\/agibot-g1\/\",\"name\":\"Agibot G1 - Ghostysky\",\"isPartOf\":{\"@id\":\"https:\/\/www.ghostysky.com\/#website\"},\"primaryImageOfPage\":{\"@id\":\"https:\/\/www.ghostysky.com\/product\/agibot-g1\/#primaryimage\"},\"image\":{\"@id\":\"https:\/\/www.ghostysky.com\/product\/agibot-g1\/#primaryimage\"},\"thumbnailUrl\":\"https:\/\/www.ghostysky.com\/wp-content\/uploads\/2026\/01\/GH_Agibot_G1_4.webp\",\"datePublished\":\"2026-01-27T09:04:51+00:00\",\"dateModified\":\"2026-01-27T09:19:58+00:00\",\"description\":\"The Agibot G1 (part of the \\\"Great\\\" series) represents a massive leap forward in robotics, transitioning from experimental lab prototypes to a practical, \\\"mass-production ready\\\" humanoid. Designed by Agibot\u2014the firm founded by former Huawei \\\"genius youth\\\" Peng Zhihui\u2014this robot is built to bridge the gap between industrial efficiency and home-service versatility.\",\"breadcrumb\":{\"@id\":\"https:\/\/www.ghostysky.com\/product\/agibot-g1\/#breadcrumb\"},\"inLanguage\":\"fr-FR\",\"potentialAction\":[{\"@type\":\"ReadAction\",\"target\":[\"https:\/\/www.ghostysky.com\/product\/agibot-g1\/\"]}]},{\"@type\":\"ImageObject\",\"inLanguage\":\"fr-FR\",\"@id\":\"https:\/\/www.ghostysky.com\/product\/agibot-g1\/#primaryimage\",\"url\":\"https:\/\/www.ghostysky.com\/wp-content\/uploads\/2026\/01\/GH_Agibot_G1_4.webp\",\"contentUrl\":\"https:\/\/www.ghostysky.com\/wp-content\/uploads\/2026\/01\/GH_Agibot_G1_4.webp\",\"width\":1200,\"height\":1200},{\"@type\":\"BreadcrumbList\",\"@id\":\"https:\/\/www.ghostysky.com\/product\/agibot-g1\/#breadcrumb\",\"itemListElement\":[{\"@type\":\"ListItem\",\"position\":1,\"name\":\"Home\",\"item\":\"https:\/\/www.ghostysky.com\/\"},{\"@type\":\"ListItem\",\"position\":2,\"name\":\"Shop\",\"item\":\"https:\/\/www.ghostysky.com\/shop\/\"},{\"@type\":\"ListItem\",\"position\":3,\"name\":\"Agibot G1\"}]},{\"@type\":\"WebSite\",\"@id\":\"https:\/\/www.ghostysky.com\/#website\",\"url\":\"https:\/\/www.ghostysky.com\/\",\"name\":\"Ghostysky\",\"description\":\"Delivering professional drones and services\",\"publisher\":{\"@id\":\"https:\/\/www.ghostysky.com\/#organization\"},\"potentialAction\":[{\"@type\":\"SearchAction\",\"target\":{\"@type\":\"EntryPoint\",\"urlTemplate\":\"https:\/\/www.ghostysky.com\/?s={search_term_string}\"},\"query-input\":{\"@type\":\"PropertyValueSpecification\",\"valueRequired\":true,\"valueName\":\"search_term_string\"}}],\"inLanguage\":\"fr-FR\"},{\"@type\":\"Organization\",\"@id\":\"https:\/\/www.ghostysky.com\/#organization\",\"name\":\"Ghostysky\",\"url\":\"https:\/\/www.ghostysky.com\/\",\"logo\":{\"@type\":\"ImageObject\",\"inLanguage\":\"fr-FR\",\"@id\":\"https:\/\/www.ghostysky.com\/#\/schema\/logo\/image\/\",\"url\":\"https:\/\/www.ghostysky.com\/wp-content\/uploads\/2020\/06\/cropped-ghostyskylogo_text_white2.png\",\"contentUrl\":\"https:\/\/www.ghostysky.com\/wp-content\/uploads\/2020\/06\/cropped-ghostyskylogo_text_white2.png\",\"width\":169,\"height\":56,\"caption\":\"Ghostysky\"},\"image\":{\"@id\":\"https:\/\/www.ghostysky.com\/#\/schema\/logo\/image\/\"},\"sameAs\":[\"https:\/\/www.facebook.com\/people\/Ghostysky\/100057676170234\/\",\"https:\/\/x.com\/Gh0stysky\",\"https:\/\/www.linkedin.com\/company\/34739653\",\"https:\/\/www.instagram.com\/gh0stysky\"]}]}<\/script>\n<!-- \/ Yoast SEO plugin. -->","yoast_head_json":{"title":"Agibot G1 - Ghostysky","description":"L&#039;Agibot G1 (de la s\u00e9rie \u00ab\u00a0Great\u00a0\u00bb) repr\u00e9sente une avanc\u00e9e majeure en robotique, passant des prototypes de laboratoire \u00e0 un humano\u00efde pratique, pr\u00eat pour la production en s\u00e9rie. Con\u00e7u par Agibot, l&#039;entreprise fond\u00e9e par Peng Zhihui, ancien \u00ab\u00a0jeune prodige\u00a0\u00bb de Huawei, ce robot vise \u00e0 concilier efficacit\u00e9 industrielle et polyvalence pour les services \u00e0 domicile.","robots":{"index":"index","follow":"follow","max-snippet":"max-snippet:-1","max-image-preview":"max-image-preview:large","max-video-preview":"max-video-preview:-1"},"canonical":"https:\/\/www.ghostysky.com\/fr\/product\/agibot-g1\/","og_locale":"fr_FR","og_type":"article","og_title":"Agibot G1 - Ghostysky","og_description":"The Agibot G1 (part of the \"Great\" series) represents a massive leap forward in robotics, transitioning from experimental lab prototypes to a practical, \"mass-production ready\" humanoid. Designed by Agibot\u2014the firm founded by former Huawei \"genius youth\" Peng Zhihui\u2014this robot is built to bridge the gap between industrial efficiency and home-service versatility.","og_url":"https:\/\/www.ghostysky.com\/fr\/product\/agibot-g1\/","og_site_name":"Ghostysky","article_publisher":"https:\/\/www.facebook.com\/people\/Ghostysky\/100057676170234\/","article_modified_time":"2026-01-27T09:19:58+00:00","og_image":[{"width":1200,"height":1200,"url":"https:\/\/www.ghostysky.com\/wp-content\/uploads\/2026\/01\/GH_Agibot_G1_4.webp","type":"image\/webp"}],"twitter_card":"summary_large_image","twitter_site":"@Gh0stysky","twitter_misc":{"Dur\u00e9e de lecture estim\u00e9e":"2 minutes"},"schema":{"@context":"https:\/\/schema.org","@graph":[{"@type":"WebPage","@id":"https:\/\/www.ghostysky.com\/product\/agibot-g1\/","url":"https:\/\/www.ghostysky.com\/product\/agibot-g1\/","name":"Agibot G1 - Ghostysky","isPartOf":{"@id":"https:\/\/www.ghostysky.com\/#website"},"primaryImageOfPage":{"@id":"https:\/\/www.ghostysky.com\/product\/agibot-g1\/#primaryimage"},"image":{"@id":"https:\/\/www.ghostysky.com\/product\/agibot-g1\/#primaryimage"},"thumbnailUrl":"https:\/\/www.ghostysky.com\/wp-content\/uploads\/2026\/01\/GH_Agibot_G1_4.webp","datePublished":"2026-01-27T09:04:51+00:00","dateModified":"2026-01-27T09:19:58+00:00","description":"L&#039;Agibot G1 (de la s\u00e9rie \u00ab\u00a0Great\u00a0\u00bb) repr\u00e9sente une avanc\u00e9e majeure en robotique, passant des prototypes de laboratoire \u00e0 un humano\u00efde pratique, pr\u00eat pour la production en s\u00e9rie. Con\u00e7u par Agibot, l&#039;entreprise fond\u00e9e par Peng Zhihui, ancien \u00ab\u00a0jeune prodige\u00a0\u00bb de Huawei, ce robot vise \u00e0 concilier efficacit\u00e9 industrielle et polyvalence pour les services \u00e0 domicile.","breadcrumb":{"@id":"https:\/\/www.ghostysky.com\/product\/agibot-g1\/#breadcrumb"},"inLanguage":"fr-FR","potentialAction":[{"@type":"ReadAction","target":["https:\/\/www.ghostysky.com\/product\/agibot-g1\/"]}]},{"@type":"ImageObject","inLanguage":"fr-FR","@id":"https:\/\/www.ghostysky.com\/product\/agibot-g1\/#primaryimage","url":"https:\/\/www.ghostysky.com\/wp-content\/uploads\/2026\/01\/GH_Agibot_G1_4.webp","contentUrl":"https:\/\/www.ghostysky.com\/wp-content\/uploads\/2026\/01\/GH_Agibot_G1_4.webp","width":1200,"height":1200},{"@type":"BreadcrumbList","@id":"https:\/\/www.ghostysky.com\/product\/agibot-g1\/#breadcrumb","itemListElement":[{"@type":"ListItem","position":1,"name":"Home","item":"https:\/\/www.ghostysky.com\/"},{"@type":"ListItem","position":2,"name":"Shop","item":"https:\/\/www.ghostysky.com\/shop\/"},{"@type":"ListItem","position":3,"name":"Agibot G1"}]},{"@type":"WebSite","@id":"https:\/\/www.ghostysky.com\/#website","url":"https:\/\/www.ghostysky.com\/","name":"Ghostysky","description":"Livraison de drones et de services professionnels","publisher":{"@id":"https:\/\/www.ghostysky.com\/#organization"},"potentialAction":[{"@type":"SearchAction","target":{"@type":"EntryPoint","urlTemplate":"https:\/\/www.ghostysky.com\/?s={search_term_string}"},"query-input":{"@type":"PropertyValueSpecification","valueRequired":true,"valueName":"search_term_string"}}],"inLanguage":"fr-FR"},{"@type":"Organization","@id":"https:\/\/www.ghostysky.com\/#organization","name":"Ghostysky","url":"https:\/\/www.ghostysky.com\/","logo":{"@type":"ImageObject","inLanguage":"fr-FR","@id":"https:\/\/www.ghostysky.com\/#\/schema\/logo\/image\/","url":"https:\/\/www.ghostysky.com\/wp-content\/uploads\/2020\/06\/cropped-ghostyskylogo_text_white2.png","contentUrl":"https:\/\/www.ghostysky.com\/wp-content\/uploads\/2020\/06\/cropped-ghostyskylogo_text_white2.png","width":169,"height":56,"caption":"Ghostysky"},"image":{"@id":"https:\/\/www.ghostysky.com\/#\/schema\/logo\/image\/"},"sameAs":["https:\/\/www.facebook.com\/people\/Ghostysky\/100057676170234\/","https:\/\/x.com\/Gh0stysky","https:\/\/www.linkedin.com\/company\/34739653","https:\/\/www.instagram.com\/gh0stysky"]}]}},"_links":{"self":[{"href":"https:\/\/www.ghostysky.com\/fr\/wp-json\/wp\/v2\/product\/23911","targetHints":{"allow":["GET"]}}],"collection":[{"href":"https:\/\/www.ghostysky.com\/fr\/wp-json\/wp\/v2\/product"}],"about":[{"href":"https:\/\/www.ghostysky.com\/fr\/wp-json\/wp\/v2\/types\/product"}],"replies":[{"embeddable":true,"href":"https:\/\/www.ghostysky.com\/fr\/wp-json\/wp\/v2\/comments?post=23911"}],"wp:featuredmedia":[{"embeddable":true,"href":"https:\/\/www.ghostysky.com\/fr\/wp-json\/wp\/v2\/media\/23913"}],"wp:attachment":[{"href":"https:\/\/www.ghostysky.com\/fr\/wp-json\/wp\/v2\/media?parent=23911"}],"wp:term":[{"taxonomy":"product_brand","embeddable":true,"href":"https:\/\/www.ghostysky.com\/fr\/wp-json\/wp\/v2\/product_brand?post=23911"},{"taxonomy":"product_cat","embeddable":true,"href":"https:\/\/www.ghostysky.com\/fr\/wp-json\/wp\/v2\/product_cat?post=23911"},{"taxonomy":"product_tag","embeddable":true,"href":"https:\/\/www.ghostysky.com\/fr\/wp-json\/wp\/v2\/product_tag?post=23911"}],"curies":[{"name":"wp","href":"https:\/\/api.w.org\/{rel}","templated":true}]}}