{"id":23938,"date":"2026-02-02T07:34:00","date_gmt":"2026-02-02T07:34:00","guid":{"rendered":"https:\/\/www.ghostysky.com\/?post_type=product&#038;p=23938"},"modified":"2026-02-02T07:59:11","modified_gmt":"2026-02-02T07:59:11","slug":"agibot-d1-edu","status":"publish","type":"product","link":"https:\/\/www.ghostysky.com\/fr\/product\/agibot-d1-edu\/","title":{"rendered":"Agibot D1 \u00c9ducation"},"content":{"rendered":"<h3 data-path-to-node=\"3\"><b data-path-to-node=\"3\" data-index-in-node=\"0\">Pr\u00e9sentation du produit<\/b><\/h3>\n<p data-path-to-node=\"4\"><span class=\"citation-55 citation-end-55\">L&#039;Agibot D1 Edu fait office de \u00ab pionnier de l&#039;intelligence \u00bb polyvalent dans l&#039;espace quadrup\u00e8de.<\/span> Tandis que son fr\u00e8re, le <i data-path-to-node=\"4\" data-index-in-node=\"110\">D1 Ultra<\/i>, se concentre sur la s\u00e9curit\u00e9 et l&#039;inspection industrielles, le <b data-path-to-node=\"4\" data-index-in-node=\"171\">\u00c9ducation<\/b> Cette version est con\u00e7ue sur mesure pour les universit\u00e9s et les laboratoires d&#039;IA. <span class=\"citation-54 citation-end-54\">Elle pr\u00e9sente une conception modulaire qui permet l&#039;ajout facile de mat\u00e9riel comme des modules LiDAR et RTK, ce qui en fait une plateforme robuste pour tester l&#039;apprentissage par renforcement (RL) et les algorithmes de navigation autonome.<\/span><\/p>\n<h3 data-path-to-node=\"5\"><b data-path-to-node=\"5\" data-index-in-node=\"0\">Principales caract\u00e9ristiques<\/b><\/h3>\n<ul data-path-to-node=\"6\">\n<li>\n<p data-path-to-node=\"6,0,0\"><b data-path-to-node=\"6,0,0\" data-index-in-node=\"0\"><span class=\"citation-53\">Apprentissage par renforcement\u00a0: le cerveau<\/span><\/b><span class=\"citation-53 citation-end-53\"> Gr\u00e2ce aux algorithmes de contr\u00f4le de mouvement propri\u00e9taires d&#039;Agibot, le D1 Edu peut s&#039;adapter de mani\u00e8re autonome \u00e0 des terrains complexes, y compris des pentes de 30\u00b0 et des escaliers de 16 cm de haut.<\/span><\/p>\n<\/li>\n<li>\n<p data-path-to-node=\"6,1,0\"><b data-path-to-node=\"6,1,0\" data-index-in-node=\"0\"><span class=\"citation-52\">Locomotion agile :<\/span><\/b><span class=\"citation-52 citation-end-52\"> Capable de courir \u00e0 grande vitesse (jusqu&#039;\u00e0 3,5 m\/s), de sauter et m\u00eame d&#039;effectuer des saltos arri\u00e8re, d\u00e9montrant un \u00e9quilibre et une stabilit\u00e9 dynamique exceptionnels.<\/span><\/p>\n<\/li>\n<li>\n<p data-path-to-node=\"6,2,0\"><b data-path-to-node=\"6,2,0\" data-index-in-node=\"0\">Soutien au d\u00e9veloppement secondaire :<\/b> Contrairement aux chiens robots destin\u00e9s au grand public, la version Edu offre des ports d&#039;extension ouverts (Ethernet, USB, UART, SBUS) et une compatibilit\u00e9 logicielle permettant aux chercheurs de d\u00e9ployer leurs propres mod\u00e8les d&#039;IA.<\/p>\n<\/li>\n<li>\n<p data-path-to-node=\"6,3,0\"><b data-path-to-node=\"6,3,0\" data-index-in-node=\"0\"><span class=\"citation-51\">Conception robuste :<\/span><\/b><span class=\"citation-51\"> Il dispose d&#039;un <\/span><b data-path-to-node=\"6,3,0\" data-index-in-node=\"30\"><span class=\"citation-51\">Indice de protection IP54<\/span><\/b><span class=\"citation-51 citation-end-51\">, ce qui le rend r\u00e9sistant \u00e0 la poussi\u00e8re et aux \u00e9claboussures d&#039;eau, convenant aussi bien aux environnements de laboratoire int\u00e9rieurs qu&#039;aux essais sur le terrain en ext\u00e9rieur.<\/span><\/p>\n<p>&nbsp;<\/li>\n<\/ul>\n<h3 data-path-to-node=\"8\"><b data-path-to-node=\"8\" data-index-in-node=\"0\">Sp\u00e9cifications techniques<\/b><\/h3>\n<table data-path-to-node=\"9\">\n<thead>\n<tr>\n<td><strong>Fonctionnalit\u00e9<\/strong><\/td>\n<td><strong>Sp\u00e9cification<\/strong><\/td>\n<\/tr>\n<\/thead>\n<tbody>\n<tr>\n<td><span data-path-to-node=\"9,1,0,0\"><b data-path-to-node=\"9,1,0,0\" data-index-in-node=\"0\">Vitesse maximale<\/b><\/span><\/td>\n<td><span data-path-to-node=\"9,1,1,0\">3,5 m\/s (environ 12,6 km\/h)<\/span><\/td>\n<\/tr>\n<tr>\n<td><span data-path-to-node=\"9,2,0,0\"><b data-path-to-node=\"9,2,0,0\" data-index-in-node=\"0\">Capacit\u00e9 de charge utile<\/b><\/span><\/td>\n<td><span data-path-to-node=\"9,2,1,0\">5 kg (en continu) \/ Jusqu&#039;\u00e0 10 kg (maximum)<\/span><\/td>\n<\/tr>\n<tr>\n<td><span data-path-to-node=\"9,3,0,0\"><b data-path-to-node=\"9,3,0,0\" data-index-in-node=\"0\">Endurance<\/b><\/span><\/td>\n<td><span data-path-to-node=\"9,3,1,0\">1 \u00e0 2 heures (batterie interchangeable)<\/span><\/td>\n<\/tr>\n<tr>\n<td><span data-path-to-node=\"9,4,0,0\"><b data-path-to-node=\"9,4,0,0\" data-index-in-node=\"0\">Capacit\u00e9 de terrain<\/b><\/span><\/td>\n<td><span data-path-to-node=\"9,4,1,0\">Inclinaison de 30\u00b0 \/ &gt;16 cm Mont\u00e9e d&#039;escalier<\/span><\/td>\n<\/tr>\n<tr>\n<td><span data-path-to-node=\"9,5,0,0\"><b data-path-to-node=\"9,5,0,0\" data-index-in-node=\"0\">Poids<\/b><\/span><\/td>\n<td><span data-path-to-node=\"9,5,1,0\">~15 kg (batterie comprise)<\/span><\/td>\n<\/tr>\n<tr>\n<td><span data-path-to-node=\"9,6,0,0\"><b data-path-to-node=\"9,6,0,0\" data-index-in-node=\"0\">Dimensions<\/b><\/span><\/td>\n<td><span data-path-to-node=\"9,6,1,0\">Dimensions debout : 630 x 360 x 415 mm<\/span><\/td>\n<\/tr>\n<tr>\n<td><span data-path-to-node=\"9,7,0,0\"><b data-path-to-node=\"9,7,0,0\" data-index-in-node=\"0\">ports d&#039;extension<\/b><\/span><\/td>\n<td><span data-path-to-node=\"9,7,1,0\">Ethernet, USB, alimentation, SBUS, UART<\/span><\/td>\n<\/tr>\n<tr>\n<td><span data-path-to-node=\"9,8,0,0\"><b data-path-to-node=\"9,8,0,0\" data-index-in-node=\"0\">Niveau de protection<\/b><\/span><\/td>\n<td><span data-path-to-node=\"9,8,1,0\">IP54 (R\u00e9sistant \u00e0 la poussi\u00e8re et \u00e0 l&#039;eau)<\/span><\/td>\n<\/tr>\n<\/tbody>\n<\/table>\n<p>&nbsp;<\/p>\n<h3 data-path-to-node=\"11\"><b data-path-to-node=\"11\" data-index-in-node=\"0\">Applications<\/b><\/h3>\n<ul data-path-to-node=\"12\">\n<li>\n<p data-path-to-node=\"12,0,0\"><b data-path-to-node=\"12,0,0\" data-index-in-node=\"0\">Recherche acad\u00e9mique:<\/b> Une plateforme pour tester la planification de la d\u00e9marche, l&#039;\u00e9vitement d&#039;obstacles et la coordination multi-robots.<\/p>\n<\/li>\n<li>\n<p data-path-to-node=\"12,1,0\"><b data-path-to-node=\"12,1,0\" data-index-in-node=\"0\">\u00c9ducation STEM :<\/b> Enseignement de la robotique avanc\u00e9e, de la cin\u00e9matique et de l&#039;int\u00e9gration de l&#039;IA.<\/p>\n<\/li>\n<li>\n<p data-path-to-node=\"12,2,0\"><b data-path-to-node=\"12,2,0\" data-index-in-node=\"0\"><span class=\"citation-50\">S\u00e9curit\u00e9 et lev\u00e9s topographiques :<\/span><\/b><span class=\"citation-50 citation-end-50\"> Gr\u00e2ce \u00e0 l&#039;ajout de capteurs sp\u00e9cialis\u00e9s, il peut \u00eatre utilis\u00e9 pour la surveillance et la cartographie \u00e0 distance dans des zones inaccessibles aux robots \u00e0 roues.<\/span><\/p>\n<\/li>\n<li>\n<p data-path-to-node=\"12,3,0\"><b data-path-to-node=\"12,3,0\" data-index-in-node=\"0\">Divertissement:<\/b> Sa capacit\u00e9 \u00e0 effectuer des man\u0153uvres complexes comme des flips en fait un choix populaire pour les d\u00e9monstrations commerciales et les pr\u00e9sentations de haute technologie.<\/p>\n<\/li>\n<\/ul>\n<p><a href=\"https:\/\/www.ghostysky.com\/wp-content\/uploads\/2026\/02\/GH_Agibot_D1_Edu_Pro_Product_1-scaled.png\"><img fetchpriority=\"high\" decoding=\"async\" class=\"alignnone wp-image-23932 size-full lazyload\" src=\"data:image\/gif;base64,R0lGODlhAQABAAAAACH5BAEKAAEALAAAAAABAAEAAAICTAEAOw==\" alt=\"\" width=\"980\" height=\"2560\" sizes=\"(max-width: 980px) 100vw, 980px\" data-src=\"data:image\/gif;base64,R0lGODlhAQABAAAAACH5BAEKAAEALAAAAAABAAEAAAICTAEAOw==\" data-srcset=\"\" srcset=\"\"><\/a><\/p>","protected":false},"excerpt":{"rendered":"<p><span class=\"citation-27\">Le <\/span><b data-path-to-node=\"0\" data-index-in-node=\"4\"><span class=\"citation-27\">Agibot D1 Pro<\/span><\/b><span class=\"citation-27\"> (souvent appel\u00e9 le <\/span><b data-path-to-node=\"0\" data-index-in-node=\"44\"><span class=\"citation-27\">D1 Pro\/\u00c9ducation<\/span><\/b><span class=\"citation-27\">) est un robot quadrup\u00e8de tout-terrain haute performance con\u00e7u par la soci\u00e9t\u00e9 de robotique bas\u00e9e \u00e0 Shanghai <\/span><b data-path-to-node=\"0\" data-index-in-node=\"152\"><span class=\"citation-27\">Agibot<\/span><\/b><span class=\"citation-27 citation-end-27\"> (Zhiyuan Robotics).<\/span> <span class=\"citation-26 citation-end-26 interactive-span-hovered\">Pr\u00e9sent\u00e9 comme un \u00ab pionnier de l&#039;intelligence quadrup\u00e8de polyvalente \u00bb, il est con\u00e7u pour une mobilit\u00e9 extr\u00eame, la recherche scientifique et des op\u00e9rations complexes en ext\u00e9rieur.<\/span><\/p>","protected":false},"featured_media":23931,"comment_status":"open","ping_status":"closed","template":"","meta":[],"product_brand":[1345],"product_cat":[1355,1039,1037],"product_tag":[1358,1357],"class_list":{"0":"post-23938","1":"product","2":"type-product","3":"status-publish","4":"has-post-thumbnail","6":"product_brand-agibot","7":"product_cat-agibot-quad","8":"product_cat-quadruped","9":"product_cat-robotics","10":"product_tag-agibot-d1-robot","11":"product_tag-agibot-d1-series","13":"first","14":"outofstock","15":"taxable","16":"shipping-taxable","17":"purchasable","18":"product-type-simple"},"yoast_head":"<!-- This site is optimized with the Yoast SEO plugin v27.1.1 - https:\/\/yoast.com\/product\/yoast-seo-wordpress\/ -->\n<title>Agibot D1 Edu - Ghostysky<\/title>\n<meta name=\"description\" content=\"The Agibot D1 Pro (often referred to as the D1 Pro\/Edu) is a high-performance, all-terrain quadruped robot designed by the Shanghai-based robotics firm Agibot (Zhiyuan Robotics). Positioned as a &quot;pioneer in all-round quadruped intelligence,&quot; it is engineered for extreme mobility, scientific research, and complex outdoor operations.\" \/>\n<meta name=\"robots\" content=\"index, follow, max-snippet:-1, max-image-preview:large, max-video-preview:-1\" \/>\n<link rel=\"canonical\" href=\"https:\/\/www.ghostysky.com\/fr\/product\/agibot-d1-edu\/\" \/>\n<meta property=\"og:locale\" content=\"fr_FR\" \/>\n<meta property=\"og:type\" content=\"article\" \/>\n<meta property=\"og:title\" content=\"Agibot D1 Edu - Ghostysky\" \/>\n<meta property=\"og:description\" content=\"The Agibot D1 Pro (often referred to as the D1 Pro\/Edu) is a high-performance, all-terrain quadruped robot designed by the Shanghai-based robotics firm Agibot (Zhiyuan Robotics). Positioned as a &quot;pioneer in all-round quadruped intelligence,&quot; it is engineered for extreme mobility, scientific research, and complex outdoor operations.\" \/>\n<meta property=\"og:url\" content=\"https:\/\/www.ghostysky.com\/fr\/product\/agibot-d1-edu\/\" \/>\n<meta property=\"og:site_name\" content=\"Ghostysky\" \/>\n<meta property=\"article:publisher\" content=\"https:\/\/www.facebook.com\/people\/Ghostysky\/100057676170234\/\" \/>\n<meta property=\"article:modified_time\" content=\"2026-02-02T07:59:11+00:00\" \/>\n<meta property=\"og:image\" content=\"https:\/\/www.ghostysky.com\/wp-content\/uploads\/2026\/02\/GH_Agibot_D1_Pro_1.png\" \/>\n\t<meta property=\"og:image:width\" content=\"1440\" \/>\n\t<meta property=\"og:image:height\" content=\"1440\" \/>\n\t<meta property=\"og:image:type\" content=\"image\/png\" \/>\n<meta name=\"twitter:card\" content=\"summary_large_image\" \/>\n<meta name=\"twitter:site\" content=\"@Gh0stysky\" \/>\n<meta name=\"twitter:label1\" content=\"Dur\u00e9e de lecture estim\u00e9e\" \/>\n\t<meta name=\"twitter:data1\" content=\"2 minutes\" \/>\n<script type=\"application\/ld+json\" class=\"yoast-schema-graph\">{\"@context\":\"https:\/\/schema.org\",\"@graph\":[{\"@type\":\"WebPage\",\"@id\":\"https:\/\/www.ghostysky.com\/product\/agibot-d1-edu\/\",\"url\":\"https:\/\/www.ghostysky.com\/product\/agibot-d1-edu\/\",\"name\":\"Agibot D1 Edu - Ghostysky\",\"isPartOf\":{\"@id\":\"https:\/\/www.ghostysky.com\/#website\"},\"primaryImageOfPage\":{\"@id\":\"https:\/\/www.ghostysky.com\/product\/agibot-d1-edu\/#primaryimage\"},\"image\":{\"@id\":\"https:\/\/www.ghostysky.com\/product\/agibot-d1-edu\/#primaryimage\"},\"thumbnailUrl\":\"https:\/\/www.ghostysky.com\/wp-content\/uploads\/2026\/02\/GH_Agibot_D1_Pro_1.png\",\"datePublished\":\"2026-02-02T07:34:00+00:00\",\"dateModified\":\"2026-02-02T07:59:11+00:00\",\"description\":\"The Agibot D1 Pro (often referred to as the D1 Pro\/Edu) is a high-performance, all-terrain quadruped robot designed by the Shanghai-based robotics firm Agibot (Zhiyuan Robotics). Positioned as a \\\"pioneer in all-round quadruped intelligence,\\\" it is engineered for extreme mobility, scientific research, and complex outdoor operations.\",\"breadcrumb\":{\"@id\":\"https:\/\/www.ghostysky.com\/product\/agibot-d1-edu\/#breadcrumb\"},\"inLanguage\":\"fr-FR\",\"potentialAction\":[{\"@type\":\"ReadAction\",\"target\":[\"https:\/\/www.ghostysky.com\/product\/agibot-d1-edu\/\"]}]},{\"@type\":\"ImageObject\",\"inLanguage\":\"fr-FR\",\"@id\":\"https:\/\/www.ghostysky.com\/product\/agibot-d1-edu\/#primaryimage\",\"url\":\"https:\/\/www.ghostysky.com\/wp-content\/uploads\/2026\/02\/GH_Agibot_D1_Pro_1.png\",\"contentUrl\":\"https:\/\/www.ghostysky.com\/wp-content\/uploads\/2026\/02\/GH_Agibot_D1_Pro_1.png\",\"width\":1440,\"height\":1440},{\"@type\":\"BreadcrumbList\",\"@id\":\"https:\/\/www.ghostysky.com\/product\/agibot-d1-edu\/#breadcrumb\",\"itemListElement\":[{\"@type\":\"ListItem\",\"position\":1,\"name\":\"Home\",\"item\":\"https:\/\/www.ghostysky.com\/\"},{\"@type\":\"ListItem\",\"position\":2,\"name\":\"Shop\",\"item\":\"https:\/\/www.ghostysky.com\/shop\/\"},{\"@type\":\"ListItem\",\"position\":3,\"name\":\"Agibot D1 Edu\"}]},{\"@type\":\"WebSite\",\"@id\":\"https:\/\/www.ghostysky.com\/#website\",\"url\":\"https:\/\/www.ghostysky.com\/\",\"name\":\"Ghostysky\",\"description\":\"Delivering professional drones and services\",\"publisher\":{\"@id\":\"https:\/\/www.ghostysky.com\/#organization\"},\"potentialAction\":[{\"@type\":\"SearchAction\",\"target\":{\"@type\":\"EntryPoint\",\"urlTemplate\":\"https:\/\/www.ghostysky.com\/?s={search_term_string}\"},\"query-input\":{\"@type\":\"PropertyValueSpecification\",\"valueRequired\":true,\"valueName\":\"search_term_string\"}}],\"inLanguage\":\"fr-FR\"},{\"@type\":\"Organization\",\"@id\":\"https:\/\/www.ghostysky.com\/#organization\",\"name\":\"Ghostysky\",\"url\":\"https:\/\/www.ghostysky.com\/\",\"logo\":{\"@type\":\"ImageObject\",\"inLanguage\":\"fr-FR\",\"@id\":\"https:\/\/www.ghostysky.com\/#\/schema\/logo\/image\/\",\"url\":\"https:\/\/www.ghostysky.com\/wp-content\/uploads\/2020\/06\/cropped-ghostyskylogo_text_white2.png\",\"contentUrl\":\"https:\/\/www.ghostysky.com\/wp-content\/uploads\/2020\/06\/cropped-ghostyskylogo_text_white2.png\",\"width\":169,\"height\":56,\"caption\":\"Ghostysky\"},\"image\":{\"@id\":\"https:\/\/www.ghostysky.com\/#\/schema\/logo\/image\/\"},\"sameAs\":[\"https:\/\/www.facebook.com\/people\/Ghostysky\/100057676170234\/\",\"https:\/\/x.com\/Gh0stysky\",\"https:\/\/www.linkedin.com\/company\/34739653\",\"https:\/\/www.instagram.com\/gh0stysky\"]}]}<\/script>\n<!-- \/ Yoast SEO plugin. -->","yoast_head_json":{"title":"Agibot D1 \u00c9ducation - Ghostysky","description":"L&#039;Agibot D1 Pro (souvent appel\u00e9 D1 Pro\/Edu) est un robot quadrup\u00e8de tout-terrain haute performance con\u00e7u par la soci\u00e9t\u00e9 de robotique Agibot (Zhiyuan Robotics), bas\u00e9e \u00e0 Shanghai. Positionn\u00e9 comme un \u00ab\u00a0pionnier de l&#039;intelligence quadrup\u00e8de polyvalente\u00a0\u00bb, il est con\u00e7u pour une mobilit\u00e9 extr\u00eame, la recherche scientifique et les op\u00e9rations complexes en ext\u00e9rieur.","robots":{"index":"index","follow":"follow","max-snippet":"max-snippet:-1","max-image-preview":"max-image-preview:large","max-video-preview":"max-video-preview:-1"},"canonical":"https:\/\/www.ghostysky.com\/fr\/product\/agibot-d1-edu\/","og_locale":"fr_FR","og_type":"article","og_title":"Agibot D1 Edu - Ghostysky","og_description":"The Agibot D1 Pro (often referred to as the D1 Pro\/Edu) is a high-performance, all-terrain quadruped robot designed by the Shanghai-based robotics firm Agibot (Zhiyuan Robotics). Positioned as a \"pioneer in all-round quadruped intelligence,\" it is engineered for extreme mobility, scientific research, and complex outdoor operations.","og_url":"https:\/\/www.ghostysky.com\/fr\/product\/agibot-d1-edu\/","og_site_name":"Ghostysky","article_publisher":"https:\/\/www.facebook.com\/people\/Ghostysky\/100057676170234\/","article_modified_time":"2026-02-02T07:59:11+00:00","og_image":[{"width":1440,"height":1440,"url":"https:\/\/www.ghostysky.com\/wp-content\/uploads\/2026\/02\/GH_Agibot_D1_Pro_1.png","type":"image\/png"}],"twitter_card":"summary_large_image","twitter_site":"@Gh0stysky","twitter_misc":{"Dur\u00e9e de lecture estim\u00e9e":"2 minutes"},"schema":{"@context":"https:\/\/schema.org","@graph":[{"@type":"WebPage","@id":"https:\/\/www.ghostysky.com\/product\/agibot-d1-edu\/","url":"https:\/\/www.ghostysky.com\/product\/agibot-d1-edu\/","name":"Agibot D1 \u00c9ducation - Ghostysky","isPartOf":{"@id":"https:\/\/www.ghostysky.com\/#website"},"primaryImageOfPage":{"@id":"https:\/\/www.ghostysky.com\/product\/agibot-d1-edu\/#primaryimage"},"image":{"@id":"https:\/\/www.ghostysky.com\/product\/agibot-d1-edu\/#primaryimage"},"thumbnailUrl":"https:\/\/www.ghostysky.com\/wp-content\/uploads\/2026\/02\/GH_Agibot_D1_Pro_1.png","datePublished":"2026-02-02T07:34:00+00:00","dateModified":"2026-02-02T07:59:11+00:00","description":"L&#039;Agibot D1 Pro (souvent appel\u00e9 D1 Pro\/Edu) est un robot quadrup\u00e8de tout-terrain haute performance con\u00e7u par la soci\u00e9t\u00e9 de robotique Agibot (Zhiyuan Robotics), bas\u00e9e \u00e0 Shanghai. Positionn\u00e9 comme un \u00ab\u00a0pionnier de l&#039;intelligence quadrup\u00e8de polyvalente\u00a0\u00bb, il est con\u00e7u pour une mobilit\u00e9 extr\u00eame, la recherche scientifique et les op\u00e9rations complexes en ext\u00e9rieur.","breadcrumb":{"@id":"https:\/\/www.ghostysky.com\/product\/agibot-d1-edu\/#breadcrumb"},"inLanguage":"fr-FR","potentialAction":[{"@type":"ReadAction","target":["https:\/\/www.ghostysky.com\/product\/agibot-d1-edu\/"]}]},{"@type":"ImageObject","inLanguage":"fr-FR","@id":"https:\/\/www.ghostysky.com\/product\/agibot-d1-edu\/#primaryimage","url":"https:\/\/www.ghostysky.com\/wp-content\/uploads\/2026\/02\/GH_Agibot_D1_Pro_1.png","contentUrl":"https:\/\/www.ghostysky.com\/wp-content\/uploads\/2026\/02\/GH_Agibot_D1_Pro_1.png","width":1440,"height":1440},{"@type":"BreadcrumbList","@id":"https:\/\/www.ghostysky.com\/product\/agibot-d1-edu\/#breadcrumb","itemListElement":[{"@type":"ListItem","position":1,"name":"Home","item":"https:\/\/www.ghostysky.com\/"},{"@type":"ListItem","position":2,"name":"Shop","item":"https:\/\/www.ghostysky.com\/shop\/"},{"@type":"ListItem","position":3,"name":"Agibot D1 Edu"}]},{"@type":"WebSite","@id":"https:\/\/www.ghostysky.com\/#website","url":"https:\/\/www.ghostysky.com\/","name":"Ghostysky","description":"Livraison de drones et de services professionnels","publisher":{"@id":"https:\/\/www.ghostysky.com\/#organization"},"potentialAction":[{"@type":"SearchAction","target":{"@type":"EntryPoint","urlTemplate":"https:\/\/www.ghostysky.com\/?s={search_term_string}"},"query-input":{"@type":"PropertyValueSpecification","valueRequired":true,"valueName":"search_term_string"}}],"inLanguage":"fr-FR"},{"@type":"Organization","@id":"https:\/\/www.ghostysky.com\/#organization","name":"Ghostysky","url":"https:\/\/www.ghostysky.com\/","logo":{"@type":"ImageObject","inLanguage":"fr-FR","@id":"https:\/\/www.ghostysky.com\/#\/schema\/logo\/image\/","url":"https:\/\/www.ghostysky.com\/wp-content\/uploads\/2020\/06\/cropped-ghostyskylogo_text_white2.png","contentUrl":"https:\/\/www.ghostysky.com\/wp-content\/uploads\/2020\/06\/cropped-ghostyskylogo_text_white2.png","width":169,"height":56,"caption":"Ghostysky"},"image":{"@id":"https:\/\/www.ghostysky.com\/#\/schema\/logo\/image\/"},"sameAs":["https:\/\/www.facebook.com\/people\/Ghostysky\/100057676170234\/","https:\/\/x.com\/Gh0stysky","https:\/\/www.linkedin.com\/company\/34739653","https:\/\/www.instagram.com\/gh0stysky"]}]}},"_links":{"self":[{"href":"https:\/\/www.ghostysky.com\/fr\/wp-json\/wp\/v2\/product\/23938","targetHints":{"allow":["GET"]}}],"collection":[{"href":"https:\/\/www.ghostysky.com\/fr\/wp-json\/wp\/v2\/product"}],"about":[{"href":"https:\/\/www.ghostysky.com\/fr\/wp-json\/wp\/v2\/types\/product"}],"replies":[{"embeddable":true,"href":"https:\/\/www.ghostysky.com\/fr\/wp-json\/wp\/v2\/comments?post=23938"}],"wp:featuredmedia":[{"embeddable":true,"href":"https:\/\/www.ghostysky.com\/fr\/wp-json\/wp\/v2\/media\/23931"}],"wp:attachment":[{"href":"https:\/\/www.ghostysky.com\/fr\/wp-json\/wp\/v2\/media?parent=23938"}],"wp:term":[{"taxonomy":"product_brand","embeddable":true,"href":"https:\/\/www.ghostysky.com\/fr\/wp-json\/wp\/v2\/product_brand?post=23938"},{"taxonomy":"product_cat","embeddable":true,"href":"https:\/\/www.ghostysky.com\/fr\/wp-json\/wp\/v2\/product_cat?post=23938"},{"taxonomy":"product_tag","embeddable":true,"href":"https:\/\/www.ghostysky.com\/fr\/wp-json\/wp\/v2\/product_tag?post=23938"}],"curies":[{"name":"wp","href":"https:\/\/api.w.org\/{rel}","templated":true}]}}