{"id":24006,"date":"2026-02-04T08:51:45","date_gmt":"2026-02-04T08:51:45","guid":{"rendered":"https:\/\/www.ghostysky.com\/?post_type=product&#038;p=24006"},"modified":"2026-02-04T09:12:48","modified_gmt":"2026-02-04T09:12:48","slug":"gdu-s200-rtk-module","status":"publish","type":"product","link":"https:\/\/www.ghostysky.com\/fr\/product\/gdu-s200-rtk-module\/","title":{"rendered":"Module RTK GDU S200"},"content":{"rendered":"<h3 data-path-to-node=\"1\">Caract\u00e9ristiques principales<\/h3>\n<ul data-path-to-node=\"2\">\n<li>\n<p data-path-to-node=\"2,0,0\"><b data-path-to-node=\"2,0,0\" data-index-in-node=\"0\"><span class=\"citation-135\">Pr\u00e9cision au centim\u00e8tre pr\u00e8s :<\/span><\/b><span class=\"citation-135\"> Surmonte les limitations du GNSS standard (qui peut d\u00e9river de plusieurs m\u00e8tres) pour fournir une pr\u00e9cision horizontale de <\/span><b data-path-to-node=\"2,0,0\" data-index-in-node=\"133\"><span class=\"citation-135\">1 cm + 1 ppm<\/span><\/b><span class=\"citation-135\"> et la pr\u00e9cision verticale de <\/span><b data-path-to-node=\"2,0,0\" data-index-in-node=\"171\"><span class=\"citation-135\">1,5 cm + 1 ppm<\/span><\/b><span class=\"citation-135 citation-end-135\">.<\/span><\/p>\n<\/li>\n<li>\n<p data-path-to-node=\"2,1,0\"><b data-path-to-node=\"2,1,0\" data-index-in-node=\"0\"><span class=\"citation-134\">Int\u00e9gration Plug-and-Play\u00a0:<\/span><\/b><span class=\"citation-134 citation-end-134\"> Con\u00e7u pour un d\u00e9ploiement rapide sur le terrain, le module se monte directement sur le port d&#039;extension du drone (interface PSDK) sans n\u00e9cessiter de c\u00e2blage complexe.<\/span><\/p>\n<\/li>\n<li>\n<p data-path-to-node=\"2,2,0\"><b data-path-to-node=\"2,2,0\" data-index-in-node=\"0\">Stabilit\u00e9 de vol am\u00e9lior\u00e9e\u00a0:<\/b> Am\u00e9liore la stabilit\u00e9 en vol stationnaire et la fiabilit\u00e9 de la trajectoire du drone, le rendant id\u00e9al pour les missions de haute pr\u00e9cision dans les zones \u00e0 fortes interf\u00e9rences \u00e9lectromagn\u00e9tiques.<\/p>\n<\/li>\n<li>\n<p data-path-to-node=\"2,3,0\"><b data-path-to-node=\"2,3,0\" data-index-in-node=\"0\">Prise en charge multisyst\u00e8me\u00a0:<\/b> Prend en charge plusieurs constellations de satellites, notamment <b data-path-to-node=\"2,3,0\" data-index-in-node=\"76\">GPS, GLONASS, BeiDou, Galileo et QZSS<\/b>, garantissant ainsi un verrouillage du signal optimal m\u00eame dans des environnements difficiles.<\/p>\n<\/li>\n<li>\n<p data-path-to-node=\"2,4,0\"><b data-path-to-node=\"2,4,0\" data-index-in-node=\"0\">Pr\u00e9cision de mission reproductible\u00a0:<\/b><span class=\"citation-133 citation-end-133\"> Permet au drone de suivre exactement la m\u00eame trajectoire de vol semaine apr\u00e8s semaine, ce qui est essentiel pour la d\u00e9tection des changements dans le secteur de la construction ou la surveillance des r\u00e9seaux.<\/span><\/p>\n<p>&nbsp;<\/li>\n<\/ul>\n<h3 data-path-to-node=\"4\">Sp\u00e9cifications techniques<\/h3>\n<table data-path-to-node=\"5\">\n<thead>\n<tr>\n<td><strong>Fonctionnalit\u00e9<\/strong><\/td>\n<td><strong>Sp\u00e9cification<\/strong><\/td>\n<\/tr>\n<\/thead>\n<tbody>\n<tr>\n<td><span data-path-to-node=\"5,1,0,0\"><b data-path-to-node=\"5,1,0,0\" data-index-in-node=\"0\">Pr\u00e9cision de positionnement (RTK Fix)<\/b><\/span><\/td>\n<td><span data-path-to-node=\"5,1,1,0\">Horizontal: <span class=\"math-inline\" data-math=\"1\\text{ cm} + 1\\text{ ppm}\" data-index-in-node=\"12\">1 cm + 1 ppm<\/span>; Verticale: <span class=\"math-inline\" data-math=\"1.5\\text{ cm} + 1\\text{ ppm}\" data-index-in-node=\"50\">1,5 cm + 1 ppm<\/span><\/span><\/td>\n<\/tr>\n<tr>\n<td><span data-path-to-node=\"5,2,0,0\"><b data-path-to-node=\"5,2,0,0\" data-index-in-node=\"0\">Compatibilit\u00e9<\/b><\/span><\/td>\n<td><span data-path-to-node=\"5,2,1,0\">Drones des s\u00e9ries GDU S200 et S220<\/span><\/td>\n<\/tr>\n<tr>\n<td><span data-path-to-node=\"5,3,0,0\"><b data-path-to-node=\"5,3,0,0\" data-index-in-node=\"0\">Syst\u00e8mes satellitaires<\/b><\/span><\/td>\n<td><span data-path-to-node=\"5,3,1,0\">GPS (L1\/L2), BDS (B1I\/B2I), GLO (G1\/G2), GAL (E1\/E5b), QZSS (L1\/L2)<\/span><\/td>\n<\/tr>\n<tr>\n<td><span data-path-to-node=\"5,4,0,0\"><b data-path-to-node=\"5,4,0,0\" data-index-in-node=\"0\">M\u00e9thode de correction<\/b><\/span><\/td>\n<td><span data-path-to-node=\"5,4,1,0\">Services RTK r\u00e9seau ou RTK personnalis\u00e9s<\/span><\/td>\n<\/tr>\n<tr>\n<td><span data-path-to-node=\"5,5,0,0\"><b data-path-to-node=\"5,5,0,0\" data-index-in-node=\"0\">Interface<\/b><\/span><\/td>\n<td><span data-path-to-node=\"5,5,1,0\">Connexion modulaire PSDK \/ USB-C<\/span><\/td>\n<\/tr>\n<\/tbody>\n<\/table>\n<p>&nbsp;<\/p>\n<h3 data-path-to-node=\"7\">Cas d&#039;utilisation<\/h3>\n<ul data-path-to-node=\"8\">\n<li>\n<p data-path-to-node=\"8,0,0\"><b data-path-to-node=\"8,0,0\" data-index-in-node=\"0\">Arpentage et cartographie :<\/b><span class=\"citation-132 citation-end-132\"> Cr\u00e9ation de cartes topographiques ou de mod\u00e8les 3D tr\u00e8s pr\u00e9cis sans l&#039;utilisation intensive de points de contr\u00f4le au sol (GCP).<\/span><\/p>\n<\/li>\n<li>\n<p data-path-to-node=\"8,1,0\"><b data-path-to-node=\"8,1,0\" data-index-in-node=\"0\"><span class=\"citation-131\">Inspection des infrastructures :<\/span><\/b><span class=\"citation-131 citation-end-131\"> Inspection des lignes \u00e9lectriques, des ponts et des \u00e9oliennes, n\u00e9cessitant un positionnement pr\u00e9cis pour naviguer en toute s\u00e9curit\u00e9 \u00e0 proximit\u00e9 des structures.<\/span><\/p>\n<\/li>\n<li>\n<p data-path-to-node=\"8,2,0\"><b data-path-to-node=\"8,2,0\" data-index-in-node=\"0\">S\u00e9curit\u00e9 publique :<\/b> G\u00e9olocalisation pr\u00e9cise pour la reconstitution des accidents et les op\u00e9rations de recherche et de sauvetage.<\/p>\n<\/li>\n<li>\n<p data-path-to-node=\"8,3,0\"><b data-path-to-node=\"8,3,0\" data-index-in-node=\"0\"><span class=\"citation-130\">Environnements int\u00e9rieurs\/difficiles\u00a0:<\/span><\/b><span class=\"citation-130 citation-end-130\"> Assistance au maintien d&#039;un vol stable \u00e0 proximit\u00e9 de grandes structures m\u00e9talliques ou dans des zones o\u00f9 les signaux GPS standard sont sujets \u00e0 des erreurs de \u00ab trajets multiples \u00bb.<\/span><\/p>\n<\/li>\n<\/ul>","protected":false},"excerpt":{"rendered":"<p><span class=\"\">Le <\/span><b class=\"\" data-path-to-node=\"0\" data-index-in-node=\"4\">Module RTK GDU S200<\/b><span class=\"\"> est un accessoire de positionnement de haute pr\u00e9cision con\u00e7u pour transformer les drones des s\u00e9ries GDU S200 et S220 en outils industriels de qualit\u00e9 topographique.<\/span><span class=\"\"> En utilisant la technologie cin\u00e9matique en temps r\u00e9el (RTK),<\/span><span class=\"\"> elle offre une pr\u00e9cision au centim\u00e8tre pr\u00e8s,<\/span><span class=\"\"> ce qui est essentiel pour la cartographie professionnelle,<\/span><span class=\"\"> inspection des infrastructures,<\/span><span class=\"\"> et l&#039;agriculture de pr\u00e9cision.<\/span><\/p>","protected":false},"featured_media":24014,"comment_status":"open","ping_status":"closed","template":"","meta":[],"product_brand":[1369],"product_cat":[29,1360,1362,1359],"product_tag":[1370,1374,1371],"class_list":{"0":"post-24006","1":"product","2":"type-product","3":"status-publish","4":"has-post-thumbnail","6":"product_brand-gdu-tech","7":"product_cat-drones","8":"product_cat-gdu-s200-series","9":"product_cat-gdu-s200-series-accessories","10":"product_cat-gdu-tech","11":"product_tag-gdu-s200-series","12":"product_tag-gdu-s200-series-accessories","13":"product_tag-gdu-tech","15":"first","16":"outofstock","17":"taxable","18":"shipping-taxable","19":"purchasable","20":"product-type-simple"},"yoast_head":"<!-- This site is optimized with the Yoast SEO plugin v27.4 - https:\/\/yoast.com\/product\/yoast-seo-wordpress\/ -->\n<title>GDU S200 RTK Module - Ghostysky<\/title>\n<meta name=\"description\" content=\"The GDU S220 Triple Camera Standard Kit is a high-performance industrial imaging payload designed for precision aerial missions. Engineered for the S220 series drones, this gimbal system integrates three distinct sensors into a single, stabilized unit, making it a powerhouse for inspections, search and rescue, and public safety.\" \/>\n<meta name=\"robots\" content=\"index, follow, max-snippet:-1, max-image-preview:large, max-video-preview:-1\" \/>\n<link rel=\"canonical\" href=\"https:\/\/www.ghostysky.com\/fr\/?post_type=product&p=24006\" \/>\n<meta property=\"og:locale\" content=\"fr_FR\" \/>\n<meta property=\"og:type\" content=\"article\" \/>\n<meta property=\"og:title\" content=\"GDU S200 RTK Module - Ghostysky\" \/>\n<meta property=\"og:description\" content=\"The GDU S220 Triple Camera Standard Kit is a high-performance industrial imaging payload designed for precision aerial missions. Engineered for the S220 series drones, this gimbal system integrates three distinct sensors into a single, stabilized unit, making it a powerhouse for inspections, search and rescue, and public safety.\" \/>\n<meta property=\"og:url\" content=\"https:\/\/www.ghostysky.com\/fr\/?post_type=product&amp;p=24006\" \/>\n<meta property=\"og:site_name\" content=\"Ghostysky\" \/>\n<meta property=\"article:publisher\" content=\"https:\/\/www.facebook.com\/people\/Ghostysky\/100057676170234\/\" \/>\n<meta property=\"article:modified_time\" content=\"2026-02-04T09:12:48+00:00\" \/>\n<meta property=\"og:image\" content=\"https:\/\/www.ghostysky.com\/wp-content\/uploads\/2026\/02\/GH_GDU-S220-Triple-Camera-Standard-Kit_1.webp\" \/>\n\t<meta property=\"og:image:width\" content=\"1200\" \/>\n\t<meta property=\"og:image:height\" content=\"1200\" \/>\n\t<meta property=\"og:image:type\" content=\"image\/webp\" \/>\n<meta name=\"twitter:card\" content=\"summary_large_image\" \/>\n<meta name=\"twitter:site\" content=\"@Gh0stysky\" \/>\n<meta name=\"twitter:label1\" content=\"Dur\u00e9e de lecture estim\u00e9e\" \/>\n\t<meta name=\"twitter:data1\" content=\"2 minutes\" \/>\n<script type=\"application\/ld+json\" class=\"yoast-schema-graph\">{\"@context\":\"https:\\\/\\\/schema.org\",\"@graph\":[{\"@type\":\"WebPage\",\"@id\":\"https:\\\/\\\/www.ghostysky.com\\\/?post_type=product&p=24006\",\"url\":\"https:\\\/\\\/www.ghostysky.com\\\/?post_type=product&p=24006\",\"name\":\"GDU S200 RTK Module - Ghostysky\",\"isPartOf\":{\"@id\":\"https:\\\/\\\/www.ghostysky.com\\\/#website\"},\"primaryImageOfPage\":{\"@id\":\"https:\\\/\\\/www.ghostysky.com\\\/?post_type=product&p=24006#primaryimage\"},\"image\":{\"@id\":\"https:\\\/\\\/www.ghostysky.com\\\/?post_type=product&p=24006#primaryimage\"},\"thumbnailUrl\":\"https:\\\/\\\/www.ghostysky.com\\\/wp-content\\\/uploads\\\/2026\\\/02\\\/GD_S200_RTK_Module_1.webp\",\"datePublished\":\"2026-02-04T08:51:45+00:00\",\"dateModified\":\"2026-02-04T09:12:48+00:00\",\"description\":\"The GDU S220 Triple Camera Standard Kit is a high-performance industrial imaging payload designed for precision aerial missions. Engineered for the S220 series drones, this gimbal system integrates three distinct sensors into a single, stabilized unit, making it a powerhouse for inspections, search and rescue, and public safety.\",\"breadcrumb\":{\"@id\":\"https:\\\/\\\/www.ghostysky.com\\\/?post_type=product&p=24006#breadcrumb\"},\"inLanguage\":\"fr-FR\",\"potentialAction\":[{\"@type\":\"ReadAction\",\"target\":[\"https:\\\/\\\/www.ghostysky.com\\\/?post_type=product&p=24006\"]}]},{\"@type\":\"ImageObject\",\"inLanguage\":\"fr-FR\",\"@id\":\"https:\\\/\\\/www.ghostysky.com\\\/?post_type=product&p=24006#primaryimage\",\"url\":\"https:\\\/\\\/www.ghostysky.com\\\/wp-content\\\/uploads\\\/2026\\\/02\\\/GD_S200_RTK_Module_1.webp\",\"contentUrl\":\"https:\\\/\\\/www.ghostysky.com\\\/wp-content\\\/uploads\\\/2026\\\/02\\\/GD_S200_RTK_Module_1.webp\",\"width\":1200,\"height\":1200},{\"@type\":\"BreadcrumbList\",\"@id\":\"https:\\\/\\\/www.ghostysky.com\\\/?post_type=product&p=24006#breadcrumb\",\"itemListElement\":[{\"@type\":\"ListItem\",\"position\":1,\"name\":\"Home\",\"item\":\"https:\\\/\\\/www.ghostysky.com\\\/\"},{\"@type\":\"ListItem\",\"position\":2,\"name\":\"Shop\",\"item\":\"https:\\\/\\\/www.ghostysky.com\\\/shop\\\/\"},{\"@type\":\"ListItem\",\"position\":3,\"name\":\"GDU S220 Triple Camera + 3 Batteries + 1 Charger Kit + RTK (Copy) (Copy)\"}]},{\"@type\":\"WebSite\",\"@id\":\"https:\\\/\\\/www.ghostysky.com\\\/#website\",\"url\":\"https:\\\/\\\/www.ghostysky.com\\\/\",\"name\":\"Ghostysky\",\"description\":\"Delivering professional drones and services\",\"publisher\":{\"@id\":\"https:\\\/\\\/www.ghostysky.com\\\/#organization\"},\"potentialAction\":[{\"@type\":\"SearchAction\",\"target\":{\"@type\":\"EntryPoint\",\"urlTemplate\":\"https:\\\/\\\/www.ghostysky.com\\\/?s={search_term_string}\"},\"query-input\":{\"@type\":\"PropertyValueSpecification\",\"valueRequired\":true,\"valueName\":\"search_term_string\"}}],\"inLanguage\":\"fr-FR\"},{\"@type\":\"Organization\",\"@id\":\"https:\\\/\\\/www.ghostysky.com\\\/#organization\",\"name\":\"Ghostysky\",\"url\":\"https:\\\/\\\/www.ghostysky.com\\\/\",\"logo\":{\"@type\":\"ImageObject\",\"inLanguage\":\"fr-FR\",\"@id\":\"https:\\\/\\\/www.ghostysky.com\\\/#\\\/schema\\\/logo\\\/image\\\/\",\"url\":\"https:\\\/\\\/www.ghostysky.com\\\/wp-content\\\/uploads\\\/2020\\\/06\\\/cropped-ghostyskylogo_text_white2.png\",\"contentUrl\":\"https:\\\/\\\/www.ghostysky.com\\\/wp-content\\\/uploads\\\/2020\\\/06\\\/cropped-ghostyskylogo_text_white2.png\",\"width\":169,\"height\":56,\"caption\":\"Ghostysky\"},\"image\":{\"@id\":\"https:\\\/\\\/www.ghostysky.com\\\/#\\\/schema\\\/logo\\\/image\\\/\"},\"sameAs\":[\"https:\\\/\\\/www.facebook.com\\\/people\\\/Ghostysky\\\/100057676170234\\\/\",\"https:\\\/\\\/x.com\\\/Gh0stysky\",\"https:\\\/\\\/www.linkedin.com\\\/company\\\/34739653\",\"https:\\\/\\\/www.instagram.com\\\/gh0stysky\"]}]}<\/script>\n<!-- \/ Yoast SEO plugin. -->","yoast_head_json":{"title":"Module RTK GDU S200 - Ghostysky","description":"Le kit standard de triple cam\u00e9ra GDU S220 est une solution d&#039;imagerie industrielle haute performance con\u00e7ue pour les missions a\u00e9riennes de pr\u00e9cision. D\u00e9velopp\u00e9 pour les drones de la s\u00e9rie S220, ce syst\u00e8me de nacelle int\u00e8gre trois capteurs distincts dans une seule unit\u00e9 stabilis\u00e9e, ce qui en fait un outil puissant pour les inspections, la recherche et le sauvetage, ainsi que la s\u00e9curit\u00e9 publique.","robots":{"index":"index","follow":"follow","max-snippet":"max-snippet:-1","max-image-preview":"max-image-preview:large","max-video-preview":"max-video-preview:-1"},"canonical":"https:\/\/www.ghostysky.com\/fr\/?post_type=product&p=24006","og_locale":"fr_FR","og_type":"article","og_title":"GDU S200 RTK Module - Ghostysky","og_description":"The GDU S220 Triple Camera Standard Kit is a high-performance industrial imaging payload designed for precision aerial missions. Engineered for the S220 series drones, this gimbal system integrates three distinct sensors into a single, stabilized unit, making it a powerhouse for inspections, search and rescue, and public safety.","og_url":"https:\/\/www.ghostysky.com\/fr\/?post_type=product&p=24006","og_site_name":"Ghostysky","article_publisher":"https:\/\/www.facebook.com\/people\/Ghostysky\/100057676170234\/","article_modified_time":"2026-02-04T09:12:48+00:00","og_image":[{"width":1200,"height":1200,"url":"https:\/\/www.ghostysky.com\/wp-content\/uploads\/2026\/02\/GH_GDU-S220-Triple-Camera-Standard-Kit_1.webp","type":"image\/webp"}],"twitter_card":"summary_large_image","twitter_site":"@Gh0stysky","twitter_misc":{"Dur\u00e9e de lecture estim\u00e9e":"2 minutes"},"schema":{"@context":"https:\/\/schema.org","@graph":[{"@type":"WebPage","@id":"https:\/\/www.ghostysky.com\/?post_type=product&p=24006","url":"https:\/\/www.ghostysky.com\/?post_type=product&p=24006","name":"Module RTK GDU S200 - Ghostysky","isPartOf":{"@id":"https:\/\/www.ghostysky.com\/#website"},"primaryImageOfPage":{"@id":"https:\/\/www.ghostysky.com\/?post_type=product&p=24006#primaryimage"},"image":{"@id":"https:\/\/www.ghostysky.com\/?post_type=product&p=24006#primaryimage"},"thumbnailUrl":"https:\/\/www.ghostysky.com\/wp-content\/uploads\/2026\/02\/GD_S200_RTK_Module_1.webp","datePublished":"2026-02-04T08:51:45+00:00","dateModified":"2026-02-04T09:12:48+00:00","description":"Le kit standard de triple cam\u00e9ra GDU S220 est une solution d&#039;imagerie industrielle haute performance con\u00e7ue pour les missions a\u00e9riennes de pr\u00e9cision. D\u00e9velopp\u00e9 pour les drones de la s\u00e9rie S220, ce syst\u00e8me de nacelle int\u00e8gre trois capteurs distincts dans une seule unit\u00e9 stabilis\u00e9e, ce qui en fait un outil puissant pour les inspections, la recherche et le sauvetage, ainsi que la s\u00e9curit\u00e9 publique.","breadcrumb":{"@id":"https:\/\/www.ghostysky.com\/?post_type=product&p=24006#breadcrumb"},"inLanguage":"fr-FR","potentialAction":[{"@type":"ReadAction","target":["https:\/\/www.ghostysky.com\/?post_type=product&p=24006"]}]},{"@type":"ImageObject","inLanguage":"fr-FR","@id":"https:\/\/www.ghostysky.com\/?post_type=product&p=24006#primaryimage","url":"https:\/\/www.ghostysky.com\/wp-content\/uploads\/2026\/02\/GD_S200_RTK_Module_1.webp","contentUrl":"https:\/\/www.ghostysky.com\/wp-content\/uploads\/2026\/02\/GD_S200_RTK_Module_1.webp","width":1200,"height":1200},{"@type":"BreadcrumbList","@id":"https:\/\/www.ghostysky.com\/?post_type=product&p=24006#breadcrumb","itemListElement":[{"@type":"ListItem","position":1,"name":"Home","item":"https:\/\/www.ghostysky.com\/"},{"@type":"ListItem","position":2,"name":"Shop","item":"https:\/\/www.ghostysky.com\/shop\/"},{"@type":"ListItem","position":3,"name":"GDU S220 Triple Camera + 3 Batteries + 1 Charger Kit + RTK (Copy) (Copy)"}]},{"@type":"WebSite","@id":"https:\/\/www.ghostysky.com\/#website","url":"https:\/\/www.ghostysky.com\/","name":"Ghostysky","description":"Livraison de drones et de services professionnels","publisher":{"@id":"https:\/\/www.ghostysky.com\/#organization"},"potentialAction":[{"@type":"SearchAction","target":{"@type":"EntryPoint","urlTemplate":"https:\/\/www.ghostysky.com\/?s={search_term_string}"},"query-input":{"@type":"PropertyValueSpecification","valueRequired":true,"valueName":"search_term_string"}}],"inLanguage":"fr-FR"},{"@type":"Organization","@id":"https:\/\/www.ghostysky.com\/#organization","name":"Ghostysky","url":"https:\/\/www.ghostysky.com\/","logo":{"@type":"ImageObject","inLanguage":"fr-FR","@id":"https:\/\/www.ghostysky.com\/#\/schema\/logo\/image\/","url":"https:\/\/www.ghostysky.com\/wp-content\/uploads\/2020\/06\/cropped-ghostyskylogo_text_white2.png","contentUrl":"https:\/\/www.ghostysky.com\/wp-content\/uploads\/2020\/06\/cropped-ghostyskylogo_text_white2.png","width":169,"height":56,"caption":"Ghostysky"},"image":{"@id":"https:\/\/www.ghostysky.com\/#\/schema\/logo\/image\/"},"sameAs":["https:\/\/www.facebook.com\/people\/Ghostysky\/100057676170234\/","https:\/\/x.com\/Gh0stysky","https:\/\/www.linkedin.com\/company\/34739653","https:\/\/www.instagram.com\/gh0stysky"]}]}},"_links":{"self":[{"href":"https:\/\/www.ghostysky.com\/fr\/wp-json\/wp\/v2\/product\/24006","targetHints":{"allow":["GET"]}}],"collection":[{"href":"https:\/\/www.ghostysky.com\/fr\/wp-json\/wp\/v2\/product"}],"about":[{"href":"https:\/\/www.ghostysky.com\/fr\/wp-json\/wp\/v2\/types\/product"}],"replies":[{"embeddable":true,"href":"https:\/\/www.ghostysky.com\/fr\/wp-json\/wp\/v2\/comments?post=24006"}],"wp:featuredmedia":[{"embeddable":true,"href":"https:\/\/www.ghostysky.com\/fr\/wp-json\/wp\/v2\/media\/24014"}],"wp:attachment":[{"href":"https:\/\/www.ghostysky.com\/fr\/wp-json\/wp\/v2\/media?parent=24006"}],"wp:term":[{"taxonomy":"product_brand","embeddable":true,"href":"https:\/\/www.ghostysky.com\/fr\/wp-json\/wp\/v2\/product_brand?post=24006"},{"taxonomy":"product_cat","embeddable":true,"href":"https:\/\/www.ghostysky.com\/fr\/wp-json\/wp\/v2\/product_cat?post=24006"},{"taxonomy":"product_tag","embeddable":true,"href":"https:\/\/www.ghostysky.com\/fr\/wp-json\/wp\/v2\/product_tag?post=24006"}],"curies":[{"name":"wp","href":"https:\/\/api.w.org\/{rel}","templated":true}]}}