{"id":24007,"date":"2026-02-04T08:54:04","date_gmt":"2026-02-04T08:54:04","guid":{"rendered":"https:\/\/www.ghostysky.com\/?post_type=product&#038;p=24007"},"modified":"2026-02-04T09:05:21","modified_gmt":"2026-02-04T09:05:21","slug":"gdu-s220-pro-series-640-thermal-camera-drone-standard-kit","status":"publish","type":"product","link":"https:\/\/www.ghostysky.com\/fr\/product\/gdu-s220-pro-series-640-thermal-camera-drone-standard-kit\/","title":{"rendered":"GDU S220 Pro Series 640 Kit drone avec cam\u00e9ra thermique"},"content":{"rendered":"<h3 data-path-to-node=\"2\"><b data-path-to-node=\"2\" data-index-in-node=\"0\">Principales fonctionnalit\u00e9s et capacit\u00e9s<\/b><\/h3>\n<h3 data-path-to-node=\"3\"><b data-path-to-node=\"3\" data-index-in-node=\"0\">1. <span class=\"citation-98\">Syst\u00e8me d&#039;imagerie \u00e0 triple cam\u00e9ra<\/span><\/b><\/h3>\n<p data-path-to-node=\"4\"><span class=\"citation-97 citation-end-97\">La S220 Pro 640 se caract\u00e9rise par sa charge utile polyvalente, permettant aux utilisateurs de basculer en temps r\u00e9el entre les vues grand angle, t\u00e9l\u00e9objectif et thermique\u00a0:<\/span><\/p>\n<ul data-path-to-node=\"5\">\n<li>\n<p data-path-to-node=\"5,0,0\"><b data-path-to-node=\"5,0,0\" data-index-in-node=\"0\"><span class=\"citation-96\">Cam\u00e9ra thermique :<\/span><\/b><span class=\"citation-96\"> Comprend un <\/span><b data-path-to-node=\"5,0,0\" data-index-in-node=\"27\"><span class=\"citation-96\">640 \u00d7 512<\/span><\/b><span class=\"citation-96\"> Capteur infrarouge haute r\u00e9solution (30 images\/s) avec <\/span><b data-path-to-node=\"5,0,0\" data-index-in-node=\"77\"><span class=\"citation-96\">Zoom num\u00e9rique 32x<\/span><\/b><span class=\"citation-96 citation-end-96\">.<\/span> Il est con\u00e7u pour d\u00e9tecter les signatures thermiques et les anomalies dans l&#039;obscurit\u00e9 totale ou par faible visibilit\u00e9.<\/p>\n<\/li>\n<li>\n<p data-path-to-node=\"5,1,0\"><b data-path-to-node=\"5,1,0\" data-index-in-node=\"0\"><span class=\"citation-95\">Appareil photo t\u00e9l\u00e9objectif :<\/span><\/b><span class=\"citation-95\"> Capteur 48MP avec <\/span><b data-path-to-node=\"5,1,0\" data-index-in-node=\"35\"><span class=\"citation-95\">Zoom optique 10x<\/span><\/b><span class=\"citation-95\"> et jusqu&#039;\u00e0 <\/span><b data-path-to-node=\"5,1,0\" data-index-in-node=\"62\"><span class=\"citation-95\">zoom hybride 160x<\/span><\/b><span class=\"citation-95 citation-end-95\">, permettant ainsi de lire les num\u00e9ros de s\u00e9rie ou d&#039;inspecter les d\u00e9tails les plus fins \u00e0 distance de s\u00e9curit\u00e9.<\/span><\/p>\n<\/li>\n<li>\n<p data-path-to-node=\"5,2,0\"><b data-path-to-node=\"5,2,0\" data-index-in-node=\"0\"><span class=\"citation-94\">Cam\u00e9ra grand angle :<\/span><\/b><span class=\"citation-94 citation-end-94\"> Capteur 50 MP avec un CMOS 1\/1,49 pouce pour des prises de vue panoramiques 4K haute r\u00e9solution.<\/span><\/p>\n<\/li>\n<\/ul>\n<h3 data-path-to-node=\"6\"><b data-path-to-node=\"6\" data-index-in-node=\"0\">2. Intelligence et informatique<\/b><\/h3>\n<ul data-path-to-node=\"7\">\n<li>\n<p data-path-to-node=\"7,0,0\"><b data-path-to-node=\"7,0,0\" data-index-in-node=\"0\">Informatique de p\u00e9riph\u00e9rie\u00a0:<\/b><span class=\"citation-93\"> Il dispose d&#039;une puissance de calcul embarqu\u00e9e de 21 Tbit\/s (extensible \u00e0 <\/span><b data-path-to-node=\"7,0,0\" data-index-in-node=\"69\"><span class=\"citation-93\">100T<\/span><\/b><span class=\"citation-93\"> avec des modules de bord), permettant des fonctionnalit\u00e9s avanc\u00e9es <\/span><b data-path-to-node=\"7,0,0\" data-index-in-node=\"112\"><span class=\"citation-93\">Reconnaissance intelligente par IA<\/span><\/b><span class=\"citation-93 citation-end-93\"> pour identifier et suivre automatiquement les personnes, les v\u00e9hicules ou les d\u00e9fauts sp\u00e9cifiques des infrastructures.<\/span><\/p>\n<\/li>\n<li>\n<p data-path-to-node=\"7,1,0\"><b data-path-to-node=\"7,1,0\" data-index-in-node=\"0\"><span class=\"citation-92\">\u00c9vitement d&#039;obstacles omnidirectionnel\u00a0:<\/span><\/b><span class=\"citation-92 citation-end-92\"> Dot\u00e9 d&#039;un syst\u00e8me de vision \u00e0 720 degr\u00e9s et de capteurs infrarouges pour une navigation plus s\u00fbre dans des environnements complexes et encombr\u00e9s.<\/span><\/p>\n<\/li>\n<li>\n<p data-path-to-node=\"7,2,0\"><b data-path-to-node=\"7,2,0\" data-index-in-node=\"0\"><span class=\"citation-91\">Navigation int\u00e9rieure :<\/span><\/b><span class=\"citation-91 citation-end-91\"> Capable de vol autonome dans des environnements d\u00e9pourvus de GNSS (comme les entrep\u00f4ts ou les sous-stations) gr\u00e2ce au positionnement visuel.<\/span><\/p>\n<\/li>\n<\/ul>\n<h3 data-path-to-node=\"8\"><b data-path-to-node=\"8\" data-index-in-node=\"0\">3. Performances de qualit\u00e9 industrielle<\/b><\/h3>\n<ul data-path-to-node=\"9\">\n<li>\n<p data-path-to-node=\"9,0,0\"><b data-path-to-node=\"9,0,0\" data-index-in-node=\"0\">Dur\u00e9e du vol :<\/b><span class=\"citation-90\"> Jusqu&#039;\u00e0 <\/span><b data-path-to-node=\"9,0,0\" data-index-in-node=\"19\"><span class=\"citation-90\">41 \u00e0 45 minutes<\/span><\/b><span class=\"citation-90 citation-end-90\"> en fonction de la configuration de la batterie et de la charge utile.<\/span><\/p>\n<\/li>\n<li>\n<p data-path-to-node=\"9,1,0\"><b data-path-to-node=\"9,1,0\" data-index-in-node=\"0\">Port\u00e9e de transmission :<\/b><span class=\"citation-89\"> Jusqu&#039;\u00e0 <\/span><b data-path-to-node=\"9,1,0\" data-index-in-node=\"26\"><span class=\"citation-89\">15 km (FCC)<\/span><\/b><span class=\"citation-89 citation-end-89\">, offrant une port\u00e9e op\u00e9rationnelle massive.<\/span><\/p>\n<\/li>\n<li>\n<p data-path-to-node=\"9,2,0\"><b data-path-to-node=\"9,2,0\" data-index-in-node=\"0\"><span class=\"citation-88\">Conception robuste :<\/span><\/b><span class=\"citation-88\"> Not\u00e9 <\/span><b data-path-to-node=\"9,2,0\" data-index-in-node=\"21\"><span class=\"citation-88\">IP43<\/span><\/b><span class=\"citation-88 citation-end-88\"> pour sa r\u00e9sistance \u00e0 la poussi\u00e8re et \u00e0 l&#039;eau, lui permettant de fonctionner sous une pluie l\u00e9g\u00e8re et dans des conditions difficiles ($ -20^{\\circ}\\text{C}$ \u00e0 <\/span><span class=\"math-inline\" data-math=\"50^{\\circ}\\text{C}\" data-index-in-node=\"142\">$50^{\\circ}\\texte{C}$<\/span><span class=\"citation-87 citation-end-87\">).<\/span><\/p>\n<\/li>\n<li>\n<p data-path-to-node=\"9,3,0\"><b data-path-to-node=\"9,3,0\" data-index-in-node=\"0\"><span class=\"citation-86\">Pr\u00e9cision:<\/span><\/b><span class=\"citation-86\"> Int\u00e9gr\u00e9 <\/span><b data-path-to-node=\"9,3,0\" data-index-in-node=\"20\"><span class=\"citation-86\">Module RTK<\/span><\/b><span class=\"citation-86 citation-end-86\"> pour une pr\u00e9cision de vol stationnaire au centim\u00e8tre pr\u00e8s, essentielle pour la cartographie et les inspections r\u00e9p\u00e9tables.<\/span><\/p>\n<p>&nbsp;<\/li>\n<\/ul>\n<h3 data-path-to-node=\"11\"><b data-path-to-node=\"11\" data-index-in-node=\"0\">Sp\u00e9cifications techniques<\/b><\/h3>\n<h3 data-path-to-node=\"11\"><a href=\"https:\/\/www.ghostysky.com\/wp-content\/uploads\/2026\/02\/GH_S220-PRO-640_main_prod.png\"><img fetchpriority=\"high\" decoding=\"async\" class=\"alignnone wp-image-24013 size-full lazyload\" src=\"data:image\/gif;base64,R0lGODlhAQABAAAAACH5BAEKAAEALAAAAAABAAEAAAICTAEAOw==\" alt=\"\" width=\"1009\" height=\"1145\" sizes=\"(max-width: 1009px) 100vw, 1009px\" data-src=\"data:image\/gif;base64,R0lGODlhAQABAAAAACH5BAEKAAEALAAAAAABAAEAAAICTAEAOw==\" data-srcset=\"\" srcset=\"\"><\/a><\/h3>\n<h3 data-path-to-node=\"11\"><b style=\"font-size: 16px;\" data-path-to-node=\"14\" data-index-in-node=\"0\">Que contient le kit standard ?<\/b><\/h3>\n<p data-path-to-node=\"15\">Le kit standard est g\u00e9n\u00e9ralement configur\u00e9 pour un d\u00e9ploiement manuel imm\u00e9diat. Son contenu peut varier selon le revendeur, mais il comprend g\u00e9n\u00e9ralement\u00a0:<\/p>\n<ul data-path-to-node=\"16\">\n<li>\n<p data-path-to-node=\"16,0,0\"><b data-path-to-node=\"16,0,0\" data-index-in-node=\"0\">1x<\/b> Avion GDU S220 Pro (version 640)<\/p>\n<\/li>\n<li>\n<p data-path-to-node=\"16,1,0\"><b data-path-to-node=\"16,1,0\" data-index-in-node=\"0\"><span class=\"citation-85\">1x<\/span><\/b><span class=\"citation-85 citation-end-85\"> T\u00e9l\u00e9commande intelligente PYK-200 (avec \u00e9cran haute luminosit\u00e9)<\/span><\/p>\n<\/li>\n<li>\n<p data-path-to-node=\"16,2,0\"><b data-path-to-node=\"16,2,0\" data-index-in-node=\"0\"><span class=\"citation-84\">1x<\/span><\/b><span class=\"citation-84 citation-end-84\"> Batterie de vol intelligente<\/span><\/p>\n<\/li>\n<li>\n<p data-path-to-node=\"16,3,0\"><b data-path-to-node=\"16,3,0\" data-index-in-node=\"0\"><span class=\"citation-83\">1x<\/span><\/b><span class=\"citation-83 citation-end-83\"> Chargeur secteur et c\u00e2bles<\/span><\/p>\n<\/li>\n<li>\n<p data-path-to-node=\"16,4,0\"><b data-path-to-node=\"16,4,0\" data-index-in-node=\"0\">H\u00e9lices de rechange<\/b><\/p>\n<\/li>\n<li>\n<p data-path-to-node=\"16,5,0\"><b data-path-to-node=\"16,5,0\" data-index-in-node=\"0\">\u00c9tui de transport rigide<\/b><\/p>\n<\/li>\n<\/ul>","protected":false},"excerpt":{"rendered":"<p><span class=\"citation-100\">Le <\/span><b data-path-to-node=\"0\" data-index-in-node=\"4\"><span class=\"citation-100\">Kit standard GDU S220 Pro (version 640)<\/span><\/b><span class=\"citation-100 citation-end-100\"> Il s&#039;agit d&#039;un drone industriel haute performance con\u00e7u pour des applications professionnelles telles que l&#039;inspection des lignes \u00e9lectriques, la recherche et le sauvetage, et la surveillance des infrastructures.<\/span> <span class=\"citation-99 citation-end-99\">Elle se positionne comme plateforme phare de la gamme GDU-Tech, offrant un \u00e9quilibre entre imagerie thermique puissante et capacit\u00e9s d&#039;IA avanc\u00e9es dans un format portable et pliable.<\/span><\/p>","protected":false},"featured_media":24012,"comment_status":"open","ping_status":"closed","template":"","meta":[],"product_brand":[1369],"product_cat":[29,1360,1361,1359],"product_tag":[1370,1372,1373,1371,59],"class_list":{"0":"post-24007","1":"product","2":"type-product","3":"status-publish","4":"has-post-thumbnail","6":"product_brand-gdu-tech","7":"product_cat-drones","8":"product_cat-gdu-s200-series","9":"product_cat-gdu-s200-series-drones","10":"product_cat-gdu-tech","11":"product_tag-gdu-s200-series","12":"product_tag-gdu-s200-series-drones","13":"product_tag-gdu-s220-pro","14":"product_tag-gdu-tech","15":"product_tag-thermal-camera","17":"first","18":"outofstock","19":"taxable","20":"shipping-taxable","21":"purchasable","22":"product-type-simple"},"yoast_head":"<!-- This site is optimized with the Yoast SEO plugin v27.4 - https:\/\/yoast.com\/product\/yoast-seo-wordpress\/ -->\n<title>GDU S220 Pro Series 640 Thermal Camera Drone Standard Kit - Ghostysky<\/title>\n<meta name=\"description\" content=\"The GDU S220 Pro (640 Version) Standard Kit is a high-performance industrial drone designed for professional applications like power line inspection, search and rescue, and infrastructure monitoring. It sits as a flagship platform in GDU-Tech&#039;s lineup, offering a balance of powerful thermal imaging and advanced AI capabilities in a portable, foldable frame.\" \/>\n<meta name=\"robots\" content=\"index, follow, max-snippet:-1, max-image-preview:large, max-video-preview:-1\" \/>\n<link rel=\"canonical\" href=\"https:\/\/www.ghostysky.com\/fr\/product\/gdu-s220-pro-series-640-thermal-camera-drone-standard-kit\/\" \/>\n<meta property=\"og:locale\" content=\"fr_FR\" \/>\n<meta property=\"og:type\" content=\"article\" \/>\n<meta property=\"og:title\" content=\"GDU S220 Pro Series 640 Thermal Camera Drone Standard Kit - Ghostysky\" \/>\n<meta property=\"og:description\" content=\"The GDU S220 Pro (640 Version) Standard Kit is a high-performance industrial drone designed for professional applications like power line inspection, search and rescue, and infrastructure monitoring. It sits as a flagship platform in GDU-Tech&#039;s lineup, offering a balance of powerful thermal imaging and advanced AI capabilities in a portable, foldable frame.\" \/>\n<meta property=\"og:url\" content=\"https:\/\/www.ghostysky.com\/fr\/product\/gdu-s220-pro-series-640-thermal-camera-drone-standard-kit\/\" \/>\n<meta property=\"og:site_name\" content=\"Ghostysky\" \/>\n<meta property=\"article:publisher\" content=\"https:\/\/www.facebook.com\/people\/Ghostysky\/100057676170234\/\" \/>\n<meta property=\"article:modified_time\" content=\"2026-02-04T09:05:21+00:00\" \/>\n<meta property=\"og:image\" content=\"https:\/\/www.ghostysky.com\/wp-content\/uploads\/2026\/02\/GH_GDU-S220-Pro-Series-640_1.webp\" \/>\n\t<meta property=\"og:image:width\" content=\"1200\" \/>\n\t<meta property=\"og:image:height\" content=\"1200\" \/>\n\t<meta property=\"og:image:type\" content=\"image\/webp\" \/>\n<meta name=\"twitter:card\" content=\"summary_large_image\" \/>\n<meta name=\"twitter:site\" content=\"@Gh0stysky\" \/>\n<meta name=\"twitter:label1\" content=\"Dur\u00e9e de lecture estim\u00e9e\" \/>\n\t<meta name=\"twitter:data1\" content=\"2 minutes\" \/>\n<script type=\"application\/ld+json\" class=\"yoast-schema-graph\">{\"@context\":\"https:\\\/\\\/schema.org\",\"@graph\":[{\"@type\":\"WebPage\",\"@id\":\"https:\\\/\\\/www.ghostysky.com\\\/product\\\/gdu-s220-pro-series-640-thermal-camera-drone-standard-kit\\\/\",\"url\":\"https:\\\/\\\/www.ghostysky.com\\\/product\\\/gdu-s220-pro-series-640-thermal-camera-drone-standard-kit\\\/\",\"name\":\"GDU S220 Pro Series 640 Thermal Camera Drone Standard Kit - Ghostysky\",\"isPartOf\":{\"@id\":\"https:\\\/\\\/www.ghostysky.com\\\/#website\"},\"primaryImageOfPage\":{\"@id\":\"https:\\\/\\\/www.ghostysky.com\\\/product\\\/gdu-s220-pro-series-640-thermal-camera-drone-standard-kit\\\/#primaryimage\"},\"image\":{\"@id\":\"https:\\\/\\\/www.ghostysky.com\\\/product\\\/gdu-s220-pro-series-640-thermal-camera-drone-standard-kit\\\/#primaryimage\"},\"thumbnailUrl\":\"https:\\\/\\\/www.ghostysky.com\\\/wp-content\\\/uploads\\\/2026\\\/02\\\/GH_GDU-S220-Pro-Series-640_1.webp\",\"datePublished\":\"2026-02-04T08:54:04+00:00\",\"dateModified\":\"2026-02-04T09:05:21+00:00\",\"description\":\"The GDU S220 Pro (640 Version) Standard Kit is a high-performance industrial drone designed for professional applications like power line inspection, search and rescue, and infrastructure monitoring. It sits as a flagship platform in GDU-Tech's lineup, offering a balance of powerful thermal imaging and advanced AI capabilities in a portable, foldable frame.\",\"breadcrumb\":{\"@id\":\"https:\\\/\\\/www.ghostysky.com\\\/product\\\/gdu-s220-pro-series-640-thermal-camera-drone-standard-kit\\\/#breadcrumb\"},\"inLanguage\":\"fr-FR\",\"potentialAction\":[{\"@type\":\"ReadAction\",\"target\":[\"https:\\\/\\\/www.ghostysky.com\\\/product\\\/gdu-s220-pro-series-640-thermal-camera-drone-standard-kit\\\/\"]}]},{\"@type\":\"ImageObject\",\"inLanguage\":\"fr-FR\",\"@id\":\"https:\\\/\\\/www.ghostysky.com\\\/product\\\/gdu-s220-pro-series-640-thermal-camera-drone-standard-kit\\\/#primaryimage\",\"url\":\"https:\\\/\\\/www.ghostysky.com\\\/wp-content\\\/uploads\\\/2026\\\/02\\\/GH_GDU-S220-Pro-Series-640_1.webp\",\"contentUrl\":\"https:\\\/\\\/www.ghostysky.com\\\/wp-content\\\/uploads\\\/2026\\\/02\\\/GH_GDU-S220-Pro-Series-640_1.webp\",\"width\":1200,\"height\":1200},{\"@type\":\"BreadcrumbList\",\"@id\":\"https:\\\/\\\/www.ghostysky.com\\\/product\\\/gdu-s220-pro-series-640-thermal-camera-drone-standard-kit\\\/#breadcrumb\",\"itemListElement\":[{\"@type\":\"ListItem\",\"position\":1,\"name\":\"Home\",\"item\":\"https:\\\/\\\/www.ghostysky.com\\\/\"},{\"@type\":\"ListItem\",\"position\":2,\"name\":\"Shop\",\"item\":\"https:\\\/\\\/www.ghostysky.com\\\/shop\\\/\"},{\"@type\":\"ListItem\",\"position\":3,\"name\":\"GDU S220 Pro Series 640 Thermal Camera Drone Standard Kit\"}]},{\"@type\":\"WebSite\",\"@id\":\"https:\\\/\\\/www.ghostysky.com\\\/#website\",\"url\":\"https:\\\/\\\/www.ghostysky.com\\\/\",\"name\":\"Ghostysky\",\"description\":\"Delivering professional drones and services\",\"publisher\":{\"@id\":\"https:\\\/\\\/www.ghostysky.com\\\/#organization\"},\"potentialAction\":[{\"@type\":\"SearchAction\",\"target\":{\"@type\":\"EntryPoint\",\"urlTemplate\":\"https:\\\/\\\/www.ghostysky.com\\\/?s={search_term_string}\"},\"query-input\":{\"@type\":\"PropertyValueSpecification\",\"valueRequired\":true,\"valueName\":\"search_term_string\"}}],\"inLanguage\":\"fr-FR\"},{\"@type\":\"Organization\",\"@id\":\"https:\\\/\\\/www.ghostysky.com\\\/#organization\",\"name\":\"Ghostysky\",\"url\":\"https:\\\/\\\/www.ghostysky.com\\\/\",\"logo\":{\"@type\":\"ImageObject\",\"inLanguage\":\"fr-FR\",\"@id\":\"https:\\\/\\\/www.ghostysky.com\\\/#\\\/schema\\\/logo\\\/image\\\/\",\"url\":\"https:\\\/\\\/www.ghostysky.com\\\/wp-content\\\/uploads\\\/2020\\\/06\\\/cropped-ghostyskylogo_text_white2.png\",\"contentUrl\":\"https:\\\/\\\/www.ghostysky.com\\\/wp-content\\\/uploads\\\/2020\\\/06\\\/cropped-ghostyskylogo_text_white2.png\",\"width\":169,\"height\":56,\"caption\":\"Ghostysky\"},\"image\":{\"@id\":\"https:\\\/\\\/www.ghostysky.com\\\/#\\\/schema\\\/logo\\\/image\\\/\"},\"sameAs\":[\"https:\\\/\\\/www.facebook.com\\\/people\\\/Ghostysky\\\/100057676170234\\\/\",\"https:\\\/\\\/x.com\\\/Gh0stysky\",\"https:\\\/\\\/www.linkedin.com\\\/company\\\/34739653\",\"https:\\\/\\\/www.instagram.com\\\/gh0stysky\"]}]}<\/script>\n<!-- \/ Yoast SEO plugin. -->","yoast_head_json":{"title":"Kit standard pour drone avec cam\u00e9ra thermique GDU S220 Pro Series 640 - Ghostysky","description":"Le kit standard GDU S220 Pro (version 640) est un drone industriel haute performance con\u00e7u pour des applications professionnelles telles que l&#039;inspection des lignes \u00e9lectriques, la recherche et le sauvetage, et la surveillance des infrastructures. Mod\u00e8le phare de la gamme GDU-Tech, il offre un \u00e9quilibre parfait entre imagerie thermique performante et intelligence artificielle avanc\u00e9e, le tout dans un format portable et pliable.","robots":{"index":"index","follow":"follow","max-snippet":"max-snippet:-1","max-image-preview":"max-image-preview:large","max-video-preview":"max-video-preview:-1"},"canonical":"https:\/\/www.ghostysky.com\/fr\/product\/gdu-s220-pro-series-640-thermal-camera-drone-standard-kit\/","og_locale":"fr_FR","og_type":"article","og_title":"GDU S220 Pro Series 640 Thermal Camera Drone Standard Kit - Ghostysky","og_description":"The GDU S220 Pro (640 Version) Standard Kit is a high-performance industrial drone designed for professional applications like power line inspection, search and rescue, and infrastructure monitoring. It sits as a flagship platform in GDU-Tech's lineup, offering a balance of powerful thermal imaging and advanced AI capabilities in a portable, foldable frame.","og_url":"https:\/\/www.ghostysky.com\/fr\/product\/gdu-s220-pro-series-640-thermal-camera-drone-standard-kit\/","og_site_name":"Ghostysky","article_publisher":"https:\/\/www.facebook.com\/people\/Ghostysky\/100057676170234\/","article_modified_time":"2026-02-04T09:05:21+00:00","og_image":[{"width":1200,"height":1200,"url":"https:\/\/www.ghostysky.com\/wp-content\/uploads\/2026\/02\/GH_GDU-S220-Pro-Series-640_1.webp","type":"image\/webp"}],"twitter_card":"summary_large_image","twitter_site":"@Gh0stysky","twitter_misc":{"Dur\u00e9e de lecture estim\u00e9e":"2 minutes"},"schema":{"@context":"https:\/\/schema.org","@graph":[{"@type":"WebPage","@id":"https:\/\/www.ghostysky.com\/product\/gdu-s220-pro-series-640-thermal-camera-drone-standard-kit\/","url":"https:\/\/www.ghostysky.com\/product\/gdu-s220-pro-series-640-thermal-camera-drone-standard-kit\/","name":"Kit standard pour drone avec cam\u00e9ra thermique GDU S220 Pro Series 640 - Ghostysky","isPartOf":{"@id":"https:\/\/www.ghostysky.com\/#website"},"primaryImageOfPage":{"@id":"https:\/\/www.ghostysky.com\/product\/gdu-s220-pro-series-640-thermal-camera-drone-standard-kit\/#primaryimage"},"image":{"@id":"https:\/\/www.ghostysky.com\/product\/gdu-s220-pro-series-640-thermal-camera-drone-standard-kit\/#primaryimage"},"thumbnailUrl":"https:\/\/www.ghostysky.com\/wp-content\/uploads\/2026\/02\/GH_GDU-S220-Pro-Series-640_1.webp","datePublished":"2026-02-04T08:54:04+00:00","dateModified":"2026-02-04T09:05:21+00:00","description":"Le kit standard GDU S220 Pro (version 640) est un drone industriel haute performance con\u00e7u pour des applications professionnelles telles que l&#039;inspection des lignes \u00e9lectriques, la recherche et le sauvetage, et la surveillance des infrastructures. Mod\u00e8le phare de la gamme GDU-Tech, il offre un \u00e9quilibre parfait entre imagerie thermique performante et intelligence artificielle avanc\u00e9e, le tout dans un format portable et pliable.","breadcrumb":{"@id":"https:\/\/www.ghostysky.com\/product\/gdu-s220-pro-series-640-thermal-camera-drone-standard-kit\/#breadcrumb"},"inLanguage":"fr-FR","potentialAction":[{"@type":"ReadAction","target":["https:\/\/www.ghostysky.com\/product\/gdu-s220-pro-series-640-thermal-camera-drone-standard-kit\/"]}]},{"@type":"ImageObject","inLanguage":"fr-FR","@id":"https:\/\/www.ghostysky.com\/product\/gdu-s220-pro-series-640-thermal-camera-drone-standard-kit\/#primaryimage","url":"https:\/\/www.ghostysky.com\/wp-content\/uploads\/2026\/02\/GH_GDU-S220-Pro-Series-640_1.webp","contentUrl":"https:\/\/www.ghostysky.com\/wp-content\/uploads\/2026\/02\/GH_GDU-S220-Pro-Series-640_1.webp","width":1200,"height":1200},{"@type":"BreadcrumbList","@id":"https:\/\/www.ghostysky.com\/product\/gdu-s220-pro-series-640-thermal-camera-drone-standard-kit\/#breadcrumb","itemListElement":[{"@type":"ListItem","position":1,"name":"Home","item":"https:\/\/www.ghostysky.com\/"},{"@type":"ListItem","position":2,"name":"Shop","item":"https:\/\/www.ghostysky.com\/shop\/"},{"@type":"ListItem","position":3,"name":"GDU S220 Pro Series 640 Thermal Camera Drone Standard Kit"}]},{"@type":"WebSite","@id":"https:\/\/www.ghostysky.com\/#website","url":"https:\/\/www.ghostysky.com\/","name":"Ghostysky","description":"Livraison de drones et de services professionnels","publisher":{"@id":"https:\/\/www.ghostysky.com\/#organization"},"potentialAction":[{"@type":"SearchAction","target":{"@type":"EntryPoint","urlTemplate":"https:\/\/www.ghostysky.com\/?s={search_term_string}"},"query-input":{"@type":"PropertyValueSpecification","valueRequired":true,"valueName":"search_term_string"}}],"inLanguage":"fr-FR"},{"@type":"Organization","@id":"https:\/\/www.ghostysky.com\/#organization","name":"Ghostysky","url":"https:\/\/www.ghostysky.com\/","logo":{"@type":"ImageObject","inLanguage":"fr-FR","@id":"https:\/\/www.ghostysky.com\/#\/schema\/logo\/image\/","url":"https:\/\/www.ghostysky.com\/wp-content\/uploads\/2020\/06\/cropped-ghostyskylogo_text_white2.png","contentUrl":"https:\/\/www.ghostysky.com\/wp-content\/uploads\/2020\/06\/cropped-ghostyskylogo_text_white2.png","width":169,"height":56,"caption":"Ghostysky"},"image":{"@id":"https:\/\/www.ghostysky.com\/#\/schema\/logo\/image\/"},"sameAs":["https:\/\/www.facebook.com\/people\/Ghostysky\/100057676170234\/","https:\/\/x.com\/Gh0stysky","https:\/\/www.linkedin.com\/company\/34739653","https:\/\/www.instagram.com\/gh0stysky"]}]}},"_links":{"self":[{"href":"https:\/\/www.ghostysky.com\/fr\/wp-json\/wp\/v2\/product\/24007","targetHints":{"allow":["GET"]}}],"collection":[{"href":"https:\/\/www.ghostysky.com\/fr\/wp-json\/wp\/v2\/product"}],"about":[{"href":"https:\/\/www.ghostysky.com\/fr\/wp-json\/wp\/v2\/types\/product"}],"replies":[{"embeddable":true,"href":"https:\/\/www.ghostysky.com\/fr\/wp-json\/wp\/v2\/comments?post=24007"}],"version-history":[{"count":0,"href":"https:\/\/www.ghostysky.com\/fr\/wp-json\/wp\/v2\/product\/24007\/revisions"}],"wp:featuredmedia":[{"embeddable":true,"href":"https:\/\/www.ghostysky.com\/fr\/wp-json\/wp\/v2\/media\/24012"}],"wp:attachment":[{"href":"https:\/\/www.ghostysky.com\/fr\/wp-json\/wp\/v2\/media?parent=24007"}],"wp:term":[{"taxonomy":"product_brand","embeddable":true,"href":"https:\/\/www.ghostysky.com\/fr\/wp-json\/wp\/v2\/product_brand?post=24007"},{"taxonomy":"product_cat","embeddable":true,"href":"https:\/\/www.ghostysky.com\/fr\/wp-json\/wp\/v2\/product_cat?post=24007"},{"taxonomy":"product_tag","embeddable":true,"href":"https:\/\/www.ghostysky.com\/fr\/wp-json\/wp\/v2\/product_tag?post=24007"}],"curies":[{"name":"wp","href":"https:\/\/api.w.org\/{rel}","templated":true}]}}