{"id":24024,"date":"2026-02-06T13:57:56","date_gmt":"2026-02-06T13:57:56","guid":{"rendered":"https:\/\/www.ghostysky.com\/?post_type=product&#038;p=24024"},"modified":"2026-02-06T14:04:23","modified_gmt":"2026-02-06T14:04:23","slug":"unitree-go2-x","status":"publish","type":"product","link":"https:\/\/www.ghostysky.com\/fr\/product\/unitree-go2-x\/","title":{"rendered":"Unitree Go2 X"},"content":{"rendered":"<h3 data-path-to-node=\"3\"><b data-path-to-node=\"3\" data-index-in-node=\"4\">Technologies de base et IA<\/b><\/h3>\n<p data-path-to-node=\"4\"><span class=\"citation-20\">Le Go2 X est aliment\u00e9 par la technologie d\u00e9velopp\u00e9e en interne par Unitree. <\/span><b data-path-to-node=\"4\" data-index-in-node=\"49\"><span class=\"citation-20\">LiDAR 4D L1<\/span><\/b><span class=\"citation-20 citation-end-20\">, fournissant un <\/span><span class=\"math-inline\" data-math=\"360^{\\circ} \\times 90^{\\circ}\" data-index-in-node=\"74\">360\u00ba x 90\u00ba<\/span><span class=\"citation-19 citation-end-19\"> Syst\u00e8me de reconnaissance h\u00e9misph\u00e9rique ultra-large.<\/span><\/p>\n<ul data-path-to-node=\"5\">\n<li>\n<p data-path-to-node=\"5,0,0\"><b data-path-to-node=\"5,0,0\" data-index-in-node=\"0\"><span class=\"citation-18\">IA incarn\u00e9e\u00a0:<\/span><\/b><span class=\"citation-18 citation-end-18\"> Int\u00e9gr\u00e9 \u00e0 de grands mod\u00e8les de langage bas\u00e9s sur GPT, le Go2 X peut comprendre des commandes vocales complexes et interagir avec son environnement de mani\u00e8re plus naturelle.<\/span><\/p>\n<\/li>\n<li>\n<p data-path-to-node=\"5,1,0\"><b data-path-to-node=\"5,1,0\" data-index-in-node=\"0\"><span class=\"citation-17 citation-end-17\">ISS 2.0 (Syst\u00e8me intelligent de suivi lat\u00e9ral) :<\/span><\/b><span class=\"citation-16 citation-end-16\"> Dot\u00e9 d&#039;une am\u00e9lioration de la pr\u00e9cision de positionnement 50%, le robot peut suivre son propri\u00e9taire de mani\u00e8re autonome tout en naviguant intelligemment autour des obstacles.<\/span><\/p>\n<\/li>\n<li>\n<p data-path-to-node=\"5,2,0\"><b data-path-to-node=\"5,2,0\" data-index-in-node=\"0\">Capacit\u00e9s de mouvement\u00a0:<\/b> Gr\u00e2ce \u00e0 un entra\u00eenement pouss\u00e9 par simulation d&#039;IA, il peut effectuer des man\u0153uvres avanc\u00e9es comme des \u00e9quilibres sur les mains, des saltos arri\u00e8re, des bonds et monter des escaliers avec un angle d&#039;inclinaison maximal de <b data-path-to-node=\"5,2,0\" data-index-in-node=\"192\"><span class=\"math-inline\" data-math=\"40^{\\circ}\" data-index-in-node=\"192\">40\u00ba<\/span><\/b>.<\/p>\n<\/li>\n<\/ul>\n<h3 data-path-to-node=\"7\"><b data-path-to-node=\"7\" data-index-in-node=\"4\">Sp\u00e9cifications techniques<\/b><\/h3>\n<table data-path-to-node=\"8\">\n<thead>\n<tr>\n<td><strong>Fonctionnalit\u00e9<\/strong><\/td>\n<td><strong>Sp\u00e9cification<\/strong><\/td>\n<\/tr>\n<\/thead>\n<tbody>\n<tr>\n<td><span data-path-to-node=\"8,1,0,0\"><b data-path-to-node=\"8,1,0,0\" data-index-in-node=\"0\">Vitesse maximale<\/b><\/span><\/td>\n<td><span data-path-to-node=\"8,1,1,0\">0 ~ 3,7 m\/s (jusqu&#039;\u00e0 5 m\/s en laboratoire)<\/span><\/td>\n<\/tr>\n<tr>\n<td><span data-path-to-node=\"8,2,0,0\"><b data-path-to-node=\"8,2,0,0\" data-index-in-node=\"0\">Charge utile<\/b><\/span><\/td>\n<td><span data-path-to-node=\"8,2,1,0\">~8 kg (Capacit\u00e9 maximale jusqu&#039;\u00e0 12 kg)<\/span><\/td>\n<\/tr>\n<tr>\n<td><span data-path-to-node=\"8,3,0,0\"><b data-path-to-node=\"8,3,0,0\" data-index-in-node=\"0\">Poids<\/b><\/span><\/td>\n<td><span data-path-to-node=\"8,3,1,0\">~15 kg (batterie comprise)<\/span><\/td>\n<\/tr>\n<tr>\n<td><span data-path-to-node=\"8,4,0,0\"><b data-path-to-node=\"8,4,0,0\" data-index-in-node=\"0\">Couple de serrage articulaire<\/b><\/span><\/td>\n<td><span data-path-to-node=\"8,4,1,0\">Couple articulaire maximal de <b data-path-to-node=\"8,4,1,0\" data-index-in-node=\"21\"><span class=\"math-inline\" data-math=\"45\\text{N}\\cdot\\text{m}\" data-index-in-node=\"21\">45 Nm<\/span><\/b><\/span><\/td>\n<\/tr>\n<tr>\n<td><span data-path-to-node=\"8,5,0,0\"><b data-path-to-node=\"8,5,0,0\" data-index-in-node=\"0\">Puissance de calcul<\/b><\/span><\/td>\n<td><span data-path-to-node=\"8,5,1,0\">Processeur haute performance \u00e0 8 c\u0153urs (prend en charge le d\u00e9veloppement secondaire)<\/span><\/td>\n<\/tr>\n<tr>\n<td><span data-path-to-node=\"8,6,0,0\"><b data-path-to-node=\"8,6,0,0\" data-index-in-node=\"0\">Autonomie de la batterie<\/b><\/span><\/td>\n<td><span data-path-to-node=\"8,6,1,0\">1 \u00e0 2 heures (batterie standard de 8\u00a0000\u00a0mAh) ou jusqu\u2019\u00e0 4 heures (batterie optionnelle de 15\u00a0000\u00a0mAh)<\/span><\/td>\n<\/tr>\n<tr>\n<td><span data-path-to-node=\"8,7,0,0\"><b data-path-to-node=\"8,7,0,0\" data-index-in-node=\"0\">Connectivit\u00e9<\/b><\/span><\/td>\n<td><span data-path-to-node=\"8,7,1,0\">Wi-Fi 6, Bluetooth 5.2\/4.2, module 4G avec eSIM<\/span><\/td>\n<\/tr>\n<\/tbody>\n<\/table>\n<p>&nbsp;<\/p>\n<h3 data-path-to-node=\"10\"><b data-path-to-node=\"10\" data-index-in-node=\"4\">Mat\u00e9riel et durabilit\u00e9<\/b><\/h3>\n<ul data-path-to-node=\"11\">\n<li>\n<p data-path-to-node=\"11,0,0\"><b data-path-to-node=\"11,0,0\" data-index-in-node=\"0\">Refroidissement avanc\u00e9\u00a0:<\/b><span class=\"citation-15 citation-end-15\"> Les refroidisseurs \u00e0 caloducs int\u00e9gr\u00e9s aux articulations des genoux permettent des performances soutenues \u00e0 haute intensit\u00e9 sans surchauffe.<\/span><\/p>\n<\/li>\n<li>\n<p data-path-to-node=\"11,1,0\"><b data-path-to-node=\"11,1,0\" data-index-in-node=\"0\">C\u00e2blage interne :<\/b><span class=\"citation-14 citation-end-14\"> Tous les circuits des articulations sont achemin\u00e9s en interne, ce qui r\u00e9duit les risques d&#039;accrochage et am\u00e9liore l&#039;esth\u00e9tique \u00e9pur\u00e9e du robot.<\/span><\/p>\n<\/li>\n<li>\n<p data-path-to-node=\"11,2,0\"><b data-path-to-node=\"11,2,0\" data-index-in-node=\"0\">Visuels et son :<\/b><span class=\"citation-13 citation-end-13\"> Dot\u00e9 d&#039;une cam\u00e9ra grand angle HD pour une transmission en temps r\u00e9el 1080P, d&#039;un syst\u00e8me d&#039;\u00e9clairage 3W pour un fonctionnement nocturne et d&#039;un haut-parleur haute fid\u00e9lit\u00e9 pour l&#039;interaction vocale ou la musique.<\/span><\/p>\n<p>&nbsp;<\/li>\n<\/ul>\n<h3 data-path-to-node=\"13\"><b data-path-to-node=\"13\" data-index-in-node=\"4\">\u00c0 qui s&#039;adresse-t-il ?<\/b><\/h3>\n<p data-path-to-node=\"14\">Le Go2 X est le choix id\u00e9al pour :<\/p>\n<ol start=\"1\" data-path-to-node=\"15\">\n<li>\n<p data-path-to-node=\"15,0,0\"><b data-path-to-node=\"15,0,0\" data-index-in-node=\"0\"><span class=\"citation-12\">Chercheurs en robotique\u00a0:<\/span><\/b><span class=\"citation-12 citation-end-12\"> Pour ceux qui ont besoin d&#039;une plateforme programmable (prise en charge de Python\/ROS) mais qui n&#039;ont pas besoin de l&#039;ensemble des capteurs sp\u00e9cialis\u00e9s que l&#039;on trouve dans les mod\u00e8les phares EDU plus co\u00fbteux.<\/span><\/p>\n<\/li>\n<li>\n<p data-path-to-node=\"15,1,0\"><b data-path-to-node=\"15,1,0\" data-index-in-node=\"0\">Passionn\u00e9s de technologie\u00a0:<\/b> Pour ceux qui souhaitent un compagnon plus puissant et plus \u201c intelligent \u201d que le mod\u00e8le Air de base.<\/p>\n<\/li>\n<li>\n<p data-path-to-node=\"15,2,0\"><b data-path-to-node=\"15,2,0\" data-index-in-node=\"0\">Prototypage industriel\u00a0:<\/b><span class=\"citation-11 citation-end-11\"> Id\u00e9al pour tester la navigation autonome ou effectuer des t\u00e2ches d&#039;inspection \u00e0 moindre co\u00fbt.<\/span><\/p>\n<\/li>\n<\/ol>","protected":false},"excerpt":{"rendered":"<p><span class=\"citation-21\">Le <\/span><b data-path-to-node=\"0\" data-index-in-node=\"4\"><span class=\"citation-21\">Unitree Go2 X<\/span><\/b><span class=\"citation-21 citation-end-21\"> est un robot quadrup\u00e8de bionique de pointe et haute performance, con\u00e7u pour combler le foss\u00e9 entre la technologie grand public et la recherche industrielle.<\/span> En tant que variante \u00ab performances \u00e9tendues \u00bb de la gamme Go2, elle combine l&#039;agilit\u00e9 \u00e9l\u00e9gante du Go2 Pro avec la puissance de calcul am\u00e9lior\u00e9e et les capacit\u00e9s de d\u00e9veloppement secondaires g\u00e9n\u00e9ralement r\u00e9serv\u00e9es \u00e0 la s\u00e9rie EDU.<\/p>","protected":false},"featured_media":24027,"comment_status":"open","ping_status":"closed","template":"","meta":[],"product_brand":[1087],"product_cat":[1039,1037,1085],"product_tag":[1088,1091,1090],"class_list":{"0":"post-24024","1":"product","2":"type-product","3":"status-publish","4":"has-post-thumbnail","6":"product_brand-unitree","7":"product_cat-quadruped","8":"product_cat-robotics","9":"product_cat-unitree-quad-robots","10":"product_tag-unitree","11":"product_tag-unitree-quadru","12":"product_tag-unitree-quadruped-robots","14":"first","15":"onbackorder","16":"taxable","17":"shipping-taxable","18":"purchasable","19":"product-type-simple"},"yoast_head":"<!-- This site is optimized with the Yoast SEO plugin v27.1.1 - https:\/\/yoast.com\/product\/yoast-seo-wordpress\/ -->\n<title>Unitree Go2 X - Ghostysky<\/title>\n<meta name=\"description\" content=\"The Unitree Go2 X is an advanced, high-performance bionic quadruped robot designed to bridge the gap between consumer-grade tech and industrial research. As the &quot;extended performance&quot; variant of the Go2 lineup, it combines the sleek agility of the Go2 Pro with the enhanced computing power and secondary development capabilities typically reserved for the EDU series.\" \/>\n<meta name=\"robots\" content=\"index, follow, max-snippet:-1, max-image-preview:large, max-video-preview:-1\" \/>\n<link rel=\"canonical\" href=\"https:\/\/www.ghostysky.com\/fr\/product\/unitree-go2-x\/\" \/>\n<meta property=\"og:locale\" content=\"fr_FR\" \/>\n<meta property=\"og:type\" content=\"article\" \/>\n<meta property=\"og:title\" content=\"Unitree Go2 X - Ghostysky\" \/>\n<meta property=\"og:description\" content=\"The Unitree Go2 X is an advanced, high-performance bionic quadruped robot designed to bridge the gap between consumer-grade tech and industrial research. As the &quot;extended performance&quot; variant of the Go2 lineup, it combines the sleek agility of the Go2 Pro with the enhanced computing power and secondary development capabilities typically reserved for the EDU series.\" \/>\n<meta property=\"og:url\" content=\"https:\/\/www.ghostysky.com\/fr\/product\/unitree-go2-x\/\" \/>\n<meta property=\"og:site_name\" content=\"Ghostysky\" \/>\n<meta property=\"article:publisher\" content=\"https:\/\/www.facebook.com\/people\/Ghostysky\/100057676170234\/\" \/>\n<meta property=\"article:modified_time\" content=\"2026-02-06T14:04:23+00:00\" \/>\n<meta property=\"og:image\" content=\"https:\/\/www.ghostysky.com\/wp-content\/uploads\/2026\/02\/GH_Unitree_X_1.png\" \/>\n\t<meta property=\"og:image:width\" content=\"600\" \/>\n\t<meta property=\"og:image:height\" content=\"548\" \/>\n\t<meta property=\"og:image:type\" content=\"image\/png\" \/>\n<meta name=\"twitter:card\" content=\"summary_large_image\" \/>\n<meta name=\"twitter:site\" content=\"@Gh0stysky\" \/>\n<meta name=\"twitter:label1\" content=\"Dur\u00e9e de lecture estim\u00e9e\" \/>\n\t<meta name=\"twitter:data1\" content=\"2 minutes\" \/>\n<script type=\"application\/ld+json\" class=\"yoast-schema-graph\">{\"@context\":\"https:\/\/schema.org\",\"@graph\":[{\"@type\":\"WebPage\",\"@id\":\"https:\/\/www.ghostysky.com\/product\/unitree-go2-x\/\",\"url\":\"https:\/\/www.ghostysky.com\/product\/unitree-go2-x\/\",\"name\":\"Unitree Go2 X - Ghostysky\",\"isPartOf\":{\"@id\":\"https:\/\/www.ghostysky.com\/#website\"},\"primaryImageOfPage\":{\"@id\":\"https:\/\/www.ghostysky.com\/product\/unitree-go2-x\/#primaryimage\"},\"image\":{\"@id\":\"https:\/\/www.ghostysky.com\/product\/unitree-go2-x\/#primaryimage\"},\"thumbnailUrl\":\"https:\/\/www.ghostysky.com\/wp-content\/uploads\/2026\/02\/GH_Unitree_X_1.png\",\"datePublished\":\"2026-02-06T13:57:56+00:00\",\"dateModified\":\"2026-02-06T14:04:23+00:00\",\"description\":\"The Unitree Go2 X is an advanced, high-performance bionic quadruped robot designed to bridge the gap between consumer-grade tech and industrial research. As the \\\"extended performance\\\" variant of the Go2 lineup, it combines the sleek agility of the Go2 Pro with the enhanced computing power and secondary development capabilities typically reserved for the EDU series.\",\"breadcrumb\":{\"@id\":\"https:\/\/www.ghostysky.com\/product\/unitree-go2-x\/#breadcrumb\"},\"inLanguage\":\"fr-FR\",\"potentialAction\":[{\"@type\":\"ReadAction\",\"target\":[\"https:\/\/www.ghostysky.com\/product\/unitree-go2-x\/\"]}]},{\"@type\":\"ImageObject\",\"inLanguage\":\"fr-FR\",\"@id\":\"https:\/\/www.ghostysky.com\/product\/unitree-go2-x\/#primaryimage\",\"url\":\"https:\/\/www.ghostysky.com\/wp-content\/uploads\/2026\/02\/GH_Unitree_X_1.png\",\"contentUrl\":\"https:\/\/www.ghostysky.com\/wp-content\/uploads\/2026\/02\/GH_Unitree_X_1.png\",\"width\":600,\"height\":548},{\"@type\":\"BreadcrumbList\",\"@id\":\"https:\/\/www.ghostysky.com\/product\/unitree-go2-x\/#breadcrumb\",\"itemListElement\":[{\"@type\":\"ListItem\",\"position\":1,\"name\":\"Home\",\"item\":\"https:\/\/www.ghostysky.com\/\"},{\"@type\":\"ListItem\",\"position\":2,\"name\":\"Shop\",\"item\":\"https:\/\/www.ghostysky.com\/shop\/\"},{\"@type\":\"ListItem\",\"position\":3,\"name\":\"Unitree Go2 X\"}]},{\"@type\":\"WebSite\",\"@id\":\"https:\/\/www.ghostysky.com\/#website\",\"url\":\"https:\/\/www.ghostysky.com\/\",\"name\":\"Ghostysky\",\"description\":\"Delivering professional drones and services\",\"publisher\":{\"@id\":\"https:\/\/www.ghostysky.com\/#organization\"},\"potentialAction\":[{\"@type\":\"SearchAction\",\"target\":{\"@type\":\"EntryPoint\",\"urlTemplate\":\"https:\/\/www.ghostysky.com\/?s={search_term_string}\"},\"query-input\":{\"@type\":\"PropertyValueSpecification\",\"valueRequired\":true,\"valueName\":\"search_term_string\"}}],\"inLanguage\":\"fr-FR\"},{\"@type\":\"Organization\",\"@id\":\"https:\/\/www.ghostysky.com\/#organization\",\"name\":\"Ghostysky\",\"url\":\"https:\/\/www.ghostysky.com\/\",\"logo\":{\"@type\":\"ImageObject\",\"inLanguage\":\"fr-FR\",\"@id\":\"https:\/\/www.ghostysky.com\/#\/schema\/logo\/image\/\",\"url\":\"https:\/\/www.ghostysky.com\/wp-content\/uploads\/2020\/06\/cropped-ghostyskylogo_text_white2.png\",\"contentUrl\":\"https:\/\/www.ghostysky.com\/wp-content\/uploads\/2020\/06\/cropped-ghostyskylogo_text_white2.png\",\"width\":169,\"height\":56,\"caption\":\"Ghostysky\"},\"image\":{\"@id\":\"https:\/\/www.ghostysky.com\/#\/schema\/logo\/image\/\"},\"sameAs\":[\"https:\/\/www.facebook.com\/people\/Ghostysky\/100057676170234\/\",\"https:\/\/x.com\/Gh0stysky\",\"https:\/\/www.linkedin.com\/company\/34739653\",\"https:\/\/www.instagram.com\/gh0stysky\"]}]}<\/script>\n<!-- \/ Yoast SEO plugin. -->","yoast_head_json":{"title":"Unitree Go2 X - Ghostysky","description":"L&#039;Unitree Go2 X est un robot quadrup\u00e8de bionique de pointe, con\u00e7u pour faire le lien entre les technologies grand public et la recherche industrielle. Version \"\u00a0performances \u00e9tendues\u00a0\" de la gamme Go2, il allie l&#039;agilit\u00e9 du Go2 Pro \u00e0 la puissance de calcul accrue et aux capacit\u00e9s de d\u00e9veloppement secondaires g\u00e9n\u00e9ralement r\u00e9serv\u00e9es \u00e0 la s\u00e9rie EDU.","robots":{"index":"index","follow":"follow","max-snippet":"max-snippet:-1","max-image-preview":"max-image-preview:large","max-video-preview":"max-video-preview:-1"},"canonical":"https:\/\/www.ghostysky.com\/fr\/product\/unitree-go2-x\/","og_locale":"fr_FR","og_type":"article","og_title":"Unitree Go2 X - Ghostysky","og_description":"The Unitree Go2 X is an advanced, high-performance bionic quadruped robot designed to bridge the gap between consumer-grade tech and industrial research. As the \"extended performance\" variant of the Go2 lineup, it combines the sleek agility of the Go2 Pro with the enhanced computing power and secondary development capabilities typically reserved for the EDU series.","og_url":"https:\/\/www.ghostysky.com\/fr\/product\/unitree-go2-x\/","og_site_name":"Ghostysky","article_publisher":"https:\/\/www.facebook.com\/people\/Ghostysky\/100057676170234\/","article_modified_time":"2026-02-06T14:04:23+00:00","og_image":[{"width":600,"height":548,"url":"https:\/\/www.ghostysky.com\/wp-content\/uploads\/2026\/02\/GH_Unitree_X_1.png","type":"image\/png"}],"twitter_card":"summary_large_image","twitter_site":"@Gh0stysky","twitter_misc":{"Dur\u00e9e de lecture estim\u00e9e":"2 minutes"},"schema":{"@context":"https:\/\/schema.org","@graph":[{"@type":"WebPage","@id":"https:\/\/www.ghostysky.com\/product\/unitree-go2-x\/","url":"https:\/\/www.ghostysky.com\/product\/unitree-go2-x\/","name":"Unitree Go2 X - Ghostysky","isPartOf":{"@id":"https:\/\/www.ghostysky.com\/#website"},"primaryImageOfPage":{"@id":"https:\/\/www.ghostysky.com\/product\/unitree-go2-x\/#primaryimage"},"image":{"@id":"https:\/\/www.ghostysky.com\/product\/unitree-go2-x\/#primaryimage"},"thumbnailUrl":"https:\/\/www.ghostysky.com\/wp-content\/uploads\/2026\/02\/GH_Unitree_X_1.png","datePublished":"2026-02-06T13:57:56+00:00","dateModified":"2026-02-06T14:04:23+00:00","description":"L&#039;Unitree Go2 X est un robot quadrup\u00e8de bionique de pointe, con\u00e7u pour faire le lien entre les technologies grand public et la recherche industrielle. Version \"\u00a0performances \u00e9tendues\u00a0\" de la gamme Go2, il allie l&#039;agilit\u00e9 du Go2 Pro \u00e0 la puissance de calcul accrue et aux capacit\u00e9s de d\u00e9veloppement secondaires g\u00e9n\u00e9ralement r\u00e9serv\u00e9es \u00e0 la s\u00e9rie EDU.","breadcrumb":{"@id":"https:\/\/www.ghostysky.com\/product\/unitree-go2-x\/#breadcrumb"},"inLanguage":"fr-FR","potentialAction":[{"@type":"ReadAction","target":["https:\/\/www.ghostysky.com\/product\/unitree-go2-x\/"]}]},{"@type":"ImageObject","inLanguage":"fr-FR","@id":"https:\/\/www.ghostysky.com\/product\/unitree-go2-x\/#primaryimage","url":"https:\/\/www.ghostysky.com\/wp-content\/uploads\/2026\/02\/GH_Unitree_X_1.png","contentUrl":"https:\/\/www.ghostysky.com\/wp-content\/uploads\/2026\/02\/GH_Unitree_X_1.png","width":600,"height":548},{"@type":"BreadcrumbList","@id":"https:\/\/www.ghostysky.com\/product\/unitree-go2-x\/#breadcrumb","itemListElement":[{"@type":"ListItem","position":1,"name":"Home","item":"https:\/\/www.ghostysky.com\/"},{"@type":"ListItem","position":2,"name":"Shop","item":"https:\/\/www.ghostysky.com\/shop\/"},{"@type":"ListItem","position":3,"name":"Unitree Go2 X"}]},{"@type":"WebSite","@id":"https:\/\/www.ghostysky.com\/#website","url":"https:\/\/www.ghostysky.com\/","name":"Ghostysky","description":"Livraison de drones et de services professionnels","publisher":{"@id":"https:\/\/www.ghostysky.com\/#organization"},"potentialAction":[{"@type":"SearchAction","target":{"@type":"EntryPoint","urlTemplate":"https:\/\/www.ghostysky.com\/?s={search_term_string}"},"query-input":{"@type":"PropertyValueSpecification","valueRequired":true,"valueName":"search_term_string"}}],"inLanguage":"fr-FR"},{"@type":"Organization","@id":"https:\/\/www.ghostysky.com\/#organization","name":"Ghostysky","url":"https:\/\/www.ghostysky.com\/","logo":{"@type":"ImageObject","inLanguage":"fr-FR","@id":"https:\/\/www.ghostysky.com\/#\/schema\/logo\/image\/","url":"https:\/\/www.ghostysky.com\/wp-content\/uploads\/2020\/06\/cropped-ghostyskylogo_text_white2.png","contentUrl":"https:\/\/www.ghostysky.com\/wp-content\/uploads\/2020\/06\/cropped-ghostyskylogo_text_white2.png","width":169,"height":56,"caption":"Ghostysky"},"image":{"@id":"https:\/\/www.ghostysky.com\/#\/schema\/logo\/image\/"},"sameAs":["https:\/\/www.facebook.com\/people\/Ghostysky\/100057676170234\/","https:\/\/x.com\/Gh0stysky","https:\/\/www.linkedin.com\/company\/34739653","https:\/\/www.instagram.com\/gh0stysky"]}]}},"_links":{"self":[{"href":"https:\/\/www.ghostysky.com\/fr\/wp-json\/wp\/v2\/product\/24024","targetHints":{"allow":["GET"]}}],"collection":[{"href":"https:\/\/www.ghostysky.com\/fr\/wp-json\/wp\/v2\/product"}],"about":[{"href":"https:\/\/www.ghostysky.com\/fr\/wp-json\/wp\/v2\/types\/product"}],"replies":[{"embeddable":true,"href":"https:\/\/www.ghostysky.com\/fr\/wp-json\/wp\/v2\/comments?post=24024"}],"wp:featuredmedia":[{"embeddable":true,"href":"https:\/\/www.ghostysky.com\/fr\/wp-json\/wp\/v2\/media\/24027"}],"wp:attachment":[{"href":"https:\/\/www.ghostysky.com\/fr\/wp-json\/wp\/v2\/media?parent=24024"}],"wp:term":[{"taxonomy":"product_brand","embeddable":true,"href":"https:\/\/www.ghostysky.com\/fr\/wp-json\/wp\/v2\/product_brand?post=24024"},{"taxonomy":"product_cat","embeddable":true,"href":"https:\/\/www.ghostysky.com\/fr\/wp-json\/wp\/v2\/product_cat?post=24024"},{"taxonomy":"product_tag","embeddable":true,"href":"https:\/\/www.ghostysky.com\/fr\/wp-json\/wp\/v2\/product_tag?post=24024"}],"curies":[{"name":"wp","href":"https:\/\/api.w.org\/{rel}","templated":true}]}}