{"id":24048,"date":"2026-02-06T16:30:04","date_gmt":"2026-02-06T16:30:04","guid":{"rendered":"https:\/\/www.ghostysky.com\/?post_type=product&#038;p=24048"},"modified":"2026-02-08T10:13:53","modified_gmt":"2026-02-08T10:13:53","slug":"gdu-s400e","status":"publish","type":"product","link":"https:\/\/www.ghostysky.com\/fr\/product\/gdu-s400e\/","title":{"rendered":"GDU S400E"},"content":{"rendered":"<h3 data-path-to-node=\"1\"><b data-path-to-node=\"1\" data-index-in-node=\"0\">Capacit\u00e9s de base<\/b><\/h3>\n<ul data-path-to-node=\"2\">\n<li>\n<p data-path-to-node=\"2,0,0\"><b data-path-to-node=\"2,0,0\" data-index-in-node=\"0\">Endurance extr\u00eame :<\/b><span class=\"citation-23\"> Se targue d&#039;une dur\u00e9e de vol maximale de <\/span><b data-path-to-node=\"2,0,0\" data-index-in-node=\"51\"><span class=\"citation-23\">58 minutes<\/span><\/b><span class=\"citation-23 citation-end-23\"> (\u00e0 vide), nettement sup\u00e9rieur \u00e0 celui de nombreux concurrents de sa cat\u00e9gorie.<\/span><\/p>\n<\/li>\n<li>\n<p data-path-to-node=\"2,1,0\"><b data-path-to-node=\"2,1,0\" data-index-in-node=\"0\">Soulever des charges lourdes :<\/b><span class=\"citation-22\"> Malgr\u00e9 son cadre compact et pliable en alliage de magn\u00e9sium, il supporte une charge utile maximale de <\/span><b data-path-to-node=\"2,1,0\" data-index-in-node=\"98\"><span class=\"citation-22\">3 kg<\/span><\/b><span class=\"citation-22 citation-end-22\">.<\/span><\/p>\n<\/li>\n<li>\n<p data-path-to-node=\"2,2,0\"><b data-path-to-node=\"2,2,0\" data-index-in-node=\"0\">\u00c9vitement d&#039;obstacles par double fusion\u00a0:<\/b><span class=\"citation-21\"> Utilise un syst\u00e8me hybride de <\/span><b data-path-to-node=\"2,2,0\" data-index-in-node=\"56\"><span class=\"citation-21\">radar \u00e0 ondes millim\u00e9triques<\/span><\/b><span class=\"citation-21\"> et <\/span><b data-path-to-node=\"2,2,0\" data-index-in-node=\"82\"><span class=\"citation-21\">vision binoculaire<\/span><\/b><span class=\"citation-21 citation-end-21\"> pour assurer une d\u00e9tection omnidirectionnelle \u00e0 360\u00b0.<\/span> <span class=\"citation-20 citation-end-20\">Cela lui permet de d\u00e9tecter des obstacles fins, comme des lignes \u00e9lectriques, m\u00eame dans l&#039;obscurit\u00e9 totale.<\/span><\/p>\n<\/li>\n<li>\n<p data-path-to-node=\"2,3,0\"><b data-path-to-node=\"2,3,0\" data-index-in-node=\"0\">R\u00e9seau de relais\u00a0:<\/b><span class=\"citation-19 citation-end-19\"> Elle est dot\u00e9e de la technologie de pointe \u201c Star Networking \u201d qui permet \u00e0 plusieurs drones de servir de relais de signaux.<\/span> <span class=\"citation-18 citation-end-18\">Ceci est crucial pour les missions dans les vall\u00e9es profondes ou les canyons urbains o\u00f9 la communication directe en visibilit\u00e9 directe est impossible.<\/span><\/p>\n<\/li>\n<\/ul>\n<h3 data-path-to-node=\"4\"><b style=\"font-size: 16px;\" data-path-to-node=\"7\" data-index-in-node=\"0\">Options de charge utile et d&#039;imagerie<\/b><\/h3>\n<p data-path-to-node=\"8\"><span class=\"citation-17\">La S400E est souvent associ\u00e9e \u00e0 la <\/span><b data-path-to-node=\"8\" data-index-in-node=\"35\"><span class=\"citation-17\">Cam\u00e9ra \u00e0 quatre capteurs PQL01<\/span><\/b><span class=\"citation-17 citation-end-17\">, qui est un centre n\u00e9vralgique pour l&#039;inspection et le SAR (recherche et sauvetage) :<\/span><\/p>\n<ul data-path-to-node=\"9\">\n<li>\n<p data-path-to-node=\"9,0,0\"><b data-path-to-node=\"9,0,0\" data-index-in-node=\"0\">Thermique infrarouge 1K :<\/b><span class=\"citation-16 citation-end-16\"> Imagerie thermique haute r\u00e9solution (1280\u00d71024) pour la d\u00e9tection des pertes de chaleur ou des personnes.<\/span><\/p>\n<\/li>\n<li>\n<p data-path-to-node=\"9,1,0\"><b data-path-to-node=\"9,1,0\" data-index-in-node=\"0\">Grand angle et zoom\u00a0:<\/b><span class=\"citation-15 citation-end-15\"> Il est g\u00e9n\u00e9ralement \u00e9quip\u00e9 d&#039;un objectif grand angle de 50 m\u00e9gapixels et d&#039;un zoom optique 30x\u201334x pour les inspections rapproch\u00e9es \u00e0 distance de s\u00e9curit\u00e9.<\/span><\/p>\n<\/li>\n<li>\n<p data-path-to-node=\"9,2,0\"><b data-path-to-node=\"9,2,0\" data-index-in-node=\"0\">T\u00e9l\u00e9m\u00e8tre laser :<\/b> Capable de mesurer des distances jusqu&#039;\u00e0 1 500 m.<\/p>\n<\/li>\n<\/ul>\n<h3 data-path-to-node=\"10\"><b data-path-to-node=\"10\" data-index-in-node=\"0\">Pourquoi choisir la S400E ?<\/b><\/h3>\n<p data-path-to-node=\"11\">Le S400E est con\u00e7u pour les op\u00e9rateurs qui ont besoin de la puissance d&#039;un grand drone industriel mais de la portabilit\u00e9 d&#039;un drone grand public. <span class=\"citation-14 citation-end-14\">Il tient dans un sac \u00e0 dos standard, et pourtant il embarque les m\u00eames capteurs que des plateformes beaucoup plus grandes.<\/span> <span class=\"citation-13 citation-end-13\">Sa capacit\u00e9 \u00e0 se \u201c connecter \u201d \u00e0 d&#039;autres drones via un r\u00e9seau de relais en fait un choix de premier ordre pour les secours en montagne et les projets d&#039;infrastructures complexes.<\/span><\/p>\n<h3 data-path-to-node=\"4\"><b data-path-to-node=\"4\" data-index-in-node=\"0\">Sp\u00e9cifications techniques<\/b><\/h3>\n<p><a href=\"https:\/\/www.ghostysky.com\/wp-content\/uploads\/2026\/02\/GH_S400E_main_prod_1-scaled.png\"><img fetchpriority=\"high\" decoding=\"async\" class=\"alignnone wp-image-24056 size-full lazyload\" src=\"data:image\/gif;base64,R0lGODlhAQABAAAAACH5BAEKAAEALAAAAAABAAEAAAICTAEAOw==\" alt=\"\" width=\"2127\" height=\"2560\" sizes=\"(max-width: 2127px) 100vw, 2127px\" data-src=\"data:image\/gif;base64,R0lGODlhAQABAAAAACH5BAEKAAEALAAAAAABAAEAAAICTAEAOw==\" data-srcset=\"\" srcset=\"\"><\/a><\/p>","protected":false},"excerpt":{"rendered":"<p><span class=\"citation-25\">Le <\/span><b data-path-to-node=\"0\" data-index-in-node=\"4\"><span class=\"citation-25\">GDU S400E<\/span><\/b><span class=\"citation-25 citation-end-25\"> Il s&#039;agit d&#039;un quadricopt\u00e8re industriel l\u00e9ger haut de gamme con\u00e7u pour des missions \u00e0 haut risque telles que l&#039;inspection des lignes \u00e9lectriques, la lutte contre les incendies et la s\u00e9curit\u00e9 publique.<\/span> <span class=\"citation-24 citation-end-24\">Il est surtout connu pour sa conception \u00ab transportable en sac \u00e0 dos \u00bb combin\u00e9e \u00e0 des performances robustes, avec une autonomie de vol impressionnante de 58 minutes et un syst\u00e8me de double charge utile polyvalent.<\/span><\/p>","protected":false},"featured_media":24069,"comment_status":"open","ping_status":"closed","template":"","meta":[],"product_brand":[1369],"product_cat":[29,1363,1364,1359],"product_tag":[1375,1376,1371],"class_list":{"0":"post-24048","1":"product","2":"type-product","3":"status-publish","4":"has-post-thumbnail","6":"product_brand-gdu-tech","7":"product_cat-drones","8":"product_cat-gdu-s400-series","9":"product_cat-gdu-s400-series-drones","10":"product_cat-gdu-tech","11":"product_tag-gdu-s400-series","12":"product_tag-gdu-s400-series-drones","13":"product_tag-gdu-tech","15":"first","16":"outofstock","17":"taxable","18":"shipping-taxable","19":"purchasable","20":"product-type-simple"},"yoast_head":"<!-- This site is optimized with the Yoast SEO plugin v27.1.1 - https:\/\/yoast.com\/product\/yoast-seo-wordpress\/ -->\n<title>GDU S400E - Ghostysky<\/title>\n<meta name=\"description\" content=\"The GDU S400E is a flagship light-industrial quadcopter designed for high-stakes missions like power line inspections, firefighting, and public safety. It is best known for its &quot;backpackable&quot; design combined with heavy-duty performance, featuring an impressive 58-minute flight time and a versatile dual-payload system.\" \/>\n<meta name=\"robots\" content=\"index, follow, max-snippet:-1, max-image-preview:large, max-video-preview:-1\" \/>\n<link rel=\"canonical\" href=\"https:\/\/www.ghostysky.com\/fr\/product\/gdu-s400e\/\" \/>\n<meta property=\"og:locale\" content=\"fr_FR\" \/>\n<meta property=\"og:type\" content=\"article\" \/>\n<meta property=\"og:title\" content=\"GDU S400E - Ghostysky\" \/>\n<meta property=\"og:description\" content=\"The GDU S400E is a flagship light-industrial quadcopter designed for high-stakes missions like power line inspections, firefighting, and public safety. It is best known for its &quot;backpackable&quot; design combined with heavy-duty performance, featuring an impressive 58-minute flight time and a versatile dual-payload system.\" \/>\n<meta property=\"og:url\" content=\"https:\/\/www.ghostysky.com\/fr\/product\/gdu-s400e\/\" \/>\n<meta property=\"og:site_name\" content=\"Ghostysky\" \/>\n<meta property=\"article:publisher\" content=\"https:\/\/www.facebook.com\/people\/Ghostysky\/100057676170234\/\" \/>\n<meta property=\"article:modified_time\" content=\"2026-02-08T10:13:53+00:00\" \/>\n<meta property=\"og:image\" content=\"https:\/\/www.ghostysky.com\/wp-content\/uploads\/2026\/02\/GH_GDUS400E_1.webp\" \/>\n\t<meta property=\"og:image:width\" content=\"1200\" \/>\n\t<meta property=\"og:image:height\" content=\"1200\" \/>\n\t<meta property=\"og:image:type\" content=\"image\/webp\" \/>\n<meta name=\"twitter:card\" content=\"summary_large_image\" \/>\n<meta name=\"twitter:site\" content=\"@Gh0stysky\" \/>\n<meta name=\"twitter:label1\" content=\"Dur\u00e9e de lecture estim\u00e9e\" \/>\n\t<meta name=\"twitter:data1\" content=\"2 minutes\" \/>\n<script type=\"application\/ld+json\" class=\"yoast-schema-graph\">{\"@context\":\"https:\/\/schema.org\",\"@graph\":[{\"@type\":\"WebPage\",\"@id\":\"https:\/\/www.ghostysky.com\/product\/gdu-s400e\/\",\"url\":\"https:\/\/www.ghostysky.com\/product\/gdu-s400e\/\",\"name\":\"GDU S400E - Ghostysky\",\"isPartOf\":{\"@id\":\"https:\/\/www.ghostysky.com\/#website\"},\"primaryImageOfPage\":{\"@id\":\"https:\/\/www.ghostysky.com\/product\/gdu-s400e\/#primaryimage\"},\"image\":{\"@id\":\"https:\/\/www.ghostysky.com\/product\/gdu-s400e\/#primaryimage\"},\"thumbnailUrl\":\"https:\/\/www.ghostysky.com\/wp-content\/uploads\/2026\/02\/GH_GDUS400E_1.webp\",\"datePublished\":\"2026-02-06T16:30:04+00:00\",\"dateModified\":\"2026-02-08T10:13:53+00:00\",\"description\":\"The GDU S400E is a flagship light-industrial quadcopter designed for high-stakes missions like power line inspections, firefighting, and public safety. It is best known for its \\\"backpackable\\\" design combined with heavy-duty performance, featuring an impressive 58-minute flight time and a versatile dual-payload system.\",\"breadcrumb\":{\"@id\":\"https:\/\/www.ghostysky.com\/product\/gdu-s400e\/#breadcrumb\"},\"inLanguage\":\"fr-FR\",\"potentialAction\":[{\"@type\":\"ReadAction\",\"target\":[\"https:\/\/www.ghostysky.com\/product\/gdu-s400e\/\"]}]},{\"@type\":\"ImageObject\",\"inLanguage\":\"fr-FR\",\"@id\":\"https:\/\/www.ghostysky.com\/product\/gdu-s400e\/#primaryimage\",\"url\":\"https:\/\/www.ghostysky.com\/wp-content\/uploads\/2026\/02\/GH_GDUS400E_1.webp\",\"contentUrl\":\"https:\/\/www.ghostysky.com\/wp-content\/uploads\/2026\/02\/GH_GDUS400E_1.webp\",\"width\":1200,\"height\":1200},{\"@type\":\"BreadcrumbList\",\"@id\":\"https:\/\/www.ghostysky.com\/product\/gdu-s400e\/#breadcrumb\",\"itemListElement\":[{\"@type\":\"ListItem\",\"position\":1,\"name\":\"Home\",\"item\":\"https:\/\/www.ghostysky.com\/\"},{\"@type\":\"ListItem\",\"position\":2,\"name\":\"Shop\",\"item\":\"https:\/\/www.ghostysky.com\/shop\/\"},{\"@type\":\"ListItem\",\"position\":3,\"name\":\"GDU S400E\"}]},{\"@type\":\"WebSite\",\"@id\":\"https:\/\/www.ghostysky.com\/#website\",\"url\":\"https:\/\/www.ghostysky.com\/\",\"name\":\"Ghostysky\",\"description\":\"Delivering professional drones and services\",\"publisher\":{\"@id\":\"https:\/\/www.ghostysky.com\/#organization\"},\"potentialAction\":[{\"@type\":\"SearchAction\",\"target\":{\"@type\":\"EntryPoint\",\"urlTemplate\":\"https:\/\/www.ghostysky.com\/?s={search_term_string}\"},\"query-input\":{\"@type\":\"PropertyValueSpecification\",\"valueRequired\":true,\"valueName\":\"search_term_string\"}}],\"inLanguage\":\"fr-FR\"},{\"@type\":\"Organization\",\"@id\":\"https:\/\/www.ghostysky.com\/#organization\",\"name\":\"Ghostysky\",\"url\":\"https:\/\/www.ghostysky.com\/\",\"logo\":{\"@type\":\"ImageObject\",\"inLanguage\":\"fr-FR\",\"@id\":\"https:\/\/www.ghostysky.com\/#\/schema\/logo\/image\/\",\"url\":\"https:\/\/www.ghostysky.com\/wp-content\/uploads\/2020\/06\/cropped-ghostyskylogo_text_white2.png\",\"contentUrl\":\"https:\/\/www.ghostysky.com\/wp-content\/uploads\/2020\/06\/cropped-ghostyskylogo_text_white2.png\",\"width\":169,\"height\":56,\"caption\":\"Ghostysky\"},\"image\":{\"@id\":\"https:\/\/www.ghostysky.com\/#\/schema\/logo\/image\/\"},\"sameAs\":[\"https:\/\/www.facebook.com\/people\/Ghostysky\/100057676170234\/\",\"https:\/\/x.com\/Gh0stysky\",\"https:\/\/www.linkedin.com\/company\/34739653\",\"https:\/\/www.instagram.com\/gh0stysky\"]}]}<\/script>\n<!-- \/ Yoast SEO plugin. -->","yoast_head_json":{"title":"GDU S400E - Ghostysky","description":"Le GDU S400E est un drone quadricopt\u00e8re industriel l\u00e9ger haut de gamme, con\u00e7u pour les missions critiques telles que l&#039;inspection des lignes \u00e9lectriques, la lutte contre les incendies et la s\u00e9curit\u00e9 publique. Il est surtout reconnu pour sa conception compacte, id\u00e9ale pour le transport en sac \u00e0 dos, et ses performances exceptionnelles. Il offre une autonomie impressionnante de 58 minutes et un syst\u00e8me polyvalent de double charge utile.","robots":{"index":"index","follow":"follow","max-snippet":"max-snippet:-1","max-image-preview":"max-image-preview:large","max-video-preview":"max-video-preview:-1"},"canonical":"https:\/\/www.ghostysky.com\/fr\/product\/gdu-s400e\/","og_locale":"fr_FR","og_type":"article","og_title":"GDU S400E - Ghostysky","og_description":"The GDU S400E is a flagship light-industrial quadcopter designed for high-stakes missions like power line inspections, firefighting, and public safety. It is best known for its \"backpackable\" design combined with heavy-duty performance, featuring an impressive 58-minute flight time and a versatile dual-payload system.","og_url":"https:\/\/www.ghostysky.com\/fr\/product\/gdu-s400e\/","og_site_name":"Ghostysky","article_publisher":"https:\/\/www.facebook.com\/people\/Ghostysky\/100057676170234\/","article_modified_time":"2026-02-08T10:13:53+00:00","og_image":[{"width":1200,"height":1200,"url":"https:\/\/www.ghostysky.com\/wp-content\/uploads\/2026\/02\/GH_GDUS400E_1.webp","type":"image\/webp"}],"twitter_card":"summary_large_image","twitter_site":"@Gh0stysky","twitter_misc":{"Dur\u00e9e de lecture estim\u00e9e":"2 minutes"},"schema":{"@context":"https:\/\/schema.org","@graph":[{"@type":"WebPage","@id":"https:\/\/www.ghostysky.com\/product\/gdu-s400e\/","url":"https:\/\/www.ghostysky.com\/product\/gdu-s400e\/","name":"GDU S400E - Ghostysky","isPartOf":{"@id":"https:\/\/www.ghostysky.com\/#website"},"primaryImageOfPage":{"@id":"https:\/\/www.ghostysky.com\/product\/gdu-s400e\/#primaryimage"},"image":{"@id":"https:\/\/www.ghostysky.com\/product\/gdu-s400e\/#primaryimage"},"thumbnailUrl":"https:\/\/www.ghostysky.com\/wp-content\/uploads\/2026\/02\/GH_GDUS400E_1.webp","datePublished":"2026-02-06T16:30:04+00:00","dateModified":"2026-02-08T10:13:53+00:00","description":"Le GDU S400E est un drone quadricopt\u00e8re industriel l\u00e9ger haut de gamme, con\u00e7u pour les missions critiques telles que l&#039;inspection des lignes \u00e9lectriques, la lutte contre les incendies et la s\u00e9curit\u00e9 publique. Il est surtout reconnu pour sa conception compacte, id\u00e9ale pour le transport en sac \u00e0 dos, et ses performances exceptionnelles. Il offre une autonomie impressionnante de 58 minutes et un syst\u00e8me polyvalent de double charge utile.","breadcrumb":{"@id":"https:\/\/www.ghostysky.com\/product\/gdu-s400e\/#breadcrumb"},"inLanguage":"fr-FR","potentialAction":[{"@type":"ReadAction","target":["https:\/\/www.ghostysky.com\/product\/gdu-s400e\/"]}]},{"@type":"ImageObject","inLanguage":"fr-FR","@id":"https:\/\/www.ghostysky.com\/product\/gdu-s400e\/#primaryimage","url":"https:\/\/www.ghostysky.com\/wp-content\/uploads\/2026\/02\/GH_GDUS400E_1.webp","contentUrl":"https:\/\/www.ghostysky.com\/wp-content\/uploads\/2026\/02\/GH_GDUS400E_1.webp","width":1200,"height":1200},{"@type":"BreadcrumbList","@id":"https:\/\/www.ghostysky.com\/product\/gdu-s400e\/#breadcrumb","itemListElement":[{"@type":"ListItem","position":1,"name":"Home","item":"https:\/\/www.ghostysky.com\/"},{"@type":"ListItem","position":2,"name":"Shop","item":"https:\/\/www.ghostysky.com\/shop\/"},{"@type":"ListItem","position":3,"name":"GDU S400E"}]},{"@type":"WebSite","@id":"https:\/\/www.ghostysky.com\/#website","url":"https:\/\/www.ghostysky.com\/","name":"Ghostysky","description":"Livraison de drones et de services professionnels","publisher":{"@id":"https:\/\/www.ghostysky.com\/#organization"},"potentialAction":[{"@type":"SearchAction","target":{"@type":"EntryPoint","urlTemplate":"https:\/\/www.ghostysky.com\/?s={search_term_string}"},"query-input":{"@type":"PropertyValueSpecification","valueRequired":true,"valueName":"search_term_string"}}],"inLanguage":"fr-FR"},{"@type":"Organization","@id":"https:\/\/www.ghostysky.com\/#organization","name":"Ghostysky","url":"https:\/\/www.ghostysky.com\/","logo":{"@type":"ImageObject","inLanguage":"fr-FR","@id":"https:\/\/www.ghostysky.com\/#\/schema\/logo\/image\/","url":"https:\/\/www.ghostysky.com\/wp-content\/uploads\/2020\/06\/cropped-ghostyskylogo_text_white2.png","contentUrl":"https:\/\/www.ghostysky.com\/wp-content\/uploads\/2020\/06\/cropped-ghostyskylogo_text_white2.png","width":169,"height":56,"caption":"Ghostysky"},"image":{"@id":"https:\/\/www.ghostysky.com\/#\/schema\/logo\/image\/"},"sameAs":["https:\/\/www.facebook.com\/people\/Ghostysky\/100057676170234\/","https:\/\/x.com\/Gh0stysky","https:\/\/www.linkedin.com\/company\/34739653","https:\/\/www.instagram.com\/gh0stysky"]}]}},"_links":{"self":[{"href":"https:\/\/www.ghostysky.com\/fr\/wp-json\/wp\/v2\/product\/24048","targetHints":{"allow":["GET"]}}],"collection":[{"href":"https:\/\/www.ghostysky.com\/fr\/wp-json\/wp\/v2\/product"}],"about":[{"href":"https:\/\/www.ghostysky.com\/fr\/wp-json\/wp\/v2\/types\/product"}],"replies":[{"embeddable":true,"href":"https:\/\/www.ghostysky.com\/fr\/wp-json\/wp\/v2\/comments?post=24048"}],"wp:featuredmedia":[{"embeddable":true,"href":"https:\/\/www.ghostysky.com\/fr\/wp-json\/wp\/v2\/media\/24069"}],"wp:attachment":[{"href":"https:\/\/www.ghostysky.com\/fr\/wp-json\/wp\/v2\/media?parent=24048"}],"wp:term":[{"taxonomy":"product_brand","embeddable":true,"href":"https:\/\/www.ghostysky.com\/fr\/wp-json\/wp\/v2\/product_brand?post=24048"},{"taxonomy":"product_cat","embeddable":true,"href":"https:\/\/www.ghostysky.com\/fr\/wp-json\/wp\/v2\/product_cat?post=24048"},{"taxonomy":"product_tag","embeddable":true,"href":"https:\/\/www.ghostysky.com\/fr\/wp-json\/wp\/v2\/product_tag?post=24048"}],"curies":[{"name":"wp","href":"https:\/\/api.w.org\/{rel}","templated":true}]}}