{"id":24073,"date":"2026-02-06T16:57:32","date_gmt":"2026-02-06T16:57:32","guid":{"rendered":"https:\/\/www.ghostysky.com\/?post_type=product&#038;p=24073"},"modified":"2026-02-06T17:07:53","modified_gmt":"2026-02-06T17:07:53","slug":"gdu-s400-smart-remote-controller","status":"publish","type":"product","link":"https:\/\/www.ghostysky.com\/fr\/product\/gdu-s400-smart-remote-controller\/","title":{"rendered":"T\u00e9l\u00e9commande intelligente pour GDU S400"},"content":{"rendered":"<h3 data-path-to-node=\"2\">Principales fonctionnalit\u00e9s et capacit\u00e9s<\/h3>\n<ul data-path-to-node=\"3\">\n<li>\n<p data-path-to-node=\"3,0,0\"><b data-path-to-node=\"3,0,0\" data-index-in-node=\"0\"><span class=\"citation-42\">\u00c9cran haute luminosit\u00e9 int\u00e9gr\u00e9\u00a0:<\/span><\/b><span class=\"citation-42 citation-end-42\"> Il est dot\u00e9 d&#039;un \u00e9cran int\u00e9gr\u00e9 ultra-lumineux (g\u00e9n\u00e9ralement de 7 pouces) con\u00e7u pour une visibilit\u00e9 optimale m\u00eame en plein soleil.<\/span> Plus besoin de plisser les yeux ni d&#039;encombrants pare-soleil pour les travaux sur le terrain.<\/p>\n<\/li>\n<li>\n<p data-path-to-node=\"3,1,0\"><b data-path-to-node=\"3,1,0\" data-index-in-node=\"0\">Transmission bi-bande :<\/b> Utilise une technologie de saut de fr\u00e9quence avanc\u00e9e pour maintenir un flux vid\u00e9o HD stable et \u00e0 faible latence, m\u00eame dans des environnements pr\u00e9sentant de fortes interf\u00e9rences \u00e9lectromagn\u00e9tiques.<\/p>\n<\/li>\n<li>\n<p data-path-to-node=\"3,2,0\"><b data-path-to-node=\"3,2,0\" data-index-in-node=\"0\">Conception renforc\u00e9e :<\/b> Construit avec un <b data-path-to-node=\"3,2,0\" data-index-in-node=\"33\">Indice de protection IP45<\/b>Il est r\u00e9sistant \u00e0 la poussi\u00e8re et aux pluies l\u00e9g\u00e8res, ce qui garantit que votre mission ne s&#039;arr\u00eate pas simplement parce que le temps se g\u00e2te.<\/p>\n<\/li>\n<li>\n<p data-path-to-node=\"3,3,0\"><b data-path-to-node=\"3,3,0\" data-index-in-node=\"0\"><span class=\"citation-41\">Dur\u00e9e de vie prolong\u00e9e de la batterie :<\/span><\/b><span class=\"citation-41 citation-end-41\"> Dot\u00e9 de batteries internes haute capacit\u00e9 et compatible avec une extension externe, il permet un fonctionnement continu lors d&#039;inspections de longue dur\u00e9e ou de missions de recherche et de sauvetage.<\/span><\/p>\n<\/li>\n<li>\n<p data-path-to-node=\"3,4,0\"><b data-path-to-node=\"3,4,0\" data-index-in-node=\"0\">Commandes personnalisables\u00a0:<\/b> Comprend des joysticks de qualit\u00e9 professionnelle et de multiples boutons programmables, permettant aux pilotes de configurer des mouvements de nacelle ou des param\u00e8tres de cam\u00e9ra sp\u00e9cifiques pour un flux de travail personnalis\u00e9.<\/p>\n<\/li>\n<\/ul>\n<h3 data-path-to-node=\"5\">Sp\u00e9cifications techniques<\/h3>\n<table data-path-to-node=\"6\">\n<thead>\n<tr>\n<td><strong>Fonctionnalit\u00e9<\/strong><\/td>\n<td><strong>Sp\u00e9cification<\/strong><\/td>\n<\/tr>\n<\/thead>\n<tbody>\n<tr>\n<td><span data-path-to-node=\"6,1,0,0\"><b data-path-to-node=\"6,1,0,0\" data-index-in-node=\"0\">Fr\u00e9quence de fonctionnement<\/b><\/span><\/td>\n<td><span data-path-to-node=\"6,1,1,0\">2,400 \u2013 2,4835 GHz \/ 5,725 \u2013 5,850 GHz<\/span><\/td>\n<\/tr>\n<tr>\n<td><span data-path-to-node=\"6,2,0,0\"><b data-path-to-node=\"6,2,0,0\" data-index-in-node=\"0\">Distance de transmission maximale<\/b><\/span><\/td>\n<td><span data-path-to-node=\"6,2,1,0\">Jusqu&#039;\u00e0 15 km (sans obstacle ni interf\u00e9rence)<\/span><\/td>\n<\/tr>\n<tr>\n<td><span data-path-to-node=\"6,3,0,0\"><b data-path-to-node=\"6,3,0,0\" data-index-in-node=\"0\">R\u00e9solution d&#039;affichage<\/b><\/span><\/td>\n<td><span data-path-to-node=\"6,3,1,0\">1920 x 1200<\/span><\/td>\n<\/tr>\n<tr>\n<td><span data-path-to-node=\"6,4,0,0\"><b data-path-to-node=\"6,4,0,0\" data-index-in-node=\"0\">Temp\u00e9rature de fonctionnement<\/b><\/span><\/td>\n<td><span data-path-to-node=\"6,4,1,0\">-20\u00b0C \u00e0 50\u00b0C<\/span><\/td>\n<\/tr>\n<tr>\n<td><span data-path-to-node=\"6,5,0,0\"><b data-path-to-node=\"6,5,0,0\" data-index-in-node=\"0\">Ports de sortie<\/b><\/span><\/td>\n<td><span data-path-to-node=\"6,5,1,0\">HDMI, USB-A, USB-C<\/span><\/td>\n<\/tr>\n<\/tbody>\n<\/table>\n<p>&nbsp;<\/p>\n<h3 data-path-to-node=\"8\">Ce qui le distingue<\/h3>\n<p data-path-to-node=\"9\">Contrairement aux t\u00e9l\u00e9commandes grand public classiques, la t\u00e9l\u00e9commande intelligente S400 est une v\u00e9ritable <b data-path-to-node=\"9\" data-index-in-node=\"70\">outil d&#039;entreprise<\/b>Il prend en charge la collaboration multi-utilisateurs (mode double commande) et dispose d&#039;une architecture ouverte qui s&#039;int\u00e8gre parfaitement \u00e0 la plateforme de vol GDU. Que ce soit pour des inspections de lignes \u00e9lectriques ou de la surveillance tactique, il offre le retour tactile et la clart\u00e9 visuelle n\u00e9cessaires aux man\u0153uvres critiques.<\/p>","protected":false},"excerpt":{"rendered":"<p>Le <b data-path-to-node=\"0\" data-index-in-node=\"4\">T\u00e9l\u00e9commande intelligente pour GDU S400<\/b> Cette station au sol haute performance est con\u00e7ue pour les pilotes de drones professionnels exigeant pr\u00e9cision, robustesse et une port\u00e9e \u00e9tendue. Sp\u00e9cialement con\u00e7ue pour le drone d&#039;entreprise GDU S400, elle assure une parfaite interop\u00e9rabilit\u00e9 entre les donn\u00e9es industrielles complexes et le pilotage intuitif.<\/p>","protected":false},"featured_media":24079,"comment_status":"open","ping_status":"closed","template":"","meta":[],"product_brand":[1369],"product_cat":[29,1363,1365,1359],"product_tag":[1375,1377,1371],"class_list":{"0":"post-24073","1":"product","2":"type-product","3":"status-publish","4":"has-post-thumbnail","6":"product_brand-gdu-tech","7":"product_cat-drones","8":"product_cat-gdu-s400-series","9":"product_cat-gdu-s400-series-accessories","10":"product_cat-gdu-tech","11":"product_tag-gdu-s400-series","12":"product_tag-gdu-s400-series-accessories","13":"product_tag-gdu-tech","15":"first","16":"outofstock","17":"taxable","18":"shipping-taxable","19":"purchasable","20":"product-type-simple"},"yoast_head":"<!-- This site is optimized with the Yoast SEO plugin v27.1.1 - https:\/\/yoast.com\/product\/yoast-seo-wordpress\/ -->\n<title>GDU S400 Smart Remote Controller - Ghostysky<\/title>\n<meta name=\"description\" content=\"The GDU S400 Smart Remote Controller is a high-performance ground station designed for professional drone pilots who require precision, durability, and a massive range. Built specifically to complement the GDU S400 enterprise drone, this controller bridges the gap between complex industrial data and intuitive flight control.\" \/>\n<meta name=\"robots\" content=\"index, follow, max-snippet:-1, max-image-preview:large, max-video-preview:-1\" \/>\n<link rel=\"canonical\" href=\"https:\/\/www.ghostysky.com\/fr\/product\/gdu-s400-smart-remote-controller\/\" \/>\n<meta property=\"og:locale\" content=\"fr_FR\" \/>\n<meta property=\"og:type\" content=\"article\" \/>\n<meta property=\"og:title\" content=\"GDU S400 Smart Remote Controller - Ghostysky\" \/>\n<meta property=\"og:description\" content=\"The GDU S400 Smart Remote Controller is a high-performance ground station designed for professional drone pilots who require precision, durability, and a massive range. Built specifically to complement the GDU S400 enterprise drone, this controller bridges the gap between complex industrial data and intuitive flight control.\" \/>\n<meta property=\"og:url\" content=\"https:\/\/www.ghostysky.com\/fr\/product\/gdu-s400-smart-remote-controller\/\" \/>\n<meta property=\"og:site_name\" content=\"Ghostysky\" \/>\n<meta property=\"article:publisher\" content=\"https:\/\/www.facebook.com\/people\/Ghostysky\/100057676170234\/\" \/>\n<meta property=\"article:modified_time\" content=\"2026-02-06T17:07:53+00:00\" \/>\n<meta property=\"og:image\" content=\"https:\/\/www.ghostysky.com\/wp-content\/uploads\/2026\/02\/GH_GDU-S400-Smart-Remote-Controller_1.webp\" \/>\n\t<meta property=\"og:image:width\" content=\"1200\" \/>\n\t<meta property=\"og:image:height\" content=\"1200\" \/>\n\t<meta property=\"og:image:type\" content=\"image\/webp\" \/>\n<meta name=\"twitter:card\" content=\"summary_large_image\" \/>\n<meta name=\"twitter:site\" content=\"@Gh0stysky\" \/>\n<meta name=\"twitter:label1\" content=\"Dur\u00e9e de lecture estim\u00e9e\" \/>\n\t<meta name=\"twitter:data1\" content=\"2 minutes\" \/>\n<script type=\"application\/ld+json\" class=\"yoast-schema-graph\">{\"@context\":\"https:\/\/schema.org\",\"@graph\":[{\"@type\":\"WebPage\",\"@id\":\"https:\/\/www.ghostysky.com\/product\/gdu-s400-smart-remote-controller\/\",\"url\":\"https:\/\/www.ghostysky.com\/product\/gdu-s400-smart-remote-controller\/\",\"name\":\"GDU S400 Smart Remote Controller - Ghostysky\",\"isPartOf\":{\"@id\":\"https:\/\/www.ghostysky.com\/#website\"},\"primaryImageOfPage\":{\"@id\":\"https:\/\/www.ghostysky.com\/product\/gdu-s400-smart-remote-controller\/#primaryimage\"},\"image\":{\"@id\":\"https:\/\/www.ghostysky.com\/product\/gdu-s400-smart-remote-controller\/#primaryimage\"},\"thumbnailUrl\":\"https:\/\/www.ghostysky.com\/wp-content\/uploads\/2026\/02\/GH_GDU-S400-Smart-Remote-Controller_1.webp\",\"datePublished\":\"2026-02-06T16:57:32+00:00\",\"dateModified\":\"2026-02-06T17:07:53+00:00\",\"description\":\"The GDU S400 Smart Remote Controller is a high-performance ground station designed for professional drone pilots who require precision, durability, and a massive range. Built specifically to complement the GDU S400 enterprise drone, this controller bridges the gap between complex industrial data and intuitive flight control.\",\"breadcrumb\":{\"@id\":\"https:\/\/www.ghostysky.com\/product\/gdu-s400-smart-remote-controller\/#breadcrumb\"},\"inLanguage\":\"fr-FR\",\"potentialAction\":[{\"@type\":\"ReadAction\",\"target\":[\"https:\/\/www.ghostysky.com\/product\/gdu-s400-smart-remote-controller\/\"]}]},{\"@type\":\"ImageObject\",\"inLanguage\":\"fr-FR\",\"@id\":\"https:\/\/www.ghostysky.com\/product\/gdu-s400-smart-remote-controller\/#primaryimage\",\"url\":\"https:\/\/www.ghostysky.com\/wp-content\/uploads\/2026\/02\/GH_GDU-S400-Smart-Remote-Controller_1.webp\",\"contentUrl\":\"https:\/\/www.ghostysky.com\/wp-content\/uploads\/2026\/02\/GH_GDU-S400-Smart-Remote-Controller_1.webp\",\"width\":1200,\"height\":1200},{\"@type\":\"BreadcrumbList\",\"@id\":\"https:\/\/www.ghostysky.com\/product\/gdu-s400-smart-remote-controller\/#breadcrumb\",\"itemListElement\":[{\"@type\":\"ListItem\",\"position\":1,\"name\":\"Home\",\"item\":\"https:\/\/www.ghostysky.com\/\"},{\"@type\":\"ListItem\",\"position\":2,\"name\":\"Shop\",\"item\":\"https:\/\/www.ghostysky.com\/shop\/\"},{\"@type\":\"ListItem\",\"position\":3,\"name\":\"GDU S400 Smart Remote Controller\"}]},{\"@type\":\"WebSite\",\"@id\":\"https:\/\/www.ghostysky.com\/#website\",\"url\":\"https:\/\/www.ghostysky.com\/\",\"name\":\"Ghostysky\",\"description\":\"Delivering professional drones and services\",\"publisher\":{\"@id\":\"https:\/\/www.ghostysky.com\/#organization\"},\"potentialAction\":[{\"@type\":\"SearchAction\",\"target\":{\"@type\":\"EntryPoint\",\"urlTemplate\":\"https:\/\/www.ghostysky.com\/?s={search_term_string}\"},\"query-input\":{\"@type\":\"PropertyValueSpecification\",\"valueRequired\":true,\"valueName\":\"search_term_string\"}}],\"inLanguage\":\"fr-FR\"},{\"@type\":\"Organization\",\"@id\":\"https:\/\/www.ghostysky.com\/#organization\",\"name\":\"Ghostysky\",\"url\":\"https:\/\/www.ghostysky.com\/\",\"logo\":{\"@type\":\"ImageObject\",\"inLanguage\":\"fr-FR\",\"@id\":\"https:\/\/www.ghostysky.com\/#\/schema\/logo\/image\/\",\"url\":\"https:\/\/www.ghostysky.com\/wp-content\/uploads\/2020\/06\/cropped-ghostyskylogo_text_white2.png\",\"contentUrl\":\"https:\/\/www.ghostysky.com\/wp-content\/uploads\/2020\/06\/cropped-ghostyskylogo_text_white2.png\",\"width\":169,\"height\":56,\"caption\":\"Ghostysky\"},\"image\":{\"@id\":\"https:\/\/www.ghostysky.com\/#\/schema\/logo\/image\/\"},\"sameAs\":[\"https:\/\/www.facebook.com\/people\/Ghostysky\/100057676170234\/\",\"https:\/\/x.com\/Gh0stysky\",\"https:\/\/www.linkedin.com\/company\/34739653\",\"https:\/\/www.instagram.com\/gh0stysky\"]}]}<\/script>\n<!-- \/ Yoast SEO plugin. -->","yoast_head_json":{"title":"T\u00e9l\u00e9commande intelligente GDU S400 - Ghostysky","description":"La radiocommande intelligente GDU S400 est une station au sol haute performance con\u00e7ue pour les pilotes de drones professionnels exigeant pr\u00e9cision, robustesse et une port\u00e9e \u00e9tendue. Sp\u00e9cialement con\u00e7ue pour le drone d&#039;entreprise GDU S400, cette radiocommande assure une parfaite interop\u00e9rabilit\u00e9 entre les donn\u00e9es industrielles complexes et le pilotage intuitif.","robots":{"index":"index","follow":"follow","max-snippet":"max-snippet:-1","max-image-preview":"max-image-preview:large","max-video-preview":"max-video-preview:-1"},"canonical":"https:\/\/www.ghostysky.com\/fr\/product\/gdu-s400-smart-remote-controller\/","og_locale":"fr_FR","og_type":"article","og_title":"GDU S400 Smart Remote Controller - Ghostysky","og_description":"The GDU S400 Smart Remote Controller is a high-performance ground station designed for professional drone pilots who require precision, durability, and a massive range. Built specifically to complement the GDU S400 enterprise drone, this controller bridges the gap between complex industrial data and intuitive flight control.","og_url":"https:\/\/www.ghostysky.com\/fr\/product\/gdu-s400-smart-remote-controller\/","og_site_name":"Ghostysky","article_publisher":"https:\/\/www.facebook.com\/people\/Ghostysky\/100057676170234\/","article_modified_time":"2026-02-06T17:07:53+00:00","og_image":[{"width":1200,"height":1200,"url":"https:\/\/www.ghostysky.com\/wp-content\/uploads\/2026\/02\/GH_GDU-S400-Smart-Remote-Controller_1.webp","type":"image\/webp"}],"twitter_card":"summary_large_image","twitter_site":"@Gh0stysky","twitter_misc":{"Dur\u00e9e de lecture estim\u00e9e":"2 minutes"},"schema":{"@context":"https:\/\/schema.org","@graph":[{"@type":"WebPage","@id":"https:\/\/www.ghostysky.com\/product\/gdu-s400-smart-remote-controller\/","url":"https:\/\/www.ghostysky.com\/product\/gdu-s400-smart-remote-controller\/","name":"T\u00e9l\u00e9commande intelligente GDU S400 - Ghostysky","isPartOf":{"@id":"https:\/\/www.ghostysky.com\/#website"},"primaryImageOfPage":{"@id":"https:\/\/www.ghostysky.com\/product\/gdu-s400-smart-remote-controller\/#primaryimage"},"image":{"@id":"https:\/\/www.ghostysky.com\/product\/gdu-s400-smart-remote-controller\/#primaryimage"},"thumbnailUrl":"https:\/\/www.ghostysky.com\/wp-content\/uploads\/2026\/02\/GH_GDU-S400-Smart-Remote-Controller_1.webp","datePublished":"2026-02-06T16:57:32+00:00","dateModified":"2026-02-06T17:07:53+00:00","description":"La radiocommande intelligente GDU S400 est une station au sol haute performance con\u00e7ue pour les pilotes de drones professionnels exigeant pr\u00e9cision, robustesse et une port\u00e9e \u00e9tendue. Sp\u00e9cialement con\u00e7ue pour le drone d&#039;entreprise GDU S400, cette radiocommande assure une parfaite interop\u00e9rabilit\u00e9 entre les donn\u00e9es industrielles complexes et le pilotage intuitif.","breadcrumb":{"@id":"https:\/\/www.ghostysky.com\/product\/gdu-s400-smart-remote-controller\/#breadcrumb"},"inLanguage":"fr-FR","potentialAction":[{"@type":"ReadAction","target":["https:\/\/www.ghostysky.com\/product\/gdu-s400-smart-remote-controller\/"]}]},{"@type":"ImageObject","inLanguage":"fr-FR","@id":"https:\/\/www.ghostysky.com\/product\/gdu-s400-smart-remote-controller\/#primaryimage","url":"https:\/\/www.ghostysky.com\/wp-content\/uploads\/2026\/02\/GH_GDU-S400-Smart-Remote-Controller_1.webp","contentUrl":"https:\/\/www.ghostysky.com\/wp-content\/uploads\/2026\/02\/GH_GDU-S400-Smart-Remote-Controller_1.webp","width":1200,"height":1200},{"@type":"BreadcrumbList","@id":"https:\/\/www.ghostysky.com\/product\/gdu-s400-smart-remote-controller\/#breadcrumb","itemListElement":[{"@type":"ListItem","position":1,"name":"Home","item":"https:\/\/www.ghostysky.com\/"},{"@type":"ListItem","position":2,"name":"Shop","item":"https:\/\/www.ghostysky.com\/shop\/"},{"@type":"ListItem","position":3,"name":"GDU S400 Smart Remote Controller"}]},{"@type":"WebSite","@id":"https:\/\/www.ghostysky.com\/#website","url":"https:\/\/www.ghostysky.com\/","name":"Ghostysky","description":"Livraison de drones et de services professionnels","publisher":{"@id":"https:\/\/www.ghostysky.com\/#organization"},"potentialAction":[{"@type":"SearchAction","target":{"@type":"EntryPoint","urlTemplate":"https:\/\/www.ghostysky.com\/?s={search_term_string}"},"query-input":{"@type":"PropertyValueSpecification","valueRequired":true,"valueName":"search_term_string"}}],"inLanguage":"fr-FR"},{"@type":"Organization","@id":"https:\/\/www.ghostysky.com\/#organization","name":"Ghostysky","url":"https:\/\/www.ghostysky.com\/","logo":{"@type":"ImageObject","inLanguage":"fr-FR","@id":"https:\/\/www.ghostysky.com\/#\/schema\/logo\/image\/","url":"https:\/\/www.ghostysky.com\/wp-content\/uploads\/2020\/06\/cropped-ghostyskylogo_text_white2.png","contentUrl":"https:\/\/www.ghostysky.com\/wp-content\/uploads\/2020\/06\/cropped-ghostyskylogo_text_white2.png","width":169,"height":56,"caption":"Ghostysky"},"image":{"@id":"https:\/\/www.ghostysky.com\/#\/schema\/logo\/image\/"},"sameAs":["https:\/\/www.facebook.com\/people\/Ghostysky\/100057676170234\/","https:\/\/x.com\/Gh0stysky","https:\/\/www.linkedin.com\/company\/34739653","https:\/\/www.instagram.com\/gh0stysky"]}]}},"_links":{"self":[{"href":"https:\/\/www.ghostysky.com\/fr\/wp-json\/wp\/v2\/product\/24073","targetHints":{"allow":["GET"]}}],"collection":[{"href":"https:\/\/www.ghostysky.com\/fr\/wp-json\/wp\/v2\/product"}],"about":[{"href":"https:\/\/www.ghostysky.com\/fr\/wp-json\/wp\/v2\/types\/product"}],"replies":[{"embeddable":true,"href":"https:\/\/www.ghostysky.com\/fr\/wp-json\/wp\/v2\/comments?post=24073"}],"wp:featuredmedia":[{"embeddable":true,"href":"https:\/\/www.ghostysky.com\/fr\/wp-json\/wp\/v2\/media\/24079"}],"wp:attachment":[{"href":"https:\/\/www.ghostysky.com\/fr\/wp-json\/wp\/v2\/media?parent=24073"}],"wp:term":[{"taxonomy":"product_brand","embeddable":true,"href":"https:\/\/www.ghostysky.com\/fr\/wp-json\/wp\/v2\/product_brand?post=24073"},{"taxonomy":"product_cat","embeddable":true,"href":"https:\/\/www.ghostysky.com\/fr\/wp-json\/wp\/v2\/product_cat?post=24073"},{"taxonomy":"product_tag","embeddable":true,"href":"https:\/\/www.ghostysky.com\/fr\/wp-json\/wp\/v2\/product_tag?post=24073"}],"curies":[{"name":"wp","href":"https:\/\/api.w.org\/{rel}","templated":true}]}}